{"id":845,"date":"2022-06-16T13:46:44","date_gmt":"2022-06-16T11:46:44","guid":{"rendered":"https:\/\/kalmarslott.se\/?page_id=845"},"modified":"2026-01-12T15:22:16","modified_gmt":"2026-01-12T13:22:16","slug":"arskort","status":"publish","type":"page","link":"https:\/\/kalmarslott.se\/en\/infor-besoket\/entrepriser\/arskort\/","title":{"rendered":"\u00c5rskort"},"content":{"rendered":"<h2>K\u00f6p ett \u00e5rskort och f\u00e5 fri entr\u00e9 till slottet under ett helt \u00e5r!<\/h2>\n<p>Med ett \u00e5rskort till Kalmar Slott kan du uppleva sp\u00e4nnande utst\u00e4llningar, guideturer med olika teman, barn\u00e4ventyr och massor av andra aktiviteter \u00e5ret runt. \u00c5rskortet ger dig fri entr\u00e9 till slottet under ett \u00e5rs tid och en anledning att komma tillbaka precis s\u00e5 ofta du vill. Detta g\u00e4ller \u00e4ven f\u00f6r sommarens stora \u00e4ventyr; Barnens Slott. \u00c5rskortet \u00e4r dessutom en perfekt present f\u00f6r alla \u00e5ldrar!<\/p>\n<h2>Pris<\/h2>\n<table class=\"table-prices\">\n<tbody>\n<tr>\n<td>Vuxen<\/td>\n<td>450 kr<\/td>\n<\/tr>\n<tr>\n<td>Pension\u00e4r\/student<\/td>\n<td>350 kr<\/td>\n<\/tr>\n<tr>\n<td>Barn\/ungdom under 20 \u00e5r<\/td>\n<td>300 kr<\/td>\n<\/tr>\n<\/tbody>\n<\/table>\n<h2>Information<\/h2>\n<ul>\n<li>\u00c5rskortet ger fri entr\u00e9 till Kalmar Slott under ett \u00e5r fr\u00e5n och med ink\u00f6psdatum.<\/li>\n<li>Kortet \u00e4r personligt.<\/li>\n<li>Kortet g\u00e4ller ej vid evenemang av extern arrang\u00f6r eller d\u00e5 biljettbokning beh\u00f6vs.<\/li>\n<li>Du kan k\u00f6pa det i entr\u00e9n till slottet eller p\u00e5 Kalmar Turistcenter.<\/li>\n<\/ul>\n<p>&nbsp;<\/p>\n<p><img loading=\"lazy\" decoding=\"async\" class=\"alignnone wp-image-10292 size-full\" src=\"https:\/\/kalmarslott.se\/wp-content\/uploads\/2024\/12\/bildslottmuseum2025.jpg\" alt=\"\" width=\"1016\" height=\"638\" srcset=\"https:\/\/kalmarslott.se\/wp-content\/uploads\/2024\/12\/bildslottmuseum2025.jpg 1016w, https:\/\/kalmarslott.se\/wp-content\/uploads\/2024\/12\/bildslottmuseum2025-300x188.jpg 300w, https:\/\/kalmarslott.se\/wp-content\/uploads\/2024\/12\/bildslottmuseum2025-768x482.jpg 768w\" sizes=\"auto, (max-width: 1016px) 100vw, 1016px\" \/><\/p>\n<h2>Ett \u00e5rskort &#8211; tv\u00e5 historiska p\u00e4rlor<\/h2>\n<p><a href=\"https:\/\/kalmarlansmuseum.se\/\">Kalmar l\u00e4ns museum<\/a> och Kalmar Slott har ett gemensamt \u00e5rskort som ger dig fri entr\u00e9 till b\u00e5da bes\u00f6ksm\u00e5len under ett helt \u00e5r.<\/p>\n<p>Oavsett s\u00e4song kan du uppleva sp\u00e4nnande utst\u00e4llningar, inspirerande guidade visningar och familjev\u00e4nliga aktiviteter p\u00e5 tv\u00e5 av Kalmars st\u00f6rsta bes\u00f6ksm\u00e5l.<\/p>\n<ul>\n<li>P\u00e5 Kalmar l\u00e4ns museum kan du uppt\u00e4cka &#8220;Regalskeppet Kronan&#8221;, med en ny del som visar en ansiktsrekonstruktion av en bes\u00e4ttningsman. Missa inte heller&#8221;Borgarnas \u00f6&#8221; som \u00e4r en utst\u00e4llningsserie som tar dig rakt in i j\u00e4rn\u00e5lderns dramatiska och sp\u00e4nnande v\u00e4rld med fokus p\u00e5 de g\u00e5tfulla fornborgarna.<\/li>\n<li>Kalmar Slott erbjuder fina permanenta utst\u00e4llningar och unika s\u00e4songsutst\u00e4llningar, som den h\u00e4ftiga utst\u00e4llningen &#8220;<a href=\"https:\/\/kalmarslott.se\/utstallningar\/modern-guru-and-the-path-to-artificial-happiness\/\">Modern guru and the path to artificiell happiness<\/a>&#8220;, som p\u00e5g\u00e5r mellan 26 mars-1 november 2026.<\/li>\n<\/ul>\n<h3>Guidad inspiration p\u00e5 tv\u00e5 historiska platser<\/h3>\n<p>F\u00f6rdjupa din upplevelse med guidade visningar som ing\u00e5r p\u00e5 b\u00e5da bes\u00f6ksm\u00e5len. P\u00e5 Kalmar l\u00e4ns museum f\u00e5r du nya perspektiv p\u00e5 allt fr\u00e5n Kronans historia till j\u00e4rn\u00e5lderns vardagsliv, med guidade turer varje helg. P\u00e5 Kalmar Slott erbjuds dagliga guidade turer, och under sommaren kan du v\u00e4lja bland hela 28 visningar per dag. Det \u00e4r ett perfekt s\u00e4tt att l\u00e5ta historien v\u00e4ckas till liv f\u00f6r b\u00e5de stora och sm\u00e5.<\/p>\n<h2>Pris<\/h2>\n<table class=\"table-prices\">\n<tbody>\n<tr>\n<td>Vuxen<\/td>\n<td>750 kr<\/td>\n<\/tr>\n<tr>\n<td>Pension\u00e4r\/student<\/td>\n<td>650 kr<\/td>\n<\/tr>\n<\/tbody>\n<\/table>\n<h2>Information<\/h2>\n<ul>\n<li>\u00c5rskortet ger fri entr\u00e9 till Kalmar Slott samt till Kalmar l\u00e4ns museum under ett \u00e5r fr\u00e5n och med ink\u00f6psdatum.<\/li>\n<li>Barn under 19 \u00e5r har fri entr\u00e9 p\u00e5 Kalmar l\u00e4ns museum.<\/li>\n<li>Kortet \u00e4r personligt.<\/li>\n<li>Kortet g\u00e4ller ej vid evenemang av extern arrang\u00f6r eller d\u00e5 biljettbokning beh\u00f6vs.<\/li>\n<li>Du kan k\u00f6pa kortet i entr\u00e9n till slottet, p\u00e5 Kalmar l\u00e4ns museum samt p\u00e5 Kalmar Turistcenter.<\/li>\n<\/ul>\n","protected":false},"excerpt":{"rendered":"<p>K\u00f6p ett \u00e5rskort och f\u00e5 fri entr\u00e9 till slottet under ett helt \u00e5r! Med ett \u00e5rskort till Kalmar Slott kan du uppleva sp\u00e4nnande utst\u00e4llningar, guideturer med olika teman, barn\u00e4ventyr och massor av andra aktiviteter \u00e5ret runt. \u00c5rskortet ger dig fri entr\u00e9 till slottet under ett \u00e5rs tid och en anledning att komma tillbaka precis s\u00e5 [&hellip;]<\/p>\n","protected":false},"author":2,"featured_media":734,"parent":437,"menu_order":0,"comment_status":"closed","ping_status":"closed","template":"","meta":{"_acf_changed":false,"footnotes":""},"class_list":["post-845","page","type-page","status-publish","has-post-thumbnail","hentry"],"acf":[],"yoast_head":"<!-- This site is optimized with the Yoast SEO plugin v27.3 - https:\/\/yoast.com\/product\/yoast-seo-wordpress\/ -->\n<title>\u00c5rskort - Kalmar Slott<\/title>\n<meta name=\"robots\" content=\"index, follow, max-snippet:-1, max-image-preview:large, max-video-preview:-1\" \/>\n<link rel=\"canonical\" href=\"https:\/\/kalmarslott.se\/en\/infor-besoket\/entrepriser\/arskort\/\" \/>\n<meta property=\"og:locale\" content=\"en_US\" \/>\n<meta property=\"og:type\" content=\"article\" \/>\n<meta property=\"og:title\" content=\"\u00c5rskort - Kalmar Slott\" \/>\n<meta property=\"og:description\" content=\"K\u00f6p ett \u00e5rskort och f\u00e5 fri entr\u00e9 till slottet under ett helt \u00e5r! Med ett \u00e5rskort till Kalmar Slott kan du uppleva sp\u00e4nnande utst\u00e4llningar, guideturer med olika teman, barn\u00e4ventyr och massor av andra aktiviteter \u00e5ret runt. \u00c5rskortet ger dig fri entr\u00e9 till slottet under ett \u00e5rs tid och en anledning att komma tillbaka precis s\u00e5 [&hellip;]\" \/>\n<meta property=\"og:url\" content=\"https:\/\/kalmarslott.se\/en\/infor-besoket\/entrepriser\/arskort\/\" \/>\n<meta property=\"og:site_name\" content=\"Kalmar Slott\" \/>\n<meta property=\"article:modified_time\" content=\"2026-01-12T13:22:16+00:00\" \/>\n<meta property=\"og:image\" content=\"https:\/\/kalmarslott.se\/wp-content\/uploads\/2022\/06\/arskort.jpg\" \/>\n\t<meta property=\"og:image:width\" content=\"1500\" \/>\n\t<meta property=\"og:image:height\" content=\"1000\" \/>\n\t<meta property=\"og:image:type\" content=\"image\/jpeg\" \/>\n<meta name=\"twitter:card\" content=\"summary_large_image\" \/>\n<meta name=\"twitter:label1\" content=\"Est. reading time\" \/>\n\t<meta name=\"twitter:data1\" content=\"3 minutes\" \/>\n<script type=\"application\/ld+json\" class=\"yoast-schema-graph\">{\"@context\":\"https:\\\/\\\/schema.org\",\"@graph\":[{\"@type\":\"WebPage\",\"@id\":\"https:\\\/\\\/kalmarslott.se\\\/en\\\/infor-besoket\\\/entrepriser\\\/arskort\\\/\",\"url\":\"https:\\\/\\\/kalmarslott.se\\\/en\\\/infor-besoket\\\/entrepriser\\\/arskort\\\/\",\"name\":\"\u00c5rskort - Kalmar Slott\",\"isPartOf\":{\"@id\":\"https:\\\/\\\/kalmarslott.se\\\/en\\\/#website\"},\"primaryImageOfPage\":{\"@id\":\"https:\\\/\\\/kalmarslott.se\\\/en\\\/infor-besoket\\\/entrepriser\\\/arskort\\\/#primaryimage\"},\"image\":{\"@id\":\"https:\\\/\\\/kalmarslott.se\\\/en\\\/infor-besoket\\\/entrepriser\\\/arskort\\\/#primaryimage\"},\"thumbnailUrl\":\"https:\\\/\\\/kalmarslott.se\\\/wp-content\\\/uploads\\\/2022\\\/06\\\/arskort.jpg\",\"datePublished\":\"2022-06-16T11:46:44+00:00\",\"dateModified\":\"2026-01-12T13:22:16+00:00\",\"breadcrumb\":{\"@id\":\"https:\\\/\\\/kalmarslott.se\\\/en\\\/infor-besoket\\\/entrepriser\\\/arskort\\\/#breadcrumb\"},\"inLanguage\":\"en-US\",\"potentialAction\":[{\"@type\":\"ReadAction\",\"target\":[\"https:\\\/\\\/kalmarslott.se\\\/en\\\/infor-besoket\\\/entrepriser\\\/arskort\\\/\"]}]},{\"@type\":\"ImageObject\",\"inLanguage\":\"en-US\",\"@id\":\"https:\\\/\\\/kalmarslott.se\\\/en\\\/infor-besoket\\\/entrepriser\\\/arskort\\\/#primaryimage\",\"url\":\"https:\\\/\\\/kalmarslott.se\\\/wp-content\\\/uploads\\\/2022\\\/06\\\/arskort.jpg\",\"contentUrl\":\"https:\\\/\\\/kalmarslott.se\\\/wp-content\\\/uploads\\\/2022\\\/06\\\/arskort.jpg\",\"width\":1500,\"height\":1000,\"caption\":\"Kalmar Slott - \u00c5rskort\"},{\"@type\":\"BreadcrumbList\",\"@id\":\"https:\\\/\\\/kalmarslott.se\\\/en\\\/infor-besoket\\\/entrepriser\\\/arskort\\\/#breadcrumb\",\"itemListElement\":[{\"@type\":\"ListItem\",\"position\":1,\"name\":\"Hem\",\"item\":\"https:\\\/\\\/kalmarslott.se\\\/en\\\/\"},{\"@type\":\"ListItem\",\"position\":2,\"name\":\"Inf\u00f6r bes\u00f6ket\",\"item\":\"https:\\\/\\\/kalmarslott.se\\\/en\\\/infor-besoket\\\/\"},{\"@type\":\"ListItem\",\"position\":3,\"name\":\"Entr\u00e9priser\",\"item\":\"https:\\\/\\\/kalmarslott.se\\\/en\\\/infor-besoket\\\/entrepriser\\\/\"},{\"@type\":\"ListItem\",\"position\":4,\"name\":\"\u00c5rskort\"}]},{\"@type\":\"WebSite\",\"@id\":\"https:\\\/\\\/kalmarslott.se\\\/en\\\/#website\",\"url\":\"https:\\\/\\\/kalmarslott.se\\\/en\\\/\",\"name\":\"Kalmar Slott\",\"description\":\"Ett riktigt slott\",\"potentialAction\":[{\"@type\":\"SearchAction\",\"target\":{\"@type\":\"EntryPoint\",\"urlTemplate\":\"https:\\\/\\\/kalmarslott.se\\\/en\\\/?s={search_term_string}\"},\"query-input\":{\"@type\":\"PropertyValueSpecification\",\"valueRequired\":true,\"valueName\":\"search_term_string\"}}],\"inLanguage\":\"en-US\"}]}<\/script>\n<!-- \/ Yoast SEO plugin. -->","yoast_head_json":{"title":"\u00c5rskort - Kalmar Slott","robots":{"index":"index","follow":"follow","max-snippet":"max-snippet:-1","max-image-preview":"max-image-preview:large","max-video-preview":"max-video-preview:-1"},"canonical":"https:\/\/kalmarslott.se\/en\/infor-besoket\/entrepriser\/arskort\/","og_locale":"en_US","og_type":"article","og_title":"\u00c5rskort - Kalmar Slott","og_description":"K\u00f6p ett \u00e5rskort och f\u00e5 fri entr\u00e9 till slottet under ett helt \u00e5r! Med ett \u00e5rskort till Kalmar Slott kan du uppleva sp\u00e4nnande utst\u00e4llningar, guideturer med olika teman, barn\u00e4ventyr och massor av andra aktiviteter \u00e5ret runt. \u00c5rskortet ger dig fri entr\u00e9 till slottet under ett \u00e5rs tid och en anledning att komma tillbaka precis s\u00e5 [&hellip;]","og_url":"https:\/\/kalmarslott.se\/en\/infor-besoket\/entrepriser\/arskort\/","og_site_name":"Kalmar Slott","article_modified_time":"2026-01-12T13:22:16+00:00","og_image":[{"width":1500,"height":1000,"url":"https:\/\/kalmarslott.se\/wp-content\/uploads\/2022\/06\/arskort.jpg","type":"image\/jpeg"}],"twitter_card":"summary_large_image","twitter_misc":{"Est. reading time":"3 minutes"},"schema":{"@context":"https:\/\/schema.org","@graph":[{"@type":"WebPage","@id":"https:\/\/kalmarslott.se\/en\/infor-besoket\/entrepriser\/arskort\/","url":"https:\/\/kalmarslott.se\/en\/infor-besoket\/entrepriser\/arskort\/","name":"\u00c5rskort - Kalmar Slott","isPartOf":{"@id":"https:\/\/kalmarslott.se\/en\/#website"},"primaryImageOfPage":{"@id":"https:\/\/kalmarslott.se\/en\/infor-besoket\/entrepriser\/arskort\/#primaryimage"},"image":{"@id":"https:\/\/kalmarslott.se\/en\/infor-besoket\/entrepriser\/arskort\/#primaryimage"},"thumbnailUrl":"https:\/\/kalmarslott.se\/wp-content\/uploads\/2022\/06\/arskort.jpg","datePublished":"2022-06-16T11:46:44+00:00","dateModified":"2026-01-12T13:22:16+00:00","breadcrumb":{"@id":"https:\/\/kalmarslott.se\/en\/infor-besoket\/entrepriser\/arskort\/#breadcrumb"},"inLanguage":"en-US","potentialAction":[{"@type":"ReadAction","target":["https:\/\/kalmarslott.se\/en\/infor-besoket\/entrepriser\/arskort\/"]}]},{"@type":"ImageObject","inLanguage":"en-US","@id":"https:\/\/kalmarslott.se\/en\/infor-besoket\/entrepriser\/arskort\/#primaryimage","url":"https:\/\/kalmarslott.se\/wp-content\/uploads\/2022\/06\/arskort.jpg","contentUrl":"https:\/\/kalmarslott.se\/wp-content\/uploads\/2022\/06\/arskort.jpg","width":1500,"height":1000,"caption":"Kalmar Slott - \u00c5rskort"},{"@type":"BreadcrumbList","@id":"https:\/\/kalmarslott.se\/en\/infor-besoket\/entrepriser\/arskort\/#breadcrumb","itemListElement":[{"@type":"ListItem","position":1,"name":"Hem","item":"https:\/\/kalmarslott.se\/en\/"},{"@type":"ListItem","position":2,"name":"Inf\u00f6r bes\u00f6ket","item":"https:\/\/kalmarslott.se\/en\/infor-besoket\/"},{"@type":"ListItem","position":3,"name":"Entr\u00e9priser","item":"https:\/\/kalmarslott.se\/en\/infor-besoket\/entrepriser\/"},{"@type":"ListItem","position":4,"name":"\u00c5rskort"}]},{"@type":"WebSite","@id":"https:\/\/kalmarslott.se\/en\/#website","url":"https:\/\/kalmarslott.se\/en\/","name":"Kalmar Slott","description":"Ett riktigt slott","potentialAction":[{"@type":"SearchAction","target":{"@type":"EntryPoint","urlTemplate":"https:\/\/kalmarslott.se\/en\/?s={search_term_string}"},"query-input":{"@type":"PropertyValueSpecification","valueRequired":true,"valueName":"search_term_string"}}],"inLanguage":"en-US"}]}},"_links":{"self":[{"href":"https:\/\/kalmarslott.se\/en\/wp-json\/wp\/v2\/pages\/845","targetHints":{"allow":["GET"]}}],"collection":[{"href":"https:\/\/kalmarslott.se\/en\/wp-json\/wp\/v2\/pages"}],"about":[{"href":"https:\/\/kalmarslott.se\/en\/wp-json\/wp\/v2\/types\/page"}],"author":[{"embeddable":true,"href":"https:\/\/kalmarslott.se\/en\/wp-json\/wp\/v2\/users\/2"}],"replies":[{"embeddable":true,"href":"https:\/\/kalmarslott.se\/en\/wp-json\/wp\/v2\/comments?post=845"}],"version-history":[{"count":22,"href":"https:\/\/kalmarslott.se\/en\/wp-json\/wp\/v2\/pages\/845\/revisions"}],"predecessor-version":[{"id":13019,"href":"https:\/\/kalmarslott.se\/en\/wp-json\/wp\/v2\/pages\/845\/revisions\/13019"}],"up":[{"embeddable":true,"href":"https:\/\/kalmarslott.se\/en\/wp-json\/wp\/v2\/pages\/437"}],"wp:featuredmedia":[{"embeddable":true,"href":"https:\/\/kalmarslott.se\/en\/wp-json\/wp\/v2\/media\/734"}],"wp:attachment":[{"href":"https:\/\/kalmarslott.se\/en\/wp-json\/wp\/v2\/media?parent=845"}],"curies":[{"name":"wp","href":"https:\/\/api.w.org\/{rel}","templated":true}]}}