{"id":8171,"date":"2024-01-23T16:43:44","date_gmt":"2024-01-23T14:43:44","guid":{"rendered":"https:\/\/kalmarslott.se\/?page_id=8171"},"modified":"2025-12-16T14:23:12","modified_gmt":"2025-12-16T12:23:12","slug":"skapande-skola","status":"publish","type":"page","link":"https:\/\/kalmarslott.se\/en\/boka\/skola\/skapande-skola\/","title":{"rendered":"Skapande skola"},"content":{"rendered":"<h1>Kan n\u00e5got som inte har k\u00e4nslor skapa konst som v\u00e4cker k\u00e4nslor hos oss?<\/h1>\n<p>Skapande skola p\u00e5 Kalmar Slott med tema &#8220;MODERN GURU \u2013 and the path to artificial happiness&#8221; erbjuds september &#8211; oktober 2026.<\/p>\n<h2>Om utst\u00e4llningen<\/h2>\n<p>\u00c5r 2026 bjuder Kalmar Slott p\u00e5 n\u00e5got alldeles underbart och helt annorlunda. I konstutst\u00e4llningen <a href=\"https:\/\/kalmarslott.se\/utstallningar\/modern-guru-and-the-path-to-artificial-happiness\/\">Modern Guru \u2013 and the path to artificial happiness<\/a> f\u00e5r du uppleva en helt annan v\u00e4rld. Stora uppbl\u00e5sta figurer i varma och lysande f\u00e4rger omsluter dig som om du befann dig i barndomens bollhav eller som om du var Piff och Puff inuti i julgranen i Disneys julklassiker p\u00e5 julafton. Du kan f\u00e5 r\u00f6ra och k\u00e4nna p\u00e5 figurerna och g\u00e5 runt dem som du vill. I konstutst\u00e4llningen hittar du \u00e4ven sj\u00e4lva Gurun som \u00e4r en figur med fyra \u00f6gon och som interaktivt reagerar p\u00e5 om du fotograferar den eller s\u00f6ker \u00f6gonkontakt med den. N\u00e4r den k\u00e4nner av dessa reaktioner, s\u00e5 skriver den ut olika bevingade ord och fina meningar som bara \u00e4r till dig. Dessa texter kommer ut som l\u00e5nga textremsor och blir efterhand en del av sj\u00e4lva utst\u00e4llningen. Bakom de f\u00e4rggranna figurerna d\u00f6ljer sig en hel del teknik d\u00e4r konstn\u00e4ren vill unders\u00f6ka om det g\u00e5r att med hj\u00e4lp av ny teknik och AI hj\u00e4lpa m\u00e4nniskor till en b\u00e4ttre och lyckligare vardag.<br \/>\n<a href=\"https:\/\/www.eness.com\/temporary\/modern-guru-taiwan\">L\u00e4s mer och se film om utst\u00e4llningen.<\/a><\/p>\n<h2>Syfte<\/h2>\n<p><span class=\"TextRun SCXW113307632 BCX8\" lang=\"SV-SE\" xml:lang=\"SV-SE\" data-contrast=\"none\"><span class=\"NormalTextRun SCXW113307632 BCX8\" data-ccp-parastyle=\"Normal (Web)\">Syftet \u00e4r att reflektera \u00f6ver om AI kan skapa gl\u00e4dje och lycka f\u00f6r oss m\u00e4nniskor. Genom ett bes\u00f6k i konstutst\u00e4llningen Modern Guru \u2013 and the path to artificial happiness f\u00e5r eleven uppleva n\u00e5got unikt inom visuell kultur som kompletterar och vidgar synen p\u00e5 vad bild och konstn\u00e4rliga uttryck kan vara. Vi uppmanar till en reflektion \u00f6ver teknikens utveckling inom AI och vi vill ocks\u00e5 st\u00e4lla fr\u00e5gan om f\u00e4rg, form och ljus p\u00e5 ett artificiellt s\u00e4tt kan bidra till gl\u00e4dje. Och i s\u00e5 fall \u2013 kan det hj\u00e4lpa oss m\u00e4nniskor till mer lycka? <\/span><\/span><span class=\"EOP SCXW113307632 BCX8\" data-ccp-props=\"{&quot;134233117&quot;:false,&quot;134233118&quot;:false,&quot;201341983&quot;:0,&quot;335557856&quot;:16777215,&quot;335559738&quot;:165,&quot;335559739&quot;:0,&quot;335559740&quot;:240}\">\u00a0<\/span><\/p>\n<h3>Workshop<\/h3>\n<p>Vid ett bes\u00f6k i v\u00e5r konstutst\u00e4llning Modern Guru \u2013 and the path to artificial happiness kommer eleverna f\u00e5 en kortare introduktion om teknikutveckling och lyckoforskning och hur vi m\u00e4nniskor har sett p\u00e5 dessa \u00e4mnen genom historien. Vi tar avstamp i bland annat Micael Dahl\u00e9ns forskning om lycka och v\u00e4lbefinnande och kopplar den till teknik, AI och konsten. Vi tar \u00e4ven upp orsaker till psykisk oh\u00e4lsa som tyv\u00e4rr blir allt mer vanligt och unders\u00f6ker om man med hj\u00e4lp av enkla knep kan p\u00e5verka hj\u00e4rnan i en annan riktning genom f\u00e4rg, form och konst. H\u00e4r utlovas en hel del skratt och igenk\u00e4nning och kanske f\u00e5r du tips p\u00e5 hur du sj\u00e4lv kan jobba med ditt eget v\u00e4lm\u00e5ende.<\/p>\n<p>Eleverna kommer i grupper att p\u00e5 ett lekfullt s\u00e4tt f\u00e5 jobba med olika positiva k\u00e4nslor och gemensamt gestalta dessa med hj\u00e4lp av bl.a. f\u00e4rg, papper, lim etc. T.ex. vilken f\u00e4rg eller form har gl\u00e4dje? Sedan j\u00e4mf\u00f6r vi v\u00e5ra m\u00e4nskliga alster med AI-genererad verk byggd p\u00e5 samma instruktioner. Vad \u00e4r likt vad \u00e4r olikt? \u00c4r AI ett verktyg eller en konkurrent?<\/p>\n<p>Sj\u00e4lvreflektion \u00e4r en sp\u00e4nnande del i workshopens kreativa skapande. Att sj\u00e4lv f\u00f6rst\u00e5 sina k\u00e4nslor och kunna uttrycka dem kreativt g\u00f6r att man blir sj\u00e4lvmedveten vilket p\u00e5verkar de val vi g\u00f6r i livet. Vi diskuterar sedan ihop i gruppen vad vi har skapat tillsammans.<\/p>\n<h3>Ekonomi och tids\u00e5tg\u00e5ng<\/h3>\n<p>Vi tar emot klasser under h\u00f6stterminen, 8 september &#8211; 24 oktober 2025<\/p>\n<p>Vi tar emot en klass i taget (max 30 elever) och kostnaden \u00e4r 4 400 kr per workshop. Vi kommer sammanlagt att arbeta med eleverna under 2 timmar. Under workshopen \u00e4r vi tv\u00e5 personer som arbetar med eleverna. Konceptet \u00e4r framtaget av slottets personal d\u00e4r professioner inom dramaturgi, kostymering och historia finns. Schema l\u00e4ggs av slottets personal i samr\u00e5d med bokaren.<\/p>\n<p><strong>M\u00e5lgrupp:<\/strong> \u00c5rskurs 4\u20136 och 7\u20139<br \/>\n<strong>Max antal elever:<\/strong> 30<br \/>\n<strong>Pris:<\/strong> 4 400 kr\/workshop<br \/>\n<strong>Tids\u00e5tg\u00e5ng:<\/strong> 2 timmar<br \/>\n<strong>Bokningsbar:<\/strong> 7 september &#8211; 23 oktober 2026<\/p>\n<p>Under workshopen \u00e4r vi tv\u00e5 personer som arbetar med eleverna. Schema l\u00e4ggs av slottets personal i samr\u00e5d med bokaren.<br \/>\nKonceptet \u00e4r framtaget av slottets personal d\u00e4r professioner inom dramaturgi, kostymering, arkeologi och historia finns.<\/p>\n<h2>Kontaktuppgifter<\/h2>\n<p>Kontakta oss f\u00f6r mer information och bokning.<\/p>\n<p><strong>Anne Haugaard<\/strong><br \/>\n<strong>e-post:<\/strong> <a href=\"mailto:anne.haugaard@kalmar.com\">anne.haugaard@kalmar.com<\/a><br \/>\n<strong>telefon:<\/strong> 010-35 70 542<\/p>\n<p>&nbsp;<\/p>\n","protected":false},"excerpt":{"rendered":"<p>Kan n\u00e5got som inte har k\u00e4nslor skapa konst som v\u00e4cker k\u00e4nslor hos oss? Skapande skola p\u00e5 Kalmar Slott med tema &#8220;MODERN GURU \u2013 and the path to artificial happiness&#8221; erbjuds september &#8211; oktober 2026. Om utst\u00e4llningen \u00c5r 2026 bjuder Kalmar Slott p\u00e5 n\u00e5got alldeles underbart och helt annorlunda. I konstutst\u00e4llningen Modern Guru \u2013 and the [&hellip;]<\/p>\n","protected":false},"author":5,"featured_media":12772,"parent":1214,"menu_order":0,"comment_status":"closed","ping_status":"closed","template":"","meta":{"_acf_changed":false,"footnotes":""},"class_list":["post-8171","page","type-page","status-publish","has-post-thumbnail","hentry"],"acf":[],"yoast_head":"<!-- This site is optimized with the Yoast SEO plugin v27.3 - https:\/\/yoast.com\/product\/yoast-seo-wordpress\/ -->\n<title>Skapande skola - Kalmar Slott<\/title>\n<meta name=\"robots\" content=\"index, follow, max-snippet:-1, max-image-preview:large, max-video-preview:-1\" \/>\n<link rel=\"canonical\" href=\"https:\/\/kalmarslott.se\/en\/boka\/skola\/skapande-skola\/\" \/>\n<meta property=\"og:locale\" content=\"en_US\" \/>\n<meta property=\"og:type\" content=\"article\" \/>\n<meta property=\"og:title\" content=\"Skapande skola - Kalmar Slott\" \/>\n<meta property=\"og:description\" content=\"Kan n\u00e5got som inte har k\u00e4nslor skapa konst som v\u00e4cker k\u00e4nslor hos oss? Skapande skola p\u00e5 Kalmar Slott med tema &#8220;MODERN GURU \u2013 and the path to artificial happiness&#8221; erbjuds september &#8211; oktober 2026. Om utst\u00e4llningen \u00c5r 2026 bjuder Kalmar Slott p\u00e5 n\u00e5got alldeles underbart och helt annorlunda. I konstutst\u00e4llningen Modern Guru \u2013 and the [&hellip;]\" \/>\n<meta property=\"og:url\" content=\"https:\/\/kalmarslott.se\/en\/boka\/skola\/skapande-skola\/\" \/>\n<meta property=\"og:site_name\" content=\"Kalmar Slott\" \/>\n<meta property=\"article:modified_time\" content=\"2025-12-16T12:23:12+00:00\" \/>\n<meta property=\"og:image\" content=\"https:\/\/kalmarslott.se\/wp-content\/uploads\/2025\/11\/eness-modern-guru-estlitedsc1268-scaled.jpg\" \/>\n\t<meta property=\"og:image:width\" content=\"2560\" \/>\n\t<meta property=\"og:image:height\" content=\"1707\" \/>\n\t<meta property=\"og:image:type\" content=\"image\/jpeg\" \/>\n<meta name=\"twitter:card\" content=\"summary_large_image\" \/>\n<meta name=\"twitter:label1\" content=\"Est. reading time\" \/>\n\t<meta name=\"twitter:data1\" content=\"4 minutes\" \/>\n<script type=\"application\/ld+json\" class=\"yoast-schema-graph\">{\"@context\":\"https:\\\/\\\/schema.org\",\"@graph\":[{\"@type\":\"WebPage\",\"@id\":\"https:\\\/\\\/kalmarslott.se\\\/en\\\/boka\\\/skola\\\/skapande-skola\\\/\",\"url\":\"https:\\\/\\\/kalmarslott.se\\\/en\\\/boka\\\/skola\\\/skapande-skola\\\/\",\"name\":\"Skapande skola - Kalmar Slott\",\"isPartOf\":{\"@id\":\"https:\\\/\\\/kalmarslott.se\\\/en\\\/#website\"},\"primaryImageOfPage\":{\"@id\":\"https:\\\/\\\/kalmarslott.se\\\/en\\\/boka\\\/skola\\\/skapande-skola\\\/#primaryimage\"},\"image\":{\"@id\":\"https:\\\/\\\/kalmarslott.se\\\/en\\\/boka\\\/skola\\\/skapande-skola\\\/#primaryimage\"},\"thumbnailUrl\":\"https:\\\/\\\/kalmarslott.se\\\/wp-content\\\/uploads\\\/2025\\\/11\\\/eness-modern-guru-estlitedsc1268-scaled.jpg\",\"datePublished\":\"2024-01-23T14:43:44+00:00\",\"dateModified\":\"2025-12-16T12:23:12+00:00\",\"breadcrumb\":{\"@id\":\"https:\\\/\\\/kalmarslott.se\\\/en\\\/boka\\\/skola\\\/skapande-skola\\\/#breadcrumb\"},\"inLanguage\":\"en-US\",\"potentialAction\":[{\"@type\":\"ReadAction\",\"target\":[\"https:\\\/\\\/kalmarslott.se\\\/en\\\/boka\\\/skola\\\/skapande-skola\\\/\"]}]},{\"@type\":\"ImageObject\",\"inLanguage\":\"en-US\",\"@id\":\"https:\\\/\\\/kalmarslott.se\\\/en\\\/boka\\\/skola\\\/skapande-skola\\\/#primaryimage\",\"url\":\"https:\\\/\\\/kalmarslott.se\\\/wp-content\\\/uploads\\\/2025\\\/11\\\/eness-modern-guru-estlitedsc1268-scaled.jpg\",\"contentUrl\":\"https:\\\/\\\/kalmarslott.se\\\/wp-content\\\/uploads\\\/2025\\\/11\\\/eness-modern-guru-estlitedsc1268-scaled.jpg\",\"width\":2560,\"height\":1707,\"caption\":\"Person lutar sig mot mjuka f\u00e4rgglada stenar med \u00f6gon\"},{\"@type\":\"BreadcrumbList\",\"@id\":\"https:\\\/\\\/kalmarslott.se\\\/en\\\/boka\\\/skola\\\/skapande-skola\\\/#breadcrumb\",\"itemListElement\":[{\"@type\":\"ListItem\",\"position\":1,\"name\":\"Hem\",\"item\":\"https:\\\/\\\/kalmarslott.se\\\/en\\\/\"},{\"@type\":\"ListItem\",\"position\":2,\"name\":\"Boka\",\"item\":\"https:\\\/\\\/kalmarslott.se\\\/en\\\/boka\\\/\"},{\"@type\":\"ListItem\",\"position\":3,\"name\":\"Skola\",\"item\":\"https:\\\/\\\/kalmarslott.se\\\/en\\\/boka\\\/skola\\\/\"},{\"@type\":\"ListItem\",\"position\":4,\"name\":\"Skapande skola\"}]},{\"@type\":\"WebSite\",\"@id\":\"https:\\\/\\\/kalmarslott.se\\\/en\\\/#website\",\"url\":\"https:\\\/\\\/kalmarslott.se\\\/en\\\/\",\"name\":\"Kalmar Slott\",\"description\":\"Ett riktigt slott\",\"potentialAction\":[{\"@type\":\"SearchAction\",\"target\":{\"@type\":\"EntryPoint\",\"urlTemplate\":\"https:\\\/\\\/kalmarslott.se\\\/en\\\/?s={search_term_string}\"},\"query-input\":{\"@type\":\"PropertyValueSpecification\",\"valueRequired\":true,\"valueName\":\"search_term_string\"}}],\"inLanguage\":\"en-US\"}]}<\/script>\n<!-- \/ Yoast SEO plugin. -->","yoast_head_json":{"title":"Skapande skola - Kalmar Slott","robots":{"index":"index","follow":"follow","max-snippet":"max-snippet:-1","max-image-preview":"max-image-preview:large","max-video-preview":"max-video-preview:-1"},"canonical":"https:\/\/kalmarslott.se\/en\/boka\/skola\/skapande-skola\/","og_locale":"en_US","og_type":"article","og_title":"Skapande skola - Kalmar Slott","og_description":"Kan n\u00e5got som inte har k\u00e4nslor skapa konst som v\u00e4cker k\u00e4nslor hos oss? Skapande skola p\u00e5 Kalmar Slott med tema &#8220;MODERN GURU \u2013 and the path to artificial happiness&#8221; erbjuds september &#8211; oktober 2026. Om utst\u00e4llningen \u00c5r 2026 bjuder Kalmar Slott p\u00e5 n\u00e5got alldeles underbart och helt annorlunda. I konstutst\u00e4llningen Modern Guru \u2013 and the [&hellip;]","og_url":"https:\/\/kalmarslott.se\/en\/boka\/skola\/skapande-skola\/","og_site_name":"Kalmar Slott","article_modified_time":"2025-12-16T12:23:12+00:00","og_image":[{"width":2560,"height":1707,"url":"https:\/\/kalmarslott.se\/wp-content\/uploads\/2025\/11\/eness-modern-guru-estlitedsc1268-scaled.jpg","type":"image\/jpeg"}],"twitter_card":"summary_large_image","twitter_misc":{"Est. reading time":"4 minutes"},"schema":{"@context":"https:\/\/schema.org","@graph":[{"@type":"WebPage","@id":"https:\/\/kalmarslott.se\/en\/boka\/skola\/skapande-skola\/","url":"https:\/\/kalmarslott.se\/en\/boka\/skola\/skapande-skola\/","name":"Skapande skola - Kalmar Slott","isPartOf":{"@id":"https:\/\/kalmarslott.se\/en\/#website"},"primaryImageOfPage":{"@id":"https:\/\/kalmarslott.se\/en\/boka\/skola\/skapande-skola\/#primaryimage"},"image":{"@id":"https:\/\/kalmarslott.se\/en\/boka\/skola\/skapande-skola\/#primaryimage"},"thumbnailUrl":"https:\/\/kalmarslott.se\/wp-content\/uploads\/2025\/11\/eness-modern-guru-estlitedsc1268-scaled.jpg","datePublished":"2024-01-23T14:43:44+00:00","dateModified":"2025-12-16T12:23:12+00:00","breadcrumb":{"@id":"https:\/\/kalmarslott.se\/en\/boka\/skola\/skapande-skola\/#breadcrumb"},"inLanguage":"en-US","potentialAction":[{"@type":"ReadAction","target":["https:\/\/kalmarslott.se\/en\/boka\/skola\/skapande-skola\/"]}]},{"@type":"ImageObject","inLanguage":"en-US","@id":"https:\/\/kalmarslott.se\/en\/boka\/skola\/skapande-skola\/#primaryimage","url":"https:\/\/kalmarslott.se\/wp-content\/uploads\/2025\/11\/eness-modern-guru-estlitedsc1268-scaled.jpg","contentUrl":"https:\/\/kalmarslott.se\/wp-content\/uploads\/2025\/11\/eness-modern-guru-estlitedsc1268-scaled.jpg","width":2560,"height":1707,"caption":"Person lutar sig mot mjuka f\u00e4rgglada stenar med \u00f6gon"},{"@type":"BreadcrumbList","@id":"https:\/\/kalmarslott.se\/en\/boka\/skola\/skapande-skola\/#breadcrumb","itemListElement":[{"@type":"ListItem","position":1,"name":"Hem","item":"https:\/\/kalmarslott.se\/en\/"},{"@type":"ListItem","position":2,"name":"Boka","item":"https:\/\/kalmarslott.se\/en\/boka\/"},{"@type":"ListItem","position":3,"name":"Skola","item":"https:\/\/kalmarslott.se\/en\/boka\/skola\/"},{"@type":"ListItem","position":4,"name":"Skapande skola"}]},{"@type":"WebSite","@id":"https:\/\/kalmarslott.se\/en\/#website","url":"https:\/\/kalmarslott.se\/en\/","name":"Kalmar Slott","description":"Ett riktigt slott","potentialAction":[{"@type":"SearchAction","target":{"@type":"EntryPoint","urlTemplate":"https:\/\/kalmarslott.se\/en\/?s={search_term_string}"},"query-input":{"@type":"PropertyValueSpecification","valueRequired":true,"valueName":"search_term_string"}}],"inLanguage":"en-US"}]}},"_links":{"self":[{"href":"https:\/\/kalmarslott.se\/en\/wp-json\/wp\/v2\/pages\/8171","targetHints":{"allow":["GET"]}}],"collection":[{"href":"https:\/\/kalmarslott.se\/en\/wp-json\/wp\/v2\/pages"}],"about":[{"href":"https:\/\/kalmarslott.se\/en\/wp-json\/wp\/v2\/types\/page"}],"author":[{"embeddable":true,"href":"https:\/\/kalmarslott.se\/en\/wp-json\/wp\/v2\/users\/5"}],"replies":[{"embeddable":true,"href":"https:\/\/kalmarslott.se\/en\/wp-json\/wp\/v2\/comments?post=8171"}],"version-history":[{"count":12,"href":"https:\/\/kalmarslott.se\/en\/wp-json\/wp\/v2\/pages\/8171\/revisions"}],"predecessor-version":[{"id":12873,"href":"https:\/\/kalmarslott.se\/en\/wp-json\/wp\/v2\/pages\/8171\/revisions\/12873"}],"up":[{"embeddable":true,"href":"https:\/\/kalmarslott.se\/en\/wp-json\/wp\/v2\/pages\/1214"}],"wp:featuredmedia":[{"embeddable":true,"href":"https:\/\/kalmarslott.se\/en\/wp-json\/wp\/v2\/media\/12772"}],"wp:attachment":[{"href":"https:\/\/kalmarslott.se\/en\/wp-json\/wp\/v2\/media?parent=8171"}],"curies":[{"name":"wp","href":"https:\/\/api.w.org\/{rel}","templated":true}]}}