{"id":7854,"date":"2023-12-05T13:00:51","date_gmt":"2023-12-05T11:00:51","guid":{"rendered":"https:\/\/kalmarslott.se\/?page_id=7854"},"modified":"2025-12-03T14:05:41","modified_gmt":"2025-12-03T12:05:41","slug":"jullov","status":"publish","type":"page","link":"https:\/\/kalmarslott.se\/en\/jullov\/","title":{"rendered":"Barnens jul"},"content":{"rendered":"<h2><strong>V\u00e4lkommen till Kalmar Slott under december samt p\u00e5 jullovet!<\/strong><\/h2>\n<p>Under hela december och under jullovet erbjuder vi m\u00e5nga roliga aktiviteter p\u00e5 slottet. F\u00f6lj med p\u00e5 en guidad tur i fotsp\u00e5ren av hustomtarna av \u00e4tten Gyllenluva, eller starta jullovet med en lyktvandring inne p\u00e5 slottet.<\/p>\n<p>Vill barnen utforska slottet p\u00e5 egen hand finns dagliga slottsaktiviteter som ing\u00e5r i entr\u00e9priset.<\/p>\n<h2>Guidade turer f\u00f6r barn<\/h2>\n<h3><strong>Gyllenluvas julbestyr<\/strong><\/h3>\n<p>Hj\u00e4lp slottets hustomtar, av \u00e4tten Gyllenluva, att f\u00e5 klart julens alla bestyr! Genom denna guidning f\u00e5r barnen l\u00e4ra sig mer om julens traditioner p\u00e5 ett lekfullt s\u00e4tt. F\u00f6r b\u00e4sta upplevelse b\u00f6r inte Gyllenluvas Julg\u00e5ta g\u00f6ras innan den guidade turen. D\u00e4remot kan ni g\u00f6ra Julg\u00e5tan vid ett senare tillf\u00e4lle.<\/p>\n<p>L\u00e4r mer om den guidade turen under <a href=\"https:\/\/kalmarslott.se\/guidningar\/gyllenluvas-julbestyr\/\">Guidningar<\/a>.<\/p>\n<p><strong>Datum: <\/strong>13, 20 och 26 december kl. 14.00<\/p>\n<p>Ing\u00e5r i entr\u00e9priset. Ingen f\u00f6rbokning kr\u00e4vs.<br \/>\n<em>Passar barn ca 5-8 \u00e5r.<\/em><\/p>\n<h3><strong>Lyktvandring &#8211; Gyllenluvas julbestyr<\/strong><\/h3>\n<p>Hur upplevdes slottet f\u00f6rr i tiden, innan de elektriska lampornas tid? Kom och uppt\u00e4ck det p\u00e5 \u00c5rets m\u00f6rkaste dag genom lyktvandringen Gyllenluvas julbestyr f\u00f6r barn. Denna guidade tur utg\u00e5r fr\u00e5n vandringen ovan &#8211; men sker i ett nedsl\u00e4ckt slott. Det blir en mysig och sp\u00e4nnande start p\u00e5 jullovet!<\/p>\n<p>L\u00e4r mer och boka biljett under <a href=\"https:\/\/kalmarslott.se\/evenemang\/lyktvandring-gyllenluvas-julbestyr\/\">Evenemang<\/a>.<\/p>\n<p><strong>Datum:<\/strong> 19 december, kl. 16.00<\/p>\n<h2><strong>Alla dagar<\/strong><\/h2>\n<p>Varje dag under slottets \u00f6ppettider finns aktiviteter f\u00f6r barn med spring i benen! Aktiviteterna ing\u00e5r i entr\u00e9priset, d\u00e4r \u00e4ven \u00e5rskort g\u00e4ller.<\/p>\n<p><strong>Gyllenluvas julg\u00e5ta<\/strong><\/p>\n<p>Barnaktivitet d\u00e4r vi f\u00e5r f\u00f6lja hustomtarna Gyllenluva genom slottets salar och skrymslen. H\u00e4r kr\u00e4vs ett skarpt \u00f6ga f\u00f6r att lista ut vilka siffror som till slut bildar en kod.<\/p>\n<p><em> Passar fr\u00e5n ca 5 \u00e5r.<\/em><\/p>\n<p><strong>Bildbingo<\/strong><br \/>\nDe yngre barnen kan g\u00e5 p\u00e5 Bildbingo. Vi har tv\u00e5 olika rundor \u2013 en p\u00e5 Paradv\u00e5ningen och en p\u00e5 St\u00e5th\u00e5llarv\u00e5ningen. Barnens utmaning \u00e4r att hitta f\u00f6rem\u00e5len i de olika salarna som bilderna p\u00e5 bildbingokortet visar.<\/p>\n<p><em>Passar fr\u00e5n 3 \u00e5r.<\/em><\/p>\n<p><strong>Petits \u00e4ventyr<\/strong><br \/>\nDen modiga slottsmusen Petit och sp\u00f6kkatten R\u00f6dben tar med barnen p\u00e5 ett sago\u00e4ventyr.\u00a0Sagan utspelar sig runt om p\u00e5 Kalmar Slott d\u00e4r barnen via audiostationer f\u00e5r f\u00f6lja med i ber\u00e4ttelsen. Varje station inneh\u00e5ller ocks\u00e5 en uppgift som barnen f\u00e5r l\u00f6sa.<\/p>\n<p><em> Passar fr\u00e5n 6 \u00e5r.<\/em><\/p>\n<h2>\u00d6ppettider<\/h2>\n<h3>11 december \u2013 21 december<\/h3>\n<table class=\"table-prices\">\n<tbody>\n<tr>\n<td>Torsdag \u2013 S\u00f6ndag<\/td>\n<td>11.00 \u2013 15.00<\/td>\n<\/tr>\n<\/tbody>\n<\/table>\n<h3>26 december \u2013 6 Januari 2026<\/h3>\n<table class=\"table-prices\">\n<tbody>\n<tr>\n<td>Dagligen<\/td>\n<td>11.00 \u2013 15.00<\/td>\n<\/tr>\n<tr>\n<td>Ny\u00e5rsdagen, 1 januari<\/td>\n<td>St\u00e4ngt<\/td>\n<\/tr>\n<\/tbody>\n<\/table>\n<p>&nbsp;<\/p>\n","protected":false},"excerpt":{"rendered":"<p>V\u00e4lkommen till Kalmar Slott under december samt p\u00e5 jullovet! Under hela december och under jullovet erbjuder vi m\u00e5nga roliga aktiviteter p\u00e5 slottet. F\u00f6lj med p\u00e5 en guidad tur i fotsp\u00e5ren av hustomtarna av \u00e4tten Gyllenluva, eller starta jullovet med en lyktvandring inne p\u00e5 slottet. Vill barnen utforska slottet p\u00e5 egen hand finns dagliga slottsaktiviteter som [&hellip;]<\/p>\n","protected":false},"author":1,"featured_media":5185,"parent":0,"menu_order":0,"comment_status":"closed","ping_status":"closed","template":"","meta":{"_acf_changed":false,"footnotes":""},"class_list":["post-7854","page","type-page","status-publish","has-post-thumbnail","hentry"],"acf":[],"yoast_head":"<!-- This site is optimized with the Yoast SEO plugin v27.5 - https:\/\/yoast.com\/product\/yoast-seo-wordpress\/ -->\n<title>Barnens jul - Kalmar Slott<\/title>\n<meta name=\"robots\" content=\"index, follow, max-snippet:-1, max-image-preview:large, max-video-preview:-1\" \/>\n<link rel=\"canonical\" href=\"https:\/\/kalmarslott.se\/en\/jullov\/\" \/>\n<meta property=\"og:locale\" content=\"en_US\" \/>\n<meta property=\"og:type\" content=\"article\" \/>\n<meta property=\"og:title\" content=\"Barnens jul - Kalmar Slott\" \/>\n<meta property=\"og:description\" content=\"V\u00e4lkommen till Kalmar Slott under december samt p\u00e5 jullovet! Under hela december och under jullovet erbjuder vi m\u00e5nga roliga aktiviteter p\u00e5 slottet. F\u00f6lj med p\u00e5 en guidad tur i fotsp\u00e5ren av hustomtarna av \u00e4tten Gyllenluva, eller starta jullovet med en lyktvandring inne p\u00e5 slottet. Vill barnen utforska slottet p\u00e5 egen hand finns dagliga slottsaktiviteter som [&hellip;]\" \/>\n<meta property=\"og:url\" content=\"https:\/\/kalmarslott.se\/en\/jullov\/\" \/>\n<meta property=\"og:site_name\" content=\"Kalmar Slott\" \/>\n<meta property=\"article:modified_time\" content=\"2025-12-03T12:05:41+00:00\" \/>\n<meta property=\"og:image\" content=\"https:\/\/kalmarslott.se\/wp-content\/uploads\/2022\/11\/dsc09792-scaled.jpg\" \/>\n\t<meta property=\"og:image:width\" content=\"2560\" \/>\n\t<meta property=\"og:image:height\" content=\"1708\" \/>\n\t<meta property=\"og:image:type\" content=\"image\/jpeg\" \/>\n<meta name=\"twitter:card\" content=\"summary_large_image\" \/>\n<meta name=\"twitter:label1\" content=\"Est. reading time\" \/>\n\t<meta name=\"twitter:data1\" content=\"3 minutes\" \/>\n<script type=\"application\/ld+json\" class=\"yoast-schema-graph\">{\"@context\":\"https:\\\/\\\/schema.org\",\"@graph\":[{\"@type\":\"WebPage\",\"@id\":\"https:\\\/\\\/kalmarslott.se\\\/en\\\/jullov\\\/\",\"url\":\"https:\\\/\\\/kalmarslott.se\\\/en\\\/jullov\\\/\",\"name\":\"Barnens jul - Kalmar Slott\",\"isPartOf\":{\"@id\":\"https:\\\/\\\/kalmarslott.se\\\/en\\\/#website\"},\"primaryImageOfPage\":{\"@id\":\"https:\\\/\\\/kalmarslott.se\\\/en\\\/jullov\\\/#primaryimage\"},\"image\":{\"@id\":\"https:\\\/\\\/kalmarslott.se\\\/en\\\/jullov\\\/#primaryimage\"},\"thumbnailUrl\":\"https:\\\/\\\/kalmarslott.se\\\/wp-content\\\/uploads\\\/2022\\\/11\\\/dsc09792-scaled.jpg\",\"datePublished\":\"2023-12-05T11:00:51+00:00\",\"dateModified\":\"2025-12-03T12:05:41+00:00\",\"breadcrumb\":{\"@id\":\"https:\\\/\\\/kalmarslott.se\\\/en\\\/jullov\\\/#breadcrumb\"},\"inLanguage\":\"en-US\",\"potentialAction\":[{\"@type\":\"ReadAction\",\"target\":[\"https:\\\/\\\/kalmarslott.se\\\/en\\\/jullov\\\/\"]}]},{\"@type\":\"ImageObject\",\"inLanguage\":\"en-US\",\"@id\":\"https:\\\/\\\/kalmarslott.se\\\/en\\\/jullov\\\/#primaryimage\",\"url\":\"https:\\\/\\\/kalmarslott.se\\\/wp-content\\\/uploads\\\/2022\\\/11\\\/dsc09792-scaled.jpg\",\"contentUrl\":\"https:\\\/\\\/kalmarslott.se\\\/wp-content\\\/uploads\\\/2022\\\/11\\\/dsc09792-scaled.jpg\",\"width\":2560,\"height\":1708,\"caption\":\"Julpyssel Kalmar Slott Barn\"},{\"@type\":\"BreadcrumbList\",\"@id\":\"https:\\\/\\\/kalmarslott.se\\\/en\\\/jullov\\\/#breadcrumb\",\"itemListElement\":[{\"@type\":\"ListItem\",\"position\":1,\"name\":\"Hem\",\"item\":\"https:\\\/\\\/kalmarslott.se\\\/en\\\/\"},{\"@type\":\"ListItem\",\"position\":2,\"name\":\"Barnens jul\"}]},{\"@type\":\"WebSite\",\"@id\":\"https:\\\/\\\/kalmarslott.se\\\/en\\\/#website\",\"url\":\"https:\\\/\\\/kalmarslott.se\\\/en\\\/\",\"name\":\"Kalmar Slott\",\"description\":\"Ett riktigt slott\",\"potentialAction\":[{\"@type\":\"SearchAction\",\"target\":{\"@type\":\"EntryPoint\",\"urlTemplate\":\"https:\\\/\\\/kalmarslott.se\\\/en\\\/?s={search_term_string}\"},\"query-input\":{\"@type\":\"PropertyValueSpecification\",\"valueRequired\":true,\"valueName\":\"search_term_string\"}}],\"inLanguage\":\"en-US\"}]}<\/script>\n<!-- \/ Yoast SEO plugin. -->","yoast_head_json":{"title":"Barnens jul - Kalmar Slott","robots":{"index":"index","follow":"follow","max-snippet":"max-snippet:-1","max-image-preview":"max-image-preview:large","max-video-preview":"max-video-preview:-1"},"canonical":"https:\/\/kalmarslott.se\/en\/jullov\/","og_locale":"en_US","og_type":"article","og_title":"Barnens jul - Kalmar Slott","og_description":"V\u00e4lkommen till Kalmar Slott under december samt p\u00e5 jullovet! Under hela december och under jullovet erbjuder vi m\u00e5nga roliga aktiviteter p\u00e5 slottet. F\u00f6lj med p\u00e5 en guidad tur i fotsp\u00e5ren av hustomtarna av \u00e4tten Gyllenluva, eller starta jullovet med en lyktvandring inne p\u00e5 slottet. Vill barnen utforska slottet p\u00e5 egen hand finns dagliga slottsaktiviteter som [&hellip;]","og_url":"https:\/\/kalmarslott.se\/en\/jullov\/","og_site_name":"Kalmar Slott","article_modified_time":"2025-12-03T12:05:41+00:00","og_image":[{"width":2560,"height":1708,"url":"https:\/\/kalmarslott.se\/wp-content\/uploads\/2022\/11\/dsc09792-scaled.jpg","type":"image\/jpeg"}],"twitter_card":"summary_large_image","twitter_misc":{"Est. reading time":"3 minutes"},"schema":{"@context":"https:\/\/schema.org","@graph":[{"@type":"WebPage","@id":"https:\/\/kalmarslott.se\/en\/jullov\/","url":"https:\/\/kalmarslott.se\/en\/jullov\/","name":"Barnens jul - Kalmar Slott","isPartOf":{"@id":"https:\/\/kalmarslott.se\/en\/#website"},"primaryImageOfPage":{"@id":"https:\/\/kalmarslott.se\/en\/jullov\/#primaryimage"},"image":{"@id":"https:\/\/kalmarslott.se\/en\/jullov\/#primaryimage"},"thumbnailUrl":"https:\/\/kalmarslott.se\/wp-content\/uploads\/2022\/11\/dsc09792-scaled.jpg","datePublished":"2023-12-05T11:00:51+00:00","dateModified":"2025-12-03T12:05:41+00:00","breadcrumb":{"@id":"https:\/\/kalmarslott.se\/en\/jullov\/#breadcrumb"},"inLanguage":"en-US","potentialAction":[{"@type":"ReadAction","target":["https:\/\/kalmarslott.se\/en\/jullov\/"]}]},{"@type":"ImageObject","inLanguage":"en-US","@id":"https:\/\/kalmarslott.se\/en\/jullov\/#primaryimage","url":"https:\/\/kalmarslott.se\/wp-content\/uploads\/2022\/11\/dsc09792-scaled.jpg","contentUrl":"https:\/\/kalmarslott.se\/wp-content\/uploads\/2022\/11\/dsc09792-scaled.jpg","width":2560,"height":1708,"caption":"Julpyssel Kalmar Slott Barn"},{"@type":"BreadcrumbList","@id":"https:\/\/kalmarslott.se\/en\/jullov\/#breadcrumb","itemListElement":[{"@type":"ListItem","position":1,"name":"Hem","item":"https:\/\/kalmarslott.se\/en\/"},{"@type":"ListItem","position":2,"name":"Barnens jul"}]},{"@type":"WebSite","@id":"https:\/\/kalmarslott.se\/en\/#website","url":"https:\/\/kalmarslott.se\/en\/","name":"Kalmar Slott","description":"Ett riktigt slott","potentialAction":[{"@type":"SearchAction","target":{"@type":"EntryPoint","urlTemplate":"https:\/\/kalmarslott.se\/en\/?s={search_term_string}"},"query-input":{"@type":"PropertyValueSpecification","valueRequired":true,"valueName":"search_term_string"}}],"inLanguage":"en-US"}]}},"_links":{"self":[{"href":"https:\/\/kalmarslott.se\/en\/wp-json\/wp\/v2\/pages\/7854","targetHints":{"allow":["GET"]}}],"collection":[{"href":"https:\/\/kalmarslott.se\/en\/wp-json\/wp\/v2\/pages"}],"about":[{"href":"https:\/\/kalmarslott.se\/en\/wp-json\/wp\/v2\/types\/page"}],"author":[{"embeddable":true,"href":"https:\/\/kalmarslott.se\/en\/wp-json\/wp\/v2\/users\/1"}],"replies":[{"embeddable":true,"href":"https:\/\/kalmarslott.se\/en\/wp-json\/wp\/v2\/comments?post=7854"}],"version-history":[{"count":14,"href":"https:\/\/kalmarslott.se\/en\/wp-json\/wp\/v2\/pages\/7854\/revisions"}],"predecessor-version":[{"id":12818,"href":"https:\/\/kalmarslott.se\/en\/wp-json\/wp\/v2\/pages\/7854\/revisions\/12818"}],"wp:featuredmedia":[{"embeddable":true,"href":"https:\/\/kalmarslott.se\/en\/wp-json\/wp\/v2\/media\/5185"}],"wp:attachment":[{"href":"https:\/\/kalmarslott.se\/en\/wp-json\/wp\/v2\/media?parent=7854"}],"curies":[{"name":"wp","href":"https:\/\/api.w.org\/{rel}","templated":true}]}}