{"id":7501,"date":"2023-10-11T08:35:51","date_gmt":"2023-10-11T06:35:51","guid":{"rendered":"https:\/\/kalmarslott.se\/?page_id=7501"},"modified":"2024-06-04T13:30:14","modified_gmt":"2024-06-04T11:30:14","slug":"boka-restaurangen","status":"publish","type":"page","link":"https:\/\/kalmarslott.se\/en\/boka-restaurangen\/","title":{"rendered":"Fest\/konferens\/middag"},"content":{"rendered":"<h1>L\u00e5t oss s\u00e4tta\u00a0guldkant p\u00e5 din n\u00e4sta middag<\/h1>\n<p>Oavsett om du dr\u00f6mmer om en bal p\u00e5 slottet eller vill ha historiskt gott kaffe p\u00e5 din konferens kan vi p\u00e5 Slottsrestaurangen hj\u00e4lpa till.<\/p>\n<p>Vi anpassar tider och inneh\u00e5ll efter era \u00f6nskem\u00e5l, n\u00e4r det g\u00e4ller:<\/p>\n<ul>\n<li><a href=\"https:\/\/kalmarslott.se\/besok-restaurang\/brollopsfest\/\">Br\u00f6llopsfest<\/a><\/li>\n<li><a href=\"https:\/\/kalmarslott.se\/besok-restaurang\/middag-fest\/\">Middag\/fest<\/a><\/li>\n<li><a href=\"https:\/\/kalmarslott.se\/besok-restaurang\/begravning-och-hogtider\/\">H\u00f6gtider<\/a><\/li>\n<li><a href=\"https:\/\/kalmarslott.se\/besok-restaurang\/konferens\/\">Konferens<\/a><\/li>\n<\/ul>\n<p>Du \u00e4r \u00e4ven v\u00e4lkommen att kontakt oss med din f\u00f6rfr\u00e5gan p\u00e5: <a href=\"mailto:slottsrestaurangen@postgatan.nu\">slottsrestaurangen@postgatan.nu<\/a><\/p>\n<p>F\u00f6r fr\u00e5gor om uppl\u00e4gg eller en offert utifr\u00e5n era konferensbehov, kontakta: 010-357 05 35 eller\u00a0<a href=\"mailto:caroline.sjoberg@kalmar.com\">caroline.sjoberg@kalmar.com<\/a><\/p>\n<p>&nbsp;<\/p>\n<p><img loading=\"lazy\" decoding=\"async\" class=\"alignleft wp-image-634 size-large\" src=\"https:\/\/kalmarslott.se\/wp-content\/uploads\/2022\/06\/restaurangmiddagdukatbord-1024x683.jpg\" alt=\"Restaurang middag Kalmar slott\" width=\"1024\" height=\"683\" srcset=\"https:\/\/kalmarslott.se\/wp-content\/uploads\/2022\/06\/restaurangmiddagdukatbord-1024x683.jpg 1024w, https:\/\/kalmarslott.se\/wp-content\/uploads\/2022\/06\/restaurangmiddagdukatbord-300x200.jpg 300w, https:\/\/kalmarslott.se\/wp-content\/uploads\/2022\/06\/restaurangmiddagdukatbord-768x512.jpg 768w, https:\/\/kalmarslott.se\/wp-content\/uploads\/2022\/06\/restaurangmiddagdukatbord-1536x1024.jpg 1536w, https:\/\/kalmarslott.se\/wp-content\/uploads\/2022\/06\/restaurangmiddagdukatbord-600x400.jpg 600w\" sizes=\"auto, (max-width: 1024px) 100vw, 1024px\" \/><\/p>\n","protected":false},"excerpt":{"rendered":"<p>L\u00e5t oss s\u00e4tta\u00a0guldkant p\u00e5 din n\u00e4sta middag Oavsett om du dr\u00f6mmer om en bal p\u00e5 slottet eller vill ha historiskt gott kaffe p\u00e5 din konferens kan vi p\u00e5 Slottsrestaurangen hj\u00e4lpa till. Vi anpassar tider och inneh\u00e5ll efter era \u00f6nskem\u00e5l, n\u00e4r det g\u00e4ller: Br\u00f6llopsfest Middag\/fest H\u00f6gtider Konferens Du \u00e4r \u00e4ven v\u00e4lkommen att kontakt oss med din [&hellip;]<\/p>\n","protected":false},"author":5,"featured_media":0,"parent":0,"menu_order":0,"comment_status":"closed","ping_status":"closed","template":"","meta":{"_acf_changed":false,"footnotes":""},"class_list":["post-7501","page","type-page","status-publish","hentry"],"acf":[],"yoast_head":"<!-- This site is optimized with the Yoast SEO plugin v27.3 - https:\/\/yoast.com\/product\/yoast-seo-wordpress\/ -->\n<title>Fest\/konferens\/middag - Kalmar Slott<\/title>\n<meta name=\"robots\" content=\"index, follow, max-snippet:-1, max-image-preview:large, max-video-preview:-1\" \/>\n<link rel=\"canonical\" href=\"https:\/\/kalmarslott.se\/en\/boka-restaurangen\/\" \/>\n<meta property=\"og:locale\" content=\"en_US\" \/>\n<meta property=\"og:type\" content=\"article\" \/>\n<meta property=\"og:title\" content=\"Fest\/konferens\/middag - Kalmar Slott\" \/>\n<meta property=\"og:description\" content=\"L\u00e5t oss s\u00e4tta\u00a0guldkant p\u00e5 din n\u00e4sta middag Oavsett om du dr\u00f6mmer om en bal p\u00e5 slottet eller vill ha historiskt gott kaffe p\u00e5 din konferens kan vi p\u00e5 Slottsrestaurangen hj\u00e4lpa till. Vi anpassar tider och inneh\u00e5ll efter era \u00f6nskem\u00e5l, n\u00e4r det g\u00e4ller: Br\u00f6llopsfest Middag\/fest H\u00f6gtider Konferens Du \u00e4r \u00e4ven v\u00e4lkommen att kontakt oss med din [&hellip;]\" \/>\n<meta property=\"og:url\" content=\"https:\/\/kalmarslott.se\/en\/boka-restaurangen\/\" \/>\n<meta property=\"og:site_name\" content=\"Kalmar Slott\" \/>\n<meta property=\"article:modified_time\" content=\"2024-06-04T11:30:14+00:00\" \/>\n<meta property=\"og:image\" content=\"https:\/\/kalmarslott.se\/wp-content\/uploads\/2022\/06\/restaurangmiddagdukatbord-1024x683.jpg\" \/>\n<meta name=\"twitter:card\" content=\"summary_large_image\" \/>\n<meta name=\"twitter:label1\" content=\"Est. reading time\" \/>\n\t<meta name=\"twitter:data1\" content=\"1 minute\" \/>\n<script type=\"application\/ld+json\" class=\"yoast-schema-graph\">{\"@context\":\"https:\\\/\\\/schema.org\",\"@graph\":[{\"@type\":\"WebPage\",\"@id\":\"https:\\\/\\\/kalmarslott.se\\\/en\\\/boka-restaurangen\\\/\",\"url\":\"https:\\\/\\\/kalmarslott.se\\\/en\\\/boka-restaurangen\\\/\",\"name\":\"Fest\\\/konferens\\\/middag - Kalmar Slott\",\"isPartOf\":{\"@id\":\"https:\\\/\\\/kalmarslott.se\\\/en\\\/#website\"},\"primaryImageOfPage\":{\"@id\":\"https:\\\/\\\/kalmarslott.se\\\/en\\\/boka-restaurangen\\\/#primaryimage\"},\"image\":{\"@id\":\"https:\\\/\\\/kalmarslott.se\\\/en\\\/boka-restaurangen\\\/#primaryimage\"},\"thumbnailUrl\":\"https:\\\/\\\/kalmarslott.se\\\/wp-content\\\/uploads\\\/2022\\\/06\\\/restaurangmiddagdukatbord-1024x683.jpg\",\"datePublished\":\"2023-10-11T06:35:51+00:00\",\"dateModified\":\"2024-06-04T11:30:14+00:00\",\"breadcrumb\":{\"@id\":\"https:\\\/\\\/kalmarslott.se\\\/en\\\/boka-restaurangen\\\/#breadcrumb\"},\"inLanguage\":\"en-US\",\"potentialAction\":[{\"@type\":\"ReadAction\",\"target\":[\"https:\\\/\\\/kalmarslott.se\\\/en\\\/boka-restaurangen\\\/\"]}]},{\"@type\":\"ImageObject\",\"inLanguage\":\"en-US\",\"@id\":\"https:\\\/\\\/kalmarslott.se\\\/en\\\/boka-restaurangen\\\/#primaryimage\",\"url\":\"https:\\\/\\\/kalmarslott.se\\\/wp-content\\\/uploads\\\/2022\\\/06\\\/restaurangmiddagdukatbord-1024x683.jpg\",\"contentUrl\":\"https:\\\/\\\/kalmarslott.se\\\/wp-content\\\/uploads\\\/2022\\\/06\\\/restaurangmiddagdukatbord-1024x683.jpg\"},{\"@type\":\"BreadcrumbList\",\"@id\":\"https:\\\/\\\/kalmarslott.se\\\/en\\\/boka-restaurangen\\\/#breadcrumb\",\"itemListElement\":[{\"@type\":\"ListItem\",\"position\":1,\"name\":\"Hem\",\"item\":\"https:\\\/\\\/kalmarslott.se\\\/en\\\/\"},{\"@type\":\"ListItem\",\"position\":2,\"name\":\"Fest\\\/konferens\\\/middag\"}]},{\"@type\":\"WebSite\",\"@id\":\"https:\\\/\\\/kalmarslott.se\\\/en\\\/#website\",\"url\":\"https:\\\/\\\/kalmarslott.se\\\/en\\\/\",\"name\":\"Kalmar Slott\",\"description\":\"Ett riktigt slott\",\"potentialAction\":[{\"@type\":\"SearchAction\",\"target\":{\"@type\":\"EntryPoint\",\"urlTemplate\":\"https:\\\/\\\/kalmarslott.se\\\/en\\\/?s={search_term_string}\"},\"query-input\":{\"@type\":\"PropertyValueSpecification\",\"valueRequired\":true,\"valueName\":\"search_term_string\"}}],\"inLanguage\":\"en-US\"}]}<\/script>\n<!-- \/ Yoast SEO plugin. -->","yoast_head_json":{"title":"Fest\/konferens\/middag - Kalmar Slott","robots":{"index":"index","follow":"follow","max-snippet":"max-snippet:-1","max-image-preview":"max-image-preview:large","max-video-preview":"max-video-preview:-1"},"canonical":"https:\/\/kalmarslott.se\/en\/boka-restaurangen\/","og_locale":"en_US","og_type":"article","og_title":"Fest\/konferens\/middag - Kalmar Slott","og_description":"L\u00e5t oss s\u00e4tta\u00a0guldkant p\u00e5 din n\u00e4sta middag Oavsett om du dr\u00f6mmer om en bal p\u00e5 slottet eller vill ha historiskt gott kaffe p\u00e5 din konferens kan vi p\u00e5 Slottsrestaurangen hj\u00e4lpa till. Vi anpassar tider och inneh\u00e5ll efter era \u00f6nskem\u00e5l, n\u00e4r det g\u00e4ller: Br\u00f6llopsfest Middag\/fest H\u00f6gtider Konferens Du \u00e4r \u00e4ven v\u00e4lkommen att kontakt oss med din [&hellip;]","og_url":"https:\/\/kalmarslott.se\/en\/boka-restaurangen\/","og_site_name":"Kalmar Slott","article_modified_time":"2024-06-04T11:30:14+00:00","og_image":[{"url":"https:\/\/kalmarslott.se\/wp-content\/uploads\/2022\/06\/restaurangmiddagdukatbord-1024x683.jpg","type":"","width":"","height":""}],"twitter_card":"summary_large_image","twitter_misc":{"Est. reading time":"1 minute"},"schema":{"@context":"https:\/\/schema.org","@graph":[{"@type":"WebPage","@id":"https:\/\/kalmarslott.se\/en\/boka-restaurangen\/","url":"https:\/\/kalmarslott.se\/en\/boka-restaurangen\/","name":"Fest\/konferens\/middag - Kalmar Slott","isPartOf":{"@id":"https:\/\/kalmarslott.se\/en\/#website"},"primaryImageOfPage":{"@id":"https:\/\/kalmarslott.se\/en\/boka-restaurangen\/#primaryimage"},"image":{"@id":"https:\/\/kalmarslott.se\/en\/boka-restaurangen\/#primaryimage"},"thumbnailUrl":"https:\/\/kalmarslott.se\/wp-content\/uploads\/2022\/06\/restaurangmiddagdukatbord-1024x683.jpg","datePublished":"2023-10-11T06:35:51+00:00","dateModified":"2024-06-04T11:30:14+00:00","breadcrumb":{"@id":"https:\/\/kalmarslott.se\/en\/boka-restaurangen\/#breadcrumb"},"inLanguage":"en-US","potentialAction":[{"@type":"ReadAction","target":["https:\/\/kalmarslott.se\/en\/boka-restaurangen\/"]}]},{"@type":"ImageObject","inLanguage":"en-US","@id":"https:\/\/kalmarslott.se\/en\/boka-restaurangen\/#primaryimage","url":"https:\/\/kalmarslott.se\/wp-content\/uploads\/2022\/06\/restaurangmiddagdukatbord-1024x683.jpg","contentUrl":"https:\/\/kalmarslott.se\/wp-content\/uploads\/2022\/06\/restaurangmiddagdukatbord-1024x683.jpg"},{"@type":"BreadcrumbList","@id":"https:\/\/kalmarslott.se\/en\/boka-restaurangen\/#breadcrumb","itemListElement":[{"@type":"ListItem","position":1,"name":"Hem","item":"https:\/\/kalmarslott.se\/en\/"},{"@type":"ListItem","position":2,"name":"Fest\/konferens\/middag"}]},{"@type":"WebSite","@id":"https:\/\/kalmarslott.se\/en\/#website","url":"https:\/\/kalmarslott.se\/en\/","name":"Kalmar Slott","description":"Ett riktigt slott","potentialAction":[{"@type":"SearchAction","target":{"@type":"EntryPoint","urlTemplate":"https:\/\/kalmarslott.se\/en\/?s={search_term_string}"},"query-input":{"@type":"PropertyValueSpecification","valueRequired":true,"valueName":"search_term_string"}}],"inLanguage":"en-US"}]}},"_links":{"self":[{"href":"https:\/\/kalmarslott.se\/en\/wp-json\/wp\/v2\/pages\/7501","targetHints":{"allow":["GET"]}}],"collection":[{"href":"https:\/\/kalmarslott.se\/en\/wp-json\/wp\/v2\/pages"}],"about":[{"href":"https:\/\/kalmarslott.se\/en\/wp-json\/wp\/v2\/types\/page"}],"author":[{"embeddable":true,"href":"https:\/\/kalmarslott.se\/en\/wp-json\/wp\/v2\/users\/5"}],"replies":[{"embeddable":true,"href":"https:\/\/kalmarslott.se\/en\/wp-json\/wp\/v2\/comments?post=7501"}],"version-history":[{"count":5,"href":"https:\/\/kalmarslott.se\/en\/wp-json\/wp\/v2\/pages\/7501\/revisions"}],"predecessor-version":[{"id":8744,"href":"https:\/\/kalmarslott.se\/en\/wp-json\/wp\/v2\/pages\/7501\/revisions\/8744"}],"wp:attachment":[{"href":"https:\/\/kalmarslott.se\/en\/wp-json\/wp\/v2\/media?parent=7501"}],"curies":[{"name":"wp","href":"https:\/\/api.w.org\/{rel}","templated":true}]}}