{"id":7056,"date":"2023-08-15T12:55:15","date_gmt":"2023-08-15T10:55:15","guid":{"rendered":"https:\/\/kalmarslott.se\/?page_id=7056"},"modified":"2023-08-15T13:05:58","modified_gmt":"2023-08-15T11:05:58","slug":"rakna-med-vasa","status":"publish","type":"page","link":"https:\/\/kalmarslott.se\/en\/rakna-med-vasa\/","title":{"rendered":"R\u00e4kna med Vasa"},"content":{"rendered":"<p><strong>R\u00e4kna med Vasa!<\/strong><\/p>\n<p>F\u00f6r 500 \u00e5r sedan valdes Gustav Vasa till kung! R\u00e4kna med Vasa \u00e4r en sifferjakt genom Kalmar Slotts salar, trapphus och vr\u00e5r, i fotsp\u00e5ren av Gustav Vasas tid p\u00e5 slottet. Lista ut koden och f\u00e5 en g\u00e5va i Slottsbutiken.<\/p>\n<p><em>Passar fr\u00e5n 7 \u00e5r.<\/em><\/p>\n<p>&nbsp;<\/p>\n","protected":false},"excerpt":{"rendered":"<p>R\u00e4kna med Vasa! F\u00f6r 500 \u00e5r sedan valdes Gustav Vasa till kung! R\u00e4kna med Vasa \u00e4r en sifferjakt genom Kalmar Slotts salar, trapphus och vr\u00e5r, i fotsp\u00e5ren av Gustav Vasas tid p\u00e5 slottet. Lista ut koden och f\u00e5 en g\u00e5va i Slottsbutiken. Passar fr\u00e5n 7 \u00e5r. &nbsp;<\/p>\n","protected":false},"author":1,"featured_media":0,"parent":0,"menu_order":0,"comment_status":"closed","ping_status":"closed","template":"","meta":{"_acf_changed":false,"footnotes":""},"class_list":["post-7056","page","type-page","status-publish","hentry"],"acf":[],"yoast_head":"<!-- This site is optimized with the Yoast SEO plugin v27.5 - https:\/\/yoast.com\/product\/yoast-seo-wordpress\/ -->\n<title>R\u00e4kna med Vasa - Kalmar Slott<\/title>\n<meta name=\"robots\" content=\"index, follow, max-snippet:-1, max-image-preview:large, max-video-preview:-1\" \/>\n<link rel=\"canonical\" href=\"https:\/\/kalmarslott.se\/en\/rakna-med-vasa\/\" \/>\n<meta property=\"og:locale\" content=\"en_US\" \/>\n<meta property=\"og:type\" content=\"article\" \/>\n<meta property=\"og:title\" content=\"R\u00e4kna med Vasa - Kalmar Slott\" \/>\n<meta property=\"og:description\" content=\"R\u00e4kna med Vasa! F\u00f6r 500 \u00e5r sedan valdes Gustav Vasa till kung! R\u00e4kna med Vasa \u00e4r en sifferjakt genom Kalmar Slotts salar, trapphus och vr\u00e5r, i fotsp\u00e5ren av Gustav Vasas tid p\u00e5 slottet. Lista ut koden och f\u00e5 en g\u00e5va i Slottsbutiken. Passar fr\u00e5n 7 \u00e5r. &nbsp;\" \/>\n<meta property=\"og:url\" content=\"https:\/\/kalmarslott.se\/en\/rakna-med-vasa\/\" \/>\n<meta property=\"og:site_name\" content=\"Kalmar Slott\" \/>\n<meta property=\"article:modified_time\" content=\"2023-08-15T11:05:58+00:00\" \/>\n<meta name=\"twitter:card\" content=\"summary_large_image\" \/>\n<meta name=\"twitter:label1\" content=\"Est. reading time\" \/>\n\t<meta name=\"twitter:data1\" content=\"1 minute\" \/>\n<script type=\"application\/ld+json\" class=\"yoast-schema-graph\">{\"@context\":\"https:\\\/\\\/schema.org\",\"@graph\":[{\"@type\":\"WebPage\",\"@id\":\"https:\\\/\\\/kalmarslott.se\\\/en\\\/rakna-med-vasa\\\/\",\"url\":\"https:\\\/\\\/kalmarslott.se\\\/en\\\/rakna-med-vasa\\\/\",\"name\":\"R\u00e4kna med Vasa - Kalmar Slott\",\"isPartOf\":{\"@id\":\"https:\\\/\\\/kalmarslott.se\\\/en\\\/#website\"},\"datePublished\":\"2023-08-15T10:55:15+00:00\",\"dateModified\":\"2023-08-15T11:05:58+00:00\",\"breadcrumb\":{\"@id\":\"https:\\\/\\\/kalmarslott.se\\\/en\\\/rakna-med-vasa\\\/#breadcrumb\"},\"inLanguage\":\"en-US\",\"potentialAction\":[{\"@type\":\"ReadAction\",\"target\":[\"https:\\\/\\\/kalmarslott.se\\\/en\\\/rakna-med-vasa\\\/\"]}]},{\"@type\":\"BreadcrumbList\",\"@id\":\"https:\\\/\\\/kalmarslott.se\\\/en\\\/rakna-med-vasa\\\/#breadcrumb\",\"itemListElement\":[{\"@type\":\"ListItem\",\"position\":1,\"name\":\"Hem\",\"item\":\"https:\\\/\\\/kalmarslott.se\\\/en\\\/\"},{\"@type\":\"ListItem\",\"position\":2,\"name\":\"R\u00e4kna med Vasa\"}]},{\"@type\":\"WebSite\",\"@id\":\"https:\\\/\\\/kalmarslott.se\\\/en\\\/#website\",\"url\":\"https:\\\/\\\/kalmarslott.se\\\/en\\\/\",\"name\":\"Kalmar Slott\",\"description\":\"Ett riktigt slott\",\"potentialAction\":[{\"@type\":\"SearchAction\",\"target\":{\"@type\":\"EntryPoint\",\"urlTemplate\":\"https:\\\/\\\/kalmarslott.se\\\/en\\\/?s={search_term_string}\"},\"query-input\":{\"@type\":\"PropertyValueSpecification\",\"valueRequired\":true,\"valueName\":\"search_term_string\"}}],\"inLanguage\":\"en-US\"}]}<\/script>\n<!-- \/ Yoast SEO plugin. -->","yoast_head_json":{"title":"R\u00e4kna med Vasa - Kalmar Slott","robots":{"index":"index","follow":"follow","max-snippet":"max-snippet:-1","max-image-preview":"max-image-preview:large","max-video-preview":"max-video-preview:-1"},"canonical":"https:\/\/kalmarslott.se\/en\/rakna-med-vasa\/","og_locale":"en_US","og_type":"article","og_title":"R\u00e4kna med Vasa - Kalmar Slott","og_description":"R\u00e4kna med Vasa! F\u00f6r 500 \u00e5r sedan valdes Gustav Vasa till kung! R\u00e4kna med Vasa \u00e4r en sifferjakt genom Kalmar Slotts salar, trapphus och vr\u00e5r, i fotsp\u00e5ren av Gustav Vasas tid p\u00e5 slottet. Lista ut koden och f\u00e5 en g\u00e5va i Slottsbutiken. Passar fr\u00e5n 7 \u00e5r. &nbsp;","og_url":"https:\/\/kalmarslott.se\/en\/rakna-med-vasa\/","og_site_name":"Kalmar Slott","article_modified_time":"2023-08-15T11:05:58+00:00","twitter_card":"summary_large_image","twitter_misc":{"Est. reading time":"1 minute"},"schema":{"@context":"https:\/\/schema.org","@graph":[{"@type":"WebPage","@id":"https:\/\/kalmarslott.se\/en\/rakna-med-vasa\/","url":"https:\/\/kalmarslott.se\/en\/rakna-med-vasa\/","name":"R\u00e4kna med Vasa - Kalmar Slott","isPartOf":{"@id":"https:\/\/kalmarslott.se\/en\/#website"},"datePublished":"2023-08-15T10:55:15+00:00","dateModified":"2023-08-15T11:05:58+00:00","breadcrumb":{"@id":"https:\/\/kalmarslott.se\/en\/rakna-med-vasa\/#breadcrumb"},"inLanguage":"en-US","potentialAction":[{"@type":"ReadAction","target":["https:\/\/kalmarslott.se\/en\/rakna-med-vasa\/"]}]},{"@type":"BreadcrumbList","@id":"https:\/\/kalmarslott.se\/en\/rakna-med-vasa\/#breadcrumb","itemListElement":[{"@type":"ListItem","position":1,"name":"Hem","item":"https:\/\/kalmarslott.se\/en\/"},{"@type":"ListItem","position":2,"name":"R\u00e4kna med Vasa"}]},{"@type":"WebSite","@id":"https:\/\/kalmarslott.se\/en\/#website","url":"https:\/\/kalmarslott.se\/en\/","name":"Kalmar Slott","description":"Ett riktigt slott","potentialAction":[{"@type":"SearchAction","target":{"@type":"EntryPoint","urlTemplate":"https:\/\/kalmarslott.se\/en\/?s={search_term_string}"},"query-input":{"@type":"PropertyValueSpecification","valueRequired":true,"valueName":"search_term_string"}}],"inLanguage":"en-US"}]}},"_links":{"self":[{"href":"https:\/\/kalmarslott.se\/en\/wp-json\/wp\/v2\/pages\/7056","targetHints":{"allow":["GET"]}}],"collection":[{"href":"https:\/\/kalmarslott.se\/en\/wp-json\/wp\/v2\/pages"}],"about":[{"href":"https:\/\/kalmarslott.se\/en\/wp-json\/wp\/v2\/types\/page"}],"author":[{"embeddable":true,"href":"https:\/\/kalmarslott.se\/en\/wp-json\/wp\/v2\/users\/1"}],"replies":[{"embeddable":true,"href":"https:\/\/kalmarslott.se\/en\/wp-json\/wp\/v2\/comments?post=7056"}],"version-history":[{"count":2,"href":"https:\/\/kalmarslott.se\/en\/wp-json\/wp\/v2\/pages\/7056\/revisions"}],"predecessor-version":[{"id":7063,"href":"https:\/\/kalmarslott.se\/en\/wp-json\/wp\/v2\/pages\/7056\/revisions\/7063"}],"wp:attachment":[{"href":"https:\/\/kalmarslott.se\/en\/wp-json\/wp\/v2\/media?parent=7056"}],"curies":[{"name":"wp","href":"https:\/\/api.w.org\/{rel}","templated":true}]}}