{"id":4835,"date":"2022-09-28T11:35:04","date_gmt":"2022-09-28T09:35:04","guid":{"rendered":"https:\/\/kalmarslott.se\/?page_id=4835"},"modified":"2024-09-25T11:14:31","modified_gmt":"2024-09-25T09:14:31","slug":"efterarsferie","status":"publish","type":"page","link":"https:\/\/kalmarslott.se\/en\/efterarsferie\/","title":{"rendered":"Efter\u00e5rsferie"},"content":{"rendered":"<h2><span class=\"TextRun SCXW70898126 BCX9\" lang=\"DA-DK\" xml:lang=\"DA-DK\" data-contrast=\"auto\"><span class=\"NormalTextRun SCXW70898126 BCX9\">For b\u00f8rn<span class=\"LineBreakBlob BlobObject DragDrop SCXW70898126 BCX9\"><span class=\"SCXW70898126 BCX9\">\u00a0<\/span><\/span><\/span><\/span><\/h2>\n<p><strong><span class=\"TextRun SCXW70898126 BCX9\" lang=\"DA-DK\" xml:lang=\"DA-DK\" data-contrast=\"auto\"><span class=\"NormalTextRun SCXW70898126 BCX9\">I efter\u00e5rsferien, 14-20 oktober, hilser v<\/span><span class=\"NormalTextRun SCXW70898126 BCX9\">i alle danske b\u00f8rn der har fri, ekstra velkomne til Kalmar Slott!<\/span><\/span><\/strong><span class=\"LineBreakBlob BlobObject DragDrop SCXW70898126 BCX9\"><strong><span class=\"SCXW70898126 BCX9\">\u00a0<\/span><\/strong><br class=\"SCXW70898126 BCX9\" \/><\/span><\/p>\n<p><span class=\"TextRun SCXW70898126 BCX9\" lang=\"DA-DK\" xml:lang=\"DA-DK\" data-contrast=\"auto\"><span class=\"NormalTextRun SCXW70898126 BCX9\">Hver dag er der aktiviteter for b\u00f8rn med <\/span><span class=\"NormalTextRun SCXW70898126 BCX9\">spilopper i benene! <\/span><span class=\"NormalTextRun SCXW70898126 BCX9\">Alle<\/span><span class=\"NormalTextRun SCXW70898126 BCX9\"> aktiviteter indg\u00e5r i entr\u00e9prisen.\u00a0<\/span><\/span><span class=\"LineBreakBlob BlobObject DragDrop SCXW70898126 BCX9\"><br class=\"SCXW70898126 BCX9\" \/><\/span><\/p>\n<h3><span class=\"TextRun SCXW70898126 BCX9\" lang=\"DA-DK\" xml:lang=\"DA-DK\" data-contrast=\"auto\"><span class=\"NormalTextRun SCXW70898126 BCX9\">Slotskoden<\/span><\/span><\/h3>\n<p><span class=\"TextRun SCXW70898126 BCX9\" lang=\"DA-DK\" xml:lang=\"DA-DK\" data-contrast=\"auto\"><span class=\"NormalTextRun SCXW70898126 BCX9\">Slotskoden er en sp\u00e6ndende sifferjagt gen<\/span><span class=\"NormalTextRun SCXW70898126 BCX9\">n<\/span><span class=\"NormalTextRun SCXW70898126 BCX9\">em slottets sale, trapper og kroge, i <\/span><span class=\"NormalTextRun SCXW70898126 BCX9\">k\u00f8levandet af historiske sk\u00e6bner og eventyr. Find ud af koden for at kunde \u00e5bne l\u00e5set til skattekisten.<\/span><\/span><span class=\"LineBreakBlob BlobObject DragDrop SCXW70898126 BCX9\"><span class=\"SCXW70898126 BCX9\">\u00a0<\/span><\/span><\/p>\n<p><span class=\"TextRun SCXW70898126 BCX9\" lang=\"DA-DK\" xml:lang=\"DA-DK\" data-contrast=\"auto\"><span class=\"NormalTextRun SCXW70898126 BCX9\">Passer fra 7 \u00e5r.<\/span><\/span><em><span class=\"LineBreakBlob BlobObject DragDrop SCXW70898126 BCX9\"><span class=\"SCXW70898126 BCX9\"><br \/>\n<\/span><\/span><\/em><\/p>\n<h3><span class=\"TextRun SCXW70898126 BCX9\" lang=\"DA-DK\" xml:lang=\"DA-DK\" data-contrast=\"auto\"><span class=\"NormalTextRun SCXW70898126 BCX9\">Billedbingo<\/span><\/span><\/h3>\n<p><span class=\"TextRun SCXW70898126 BCX9\" lang=\"DA-DK\" xml:lang=\"DA-DK\" data-contrast=\"auto\"><span class=\"NormalTextRun SCXW70898126 BCX9\">For de yngre b\u00f8rn <\/span><span class=\"NormalTextRun SCXW70898126 BCX9\">er der<\/span><span class=\"NormalTextRun SCXW70898126 BCX9\"> billedbingo b\u00e5de for f\u00f8rste og anden etage<\/span><span class=\"NormalTextRun SCXW70898126 BCX9\"> af slottet<\/span><span class=\"NormalTextRun SCXW70898126 BCX9\">. Udfordringen er her at finde<\/span><span class=\"NormalTextRun SCXW70898126 BCX9\"> de<\/span><span class=\"NormalTextRun SCXW70898126 BCX9\"> genstande i de forskellige sale som billederne p\u00e5 bingokortet viser.<\/span><\/span><span class=\"EOP SCXW70898126 BCX9\" data-ccp-props=\"{&quot;201341983&quot;:0,&quot;335559739&quot;:160,&quot;335559740&quot;:259}\">\u00a0<\/span><\/p>\n<p><span class=\"TextRun SCXW70898126 BCX9\" lang=\"DA-DK\" xml:lang=\"DA-DK\" data-contrast=\"auto\"><span class=\"NormalTextRun SCXW70898126 BCX9\">Passer fra 3 \u00e5r.<\/span><\/span><\/p>\n<h2>Guidede ture p\u00e5 dansk<\/h2>\n<p><em>PS Vi har ogs\u00e5 <a href=\"https:\/\/kalmarslott.se\/guidningar\/rundvisning-pa-danska\/\">guidede ture<\/a> for de voksne.\u00a0<\/em><\/p>\n","protected":false},"excerpt":{"rendered":"<p>For b\u00f8rn\u00a0 I efter\u00e5rsferien, 14-20 oktober, hilser vi alle danske b\u00f8rn der har fri, ekstra velkomne til Kalmar Slott!\u00a0 Hver dag er der aktiviteter for b\u00f8rn med spilopper i benene! Alle aktiviteter indg\u00e5r i entr\u00e9prisen.\u00a0 Slotskoden Slotskoden er en sp\u00e6ndende sifferjagt gennem slottets sale, trapper og kroge, i k\u00f8levandet af historiske sk\u00e6bner og eventyr. Find [&hellip;]<\/p>\n","protected":false},"author":1,"featured_media":676,"parent":0,"menu_order":0,"comment_status":"closed","ping_status":"closed","template":"","meta":{"_acf_changed":false,"footnotes":""},"class_list":["post-4835","page","type-page","status-publish","has-post-thumbnail","hentry"],"acf":[],"yoast_head":"<!-- This site is optimized with the Yoast SEO plugin v27.5 - https:\/\/yoast.com\/product\/yoast-seo-wordpress\/ -->\n<title>Efter\u00e5rsferie - Kalmar Slott<\/title>\n<meta name=\"robots\" content=\"index, follow, max-snippet:-1, max-image-preview:large, max-video-preview:-1\" \/>\n<link rel=\"canonical\" href=\"https:\/\/kalmarslott.se\/en\/efterarsferie\/\" \/>\n<meta property=\"og:locale\" content=\"en_US\" \/>\n<meta property=\"og:type\" content=\"article\" \/>\n<meta property=\"og:title\" content=\"Efter\u00e5rsferie - Kalmar Slott\" \/>\n<meta property=\"og:description\" content=\"For b\u00f8rn\u00a0 I efter\u00e5rsferien, 14-20 oktober, hilser vi alle danske b\u00f8rn der har fri, ekstra velkomne til Kalmar Slott!\u00a0 Hver dag er der aktiviteter for b\u00f8rn med spilopper i benene! Alle aktiviteter indg\u00e5r i entr\u00e9prisen.\u00a0 Slotskoden Slotskoden er en sp\u00e6ndende sifferjagt gennem slottets sale, trapper og kroge, i k\u00f8levandet af historiske sk\u00e6bner og eventyr. Find [&hellip;]\" \/>\n<meta property=\"og:url\" content=\"https:\/\/kalmarslott.se\/en\/efterarsferie\/\" \/>\n<meta property=\"og:site_name\" content=\"Kalmar Slott\" \/>\n<meta property=\"article:modified_time\" content=\"2024-09-25T09:14:31+00:00\" \/>\n<meta property=\"og:image\" content=\"https:\/\/kalmarslott.se\/wp-content\/uploads\/2022\/06\/segorabarnbildbingotvabarnmedbildbingo-scaled.jpg\" \/>\n\t<meta property=\"og:image:width\" content=\"2560\" \/>\n\t<meta property=\"og:image:height\" content=\"1708\" \/>\n\t<meta property=\"og:image:type\" content=\"image\/jpeg\" \/>\n<meta name=\"twitter:card\" content=\"summary_large_image\" \/>\n<meta name=\"twitter:label1\" content=\"Est. reading time\" \/>\n\t<meta name=\"twitter:data1\" content=\"1 minute\" \/>\n<script type=\"application\/ld+json\" class=\"yoast-schema-graph\">{\"@context\":\"https:\\\/\\\/schema.org\",\"@graph\":[{\"@type\":\"WebPage\",\"@id\":\"https:\\\/\\\/kalmarslott.se\\\/en\\\/efterarsferie\\\/\",\"url\":\"https:\\\/\\\/kalmarslott.se\\\/en\\\/efterarsferie\\\/\",\"name\":\"Efter\u00e5rsferie - Kalmar Slott\",\"isPartOf\":{\"@id\":\"https:\\\/\\\/kalmarslott.se\\\/en\\\/#website\"},\"primaryImageOfPage\":{\"@id\":\"https:\\\/\\\/kalmarslott.se\\\/en\\\/efterarsferie\\\/#primaryimage\"},\"image\":{\"@id\":\"https:\\\/\\\/kalmarslott.se\\\/en\\\/efterarsferie\\\/#primaryimage\"},\"thumbnailUrl\":\"https:\\\/\\\/kalmarslott.se\\\/wp-content\\\/uploads\\\/2022\\\/06\\\/segorabarnbildbingotvabarnmedbildbingo-scaled.jpg\",\"datePublished\":\"2022-09-28T09:35:04+00:00\",\"dateModified\":\"2024-09-25T09:14:31+00:00\",\"breadcrumb\":{\"@id\":\"https:\\\/\\\/kalmarslott.se\\\/en\\\/efterarsferie\\\/#breadcrumb\"},\"inLanguage\":\"en-US\",\"potentialAction\":[{\"@type\":\"ReadAction\",\"target\":[\"https:\\\/\\\/kalmarslott.se\\\/en\\\/efterarsferie\\\/\"]}]},{\"@type\":\"ImageObject\",\"inLanguage\":\"en-US\",\"@id\":\"https:\\\/\\\/kalmarslott.se\\\/en\\\/efterarsferie\\\/#primaryimage\",\"url\":\"https:\\\/\\\/kalmarslott.se\\\/wp-content\\\/uploads\\\/2022\\\/06\\\/segorabarnbildbingotvabarnmedbildbingo-scaled.jpg\",\"contentUrl\":\"https:\\\/\\\/kalmarslott.se\\\/wp-content\\\/uploads\\\/2022\\\/06\\\/segorabarnbildbingotvabarnmedbildbingo-scaled.jpg\",\"width\":2560,\"height\":1708},{\"@type\":\"BreadcrumbList\",\"@id\":\"https:\\\/\\\/kalmarslott.se\\\/en\\\/efterarsferie\\\/#breadcrumb\",\"itemListElement\":[{\"@type\":\"ListItem\",\"position\":1,\"name\":\"Hem\",\"item\":\"https:\\\/\\\/kalmarslott.se\\\/en\\\/\"},{\"@type\":\"ListItem\",\"position\":2,\"name\":\"Efter\u00e5rsferie\"}]},{\"@type\":\"WebSite\",\"@id\":\"https:\\\/\\\/kalmarslott.se\\\/en\\\/#website\",\"url\":\"https:\\\/\\\/kalmarslott.se\\\/en\\\/\",\"name\":\"Kalmar Slott\",\"description\":\"Ett riktigt slott\",\"potentialAction\":[{\"@type\":\"SearchAction\",\"target\":{\"@type\":\"EntryPoint\",\"urlTemplate\":\"https:\\\/\\\/kalmarslott.se\\\/en\\\/?s={search_term_string}\"},\"query-input\":{\"@type\":\"PropertyValueSpecification\",\"valueRequired\":true,\"valueName\":\"search_term_string\"}}],\"inLanguage\":\"en-US\"}]}<\/script>\n<!-- \/ Yoast SEO plugin. -->","yoast_head_json":{"title":"Efter\u00e5rsferie - Kalmar Slott","robots":{"index":"index","follow":"follow","max-snippet":"max-snippet:-1","max-image-preview":"max-image-preview:large","max-video-preview":"max-video-preview:-1"},"canonical":"https:\/\/kalmarslott.se\/en\/efterarsferie\/","og_locale":"en_US","og_type":"article","og_title":"Efter\u00e5rsferie - Kalmar Slott","og_description":"For b\u00f8rn\u00a0 I efter\u00e5rsferien, 14-20 oktober, hilser vi alle danske b\u00f8rn der har fri, ekstra velkomne til Kalmar Slott!\u00a0 Hver dag er der aktiviteter for b\u00f8rn med spilopper i benene! Alle aktiviteter indg\u00e5r i entr\u00e9prisen.\u00a0 Slotskoden Slotskoden er en sp\u00e6ndende sifferjagt gennem slottets sale, trapper og kroge, i k\u00f8levandet af historiske sk\u00e6bner og eventyr. Find [&hellip;]","og_url":"https:\/\/kalmarslott.se\/en\/efterarsferie\/","og_site_name":"Kalmar Slott","article_modified_time":"2024-09-25T09:14:31+00:00","og_image":[{"width":2560,"height":1708,"url":"https:\/\/kalmarslott.se\/wp-content\/uploads\/2022\/06\/segorabarnbildbingotvabarnmedbildbingo-scaled.jpg","type":"image\/jpeg"}],"twitter_card":"summary_large_image","twitter_misc":{"Est. reading time":"1 minute"},"schema":{"@context":"https:\/\/schema.org","@graph":[{"@type":"WebPage","@id":"https:\/\/kalmarslott.se\/en\/efterarsferie\/","url":"https:\/\/kalmarslott.se\/en\/efterarsferie\/","name":"Efter\u00e5rsferie - Kalmar Slott","isPartOf":{"@id":"https:\/\/kalmarslott.se\/en\/#website"},"primaryImageOfPage":{"@id":"https:\/\/kalmarslott.se\/en\/efterarsferie\/#primaryimage"},"image":{"@id":"https:\/\/kalmarslott.se\/en\/efterarsferie\/#primaryimage"},"thumbnailUrl":"https:\/\/kalmarslott.se\/wp-content\/uploads\/2022\/06\/segorabarnbildbingotvabarnmedbildbingo-scaled.jpg","datePublished":"2022-09-28T09:35:04+00:00","dateModified":"2024-09-25T09:14:31+00:00","breadcrumb":{"@id":"https:\/\/kalmarslott.se\/en\/efterarsferie\/#breadcrumb"},"inLanguage":"en-US","potentialAction":[{"@type":"ReadAction","target":["https:\/\/kalmarslott.se\/en\/efterarsferie\/"]}]},{"@type":"ImageObject","inLanguage":"en-US","@id":"https:\/\/kalmarslott.se\/en\/efterarsferie\/#primaryimage","url":"https:\/\/kalmarslott.se\/wp-content\/uploads\/2022\/06\/segorabarnbildbingotvabarnmedbildbingo-scaled.jpg","contentUrl":"https:\/\/kalmarslott.se\/wp-content\/uploads\/2022\/06\/segorabarnbildbingotvabarnmedbildbingo-scaled.jpg","width":2560,"height":1708},{"@type":"BreadcrumbList","@id":"https:\/\/kalmarslott.se\/en\/efterarsferie\/#breadcrumb","itemListElement":[{"@type":"ListItem","position":1,"name":"Hem","item":"https:\/\/kalmarslott.se\/en\/"},{"@type":"ListItem","position":2,"name":"Efter\u00e5rsferie"}]},{"@type":"WebSite","@id":"https:\/\/kalmarslott.se\/en\/#website","url":"https:\/\/kalmarslott.se\/en\/","name":"Kalmar Slott","description":"Ett riktigt slott","potentialAction":[{"@type":"SearchAction","target":{"@type":"EntryPoint","urlTemplate":"https:\/\/kalmarslott.se\/en\/?s={search_term_string}"},"query-input":{"@type":"PropertyValueSpecification","valueRequired":true,"valueName":"search_term_string"}}],"inLanguage":"en-US"}]}},"_links":{"self":[{"href":"https:\/\/kalmarslott.se\/en\/wp-json\/wp\/v2\/pages\/4835","targetHints":{"allow":["GET"]}}],"collection":[{"href":"https:\/\/kalmarslott.se\/en\/wp-json\/wp\/v2\/pages"}],"about":[{"href":"https:\/\/kalmarslott.se\/en\/wp-json\/wp\/v2\/types\/page"}],"author":[{"embeddable":true,"href":"https:\/\/kalmarslott.se\/en\/wp-json\/wp\/v2\/users\/1"}],"replies":[{"embeddable":true,"href":"https:\/\/kalmarslott.se\/en\/wp-json\/wp\/v2\/comments?post=4835"}],"version-history":[{"count":8,"href":"https:\/\/kalmarslott.se\/en\/wp-json\/wp\/v2\/pages\/4835\/revisions"}],"predecessor-version":[{"id":9280,"href":"https:\/\/kalmarslott.se\/en\/wp-json\/wp\/v2\/pages\/4835\/revisions\/9280"}],"wp:featuredmedia":[{"embeddable":true,"href":"https:\/\/kalmarslott.se\/en\/wp-json\/wp\/v2\/media\/676"}],"wp:attachment":[{"href":"https:\/\/kalmarslott.se\/en\/wp-json\/wp\/v2\/media?parent=4835"}],"curies":[{"name":"wp","href":"https:\/\/api.w.org\/{rel}","templated":true}]}}