{"id":4661,"date":"2022-09-13T16:01:39","date_gmt":"2022-09-13T14:01:39","guid":{"rendered":"https:\/\/kalmarslott.se\/?page_id=4661"},"modified":"2026-04-16T15:24:54","modified_gmt":"2026-04-16T13:24:54","slug":"barnens-sondag","status":"publish","type":"page","link":"https:\/\/kalmarslott.se\/en\/barnens-sondag\/","title":{"rendered":"Barnens s\u00f6ndag"},"content":{"rendered":"<p class=\"m8h3af8h l7ghb35v kjdc1dyq kmwttqpk gh25dzvf\"><strong>Den fj\u00e4rde s\u00f6ndagen i m\u00e5naden under h\u00f6st och v\u00e5r \u00e4r Barnens S\u00f6ndag. Ta med barnen och kom till slottet f\u00f6r en mysig s\u00f6ndag tillsammans!<\/strong><\/p>\n<div class=\"m8h3af8h l7ghb35v kjdc1dyq kmwttqpk gh25dzvf\">Guidningen ing\u00e5r i entr\u00e9priset, men antalet platser \u00e4r begr\u00e4nsat, s\u00e5 se till att vara i god tid.<\/div>\n<div tabindex=\"0\" role=\"button\">\n<h2>Schema &#8211; 2026<\/h2>\n<table class=\"table-prices\" width=\"623\">\n<tbody>\n<tr>\n<td>22 mars kl. 11.15<\/td>\n<td><a href=\"https:\/\/kalmarslott.se\/guidningar\/en-hovnarrs-historia\/\">En hovnarrs historia<\/a><\/td>\n<\/tr>\n<tr>\n<td>26 april kl. 11.00<\/td>\n<td><a href=\"https:\/\/kalmarslott.se\/guidningar\/riddarguidning-for-barn\/\">Riddarguidning<\/a><\/td>\n<\/tr>\n<\/tbody>\n<\/table>\n<\/div>\n","protected":false},"excerpt":{"rendered":"<p>Den fj\u00e4rde s\u00f6ndagen i m\u00e5naden under h\u00f6st och v\u00e5r \u00e4r Barnens S\u00f6ndag. Ta med barnen och kom till slottet f\u00f6r en mysig s\u00f6ndag tillsammans! Guidningen ing\u00e5r i entr\u00e9priset, men antalet platser \u00e4r begr\u00e4nsat, s\u00e5 se till att vara i god tid. Schema &#8211; 2026 22 mars kl. 11.15 En hovnarrs historia 26 april kl. 11.00 [&hellip;]<\/p>\n","protected":false},"author":1,"featured_media":4128,"parent":0,"menu_order":0,"comment_status":"closed","ping_status":"closed","template":"","meta":{"_acf_changed":false,"footnotes":""},"class_list":["post-4661","page","type-page","status-publish","has-post-thumbnail","hentry"],"acf":[],"yoast_head":"<!-- This site is optimized with the Yoast SEO plugin v27.5 - https:\/\/yoast.com\/product\/yoast-seo-wordpress\/ -->\n<title>Barnens s\u00f6ndag - Kalmar Slott<\/title>\n<meta name=\"robots\" content=\"index, follow, max-snippet:-1, max-image-preview:large, max-video-preview:-1\" \/>\n<link rel=\"canonical\" href=\"https:\/\/kalmarslott.se\/en\/barnens-sondag\/\" \/>\n<meta property=\"og:locale\" content=\"en_US\" \/>\n<meta property=\"og:type\" content=\"article\" \/>\n<meta property=\"og:title\" content=\"Barnens s\u00f6ndag - Kalmar Slott\" \/>\n<meta property=\"og:description\" content=\"Den fj\u00e4rde s\u00f6ndagen i m\u00e5naden under h\u00f6st och v\u00e5r \u00e4r Barnens S\u00f6ndag. Ta med barnen och kom till slottet f\u00f6r en mysig s\u00f6ndag tillsammans! Guidningen ing\u00e5r i entr\u00e9priset, men antalet platser \u00e4r begr\u00e4nsat, s\u00e5 se till att vara i god tid. Schema &#8211; 2026 22 mars kl. 11.15 En hovnarrs historia 26 april kl. 11.00 [&hellip;]\" \/>\n<meta property=\"og:url\" content=\"https:\/\/kalmarslott.se\/en\/barnens-sondag\/\" \/>\n<meta property=\"og:site_name\" content=\"Kalmar Slott\" \/>\n<meta property=\"article:modified_time\" content=\"2026-04-16T13:24:54+00:00\" \/>\n<meta property=\"og:image\" content=\"https:\/\/kalmarslott.se\/wp-content\/uploads\/2022\/04\/kalmar4199-scaled.jpg\" \/>\n\t<meta property=\"og:image:width\" content=\"2560\" \/>\n\t<meta property=\"og:image:height\" content=\"1703\" \/>\n\t<meta property=\"og:image:type\" content=\"image\/jpeg\" \/>\n<meta name=\"twitter:card\" content=\"summary_large_image\" \/>\n<meta name=\"twitter:label1\" content=\"Est. reading time\" \/>\n\t<meta name=\"twitter:data1\" content=\"1 minute\" \/>\n<script type=\"application\/ld+json\" class=\"yoast-schema-graph\">{\"@context\":\"https:\\\/\\\/schema.org\",\"@graph\":[{\"@type\":\"WebPage\",\"@id\":\"https:\\\/\\\/kalmarslott.se\\\/en\\\/barnens-sondag\\\/\",\"url\":\"https:\\\/\\\/kalmarslott.se\\\/en\\\/barnens-sondag\\\/\",\"name\":\"Barnens s\u00f6ndag - Kalmar Slott\",\"isPartOf\":{\"@id\":\"https:\\\/\\\/kalmarslott.se\\\/en\\\/#website\"},\"primaryImageOfPage\":{\"@id\":\"https:\\\/\\\/kalmarslott.se\\\/en\\\/barnens-sondag\\\/#primaryimage\"},\"image\":{\"@id\":\"https:\\\/\\\/kalmarslott.se\\\/en\\\/barnens-sondag\\\/#primaryimage\"},\"thumbnailUrl\":\"https:\\\/\\\/kalmarslott.se\\\/wp-content\\\/uploads\\\/2022\\\/04\\\/kalmar4199-scaled.jpg\",\"datePublished\":\"2022-09-13T14:01:39+00:00\",\"dateModified\":\"2026-04-16T13:24:54+00:00\",\"breadcrumb\":{\"@id\":\"https:\\\/\\\/kalmarslott.se\\\/en\\\/barnens-sondag\\\/#breadcrumb\"},\"inLanguage\":\"en-US\",\"potentialAction\":[{\"@type\":\"ReadAction\",\"target\":[\"https:\\\/\\\/kalmarslott.se\\\/en\\\/barnens-sondag\\\/\"]}]},{\"@type\":\"ImageObject\",\"inLanguage\":\"en-US\",\"@id\":\"https:\\\/\\\/kalmarslott.se\\\/en\\\/barnens-sondag\\\/#primaryimage\",\"url\":\"https:\\\/\\\/kalmarslott.se\\\/wp-content\\\/uploads\\\/2022\\\/04\\\/kalmar4199-scaled.jpg\",\"contentUrl\":\"https:\\\/\\\/kalmarslott.se\\\/wp-content\\\/uploads\\\/2022\\\/04\\\/kalmar4199-scaled.jpg\",\"width\":2560,\"height\":1703,\"caption\":\"Hovnarr Kalmar Slott\"},{\"@type\":\"BreadcrumbList\",\"@id\":\"https:\\\/\\\/kalmarslott.se\\\/en\\\/barnens-sondag\\\/#breadcrumb\",\"itemListElement\":[{\"@type\":\"ListItem\",\"position\":1,\"name\":\"Hem\",\"item\":\"https:\\\/\\\/kalmarslott.se\\\/en\\\/\"},{\"@type\":\"ListItem\",\"position\":2,\"name\":\"Barnens s\u00f6ndag\"}]},{\"@type\":\"WebSite\",\"@id\":\"https:\\\/\\\/kalmarslott.se\\\/en\\\/#website\",\"url\":\"https:\\\/\\\/kalmarslott.se\\\/en\\\/\",\"name\":\"Kalmar Slott\",\"description\":\"Ett riktigt slott\",\"potentialAction\":[{\"@type\":\"SearchAction\",\"target\":{\"@type\":\"EntryPoint\",\"urlTemplate\":\"https:\\\/\\\/kalmarslott.se\\\/en\\\/?s={search_term_string}\"},\"query-input\":{\"@type\":\"PropertyValueSpecification\",\"valueRequired\":true,\"valueName\":\"search_term_string\"}}],\"inLanguage\":\"en-US\"}]}<\/script>\n<!-- \/ Yoast SEO plugin. -->","yoast_head_json":{"title":"Barnens s\u00f6ndag - Kalmar Slott","robots":{"index":"index","follow":"follow","max-snippet":"max-snippet:-1","max-image-preview":"max-image-preview:large","max-video-preview":"max-video-preview:-1"},"canonical":"https:\/\/kalmarslott.se\/en\/barnens-sondag\/","og_locale":"en_US","og_type":"article","og_title":"Barnens s\u00f6ndag - Kalmar Slott","og_description":"Den fj\u00e4rde s\u00f6ndagen i m\u00e5naden under h\u00f6st och v\u00e5r \u00e4r Barnens S\u00f6ndag. Ta med barnen och kom till slottet f\u00f6r en mysig s\u00f6ndag tillsammans! Guidningen ing\u00e5r i entr\u00e9priset, men antalet platser \u00e4r begr\u00e4nsat, s\u00e5 se till att vara i god tid. Schema &#8211; 2026 22 mars kl. 11.15 En hovnarrs historia 26 april kl. 11.00 [&hellip;]","og_url":"https:\/\/kalmarslott.se\/en\/barnens-sondag\/","og_site_name":"Kalmar Slott","article_modified_time":"2026-04-16T13:24:54+00:00","og_image":[{"width":2560,"height":1703,"url":"https:\/\/kalmarslott.se\/wp-content\/uploads\/2022\/04\/kalmar4199-scaled.jpg","type":"image\/jpeg"}],"twitter_card":"summary_large_image","twitter_misc":{"Est. reading time":"1 minute"},"schema":{"@context":"https:\/\/schema.org","@graph":[{"@type":"WebPage","@id":"https:\/\/kalmarslott.se\/en\/barnens-sondag\/","url":"https:\/\/kalmarslott.se\/en\/barnens-sondag\/","name":"Barnens s\u00f6ndag - Kalmar Slott","isPartOf":{"@id":"https:\/\/kalmarslott.se\/en\/#website"},"primaryImageOfPage":{"@id":"https:\/\/kalmarslott.se\/en\/barnens-sondag\/#primaryimage"},"image":{"@id":"https:\/\/kalmarslott.se\/en\/barnens-sondag\/#primaryimage"},"thumbnailUrl":"https:\/\/kalmarslott.se\/wp-content\/uploads\/2022\/04\/kalmar4199-scaled.jpg","datePublished":"2022-09-13T14:01:39+00:00","dateModified":"2026-04-16T13:24:54+00:00","breadcrumb":{"@id":"https:\/\/kalmarslott.se\/en\/barnens-sondag\/#breadcrumb"},"inLanguage":"en-US","potentialAction":[{"@type":"ReadAction","target":["https:\/\/kalmarslott.se\/en\/barnens-sondag\/"]}]},{"@type":"ImageObject","inLanguage":"en-US","@id":"https:\/\/kalmarslott.se\/en\/barnens-sondag\/#primaryimage","url":"https:\/\/kalmarslott.se\/wp-content\/uploads\/2022\/04\/kalmar4199-scaled.jpg","contentUrl":"https:\/\/kalmarslott.se\/wp-content\/uploads\/2022\/04\/kalmar4199-scaled.jpg","width":2560,"height":1703,"caption":"Hovnarr Kalmar Slott"},{"@type":"BreadcrumbList","@id":"https:\/\/kalmarslott.se\/en\/barnens-sondag\/#breadcrumb","itemListElement":[{"@type":"ListItem","position":1,"name":"Hem","item":"https:\/\/kalmarslott.se\/en\/"},{"@type":"ListItem","position":2,"name":"Barnens s\u00f6ndag"}]},{"@type":"WebSite","@id":"https:\/\/kalmarslott.se\/en\/#website","url":"https:\/\/kalmarslott.se\/en\/","name":"Kalmar Slott","description":"Ett riktigt slott","potentialAction":[{"@type":"SearchAction","target":{"@type":"EntryPoint","urlTemplate":"https:\/\/kalmarslott.se\/en\/?s={search_term_string}"},"query-input":{"@type":"PropertyValueSpecification","valueRequired":true,"valueName":"search_term_string"}}],"inLanguage":"en-US"}]}},"_links":{"self":[{"href":"https:\/\/kalmarslott.se\/en\/wp-json\/wp\/v2\/pages\/4661","targetHints":{"allow":["GET"]}}],"collection":[{"href":"https:\/\/kalmarslott.se\/en\/wp-json\/wp\/v2\/pages"}],"about":[{"href":"https:\/\/kalmarslott.se\/en\/wp-json\/wp\/v2\/types\/page"}],"author":[{"embeddable":true,"href":"https:\/\/kalmarslott.se\/en\/wp-json\/wp\/v2\/users\/1"}],"replies":[{"embeddable":true,"href":"https:\/\/kalmarslott.se\/en\/wp-json\/wp\/v2\/comments?post=4661"}],"version-history":[{"count":43,"href":"https:\/\/kalmarslott.se\/en\/wp-json\/wp\/v2\/pages\/4661\/revisions"}],"predecessor-version":[{"id":13521,"href":"https:\/\/kalmarslott.se\/en\/wp-json\/wp\/v2\/pages\/4661\/revisions\/13521"}],"wp:featuredmedia":[{"embeddable":true,"href":"https:\/\/kalmarslott.se\/en\/wp-json\/wp\/v2\/media\/4128"}],"wp:attachment":[{"href":"https:\/\/kalmarslott.se\/en\/wp-json\/wp\/v2\/media?parent=4661"}],"curies":[{"name":"wp","href":"https:\/\/api.w.org\/{rel}","templated":true}]}}