{"id":451,"date":"2022-06-10T23:34:58","date_gmt":"2022-06-10T21:34:58","guid":{"rendered":"https:\/\/kalmarslott.se\/?page_id=451"},"modified":"2026-04-16T12:54:48","modified_gmt":"2026-04-16T10:54:48","slug":"schema-for-ordinarie-guidade-turer","status":"publish","type":"page","link":"https:\/\/kalmarslott.se\/en\/se-gora\/schema-for-ordinarie-guidade-turer\/","title":{"rendered":"Schema f\u00f6r ordinarie guidade turer"},"content":{"rendered":"<h2>Information:<\/h2>\n<ul>\n<li>Alla guidade turer ing\u00e5r i entr\u00e9priset.<\/li>\n<li>Ingen f\u00f6rbokning kr\u00e4vs.<\/li>\n<\/ul>\n<h3>26 mars &#8211; 31 maj<\/h3>\n<table class=\"table-prices\">\n<tbody>\n<tr>\n<td style=\"text-align: left;\"><a href=\"https:\/\/kalmarslott.se\/guidningar\/sjalen-skarmen-och-lyckan\/\">Sj\u00e4len, sk\u00e4rmen och lyckan<\/a><\/td>\n<td>Dagligen<\/td>\n<td>kl. 11.00<\/td>\n<\/tr>\n<tr>\n<td style=\"text-align: left;\"><a href=\"https:\/\/kalmarslott.se\/guidningar\/slottsguidning-i-paradvaningen\/\">Slottsguidning i Paradv\u00e5ningen<\/a><\/td>\n<td>Dagligen<\/td>\n<td>kl. 13.00<\/td>\n<\/tr>\n<tr>\n<td style=\"text-align: left;\"><a href=\"https:\/\/kalmarslott.se\/guidningar\/sjalen-skarmen-och-lyckan\/\">Sj\u00e4len, sk\u00e4rmen och lyckan<\/a><\/td>\n<td>Dagligen<\/td>\n<td>kl. 14.30<\/td>\n<\/tr>\n<\/tbody>\n<\/table>\n<p>&nbsp;<\/p>\n<p><strong>S\u00f6ndagen 26 maj<\/strong> tillkommer riddarguidning f\u00f6r alla barn kl. 11.00<\/p>\n","protected":false},"excerpt":{"rendered":"<p>Information: Alla guidade turer ing\u00e5r i entr\u00e9priset. Ingen f\u00f6rbokning kr\u00e4vs. 26 mars &#8211; 31 maj Sj\u00e4len, sk\u00e4rmen och lyckan Dagligen kl. 11.00 Slottsguidning i Paradv\u00e5ningen Dagligen kl. 13.00 Sj\u00e4len, sk\u00e4rmen och lyckan Dagligen kl. 14.30 &nbsp; S\u00f6ndagen 26 maj tillkommer riddarguidning f\u00f6r alla barn kl. 11.00<\/p>\n","protected":false},"author":1,"featured_media":722,"parent":449,"menu_order":0,"comment_status":"closed","ping_status":"closed","template":"","meta":{"_acf_changed":false,"footnotes":""},"class_list":["post-451","page","type-page","status-publish","has-post-thumbnail","hentry"],"acf":[],"yoast_head":"<!-- This site is optimized with the Yoast SEO plugin v27.3 - https:\/\/yoast.com\/product\/yoast-seo-wordpress\/ -->\n<title>Schema f\u00f6r ordinarie guidade turer - Kalmar Slott<\/title>\n<meta name=\"robots\" content=\"index, follow, max-snippet:-1, max-image-preview:large, max-video-preview:-1\" \/>\n<link rel=\"canonical\" href=\"https:\/\/kalmarslott.se\/en\/se-gora\/schema-for-ordinarie-guidade-turer\/\" \/>\n<meta property=\"og:locale\" content=\"en_US\" \/>\n<meta property=\"og:type\" content=\"article\" \/>\n<meta property=\"og:title\" content=\"Schema f\u00f6r ordinarie guidade turer - Kalmar Slott\" \/>\n<meta property=\"og:description\" content=\"Information: Alla guidade turer ing\u00e5r i entr\u00e9priset. Ingen f\u00f6rbokning kr\u00e4vs. 26 mars &#8211; 31 maj Sj\u00e4len, sk\u00e4rmen och lyckan Dagligen kl. 11.00 Slottsguidning i Paradv\u00e5ningen Dagligen kl. 13.00 Sj\u00e4len, sk\u00e4rmen och lyckan Dagligen kl. 14.30 &nbsp; S\u00f6ndagen 26 maj tillkommer riddarguidning f\u00f6r alla barn kl. 11.00\" \/>\n<meta property=\"og:url\" content=\"https:\/\/kalmarslott.se\/en\/se-gora\/schema-for-ordinarie-guidade-turer\/\" \/>\n<meta property=\"og:site_name\" content=\"Kalmar Slott\" \/>\n<meta property=\"article:modified_time\" content=\"2026-04-16T10:54:48+00:00\" \/>\n<meta property=\"og:image\" content=\"https:\/\/kalmarslott.se\/wp-content\/uploads\/2022\/06\/segoraschema-scaled.jpg\" \/>\n\t<meta property=\"og:image:width\" content=\"2560\" \/>\n\t<meta property=\"og:image:height\" content=\"1707\" \/>\n\t<meta property=\"og:image:type\" content=\"image\/jpeg\" \/>\n<meta name=\"twitter:card\" content=\"summary_large_image\" \/>\n<meta name=\"twitter:label1\" content=\"Est. reading time\" \/>\n\t<meta name=\"twitter:data1\" content=\"1 minute\" \/>\n<script type=\"application\/ld+json\" class=\"yoast-schema-graph\">{\"@context\":\"https:\\\/\\\/schema.org\",\"@graph\":[{\"@type\":\"WebPage\",\"@id\":\"https:\\\/\\\/kalmarslott.se\\\/en\\\/se-gora\\\/schema-for-ordinarie-guidade-turer\\\/\",\"url\":\"https:\\\/\\\/kalmarslott.se\\\/en\\\/se-gora\\\/schema-for-ordinarie-guidade-turer\\\/\",\"name\":\"Schema f\u00f6r ordinarie guidade turer - Kalmar Slott\",\"isPartOf\":{\"@id\":\"https:\\\/\\\/kalmarslott.se\\\/en\\\/#website\"},\"primaryImageOfPage\":{\"@id\":\"https:\\\/\\\/kalmarslott.se\\\/en\\\/se-gora\\\/schema-for-ordinarie-guidade-turer\\\/#primaryimage\"},\"image\":{\"@id\":\"https:\\\/\\\/kalmarslott.se\\\/en\\\/se-gora\\\/schema-for-ordinarie-guidade-turer\\\/#primaryimage\"},\"thumbnailUrl\":\"https:\\\/\\\/kalmarslott.se\\\/wp-content\\\/uploads\\\/2022\\\/06\\\/segoraschema-scaled.jpg\",\"datePublished\":\"2022-06-10T21:34:58+00:00\",\"dateModified\":\"2026-04-16T10:54:48+00:00\",\"breadcrumb\":{\"@id\":\"https:\\\/\\\/kalmarslott.se\\\/en\\\/se-gora\\\/schema-for-ordinarie-guidade-turer\\\/#breadcrumb\"},\"inLanguage\":\"en-US\",\"potentialAction\":[{\"@type\":\"ReadAction\",\"target\":[\"https:\\\/\\\/kalmarslott.se\\\/en\\\/se-gora\\\/schema-for-ordinarie-guidade-turer\\\/\"]}]},{\"@type\":\"ImageObject\",\"inLanguage\":\"en-US\",\"@id\":\"https:\\\/\\\/kalmarslott.se\\\/en\\\/se-gora\\\/schema-for-ordinarie-guidade-turer\\\/#primaryimage\",\"url\":\"https:\\\/\\\/kalmarslott.se\\\/wp-content\\\/uploads\\\/2022\\\/06\\\/segoraschema-scaled.jpg\",\"contentUrl\":\"https:\\\/\\\/kalmarslott.se\\\/wp-content\\\/uploads\\\/2022\\\/06\\\/segoraschema-scaled.jpg\",\"width\":2560,\"height\":1707,\"caption\":\"Schema guidade turer\"},{\"@type\":\"BreadcrumbList\",\"@id\":\"https:\\\/\\\/kalmarslott.se\\\/en\\\/se-gora\\\/schema-for-ordinarie-guidade-turer\\\/#breadcrumb\",\"itemListElement\":[{\"@type\":\"ListItem\",\"position\":1,\"name\":\"Hem\",\"item\":\"https:\\\/\\\/kalmarslott.se\\\/en\\\/\"},{\"@type\":\"ListItem\",\"position\":2,\"name\":\"Se &#038; g\u00f6ra\",\"item\":\"https:\\\/\\\/kalmarslott.se\\\/en\\\/se-gora\\\/\"},{\"@type\":\"ListItem\",\"position\":3,\"name\":\"Schema f\u00f6r ordinarie guidade turer\"}]},{\"@type\":\"WebSite\",\"@id\":\"https:\\\/\\\/kalmarslott.se\\\/en\\\/#website\",\"url\":\"https:\\\/\\\/kalmarslott.se\\\/en\\\/\",\"name\":\"Kalmar Slott\",\"description\":\"Ett riktigt slott\",\"potentialAction\":[{\"@type\":\"SearchAction\",\"target\":{\"@type\":\"EntryPoint\",\"urlTemplate\":\"https:\\\/\\\/kalmarslott.se\\\/en\\\/?s={search_term_string}\"},\"query-input\":{\"@type\":\"PropertyValueSpecification\",\"valueRequired\":true,\"valueName\":\"search_term_string\"}}],\"inLanguage\":\"en-US\"}]}<\/script>\n<!-- \/ Yoast SEO plugin. -->","yoast_head_json":{"title":"Schema f\u00f6r ordinarie guidade turer - Kalmar Slott","robots":{"index":"index","follow":"follow","max-snippet":"max-snippet:-1","max-image-preview":"max-image-preview:large","max-video-preview":"max-video-preview:-1"},"canonical":"https:\/\/kalmarslott.se\/en\/se-gora\/schema-for-ordinarie-guidade-turer\/","og_locale":"en_US","og_type":"article","og_title":"Schema f\u00f6r ordinarie guidade turer - Kalmar Slott","og_description":"Information: Alla guidade turer ing\u00e5r i entr\u00e9priset. Ingen f\u00f6rbokning kr\u00e4vs. 26 mars &#8211; 31 maj Sj\u00e4len, sk\u00e4rmen och lyckan Dagligen kl. 11.00 Slottsguidning i Paradv\u00e5ningen Dagligen kl. 13.00 Sj\u00e4len, sk\u00e4rmen och lyckan Dagligen kl. 14.30 &nbsp; S\u00f6ndagen 26 maj tillkommer riddarguidning f\u00f6r alla barn kl. 11.00","og_url":"https:\/\/kalmarslott.se\/en\/se-gora\/schema-for-ordinarie-guidade-turer\/","og_site_name":"Kalmar Slott","article_modified_time":"2026-04-16T10:54:48+00:00","og_image":[{"width":2560,"height":1707,"url":"https:\/\/kalmarslott.se\/wp-content\/uploads\/2022\/06\/segoraschema-scaled.jpg","type":"image\/jpeg"}],"twitter_card":"summary_large_image","twitter_misc":{"Est. reading time":"1 minute"},"schema":{"@context":"https:\/\/schema.org","@graph":[{"@type":"WebPage","@id":"https:\/\/kalmarslott.se\/en\/se-gora\/schema-for-ordinarie-guidade-turer\/","url":"https:\/\/kalmarslott.se\/en\/se-gora\/schema-for-ordinarie-guidade-turer\/","name":"Schema f\u00f6r ordinarie guidade turer - Kalmar Slott","isPartOf":{"@id":"https:\/\/kalmarslott.se\/en\/#website"},"primaryImageOfPage":{"@id":"https:\/\/kalmarslott.se\/en\/se-gora\/schema-for-ordinarie-guidade-turer\/#primaryimage"},"image":{"@id":"https:\/\/kalmarslott.se\/en\/se-gora\/schema-for-ordinarie-guidade-turer\/#primaryimage"},"thumbnailUrl":"https:\/\/kalmarslott.se\/wp-content\/uploads\/2022\/06\/segoraschema-scaled.jpg","datePublished":"2022-06-10T21:34:58+00:00","dateModified":"2026-04-16T10:54:48+00:00","breadcrumb":{"@id":"https:\/\/kalmarslott.se\/en\/se-gora\/schema-for-ordinarie-guidade-turer\/#breadcrumb"},"inLanguage":"en-US","potentialAction":[{"@type":"ReadAction","target":["https:\/\/kalmarslott.se\/en\/se-gora\/schema-for-ordinarie-guidade-turer\/"]}]},{"@type":"ImageObject","inLanguage":"en-US","@id":"https:\/\/kalmarslott.se\/en\/se-gora\/schema-for-ordinarie-guidade-turer\/#primaryimage","url":"https:\/\/kalmarslott.se\/wp-content\/uploads\/2022\/06\/segoraschema-scaled.jpg","contentUrl":"https:\/\/kalmarslott.se\/wp-content\/uploads\/2022\/06\/segoraschema-scaled.jpg","width":2560,"height":1707,"caption":"Schema guidade turer"},{"@type":"BreadcrumbList","@id":"https:\/\/kalmarslott.se\/en\/se-gora\/schema-for-ordinarie-guidade-turer\/#breadcrumb","itemListElement":[{"@type":"ListItem","position":1,"name":"Hem","item":"https:\/\/kalmarslott.se\/en\/"},{"@type":"ListItem","position":2,"name":"Se &#038; g\u00f6ra","item":"https:\/\/kalmarslott.se\/en\/se-gora\/"},{"@type":"ListItem","position":3,"name":"Schema f\u00f6r ordinarie guidade turer"}]},{"@type":"WebSite","@id":"https:\/\/kalmarslott.se\/en\/#website","url":"https:\/\/kalmarslott.se\/en\/","name":"Kalmar Slott","description":"Ett riktigt slott","potentialAction":[{"@type":"SearchAction","target":{"@type":"EntryPoint","urlTemplate":"https:\/\/kalmarslott.se\/en\/?s={search_term_string}"},"query-input":{"@type":"PropertyValueSpecification","valueRequired":true,"valueName":"search_term_string"}}],"inLanguage":"en-US"}]}},"_links":{"self":[{"href":"https:\/\/kalmarslott.se\/en\/wp-json\/wp\/v2\/pages\/451","targetHints":{"allow":["GET"]}}],"collection":[{"href":"https:\/\/kalmarslott.se\/en\/wp-json\/wp\/v2\/pages"}],"about":[{"href":"https:\/\/kalmarslott.se\/en\/wp-json\/wp\/v2\/types\/page"}],"author":[{"embeddable":true,"href":"https:\/\/kalmarslott.se\/en\/wp-json\/wp\/v2\/users\/1"}],"replies":[{"embeddable":true,"href":"https:\/\/kalmarslott.se\/en\/wp-json\/wp\/v2\/comments?post=451"}],"version-history":[{"count":311,"href":"https:\/\/kalmarslott.se\/en\/wp-json\/wp\/v2\/pages\/451\/revisions"}],"predecessor-version":[{"id":13523,"href":"https:\/\/kalmarslott.se\/en\/wp-json\/wp\/v2\/pages\/451\/revisions\/13523"}],"up":[{"embeddable":true,"href":"https:\/\/kalmarslott.se\/en\/wp-json\/wp\/v2\/pages\/449"}],"wp:featuredmedia":[{"embeddable":true,"href":"https:\/\/kalmarslott.se\/en\/wp-json\/wp\/v2\/media\/722"}],"wp:attachment":[{"href":"https:\/\/kalmarslott.se\/en\/wp-json\/wp\/v2\/media?parent=451"}],"curies":[{"name":"wp","href":"https:\/\/api.w.org\/{rel}","templated":true}]}}