{"id":3338,"date":"2022-06-29T08:03:09","date_gmt":"2022-06-29T06:03:09","guid":{"rendered":"https:\/\/kalmarslott.se\/?page_id=3338"},"modified":"2022-06-29T08:04:25","modified_gmt":"2022-06-29T06:04:25","slug":"prinsessguidning-i-slottets-salar","status":"publish","type":"page","link":"https:\/\/kalmarslott.se\/en\/se-gora\/barnens-slott\/prinsessguidning-i-slottets-salar\/","title":{"rendered":"Prinsessguidning i slottets salar"},"content":{"rendered":"<p>Prinsessan visar bland annat hur man bugar f\u00f6r drottningen, ber\u00e4ttar om hur prinsessor sover och vad kungafamiljen \u00e4ter mm. Om man har tur kanske hon visar f\u00e4ngelseh\u00e5lan, men ber\u00e4tta det d\u00e5 inte f\u00f6r n\u00e5gon!<\/p>\n<p><img loading=\"lazy\" decoding=\"async\" src=\"https:\/\/kalmarslott.se\/wp-content\/uploads\/2022\/06\/segoraguidningarprinsessguidningprinsessaivackraklader1-scaled.jpg\" alt=\"Prinsessguidning\" width=\"2423\" height=\"2560\" class=\"alignnone size-full wp-image-1062\" srcset=\"https:\/\/kalmarslott.se\/wp-content\/uploads\/2022\/06\/segoraguidningarprinsessguidningprinsessaivackraklader1-scaled.jpg 2423w, https:\/\/kalmarslott.se\/wp-content\/uploads\/2022\/06\/segoraguidningarprinsessguidningprinsessaivackraklader1-284x300.jpg 284w, https:\/\/kalmarslott.se\/wp-content\/uploads\/2022\/06\/segoraguidningarprinsessguidningprinsessaivackraklader1-969x1024.jpg 969w, https:\/\/kalmarslott.se\/wp-content\/uploads\/2022\/06\/segoraguidningarprinsessguidningprinsessaivackraklader1-768x811.jpg 768w, https:\/\/kalmarslott.se\/wp-content\/uploads\/2022\/06\/segoraguidningarprinsessguidningprinsessaivackraklader1-1454x1536.jpg 1454w, https:\/\/kalmarslott.se\/wp-content\/uploads\/2022\/06\/segoraguidningarprinsessguidningprinsessaivackraklader1-1938x2048.jpg 1938w\" sizes=\"auto, (max-width: 2423px) 100vw, 2423px\" \/><\/p>\n","protected":false},"excerpt":{"rendered":"<p>Prinsessan visar bland annat hur man bugar f\u00f6r drottningen, ber\u00e4ttar om hur prinsessor sover och vad kungafamiljen \u00e4ter mm. Om man har tur kanske hon visar f\u00e4ngelseh\u00e5lan, men ber\u00e4tta det d\u00e5 inte f\u00f6r n\u00e5gon!<\/p>\n","protected":false},"author":2,"featured_media":1062,"parent":1222,"menu_order":0,"comment_status":"closed","ping_status":"closed","template":"","meta":{"_acf_changed":false,"footnotes":""},"class_list":["post-3338","page","type-page","status-publish","has-post-thumbnail","hentry"],"acf":[],"yoast_head":"<!-- This site is optimized with the Yoast SEO plugin v27.5 - https:\/\/yoast.com\/product\/yoast-seo-wordpress\/ -->\n<title>Prinsessguidning i slottets salar - Kalmar Slott<\/title>\n<meta name=\"robots\" content=\"index, follow, max-snippet:-1, max-image-preview:large, max-video-preview:-1\" \/>\n<link rel=\"canonical\" href=\"https:\/\/kalmarslott.se\/en\/se-gora\/barnens-slott\/prinsessguidning-i-slottets-salar\/\" \/>\n<meta property=\"og:locale\" content=\"en_US\" \/>\n<meta property=\"og:type\" content=\"article\" \/>\n<meta property=\"og:title\" content=\"Prinsessguidning i slottets salar - Kalmar Slott\" \/>\n<meta property=\"og:description\" content=\"Prinsessan visar bland annat hur man bugar f\u00f6r drottningen, ber\u00e4ttar om hur prinsessor sover och vad kungafamiljen \u00e4ter mm. Om man har tur kanske hon visar f\u00e4ngelseh\u00e5lan, men ber\u00e4tta det d\u00e5 inte f\u00f6r n\u00e5gon!\" \/>\n<meta property=\"og:url\" content=\"https:\/\/kalmarslott.se\/en\/se-gora\/barnens-slott\/prinsessguidning-i-slottets-salar\/\" \/>\n<meta property=\"og:site_name\" content=\"Kalmar Slott\" \/>\n<meta property=\"article:modified_time\" content=\"2022-06-29T06:04:25+00:00\" \/>\n<meta property=\"og:image\" content=\"https:\/\/kalmarslott.se\/wp-content\/uploads\/2022\/06\/segoraguidningarprinsessguidningprinsessaivackraklader1-scaled.jpg\" \/>\n\t<meta property=\"og:image:width\" content=\"2423\" \/>\n\t<meta property=\"og:image:height\" content=\"2560\" \/>\n\t<meta property=\"og:image:type\" content=\"image\/jpeg\" \/>\n<meta name=\"twitter:card\" content=\"summary_large_image\" \/>\n<script type=\"application\/ld+json\" class=\"yoast-schema-graph\">{\"@context\":\"https:\\\/\\\/schema.org\",\"@graph\":[{\"@type\":\"WebPage\",\"@id\":\"https:\\\/\\\/kalmarslott.se\\\/en\\\/se-gora\\\/barnens-slott\\\/prinsessguidning-i-slottets-salar\\\/\",\"url\":\"https:\\\/\\\/kalmarslott.se\\\/en\\\/se-gora\\\/barnens-slott\\\/prinsessguidning-i-slottets-salar\\\/\",\"name\":\"Prinsessguidning i slottets salar - Kalmar Slott\",\"isPartOf\":{\"@id\":\"https:\\\/\\\/kalmarslott.se\\\/en\\\/#website\"},\"primaryImageOfPage\":{\"@id\":\"https:\\\/\\\/kalmarslott.se\\\/en\\\/se-gora\\\/barnens-slott\\\/prinsessguidning-i-slottets-salar\\\/#primaryimage\"},\"image\":{\"@id\":\"https:\\\/\\\/kalmarslott.se\\\/en\\\/se-gora\\\/barnens-slott\\\/prinsessguidning-i-slottets-salar\\\/#primaryimage\"},\"thumbnailUrl\":\"https:\\\/\\\/kalmarslott.se\\\/wp-content\\\/uploads\\\/2022\\\/06\\\/segoraguidningarprinsessguidningprinsessaivackraklader1-scaled.jpg\",\"datePublished\":\"2022-06-29T06:03:09+00:00\",\"dateModified\":\"2022-06-29T06:04:25+00:00\",\"breadcrumb\":{\"@id\":\"https:\\\/\\\/kalmarslott.se\\\/en\\\/se-gora\\\/barnens-slott\\\/prinsessguidning-i-slottets-salar\\\/#breadcrumb\"},\"inLanguage\":\"en-US\",\"potentialAction\":[{\"@type\":\"ReadAction\",\"target\":[\"https:\\\/\\\/kalmarslott.se\\\/en\\\/se-gora\\\/barnens-slott\\\/prinsessguidning-i-slottets-salar\\\/\"]}]},{\"@type\":\"ImageObject\",\"inLanguage\":\"en-US\",\"@id\":\"https:\\\/\\\/kalmarslott.se\\\/en\\\/se-gora\\\/barnens-slott\\\/prinsessguidning-i-slottets-salar\\\/#primaryimage\",\"url\":\"https:\\\/\\\/kalmarslott.se\\\/wp-content\\\/uploads\\\/2022\\\/06\\\/segoraguidningarprinsessguidningprinsessaivackraklader1-scaled.jpg\",\"contentUrl\":\"https:\\\/\\\/kalmarslott.se\\\/wp-content\\\/uploads\\\/2022\\\/06\\\/segoraguidningarprinsessguidningprinsessaivackraklader1-scaled.jpg\",\"width\":2423,\"height\":2560,\"caption\":\"Prinsessguidning\"},{\"@type\":\"BreadcrumbList\",\"@id\":\"https:\\\/\\\/kalmarslott.se\\\/en\\\/se-gora\\\/barnens-slott\\\/prinsessguidning-i-slottets-salar\\\/#breadcrumb\",\"itemListElement\":[{\"@type\":\"ListItem\",\"position\":1,\"name\":\"Hem\",\"item\":\"https:\\\/\\\/kalmarslott.se\\\/en\\\/\"},{\"@type\":\"ListItem\",\"position\":2,\"name\":\"Se &#038; g\u00f6ra\",\"item\":\"https:\\\/\\\/kalmarslott.se\\\/en\\\/se-gora\\\/\"},{\"@type\":\"ListItem\",\"position\":3,\"name\":\"Barnens Slott\",\"item\":\"https:\\\/\\\/kalmarslott.se\\\/en\\\/se-gora\\\/barnens-slott\\\/\"},{\"@type\":\"ListItem\",\"position\":4,\"name\":\"Prinsessguidning i slottets salar\"}]},{\"@type\":\"WebSite\",\"@id\":\"https:\\\/\\\/kalmarslott.se\\\/en\\\/#website\",\"url\":\"https:\\\/\\\/kalmarslott.se\\\/en\\\/\",\"name\":\"Kalmar Slott\",\"description\":\"Ett riktigt slott\",\"potentialAction\":[{\"@type\":\"SearchAction\",\"target\":{\"@type\":\"EntryPoint\",\"urlTemplate\":\"https:\\\/\\\/kalmarslott.se\\\/en\\\/?s={search_term_string}\"},\"query-input\":{\"@type\":\"PropertyValueSpecification\",\"valueRequired\":true,\"valueName\":\"search_term_string\"}}],\"inLanguage\":\"en-US\"}]}<\/script>\n<!-- \/ Yoast SEO plugin. -->","yoast_head_json":{"title":"Prinsessguidning i slottets salar - Kalmar Slott","robots":{"index":"index","follow":"follow","max-snippet":"max-snippet:-1","max-image-preview":"max-image-preview:large","max-video-preview":"max-video-preview:-1"},"canonical":"https:\/\/kalmarslott.se\/en\/se-gora\/barnens-slott\/prinsessguidning-i-slottets-salar\/","og_locale":"en_US","og_type":"article","og_title":"Prinsessguidning i slottets salar - Kalmar Slott","og_description":"Prinsessan visar bland annat hur man bugar f\u00f6r drottningen, ber\u00e4ttar om hur prinsessor sover och vad kungafamiljen \u00e4ter mm. Om man har tur kanske hon visar f\u00e4ngelseh\u00e5lan, men ber\u00e4tta det d\u00e5 inte f\u00f6r n\u00e5gon!","og_url":"https:\/\/kalmarslott.se\/en\/se-gora\/barnens-slott\/prinsessguidning-i-slottets-salar\/","og_site_name":"Kalmar Slott","article_modified_time":"2022-06-29T06:04:25+00:00","og_image":[{"width":2423,"height":2560,"url":"https:\/\/kalmarslott.se\/wp-content\/uploads\/2022\/06\/segoraguidningarprinsessguidningprinsessaivackraklader1-scaled.jpg","type":"image\/jpeg"}],"twitter_card":"summary_large_image","schema":{"@context":"https:\/\/schema.org","@graph":[{"@type":"WebPage","@id":"https:\/\/kalmarslott.se\/en\/se-gora\/barnens-slott\/prinsessguidning-i-slottets-salar\/","url":"https:\/\/kalmarslott.se\/en\/se-gora\/barnens-slott\/prinsessguidning-i-slottets-salar\/","name":"Prinsessguidning i slottets salar - Kalmar Slott","isPartOf":{"@id":"https:\/\/kalmarslott.se\/en\/#website"},"primaryImageOfPage":{"@id":"https:\/\/kalmarslott.se\/en\/se-gora\/barnens-slott\/prinsessguidning-i-slottets-salar\/#primaryimage"},"image":{"@id":"https:\/\/kalmarslott.se\/en\/se-gora\/barnens-slott\/prinsessguidning-i-slottets-salar\/#primaryimage"},"thumbnailUrl":"https:\/\/kalmarslott.se\/wp-content\/uploads\/2022\/06\/segoraguidningarprinsessguidningprinsessaivackraklader1-scaled.jpg","datePublished":"2022-06-29T06:03:09+00:00","dateModified":"2022-06-29T06:04:25+00:00","breadcrumb":{"@id":"https:\/\/kalmarslott.se\/en\/se-gora\/barnens-slott\/prinsessguidning-i-slottets-salar\/#breadcrumb"},"inLanguage":"en-US","potentialAction":[{"@type":"ReadAction","target":["https:\/\/kalmarslott.se\/en\/se-gora\/barnens-slott\/prinsessguidning-i-slottets-salar\/"]}]},{"@type":"ImageObject","inLanguage":"en-US","@id":"https:\/\/kalmarslott.se\/en\/se-gora\/barnens-slott\/prinsessguidning-i-slottets-salar\/#primaryimage","url":"https:\/\/kalmarslott.se\/wp-content\/uploads\/2022\/06\/segoraguidningarprinsessguidningprinsessaivackraklader1-scaled.jpg","contentUrl":"https:\/\/kalmarslott.se\/wp-content\/uploads\/2022\/06\/segoraguidningarprinsessguidningprinsessaivackraklader1-scaled.jpg","width":2423,"height":2560,"caption":"Prinsessguidning"},{"@type":"BreadcrumbList","@id":"https:\/\/kalmarslott.se\/en\/se-gora\/barnens-slott\/prinsessguidning-i-slottets-salar\/#breadcrumb","itemListElement":[{"@type":"ListItem","position":1,"name":"Hem","item":"https:\/\/kalmarslott.se\/en\/"},{"@type":"ListItem","position":2,"name":"Se &#038; g\u00f6ra","item":"https:\/\/kalmarslott.se\/en\/se-gora\/"},{"@type":"ListItem","position":3,"name":"Barnens Slott","item":"https:\/\/kalmarslott.se\/en\/se-gora\/barnens-slott\/"},{"@type":"ListItem","position":4,"name":"Prinsessguidning i slottets salar"}]},{"@type":"WebSite","@id":"https:\/\/kalmarslott.se\/en\/#website","url":"https:\/\/kalmarslott.se\/en\/","name":"Kalmar Slott","description":"Ett riktigt slott","potentialAction":[{"@type":"SearchAction","target":{"@type":"EntryPoint","urlTemplate":"https:\/\/kalmarslott.se\/en\/?s={search_term_string}"},"query-input":{"@type":"PropertyValueSpecification","valueRequired":true,"valueName":"search_term_string"}}],"inLanguage":"en-US"}]}},"_links":{"self":[{"href":"https:\/\/kalmarslott.se\/en\/wp-json\/wp\/v2\/pages\/3338","targetHints":{"allow":["GET"]}}],"collection":[{"href":"https:\/\/kalmarslott.se\/en\/wp-json\/wp\/v2\/pages"}],"about":[{"href":"https:\/\/kalmarslott.se\/en\/wp-json\/wp\/v2\/types\/page"}],"author":[{"embeddable":true,"href":"https:\/\/kalmarslott.se\/en\/wp-json\/wp\/v2\/users\/2"}],"replies":[{"embeddable":true,"href":"https:\/\/kalmarslott.se\/en\/wp-json\/wp\/v2\/comments?post=3338"}],"version-history":[{"count":2,"href":"https:\/\/kalmarslott.se\/en\/wp-json\/wp\/v2\/pages\/3338\/revisions"}],"predecessor-version":[{"id":3341,"href":"https:\/\/kalmarslott.se\/en\/wp-json\/wp\/v2\/pages\/3338\/revisions\/3341"}],"up":[{"embeddable":true,"href":"https:\/\/kalmarslott.se\/en\/wp-json\/wp\/v2\/pages\/1222"}],"wp:featuredmedia":[{"embeddable":true,"href":"https:\/\/kalmarslott.se\/en\/wp-json\/wp\/v2\/media\/1062"}],"wp:attachment":[{"href":"https:\/\/kalmarslott.se\/en\/wp-json\/wp\/v2\/media?parent=3338"}],"curies":[{"name":"wp","href":"https:\/\/api.w.org\/{rel}","templated":true}]}}