{"id":2933,"date":"2022-06-26T11:55:45","date_gmt":"2022-06-26T09:55:45","guid":{"rendered":"https:\/\/kalmarslott.se\/?page_id=2933"},"modified":"2025-08-11T09:53:07","modified_gmt":"2025-08-11T07:53:07","slug":"castle-menu","status":"publish","type":"page","link":"https:\/\/kalmarslott.se\/en\/explore\/cafe-restaurant\/castle-menu\/","title":{"rendered":"Castle menu"},"content":{"rendered":"<h2>Lunch<\/h2>\n<p><span style=\"font-weight: 400;\">Served 11 a.m. &#8211; 2 p.m.<\/span><\/p>\n<ul>\n<li><span style=\"font-weight: 400;\"> Today\u2019s special<\/span><span style=\"font-weight: 400;\"><br \/>\n<\/span><span style=\"font-weight: 400;\">Two alternatives. Please check inside the restaurant to see what we offer.<\/span><span style=\"font-weight: 400;\"><br \/>\n<\/span><span style=\"font-weight: 400;\">Include salad, bread, and coffee.<\/span><\/li>\n<\/ul>\n<h2>Caf\u00e9 menu<\/h2>\n<p><span style=\"font-weight: 400;\">Served 11 a.m. &#8211; 2 p.m.<\/span><\/p>\n<ul>\n<li>Dagens sm\u00f6rrebr\u00f6d p\u00e5 Slottets r\u00e5gbr\u00f6d<span style=\"font-weight: 400;\"><br \/>\n<\/span><span style=\"font-weight: 400;\">Scandinavian sandwich made with rye bread.<\/span><\/li>\n<li>Soup made with seasonal greens<span style=\"font-weight: 400;\">\u00a0<\/span><span style=\"font-weight: 400;\"><br \/>\n<\/span><span style=\"font-weight: 400;\">Served with baked egg &#8211; grilled bread &#8211; herb cream cheese &#8211; spicy seeds<\/span><\/li>\n<\/ul>\n<h2>Kid\u2019s menu<\/h2>\n<ul>\n<li><span style=\"font-weight: 400;\"> Kids portion of today&#8217;s special<\/span><\/li>\n<li><span style=\"font-weight: 400;\">Oven baked pancake with whipped cream and jam<\/span><\/li>\n<li><span style=\"font-weight: 400;\">Swedish hot dog with ketchup<\/span><\/li>\n<\/ul>\n<h2>Fika \/ sweets<\/h2>\n<ul>\n<li><span style=\"font-weight: 400;\">Pear- and almond cake served with whipped custard<\/span><\/li>\n<li><span style=\"font-weight: 400;\">Blueberry cake served with whipped custard<\/span><\/li>\n<li><span style=\"font-weight: 400;\">Cinnamon bun<\/span><\/li>\n<li><span style=\"font-weight: 400;\">Vegan chocolate- and coconut cake<\/span><\/li>\n<li><span style=\"font-weight: 400;\">Swedish chocolate ball<\/span><\/li>\n<li><span style=\"font-weight: 400;\">Swedish jam-filled cookie<\/span><\/li>\n<li><span style=\"font-weight: 400;\">Chocolate cookie<\/span><\/li>\n<li><span style=\"font-weight: 400;\">Mocha truffle<\/span><\/li>\n<\/ul>\n<p>&nbsp;<\/p>\n","protected":false},"excerpt":{"rendered":"<p>Lunch Served 11 a.m. &#8211; 2 p.m. Today\u2019s special Two alternatives. Please check inside the restaurant to see what we offer. Include salad, bread, and coffee. Caf\u00e9 menu Served 11 a.m. &#8211; 2 p.m. Dagens sm\u00f6rrebr\u00f6d p\u00e5 Slottets r\u00e5gbr\u00f6d Scandinavian sandwich made with rye bread. Soup made with seasonal greens\u00a0 Served with baked egg &#8211; [&hellip;]<\/p>\n","protected":false},"author":6,"featured_media":1697,"parent":2930,"menu_order":0,"comment_status":"closed","ping_status":"closed","template":"","meta":{"_acf_changed":false,"footnotes":""},"class_list":["post-2933","page","type-page","status-publish","has-post-thumbnail","hentry"],"acf":[],"yoast_head":"<!-- This site is optimized with the Yoast SEO plugin v27.5 - https:\/\/yoast.com\/product\/yoast-seo-wordpress\/ -->\n<title>Castle menu - Kalmar Slott<\/title>\n<meta name=\"robots\" content=\"index, follow, max-snippet:-1, max-image-preview:large, max-video-preview:-1\" \/>\n<link rel=\"canonical\" href=\"https:\/\/kalmarslott.se\/en\/explore\/cafe-restaurant\/castle-menu\/\" \/>\n<meta property=\"og:locale\" content=\"en_US\" \/>\n<meta property=\"og:type\" content=\"article\" \/>\n<meta property=\"og:title\" content=\"Castle menu - Kalmar Slott\" \/>\n<meta property=\"og:description\" content=\"Lunch Served 11 a.m. &#8211; 2 p.m. Today\u2019s special Two alternatives. Please check inside the restaurant to see what we offer. Include salad, bread, and coffee. Caf\u00e9 menu Served 11 a.m. &#8211; 2 p.m. Dagens sm\u00f6rrebr\u00f6d p\u00e5 Slottets r\u00e5gbr\u00f6d Scandinavian sandwich made with rye bread. Soup made with seasonal greens\u00a0 Served with baked egg &#8211; [&hellip;]\" \/>\n<meta property=\"og:url\" content=\"https:\/\/kalmarslott.se\/en\/explore\/cafe-restaurant\/castle-menu\/\" \/>\n<meta property=\"og:site_name\" content=\"Kalmar Slott\" \/>\n<meta property=\"article:modified_time\" content=\"2025-08-11T07:53:07+00:00\" \/>\n<meta property=\"og:image\" content=\"https:\/\/kalmarslott.se\/wp-content\/uploads\/2022\/06\/restaurantjulia-scaled.jpg\" \/>\n\t<meta property=\"og:image:width\" content=\"2560\" \/>\n\t<meta property=\"og:image:height\" content=\"1707\" \/>\n\t<meta property=\"og:image:type\" content=\"image\/jpeg\" \/>\n<meta name=\"twitter:card\" content=\"summary_large_image\" \/>\n<meta name=\"twitter:label1\" content=\"Est. reading time\" \/>\n\t<meta name=\"twitter:data1\" content=\"1 minute\" \/>\n<script type=\"application\/ld+json\" class=\"yoast-schema-graph\">{\"@context\":\"https:\\\/\\\/schema.org\",\"@graph\":[{\"@type\":\"WebPage\",\"@id\":\"https:\\\/\\\/kalmarslott.se\\\/en\\\/explore\\\/cafe-restaurant\\\/castle-menu\\\/\",\"url\":\"https:\\\/\\\/kalmarslott.se\\\/en\\\/explore\\\/cafe-restaurant\\\/castle-menu\\\/\",\"name\":\"Castle menu - Kalmar Slott\",\"isPartOf\":{\"@id\":\"https:\\\/\\\/kalmarslott.se\\\/en\\\/#website\"},\"primaryImageOfPage\":{\"@id\":\"https:\\\/\\\/kalmarslott.se\\\/en\\\/explore\\\/cafe-restaurant\\\/castle-menu\\\/#primaryimage\"},\"image\":{\"@id\":\"https:\\\/\\\/kalmarslott.se\\\/en\\\/explore\\\/cafe-restaurant\\\/castle-menu\\\/#primaryimage\"},\"thumbnailUrl\":\"https:\\\/\\\/kalmarslott.se\\\/wp-content\\\/uploads\\\/2022\\\/06\\\/restaurantjulia-scaled.jpg\",\"datePublished\":\"2022-06-26T09:55:45+00:00\",\"dateModified\":\"2025-08-11T07:53:07+00:00\",\"breadcrumb\":{\"@id\":\"https:\\\/\\\/kalmarslott.se\\\/en\\\/explore\\\/cafe-restaurant\\\/castle-menu\\\/#breadcrumb\"},\"inLanguage\":\"en-US\",\"potentialAction\":[{\"@type\":\"ReadAction\",\"target\":[\"https:\\\/\\\/kalmarslott.se\\\/en\\\/explore\\\/cafe-restaurant\\\/castle-menu\\\/\"]}]},{\"@type\":\"ImageObject\",\"inLanguage\":\"en-US\",\"@id\":\"https:\\\/\\\/kalmarslott.se\\\/en\\\/explore\\\/cafe-restaurant\\\/castle-menu\\\/#primaryimage\",\"url\":\"https:\\\/\\\/kalmarslott.se\\\/wp-content\\\/uploads\\\/2022\\\/06\\\/restaurantjulia-scaled.jpg\",\"contentUrl\":\"https:\\\/\\\/kalmarslott.se\\\/wp-content\\\/uploads\\\/2022\\\/06\\\/restaurantjulia-scaled.jpg\",\"width\":2560,\"height\":1707,\"caption\":\"Restaurant Julia\"},{\"@type\":\"BreadcrumbList\",\"@id\":\"https:\\\/\\\/kalmarslott.se\\\/en\\\/explore\\\/cafe-restaurant\\\/castle-menu\\\/#breadcrumb\",\"itemListElement\":[{\"@type\":\"ListItem\",\"position\":1,\"name\":\"Hem\",\"item\":\"https:\\\/\\\/kalmarslott.se\\\/en\\\/\"},{\"@type\":\"ListItem\",\"position\":2,\"name\":\"Explore\",\"item\":\"https:\\\/\\\/kalmarslott.se\\\/en\\\/explore\\\/\"},{\"@type\":\"ListItem\",\"position\":3,\"name\":\"Caf\u00e9 &#038; Restaurant\",\"item\":\"https:\\\/\\\/kalmarslott.se\\\/en\\\/explore\\\/cafe-restaurant\\\/\"},{\"@type\":\"ListItem\",\"position\":4,\"name\":\"Castle menu\"}]},{\"@type\":\"WebSite\",\"@id\":\"https:\\\/\\\/kalmarslott.se\\\/en\\\/#website\",\"url\":\"https:\\\/\\\/kalmarslott.se\\\/en\\\/\",\"name\":\"Kalmar Slott\",\"description\":\"Ett riktigt slott\",\"potentialAction\":[{\"@type\":\"SearchAction\",\"target\":{\"@type\":\"EntryPoint\",\"urlTemplate\":\"https:\\\/\\\/kalmarslott.se\\\/en\\\/?s={search_term_string}\"},\"query-input\":{\"@type\":\"PropertyValueSpecification\",\"valueRequired\":true,\"valueName\":\"search_term_string\"}}],\"inLanguage\":\"en-US\"}]}<\/script>\n<!-- \/ Yoast SEO plugin. -->","yoast_head_json":{"title":"Castle menu - Kalmar Slott","robots":{"index":"index","follow":"follow","max-snippet":"max-snippet:-1","max-image-preview":"max-image-preview:large","max-video-preview":"max-video-preview:-1"},"canonical":"https:\/\/kalmarslott.se\/en\/explore\/cafe-restaurant\/castle-menu\/","og_locale":"en_US","og_type":"article","og_title":"Castle menu - Kalmar Slott","og_description":"Lunch Served 11 a.m. &#8211; 2 p.m. Today\u2019s special Two alternatives. Please check inside the restaurant to see what we offer. Include salad, bread, and coffee. Caf\u00e9 menu Served 11 a.m. &#8211; 2 p.m. Dagens sm\u00f6rrebr\u00f6d p\u00e5 Slottets r\u00e5gbr\u00f6d Scandinavian sandwich made with rye bread. Soup made with seasonal greens\u00a0 Served with baked egg &#8211; [&hellip;]","og_url":"https:\/\/kalmarslott.se\/en\/explore\/cafe-restaurant\/castle-menu\/","og_site_name":"Kalmar Slott","article_modified_time":"2025-08-11T07:53:07+00:00","og_image":[{"width":2560,"height":1707,"url":"https:\/\/kalmarslott.se\/wp-content\/uploads\/2022\/06\/restaurantjulia-scaled.jpg","type":"image\/jpeg"}],"twitter_card":"summary_large_image","twitter_misc":{"Est. reading time":"1 minute"},"schema":{"@context":"https:\/\/schema.org","@graph":[{"@type":"WebPage","@id":"https:\/\/kalmarslott.se\/en\/explore\/cafe-restaurant\/castle-menu\/","url":"https:\/\/kalmarslott.se\/en\/explore\/cafe-restaurant\/castle-menu\/","name":"Castle menu - Kalmar Slott","isPartOf":{"@id":"https:\/\/kalmarslott.se\/en\/#website"},"primaryImageOfPage":{"@id":"https:\/\/kalmarslott.se\/en\/explore\/cafe-restaurant\/castle-menu\/#primaryimage"},"image":{"@id":"https:\/\/kalmarslott.se\/en\/explore\/cafe-restaurant\/castle-menu\/#primaryimage"},"thumbnailUrl":"https:\/\/kalmarslott.se\/wp-content\/uploads\/2022\/06\/restaurantjulia-scaled.jpg","datePublished":"2022-06-26T09:55:45+00:00","dateModified":"2025-08-11T07:53:07+00:00","breadcrumb":{"@id":"https:\/\/kalmarslott.se\/en\/explore\/cafe-restaurant\/castle-menu\/#breadcrumb"},"inLanguage":"en-US","potentialAction":[{"@type":"ReadAction","target":["https:\/\/kalmarslott.se\/en\/explore\/cafe-restaurant\/castle-menu\/"]}]},{"@type":"ImageObject","inLanguage":"en-US","@id":"https:\/\/kalmarslott.se\/en\/explore\/cafe-restaurant\/castle-menu\/#primaryimage","url":"https:\/\/kalmarslott.se\/wp-content\/uploads\/2022\/06\/restaurantjulia-scaled.jpg","contentUrl":"https:\/\/kalmarslott.se\/wp-content\/uploads\/2022\/06\/restaurantjulia-scaled.jpg","width":2560,"height":1707,"caption":"Restaurant Julia"},{"@type":"BreadcrumbList","@id":"https:\/\/kalmarslott.se\/en\/explore\/cafe-restaurant\/castle-menu\/#breadcrumb","itemListElement":[{"@type":"ListItem","position":1,"name":"Hem","item":"https:\/\/kalmarslott.se\/en\/"},{"@type":"ListItem","position":2,"name":"Explore","item":"https:\/\/kalmarslott.se\/en\/explore\/"},{"@type":"ListItem","position":3,"name":"Caf\u00e9 &#038; Restaurant","item":"https:\/\/kalmarslott.se\/en\/explore\/cafe-restaurant\/"},{"@type":"ListItem","position":4,"name":"Castle menu"}]},{"@type":"WebSite","@id":"https:\/\/kalmarslott.se\/en\/#website","url":"https:\/\/kalmarslott.se\/en\/","name":"Kalmar Slott","description":"Ett riktigt slott","potentialAction":[{"@type":"SearchAction","target":{"@type":"EntryPoint","urlTemplate":"https:\/\/kalmarslott.se\/en\/?s={search_term_string}"},"query-input":{"@type":"PropertyValueSpecification","valueRequired":true,"valueName":"search_term_string"}}],"inLanguage":"en-US"}]}},"_links":{"self":[{"href":"https:\/\/kalmarslott.se\/en\/wp-json\/wp\/v2\/pages\/2933","targetHints":{"allow":["GET"]}}],"collection":[{"href":"https:\/\/kalmarslott.se\/en\/wp-json\/wp\/v2\/pages"}],"about":[{"href":"https:\/\/kalmarslott.se\/en\/wp-json\/wp\/v2\/types\/page"}],"author":[{"embeddable":true,"href":"https:\/\/kalmarslott.se\/en\/wp-json\/wp\/v2\/users\/6"}],"replies":[{"embeddable":true,"href":"https:\/\/kalmarslott.se\/en\/wp-json\/wp\/v2\/comments?post=2933"}],"version-history":[{"count":11,"href":"https:\/\/kalmarslott.se\/en\/wp-json\/wp\/v2\/pages\/2933\/revisions"}],"predecessor-version":[{"id":11843,"href":"https:\/\/kalmarslott.se\/en\/wp-json\/wp\/v2\/pages\/2933\/revisions\/11843"}],"up":[{"embeddable":true,"href":"https:\/\/kalmarslott.se\/en\/wp-json\/wp\/v2\/pages\/2930"}],"wp:featuredmedia":[{"embeddable":true,"href":"https:\/\/kalmarslott.se\/en\/wp-json\/wp\/v2\/media\/1697"}],"wp:attachment":[{"href":"https:\/\/kalmarslott.se\/en\/wp-json\/wp\/v2\/media?parent=2933"}],"curies":[{"name":"wp","href":"https:\/\/api.w.org\/{rel}","templated":true}]}}