{"id":13520,"date":"2026-04-20T08:00:37","date_gmt":"2026-04-20T06:00:37","guid":{"rendered":"https:\/\/kalmarslott.se\/?page_id=13520"},"modified":"2026-04-16T14:28:17","modified_gmt":"2026-04-16T12:28:17","slug":"antikrundan-pa-kalmar-slott","status":"publish","type":"page","link":"https:\/\/kalmarslott.se\/en\/antikrundan-pa-kalmar-slott\/","title":{"rendered":"Antikrundan p\u00e5 Kalmar Slott"},"content":{"rendered":"<p><b><span data-contrast=\"auto\"><img loading=\"lazy\" decoding=\"async\" class=\"aligncenter wp-image-13524 size-large\" src=\"https:\/\/kalmarslott.se\/wp-content\/uploads\/2026\/04\/pressbild-liggande-ar-1024x576.jpg\" alt=\"Antikrundan Kalmar Slott\" width=\"1024\" height=\"576\" srcset=\"https:\/\/kalmarslott.se\/wp-content\/uploads\/2026\/04\/pressbild-liggande-ar-1024x576.jpg 1024w, https:\/\/kalmarslott.se\/wp-content\/uploads\/2026\/04\/pressbild-liggande-ar-300x169.jpg 300w, https:\/\/kalmarslott.se\/wp-content\/uploads\/2026\/04\/pressbild-liggande-ar-768x432.jpg 768w, https:\/\/kalmarslott.se\/wp-content\/uploads\/2026\/04\/pressbild-liggande-ar-1536x864.jpg 1536w, https:\/\/kalmarslott.se\/wp-content\/uploads\/2026\/04\/pressbild-liggande-ar-1200x675.jpg 1200w, https:\/\/kalmarslott.se\/wp-content\/uploads\/2026\/04\/pressbild-liggande-ar.jpg 1920w\" sizes=\"auto, (max-width: 1024px) 100vw, 1024px\" \/><\/span><\/b><\/p>\n<p><b><span data-contrast=\"auto\">Kalmar Slott \u00e4r en av de platser som f\u00e5r bes\u00f6k av Antikrundan sommaren 2026. Den 28 augusti kan du komma till Kalmar Slott och f\u00e5 dina f\u00f6rem\u00e5l v\u00e4rderade.<\/span><\/b><span data-ccp-props=\"{}\">\u00a0<\/span><\/p>\n<p><span data-contrast=\"auto\">I augusti \u00e4r det dags f\u00f6r den 38 s\u00e4songen av Antikrundan att ta plats runt om i Sverige. \u00c5rets turn\u00e9 stannar till i fem utvalda st\u00e4der: V\u00e4ster\u00e5s, Karlstad, G\u00f6teborg, Kalmar och Lund. Det blir ett uppdaterat format d\u00e4r publiken f\u00e5r uppleva mer fr\u00e5n varje plats \u00e4n tidigare.<\/span><span data-ccp-props=\"{}\">\u00a0<\/span><\/p>\n<p><b><span data-contrast=\"auto\">Till Kalmar Slott kommer Antikrundan fredagen den 28 augusti.\u00a0<\/span><\/b><span data-contrast=\"auto\">Det \u00e4r \u00f6ppet mellan klockan 10.00 &#8211; 18.00 men du kan s\u00e5klart komma tidigare och st\u00e4lla dig i k\u00f6n. Alla som kommer f\u00f6re klockan 18.00 f\u00e5r sina saker v\u00e4rderade av Antikrundans experter. Du f\u00e5r ta med dig max 10 f\u00f6rem\u00e5l.<\/span><\/p>\n<h2><span class=\"TextRun SCXW207759328 BCX8\" lang=\"SV-SE\" xml:lang=\"SV-SE\" data-contrast=\"auto\"><span class=\"NormalTextRun SCXW207759328 BCX8\">Vanliga fr\u00e5gor<\/span><\/span><\/h2>\n<h4><span class=\"TextRun SCXW223136454 BCX8\" lang=\"SV-SE\" xml:lang=\"SV-SE\" data-contrast=\"auto\"><span class=\"NormalTextRun SCXW223136454 BCX8\">M\u00e5ste jag anm\u00e4la mig f\u00f6r att komma p\u00e5 Antikrundan?<\/span><\/span><span class=\"EOP SCXW223136454 BCX8\" data-ccp-props=\"{}\">\u00a0<\/span><\/h4>\n<p><span data-contrast=\"auto\">Nej det m\u00e5ste du inte. Det \u00e4r bara att dyka upp! Anm\u00e4lan \u00e4r fr\u00e4mst till f\u00f6r st\u00f6rre m\u00f6bler och f\u00f6rem\u00e5l som man \u00f6nskar f\u00e5 transporthj\u00e4lp med. OBS! Antikrundan v\u00e4ljer sedan ut n\u00e5gra enstaka m\u00f6bler\/f\u00f6rem\u00e5l som h\u00e4mtas till varje inspelning.<\/span><span data-ccp-props=\"{}\">\u00a0<\/span><\/p>\n<p><span data-contrast=\"auto\">Anm\u00e4ler g\u00f6r du via sidan: <\/span><a href=\"http:\/\/antikrundan.svt.se\"><span data-contrast=\"none\">antikrundan.svt.se<\/span><\/a><span data-ccp-props=\"{}\">\u00a0<\/span><\/p>\n<p><span class=\"TextRun SCXW20217463 BCX8\" lang=\"SV-SE\" xml:lang=\"SV-SE\" data-contrast=\"auto\"><span class=\"NormalTextRun SCXW20217463 BCX8\">D\u00e4remot\u00a0<\/span><\/span><em><span class=\"TextRun SCXW20217463 BCX8\" lang=\"SV-SE\" xml:lang=\"SV-SE\" data-contrast=\"auto\"><span class=\"NormalTextRun SCXW20217463 BCX8\">g\u00e5r det<\/span><\/span><\/em><span class=\"TextRun SCXW20217463 BCX8\" lang=\"SV-SE\" xml:lang=\"SV-SE\" data-contrast=\"auto\"><span class=\"NormalTextRun SCXW20217463 BCX8\">\u00a0att anm\u00e4la sig \u00e4ven om man har mindre f\u00f6rem\u00e5l. S\u00e5dana anm\u00e4lningar tar vi tacksamt emot d\u00e5 det ger oss en liten fingervisning om hur m\u00e5nga som kan t\u00e4nkas dyka upp.<\/span><\/span><span class=\"EOP SCXW20217463 BCX8\" data-ccp-props=\"{}\">\u00a0<\/span><\/p>\n<h4>Hur m\u00e5nga f\u00f6rem\u00e5l f\u00e5r jag ta med mig?<\/h4>\n<p><span data-contrast=\"auto\">Du f\u00e5r ta med dig max 10 f\u00f6rem\u00e5l per person.<\/span><span data-ccp-props=\"{}\">\u00a0<\/span><\/p>\n<h4>Vilka tider har ni \u00f6ppet?<\/h4>\n<p><span data-contrast=\"auto\">Vi har \u00f6ppet mellan klockan 10.00 &#8211; 18.00.<\/span><span data-ccp-props=\"{}\">\u00a0<\/span><\/p>\n<p><span data-contrast=\"auto\">Man kan sj\u00e4lvklart komma tidigare och st\u00e4lla sig i k\u00f6n. Alla som kommer f\u00f6re klockan 18.00 f\u00e5r sina saker v\u00e4rderade av v\u00e5ra experter.<\/span><span data-ccp-props=\"{}\">\u00a0<\/span><\/p>\n<h4>Vad beh\u00f6ver jag ha med mig till Antikrundan?<\/h4>\n<p><span data-contrast=\"auto\">Antikrundan \u00e4r en rolig dag men r\u00e4kna med n\u00e5gra timmar p\u00e5 plats. Bra att ha med sig \u00e4r f\u00e4llbar stol, lite fika, och framf\u00f6r allt vatten om det \u00e4r en varm dag. Kaffe med mera finns oftast att k\u00f6pa p\u00e5 plats.<\/span><span data-ccp-props=\"{}\">\u00a0<\/span><\/p>\n<h4>\u00c4r det n\u00e5got ni inte v\u00e4rderar?<\/h4>\n<p><span data-contrast=\"auto\">Vi v\u00e4rderar allt utom mynt, frim\u00e4rken, fordon och musikinstrument.<\/span><\/p>\n<h4>N\u00e4r kommer programmet fr\u00e5n Kalmar att s\u00e4ndas?<\/h4>\n<p><span data-contrast=\"auto\">Avsnitten som spelas in i Kalmar 2026 kommer att s\u00e4ndas i SVT v\u00e5ren 2027.<\/span><span data-ccp-props=\"{}\">\u00a0<\/span><\/p>\n<h2>Vanliga fr\u00e5gor om bes\u00f6ket p\u00e5 Kalmar Slott<\/h2>\n<h4>Har slottet \u00f6ppet som vanligt?<\/h4>\n<p><span data-contrast=\"auto\">Kalmar Slott har \u00f6ppet som vanligt f\u00f6r allm\u00e4nheten den 28 augusti. \u00d6ppettider: kl. 10.00-17.00. Det kommer finnas en separat k\u00f6 f\u00f6r den som \u00f6nskar\u00a0att\u00a0bara\u00a0bes\u00f6ka slottet.<\/span><span data-ccp-props=\"{&quot;134233117&quot;:false,&quot;134233118&quot;:false,&quot;201341983&quot;:0,&quot;335551550&quot;:1,&quot;335551620&quot;:1,&quot;335559685&quot;:0,&quot;335559737&quot;:0,&quot;335559738&quot;:0,&quot;335559739&quot;:160,&quot;335559740&quot;:259}\">\u00a0<\/span><\/p>\n<h4>Var finns det parkeringsplatser?<\/h4>\n<p>Det finns parkering l\u00e4ngst med gatorna runt Kalmar Slott. Det finns \u00e4ven en st\u00f6rre parkering mot centralstationen samt mot Kalmarsundsparken. V\u00e4nligen se karta under\u00a0<a href=\"https:\/\/kalmarslott.se\/infor-besoket\/hitta-hit\/\">Hitta hit<\/a>.<\/p>\n<p>Det kommer vara h\u00f6gt tryck p\u00e5 parkeringar under dagen s\u00e5 vi uppmanar alla som kan att ta sig till slottet kollektivt, till fots eller cykel.<\/p>\n<h4><b><span data-contrast=\"auto\">F\u00e5r jag ta med mig hunden?<\/span><\/b><span data-ccp-props=\"{}\">\u00a0<\/span><\/h4>\n<p><span data-contrast=\"auto\">Hundar f\u00f6r inte medtagas in p\u00e5 Kalmar Slott, men f\u00e5r vistas utomhus p\u00e5 slottsomr\u00e5det. T\u00e4nk p\u00e5 att inte l\u00e4mna hunden obevakad eller bunden utanf\u00f6r slottet.<\/span><\/p>\n<h4 style=\"text-align: center;\"><a href=\"https:\/\/kalmarslott.se\/vanliga-fragor\/\">Svar p\u00e5 fler vanliga fr\u00e5gor finner du h\u00e4r<\/a><\/h4>\n<h2><b><span data-contrast=\"auto\">Antikrundan p\u00e5 SVT Play<\/span><\/b><span data-ccp-props=\"{}\">\u00a0<\/span><\/h2>\n<p><span data-contrast=\"auto\">1989 gjorde SVT det f\u00f6rsta svenska Antikrundan i samarbete med BBC:s The\u00a0Antiques\u00a0Roadshow, som d\u00e5 funnits i tolv \u00e5r. Inspelningarna i Helsing\u00f6r och Malm\u00f6 blev starten p\u00e5 ett program som idag \u00e4r en \u00e4lskad institution i svensk tv.\u00a0<\/span><span data-ccp-props=\"{}\">\u00a0<\/span><\/p>\n<p><span data-contrast=\"auto\">Avsnitten som spelas in i Kalmar kommer att s\u00e4ndas i SVT v\u00e5ren 2027.<\/span><span data-ccp-props=\"{}\">\u00a0<\/span><\/p>\n<p><a href=\"https:\/\/www.svtplay.se\/antikrundan\"><span data-contrast=\"none\">Se tidigare avsnitt av Antikrundan<\/span><\/a><span data-ccp-props=\"{}\">\u00a0<\/span><\/p>\n","protected":false},"excerpt":{"rendered":"<p>Kalmar Slott \u00e4r en av de platser som f\u00e5r bes\u00f6k av Antikrundan sommaren 2026. Den 28 augusti kan du komma till Kalmar Slott och f\u00e5 dina f\u00f6rem\u00e5l v\u00e4rderade.\u00a0 I augusti \u00e4r det dags f\u00f6r den 38 s\u00e4songen av Antikrundan att ta plats runt om i Sverige. \u00c5rets turn\u00e9 stannar till i fem utvalda st\u00e4der: V\u00e4ster\u00e5s, [&hellip;]<\/p>\n","protected":false},"author":9,"featured_media":13524,"parent":0,"menu_order":0,"comment_status":"closed","ping_status":"closed","template":"","meta":{"_acf_changed":false,"footnotes":""},"class_list":["post-13520","page","type-page","status-publish","has-post-thumbnail","hentry"],"acf":[],"yoast_head":"<!-- This site is optimized with the Yoast SEO plugin v27.3 - https:\/\/yoast.com\/product\/yoast-seo-wordpress\/ -->\n<title>Antikrundan p\u00e5 Kalmar Slott - Kalmar Slott<\/title>\n<meta name=\"robots\" content=\"index, follow, max-snippet:-1, max-image-preview:large, max-video-preview:-1\" \/>\n<link rel=\"canonical\" href=\"https:\/\/kalmarslott.se\/en\/antikrundan-pa-kalmar-slott\/\" \/>\n<meta property=\"og:locale\" content=\"en_US\" \/>\n<meta property=\"og:type\" content=\"article\" \/>\n<meta property=\"og:title\" content=\"Antikrundan p\u00e5 Kalmar Slott - Kalmar Slott\" \/>\n<meta property=\"og:description\" content=\"Kalmar Slott \u00e4r en av de platser som f\u00e5r bes\u00f6k av Antikrundan sommaren 2026. Den 28 augusti kan du komma till Kalmar Slott och f\u00e5 dina f\u00f6rem\u00e5l v\u00e4rderade.\u00a0 I augusti \u00e4r det dags f\u00f6r den 38 s\u00e4songen av Antikrundan att ta plats runt om i Sverige. \u00c5rets turn\u00e9 stannar till i fem utvalda st\u00e4der: V\u00e4ster\u00e5s, [&hellip;]\" \/>\n<meta property=\"og:url\" content=\"https:\/\/kalmarslott.se\/en\/antikrundan-pa-kalmar-slott\/\" \/>\n<meta property=\"og:site_name\" content=\"Kalmar Slott\" \/>\n<meta property=\"og:image\" content=\"https:\/\/kalmarslott.se\/wp-content\/uploads\/2026\/04\/pressbild-liggande-ar.jpg\" \/>\n\t<meta property=\"og:image:width\" content=\"1920\" \/>\n\t<meta property=\"og:image:height\" content=\"1080\" \/>\n\t<meta property=\"og:image:type\" content=\"image\/jpeg\" \/>\n<meta name=\"twitter:card\" content=\"summary_large_image\" \/>\n<meta name=\"twitter:label1\" content=\"Est. reading time\" \/>\n\t<meta name=\"twitter:data1\" content=\"4 minutes\" \/>\n<script type=\"application\/ld+json\" class=\"yoast-schema-graph\">{\"@context\":\"https:\\\/\\\/schema.org\",\"@graph\":[{\"@type\":\"WebPage\",\"@id\":\"https:\\\/\\\/kalmarslott.se\\\/en\\\/antikrundan-pa-kalmar-slott\\\/\",\"url\":\"https:\\\/\\\/kalmarslott.se\\\/en\\\/antikrundan-pa-kalmar-slott\\\/\",\"name\":\"Antikrundan p\u00e5 Kalmar Slott - Kalmar Slott\",\"isPartOf\":{\"@id\":\"https:\\\/\\\/kalmarslott.se\\\/en\\\/#website\"},\"primaryImageOfPage\":{\"@id\":\"https:\\\/\\\/kalmarslott.se\\\/en\\\/antikrundan-pa-kalmar-slott\\\/#primaryimage\"},\"image\":{\"@id\":\"https:\\\/\\\/kalmarslott.se\\\/en\\\/antikrundan-pa-kalmar-slott\\\/#primaryimage\"},\"thumbnailUrl\":\"https:\\\/\\\/kalmarslott.se\\\/wp-content\\\/uploads\\\/2026\\\/04\\\/pressbild-liggande-ar.jpg\",\"datePublished\":\"2026-04-20T06:00:37+00:00\",\"breadcrumb\":{\"@id\":\"https:\\\/\\\/kalmarslott.se\\\/en\\\/antikrundan-pa-kalmar-slott\\\/#breadcrumb\"},\"inLanguage\":\"en-US\",\"potentialAction\":[{\"@type\":\"ReadAction\",\"target\":[\"https:\\\/\\\/kalmarslott.se\\\/en\\\/antikrundan-pa-kalmar-slott\\\/\"]}]},{\"@type\":\"ImageObject\",\"inLanguage\":\"en-US\",\"@id\":\"https:\\\/\\\/kalmarslott.se\\\/en\\\/antikrundan-pa-kalmar-slott\\\/#primaryimage\",\"url\":\"https:\\\/\\\/kalmarslott.se\\\/wp-content\\\/uploads\\\/2026\\\/04\\\/pressbild-liggande-ar.jpg\",\"contentUrl\":\"https:\\\/\\\/kalmarslott.se\\\/wp-content\\\/uploads\\\/2026\\\/04\\\/pressbild-liggande-ar.jpg\",\"width\":1920,\"height\":1080,\"caption\":\"Antikrundan Kalmar Slott\"},{\"@type\":\"BreadcrumbList\",\"@id\":\"https:\\\/\\\/kalmarslott.se\\\/en\\\/antikrundan-pa-kalmar-slott\\\/#breadcrumb\",\"itemListElement\":[{\"@type\":\"ListItem\",\"position\":1,\"name\":\"Hem\",\"item\":\"https:\\\/\\\/kalmarslott.se\\\/en\\\/\"},{\"@type\":\"ListItem\",\"position\":2,\"name\":\"Antikrundan p\u00e5 Kalmar Slott\"}]},{\"@type\":\"WebSite\",\"@id\":\"https:\\\/\\\/kalmarslott.se\\\/en\\\/#website\",\"url\":\"https:\\\/\\\/kalmarslott.se\\\/en\\\/\",\"name\":\"Kalmar Slott\",\"description\":\"Ett riktigt slott\",\"potentialAction\":[{\"@type\":\"SearchAction\",\"target\":{\"@type\":\"EntryPoint\",\"urlTemplate\":\"https:\\\/\\\/kalmarslott.se\\\/en\\\/?s={search_term_string}\"},\"query-input\":{\"@type\":\"PropertyValueSpecification\",\"valueRequired\":true,\"valueName\":\"search_term_string\"}}],\"inLanguage\":\"en-US\"}]}<\/script>\n<!-- \/ Yoast SEO plugin. -->","yoast_head_json":{"title":"Antikrundan p\u00e5 Kalmar Slott - Kalmar Slott","robots":{"index":"index","follow":"follow","max-snippet":"max-snippet:-1","max-image-preview":"max-image-preview:large","max-video-preview":"max-video-preview:-1"},"canonical":"https:\/\/kalmarslott.se\/en\/antikrundan-pa-kalmar-slott\/","og_locale":"en_US","og_type":"article","og_title":"Antikrundan p\u00e5 Kalmar Slott - Kalmar Slott","og_description":"Kalmar Slott \u00e4r en av de platser som f\u00e5r bes\u00f6k av Antikrundan sommaren 2026. Den 28 augusti kan du komma till Kalmar Slott och f\u00e5 dina f\u00f6rem\u00e5l v\u00e4rderade.\u00a0 I augusti \u00e4r det dags f\u00f6r den 38 s\u00e4songen av Antikrundan att ta plats runt om i Sverige. \u00c5rets turn\u00e9 stannar till i fem utvalda st\u00e4der: V\u00e4ster\u00e5s, [&hellip;]","og_url":"https:\/\/kalmarslott.se\/en\/antikrundan-pa-kalmar-slott\/","og_site_name":"Kalmar Slott","og_image":[{"width":1920,"height":1080,"url":"https:\/\/kalmarslott.se\/wp-content\/uploads\/2026\/04\/pressbild-liggande-ar.jpg","type":"image\/jpeg"}],"twitter_card":"summary_large_image","twitter_misc":{"Est. reading time":"4 minutes"},"schema":{"@context":"https:\/\/schema.org","@graph":[{"@type":"WebPage","@id":"https:\/\/kalmarslott.se\/en\/antikrundan-pa-kalmar-slott\/","url":"https:\/\/kalmarslott.se\/en\/antikrundan-pa-kalmar-slott\/","name":"Antikrundan p\u00e5 Kalmar Slott - Kalmar Slott","isPartOf":{"@id":"https:\/\/kalmarslott.se\/en\/#website"},"primaryImageOfPage":{"@id":"https:\/\/kalmarslott.se\/en\/antikrundan-pa-kalmar-slott\/#primaryimage"},"image":{"@id":"https:\/\/kalmarslott.se\/en\/antikrundan-pa-kalmar-slott\/#primaryimage"},"thumbnailUrl":"https:\/\/kalmarslott.se\/wp-content\/uploads\/2026\/04\/pressbild-liggande-ar.jpg","datePublished":"2026-04-20T06:00:37+00:00","breadcrumb":{"@id":"https:\/\/kalmarslott.se\/en\/antikrundan-pa-kalmar-slott\/#breadcrumb"},"inLanguage":"en-US","potentialAction":[{"@type":"ReadAction","target":["https:\/\/kalmarslott.se\/en\/antikrundan-pa-kalmar-slott\/"]}]},{"@type":"ImageObject","inLanguage":"en-US","@id":"https:\/\/kalmarslott.se\/en\/antikrundan-pa-kalmar-slott\/#primaryimage","url":"https:\/\/kalmarslott.se\/wp-content\/uploads\/2026\/04\/pressbild-liggande-ar.jpg","contentUrl":"https:\/\/kalmarslott.se\/wp-content\/uploads\/2026\/04\/pressbild-liggande-ar.jpg","width":1920,"height":1080,"caption":"Antikrundan Kalmar Slott"},{"@type":"BreadcrumbList","@id":"https:\/\/kalmarslott.se\/en\/antikrundan-pa-kalmar-slott\/#breadcrumb","itemListElement":[{"@type":"ListItem","position":1,"name":"Hem","item":"https:\/\/kalmarslott.se\/en\/"},{"@type":"ListItem","position":2,"name":"Antikrundan p\u00e5 Kalmar Slott"}]},{"@type":"WebSite","@id":"https:\/\/kalmarslott.se\/en\/#website","url":"https:\/\/kalmarslott.se\/en\/","name":"Kalmar Slott","description":"Ett riktigt slott","potentialAction":[{"@type":"SearchAction","target":{"@type":"EntryPoint","urlTemplate":"https:\/\/kalmarslott.se\/en\/?s={search_term_string}"},"query-input":{"@type":"PropertyValueSpecification","valueRequired":true,"valueName":"search_term_string"}}],"inLanguage":"en-US"}]}},"_links":{"self":[{"href":"https:\/\/kalmarslott.se\/en\/wp-json\/wp\/v2\/pages\/13520","targetHints":{"allow":["GET"]}}],"collection":[{"href":"https:\/\/kalmarslott.se\/en\/wp-json\/wp\/v2\/pages"}],"about":[{"href":"https:\/\/kalmarslott.se\/en\/wp-json\/wp\/v2\/types\/page"}],"author":[{"embeddable":true,"href":"https:\/\/kalmarslott.se\/en\/wp-json\/wp\/v2\/users\/9"}],"replies":[{"embeddable":true,"href":"https:\/\/kalmarslott.se\/en\/wp-json\/wp\/v2\/comments?post=13520"}],"version-history":[{"count":4,"href":"https:\/\/kalmarslott.se\/en\/wp-json\/wp\/v2\/pages\/13520\/revisions"}],"predecessor-version":[{"id":13531,"href":"https:\/\/kalmarslott.se\/en\/wp-json\/wp\/v2\/pages\/13520\/revisions\/13531"}],"wp:featuredmedia":[{"embeddable":true,"href":"https:\/\/kalmarslott.se\/en\/wp-json\/wp\/v2\/media\/13524"}],"wp:attachment":[{"href":"https:\/\/kalmarslott.se\/en\/wp-json\/wp\/v2\/media?parent=13520"}],"curies":[{"name":"wp","href":"https:\/\/api.w.org\/{rel}","templated":true}]}}