{"id":1272,"date":"2022-06-20T10:54:49","date_gmt":"2022-06-20T08:54:49","guid":{"rendered":"https:\/\/kalmarslott.se\/?page_id=1272"},"modified":"2022-06-28T18:10:07","modified_gmt":"2022-06-28T16:10:07","slug":"vara-evenemang","status":"publish","type":"page","link":"https:\/\/kalmarslott.se\/en\/se-gora\/vara-evenemang\/","title":{"rendered":"V\u00e5ra evenemang"},"content":{"rendered":"<p><span style=\"font-weight: 400;\">Under \u00e5ret har vi flera musikevenemang, f\u00f6rel\u00e4sningar, barnaktiviteter, specialguidningar och annat sp\u00e4nnande.<\/span><\/p>\n<p><img loading=\"lazy\" decoding=\"async\" class=\"alignnone size-medium wp-image-718\" src=\"https:\/\/kalmarslott.se\/wp-content\/uploads\/2022\/06\/segoraevenemang-300x200.jpg\" alt=\"\" width=\"300\" height=\"200\" srcset=\"https:\/\/kalmarslott.se\/wp-content\/uploads\/2022\/06\/segoraevenemang-300x200.jpg 300w, https:\/\/kalmarslott.se\/wp-content\/uploads\/2022\/06\/segoraevenemang-1024x683.jpg 1024w, https:\/\/kalmarslott.se\/wp-content\/uploads\/2022\/06\/segoraevenemang-768x512.jpg 768w\" sizes=\"auto, (max-width: 300px) 100vw, 300px\" \/><\/p>\n","protected":false},"excerpt":{"rendered":"<p>Under \u00e5ret har vi flera musikevenemang, f\u00f6rel\u00e4sningar, barnaktiviteter, specialguidningar och annat sp\u00e4nnande.<\/p>\n","protected":false},"author":1,"featured_media":718,"parent":449,"menu_order":0,"comment_status":"closed","ping_status":"closed","template":"","meta":{"_acf_changed":false,"footnotes":""},"class_list":["post-1272","page","type-page","status-publish","has-post-thumbnail","hentry"],"acf":[],"yoast_head":"<!-- This site is optimized with the Yoast SEO plugin v27.3 - https:\/\/yoast.com\/product\/yoast-seo-wordpress\/ -->\n<title>V\u00e5ra evenemang - Kalmar Slott<\/title>\n<meta name=\"robots\" content=\"index, follow, max-snippet:-1, max-image-preview:large, max-video-preview:-1\" \/>\n<link rel=\"canonical\" href=\"https:\/\/kalmarslott.se\/en\/se-gora\/vara-evenemang\/\" \/>\n<meta property=\"og:locale\" content=\"en_US\" \/>\n<meta property=\"og:type\" content=\"article\" \/>\n<meta property=\"og:title\" content=\"V\u00e5ra evenemang - Kalmar Slott\" \/>\n<meta property=\"og:description\" content=\"Under \u00e5ret har vi flera musikevenemang, f\u00f6rel\u00e4sningar, barnaktiviteter, specialguidningar och annat sp\u00e4nnande.\" \/>\n<meta property=\"og:url\" content=\"https:\/\/kalmarslott.se\/en\/se-gora\/vara-evenemang\/\" \/>\n<meta property=\"og:site_name\" content=\"Kalmar Slott\" \/>\n<meta property=\"article:modified_time\" content=\"2022-06-28T16:10:07+00:00\" \/>\n<meta property=\"og:image\" content=\"https:\/\/kalmarslott.se\/wp-content\/uploads\/2022\/06\/segoraevenemang-1024x683.jpg\" \/>\n\t<meta property=\"og:image:width\" content=\"1024\" \/>\n\t<meta property=\"og:image:height\" content=\"683\" \/>\n\t<meta property=\"og:image:type\" content=\"image\/jpeg\" \/>\n<meta name=\"twitter:card\" content=\"summary_large_image\" \/>\n<meta name=\"twitter:label1\" content=\"Est. reading time\" \/>\n\t<meta name=\"twitter:data1\" content=\"1 minute\" \/>\n<script type=\"application\/ld+json\" class=\"yoast-schema-graph\">{\"@context\":\"https:\\\/\\\/schema.org\",\"@graph\":[{\"@type\":\"WebPage\",\"@id\":\"https:\\\/\\\/kalmarslott.se\\\/en\\\/se-gora\\\/vara-evenemang\\\/\",\"url\":\"https:\\\/\\\/kalmarslott.se\\\/en\\\/se-gora\\\/vara-evenemang\\\/\",\"name\":\"V\u00e5ra evenemang - Kalmar Slott\",\"isPartOf\":{\"@id\":\"https:\\\/\\\/kalmarslott.se\\\/en\\\/#website\"},\"primaryImageOfPage\":{\"@id\":\"https:\\\/\\\/kalmarslott.se\\\/en\\\/se-gora\\\/vara-evenemang\\\/#primaryimage\"},\"image\":{\"@id\":\"https:\\\/\\\/kalmarslott.se\\\/en\\\/se-gora\\\/vara-evenemang\\\/#primaryimage\"},\"thumbnailUrl\":\"https:\\\/\\\/kalmarslott.se\\\/wp-content\\\/uploads\\\/2022\\\/06\\\/segoraevenemang.jpg\",\"datePublished\":\"2022-06-20T08:54:49+00:00\",\"dateModified\":\"2022-06-28T16:10:07+00:00\",\"breadcrumb\":{\"@id\":\"https:\\\/\\\/kalmarslott.se\\\/en\\\/se-gora\\\/vara-evenemang\\\/#breadcrumb\"},\"inLanguage\":\"en-US\",\"potentialAction\":[{\"@type\":\"ReadAction\",\"target\":[\"https:\\\/\\\/kalmarslott.se\\\/en\\\/se-gora\\\/vara-evenemang\\\/\"]}]},{\"@type\":\"ImageObject\",\"inLanguage\":\"en-US\",\"@id\":\"https:\\\/\\\/kalmarslott.se\\\/en\\\/se-gora\\\/vara-evenemang\\\/#primaryimage\",\"url\":\"https:\\\/\\\/kalmarslott.se\\\/wp-content\\\/uploads\\\/2022\\\/06\\\/segoraevenemang.jpg\",\"contentUrl\":\"https:\\\/\\\/kalmarslott.se\\\/wp-content\\\/uploads\\\/2022\\\/06\\\/segoraevenemang.jpg\",\"width\":7784,\"height\":5189,\"caption\":\"Se & g\u00f6ra Kalmar slott - Evenemang\"},{\"@type\":\"BreadcrumbList\",\"@id\":\"https:\\\/\\\/kalmarslott.se\\\/en\\\/se-gora\\\/vara-evenemang\\\/#breadcrumb\",\"itemListElement\":[{\"@type\":\"ListItem\",\"position\":1,\"name\":\"Hem\",\"item\":\"https:\\\/\\\/kalmarslott.se\\\/en\\\/\"},{\"@type\":\"ListItem\",\"position\":2,\"name\":\"Se &#038; g\u00f6ra\",\"item\":\"https:\\\/\\\/kalmarslott.se\\\/en\\\/se-gora\\\/\"},{\"@type\":\"ListItem\",\"position\":3,\"name\":\"V\u00e5ra evenemang\"}]},{\"@type\":\"WebSite\",\"@id\":\"https:\\\/\\\/kalmarslott.se\\\/en\\\/#website\",\"url\":\"https:\\\/\\\/kalmarslott.se\\\/en\\\/\",\"name\":\"Kalmar Slott\",\"description\":\"Ett riktigt slott\",\"potentialAction\":[{\"@type\":\"SearchAction\",\"target\":{\"@type\":\"EntryPoint\",\"urlTemplate\":\"https:\\\/\\\/kalmarslott.se\\\/en\\\/?s={search_term_string}\"},\"query-input\":{\"@type\":\"PropertyValueSpecification\",\"valueRequired\":true,\"valueName\":\"search_term_string\"}}],\"inLanguage\":\"en-US\"}]}<\/script>\n<!-- \/ Yoast SEO plugin. -->","yoast_head_json":{"title":"V\u00e5ra evenemang - Kalmar Slott","robots":{"index":"index","follow":"follow","max-snippet":"max-snippet:-1","max-image-preview":"max-image-preview:large","max-video-preview":"max-video-preview:-1"},"canonical":"https:\/\/kalmarslott.se\/en\/se-gora\/vara-evenemang\/","og_locale":"en_US","og_type":"article","og_title":"V\u00e5ra evenemang - Kalmar Slott","og_description":"Under \u00e5ret har vi flera musikevenemang, f\u00f6rel\u00e4sningar, barnaktiviteter, specialguidningar och annat sp\u00e4nnande.","og_url":"https:\/\/kalmarslott.se\/en\/se-gora\/vara-evenemang\/","og_site_name":"Kalmar Slott","article_modified_time":"2022-06-28T16:10:07+00:00","og_image":[{"width":1024,"height":683,"url":"https:\/\/kalmarslott.se\/wp-content\/uploads\/2022\/06\/segoraevenemang-1024x683.jpg","type":"image\/jpeg"}],"twitter_card":"summary_large_image","twitter_misc":{"Est. reading time":"1 minute"},"schema":{"@context":"https:\/\/schema.org","@graph":[{"@type":"WebPage","@id":"https:\/\/kalmarslott.se\/en\/se-gora\/vara-evenemang\/","url":"https:\/\/kalmarslott.se\/en\/se-gora\/vara-evenemang\/","name":"V\u00e5ra evenemang - Kalmar Slott","isPartOf":{"@id":"https:\/\/kalmarslott.se\/en\/#website"},"primaryImageOfPage":{"@id":"https:\/\/kalmarslott.se\/en\/se-gora\/vara-evenemang\/#primaryimage"},"image":{"@id":"https:\/\/kalmarslott.se\/en\/se-gora\/vara-evenemang\/#primaryimage"},"thumbnailUrl":"https:\/\/kalmarslott.se\/wp-content\/uploads\/2022\/06\/segoraevenemang.jpg","datePublished":"2022-06-20T08:54:49+00:00","dateModified":"2022-06-28T16:10:07+00:00","breadcrumb":{"@id":"https:\/\/kalmarslott.se\/en\/se-gora\/vara-evenemang\/#breadcrumb"},"inLanguage":"en-US","potentialAction":[{"@type":"ReadAction","target":["https:\/\/kalmarslott.se\/en\/se-gora\/vara-evenemang\/"]}]},{"@type":"ImageObject","inLanguage":"en-US","@id":"https:\/\/kalmarslott.se\/en\/se-gora\/vara-evenemang\/#primaryimage","url":"https:\/\/kalmarslott.se\/wp-content\/uploads\/2022\/06\/segoraevenemang.jpg","contentUrl":"https:\/\/kalmarslott.se\/wp-content\/uploads\/2022\/06\/segoraevenemang.jpg","width":7784,"height":5189,"caption":"Se & g\u00f6ra Kalmar slott - Evenemang"},{"@type":"BreadcrumbList","@id":"https:\/\/kalmarslott.se\/en\/se-gora\/vara-evenemang\/#breadcrumb","itemListElement":[{"@type":"ListItem","position":1,"name":"Hem","item":"https:\/\/kalmarslott.se\/en\/"},{"@type":"ListItem","position":2,"name":"Se &#038; g\u00f6ra","item":"https:\/\/kalmarslott.se\/en\/se-gora\/"},{"@type":"ListItem","position":3,"name":"V\u00e5ra evenemang"}]},{"@type":"WebSite","@id":"https:\/\/kalmarslott.se\/en\/#website","url":"https:\/\/kalmarslott.se\/en\/","name":"Kalmar Slott","description":"Ett riktigt slott","potentialAction":[{"@type":"SearchAction","target":{"@type":"EntryPoint","urlTemplate":"https:\/\/kalmarslott.se\/en\/?s={search_term_string}"},"query-input":{"@type":"PropertyValueSpecification","valueRequired":true,"valueName":"search_term_string"}}],"inLanguage":"en-US"}]}},"_links":{"self":[{"href":"https:\/\/kalmarslott.se\/en\/wp-json\/wp\/v2\/pages\/1272","targetHints":{"allow":["GET"]}}],"collection":[{"href":"https:\/\/kalmarslott.se\/en\/wp-json\/wp\/v2\/pages"}],"about":[{"href":"https:\/\/kalmarslott.se\/en\/wp-json\/wp\/v2\/types\/page"}],"author":[{"embeddable":true,"href":"https:\/\/kalmarslott.se\/en\/wp-json\/wp\/v2\/users\/1"}],"replies":[{"embeddable":true,"href":"https:\/\/kalmarslott.se\/en\/wp-json\/wp\/v2\/comments?post=1272"}],"version-history":[{"count":1,"href":"https:\/\/kalmarslott.se\/en\/wp-json\/wp\/v2\/pages\/1272\/revisions"}],"predecessor-version":[{"id":1273,"href":"https:\/\/kalmarslott.se\/en\/wp-json\/wp\/v2\/pages\/1272\/revisions\/1273"}],"up":[{"embeddable":true,"href":"https:\/\/kalmarslott.se\/en\/wp-json\/wp\/v2\/pages\/449"}],"wp:featuredmedia":[{"embeddable":true,"href":"https:\/\/kalmarslott.se\/en\/wp-json\/wp\/v2\/media\/718"}],"wp:attachment":[{"href":"https:\/\/kalmarslott.se\/en\/wp-json\/wp\/v2\/media?parent=1272"}],"curies":[{"name":"wp","href":"https:\/\/api.w.org\/{rel}","templated":true}]}}