{"id":1226,"date":"2022-06-20T10:14:26","date_gmt":"2022-06-20T08:14:26","guid":{"rendered":"https:\/\/kalmarslott.se\/?page_id=1226"},"modified":"2023-02-23T12:15:27","modified_gmt":"2023-02-23T10:15:27","slug":"astro-i-mystiska-tornet","status":"publish","type":"page","link":"https:\/\/kalmarslott.se\/en\/se-gora\/barnens-slott\/astro-i-mystiska-tornet\/","title":{"rendered":"Astro i Mystiska tornet"},"content":{"rendered":"<h2><b>Gnistrande stj\u00e4rnor och glimmande guld<\/b><\/h2>\n<p><b>Kom in och uppt\u00e4ck Mystiska tornets hemligheter!<\/b><\/p>\n<p><span style=\"font-weight: 400;\">L\u00e5t dig inspireras av observatoriet och njut av den gnistrande stj\u00e4rnhimlen. M\u00f6t den l\u00e4rda Miramos Epistimus, \u00e4ven kallad Astro, som kommit vida fr\u00e5n kontinenten f\u00f6r att inviga kung Erik XIV i universums mysterier. P\u00e5 beg\u00e4ran av kungen har Astro \u00e4ven den stora uppgiften att framst\u00e4lla rent guld.<\/span><\/p>\n<p><span style=\"font-weight: 400;\">Tr\u00e4ffa Astro i Mystiska tornet och upplev sp\u00e4nnande experiment i jakten p\u00e5 guld.\u00a0<\/span><\/p>\n<p><iframe loading=\"lazy\" title=\"Barnens slott: Astro i Mystiska tornet\" width=\"500\" height=\"281\" src=\"https:\/\/www.youtube.com\/embed\/p9wybe67y1A?feature=oembed\" frameborder=\"0\" allow=\"accelerometer; autoplay; clipboard-write; encrypted-media; gyroscope; picture-in-picture; web-share\" referrerpolicy=\"strict-origin-when-cross-origin\" allowfullscreen><\/iframe><\/p>\n<p>&nbsp;<\/p>\n","protected":false},"excerpt":{"rendered":"<p>Gnistrande stj\u00e4rnor och glimmande guld Kom in och uppt\u00e4ck Mystiska tornets hemligheter! L\u00e5t dig inspireras av observatoriet och njut av den gnistrande stj\u00e4rnhimlen. M\u00f6t den l\u00e4rda Miramos Epistimus, \u00e4ven kallad Astro, som kommit vida fr\u00e5n kontinenten f\u00f6r att inviga kung Erik XIV i universums mysterier. P\u00e5 beg\u00e4ran av kungen har Astro \u00e4ven den stora uppgiften [&hellip;]<\/p>\n","protected":false},"author":1,"featured_media":2959,"parent":1222,"menu_order":0,"comment_status":"closed","ping_status":"closed","template":"","meta":{"_acf_changed":false,"footnotes":""},"class_list":["post-1226","page","type-page","status-publish","has-post-thumbnail","hentry"],"acf":[],"yoast_head":"<!-- This site is optimized with the Yoast SEO plugin v27.3 - https:\/\/yoast.com\/product\/yoast-seo-wordpress\/ -->\n<title>Astro i Mystiska tornet - Kalmar Slott<\/title>\n<meta name=\"robots\" content=\"index, follow, max-snippet:-1, max-image-preview:large, max-video-preview:-1\" \/>\n<link rel=\"canonical\" href=\"https:\/\/kalmarslott.se\/en\/se-gora\/barnens-slott\/astro-i-mystiska-tornet\/\" \/>\n<meta property=\"og:locale\" content=\"en_US\" \/>\n<meta property=\"og:type\" content=\"article\" \/>\n<meta property=\"og:title\" content=\"Astro i Mystiska tornet - Kalmar Slott\" \/>\n<meta property=\"og:description\" content=\"Gnistrande stj\u00e4rnor och glimmande guld Kom in och uppt\u00e4ck Mystiska tornets hemligheter! L\u00e5t dig inspireras av observatoriet och njut av den gnistrande stj\u00e4rnhimlen. M\u00f6t den l\u00e4rda Miramos Epistimus, \u00e4ven kallad Astro, som kommit vida fr\u00e5n kontinenten f\u00f6r att inviga kung Erik XIV i universums mysterier. P\u00e5 beg\u00e4ran av kungen har Astro \u00e4ven den stora uppgiften [&hellip;]\" \/>\n<meta property=\"og:url\" content=\"https:\/\/kalmarslott.se\/en\/se-gora\/barnens-slott\/astro-i-mystiska-tornet\/\" \/>\n<meta property=\"og:site_name\" content=\"Kalmar Slott\" \/>\n<meta property=\"article:modified_time\" content=\"2023-02-23T10:15:27+00:00\" \/>\n<meta property=\"og:image\" content=\"https:\/\/kalmarslott.se\/wp-content\/uploads\/2022\/06\/barnensslottastroastroimystiskatornet.jpg\" \/>\n\t<meta property=\"og:image:width\" content=\"600\" \/>\n\t<meta property=\"og:image:height\" content=\"800\" \/>\n\t<meta property=\"og:image:type\" content=\"image\/jpeg\" \/>\n<meta name=\"twitter:card\" content=\"summary_large_image\" \/>\n<meta name=\"twitter:label1\" content=\"Est. reading time\" \/>\n\t<meta name=\"twitter:data1\" content=\"1 minute\" \/>\n<script type=\"application\/ld+json\" class=\"yoast-schema-graph\">{\"@context\":\"https:\\\/\\\/schema.org\",\"@graph\":[{\"@type\":\"WebPage\",\"@id\":\"https:\\\/\\\/kalmarslott.se\\\/en\\\/se-gora\\\/barnens-slott\\\/astro-i-mystiska-tornet\\\/\",\"url\":\"https:\\\/\\\/kalmarslott.se\\\/en\\\/se-gora\\\/barnens-slott\\\/astro-i-mystiska-tornet\\\/\",\"name\":\"Astro i Mystiska tornet - Kalmar Slott\",\"isPartOf\":{\"@id\":\"https:\\\/\\\/kalmarslott.se\\\/en\\\/#website\"},\"primaryImageOfPage\":{\"@id\":\"https:\\\/\\\/kalmarslott.se\\\/en\\\/se-gora\\\/barnens-slott\\\/astro-i-mystiska-tornet\\\/#primaryimage\"},\"image\":{\"@id\":\"https:\\\/\\\/kalmarslott.se\\\/en\\\/se-gora\\\/barnens-slott\\\/astro-i-mystiska-tornet\\\/#primaryimage\"},\"thumbnailUrl\":\"https:\\\/\\\/kalmarslott.se\\\/wp-content\\\/uploads\\\/2022\\\/06\\\/barnensslottastroastroimystiskatornet.jpg\",\"datePublished\":\"2022-06-20T08:14:26+00:00\",\"dateModified\":\"2023-02-23T10:15:27+00:00\",\"breadcrumb\":{\"@id\":\"https:\\\/\\\/kalmarslott.se\\\/en\\\/se-gora\\\/barnens-slott\\\/astro-i-mystiska-tornet\\\/#breadcrumb\"},\"inLanguage\":\"en-US\",\"potentialAction\":[{\"@type\":\"ReadAction\",\"target\":[\"https:\\\/\\\/kalmarslott.se\\\/en\\\/se-gora\\\/barnens-slott\\\/astro-i-mystiska-tornet\\\/\"]}]},{\"@type\":\"ImageObject\",\"inLanguage\":\"en-US\",\"@id\":\"https:\\\/\\\/kalmarslott.se\\\/en\\\/se-gora\\\/barnens-slott\\\/astro-i-mystiska-tornet\\\/#primaryimage\",\"url\":\"https:\\\/\\\/kalmarslott.se\\\/wp-content\\\/uploads\\\/2022\\\/06\\\/barnensslottastroastroimystiskatornet.jpg\",\"contentUrl\":\"https:\\\/\\\/kalmarslott.se\\\/wp-content\\\/uploads\\\/2022\\\/06\\\/barnensslottastroastroimystiskatornet.jpg\",\"width\":600,\"height\":800,\"caption\":\"Astro I Mystiska TornetAstro I Mystiska Tornet\"},{\"@type\":\"BreadcrumbList\",\"@id\":\"https:\\\/\\\/kalmarslott.se\\\/en\\\/se-gora\\\/barnens-slott\\\/astro-i-mystiska-tornet\\\/#breadcrumb\",\"itemListElement\":[{\"@type\":\"ListItem\",\"position\":1,\"name\":\"Hem\",\"item\":\"https:\\\/\\\/kalmarslott.se\\\/en\\\/\"},{\"@type\":\"ListItem\",\"position\":2,\"name\":\"Se &#038; g\u00f6ra\",\"item\":\"https:\\\/\\\/kalmarslott.se\\\/en\\\/se-gora\\\/\"},{\"@type\":\"ListItem\",\"position\":3,\"name\":\"Barnens Slott\",\"item\":\"https:\\\/\\\/kalmarslott.se\\\/en\\\/se-gora\\\/barnens-slott\\\/\"},{\"@type\":\"ListItem\",\"position\":4,\"name\":\"Astro i Mystiska tornet\"}]},{\"@type\":\"WebSite\",\"@id\":\"https:\\\/\\\/kalmarslott.se\\\/en\\\/#website\",\"url\":\"https:\\\/\\\/kalmarslott.se\\\/en\\\/\",\"name\":\"Kalmar Slott\",\"description\":\"Ett riktigt slott\",\"potentialAction\":[{\"@type\":\"SearchAction\",\"target\":{\"@type\":\"EntryPoint\",\"urlTemplate\":\"https:\\\/\\\/kalmarslott.se\\\/en\\\/?s={search_term_string}\"},\"query-input\":{\"@type\":\"PropertyValueSpecification\",\"valueRequired\":true,\"valueName\":\"search_term_string\"}}],\"inLanguage\":\"en-US\"}]}<\/script>\n<!-- \/ Yoast SEO plugin. -->","yoast_head_json":{"title":"Astro i Mystiska tornet - Kalmar Slott","robots":{"index":"index","follow":"follow","max-snippet":"max-snippet:-1","max-image-preview":"max-image-preview:large","max-video-preview":"max-video-preview:-1"},"canonical":"https:\/\/kalmarslott.se\/en\/se-gora\/barnens-slott\/astro-i-mystiska-tornet\/","og_locale":"en_US","og_type":"article","og_title":"Astro i Mystiska tornet - Kalmar Slott","og_description":"Gnistrande stj\u00e4rnor och glimmande guld Kom in och uppt\u00e4ck Mystiska tornets hemligheter! L\u00e5t dig inspireras av observatoriet och njut av den gnistrande stj\u00e4rnhimlen. M\u00f6t den l\u00e4rda Miramos Epistimus, \u00e4ven kallad Astro, som kommit vida fr\u00e5n kontinenten f\u00f6r att inviga kung Erik XIV i universums mysterier. P\u00e5 beg\u00e4ran av kungen har Astro \u00e4ven den stora uppgiften [&hellip;]","og_url":"https:\/\/kalmarslott.se\/en\/se-gora\/barnens-slott\/astro-i-mystiska-tornet\/","og_site_name":"Kalmar Slott","article_modified_time":"2023-02-23T10:15:27+00:00","og_image":[{"width":600,"height":800,"url":"https:\/\/kalmarslott.se\/wp-content\/uploads\/2022\/06\/barnensslottastroastroimystiskatornet.jpg","type":"image\/jpeg"}],"twitter_card":"summary_large_image","twitter_misc":{"Est. reading time":"1 minute"},"schema":{"@context":"https:\/\/schema.org","@graph":[{"@type":"WebPage","@id":"https:\/\/kalmarslott.se\/en\/se-gora\/barnens-slott\/astro-i-mystiska-tornet\/","url":"https:\/\/kalmarslott.se\/en\/se-gora\/barnens-slott\/astro-i-mystiska-tornet\/","name":"Astro i Mystiska tornet - Kalmar Slott","isPartOf":{"@id":"https:\/\/kalmarslott.se\/en\/#website"},"primaryImageOfPage":{"@id":"https:\/\/kalmarslott.se\/en\/se-gora\/barnens-slott\/astro-i-mystiska-tornet\/#primaryimage"},"image":{"@id":"https:\/\/kalmarslott.se\/en\/se-gora\/barnens-slott\/astro-i-mystiska-tornet\/#primaryimage"},"thumbnailUrl":"https:\/\/kalmarslott.se\/wp-content\/uploads\/2022\/06\/barnensslottastroastroimystiskatornet.jpg","datePublished":"2022-06-20T08:14:26+00:00","dateModified":"2023-02-23T10:15:27+00:00","breadcrumb":{"@id":"https:\/\/kalmarslott.se\/en\/se-gora\/barnens-slott\/astro-i-mystiska-tornet\/#breadcrumb"},"inLanguage":"en-US","potentialAction":[{"@type":"ReadAction","target":["https:\/\/kalmarslott.se\/en\/se-gora\/barnens-slott\/astro-i-mystiska-tornet\/"]}]},{"@type":"ImageObject","inLanguage":"en-US","@id":"https:\/\/kalmarslott.se\/en\/se-gora\/barnens-slott\/astro-i-mystiska-tornet\/#primaryimage","url":"https:\/\/kalmarslott.se\/wp-content\/uploads\/2022\/06\/barnensslottastroastroimystiskatornet.jpg","contentUrl":"https:\/\/kalmarslott.se\/wp-content\/uploads\/2022\/06\/barnensslottastroastroimystiskatornet.jpg","width":600,"height":800,"caption":"Astro I Mystiska TornetAstro I Mystiska Tornet"},{"@type":"BreadcrumbList","@id":"https:\/\/kalmarslott.se\/en\/se-gora\/barnens-slott\/astro-i-mystiska-tornet\/#breadcrumb","itemListElement":[{"@type":"ListItem","position":1,"name":"Hem","item":"https:\/\/kalmarslott.se\/en\/"},{"@type":"ListItem","position":2,"name":"Se &#038; g\u00f6ra","item":"https:\/\/kalmarslott.se\/en\/se-gora\/"},{"@type":"ListItem","position":3,"name":"Barnens Slott","item":"https:\/\/kalmarslott.se\/en\/se-gora\/barnens-slott\/"},{"@type":"ListItem","position":4,"name":"Astro i Mystiska tornet"}]},{"@type":"WebSite","@id":"https:\/\/kalmarslott.se\/en\/#website","url":"https:\/\/kalmarslott.se\/en\/","name":"Kalmar Slott","description":"Ett riktigt slott","potentialAction":[{"@type":"SearchAction","target":{"@type":"EntryPoint","urlTemplate":"https:\/\/kalmarslott.se\/en\/?s={search_term_string}"},"query-input":{"@type":"PropertyValueSpecification","valueRequired":true,"valueName":"search_term_string"}}],"inLanguage":"en-US"}]}},"_links":{"self":[{"href":"https:\/\/kalmarslott.se\/en\/wp-json\/wp\/v2\/pages\/1226","targetHints":{"allow":["GET"]}}],"collection":[{"href":"https:\/\/kalmarslott.se\/en\/wp-json\/wp\/v2\/pages"}],"about":[{"href":"https:\/\/kalmarslott.se\/en\/wp-json\/wp\/v2\/types\/page"}],"author":[{"embeddable":true,"href":"https:\/\/kalmarslott.se\/en\/wp-json\/wp\/v2\/users\/1"}],"replies":[{"embeddable":true,"href":"https:\/\/kalmarslott.se\/en\/wp-json\/wp\/v2\/comments?post=1226"}],"version-history":[{"count":9,"href":"https:\/\/kalmarslott.se\/en\/wp-json\/wp\/v2\/pages\/1226\/revisions"}],"predecessor-version":[{"id":6008,"href":"https:\/\/kalmarslott.se\/en\/wp-json\/wp\/v2\/pages\/1226\/revisions\/6008"}],"up":[{"embeddable":true,"href":"https:\/\/kalmarslott.se\/en\/wp-json\/wp\/v2\/pages\/1222"}],"wp:featuredmedia":[{"embeddable":true,"href":"https:\/\/kalmarslott.se\/en\/wp-json\/wp\/v2\/media\/2959"}],"wp:attachment":[{"href":"https:\/\/kalmarslott.se\/en\/wp-json\/wp\/v2\/media?parent=1226"}],"curies":[{"name":"wp","href":"https:\/\/api.w.org\/{rel}","templated":true}]}}