{"id":1210,"date":"2022-06-20T09:57:51","date_gmt":"2022-06-20T07:57:51","guid":{"rendered":"https:\/\/kalmarslott.se\/?page_id=1210"},"modified":"2024-04-09T14:34:51","modified_gmt":"2024-04-09T12:34:51","slug":"slottsfrun","status":"publish","type":"page","link":"https:\/\/kalmarslott.se\/en\/boka\/boka-teatermiddag\/slottsfrun\/","title":{"rendered":"Slottsfrun \/ Slottsherren"},"content":{"rendered":"<p><span style=\"font-weight: 400;\">Under 1500-talet upplevde Kalmar Slott sin storhetstid. En slottsfru eller slottsherre kl\u00e4dd i adelsdr\u00e4kt fr\u00e5n denna tid tar emot s\u00e4llskapet n\u00e4r det anl\u00e4nder till Kalmar Slott och finns med under middagen d\u00e4r hon\/han ber\u00e4ttar f\u00f6r matg\u00e4sterna om hur Vasakungarnas g\u00e4stabud och middagsbjudningar kunde g\u00e5 till.<\/span><\/p>\n<p><span style=\"font-weight: 400;\">I denna mer sittande guidning f\u00e5r man bland annat h\u00f6ra om m\u00e4ngden mat som \u00e5ts f\u00f6rr, hur m\u00e5nga liter vin kungen kunde dricka om dagen samt annan kuriosa fr\u00e5n hoven vid slottets glansperiod.<\/span><\/p>\n<h2><span style=\"font-weight: 400;\">Information<\/span><\/h2>\n<p><b>Deltagare<\/b><span style=\"font-weight: 400;\">: Fr\u00e5n 20 personer upp till slottets kapacitet f\u00f6r matg\u00e4ster<\/span><span style=\"font-weight: 400;\"><br \/>\n<\/span><b>Speltid<\/b><span style=\"font-weight: 400;\">: Beroende p\u00e5 s\u00e4llskapets storlek och l\u00e4ngd p\u00e5 middagen<\/span><span style=\"font-weight: 400;\"><br \/>\n<\/span><b>Mat<\/b><span style=\"font-weight: 400;\">: Historisk meny rekommenderas, men alternativ finns.<\/span><span style=\"font-weight: 400;\"><br \/>\n<\/span><b>\u00d6vrigt<\/b><span style=\"font-weight: 400;\">: Kan g\u00f6ras i dubbla salar f\u00f6r st\u00f6rre s\u00e4llskap med viss f\u00f6rskjutning. Kan \u00e4ven ges p\u00e5 engelska.<\/span><\/p>\n<p><img loading=\"lazy\" decoding=\"async\" class=\"alignnone wp-image-613 size-large\" src=\"https:\/\/kalmarslott.se\/wp-content\/uploads\/2022\/06\/bokateatermiddagslottsfrunamiralitetskallarenuppdukad-e1655711797283-1024x646.jpg\" alt=\"\" width=\"1024\" height=\"646\" srcset=\"https:\/\/kalmarslott.se\/wp-content\/uploads\/2022\/06\/bokateatermiddagslottsfrunamiralitetskallarenuppdukad-e1655711797283-1024x646.jpg 1024w, https:\/\/kalmarslott.se\/wp-content\/uploads\/2022\/06\/bokateatermiddagslottsfrunamiralitetskallarenuppdukad-e1655711797283-300x189.jpg 300w, https:\/\/kalmarslott.se\/wp-content\/uploads\/2022\/06\/bokateatermiddagslottsfrunamiralitetskallarenuppdukad-e1655711797283-768x485.jpg 768w, https:\/\/kalmarslott.se\/wp-content\/uploads\/2022\/06\/bokateatermiddagslottsfrunamiralitetskallarenuppdukad-e1655711797283.jpg 1165w\" sizes=\"auto, (max-width: 1024px) 100vw, 1024px\" \/><\/p>\n","protected":false},"excerpt":{"rendered":"<p>Under 1500-talet upplevde Kalmar Slott sin storhetstid. En slottsfru eller slottsherre kl\u00e4dd i adelsdr\u00e4kt fr\u00e5n denna tid tar emot s\u00e4llskapet n\u00e4r det anl\u00e4nder till Kalmar Slott och finns med under middagen d\u00e4r hon\/han ber\u00e4ttar f\u00f6r matg\u00e4sterna om hur Vasakungarnas g\u00e4stabud och middagsbjudningar kunde g\u00e5 till. I denna mer sittande guidning f\u00e5r man bland annat h\u00f6ra [&hellip;]<\/p>\n","protected":false},"author":1,"featured_media":613,"parent":1191,"menu_order":0,"comment_status":"closed","ping_status":"closed","template":"","meta":{"_acf_changed":false,"footnotes":""},"class_list":["post-1210","page","type-page","status-publish","has-post-thumbnail","hentry"],"acf":[],"yoast_head":"<!-- This site is optimized with the Yoast SEO plugin v27.5 - https:\/\/yoast.com\/product\/yoast-seo-wordpress\/ -->\n<title>Slottsfrun \/ Slottsherren - Kalmar Slott<\/title>\n<meta name=\"robots\" content=\"index, follow, max-snippet:-1, max-image-preview:large, max-video-preview:-1\" \/>\n<link rel=\"canonical\" href=\"https:\/\/kalmarslott.se\/en\/boka\/boka-teatermiddag\/slottsfrun\/\" \/>\n<meta property=\"og:locale\" content=\"en_US\" \/>\n<meta property=\"og:type\" content=\"article\" \/>\n<meta property=\"og:title\" content=\"Slottsfrun \/ Slottsherren - Kalmar Slott\" \/>\n<meta property=\"og:description\" content=\"Under 1500-talet upplevde Kalmar Slott sin storhetstid. En slottsfru eller slottsherre kl\u00e4dd i adelsdr\u00e4kt fr\u00e5n denna tid tar emot s\u00e4llskapet n\u00e4r det anl\u00e4nder till Kalmar Slott och finns med under middagen d\u00e4r hon\/han ber\u00e4ttar f\u00f6r matg\u00e4sterna om hur Vasakungarnas g\u00e4stabud och middagsbjudningar kunde g\u00e5 till. I denna mer sittande guidning f\u00e5r man bland annat h\u00f6ra [&hellip;]\" \/>\n<meta property=\"og:url\" content=\"https:\/\/kalmarslott.se\/en\/boka\/boka-teatermiddag\/slottsfrun\/\" \/>\n<meta property=\"og:site_name\" content=\"Kalmar Slott\" \/>\n<meta property=\"article:modified_time\" content=\"2024-04-09T12:34:51+00:00\" \/>\n<meta property=\"og:image\" content=\"https:\/\/kalmarslott.se\/wp-content\/uploads\/2022\/06\/bokateatermiddagslottsfrunamiralitetskallarenuppdukad-e1655711797283.jpg\" \/>\n\t<meta property=\"og:image:width\" content=\"1165\" \/>\n\t<meta property=\"og:image:height\" content=\"735\" \/>\n\t<meta property=\"og:image:type\" content=\"image\/jpeg\" \/>\n<meta name=\"twitter:card\" content=\"summary_large_image\" \/>\n<meta name=\"twitter:label1\" content=\"Est. reading time\" \/>\n\t<meta name=\"twitter:data1\" content=\"2 minutes\" \/>\n<script type=\"application\/ld+json\" class=\"yoast-schema-graph\">{\"@context\":\"https:\\\/\\\/schema.org\",\"@graph\":[{\"@type\":\"WebPage\",\"@id\":\"https:\\\/\\\/kalmarslott.se\\\/en\\\/boka\\\/boka-teatermiddag\\\/slottsfrun\\\/\",\"url\":\"https:\\\/\\\/kalmarslott.se\\\/en\\\/boka\\\/boka-teatermiddag\\\/slottsfrun\\\/\",\"name\":\"Slottsfrun \\\/ Slottsherren - Kalmar Slott\",\"isPartOf\":{\"@id\":\"https:\\\/\\\/kalmarslott.se\\\/en\\\/#website\"},\"primaryImageOfPage\":{\"@id\":\"https:\\\/\\\/kalmarslott.se\\\/en\\\/boka\\\/boka-teatermiddag\\\/slottsfrun\\\/#primaryimage\"},\"image\":{\"@id\":\"https:\\\/\\\/kalmarslott.se\\\/en\\\/boka\\\/boka-teatermiddag\\\/slottsfrun\\\/#primaryimage\"},\"thumbnailUrl\":\"https:\\\/\\\/kalmarslott.se\\\/wp-content\\\/uploads\\\/2022\\\/06\\\/bokateatermiddagslottsfrunamiralitetskallarenuppdukad-e1655711797283.jpg\",\"datePublished\":\"2022-06-20T07:57:51+00:00\",\"dateModified\":\"2024-04-09T12:34:51+00:00\",\"breadcrumb\":{\"@id\":\"https:\\\/\\\/kalmarslott.se\\\/en\\\/boka\\\/boka-teatermiddag\\\/slottsfrun\\\/#breadcrumb\"},\"inLanguage\":\"en-US\",\"potentialAction\":[{\"@type\":\"ReadAction\",\"target\":[\"https:\\\/\\\/kalmarslott.se\\\/en\\\/boka\\\/boka-teatermiddag\\\/slottsfrun\\\/\"]}]},{\"@type\":\"ImageObject\",\"inLanguage\":\"en-US\",\"@id\":\"https:\\\/\\\/kalmarslott.se\\\/en\\\/boka\\\/boka-teatermiddag\\\/slottsfrun\\\/#primaryimage\",\"url\":\"https:\\\/\\\/kalmarslott.se\\\/wp-content\\\/uploads\\\/2022\\\/06\\\/bokateatermiddagslottsfrunamiralitetskallarenuppdukad-e1655711797283.jpg\",\"contentUrl\":\"https:\\\/\\\/kalmarslott.se\\\/wp-content\\\/uploads\\\/2022\\\/06\\\/bokateatermiddagslottsfrunamiralitetskallarenuppdukad-e1655711797283.jpg\",\"width\":1165,\"height\":735},{\"@type\":\"BreadcrumbList\",\"@id\":\"https:\\\/\\\/kalmarslott.se\\\/en\\\/boka\\\/boka-teatermiddag\\\/slottsfrun\\\/#breadcrumb\",\"itemListElement\":[{\"@type\":\"ListItem\",\"position\":1,\"name\":\"Hem\",\"item\":\"https:\\\/\\\/kalmarslott.se\\\/en\\\/\"},{\"@type\":\"ListItem\",\"position\":2,\"name\":\"Boka\",\"item\":\"https:\\\/\\\/kalmarslott.se\\\/en\\\/boka\\\/\"},{\"@type\":\"ListItem\",\"position\":3,\"name\":\"Boka teatermiddag\",\"item\":\"https:\\\/\\\/kalmarslott.se\\\/en\\\/?page_id=1191\"},{\"@type\":\"ListItem\",\"position\":4,\"name\":\"Slottsfrun \\\/ Slottsherren\"}]},{\"@type\":\"WebSite\",\"@id\":\"https:\\\/\\\/kalmarslott.se\\\/en\\\/#website\",\"url\":\"https:\\\/\\\/kalmarslott.se\\\/en\\\/\",\"name\":\"Kalmar Slott\",\"description\":\"Ett riktigt slott\",\"potentialAction\":[{\"@type\":\"SearchAction\",\"target\":{\"@type\":\"EntryPoint\",\"urlTemplate\":\"https:\\\/\\\/kalmarslott.se\\\/en\\\/?s={search_term_string}\"},\"query-input\":{\"@type\":\"PropertyValueSpecification\",\"valueRequired\":true,\"valueName\":\"search_term_string\"}}],\"inLanguage\":\"en-US\"}]}<\/script>\n<!-- \/ Yoast SEO plugin. -->","yoast_head_json":{"title":"Slottsfrun \/ Slottsherren - Kalmar Slott","robots":{"index":"index","follow":"follow","max-snippet":"max-snippet:-1","max-image-preview":"max-image-preview:large","max-video-preview":"max-video-preview:-1"},"canonical":"https:\/\/kalmarslott.se\/en\/boka\/boka-teatermiddag\/slottsfrun\/","og_locale":"en_US","og_type":"article","og_title":"Slottsfrun \/ Slottsherren - Kalmar Slott","og_description":"Under 1500-talet upplevde Kalmar Slott sin storhetstid. En slottsfru eller slottsherre kl\u00e4dd i adelsdr\u00e4kt fr\u00e5n denna tid tar emot s\u00e4llskapet n\u00e4r det anl\u00e4nder till Kalmar Slott och finns med under middagen d\u00e4r hon\/han ber\u00e4ttar f\u00f6r matg\u00e4sterna om hur Vasakungarnas g\u00e4stabud och middagsbjudningar kunde g\u00e5 till. I denna mer sittande guidning f\u00e5r man bland annat h\u00f6ra [&hellip;]","og_url":"https:\/\/kalmarslott.se\/en\/boka\/boka-teatermiddag\/slottsfrun\/","og_site_name":"Kalmar Slott","article_modified_time":"2024-04-09T12:34:51+00:00","og_image":[{"width":1165,"height":735,"url":"https:\/\/kalmarslott.se\/wp-content\/uploads\/2022\/06\/bokateatermiddagslottsfrunamiralitetskallarenuppdukad-e1655711797283.jpg","type":"image\/jpeg"}],"twitter_card":"summary_large_image","twitter_misc":{"Est. reading time":"2 minutes"},"schema":{"@context":"https:\/\/schema.org","@graph":[{"@type":"WebPage","@id":"https:\/\/kalmarslott.se\/en\/boka\/boka-teatermiddag\/slottsfrun\/","url":"https:\/\/kalmarslott.se\/en\/boka\/boka-teatermiddag\/slottsfrun\/","name":"Slottsfrun \/ Slottsherren - Kalmar Slott","isPartOf":{"@id":"https:\/\/kalmarslott.se\/en\/#website"},"primaryImageOfPage":{"@id":"https:\/\/kalmarslott.se\/en\/boka\/boka-teatermiddag\/slottsfrun\/#primaryimage"},"image":{"@id":"https:\/\/kalmarslott.se\/en\/boka\/boka-teatermiddag\/slottsfrun\/#primaryimage"},"thumbnailUrl":"https:\/\/kalmarslott.se\/wp-content\/uploads\/2022\/06\/bokateatermiddagslottsfrunamiralitetskallarenuppdukad-e1655711797283.jpg","datePublished":"2022-06-20T07:57:51+00:00","dateModified":"2024-04-09T12:34:51+00:00","breadcrumb":{"@id":"https:\/\/kalmarslott.se\/en\/boka\/boka-teatermiddag\/slottsfrun\/#breadcrumb"},"inLanguage":"en-US","potentialAction":[{"@type":"ReadAction","target":["https:\/\/kalmarslott.se\/en\/boka\/boka-teatermiddag\/slottsfrun\/"]}]},{"@type":"ImageObject","inLanguage":"en-US","@id":"https:\/\/kalmarslott.se\/en\/boka\/boka-teatermiddag\/slottsfrun\/#primaryimage","url":"https:\/\/kalmarslott.se\/wp-content\/uploads\/2022\/06\/bokateatermiddagslottsfrunamiralitetskallarenuppdukad-e1655711797283.jpg","contentUrl":"https:\/\/kalmarslott.se\/wp-content\/uploads\/2022\/06\/bokateatermiddagslottsfrunamiralitetskallarenuppdukad-e1655711797283.jpg","width":1165,"height":735},{"@type":"BreadcrumbList","@id":"https:\/\/kalmarslott.se\/en\/boka\/boka-teatermiddag\/slottsfrun\/#breadcrumb","itemListElement":[{"@type":"ListItem","position":1,"name":"Hem","item":"https:\/\/kalmarslott.se\/en\/"},{"@type":"ListItem","position":2,"name":"Boka","item":"https:\/\/kalmarslott.se\/en\/boka\/"},{"@type":"ListItem","position":3,"name":"Boka teatermiddag","item":"https:\/\/kalmarslott.se\/en\/?page_id=1191"},{"@type":"ListItem","position":4,"name":"Slottsfrun \/ Slottsherren"}]},{"@type":"WebSite","@id":"https:\/\/kalmarslott.se\/en\/#website","url":"https:\/\/kalmarslott.se\/en\/","name":"Kalmar Slott","description":"Ett riktigt slott","potentialAction":[{"@type":"SearchAction","target":{"@type":"EntryPoint","urlTemplate":"https:\/\/kalmarslott.se\/en\/?s={search_term_string}"},"query-input":{"@type":"PropertyValueSpecification","valueRequired":true,"valueName":"search_term_string"}}],"inLanguage":"en-US"}]}},"_links":{"self":[{"href":"https:\/\/kalmarslott.se\/en\/wp-json\/wp\/v2\/pages\/1210","targetHints":{"allow":["GET"]}}],"collection":[{"href":"https:\/\/kalmarslott.se\/en\/wp-json\/wp\/v2\/pages"}],"about":[{"href":"https:\/\/kalmarslott.se\/en\/wp-json\/wp\/v2\/types\/page"}],"author":[{"embeddable":true,"href":"https:\/\/kalmarslott.se\/en\/wp-json\/wp\/v2\/users\/1"}],"replies":[{"embeddable":true,"href":"https:\/\/kalmarslott.se\/en\/wp-json\/wp\/v2\/comments?post=1210"}],"version-history":[{"count":5,"href":"https:\/\/kalmarslott.se\/en\/wp-json\/wp\/v2\/pages\/1210\/revisions"}],"predecessor-version":[{"id":8500,"href":"https:\/\/kalmarslott.se\/en\/wp-json\/wp\/v2\/pages\/1210\/revisions\/8500"}],"up":[{"embeddable":true,"href":"https:\/\/kalmarslott.se\/en\/wp-json\/wp\/v2\/pages\/1191"}],"wp:featuredmedia":[{"embeddable":true,"href":"https:\/\/kalmarslott.se\/en\/wp-json\/wp\/v2\/media\/613"}],"wp:attachment":[{"href":"https:\/\/kalmarslott.se\/en\/wp-json\/wp\/v2\/media?parent=1210"}],"curies":[{"name":"wp","href":"https:\/\/api.w.org\/{rel}","templated":true}]}}