{"id":1185,"date":"2022-06-17T13:33:26","date_gmt":"2022-06-17T11:33:26","guid":{"rendered":"https:\/\/kalmarslott.se\/?page_id=1185"},"modified":"2023-04-24T10:30:44","modified_gmt":"2023-04-24T08:30:44","slug":"foretagsmiddag","status":"publish","type":"page","link":"https:\/\/kalmarslott.se\/en\/boka\/foretagsmiddag\/","title":{"rendered":"F\u00f6retagsmiddag"},"content":{"rendered":"<p><span style=\"font-weight: 400;\">I Kalmar slottsrestaurang bjuds det p\u00e5 en smakupplevelse v\u00e4rdig ett 800 \u00e5r gammalt slott, i vackra lokaler som h\u00e4rstammar fr\u00e5n Gustav Vasas tid.<\/span><\/p>\n<p><span style=\"font-weight: 400;\">Upplev en storslagen middag i Amiralitetsk\u00e4llaren fr\u00e5n 1500-talet. Slottets restaurang och serveringslokaler renoverades och stod klara 2014. Amiralitetsk\u00e4llaren stammar fr\u00e5n Gustav Vasas tid och har tidigare anv\u00e4nts till krutf\u00f6rvaring. Nu har k\u00e4llaren \u00f6ppnats upp f\u00f6r allm\u00e4nheten och bjuder in till en kulinarisk afton f\u00f6r de st\u00f6rre s\u00e4llskapen. Menyn \u00e4r levande och f\u00f6r\u00e4ndras efter \u00e5rstid och inspiration. H\u00e4r upplever du de b\u00e4sta r\u00e5varorna, lokala delikatesser och unika smaker.<\/span><\/p>\n<h2><b>Bokning<\/b><\/h2>\n<p><span style=\"font-weight: 400;\">Vill ni g\u00f6ra en f\u00f6retagsbokning kontaktar ni oss p\u00e5 010-357 05 35 eller <\/span><a href=\"mailto:kalmarslott@kalmar.com\"><span style=\"font-weight: 400;\">kalmarslott@kalmar.com<\/span><\/a><span style=\"font-weight: 400;\">. Privatpersoner bokar bord direkt hos Slottsrestaurangen genom\u00a0<\/span><a href=\"http:\/\/mailto:slottsrestaurangen@postgatan.nu\/\"><span style=\"font-weight: 400;\">slottsrestaurangen@postgatan.nu<\/span><\/a><span style=\"font-weight: 400;\">\u00a0eller ringer 0480-102 82.<\/span><\/p>\n<p><img loading=\"lazy\" decoding=\"async\" class=\"alignnone wp-image-608 size-large\" src=\"https:\/\/kalmarslott.se\/wp-content\/uploads\/2022\/06\/bokamiddagamiralitetskallaren-e1655715427785-1024x715.jpg\" alt=\"\" width=\"1024\" height=\"715\" srcset=\"https:\/\/kalmarslott.se\/wp-content\/uploads\/2022\/06\/bokamiddagamiralitetskallaren-e1655715427785-1024x715.jpg 1024w, https:\/\/kalmarslott.se\/wp-content\/uploads\/2022\/06\/bokamiddagamiralitetskallaren-e1655715427785-300x209.jpg 300w, https:\/\/kalmarslott.se\/wp-content\/uploads\/2022\/06\/bokamiddagamiralitetskallaren-e1655715427785-768x536.jpg 768w, https:\/\/kalmarslott.se\/wp-content\/uploads\/2022\/06\/bokamiddagamiralitetskallaren-e1655715427785.jpg 1110w\" sizes=\"auto, (max-width: 1024px) 100vw, 1024px\" \/><\/p>\n","protected":false},"excerpt":{"rendered":"<p>I Kalmar slottsrestaurang bjuds det p\u00e5 en smakupplevelse v\u00e4rdig ett 800 \u00e5r gammalt slott, i vackra lokaler som h\u00e4rstammar fr\u00e5n Gustav Vasas tid. Upplev en storslagen middag i Amiralitetsk\u00e4llaren fr\u00e5n 1500-talet. Slottets restaurang och serveringslokaler renoverades och stod klara 2014. Amiralitetsk\u00e4llaren stammar fr\u00e5n Gustav Vasas tid och har tidigare anv\u00e4nts till krutf\u00f6rvaring. Nu har k\u00e4llaren [&hellip;]<\/p>\n","protected":false},"author":1,"featured_media":608,"parent":494,"menu_order":0,"comment_status":"closed","ping_status":"closed","template":"","meta":{"_acf_changed":false,"footnotes":""},"class_list":["post-1185","page","type-page","status-publish","has-post-thumbnail","hentry"],"acf":[],"yoast_head":"<!-- This site is optimized with the Yoast SEO plugin v27.5 - https:\/\/yoast.com\/product\/yoast-seo-wordpress\/ -->\n<title>F\u00f6retagsmiddag - Kalmar Slott<\/title>\n<meta name=\"robots\" content=\"index, follow, max-snippet:-1, max-image-preview:large, max-video-preview:-1\" \/>\n<link rel=\"canonical\" href=\"https:\/\/kalmarslott.se\/en\/boka\/foretagsmiddag\/\" \/>\n<meta property=\"og:locale\" content=\"en_US\" \/>\n<meta property=\"og:type\" content=\"article\" \/>\n<meta property=\"og:title\" content=\"F\u00f6retagsmiddag - Kalmar Slott\" \/>\n<meta property=\"og:description\" content=\"I Kalmar slottsrestaurang bjuds det p\u00e5 en smakupplevelse v\u00e4rdig ett 800 \u00e5r gammalt slott, i vackra lokaler som h\u00e4rstammar fr\u00e5n Gustav Vasas tid. Upplev en storslagen middag i Amiralitetsk\u00e4llaren fr\u00e5n 1500-talet. Slottets restaurang och serveringslokaler renoverades och stod klara 2014. Amiralitetsk\u00e4llaren stammar fr\u00e5n Gustav Vasas tid och har tidigare anv\u00e4nts till krutf\u00f6rvaring. Nu har k\u00e4llaren [&hellip;]\" \/>\n<meta property=\"og:url\" content=\"https:\/\/kalmarslott.se\/en\/boka\/foretagsmiddag\/\" \/>\n<meta property=\"og:site_name\" content=\"Kalmar Slott\" \/>\n<meta property=\"article:modified_time\" content=\"2023-04-24T08:30:44+00:00\" \/>\n<meta property=\"og:image\" content=\"https:\/\/kalmarslott.se\/wp-content\/uploads\/2022\/06\/bokamiddagamiralitetskallaren-e1655715427785.jpg\" \/>\n\t<meta property=\"og:image:width\" content=\"1110\" \/>\n\t<meta property=\"og:image:height\" content=\"775\" \/>\n\t<meta property=\"og:image:type\" content=\"image\/jpeg\" \/>\n<meta name=\"twitter:card\" content=\"summary_large_image\" \/>\n<meta name=\"twitter:label1\" content=\"Est. reading time\" \/>\n\t<meta name=\"twitter:data1\" content=\"1 minute\" \/>\n<script type=\"application\/ld+json\" class=\"yoast-schema-graph\">{\"@context\":\"https:\\\/\\\/schema.org\",\"@graph\":[{\"@type\":\"WebPage\",\"@id\":\"https:\\\/\\\/kalmarslott.se\\\/en\\\/boka\\\/foretagsmiddag\\\/\",\"url\":\"https:\\\/\\\/kalmarslott.se\\\/en\\\/boka\\\/foretagsmiddag\\\/\",\"name\":\"F\u00f6retagsmiddag - Kalmar Slott\",\"isPartOf\":{\"@id\":\"https:\\\/\\\/kalmarslott.se\\\/en\\\/#website\"},\"primaryImageOfPage\":{\"@id\":\"https:\\\/\\\/kalmarslott.se\\\/en\\\/boka\\\/foretagsmiddag\\\/#primaryimage\"},\"image\":{\"@id\":\"https:\\\/\\\/kalmarslott.se\\\/en\\\/boka\\\/foretagsmiddag\\\/#primaryimage\"},\"thumbnailUrl\":\"https:\\\/\\\/kalmarslott.se\\\/wp-content\\\/uploads\\\/2022\\\/06\\\/bokamiddagamiralitetskallaren-e1655715427785.jpg\",\"datePublished\":\"2022-06-17T11:33:26+00:00\",\"dateModified\":\"2023-04-24T08:30:44+00:00\",\"breadcrumb\":{\"@id\":\"https:\\\/\\\/kalmarslott.se\\\/en\\\/boka\\\/foretagsmiddag\\\/#breadcrumb\"},\"inLanguage\":\"en-US\",\"potentialAction\":[{\"@type\":\"ReadAction\",\"target\":[\"https:\\\/\\\/kalmarslott.se\\\/en\\\/boka\\\/foretagsmiddag\\\/\"]}]},{\"@type\":\"ImageObject\",\"inLanguage\":\"en-US\",\"@id\":\"https:\\\/\\\/kalmarslott.se\\\/en\\\/boka\\\/foretagsmiddag\\\/#primaryimage\",\"url\":\"https:\\\/\\\/kalmarslott.se\\\/wp-content\\\/uploads\\\/2022\\\/06\\\/bokamiddagamiralitetskallaren-e1655715427785.jpg\",\"contentUrl\":\"https:\\\/\\\/kalmarslott.se\\\/wp-content\\\/uploads\\\/2022\\\/06\\\/bokamiddagamiralitetskallaren-e1655715427785.jpg\",\"width\":1110,\"height\":775,\"caption\":\"Boka Middag Amiralitetsk\u00e4llaren\"},{\"@type\":\"BreadcrumbList\",\"@id\":\"https:\\\/\\\/kalmarslott.se\\\/en\\\/boka\\\/foretagsmiddag\\\/#breadcrumb\",\"itemListElement\":[{\"@type\":\"ListItem\",\"position\":1,\"name\":\"Hem\",\"item\":\"https:\\\/\\\/kalmarslott.se\\\/en\\\/\"},{\"@type\":\"ListItem\",\"position\":2,\"name\":\"Boka\",\"item\":\"https:\\\/\\\/kalmarslott.se\\\/en\\\/boka\\\/\"},{\"@type\":\"ListItem\",\"position\":3,\"name\":\"F\u00f6retagsmiddag\"}]},{\"@type\":\"WebSite\",\"@id\":\"https:\\\/\\\/kalmarslott.se\\\/en\\\/#website\",\"url\":\"https:\\\/\\\/kalmarslott.se\\\/en\\\/\",\"name\":\"Kalmar Slott\",\"description\":\"Ett riktigt slott\",\"potentialAction\":[{\"@type\":\"SearchAction\",\"target\":{\"@type\":\"EntryPoint\",\"urlTemplate\":\"https:\\\/\\\/kalmarslott.se\\\/en\\\/?s={search_term_string}\"},\"query-input\":{\"@type\":\"PropertyValueSpecification\",\"valueRequired\":true,\"valueName\":\"search_term_string\"}}],\"inLanguage\":\"en-US\"}]}<\/script>\n<!-- \/ Yoast SEO plugin. -->","yoast_head_json":{"title":"F\u00f6retagsmiddag - Kalmar Slott","robots":{"index":"index","follow":"follow","max-snippet":"max-snippet:-1","max-image-preview":"max-image-preview:large","max-video-preview":"max-video-preview:-1"},"canonical":"https:\/\/kalmarslott.se\/en\/boka\/foretagsmiddag\/","og_locale":"en_US","og_type":"article","og_title":"F\u00f6retagsmiddag - Kalmar Slott","og_description":"I Kalmar slottsrestaurang bjuds det p\u00e5 en smakupplevelse v\u00e4rdig ett 800 \u00e5r gammalt slott, i vackra lokaler som h\u00e4rstammar fr\u00e5n Gustav Vasas tid. Upplev en storslagen middag i Amiralitetsk\u00e4llaren fr\u00e5n 1500-talet. Slottets restaurang och serveringslokaler renoverades och stod klara 2014. Amiralitetsk\u00e4llaren stammar fr\u00e5n Gustav Vasas tid och har tidigare anv\u00e4nts till krutf\u00f6rvaring. Nu har k\u00e4llaren [&hellip;]","og_url":"https:\/\/kalmarslott.se\/en\/boka\/foretagsmiddag\/","og_site_name":"Kalmar Slott","article_modified_time":"2023-04-24T08:30:44+00:00","og_image":[{"width":1110,"height":775,"url":"https:\/\/kalmarslott.se\/wp-content\/uploads\/2022\/06\/bokamiddagamiralitetskallaren-e1655715427785.jpg","type":"image\/jpeg"}],"twitter_card":"summary_large_image","twitter_misc":{"Est. reading time":"1 minute"},"schema":{"@context":"https:\/\/schema.org","@graph":[{"@type":"WebPage","@id":"https:\/\/kalmarslott.se\/en\/boka\/foretagsmiddag\/","url":"https:\/\/kalmarslott.se\/en\/boka\/foretagsmiddag\/","name":"F\u00f6retagsmiddag - Kalmar Slott","isPartOf":{"@id":"https:\/\/kalmarslott.se\/en\/#website"},"primaryImageOfPage":{"@id":"https:\/\/kalmarslott.se\/en\/boka\/foretagsmiddag\/#primaryimage"},"image":{"@id":"https:\/\/kalmarslott.se\/en\/boka\/foretagsmiddag\/#primaryimage"},"thumbnailUrl":"https:\/\/kalmarslott.se\/wp-content\/uploads\/2022\/06\/bokamiddagamiralitetskallaren-e1655715427785.jpg","datePublished":"2022-06-17T11:33:26+00:00","dateModified":"2023-04-24T08:30:44+00:00","breadcrumb":{"@id":"https:\/\/kalmarslott.se\/en\/boka\/foretagsmiddag\/#breadcrumb"},"inLanguage":"en-US","potentialAction":[{"@type":"ReadAction","target":["https:\/\/kalmarslott.se\/en\/boka\/foretagsmiddag\/"]}]},{"@type":"ImageObject","inLanguage":"en-US","@id":"https:\/\/kalmarslott.se\/en\/boka\/foretagsmiddag\/#primaryimage","url":"https:\/\/kalmarslott.se\/wp-content\/uploads\/2022\/06\/bokamiddagamiralitetskallaren-e1655715427785.jpg","contentUrl":"https:\/\/kalmarslott.se\/wp-content\/uploads\/2022\/06\/bokamiddagamiralitetskallaren-e1655715427785.jpg","width":1110,"height":775,"caption":"Boka Middag Amiralitetsk\u00e4llaren"},{"@type":"BreadcrumbList","@id":"https:\/\/kalmarslott.se\/en\/boka\/foretagsmiddag\/#breadcrumb","itemListElement":[{"@type":"ListItem","position":1,"name":"Hem","item":"https:\/\/kalmarslott.se\/en\/"},{"@type":"ListItem","position":2,"name":"Boka","item":"https:\/\/kalmarslott.se\/en\/boka\/"},{"@type":"ListItem","position":3,"name":"F\u00f6retagsmiddag"}]},{"@type":"WebSite","@id":"https:\/\/kalmarslott.se\/en\/#website","url":"https:\/\/kalmarslott.se\/en\/","name":"Kalmar Slott","description":"Ett riktigt slott","potentialAction":[{"@type":"SearchAction","target":{"@type":"EntryPoint","urlTemplate":"https:\/\/kalmarslott.se\/en\/?s={search_term_string}"},"query-input":{"@type":"PropertyValueSpecification","valueRequired":true,"valueName":"search_term_string"}}],"inLanguage":"en-US"}]}},"_links":{"self":[{"href":"https:\/\/kalmarslott.se\/en\/wp-json\/wp\/v2\/pages\/1185","targetHints":{"allow":["GET"]}}],"collection":[{"href":"https:\/\/kalmarslott.se\/en\/wp-json\/wp\/v2\/pages"}],"about":[{"href":"https:\/\/kalmarslott.se\/en\/wp-json\/wp\/v2\/types\/page"}],"author":[{"embeddable":true,"href":"https:\/\/kalmarslott.se\/en\/wp-json\/wp\/v2\/users\/1"}],"replies":[{"embeddable":true,"href":"https:\/\/kalmarslott.se\/en\/wp-json\/wp\/v2\/comments?post=1185"}],"version-history":[{"count":6,"href":"https:\/\/kalmarslott.se\/en\/wp-json\/wp\/v2\/pages\/1185\/revisions"}],"predecessor-version":[{"id":6522,"href":"https:\/\/kalmarslott.se\/en\/wp-json\/wp\/v2\/pages\/1185\/revisions\/6522"}],"up":[{"embeddable":true,"href":"https:\/\/kalmarslott.se\/en\/wp-json\/wp\/v2\/pages\/494"}],"wp:featuredmedia":[{"embeddable":true,"href":"https:\/\/kalmarslott.se\/en\/wp-json\/wp\/v2\/media\/608"}],"wp:attachment":[{"href":"https:\/\/kalmarslott.se\/en\/wp-json\/wp\/v2\/media?parent=1185"}],"curies":[{"name":"wp","href":"https:\/\/api.w.org\/{rel}","templated":true}]}}