{"id":1144,"date":"2022-06-17T12:56:15","date_gmt":"2022-06-17T10:56:15","guid":{"rendered":"https:\/\/kalmarslott.se\/?page_id=1144"},"modified":"2023-04-24T10:34:20","modified_gmt":"2023-04-24T08:34:20","slug":"borgerlig-vigsel","status":"publish","type":"page","link":"https:\/\/kalmarslott.se\/en\/boka\/borgerlig-vigsel\/","title":{"rendered":"Borgerlig vigsel"},"content":{"rendered":"<h2><span style=\"font-weight: 400;\">Gift er borgerligt i n\u00e5gon av slottets vackra salar<\/span><\/h2>\n<p><span style=\"font-weight: 400;\">H\u00e4r kan man v\u00e4lja mellan en vigsel i Sven M\u00e5nsson eller varf\u00f6r inte p\u00e5 den vackra vallen som l\u00f6per runt slottet?<\/span><\/p>\n<h2><b>Sven M\u00e5nssons sal<\/b><\/h2>\n<p><span style=\"font-weight: 400;\">Den ljusa salen fr\u00e5n 1600-talet har kvar sina vackra ursprungliga v\u00e4ggm\u00e5lningar.\u00a0De vackra f\u00f6nsterna sl\u00e4pper in gott om ljus och ger utsikt \u00f6ver inre borgg\u00e5rden.<\/span><\/p>\n<p><span style=\"font-weight: 400;\">Denna sal rymmer upp till 70 g\u00e4ster.<\/span><\/p>\n<h2><b>Boka slottet<\/b><\/h2>\n<p><span style=\"font-weight: 400;\">Kontakta oss p\u00e5 010-357 05 35 eller kalmarslott@kalmar.com s\u00e5 hj\u00e4lper vi er att s\u00e4tta guldkant p\u00e5 er dag.<\/span><\/p>\n<p><img loading=\"lazy\" decoding=\"async\" class=\"alignnone size-full wp-image-771\" src=\"https:\/\/kalmarslott.se\/wp-content\/uploads\/2022\/06\/bokabrollopborgerligvigselsvenmanssonsalensoligt-e1655716191892.jpg\" alt=\"\" width=\"4650\" height=\"3797\" \/><\/p>\n","protected":false},"excerpt":{"rendered":"<p>Gift er borgerligt i n\u00e5gon av slottets vackra salar H\u00e4r kan man v\u00e4lja mellan en vigsel i Sven M\u00e5nsson eller varf\u00f6r inte p\u00e5 den vackra vallen som l\u00f6per runt slottet? Sven M\u00e5nssons sal Den ljusa salen fr\u00e5n 1600-talet har kvar sina vackra ursprungliga v\u00e4ggm\u00e5lningar.\u00a0De vackra f\u00f6nsterna sl\u00e4pper in gott om ljus och ger utsikt \u00f6ver [&hellip;]<\/p>\n","protected":false},"author":1,"featured_media":772,"parent":494,"menu_order":0,"comment_status":"closed","ping_status":"closed","template":"","meta":{"_acf_changed":false,"footnotes":""},"class_list":["post-1144","page","type-page","status-publish","has-post-thumbnail","hentry"],"acf":[],"yoast_head":"<!-- This site is optimized with the Yoast SEO plugin v27.5 - https:\/\/yoast.com\/product\/yoast-seo-wordpress\/ -->\n<title>Borgerlig vigsel - Kalmar Slott<\/title>\n<meta name=\"robots\" content=\"index, follow, max-snippet:-1, max-image-preview:large, max-video-preview:-1\" \/>\n<link rel=\"canonical\" href=\"https:\/\/kalmarslott.se\/en\/boka\/borgerlig-vigsel\/\" \/>\n<meta property=\"og:locale\" content=\"en_US\" \/>\n<meta property=\"og:type\" content=\"article\" \/>\n<meta property=\"og:title\" content=\"Borgerlig vigsel - Kalmar Slott\" \/>\n<meta property=\"og:description\" content=\"Gift er borgerligt i n\u00e5gon av slottets vackra salar H\u00e4r kan man v\u00e4lja mellan en vigsel i Sven M\u00e5nsson eller varf\u00f6r inte p\u00e5 den vackra vallen som l\u00f6per runt slottet? Sven M\u00e5nssons sal Den ljusa salen fr\u00e5n 1600-talet har kvar sina vackra ursprungliga v\u00e4ggm\u00e5lningar.\u00a0De vackra f\u00f6nsterna sl\u00e4pper in gott om ljus och ger utsikt \u00f6ver [&hellip;]\" \/>\n<meta property=\"og:url\" content=\"https:\/\/kalmarslott.se\/en\/boka\/borgerlig-vigsel\/\" \/>\n<meta property=\"og:site_name\" content=\"Kalmar Slott\" \/>\n<meta property=\"article:modified_time\" content=\"2023-04-24T08:34:20+00:00\" \/>\n<meta property=\"og:image\" content=\"https:\/\/kalmarslott.se\/wp-content\/uploads\/2022\/06\/bokabrollopborgerligvigselsvenmanssonsalenvackertfonster-e1655463306840-1024x481.jpg\" \/>\n\t<meta property=\"og:image:width\" content=\"1024\" \/>\n\t<meta property=\"og:image:height\" content=\"481\" \/>\n\t<meta property=\"og:image:type\" content=\"image\/jpeg\" \/>\n<meta name=\"twitter:card\" content=\"summary_large_image\" \/>\n<meta name=\"twitter:label1\" content=\"Est. reading time\" \/>\n\t<meta name=\"twitter:data1\" content=\"1 minute\" \/>\n<script type=\"application\/ld+json\" class=\"yoast-schema-graph\">{\"@context\":\"https:\\\/\\\/schema.org\",\"@graph\":[{\"@type\":\"WebPage\",\"@id\":\"https:\\\/\\\/kalmarslott.se\\\/en\\\/boka\\\/borgerlig-vigsel\\\/\",\"url\":\"https:\\\/\\\/kalmarslott.se\\\/en\\\/boka\\\/borgerlig-vigsel\\\/\",\"name\":\"Borgerlig vigsel - Kalmar Slott\",\"isPartOf\":{\"@id\":\"https:\\\/\\\/kalmarslott.se\\\/en\\\/#website\"},\"primaryImageOfPage\":{\"@id\":\"https:\\\/\\\/kalmarslott.se\\\/en\\\/boka\\\/borgerlig-vigsel\\\/#primaryimage\"},\"image\":{\"@id\":\"https:\\\/\\\/kalmarslott.se\\\/en\\\/boka\\\/borgerlig-vigsel\\\/#primaryimage\"},\"thumbnailUrl\":\"https:\\\/\\\/kalmarslott.se\\\/wp-content\\\/uploads\\\/2022\\\/06\\\/bokabrollopborgerligvigselsvenmanssonsalenvackertfonster-e1655463306840.jpg\",\"datePublished\":\"2022-06-17T10:56:15+00:00\",\"dateModified\":\"2023-04-24T08:34:20+00:00\",\"breadcrumb\":{\"@id\":\"https:\\\/\\\/kalmarslott.se\\\/en\\\/boka\\\/borgerlig-vigsel\\\/#breadcrumb\"},\"inLanguage\":\"en-US\",\"potentialAction\":[{\"@type\":\"ReadAction\",\"target\":[\"https:\\\/\\\/kalmarslott.se\\\/en\\\/boka\\\/borgerlig-vigsel\\\/\"]}]},{\"@type\":\"ImageObject\",\"inLanguage\":\"en-US\",\"@id\":\"https:\\\/\\\/kalmarslott.se\\\/en\\\/boka\\\/borgerlig-vigsel\\\/#primaryimage\",\"url\":\"https:\\\/\\\/kalmarslott.se\\\/wp-content\\\/uploads\\\/2022\\\/06\\\/bokabrollopborgerligvigselsvenmanssonsalenvackertfonster-e1655463306840.jpg\",\"contentUrl\":\"https:\\\/\\\/kalmarslott.se\\\/wp-content\\\/uploads\\\/2022\\\/06\\\/bokabrollopborgerligvigselsvenmanssonsalenvackertfonster-e1655463306840.jpg\",\"width\":8272,\"height\":3884,\"caption\":\"Boka Brollop Borgerlig Vigsel\"},{\"@type\":\"BreadcrumbList\",\"@id\":\"https:\\\/\\\/kalmarslott.se\\\/en\\\/boka\\\/borgerlig-vigsel\\\/#breadcrumb\",\"itemListElement\":[{\"@type\":\"ListItem\",\"position\":1,\"name\":\"Hem\",\"item\":\"https:\\\/\\\/kalmarslott.se\\\/en\\\/\"},{\"@type\":\"ListItem\",\"position\":2,\"name\":\"Boka\",\"item\":\"https:\\\/\\\/kalmarslott.se\\\/en\\\/boka\\\/\"},{\"@type\":\"ListItem\",\"position\":3,\"name\":\"Borgerlig vigsel\"}]},{\"@type\":\"WebSite\",\"@id\":\"https:\\\/\\\/kalmarslott.se\\\/en\\\/#website\",\"url\":\"https:\\\/\\\/kalmarslott.se\\\/en\\\/\",\"name\":\"Kalmar Slott\",\"description\":\"Ett riktigt slott\",\"potentialAction\":[{\"@type\":\"SearchAction\",\"target\":{\"@type\":\"EntryPoint\",\"urlTemplate\":\"https:\\\/\\\/kalmarslott.se\\\/en\\\/?s={search_term_string}\"},\"query-input\":{\"@type\":\"PropertyValueSpecification\",\"valueRequired\":true,\"valueName\":\"search_term_string\"}}],\"inLanguage\":\"en-US\"}]}<\/script>\n<!-- \/ Yoast SEO plugin. -->","yoast_head_json":{"title":"Borgerlig vigsel - Kalmar Slott","robots":{"index":"index","follow":"follow","max-snippet":"max-snippet:-1","max-image-preview":"max-image-preview:large","max-video-preview":"max-video-preview:-1"},"canonical":"https:\/\/kalmarslott.se\/en\/boka\/borgerlig-vigsel\/","og_locale":"en_US","og_type":"article","og_title":"Borgerlig vigsel - Kalmar Slott","og_description":"Gift er borgerligt i n\u00e5gon av slottets vackra salar H\u00e4r kan man v\u00e4lja mellan en vigsel i Sven M\u00e5nsson eller varf\u00f6r inte p\u00e5 den vackra vallen som l\u00f6per runt slottet? Sven M\u00e5nssons sal Den ljusa salen fr\u00e5n 1600-talet har kvar sina vackra ursprungliga v\u00e4ggm\u00e5lningar.\u00a0De vackra f\u00f6nsterna sl\u00e4pper in gott om ljus och ger utsikt \u00f6ver [&hellip;]","og_url":"https:\/\/kalmarslott.se\/en\/boka\/borgerlig-vigsel\/","og_site_name":"Kalmar Slott","article_modified_time":"2023-04-24T08:34:20+00:00","og_image":[{"width":1024,"height":481,"url":"https:\/\/kalmarslott.se\/wp-content\/uploads\/2022\/06\/bokabrollopborgerligvigselsvenmanssonsalenvackertfonster-e1655463306840-1024x481.jpg","type":"image\/jpeg"}],"twitter_card":"summary_large_image","twitter_misc":{"Est. reading time":"1 minute"},"schema":{"@context":"https:\/\/schema.org","@graph":[{"@type":"WebPage","@id":"https:\/\/kalmarslott.se\/en\/boka\/borgerlig-vigsel\/","url":"https:\/\/kalmarslott.se\/en\/boka\/borgerlig-vigsel\/","name":"Borgerlig vigsel - Kalmar Slott","isPartOf":{"@id":"https:\/\/kalmarslott.se\/en\/#website"},"primaryImageOfPage":{"@id":"https:\/\/kalmarslott.se\/en\/boka\/borgerlig-vigsel\/#primaryimage"},"image":{"@id":"https:\/\/kalmarslott.se\/en\/boka\/borgerlig-vigsel\/#primaryimage"},"thumbnailUrl":"https:\/\/kalmarslott.se\/wp-content\/uploads\/2022\/06\/bokabrollopborgerligvigselsvenmanssonsalenvackertfonster-e1655463306840.jpg","datePublished":"2022-06-17T10:56:15+00:00","dateModified":"2023-04-24T08:34:20+00:00","breadcrumb":{"@id":"https:\/\/kalmarslott.se\/en\/boka\/borgerlig-vigsel\/#breadcrumb"},"inLanguage":"en-US","potentialAction":[{"@type":"ReadAction","target":["https:\/\/kalmarslott.se\/en\/boka\/borgerlig-vigsel\/"]}]},{"@type":"ImageObject","inLanguage":"en-US","@id":"https:\/\/kalmarslott.se\/en\/boka\/borgerlig-vigsel\/#primaryimage","url":"https:\/\/kalmarslott.se\/wp-content\/uploads\/2022\/06\/bokabrollopborgerligvigselsvenmanssonsalenvackertfonster-e1655463306840.jpg","contentUrl":"https:\/\/kalmarslott.se\/wp-content\/uploads\/2022\/06\/bokabrollopborgerligvigselsvenmanssonsalenvackertfonster-e1655463306840.jpg","width":8272,"height":3884,"caption":"Boka Brollop Borgerlig Vigsel"},{"@type":"BreadcrumbList","@id":"https:\/\/kalmarslott.se\/en\/boka\/borgerlig-vigsel\/#breadcrumb","itemListElement":[{"@type":"ListItem","position":1,"name":"Hem","item":"https:\/\/kalmarslott.se\/en\/"},{"@type":"ListItem","position":2,"name":"Boka","item":"https:\/\/kalmarslott.se\/en\/boka\/"},{"@type":"ListItem","position":3,"name":"Borgerlig vigsel"}]},{"@type":"WebSite","@id":"https:\/\/kalmarslott.se\/en\/#website","url":"https:\/\/kalmarslott.se\/en\/","name":"Kalmar Slott","description":"Ett riktigt slott","potentialAction":[{"@type":"SearchAction","target":{"@type":"EntryPoint","urlTemplate":"https:\/\/kalmarslott.se\/en\/?s={search_term_string}"},"query-input":{"@type":"PropertyValueSpecification","valueRequired":true,"valueName":"search_term_string"}}],"inLanguage":"en-US"}]}},"_links":{"self":[{"href":"https:\/\/kalmarslott.se\/en\/wp-json\/wp\/v2\/pages\/1144","targetHints":{"allow":["GET"]}}],"collection":[{"href":"https:\/\/kalmarslott.se\/en\/wp-json\/wp\/v2\/pages"}],"about":[{"href":"https:\/\/kalmarslott.se\/en\/wp-json\/wp\/v2\/types\/page"}],"author":[{"embeddable":true,"href":"https:\/\/kalmarslott.se\/en\/wp-json\/wp\/v2\/users\/1"}],"replies":[{"embeddable":true,"href":"https:\/\/kalmarslott.se\/en\/wp-json\/wp\/v2\/comments?post=1144"}],"version-history":[{"count":5,"href":"https:\/\/kalmarslott.se\/en\/wp-json\/wp\/v2\/pages\/1144\/revisions"}],"predecessor-version":[{"id":6524,"href":"https:\/\/kalmarslott.se\/en\/wp-json\/wp\/v2\/pages\/1144\/revisions\/6524"}],"up":[{"embeddable":true,"href":"https:\/\/kalmarslott.se\/en\/wp-json\/wp\/v2\/pages\/494"}],"wp:featuredmedia":[{"embeddable":true,"href":"https:\/\/kalmarslott.se\/en\/wp-json\/wp\/v2\/media\/772"}],"wp:attachment":[{"href":"https:\/\/kalmarslott.se\/en\/wp-json\/wp\/v2\/media?parent=1144"}],"curies":[{"name":"wp","href":"https:\/\/api.w.org\/{rel}","templated":true}]}}