{"id":989,"date":"2022-06-17T08:53:05","date_gmt":"2022-06-17T06:53:05","guid":{"rendered":"https:\/\/kalmarslott.se\/?page_id=989"},"modified":"2024-12-05T14:01:14","modified_gmt":"2024-12-05T12:01:14","slug":"slottsbutik","status":"publish","type":"page","link":"https:\/\/kalmarslott.se\/de\/se-gora\/slottsbutik\/","title":{"rendered":"Slottsbutik"},"content":{"rendered":"<p>H\u00e4r hittar du presenter, inredning, smycken, choklad, tv\u00e5lar, barnsaker och mycket annat. Vi blandar svensk och dansk design med historiska och lokala produkter.<\/p>\n<p>Du \u00e4r v\u00e4lkommen till Slottsbutiken under slottets \u00f6ppettider.<\/p>\n<p>F\u00f6lj oss p\u00e5 Instagram f\u00f6r att se v\u00e5rt sortiment! @kalmarslottsbutik<\/p>\n<p>F\u00f6r fr\u00e5gor om sortimentet, ring Slottsbutiken; <a href=\"tel:0103570544\">010-357 05 44,<\/a> eller kontakta butiksansvarig Anna Wiklander; <a href=\"tel:0103570537\">010-357 05 37 <\/a>eller <a href=\"mailto:anna.wiklander@kalmar.com\">anna.wiklander@kalmar.com.<\/a><\/p>\n<p><img loading=\"lazy\" decoding=\"async\" class=\"alignleft size-full wp-image-6042\" src=\"https:\/\/kalmarslott.se\/wp-content\/uploads\/2023\/03\/slottsbutiken1-kopia-scaled.jpg\" alt=\"\" width=\"2560\" height=\"1918\" srcset=\"https:\/\/kalmarslott.se\/wp-content\/uploads\/2023\/03\/slottsbutiken1-kopia-scaled.jpg 2560w, https:\/\/kalmarslott.se\/wp-content\/uploads\/2023\/03\/slottsbutiken1-kopia-300x225.jpg 300w, https:\/\/kalmarslott.se\/wp-content\/uploads\/2023\/03\/slottsbutiken1-kopia-1024x767.jpg 1024w, https:\/\/kalmarslott.se\/wp-content\/uploads\/2023\/03\/slottsbutiken1-kopia-768x575.jpg 768w, https:\/\/kalmarslott.se\/wp-content\/uploads\/2023\/03\/slottsbutiken1-kopia-1536x1151.jpg 1536w, https:\/\/kalmarslott.se\/wp-content\/uploads\/2023\/03\/slottsbutiken1-kopia-2048x1535.jpg 2048w, https:\/\/kalmarslott.se\/wp-content\/uploads\/2023\/03\/slottsbutiken1-kopia-600x450.jpg 600w\" sizes=\"auto, (max-width: 2560px) 100vw, 2560px\" \/><\/p>\n","protected":false},"excerpt":{"rendered":"<p>H\u00e4r hittar du presenter, inredning, smycken, choklad, tv\u00e5lar, barnsaker och mycket annat. Vi blandar svensk och dansk design med historiska och lokala produkter. Du \u00e4r v\u00e4lkommen till Slottsbutiken under slottets \u00f6ppettider. F\u00f6lj oss p\u00e5 Instagram f\u00f6r att se v\u00e5rt sortiment! @kalmarslottsbutik F\u00f6r fr\u00e5gor om sortimentet, ring Slottsbutiken; 010-357 05 44, eller kontakta butiksansvarig Anna Wiklander; [&hellip;]<\/p>\n","protected":false},"author":2,"featured_media":6034,"parent":449,"menu_order":0,"comment_status":"closed","ping_status":"closed","template":"","meta":{"_acf_changed":false,"footnotes":""},"class_list":["post-989","page","type-page","status-publish","has-post-thumbnail","hentry"],"acf":[],"yoast_head":"<!-- This site is optimized with the Yoast SEO plugin v27.3 - https:\/\/yoast.com\/product\/yoast-seo-wordpress\/ -->\n<title>Slottsbutik - Kalmar Slott<\/title>\n<meta name=\"robots\" content=\"index, follow, max-snippet:-1, max-image-preview:large, max-video-preview:-1\" \/>\n<link rel=\"canonical\" href=\"https:\/\/kalmarslott.se\/de\/se-gora\/slottsbutik\/\" \/>\n<meta property=\"og:locale\" content=\"de_DE\" \/>\n<meta property=\"og:type\" content=\"article\" \/>\n<meta property=\"og:title\" content=\"Slottsbutik - Kalmar Slott\" \/>\n<meta property=\"og:description\" content=\"H\u00e4r hittar du presenter, inredning, smycken, choklad, tv\u00e5lar, barnsaker och mycket annat. Vi blandar svensk och dansk design med historiska och lokala produkter. Du \u00e4r v\u00e4lkommen till Slottsbutiken under slottets \u00f6ppettider. F\u00f6lj oss p\u00e5 Instagram f\u00f6r att se v\u00e5rt sortiment! @kalmarslottsbutik F\u00f6r fr\u00e5gor om sortimentet, ring Slottsbutiken; 010-357 05 44, eller kontakta butiksansvarig Anna Wiklander; [&hellip;]\" \/>\n<meta property=\"og:url\" content=\"https:\/\/kalmarslott.se\/de\/se-gora\/slottsbutik\/\" \/>\n<meta property=\"og:site_name\" content=\"Kalmar Slott\" \/>\n<meta property=\"article:modified_time\" content=\"2024-12-05T12:01:14+00:00\" \/>\n<meta property=\"og:image\" content=\"https:\/\/kalmarslott.se\/wp-content\/uploads\/2023\/03\/slottsbutiken1.jpg\" \/>\n\t<meta property=\"og:image:width\" content=\"600\" \/>\n\t<meta property=\"og:image:height\" content=\"500\" \/>\n\t<meta property=\"og:image:type\" content=\"image\/jpeg\" \/>\n<meta name=\"twitter:card\" content=\"summary_large_image\" \/>\n<meta name=\"twitter:label1\" content=\"Gesch\u00e4tzte Lesezeit\" \/>\n\t<meta name=\"twitter:data1\" content=\"1\u00a0Minute\" \/>\n<script type=\"application\/ld+json\" class=\"yoast-schema-graph\">{\"@context\":\"https:\\\/\\\/schema.org\",\"@graph\":[{\"@type\":\"WebPage\",\"@id\":\"https:\\\/\\\/kalmarslott.se\\\/de\\\/se-gora\\\/slottsbutik\\\/\",\"url\":\"https:\\\/\\\/kalmarslott.se\\\/de\\\/se-gora\\\/slottsbutik\\\/\",\"name\":\"Slottsbutik - Kalmar Slott\",\"isPartOf\":{\"@id\":\"https:\\\/\\\/kalmarslott.se\\\/de\\\/#website\"},\"primaryImageOfPage\":{\"@id\":\"https:\\\/\\\/kalmarslott.se\\\/de\\\/se-gora\\\/slottsbutik\\\/#primaryimage\"},\"image\":{\"@id\":\"https:\\\/\\\/kalmarslott.se\\\/de\\\/se-gora\\\/slottsbutik\\\/#primaryimage\"},\"thumbnailUrl\":\"https:\\\/\\\/kalmarslott.se\\\/wp-content\\\/uploads\\\/2023\\\/03\\\/slottsbutiken1.jpg\",\"datePublished\":\"2022-06-17T06:53:05+00:00\",\"dateModified\":\"2024-12-05T12:01:14+00:00\",\"breadcrumb\":{\"@id\":\"https:\\\/\\\/kalmarslott.se\\\/de\\\/se-gora\\\/slottsbutik\\\/#breadcrumb\"},\"inLanguage\":\"de\",\"potentialAction\":[{\"@type\":\"ReadAction\",\"target\":[\"https:\\\/\\\/kalmarslott.se\\\/de\\\/se-gora\\\/slottsbutik\\\/\"]}]},{\"@type\":\"ImageObject\",\"inLanguage\":\"de\",\"@id\":\"https:\\\/\\\/kalmarslott.se\\\/de\\\/se-gora\\\/slottsbutik\\\/#primaryimage\",\"url\":\"https:\\\/\\\/kalmarslott.se\\\/wp-content\\\/uploads\\\/2023\\\/03\\\/slottsbutiken1.jpg\",\"contentUrl\":\"https:\\\/\\\/kalmarslott.se\\\/wp-content\\\/uploads\\\/2023\\\/03\\\/slottsbutiken1.jpg\",\"width\":600,\"height\":500},{\"@type\":\"BreadcrumbList\",\"@id\":\"https:\\\/\\\/kalmarslott.se\\\/de\\\/se-gora\\\/slottsbutik\\\/#breadcrumb\",\"itemListElement\":[{\"@type\":\"ListItem\",\"position\":1,\"name\":\"Hem\",\"item\":\"https:\\\/\\\/kalmarslott.se\\\/de\\\/\"},{\"@type\":\"ListItem\",\"position\":2,\"name\":\"Se &#038; g\u00f6ra\",\"item\":\"https:\\\/\\\/kalmarslott.se\\\/de\\\/se-gora\\\/\"},{\"@type\":\"ListItem\",\"position\":3,\"name\":\"Slottsbutik\"}]},{\"@type\":\"WebSite\",\"@id\":\"https:\\\/\\\/kalmarslott.se\\\/de\\\/#website\",\"url\":\"https:\\\/\\\/kalmarslott.se\\\/de\\\/\",\"name\":\"Kalmar Slott\",\"description\":\"Ett riktigt slott\",\"potentialAction\":[{\"@type\":\"SearchAction\",\"target\":{\"@type\":\"EntryPoint\",\"urlTemplate\":\"https:\\\/\\\/kalmarslott.se\\\/de\\\/?s={search_term_string}\"},\"query-input\":{\"@type\":\"PropertyValueSpecification\",\"valueRequired\":true,\"valueName\":\"search_term_string\"}}],\"inLanguage\":\"de\"}]}<\/script>\n<!-- \/ Yoast SEO plugin. -->","yoast_head_json":{"title":"Slottsbutik - Kalmar Slott","robots":{"index":"index","follow":"follow","max-snippet":"max-snippet:-1","max-image-preview":"max-image-preview:large","max-video-preview":"max-video-preview:-1"},"canonical":"https:\/\/kalmarslott.se\/de\/se-gora\/slottsbutik\/","og_locale":"de_DE","og_type":"article","og_title":"Slottsbutik - Kalmar Slott","og_description":"H\u00e4r hittar du presenter, inredning, smycken, choklad, tv\u00e5lar, barnsaker och mycket annat. Vi blandar svensk och dansk design med historiska och lokala produkter. Du \u00e4r v\u00e4lkommen till Slottsbutiken under slottets \u00f6ppettider. F\u00f6lj oss p\u00e5 Instagram f\u00f6r att se v\u00e5rt sortiment! @kalmarslottsbutik F\u00f6r fr\u00e5gor om sortimentet, ring Slottsbutiken; 010-357 05 44, eller kontakta butiksansvarig Anna Wiklander; [&hellip;]","og_url":"https:\/\/kalmarslott.se\/de\/se-gora\/slottsbutik\/","og_site_name":"Kalmar Slott","article_modified_time":"2024-12-05T12:01:14+00:00","og_image":[{"width":600,"height":500,"url":"https:\/\/kalmarslott.se\/wp-content\/uploads\/2023\/03\/slottsbutiken1.jpg","type":"image\/jpeg"}],"twitter_card":"summary_large_image","twitter_misc":{"Gesch\u00e4tzte Lesezeit":"1\u00a0Minute"},"schema":{"@context":"https:\/\/schema.org","@graph":[{"@type":"WebPage","@id":"https:\/\/kalmarslott.se\/de\/se-gora\/slottsbutik\/","url":"https:\/\/kalmarslott.se\/de\/se-gora\/slottsbutik\/","name":"Slottsbutik - Kalmar Slott","isPartOf":{"@id":"https:\/\/kalmarslott.se\/de\/#website"},"primaryImageOfPage":{"@id":"https:\/\/kalmarslott.se\/de\/se-gora\/slottsbutik\/#primaryimage"},"image":{"@id":"https:\/\/kalmarslott.se\/de\/se-gora\/slottsbutik\/#primaryimage"},"thumbnailUrl":"https:\/\/kalmarslott.se\/wp-content\/uploads\/2023\/03\/slottsbutiken1.jpg","datePublished":"2022-06-17T06:53:05+00:00","dateModified":"2024-12-05T12:01:14+00:00","breadcrumb":{"@id":"https:\/\/kalmarslott.se\/de\/se-gora\/slottsbutik\/#breadcrumb"},"inLanguage":"de","potentialAction":[{"@type":"ReadAction","target":["https:\/\/kalmarslott.se\/de\/se-gora\/slottsbutik\/"]}]},{"@type":"ImageObject","inLanguage":"de","@id":"https:\/\/kalmarslott.se\/de\/se-gora\/slottsbutik\/#primaryimage","url":"https:\/\/kalmarslott.se\/wp-content\/uploads\/2023\/03\/slottsbutiken1.jpg","contentUrl":"https:\/\/kalmarslott.se\/wp-content\/uploads\/2023\/03\/slottsbutiken1.jpg","width":600,"height":500},{"@type":"BreadcrumbList","@id":"https:\/\/kalmarslott.se\/de\/se-gora\/slottsbutik\/#breadcrumb","itemListElement":[{"@type":"ListItem","position":1,"name":"Hem","item":"https:\/\/kalmarslott.se\/de\/"},{"@type":"ListItem","position":2,"name":"Se &#038; g\u00f6ra","item":"https:\/\/kalmarslott.se\/de\/se-gora\/"},{"@type":"ListItem","position":3,"name":"Slottsbutik"}]},{"@type":"WebSite","@id":"https:\/\/kalmarslott.se\/de\/#website","url":"https:\/\/kalmarslott.se\/de\/","name":"Kalmar Slott","description":"Ett riktigt slott","potentialAction":[{"@type":"SearchAction","target":{"@type":"EntryPoint","urlTemplate":"https:\/\/kalmarslott.se\/de\/?s={search_term_string}"},"query-input":{"@type":"PropertyValueSpecification","valueRequired":true,"valueName":"search_term_string"}}],"inLanguage":"de"}]}},"_links":{"self":[{"href":"https:\/\/kalmarslott.se\/de\/wp-json\/wp\/v2\/pages\/989","targetHints":{"allow":["GET"]}}],"collection":[{"href":"https:\/\/kalmarslott.se\/de\/wp-json\/wp\/v2\/pages"}],"about":[{"href":"https:\/\/kalmarslott.se\/de\/wp-json\/wp\/v2\/types\/page"}],"author":[{"embeddable":true,"href":"https:\/\/kalmarslott.se\/de\/wp-json\/wp\/v2\/users\/2"}],"replies":[{"embeddable":true,"href":"https:\/\/kalmarslott.se\/de\/wp-json\/wp\/v2\/comments?post=989"}],"version-history":[{"count":23,"href":"https:\/\/kalmarslott.se\/de\/wp-json\/wp\/v2\/pages\/989\/revisions"}],"predecessor-version":[{"id":10241,"href":"https:\/\/kalmarslott.se\/de\/wp-json\/wp\/v2\/pages\/989\/revisions\/10241"}],"up":[{"embeddable":true,"href":"https:\/\/kalmarslott.se\/de\/wp-json\/wp\/v2\/pages\/449"}],"wp:featuredmedia":[{"embeddable":true,"href":"https:\/\/kalmarslott.se\/de\/wp-json\/wp\/v2\/media\/6034"}],"wp:attachment":[{"href":"https:\/\/kalmarslott.se\/de\/wp-json\/wp\/v2\/media?parent=989"}],"curies":[{"name":"wp","href":"https:\/\/api.w.org\/{rel}","templated":true}]}}