{"id":8735,"date":"2024-06-04T13:15:17","date_gmt":"2024-06-04T11:15:17","guid":{"rendered":"https:\/\/kalmarslott.se\/cafe-restaurant\/abendessen\/"},"modified":"2024-10-09T15:58:29","modified_gmt":"2024-10-09T13:58:29","slug":"abendessen-2","status":"publish","type":"page","link":"https:\/\/kalmarslott.se\/de\/cafe-restaurant\/abendessen-2\/","title":{"rendered":"Abendessen"},"content":{"rendered":"<p><b>Im Kalmarer Schlossrestaurant werden erlesene Mahlzeiten und k\u00f6stliche Desserts angeboten. Kleine Gruppen sind ebenso willkommen wie gro\u00dfe Gesellschaften. Unser Restaurant gibt immer alles, um Ihnen einen unvergesslichen Abend im Schloss zu bereiten.<\/b><\/p>\n<p><span style=\"font-weight: 400;\">Im Speiseraum der Schlosswirte l\u00e4dt man Sie zu kulinarischen Erlebnissen ein, die eines 800 Jahre alten Schlosses w\u00fcrdig sind. Das Men\u00fc ist abwechslungsreich und \u00e4ndert sich je nach Saison, Produkten und Inspiration. Hier genie\u00dfen Sie die besten Zutaten, regionale Delikatessen und einzigartige Geschmackserlebnisse. Das Restaurant bem\u00fcht sich, Sie bei jedem Besuch mit etwas Neuem zu \u00fcberraschen.<\/span><\/p>\n<p><span style=\"font-weight: 400;\">Ein Abendessen in Speiseraum beginnt mit gem\u00fctlichem Beisammensein und einer Vorstellung des Men\u00fcs f\u00fcr den Abend.\u00a0 Danach werden die G\u00e4nge mit den zugeh\u00f6rigen Getr\u00e4nken aufgetragen. Zur Auswahl steht das kleine oder gro\u00dfe Verkostungsmen\u00fc. Bitte teilen Sie uns bei der Vorbestellung mit, ob eventuelle Unvertr\u00e4glichkeiten zu beachten sind.<\/span><\/p>\n<h2>Tischbestellung<span style=\"font-weight: 400;\"><br \/>\n<\/span><\/h2>\n<p><span style=\"font-weight: 400;\">Tische k\u00f6nnen per Mail an\u00a0<a href=\"slottsrestaurangen@postgatan.nu\">slottsrestaurangen@postgatan.nu<\/a>\u00a0oder telefonisch unter <a href=\"tel:+4648010282\">+46(0) 480-10282<\/a> bestellt werden. Vorbestellungen f\u00fcr Unternehmen richten Sie bitte an\u00a0<a href=\"http:\/\/kalmarslott@kalmar.com.\">kalmarslott@kalmar.com.<\/a><\/span><\/p>\n<p><img loading=\"lazy\" decoding=\"async\" class=\"alignnone size-large wp-image-1700\" src=\"https:\/\/kalmarslott.se\/wp-content\/uploads\/2022\/06\/restaurantdiningtable-1024x683.jpg\" alt=\"\" width=\"1024\" height=\"683\" srcset=\"https:\/\/kalmarslott.se\/wp-content\/uploads\/2022\/06\/restaurantdiningtable-1024x683.jpg 1024w, https:\/\/kalmarslott.se\/wp-content\/uploads\/2022\/06\/restaurantdiningtable-300x200.jpg 300w, https:\/\/kalmarslott.se\/wp-content\/uploads\/2022\/06\/restaurantdiningtable-768x512.jpg 768w, https:\/\/kalmarslott.se\/wp-content\/uploads\/2022\/06\/restaurantdiningtable-1536x1024.jpg 1536w, https:\/\/kalmarslott.se\/wp-content\/uploads\/2022\/06\/restaurantdiningtable-600x400.jpg 600w\" sizes=\"auto, (max-width: 1024px) 100vw, 1024px\" \/><\/p>\n","protected":false},"excerpt":{"rendered":"<p>Im Kalmarer Schlossrestaurant werden erlesene Mahlzeiten und k\u00f6stliche Desserts angeboten. Kleine Gruppen sind ebenso willkommen wie gro\u00dfe Gesellschaften. Unser Restaurant gibt immer alles, um Ihnen einen unvergesslichen Abend im Schloss zu bereiten. Im Speiseraum der Schlosswirte l\u00e4dt man Sie zu kulinarischen Erlebnissen ein, die eines 800 Jahre alten Schlosses w\u00fcrdig sind. Das Men\u00fc ist abwechslungsreich [&hellip;]<\/p>\n","protected":false},"author":9,"featured_media":8741,"parent":2335,"menu_order":0,"comment_status":"closed","ping_status":"closed","template":"","meta":{"_acf_changed":false,"footnotes":""},"class_list":["post-8735","page","type-page","status-publish","has-post-thumbnail","hentry"],"acf":[],"yoast_head":"<!-- This site is optimized with the Yoast SEO plugin v27.3 - https:\/\/yoast.com\/product\/yoast-seo-wordpress\/ -->\n<title>Abendessen - Kalmar Slott<\/title>\n<meta name=\"robots\" content=\"index, follow, max-snippet:-1, max-image-preview:large, max-video-preview:-1\" \/>\n<link rel=\"canonical\" href=\"https:\/\/kalmarslott.se\/de\/cafe-restaurant\/abendessen-2\/\" \/>\n<meta property=\"og:locale\" content=\"de_DE\" \/>\n<meta property=\"og:type\" content=\"article\" \/>\n<meta property=\"og:title\" content=\"Abendessen - Kalmar Slott\" \/>\n<meta property=\"og:description\" content=\"Im Kalmarer Schlossrestaurant werden erlesene Mahlzeiten und k\u00f6stliche Desserts angeboten. Kleine Gruppen sind ebenso willkommen wie gro\u00dfe Gesellschaften. Unser Restaurant gibt immer alles, um Ihnen einen unvergesslichen Abend im Schloss zu bereiten. Im Speiseraum der Schlosswirte l\u00e4dt man Sie zu kulinarischen Erlebnissen ein, die eines 800 Jahre alten Schlosses w\u00fcrdig sind. Das Men\u00fc ist abwechslungsreich [&hellip;]\" \/>\n<meta property=\"og:url\" content=\"https:\/\/kalmarslott.se\/de\/cafe-restaurant\/abendessen-2\/\" \/>\n<meta property=\"og:site_name\" content=\"Kalmar Slott\" \/>\n<meta property=\"article:modified_time\" content=\"2024-10-09T13:58:29+00:00\" \/>\n<meta property=\"og:image\" content=\"https:\/\/kalmarslott.se\/wp-content\/uploads\/2024\/06\/slottsrestaurangen-43-scaled.jpg\" \/>\n\t<meta property=\"og:image:width\" content=\"2560\" \/>\n\t<meta property=\"og:image:height\" content=\"1707\" \/>\n\t<meta property=\"og:image:type\" content=\"image\/jpeg\" \/>\n<meta name=\"twitter:card\" content=\"summary_large_image\" \/>\n<meta name=\"twitter:label1\" content=\"Gesch\u00e4tzte Lesezeit\" \/>\n\t<meta name=\"twitter:data1\" content=\"2\u00a0Minuten\" \/>\n<script type=\"application\/ld+json\" class=\"yoast-schema-graph\">{\"@context\":\"https:\\\/\\\/schema.org\",\"@graph\":[{\"@type\":\"WebPage\",\"@id\":\"https:\\\/\\\/kalmarslott.se\\\/de\\\/cafe-restaurant\\\/abendessen-2\\\/\",\"url\":\"https:\\\/\\\/kalmarslott.se\\\/de\\\/cafe-restaurant\\\/abendessen-2\\\/\",\"name\":\"Abendessen - Kalmar Slott\",\"isPartOf\":{\"@id\":\"https:\\\/\\\/kalmarslott.se\\\/de\\\/#website\"},\"primaryImageOfPage\":{\"@id\":\"https:\\\/\\\/kalmarslott.se\\\/de\\\/cafe-restaurant\\\/abendessen-2\\\/#primaryimage\"},\"image\":{\"@id\":\"https:\\\/\\\/kalmarslott.se\\\/de\\\/cafe-restaurant\\\/abendessen-2\\\/#primaryimage\"},\"thumbnailUrl\":\"https:\\\/\\\/kalmarslott.se\\\/wp-content\\\/uploads\\\/2024\\\/06\\\/slottsrestaurangen-43-scaled.jpg\",\"datePublished\":\"2024-06-04T11:15:17+00:00\",\"dateModified\":\"2024-10-09T13:58:29+00:00\",\"breadcrumb\":{\"@id\":\"https:\\\/\\\/kalmarslott.se\\\/de\\\/cafe-restaurant\\\/abendessen-2\\\/#breadcrumb\"},\"inLanguage\":\"de\",\"potentialAction\":[{\"@type\":\"ReadAction\",\"target\":[\"https:\\\/\\\/kalmarslott.se\\\/de\\\/cafe-restaurant\\\/abendessen-2\\\/\"]}]},{\"@type\":\"ImageObject\",\"inLanguage\":\"de\",\"@id\":\"https:\\\/\\\/kalmarslott.se\\\/de\\\/cafe-restaurant\\\/abendessen-2\\\/#primaryimage\",\"url\":\"https:\\\/\\\/kalmarslott.se\\\/wp-content\\\/uploads\\\/2024\\\/06\\\/slottsrestaurangen-43-scaled.jpg\",\"contentUrl\":\"https:\\\/\\\/kalmarslott.se\\\/wp-content\\\/uploads\\\/2024\\\/06\\\/slottsrestaurangen-43-scaled.jpg\",\"width\":2560,\"height\":1707,\"caption\":\"Slottsrestaurangen Kungstornet\"},{\"@type\":\"BreadcrumbList\",\"@id\":\"https:\\\/\\\/kalmarslott.se\\\/de\\\/cafe-restaurant\\\/abendessen-2\\\/#breadcrumb\",\"itemListElement\":[{\"@type\":\"ListItem\",\"position\":1,\"name\":\"Hem\",\"item\":\"https:\\\/\\\/kalmarslott.se\\\/de\\\/\"},{\"@type\":\"ListItem\",\"position\":2,\"name\":\"Caf\u00e9 &#038; Restaurant\",\"item\":\"https:\\\/\\\/kalmarslott.se\\\/de\\\/cafe-restaurant\\\/\"},{\"@type\":\"ListItem\",\"position\":3,\"name\":\"Abendessen\"}]},{\"@type\":\"WebSite\",\"@id\":\"https:\\\/\\\/kalmarslott.se\\\/de\\\/#website\",\"url\":\"https:\\\/\\\/kalmarslott.se\\\/de\\\/\",\"name\":\"Kalmar Slott\",\"description\":\"Ett riktigt slott\",\"potentialAction\":[{\"@type\":\"SearchAction\",\"target\":{\"@type\":\"EntryPoint\",\"urlTemplate\":\"https:\\\/\\\/kalmarslott.se\\\/de\\\/?s={search_term_string}\"},\"query-input\":{\"@type\":\"PropertyValueSpecification\",\"valueRequired\":true,\"valueName\":\"search_term_string\"}}],\"inLanguage\":\"de\"}]}<\/script>\n<!-- \/ Yoast SEO plugin. -->","yoast_head_json":{"title":"Abendessen - Kalmar Slott","robots":{"index":"index","follow":"follow","max-snippet":"max-snippet:-1","max-image-preview":"max-image-preview:large","max-video-preview":"max-video-preview:-1"},"canonical":"https:\/\/kalmarslott.se\/de\/cafe-restaurant\/abendessen-2\/","og_locale":"de_DE","og_type":"article","og_title":"Abendessen - Kalmar Slott","og_description":"Im Kalmarer Schlossrestaurant werden erlesene Mahlzeiten und k\u00f6stliche Desserts angeboten. Kleine Gruppen sind ebenso willkommen wie gro\u00dfe Gesellschaften. Unser Restaurant gibt immer alles, um Ihnen einen unvergesslichen Abend im Schloss zu bereiten. Im Speiseraum der Schlosswirte l\u00e4dt man Sie zu kulinarischen Erlebnissen ein, die eines 800 Jahre alten Schlosses w\u00fcrdig sind. Das Men\u00fc ist abwechslungsreich [&hellip;]","og_url":"https:\/\/kalmarslott.se\/de\/cafe-restaurant\/abendessen-2\/","og_site_name":"Kalmar Slott","article_modified_time":"2024-10-09T13:58:29+00:00","og_image":[{"width":2560,"height":1707,"url":"https:\/\/kalmarslott.se\/wp-content\/uploads\/2024\/06\/slottsrestaurangen-43-scaled.jpg","type":"image\/jpeg"}],"twitter_card":"summary_large_image","twitter_misc":{"Gesch\u00e4tzte Lesezeit":"2\u00a0Minuten"},"schema":{"@context":"https:\/\/schema.org","@graph":[{"@type":"WebPage","@id":"https:\/\/kalmarslott.se\/de\/cafe-restaurant\/abendessen-2\/","url":"https:\/\/kalmarslott.se\/de\/cafe-restaurant\/abendessen-2\/","name":"Abendessen - Kalmar Slott","isPartOf":{"@id":"https:\/\/kalmarslott.se\/de\/#website"},"primaryImageOfPage":{"@id":"https:\/\/kalmarslott.se\/de\/cafe-restaurant\/abendessen-2\/#primaryimage"},"image":{"@id":"https:\/\/kalmarslott.se\/de\/cafe-restaurant\/abendessen-2\/#primaryimage"},"thumbnailUrl":"https:\/\/kalmarslott.se\/wp-content\/uploads\/2024\/06\/slottsrestaurangen-43-scaled.jpg","datePublished":"2024-06-04T11:15:17+00:00","dateModified":"2024-10-09T13:58:29+00:00","breadcrumb":{"@id":"https:\/\/kalmarslott.se\/de\/cafe-restaurant\/abendessen-2\/#breadcrumb"},"inLanguage":"de","potentialAction":[{"@type":"ReadAction","target":["https:\/\/kalmarslott.se\/de\/cafe-restaurant\/abendessen-2\/"]}]},{"@type":"ImageObject","inLanguage":"de","@id":"https:\/\/kalmarslott.se\/de\/cafe-restaurant\/abendessen-2\/#primaryimage","url":"https:\/\/kalmarslott.se\/wp-content\/uploads\/2024\/06\/slottsrestaurangen-43-scaled.jpg","contentUrl":"https:\/\/kalmarslott.se\/wp-content\/uploads\/2024\/06\/slottsrestaurangen-43-scaled.jpg","width":2560,"height":1707,"caption":"Slottsrestaurangen Kungstornet"},{"@type":"BreadcrumbList","@id":"https:\/\/kalmarslott.se\/de\/cafe-restaurant\/abendessen-2\/#breadcrumb","itemListElement":[{"@type":"ListItem","position":1,"name":"Hem","item":"https:\/\/kalmarslott.se\/de\/"},{"@type":"ListItem","position":2,"name":"Caf\u00e9 &#038; Restaurant","item":"https:\/\/kalmarslott.se\/de\/cafe-restaurant\/"},{"@type":"ListItem","position":3,"name":"Abendessen"}]},{"@type":"WebSite","@id":"https:\/\/kalmarslott.se\/de\/#website","url":"https:\/\/kalmarslott.se\/de\/","name":"Kalmar Slott","description":"Ett riktigt slott","potentialAction":[{"@type":"SearchAction","target":{"@type":"EntryPoint","urlTemplate":"https:\/\/kalmarslott.se\/de\/?s={search_term_string}"},"query-input":{"@type":"PropertyValueSpecification","valueRequired":true,"valueName":"search_term_string"}}],"inLanguage":"de"}]}},"_links":{"self":[{"href":"https:\/\/kalmarslott.se\/de\/wp-json\/wp\/v2\/pages\/8735","targetHints":{"allow":["GET"]}}],"collection":[{"href":"https:\/\/kalmarslott.se\/de\/wp-json\/wp\/v2\/pages"}],"about":[{"href":"https:\/\/kalmarslott.se\/de\/wp-json\/wp\/v2\/types\/page"}],"author":[{"embeddable":true,"href":"https:\/\/kalmarslott.se\/de\/wp-json\/wp\/v2\/users\/9"}],"replies":[{"embeddable":true,"href":"https:\/\/kalmarslott.se\/de\/wp-json\/wp\/v2\/comments?post=8735"}],"version-history":[{"count":2,"href":"https:\/\/kalmarslott.se\/de\/wp-json\/wp\/v2\/pages\/8735\/revisions"}],"predecessor-version":[{"id":9738,"href":"https:\/\/kalmarslott.se\/de\/wp-json\/wp\/v2\/pages\/8735\/revisions\/9738"}],"up":[{"embeddable":true,"href":"https:\/\/kalmarslott.se\/de\/wp-json\/wp\/v2\/pages\/2335"}],"wp:featuredmedia":[{"embeddable":true,"href":"https:\/\/kalmarslott.se\/de\/wp-json\/wp\/v2\/media\/8741"}],"wp:attachment":[{"href":"https:\/\/kalmarslott.se\/de\/wp-json\/wp\/v2\/media?parent=8735"}],"curies":[{"name":"wp","href":"https:\/\/api.w.org\/{rel}","templated":true}]}}