{"id":6131,"date":"2023-03-14T10:07:18","date_gmt":"2023-03-14T08:07:18","guid":{"rendered":"https:\/\/kalmarslott.se\/?page_id=6131"},"modified":"2023-03-14T10:07:18","modified_gmt":"2023-03-14T08:07:18","slug":"veranstaltungen","status":"publish","type":"page","link":"https:\/\/kalmarslott.se\/de\/veranstaltungen\/","title":{"rendered":"Veranstaltungen"},"content":{"rendered":"<p>W\u00e4hrend des Jahres haben wir mehrere musikalische Veranstaltungen, Vortr\u00e4ge, Aktivit\u00e4ten f\u00fcr Kinder, spezielle F\u00fchrungen und andere spannende Dinge.<\/p>\n<p><a href=\"https:\/\/kalmarslott.se\/evenemangskalender\/\">Besuchen Sie den Veranstaltungskalender, um mehr zu erfahren.<\/a><\/p>\n","protected":false},"excerpt":{"rendered":"<p>W\u00e4hrend des Jahres haben wir mehrere musikalische Veranstaltungen, Vortr\u00e4ge, Aktivit\u00e4ten f\u00fcr Kinder, spezielle F\u00fchrungen und andere spannende Dinge. Besuchen Sie den Veranstaltungskalender, um mehr zu erfahren.<\/p>\n","protected":false},"author":1,"featured_media":0,"parent":0,"menu_order":0,"comment_status":"closed","ping_status":"closed","template":"","meta":{"_acf_changed":false,"footnotes":""},"class_list":["post-6131","page","type-page","status-publish","hentry"],"acf":[],"yoast_head":"<!-- This site is optimized with the Yoast SEO plugin v27.3 - https:\/\/yoast.com\/product\/yoast-seo-wordpress\/ -->\n<title>Veranstaltungen - Kalmar Slott<\/title>\n<meta name=\"robots\" content=\"index, follow, max-snippet:-1, max-image-preview:large, max-video-preview:-1\" \/>\n<link rel=\"canonical\" href=\"https:\/\/kalmarslott.se\/de\/veranstaltungen\/\" \/>\n<meta property=\"og:locale\" content=\"de_DE\" \/>\n<meta property=\"og:type\" content=\"article\" \/>\n<meta property=\"og:title\" content=\"Veranstaltungen - Kalmar Slott\" \/>\n<meta property=\"og:description\" content=\"W\u00e4hrend des Jahres haben wir mehrere musikalische Veranstaltungen, Vortr\u00e4ge, Aktivit\u00e4ten f\u00fcr Kinder, spezielle F\u00fchrungen und andere spannende Dinge. Besuchen Sie den Veranstaltungskalender, um mehr zu erfahren.\" \/>\n<meta property=\"og:url\" content=\"https:\/\/kalmarslott.se\/de\/veranstaltungen\/\" \/>\n<meta property=\"og:site_name\" content=\"Kalmar Slott\" \/>\n<meta name=\"twitter:card\" content=\"summary_large_image\" \/>\n<meta name=\"twitter:label1\" content=\"Gesch\u00e4tzte Lesezeit\" \/>\n\t<meta name=\"twitter:data1\" content=\"1\u00a0Minute\" \/>\n<script type=\"application\/ld+json\" class=\"yoast-schema-graph\">{\"@context\":\"https:\\\/\\\/schema.org\",\"@graph\":[{\"@type\":\"WebPage\",\"@id\":\"https:\\\/\\\/kalmarslott.se\\\/de\\\/veranstaltungen\\\/\",\"url\":\"https:\\\/\\\/kalmarslott.se\\\/de\\\/veranstaltungen\\\/\",\"name\":\"Veranstaltungen - Kalmar Slott\",\"isPartOf\":{\"@id\":\"https:\\\/\\\/kalmarslott.se\\\/de\\\/#website\"},\"datePublished\":\"2023-03-14T08:07:18+00:00\",\"breadcrumb\":{\"@id\":\"https:\\\/\\\/kalmarslott.se\\\/de\\\/veranstaltungen\\\/#breadcrumb\"},\"inLanguage\":\"de\",\"potentialAction\":[{\"@type\":\"ReadAction\",\"target\":[\"https:\\\/\\\/kalmarslott.se\\\/de\\\/veranstaltungen\\\/\"]}]},{\"@type\":\"BreadcrumbList\",\"@id\":\"https:\\\/\\\/kalmarslott.se\\\/de\\\/veranstaltungen\\\/#breadcrumb\",\"itemListElement\":[{\"@type\":\"ListItem\",\"position\":1,\"name\":\"Hem\",\"item\":\"https:\\\/\\\/kalmarslott.se\\\/de\\\/\"},{\"@type\":\"ListItem\",\"position\":2,\"name\":\"Veranstaltungen\"}]},{\"@type\":\"WebSite\",\"@id\":\"https:\\\/\\\/kalmarslott.se\\\/de\\\/#website\",\"url\":\"https:\\\/\\\/kalmarslott.se\\\/de\\\/\",\"name\":\"Kalmar Slott\",\"description\":\"Ett riktigt slott\",\"potentialAction\":[{\"@type\":\"SearchAction\",\"target\":{\"@type\":\"EntryPoint\",\"urlTemplate\":\"https:\\\/\\\/kalmarslott.se\\\/de\\\/?s={search_term_string}\"},\"query-input\":{\"@type\":\"PropertyValueSpecification\",\"valueRequired\":true,\"valueName\":\"search_term_string\"}}],\"inLanguage\":\"de\"}]}<\/script>\n<!-- \/ Yoast SEO plugin. -->","yoast_head_json":{"title":"Veranstaltungen - Kalmar Slott","robots":{"index":"index","follow":"follow","max-snippet":"max-snippet:-1","max-image-preview":"max-image-preview:large","max-video-preview":"max-video-preview:-1"},"canonical":"https:\/\/kalmarslott.se\/de\/veranstaltungen\/","og_locale":"de_DE","og_type":"article","og_title":"Veranstaltungen - Kalmar Slott","og_description":"W\u00e4hrend des Jahres haben wir mehrere musikalische Veranstaltungen, Vortr\u00e4ge, Aktivit\u00e4ten f\u00fcr Kinder, spezielle F\u00fchrungen und andere spannende Dinge. Besuchen Sie den Veranstaltungskalender, um mehr zu erfahren.","og_url":"https:\/\/kalmarslott.se\/de\/veranstaltungen\/","og_site_name":"Kalmar Slott","twitter_card":"summary_large_image","twitter_misc":{"Gesch\u00e4tzte Lesezeit":"1\u00a0Minute"},"schema":{"@context":"https:\/\/schema.org","@graph":[{"@type":"WebPage","@id":"https:\/\/kalmarslott.se\/de\/veranstaltungen\/","url":"https:\/\/kalmarslott.se\/de\/veranstaltungen\/","name":"Veranstaltungen - Kalmar Slott","isPartOf":{"@id":"https:\/\/kalmarslott.se\/de\/#website"},"datePublished":"2023-03-14T08:07:18+00:00","breadcrumb":{"@id":"https:\/\/kalmarslott.se\/de\/veranstaltungen\/#breadcrumb"},"inLanguage":"de","potentialAction":[{"@type":"ReadAction","target":["https:\/\/kalmarslott.se\/de\/veranstaltungen\/"]}]},{"@type":"BreadcrumbList","@id":"https:\/\/kalmarslott.se\/de\/veranstaltungen\/#breadcrumb","itemListElement":[{"@type":"ListItem","position":1,"name":"Hem","item":"https:\/\/kalmarslott.se\/de\/"},{"@type":"ListItem","position":2,"name":"Veranstaltungen"}]},{"@type":"WebSite","@id":"https:\/\/kalmarslott.se\/de\/#website","url":"https:\/\/kalmarslott.se\/de\/","name":"Kalmar Slott","description":"Ett riktigt slott","potentialAction":[{"@type":"SearchAction","target":{"@type":"EntryPoint","urlTemplate":"https:\/\/kalmarslott.se\/de\/?s={search_term_string}"},"query-input":{"@type":"PropertyValueSpecification","valueRequired":true,"valueName":"search_term_string"}}],"inLanguage":"de"}]}},"_links":{"self":[{"href":"https:\/\/kalmarslott.se\/de\/wp-json\/wp\/v2\/pages\/6131","targetHints":{"allow":["GET"]}}],"collection":[{"href":"https:\/\/kalmarslott.se\/de\/wp-json\/wp\/v2\/pages"}],"about":[{"href":"https:\/\/kalmarslott.se\/de\/wp-json\/wp\/v2\/types\/page"}],"author":[{"embeddable":true,"href":"https:\/\/kalmarslott.se\/de\/wp-json\/wp\/v2\/users\/1"}],"replies":[{"embeddable":true,"href":"https:\/\/kalmarslott.se\/de\/wp-json\/wp\/v2\/comments?post=6131"}],"version-history":[{"count":1,"href":"https:\/\/kalmarslott.se\/de\/wp-json\/wp\/v2\/pages\/6131\/revisions"}],"predecessor-version":[{"id":6132,"href":"https:\/\/kalmarslott.se\/de\/wp-json\/wp\/v2\/pages\/6131\/revisions\/6132"}],"wp:attachment":[{"href":"https:\/\/kalmarslott.se\/de\/wp-json\/wp\/v2\/media?parent=6131"}],"curies":[{"name":"wp","href":"https:\/\/api.w.org\/{rel}","templated":true}]}}