{"id":5475,"date":"2022-12-01T16:44:58","date_gmt":"2022-12-01T14:44:58","guid":{"rendered":"https:\/\/kalmarslott.se\/?page_id=5475"},"modified":"2025-11-03T11:52:19","modified_gmt":"2025-11-03T09:52:19","slug":"gyllenluvas-julgata","status":"publish","type":"page","link":"https:\/\/kalmarslott.se\/de\/gyllenluvas-julgata\/","title":{"rendered":"Gyllenluvas julg\u00e5ta"},"content":{"rendered":"<p><em><strong>Startar 6 december!<\/strong><\/em><\/p>\n<p>P\u00e5 Kalmar slott har m\u00e4nniskor bott under l\u00e5ng tid \u2013 allt ifr\u00e5n kungligheter till pigor. Men \u00e4ven andra har sitt hem i slottets skrymslen och vr\u00e5r. H\u00e4r bor en f\u00f6rn\u00e4m sl\u00e4kt sedan hundratals \u00e5r men det \u00e4r f\u00e5 som k\u00e4nner till dem. Det \u00e4r hustomtarna av \u00e4tten Gyllenluva \u2013 de allra b\u00e4sta av hustomtar \u2013 v\u00e4l aktade bland andra. Alltid redo att hj\u00e4lpa slottets m\u00e4nniskor och djur s\u00e5 l\u00e4nge de bem\u00f6ts med respekt. Kvickt och elegant utf\u00f6r de sina sysslor utan att n\u00e5gon f\u00e5r syn p\u00e5 dem.<\/p>\n<p>Den h\u00e4r julen f\u00f6rbereder \u00e4tten Gyllenluva julens alla bestyr. Var dag har sin syssla och det \u00e4r mycket att g\u00f6ra! I all sin br\u00e5dska att \u00e5stadkomma det vackraste julfirandet i mannaminne har hustomtarna gl\u00f6mt uttala sin magiska ramsa som vanligtvis g\u00f6r dem osynliga&#8230;<\/p>\n<p>F\u00f6lj hustomtarna Gyllenluva genom slottets salar och skrymslen. H\u00e4r kr\u00e4vs ett skarpt \u00f6ga f\u00f6r att lista ut vilka siffror som tillslut bildar en kod.<\/p>\n<h2>Hustomten i folktron<\/h2>\n<p>Hustomten \u00e4r ett av den nordiska folktrons v\u00e4sen. Ordet \u201dtomte\u201d h\u00e4rr\u00f6r fr\u00e5n \u201dtomt\u201d \u2013 kopplingen till g\u00e5rden \u00e4r stark. I det gamla bondesamh\u00e4llet vakade han \u00f6ver g\u00e5rden, hj\u00e4lpte bonden med sysslor och s\u00e5g till att djuren hade det bra.<\/p>\n<p>Hustomten syns s\u00e4llan till. Han gillar n\u00e4r det h\u00e5lls rent i ladug\u00e5rden och m\u00e5nar om h\u00e4starna som han fl\u00e4tar manen p\u00e5. Ett vresigt hum\u00f6r \u00e4r inte ovanligt s\u00e5 det \u00e4r viktigt att h\u00e5lla sig p\u00e5 god fot med honom. F\u00e5r han inte sin julgr\u00f6t med en klick sm\u00f6r som tack f\u00f6r \u00e5rets arbete kan han bli mycket uppr\u00f6rd. Att sk\u00e4nka honom kl\u00e4der \u00e4r ocks\u00e5 ett s\u00e4tt att visa uppskattning. Man b\u00f6r dock vara aktsam s\u00e5 de inte \u00e4r f\u00f6r p\u00e5kostade d\u00e5 han kan k\u00e4nna sig f\u00f6r fin f\u00f6r att arbeta. Hustomten \u00e4r oftast ungkarl men har ibland en familj med tomtemor och sm\u00e5tomtar \u2013 som \u00e4tten Gyllenluva!<\/p>\n<p>&nbsp;<\/p>\n<p><img loading=\"lazy\" decoding=\"async\" class=\"alignleft wp-image-7726 size-large\" src=\"https:\/\/kalmarslott.se\/wp-content\/uploads\/2023\/11\/gyllenluva1viva-1024x576.jpg\" alt=\"\" width=\"1024\" height=\"576\" srcset=\"https:\/\/kalmarslott.se\/wp-content\/uploads\/2023\/11\/gyllenluva1viva-1024x576.jpg 1024w, https:\/\/kalmarslott.se\/wp-content\/uploads\/2023\/11\/gyllenluva1viva-300x169.jpg 300w, https:\/\/kalmarslott.se\/wp-content\/uploads\/2023\/11\/gyllenluva1viva-768x432.jpg 768w, https:\/\/kalmarslott.se\/wp-content\/uploads\/2023\/11\/gyllenluva1viva-1536x864.jpg 1536w, https:\/\/kalmarslott.se\/wp-content\/uploads\/2023\/11\/gyllenluva1viva-2048x1152.jpg 2048w, https:\/\/kalmarslott.se\/wp-content\/uploads\/2023\/11\/gyllenluva1viva-1200x675.jpg 1200w\" sizes=\"auto, (max-width: 1024px) 100vw, 1024px\" \/><\/p>\n","protected":false},"excerpt":{"rendered":"<p>Startar 6 december! P\u00e5 Kalmar slott har m\u00e4nniskor bott under l\u00e5ng tid \u2013 allt ifr\u00e5n kungligheter till pigor. Men \u00e4ven andra har sitt hem i slottets skrymslen och vr\u00e5r. H\u00e4r bor en f\u00f6rn\u00e4m sl\u00e4kt sedan hundratals \u00e5r men det \u00e4r f\u00e5 som k\u00e4nner till dem. Det \u00e4r hustomtarna av \u00e4tten Gyllenluva \u2013 de allra b\u00e4sta [&hellip;]<\/p>\n","protected":false},"author":1,"featured_media":7726,"parent":0,"menu_order":0,"comment_status":"closed","ping_status":"closed","template":"","meta":{"_acf_changed":false,"footnotes":""},"class_list":["post-5475","page","type-page","status-publish","has-post-thumbnail","hentry"],"acf":[],"yoast_head":"<!-- This site is optimized with the Yoast SEO plugin v27.3 - https:\/\/yoast.com\/product\/yoast-seo-wordpress\/ -->\n<title>Gyllenluvas julg\u00e5ta - Kalmar Slott<\/title>\n<meta name=\"robots\" content=\"index, follow, max-snippet:-1, max-image-preview:large, max-video-preview:-1\" \/>\n<link rel=\"canonical\" href=\"https:\/\/kalmarslott.se\/de\/gyllenluvas-julgata\/\" \/>\n<meta property=\"og:locale\" content=\"de_DE\" \/>\n<meta property=\"og:type\" content=\"article\" \/>\n<meta property=\"og:title\" content=\"Gyllenluvas julg\u00e5ta - Kalmar Slott\" \/>\n<meta property=\"og:description\" content=\"Startar 6 december! P\u00e5 Kalmar slott har m\u00e4nniskor bott under l\u00e5ng tid \u2013 allt ifr\u00e5n kungligheter till pigor. Men \u00e4ven andra har sitt hem i slottets skrymslen och vr\u00e5r. H\u00e4r bor en f\u00f6rn\u00e4m sl\u00e4kt sedan hundratals \u00e5r men det \u00e4r f\u00e5 som k\u00e4nner till dem. Det \u00e4r hustomtarna av \u00e4tten Gyllenluva \u2013 de allra b\u00e4sta [&hellip;]\" \/>\n<meta property=\"og:url\" content=\"https:\/\/kalmarslott.se\/de\/gyllenluvas-julgata\/\" \/>\n<meta property=\"og:site_name\" content=\"Kalmar Slott\" \/>\n<meta property=\"article:modified_time\" content=\"2025-11-03T09:52:19+00:00\" \/>\n<meta property=\"og:image\" content=\"https:\/\/kalmarslott.se\/wp-content\/uploads\/2023\/11\/gyllenluva1viva-scaled.jpg\" \/>\n\t<meta property=\"og:image:width\" content=\"2560\" \/>\n\t<meta property=\"og:image:height\" content=\"1440\" \/>\n\t<meta property=\"og:image:type\" content=\"image\/jpeg\" \/>\n<meta name=\"twitter:card\" content=\"summary_large_image\" \/>\n<meta name=\"twitter:label1\" content=\"Gesch\u00e4tzte Lesezeit\" \/>\n\t<meta name=\"twitter:data1\" content=\"2\u00a0Minuten\" \/>\n<script type=\"application\/ld+json\" class=\"yoast-schema-graph\">{\"@context\":\"https:\\\/\\\/schema.org\",\"@graph\":[{\"@type\":\"WebPage\",\"@id\":\"https:\\\/\\\/kalmarslott.se\\\/de\\\/gyllenluvas-julgata\\\/\",\"url\":\"https:\\\/\\\/kalmarslott.se\\\/de\\\/gyllenluvas-julgata\\\/\",\"name\":\"Gyllenluvas julg\u00e5ta - Kalmar Slott\",\"isPartOf\":{\"@id\":\"https:\\\/\\\/kalmarslott.se\\\/de\\\/#website\"},\"primaryImageOfPage\":{\"@id\":\"https:\\\/\\\/kalmarslott.se\\\/de\\\/gyllenluvas-julgata\\\/#primaryimage\"},\"image\":{\"@id\":\"https:\\\/\\\/kalmarslott.se\\\/de\\\/gyllenluvas-julgata\\\/#primaryimage\"},\"thumbnailUrl\":\"https:\\\/\\\/kalmarslott.se\\\/wp-content\\\/uploads\\\/2023\\\/11\\\/gyllenluva1viva-scaled.jpg\",\"datePublished\":\"2022-12-01T14:44:58+00:00\",\"dateModified\":\"2025-11-03T09:52:19+00:00\",\"breadcrumb\":{\"@id\":\"https:\\\/\\\/kalmarslott.se\\\/de\\\/gyllenluvas-julgata\\\/#breadcrumb\"},\"inLanguage\":\"de\",\"potentialAction\":[{\"@type\":\"ReadAction\",\"target\":[\"https:\\\/\\\/kalmarslott.se\\\/de\\\/gyllenluvas-julgata\\\/\"]}]},{\"@type\":\"ImageObject\",\"inLanguage\":\"de\",\"@id\":\"https:\\\/\\\/kalmarslott.se\\\/de\\\/gyllenluvas-julgata\\\/#primaryimage\",\"url\":\"https:\\\/\\\/kalmarslott.se\\\/wp-content\\\/uploads\\\/2023\\\/11\\\/gyllenluva1viva-scaled.jpg\",\"contentUrl\":\"https:\\\/\\\/kalmarslott.se\\\/wp-content\\\/uploads\\\/2023\\\/11\\\/gyllenluva1viva-scaled.jpg\",\"width\":2560,\"height\":1440},{\"@type\":\"BreadcrumbList\",\"@id\":\"https:\\\/\\\/kalmarslott.se\\\/de\\\/gyllenluvas-julgata\\\/#breadcrumb\",\"itemListElement\":[{\"@type\":\"ListItem\",\"position\":1,\"name\":\"Hem\",\"item\":\"https:\\\/\\\/kalmarslott.se\\\/de\\\/\"},{\"@type\":\"ListItem\",\"position\":2,\"name\":\"Gyllenluvas julg\u00e5ta\"}]},{\"@type\":\"WebSite\",\"@id\":\"https:\\\/\\\/kalmarslott.se\\\/de\\\/#website\",\"url\":\"https:\\\/\\\/kalmarslott.se\\\/de\\\/\",\"name\":\"Kalmar Slott\",\"description\":\"Ett riktigt slott\",\"potentialAction\":[{\"@type\":\"SearchAction\",\"target\":{\"@type\":\"EntryPoint\",\"urlTemplate\":\"https:\\\/\\\/kalmarslott.se\\\/de\\\/?s={search_term_string}\"},\"query-input\":{\"@type\":\"PropertyValueSpecification\",\"valueRequired\":true,\"valueName\":\"search_term_string\"}}],\"inLanguage\":\"de\"}]}<\/script>\n<!-- \/ Yoast SEO plugin. -->","yoast_head_json":{"title":"Gyllenluvas julg\u00e5ta - Kalmar Slott","robots":{"index":"index","follow":"follow","max-snippet":"max-snippet:-1","max-image-preview":"max-image-preview:large","max-video-preview":"max-video-preview:-1"},"canonical":"https:\/\/kalmarslott.se\/de\/gyllenluvas-julgata\/","og_locale":"de_DE","og_type":"article","og_title":"Gyllenluvas julg\u00e5ta - Kalmar Slott","og_description":"Startar 6 december! P\u00e5 Kalmar slott har m\u00e4nniskor bott under l\u00e5ng tid \u2013 allt ifr\u00e5n kungligheter till pigor. Men \u00e4ven andra har sitt hem i slottets skrymslen och vr\u00e5r. H\u00e4r bor en f\u00f6rn\u00e4m sl\u00e4kt sedan hundratals \u00e5r men det \u00e4r f\u00e5 som k\u00e4nner till dem. Det \u00e4r hustomtarna av \u00e4tten Gyllenluva \u2013 de allra b\u00e4sta [&hellip;]","og_url":"https:\/\/kalmarslott.se\/de\/gyllenluvas-julgata\/","og_site_name":"Kalmar Slott","article_modified_time":"2025-11-03T09:52:19+00:00","og_image":[{"width":2560,"height":1440,"url":"https:\/\/kalmarslott.se\/wp-content\/uploads\/2023\/11\/gyllenluva1viva-scaled.jpg","type":"image\/jpeg"}],"twitter_card":"summary_large_image","twitter_misc":{"Gesch\u00e4tzte Lesezeit":"2\u00a0Minuten"},"schema":{"@context":"https:\/\/schema.org","@graph":[{"@type":"WebPage","@id":"https:\/\/kalmarslott.se\/de\/gyllenluvas-julgata\/","url":"https:\/\/kalmarslott.se\/de\/gyllenluvas-julgata\/","name":"Gyllenluvas julg\u00e5ta - Kalmar Slott","isPartOf":{"@id":"https:\/\/kalmarslott.se\/de\/#website"},"primaryImageOfPage":{"@id":"https:\/\/kalmarslott.se\/de\/gyllenluvas-julgata\/#primaryimage"},"image":{"@id":"https:\/\/kalmarslott.se\/de\/gyllenluvas-julgata\/#primaryimage"},"thumbnailUrl":"https:\/\/kalmarslott.se\/wp-content\/uploads\/2023\/11\/gyllenluva1viva-scaled.jpg","datePublished":"2022-12-01T14:44:58+00:00","dateModified":"2025-11-03T09:52:19+00:00","breadcrumb":{"@id":"https:\/\/kalmarslott.se\/de\/gyllenluvas-julgata\/#breadcrumb"},"inLanguage":"de","potentialAction":[{"@type":"ReadAction","target":["https:\/\/kalmarslott.se\/de\/gyllenluvas-julgata\/"]}]},{"@type":"ImageObject","inLanguage":"de","@id":"https:\/\/kalmarslott.se\/de\/gyllenluvas-julgata\/#primaryimage","url":"https:\/\/kalmarslott.se\/wp-content\/uploads\/2023\/11\/gyllenluva1viva-scaled.jpg","contentUrl":"https:\/\/kalmarslott.se\/wp-content\/uploads\/2023\/11\/gyllenluva1viva-scaled.jpg","width":2560,"height":1440},{"@type":"BreadcrumbList","@id":"https:\/\/kalmarslott.se\/de\/gyllenluvas-julgata\/#breadcrumb","itemListElement":[{"@type":"ListItem","position":1,"name":"Hem","item":"https:\/\/kalmarslott.se\/de\/"},{"@type":"ListItem","position":2,"name":"Gyllenluvas julg\u00e5ta"}]},{"@type":"WebSite","@id":"https:\/\/kalmarslott.se\/de\/#website","url":"https:\/\/kalmarslott.se\/de\/","name":"Kalmar Slott","description":"Ett riktigt slott","potentialAction":[{"@type":"SearchAction","target":{"@type":"EntryPoint","urlTemplate":"https:\/\/kalmarslott.se\/de\/?s={search_term_string}"},"query-input":{"@type":"PropertyValueSpecification","valueRequired":true,"valueName":"search_term_string"}}],"inLanguage":"de"}]}},"_links":{"self":[{"href":"https:\/\/kalmarslott.se\/de\/wp-json\/wp\/v2\/pages\/5475","targetHints":{"allow":["GET"]}}],"collection":[{"href":"https:\/\/kalmarslott.se\/de\/wp-json\/wp\/v2\/pages"}],"about":[{"href":"https:\/\/kalmarslott.se\/de\/wp-json\/wp\/v2\/types\/page"}],"author":[{"embeddable":true,"href":"https:\/\/kalmarslott.se\/de\/wp-json\/wp\/v2\/users\/1"}],"replies":[{"embeddable":true,"href":"https:\/\/kalmarslott.se\/de\/wp-json\/wp\/v2\/comments?post=5475"}],"version-history":[{"count":13,"href":"https:\/\/kalmarslott.se\/de\/wp-json\/wp\/v2\/pages\/5475\/revisions"}],"predecessor-version":[{"id":12592,"href":"https:\/\/kalmarslott.se\/de\/wp-json\/wp\/v2\/pages\/5475\/revisions\/12592"}],"wp:featuredmedia":[{"embeddable":true,"href":"https:\/\/kalmarslott.se\/de\/wp-json\/wp\/v2\/media\/7726"}],"wp:attachment":[{"href":"https:\/\/kalmarslott.se\/de\/wp-json\/wp\/v2\/media?parent=5475"}],"curies":[{"name":"wp","href":"https:\/\/api.w.org\/{rel}","templated":true}]}}