{"id":534,"date":"2022-06-11T14:06:01","date_gmt":"2022-06-11T12:06:01","guid":{"rendered":"https:\/\/kalmarslott.se\/?page_id=534"},"modified":"2024-09-19T10:37:26","modified_gmt":"2024-09-19T08:37:26","slug":"tillganglighet","status":"publish","type":"page","link":"https:\/\/kalmarslott.se\/de\/infor-besoket\/tillganglighet\/","title":{"rendered":"Tillg\u00e4nglighet"},"content":{"rendered":"<p>Vi p\u00e5 Kalmar Slott arbetar kontinuerligt f\u00f6r att f\u00f6rb\u00e4ttra tillg\u00e4ngligheten och informerar l\u00f6pande om de f\u00f6rb\u00e4ttringar som g\u00f6rs. Nedan hittar du en f\u00f6rteckning \u00f6ver de hj\u00e4lpmedel och eventuella hinder som finns. Tveka inte att kontakta oss p\u00e5 Kalmar Slott om du har fr\u00e5gor inf\u00f6r ditt bes\u00f6k.<\/p>\n<h3>Handikapparkering<\/h3>\n<p>Handikapparkering finns i slutet av slottsall\u00e9n, ca 100 meter fr\u00e5n slottet. G\u00e5 vidare till sidan <a href=\"https:\/\/kalmarslott.se\/infor-besoket\/hitta-hit\/\">Hitta hit<\/a> f\u00f6r att se platserna markerade p\u00e5 en karta.<\/p>\n<h3>Allm\u00e4nt<\/h3>\n<p>Alla publika delar p\u00e5 Kalmar Slott \u00e4r tyv\u00e4rr inte tillg\u00e4ngliga f\u00f6r bes\u00f6kare med funktionsneds\u00e4ttningar. Rullstolsburna bes\u00f6kare betalar halv entr\u00e9biljett p.g.a. begr\u00e4nsad framkomlighet. Ledsagare eller assistent har alltid fri entr\u00e9 till slottet. B\u00e4rbara f\u00e4llstolar finns att l\u00e5na i anslutning till butik\/entr\u00e9 samt utst\u00e4llningslokalen. Handikappanpassad toalett finns p\u00e5 yttre borgg\u00e5rden. Kontakta personalen om ni beh\u00f6ver hj\u00e4lp att hitta.<\/p>\n<h3>Kapacitet<\/h3>\n<p>P\u00e5 grund av brandskyddssk\u00e4l har Slottsholmen en begr\u00e4nsad kapacitet \u00f6ver hur m\u00e5nga som f\u00e5r vistas p\u00e5 slottet samtidigt. Detta g\u00e4ller inomhus s\u00e5v\u00e4l som utomhus. Det inneb\u00e4r att vid evenemang och dagar under h\u00f6gs\u00e4song n\u00e4r bes\u00f6ksantalet \u00e4r h\u00f6gt kan man tillf\u00e4lligt bli nekad intr\u00e4de till slottet, tills bes\u00f6ksantalet g\u00e5r ned. K\u00f6system till\u00e4mpas vid s\u00e5dana tillf\u00e4llen.<\/p>\n<h3>Hundar<\/h3>\n<p>P\u00e5 grund av slottets kulturhistoriskt v\u00e4rdefulla milj\u00f6 \u00e4r det inte till\u00e5tet f\u00f6r hundar att vistas inv\u00e4ndigt p\u00e5 slottet, undantaget ledarhundar. Hundar \u00e4r v\u00e4lkomna in p\u00e5 borgg\u00e5rden och slottsvallarna, d\u00e4r det \u00e4ven finns vattensk\u00e5lar utplacerade p\u00e5 inre borgg\u00e5rden. T\u00e4nk p\u00e5 att inte l\u00e4mna din hund o\u00f6vervakad.<\/p>\n<h3>Barnvagnar<\/h3>\n<p>P\u00e5 grund av slottets kulturhistoriskt v\u00e4rdefulla milj\u00f6 samt av utrymningssk\u00e4l \u00e4r det inte till\u00e5tet att ta med barnvagnar inomhus. Barnvagnar parkeras p\u00e5 inre borgg\u00e5rden vid Drottningtrappan. Slottet ansvarar inte f\u00f6r barnvagnarna. Det finns m\u00f6jlighet att l\u00e5na en b\u00e4rsele i slottsbutiken, mot att du l\u00e4mnar din legitimation i pant.<\/p>\n<h3>Bes\u00f6kare med funktionsneds\u00e4ttning<\/h3>\n<p>Tillg\u00e4ngligheten p\u00e5 Kalmar slott har i och med projektet &#8222;V\u00e4rdig entr\u00e9&#8220; ut\u00f6kats med en hiss s\u00e5 att Gr\u00f6na salen, Slottskyrkan, Borgstugan, Sturesalen och Gyllene salen gjorts tillg\u00e4ngliga f\u00f6r bes\u00f6kare med funktionsneds\u00e4ttning. Hissens m\u00e5tt \u00e4r: D\u00f6rr\u00f6ppning 90 cm, Yta 145x167cm. Vid hissd\u00f6rren p\u00e5 inre borgg\u00e5rden finns m\u00f6jlighet att p\u00e5kalla personal f\u00f6r att f\u00e5 hj\u00e4lp.<\/p>\n<p>I Kalmar slottsrestaurang (G\u00e4stabudssalen och Amiralitetsk\u00e4llaren) finns ocks\u00e5 en hiss. P\u00e5kalla hj\u00e4lp fr\u00e5n restaurangpersonalen s\u00e5 \u00f6ppnar de d\u00f6rren som finns till v\u00e4nster om restaurangens ing\u00e5ng.<\/p>\n<p>\u00d6vriga delar av slottet \u00e4r \u00e4nnu inte tillg\u00e4nglig- och fr\u00e5ng\u00e4nglighetsanpassade f\u00f6r personer med funktionsneds\u00e4ttning. Det \u00e4r dock till\u00e5tet att, om g\u00e4sten har m\u00f6jlighet, ta sig ur sin rullstol och med hj\u00e4lp av sin ledsagare lyfta rullstolen vidare in i n\u00e4sta sal f\u00f6r att bes\u00f6ka Paradv\u00e5ningen och F\u00f6rbr\u00e4nda salen. Ledsagaren skall f\u00e5 information av slottets personal om m\u00f6jlighet till utrymning och vilka \u00e5taganden som \u00e5ligger denna.<\/p>\n<p>Tillsammans med Statens fastighetsverk arbetar vi med att tillg\u00e4ngligg\u00f6ra slottet fr\u00e5n Gyllene salen till F\u00f6rbr\u00e4nda salen. Det \u00e4r sv\u00e5ra avg\u00f6randen med bl.a. antikvarisk h\u00e4nsyn som m\u00e5ste tas i beaktande, och \u00e4r ett arbete som tar tid. Men den st\u00f6rsta utmaningen \u00e4r inte att tillg\u00e4ngligg\u00f6ra, utan att s\u00e4kra fr\u00e5ng\u00e4ngligheten, det vill s\u00e4ga att alla har m\u00f6jlighet att utrymma byggnaden p\u00e5 ett s\u00e4kert s\u00e4tt.<\/p>\n<h4>Trappor<\/h4>\n<p>Kalmar Slotts publika delar har flera v\u00e5ningsplan. D\u00e4r hiss inte finns (se ovan vilka publika delar som har hiss) m\u00e5ste bes\u00f6karna g\u00e5 i trappor. Fr\u00e5n inre borgg\u00e5rden till entr\u00e9\/butik \u00e4r det sju trappsteg. Fr\u00e5n entr\u00e9\/butik ner till bes\u00f6kstoaletterna \u00e4r det sex trappsteg uppdelat i tv\u00e5 avsatser. Fr\u00e5n entr\u00e9\/butik via Drottningtrappan upp till slottets paradv\u00e5ning och utst\u00e4llningsdel \u00e4r det tjugofyra trappsteg uppdelat p\u00e5 tre avsatser d\u00e4r det finns m\u00f6jlighet att vila. Fr\u00e5n entr\u00e9\/butik till basutst\u00e4llningen i St\u00e5th\u00e5llarv\u00e5ningen \u00e4r det \u00e5tta trappsteg med en avsats.<\/p>\n<h4>H\u00f6rselslinga<\/h4>\n<p>F\u00f6r dem som beh\u00f6ver h\u00f6rapparat, anv\u00e4nder vi oss i Gr\u00f6na salen (v\u00e5r konsert- och konferenssal) av en traditionell h\u00f6rslinga.<\/p>\n<h3>R\u00f6kning<\/h3>\n<p>Det \u00e4r inte till\u00e5tet att r\u00f6ka inne p\u00e5 slottet. Ej heller p\u00e5 hela slottsholmen.<\/p>\n","protected":false},"excerpt":{"rendered":"<p>Vi p\u00e5 Kalmar Slott arbetar kontinuerligt f\u00f6r att f\u00f6rb\u00e4ttra tillg\u00e4ngligheten och informerar l\u00f6pande om de f\u00f6rb\u00e4ttringar som g\u00f6rs. Nedan hittar du en f\u00f6rteckning \u00f6ver de hj\u00e4lpmedel och eventuella hinder som finns. Tveka inte att kontakta oss p\u00e5 Kalmar Slott om du har fr\u00e5gor inf\u00f6r ditt bes\u00f6k. Handikapparkering Handikapparkering finns i slutet av slottsall\u00e9n, ca 100 [&hellip;]<\/p>\n","protected":false},"author":2,"featured_media":731,"parent":434,"menu_order":0,"comment_status":"closed","ping_status":"closed","template":"","meta":{"_acf_changed":false,"footnotes":""},"class_list":["post-534","page","type-page","status-publish","has-post-thumbnail","hentry"],"acf":[],"yoast_head":"<!-- This site is optimized with the Yoast SEO plugin v27.3 - https:\/\/yoast.com\/product\/yoast-seo-wordpress\/ -->\n<title>Tillg\u00e4nglighet - Kalmar Slott<\/title>\n<meta name=\"robots\" content=\"index, follow, max-snippet:-1, max-image-preview:large, max-video-preview:-1\" \/>\n<link rel=\"canonical\" href=\"https:\/\/kalmarslott.se\/de\/infor-besoket\/tillganglighet\/\" \/>\n<meta property=\"og:locale\" content=\"de_DE\" \/>\n<meta property=\"og:type\" content=\"article\" \/>\n<meta property=\"og:title\" content=\"Tillg\u00e4nglighet - Kalmar Slott\" \/>\n<meta property=\"og:description\" content=\"Vi p\u00e5 Kalmar Slott arbetar kontinuerligt f\u00f6r att f\u00f6rb\u00e4ttra tillg\u00e4ngligheten och informerar l\u00f6pande om de f\u00f6rb\u00e4ttringar som g\u00f6rs. Nedan hittar du en f\u00f6rteckning \u00f6ver de hj\u00e4lpmedel och eventuella hinder som finns. Tveka inte att kontakta oss p\u00e5 Kalmar Slott om du har fr\u00e5gor inf\u00f6r ditt bes\u00f6k. Handikapparkering Handikapparkering finns i slutet av slottsall\u00e9n, ca 100 [&hellip;]\" \/>\n<meta property=\"og:url\" content=\"https:\/\/kalmarslott.se\/de\/infor-besoket\/tillganglighet\/\" \/>\n<meta property=\"og:site_name\" content=\"Kalmar Slott\" \/>\n<meta property=\"article:modified_time\" content=\"2024-09-19T08:37:26+00:00\" \/>\n<meta property=\"og:image\" content=\"https:\/\/kalmarslott.se\/wp-content\/uploads\/2022\/06\/tillganglighet.jpg\" \/>\n\t<meta property=\"og:image:width\" content=\"1500\" \/>\n\t<meta property=\"og:image:height\" content=\"1000\" \/>\n\t<meta property=\"og:image:type\" content=\"image\/jpeg\" \/>\n<meta name=\"twitter:card\" content=\"summary_large_image\" \/>\n<meta name=\"twitter:label1\" content=\"Gesch\u00e4tzte Lesezeit\" \/>\n\t<meta name=\"twitter:data1\" content=\"4\u00a0Minuten\" \/>\n<script type=\"application\/ld+json\" class=\"yoast-schema-graph\">{\"@context\":\"https:\\\/\\\/schema.org\",\"@graph\":[{\"@type\":\"WebPage\",\"@id\":\"https:\\\/\\\/kalmarslott.se\\\/de\\\/infor-besoket\\\/tillganglighet\\\/\",\"url\":\"https:\\\/\\\/kalmarslott.se\\\/de\\\/infor-besoket\\\/tillganglighet\\\/\",\"name\":\"Tillg\u00e4nglighet - Kalmar Slott\",\"isPartOf\":{\"@id\":\"https:\\\/\\\/kalmarslott.se\\\/de\\\/#website\"},\"primaryImageOfPage\":{\"@id\":\"https:\\\/\\\/kalmarslott.se\\\/de\\\/infor-besoket\\\/tillganglighet\\\/#primaryimage\"},\"image\":{\"@id\":\"https:\\\/\\\/kalmarslott.se\\\/de\\\/infor-besoket\\\/tillganglighet\\\/#primaryimage\"},\"thumbnailUrl\":\"https:\\\/\\\/kalmarslott.se\\\/wp-content\\\/uploads\\\/2022\\\/06\\\/tillganglighet.jpg\",\"datePublished\":\"2022-06-11T12:06:01+00:00\",\"dateModified\":\"2024-09-19T08:37:26+00:00\",\"breadcrumb\":{\"@id\":\"https:\\\/\\\/kalmarslott.se\\\/de\\\/infor-besoket\\\/tillganglighet\\\/#breadcrumb\"},\"inLanguage\":\"de\",\"potentialAction\":[{\"@type\":\"ReadAction\",\"target\":[\"https:\\\/\\\/kalmarslott.se\\\/de\\\/infor-besoket\\\/tillganglighet\\\/\"]}]},{\"@type\":\"ImageObject\",\"inLanguage\":\"de\",\"@id\":\"https:\\\/\\\/kalmarslott.se\\\/de\\\/infor-besoket\\\/tillganglighet\\\/#primaryimage\",\"url\":\"https:\\\/\\\/kalmarslott.se\\\/wp-content\\\/uploads\\\/2022\\\/06\\\/tillganglighet.jpg\",\"contentUrl\":\"https:\\\/\\\/kalmarslott.se\\\/wp-content\\\/uploads\\\/2022\\\/06\\\/tillganglighet.jpg\",\"width\":1500,\"height\":1000,\"caption\":\"Kalmar Slott - Tillg\u00e4nglighet\"},{\"@type\":\"BreadcrumbList\",\"@id\":\"https:\\\/\\\/kalmarslott.se\\\/de\\\/infor-besoket\\\/tillganglighet\\\/#breadcrumb\",\"itemListElement\":[{\"@type\":\"ListItem\",\"position\":1,\"name\":\"Hem\",\"item\":\"https:\\\/\\\/kalmarslott.se\\\/de\\\/\"},{\"@type\":\"ListItem\",\"position\":2,\"name\":\"Inf\u00f6r bes\u00f6ket\",\"item\":\"https:\\\/\\\/kalmarslott.se\\\/de\\\/infor-besoket\\\/\"},{\"@type\":\"ListItem\",\"position\":3,\"name\":\"Tillg\u00e4nglighet\"}]},{\"@type\":\"WebSite\",\"@id\":\"https:\\\/\\\/kalmarslott.se\\\/de\\\/#website\",\"url\":\"https:\\\/\\\/kalmarslott.se\\\/de\\\/\",\"name\":\"Kalmar Slott\",\"description\":\"Ett riktigt slott\",\"potentialAction\":[{\"@type\":\"SearchAction\",\"target\":{\"@type\":\"EntryPoint\",\"urlTemplate\":\"https:\\\/\\\/kalmarslott.se\\\/de\\\/?s={search_term_string}\"},\"query-input\":{\"@type\":\"PropertyValueSpecification\",\"valueRequired\":true,\"valueName\":\"search_term_string\"}}],\"inLanguage\":\"de\"}]}<\/script>\n<!-- \/ Yoast SEO plugin. -->","yoast_head_json":{"title":"Tillg\u00e4nglighet - Kalmar Slott","robots":{"index":"index","follow":"follow","max-snippet":"max-snippet:-1","max-image-preview":"max-image-preview:large","max-video-preview":"max-video-preview:-1"},"canonical":"https:\/\/kalmarslott.se\/de\/infor-besoket\/tillganglighet\/","og_locale":"de_DE","og_type":"article","og_title":"Tillg\u00e4nglighet - Kalmar Slott","og_description":"Vi p\u00e5 Kalmar Slott arbetar kontinuerligt f\u00f6r att f\u00f6rb\u00e4ttra tillg\u00e4ngligheten och informerar l\u00f6pande om de f\u00f6rb\u00e4ttringar som g\u00f6rs. Nedan hittar du en f\u00f6rteckning \u00f6ver de hj\u00e4lpmedel och eventuella hinder som finns. Tveka inte att kontakta oss p\u00e5 Kalmar Slott om du har fr\u00e5gor inf\u00f6r ditt bes\u00f6k. Handikapparkering Handikapparkering finns i slutet av slottsall\u00e9n, ca 100 [&hellip;]","og_url":"https:\/\/kalmarslott.se\/de\/infor-besoket\/tillganglighet\/","og_site_name":"Kalmar Slott","article_modified_time":"2024-09-19T08:37:26+00:00","og_image":[{"width":1500,"height":1000,"url":"https:\/\/kalmarslott.se\/wp-content\/uploads\/2022\/06\/tillganglighet.jpg","type":"image\/jpeg"}],"twitter_card":"summary_large_image","twitter_misc":{"Gesch\u00e4tzte Lesezeit":"4\u00a0Minuten"},"schema":{"@context":"https:\/\/schema.org","@graph":[{"@type":"WebPage","@id":"https:\/\/kalmarslott.se\/de\/infor-besoket\/tillganglighet\/","url":"https:\/\/kalmarslott.se\/de\/infor-besoket\/tillganglighet\/","name":"Tillg\u00e4nglighet - Kalmar Slott","isPartOf":{"@id":"https:\/\/kalmarslott.se\/de\/#website"},"primaryImageOfPage":{"@id":"https:\/\/kalmarslott.se\/de\/infor-besoket\/tillganglighet\/#primaryimage"},"image":{"@id":"https:\/\/kalmarslott.se\/de\/infor-besoket\/tillganglighet\/#primaryimage"},"thumbnailUrl":"https:\/\/kalmarslott.se\/wp-content\/uploads\/2022\/06\/tillganglighet.jpg","datePublished":"2022-06-11T12:06:01+00:00","dateModified":"2024-09-19T08:37:26+00:00","breadcrumb":{"@id":"https:\/\/kalmarslott.se\/de\/infor-besoket\/tillganglighet\/#breadcrumb"},"inLanguage":"de","potentialAction":[{"@type":"ReadAction","target":["https:\/\/kalmarslott.se\/de\/infor-besoket\/tillganglighet\/"]}]},{"@type":"ImageObject","inLanguage":"de","@id":"https:\/\/kalmarslott.se\/de\/infor-besoket\/tillganglighet\/#primaryimage","url":"https:\/\/kalmarslott.se\/wp-content\/uploads\/2022\/06\/tillganglighet.jpg","contentUrl":"https:\/\/kalmarslott.se\/wp-content\/uploads\/2022\/06\/tillganglighet.jpg","width":1500,"height":1000,"caption":"Kalmar Slott - Tillg\u00e4nglighet"},{"@type":"BreadcrumbList","@id":"https:\/\/kalmarslott.se\/de\/infor-besoket\/tillganglighet\/#breadcrumb","itemListElement":[{"@type":"ListItem","position":1,"name":"Hem","item":"https:\/\/kalmarslott.se\/de\/"},{"@type":"ListItem","position":2,"name":"Inf\u00f6r bes\u00f6ket","item":"https:\/\/kalmarslott.se\/de\/infor-besoket\/"},{"@type":"ListItem","position":3,"name":"Tillg\u00e4nglighet"}]},{"@type":"WebSite","@id":"https:\/\/kalmarslott.se\/de\/#website","url":"https:\/\/kalmarslott.se\/de\/","name":"Kalmar Slott","description":"Ett riktigt slott","potentialAction":[{"@type":"SearchAction","target":{"@type":"EntryPoint","urlTemplate":"https:\/\/kalmarslott.se\/de\/?s={search_term_string}"},"query-input":{"@type":"PropertyValueSpecification","valueRequired":true,"valueName":"search_term_string"}}],"inLanguage":"de"}]}},"_links":{"self":[{"href":"https:\/\/kalmarslott.se\/de\/wp-json\/wp\/v2\/pages\/534","targetHints":{"allow":["GET"]}}],"collection":[{"href":"https:\/\/kalmarslott.se\/de\/wp-json\/wp\/v2\/pages"}],"about":[{"href":"https:\/\/kalmarslott.se\/de\/wp-json\/wp\/v2\/types\/page"}],"author":[{"embeddable":true,"href":"https:\/\/kalmarslott.se\/de\/wp-json\/wp\/v2\/users\/2"}],"replies":[{"embeddable":true,"href":"https:\/\/kalmarslott.se\/de\/wp-json\/wp\/v2\/comments?post=534"}],"version-history":[{"count":26,"href":"https:\/\/kalmarslott.se\/de\/wp-json\/wp\/v2\/pages\/534\/revisions"}],"predecessor-version":[{"id":9229,"href":"https:\/\/kalmarslott.se\/de\/wp-json\/wp\/v2\/pages\/534\/revisions\/9229"}],"up":[{"embeddable":true,"href":"https:\/\/kalmarslott.se\/de\/wp-json\/wp\/v2\/pages\/434"}],"wp:featuredmedia":[{"embeddable":true,"href":"https:\/\/kalmarslott.se\/de\/wp-json\/wp\/v2\/media\/731"}],"wp:attachment":[{"href":"https:\/\/kalmarslott.se\/de\/wp-json\/wp\/v2\/media?parent=534"}],"curies":[{"name":"wp","href":"https:\/\/api.w.org\/{rel}","templated":true}]}}