{"id":4898,"date":"2022-10-06T09:06:27","date_gmt":"2022-10-06T07:06:27","guid":{"rendered":"https:\/\/kalmarslott.se\/?page_id=4898"},"modified":"2025-11-24T12:34:28","modified_gmt":"2025-11-24T10:34:28","slug":"jul","status":"publish","type":"page","link":"https:\/\/kalmarslott.se\/de\/se-gora\/jul\/","title":{"rendered":"Jul p\u00e5 Kalmar Slott"},"content":{"rendered":"<p><iframe loading=\"lazy\" title=\"Upplev julen p\u00e5 Kalmar Slott\" width=\"500\" height=\"281\" src=\"https:\/\/www.youtube.com\/embed\/_OsK1r4IBz8?feature=oembed\" frameborder=\"0\" allow=\"accelerometer; autoplay; clipboard-write; encrypted-media; gyroscope; picture-in-picture; web-share\" referrerpolicy=\"strict-origin-when-cross-origin\" allowfullscreen><\/iframe><\/p>\n<p><strong><span class=\"ui-provider ee bzs bnp bzt bzu bzv bzw bzx bzy bzz caa cab cac cae caf cag cah cai caj cak cal cam can cao cap caq car cas cat cau cav caw cax cay caz\" dir=\"ltr\">P\u00e5 Kalmar Slott kommer julens traditioner till liv. Slottet bjuder in till juliga aktiviteter, konserter, utst\u00e4llningar och guidningar. Sj\u00e4lvklart \u00e5terkommer \u00e4ven den popul\u00e4ra julm\u00e4ssan. P\u00e5 Kalmar slott finns n\u00e5got juligt att g\u00f6ra hela december och jullovet. Vi har<\/span>\u00a0\u00f6ppet hela jullovet med aktiviteter f\u00f6r hela familjen. Varmt v\u00e4lkomna!<\/strong><\/p>\n<p>Det \u00e4r mycket som h\u00e4nder under december. Se alla v\u00e5ra <a href=\"https:\/\/kalmarslott.se\/evenemangskalender\/\">evenemang<\/a>.<\/p>\n<h2>Program<\/h2>\n<table class=\"table-prices\">\n<tbody>\n<tr>\n<td>27 \u2013 30 november<\/td>\n<td><a href=\"https:\/\/kalmarslott.se\/evenemang\/julmassa\/\">Julm\u00e4ssa p\u00e5 Kalmar Slott<\/a><\/td>\n<\/tr>\n<tr>\n<td>6 december<\/td>\n<td><a href=\"https:\/\/kalmarslott.se\/gyllenluvas-julgata\/\">Barnaktiviteten Gyllenluvas julg\u00e5ta \u00f6ppnar<\/a><\/td>\n<\/tr>\n<tr>\n<td>7 december<\/td>\n<td><a href=\"https:\/\/kalmarslott.se\/evenemang\/allsang-pa-slottet\/\">Alls\u00e5ng p\u00e5 slottet<\/a><\/td>\n<\/tr>\n<tr>\n<td>11 december<\/td>\n<td>Vinterutst\u00e4llningen <a href=\"https:\/\/kalmarslott.se\/utstallningar\/vinter-2025-lotte-laserstein\/\">Jag, konstn\u00e4rinnan Lotte Laserstein<\/a> \u00f6ppnar<\/td>\n<\/tr>\n<tr>\n<td>12 december<\/td>\n<td>Premi\u00e4r f\u00f6r teatern <a href=\"https:\/\/kalmarslott.se\/evenemang\/lotte-laserstein-berlin-rapplinge\/\">Lotte Laserstein, Berlin-R\u00e4ppline<\/a><\/td>\n<\/tr>\n<tr>\n<td>13 december<\/td>\n<td><a href=\"https:\/\/kalmarslott.se\/evenemang\/luciakonsert-med-past-time-society\/\">Luciakonsert med Past time society<\/a><\/td>\n<\/tr>\n<tr>\n<td>13 december<\/td>\n<td><a href=\"https:\/\/kalmarslott.se\/evenemang\/jul-i-slottsbutiken\/\">Julst\u00e4mning i Slottsbutiken<\/a><\/td>\n<\/tr>\n<tr>\n<td>19 december<\/td>\n<td><a href=\"https:\/\/kalmarslott.se\/evenemang\/lyktvandring-gyllenluvas-julbestyr\/\">Gyllenluvas lyktvandring<\/a><\/td>\n<\/tr>\n<tr>\n<td>21 december<\/td>\n<td><a href=\"https:\/\/kalmarslott.se\/evenemang\/arets-morkaste-dag\/\">\u00c5rets m\u00f6rkaste dag<\/a><\/td>\n<\/tr>\n<tr>\n<td>26 december \u2013 6 januari<\/td>\n<td>\u00d6ppet dagligen<\/td>\n<\/tr>\n<\/tbody>\n<\/table>\n<h2>Julm\u00e4ssa<\/h2>\n<p>Fyra magiska dagar p\u00e5 slottet med hantverk och mat i st\u00e4mningsfull milj\u00f6. P\u00e5 marknaden finns \u00f6ver 110 utst\u00e4llare som s\u00e4ljer hantverk och matiga delikatesser och l\u00e4ckerheter. P\u00e5g\u00e5r mellan 27 &#8211; 30 november &#8211; 1 december. L\u00e4s mer under <a href=\"https:\/\/kalmarslott.se\/evenemang\/julmassa\/\">Julm\u00e4ssa<\/a>.<\/p>\n<p><a href=\"https:\/\/kalmarslott.se\/evenemang\/julmassa\/\"><img loading=\"lazy\" decoding=\"async\" class=\"aligncenter size-full wp-image-9988\" src=\"https:\/\/kalmarslott.se\/wp-content\/uploads\/2024\/11\/9-beskuren.jpg\" alt=\"Julm\u00e4ssa p\u00e5 Kalmar Slott\" width=\"2000\" height=\"1429\" srcset=\"https:\/\/kalmarslott.se\/wp-content\/uploads\/2024\/11\/9-beskuren.jpg 2000w, https:\/\/kalmarslott.se\/wp-content\/uploads\/2024\/11\/9-beskuren-300x214.jpg 300w, https:\/\/kalmarslott.se\/wp-content\/uploads\/2024\/11\/9-beskuren-1024x732.jpg 1024w, https:\/\/kalmarslott.se\/wp-content\/uploads\/2024\/11\/9-beskuren-768x549.jpg 768w, https:\/\/kalmarslott.se\/wp-content\/uploads\/2024\/11\/9-beskuren-1536x1097.jpg 1536w\" sizes=\"auto, (max-width: 2000px) 100vw, 2000px\" \/><\/a><\/p>\n<h3>Guidning: Jul genom tiderna<\/h3>\n<p>Hur, n\u00e4r och varifr\u00e5n kommer den jul vi \u00e4r s\u00e5 bekanta med? F\u00f6lj med p\u00e5 en guidning som tar dig genom slottets salar med fokus p\u00e5 julens traditioner. L\u00e4s mer om guidningen <a href=\"https:\/\/kalmarslott.se\/guidningar\/jul-genom-tiderna\/\">Jul genom tiderna<\/a>.<\/p>\n<h3>Gyllenluvas julg\u00e5ta<\/h3>\n<p>Barnaktivitet d\u00e4r vi f\u00e5r f\u00f6lja hustomtarna Gyllenluva genom slottets salar och skrymslen. H\u00e4r kr\u00e4vs ett skarpt \u00f6ga f\u00f6r att hitta de g\u00f6mda siffrorna, som tillslut bildar en kod. \u00d6ppnar 6 december! L\u00e4s mer om <a href=\"https:\/\/kalmarslott.se\/gyllenluvas-julgata\/\">Gyllenluva<\/a>.<\/p>\n<p><a href=\"https:\/\/kalmarslott.se\/julbord-och-jullunch\/\"><img loading=\"lazy\" decoding=\"async\" class=\"aligncenter size-full wp-image-5105\" src=\"https:\/\/kalmarslott.se\/wp-content\/uploads\/2022\/10\/20201006humlesoljulnyaerkalmarslott0221-scaled.jpg\" alt=\"Slottsrestaurangen Julbord uppdukat\" width=\"2560\" height=\"1707\" srcset=\"https:\/\/kalmarslott.se\/wp-content\/uploads\/2022\/10\/20201006humlesoljulnyaerkalmarslott0221-scaled.jpg 2560w, https:\/\/kalmarslott.se\/wp-content\/uploads\/2022\/10\/20201006humlesoljulnyaerkalmarslott0221-300x200.jpg 300w, https:\/\/kalmarslott.se\/wp-content\/uploads\/2022\/10\/20201006humlesoljulnyaerkalmarslott0221-1024x683.jpg 1024w, https:\/\/kalmarslott.se\/wp-content\/uploads\/2022\/10\/20201006humlesoljulnyaerkalmarslott0221-768x512.jpg 768w, https:\/\/kalmarslott.se\/wp-content\/uploads\/2022\/10\/20201006humlesoljulnyaerkalmarslott0221-1536x1024.jpg 1536w, https:\/\/kalmarslott.se\/wp-content\/uploads\/2022\/10\/20201006humlesoljulnyaerkalmarslott0221-2048x1365.jpg 2048w, https:\/\/kalmarslott.se\/wp-content\/uploads\/2022\/10\/20201006humlesoljulnyaerkalmarslott0221-600x400.jpg 600w\" sizes=\"auto, (max-width: 2560px) 100vw, 2560px\" \/><\/a><\/p>\n<h2>Julbord och Jullunch<\/h2>\n<p>P\u00e5 Slottsrestaurangens majest\u00e4tiska julbord st\u00e5r mathantverket och de lokala r\u00e5varorna i centrum, vilandes p\u00e5 en traditionell grund. F\u00f6r meny, datum och bokning av bord, se <a href=\"https:\/\/kalmarslott.se\/julbord-och-jullunch\/\">Slottsrestaurangens sida<\/a>.<\/p>\n<h2>Utst\u00e4llningar<\/h2>\n<p><img loading=\"lazy\" decoding=\"async\" class=\"aligncenter size-full wp-image-9901\" src=\"https:\/\/kalmarslott.se\/wp-content\/uploads\/2022\/11\/20231215humlesolksshadowjul0697-2.jpg\" alt=\"Dukat julbord p\u00e5 Kalmar Slott\" width=\"2000\" height=\"1333\" srcset=\"https:\/\/kalmarslott.se\/wp-content\/uploads\/2022\/11\/20231215humlesolksshadowjul0697-2.jpg 2000w, https:\/\/kalmarslott.se\/wp-content\/uploads\/2022\/11\/20231215humlesolksshadowjul0697-2-300x200.jpg 300w, https:\/\/kalmarslott.se\/wp-content\/uploads\/2022\/11\/20231215humlesolksshadowjul0697-2-1024x682.jpg 1024w, https:\/\/kalmarslott.se\/wp-content\/uploads\/2022\/11\/20231215humlesolksshadowjul0697-2-768x512.jpg 768w, https:\/\/kalmarslott.se\/wp-content\/uploads\/2022\/11\/20231215humlesolksshadowjul0697-2-1536x1024.jpg 1536w, https:\/\/kalmarslott.se\/wp-content\/uploads\/2022\/11\/20231215humlesolksshadowjul0697-2-600x400.jpg 600w\" sizes=\"auto, (max-width: 2000px) 100vw, 2000px\" \/><\/p>\n<h3>Vinterutst\u00e4llning<\/h3>\n<p>I december \u00f6ppnar utst\u00e4llningen &#8222;<a href=\"https:\/\/kalmarslott.se\/utstallningar\/vinter-2025-lotte-laserstein\/\">Jag, konstn\u00e4rinnan Lotte Laserstein<\/a>&#8222;. <span data-contrast=\"auto\">Utst\u00e4llningen skildrar konstn\u00e4rinnan Lotte Lasersteins liv i Tyskland, Stockholm samt p\u00e5 \u00d6land och i Kalmar. Utst\u00e4llningen visar \u00e4ven personliga f\u00f6rem\u00e5l som har tillh\u00f6rt Lotte Laserstein, samt m\u00e5lningar och skisser. <\/span>Utst\u00e4llningen visas 11 december 2025 till 22 februari 2026.<\/p>\n<h3>Historiskt julbord<\/h3>\n<p>Som vanligt st\u00e5r det historiska julbordet uppdukat i Rutsalen. Vad stod p\u00e5 julbordet f\u00f6r 500 \u00e5r sedan?<\/p>\n<h3>Historiska granar<\/h3>\n<p>Uppf\u00f6r Kungstrappan kan du f\u00f6lja julgranens historia fr\u00e5n forntid till sent 1800-tal. De olika granarna \u00e4r pyntade p\u00e5 tidstypiskt vis enligt olika epokers mode.<\/p>\n<h2>\u00d6ppettider<\/h2>\n<h3>27 \u2013 30 november<\/h3>\n<h4>Julm\u00e4ssa<\/h4>\n<table class=\"table-prices\">\n<tbody>\n<tr>\n<td>Torsdag<\/td>\n<td>11.00 \u2013 20.00<\/td>\n<\/tr>\n<tr>\n<td>Fredag<\/td>\n<td>11.00 \u2013 21.00<\/td>\n<\/tr>\n<tr>\n<td>L\u00f6rdag<\/td>\n<td>10.00 \u2013 19.00<\/td>\n<\/tr>\n<tr>\n<td>S\u00f6ndag<\/td>\n<td>10.00 \u2013 16.00<\/td>\n<\/tr>\n<\/tbody>\n<\/table>\n<h3>6 \u2013 7 december<\/h3>\n<table class=\"table-prices\">\n<tbody>\n<tr>\n<td>Helg<\/td>\n<td>11.00 \u2013 15.00<\/td>\n<\/tr>\n<\/tbody>\n<\/table>\n<h3>11 \u2013 21 december<\/h3>\n<table class=\"table-prices\">\n<tbody>\n<tr>\n<td>Torsdag &#8211; S\u00f6ndag<\/td>\n<td>11.00 \u2013 15.00<\/td>\n<\/tr>\n<\/tbody>\n<\/table>\n<h3>26 december \u2013 6 januari<\/h3>\n<table class=\"table-prices\">\n<tbody>\n<tr>\n<td>Dagligen<\/td>\n<td>11.00 \u2013 15.00<\/td>\n<\/tr>\n<tr>\n<td>Ny\u00e5rsdagen, 1 jan<\/td>\n<td>St\u00e4ngt<\/td>\n<\/tr>\n<\/tbody>\n<\/table>\n<h2>God jul!<\/h2>\n","protected":false},"excerpt":{"rendered":"<p>P\u00e5 Kalmar Slott kommer julens traditioner till liv. Slottet bjuder in till juliga aktiviteter, konserter, utst\u00e4llningar och guidningar. Sj\u00e4lvklart \u00e5terkommer \u00e4ven den popul\u00e4ra julm\u00e4ssan. P\u00e5 Kalmar slott finns n\u00e5got juligt att g\u00f6ra hela december och jullovet. Vi har\u00a0\u00f6ppet hela jullovet med aktiviteter f\u00f6r hela familjen. Varmt v\u00e4lkomna! Det \u00e4r mycket som h\u00e4nder under december. Se [&hellip;]<\/p>\n","protected":false},"author":1,"featured_media":9889,"parent":449,"menu_order":8,"comment_status":"closed","ping_status":"closed","template":"","meta":{"_acf_changed":false,"footnotes":""},"class_list":["post-4898","page","type-page","status-publish","has-post-thumbnail","hentry"],"acf":[],"yoast_head":"<!-- This site is optimized with the Yoast SEO plugin v27.3 - https:\/\/yoast.com\/product\/yoast-seo-wordpress\/ -->\n<title>Jul p\u00e5 Kalmar Slott - Kalmar Slott<\/title>\n<meta name=\"robots\" content=\"index, follow, max-snippet:-1, max-image-preview:large, max-video-preview:-1\" \/>\n<link rel=\"canonical\" href=\"https:\/\/kalmarslott.se\/de\/se-gora\/jul\/\" \/>\n<meta property=\"og:locale\" content=\"de_DE\" \/>\n<meta property=\"og:type\" content=\"article\" \/>\n<meta property=\"og:title\" content=\"Jul p\u00e5 Kalmar Slott - Kalmar Slott\" \/>\n<meta property=\"og:description\" content=\"P\u00e5 Kalmar Slott kommer julens traditioner till liv. Slottet bjuder in till juliga aktiviteter, konserter, utst\u00e4llningar och guidningar. Sj\u00e4lvklart \u00e5terkommer \u00e4ven den popul\u00e4ra julm\u00e4ssan. P\u00e5 Kalmar slott finns n\u00e5got juligt att g\u00f6ra hela december och jullovet. Vi har\u00a0\u00f6ppet hela jullovet med aktiviteter f\u00f6r hela familjen. Varmt v\u00e4lkomna! Det \u00e4r mycket som h\u00e4nder under december. Se [&hellip;]\" \/>\n<meta property=\"og:url\" content=\"https:\/\/kalmarslott.se\/de\/se-gora\/jul\/\" \/>\n<meta property=\"og:site_name\" content=\"Kalmar Slott\" \/>\n<meta property=\"article:modified_time\" content=\"2025-11-24T10:34:28+00:00\" \/>\n<meta property=\"og:image\" content=\"https:\/\/kalmarslott.se\/wp-content\/uploads\/2024\/11\/jul-puff-start.jpg\" \/>\n\t<meta property=\"og:image:width\" content=\"600\" \/>\n\t<meta property=\"og:image:height\" content=\"500\" \/>\n\t<meta property=\"og:image:type\" content=\"image\/jpeg\" \/>\n<meta name=\"twitter:card\" content=\"summary_large_image\" \/>\n<meta name=\"twitter:label1\" content=\"Gesch\u00e4tzte Lesezeit\" \/>\n\t<meta name=\"twitter:data1\" content=\"3\u00a0Minuten\" \/>\n<script type=\"application\/ld+json\" class=\"yoast-schema-graph\">{\"@context\":\"https:\\\/\\\/schema.org\",\"@graph\":[{\"@type\":\"WebPage\",\"@id\":\"https:\\\/\\\/kalmarslott.se\\\/de\\\/se-gora\\\/jul\\\/\",\"url\":\"https:\\\/\\\/kalmarslott.se\\\/de\\\/se-gora\\\/jul\\\/\",\"name\":\"Jul p\u00e5 Kalmar Slott - Kalmar Slott\",\"isPartOf\":{\"@id\":\"https:\\\/\\\/kalmarslott.se\\\/de\\\/#website\"},\"primaryImageOfPage\":{\"@id\":\"https:\\\/\\\/kalmarslott.se\\\/de\\\/se-gora\\\/jul\\\/#primaryimage\"},\"image\":{\"@id\":\"https:\\\/\\\/kalmarslott.se\\\/de\\\/se-gora\\\/jul\\\/#primaryimage\"},\"thumbnailUrl\":\"https:\\\/\\\/kalmarslott.se\\\/wp-content\\\/uploads\\\/2024\\\/11\\\/jul-puff-start.jpg\",\"datePublished\":\"2022-10-06T07:06:27+00:00\",\"dateModified\":\"2025-11-24T10:34:28+00:00\",\"breadcrumb\":{\"@id\":\"https:\\\/\\\/kalmarslott.se\\\/de\\\/se-gora\\\/jul\\\/#breadcrumb\"},\"inLanguage\":\"de\",\"potentialAction\":[{\"@type\":\"ReadAction\",\"target\":[\"https:\\\/\\\/kalmarslott.se\\\/de\\\/se-gora\\\/jul\\\/\"]}]},{\"@type\":\"ImageObject\",\"inLanguage\":\"de\",\"@id\":\"https:\\\/\\\/kalmarslott.se\\\/de\\\/se-gora\\\/jul\\\/#primaryimage\",\"url\":\"https:\\\/\\\/kalmarslott.se\\\/wp-content\\\/uploads\\\/2024\\\/11\\\/jul-puff-start.jpg\",\"contentUrl\":\"https:\\\/\\\/kalmarslott.se\\\/wp-content\\\/uploads\\\/2024\\\/11\\\/jul-puff-start.jpg\",\"width\":600,\"height\":500,\"caption\":\"Sn\u00f6 och lampor p\u00e5 Kalmar Slotts inneg\u00e5rd\"},{\"@type\":\"BreadcrumbList\",\"@id\":\"https:\\\/\\\/kalmarslott.se\\\/de\\\/se-gora\\\/jul\\\/#breadcrumb\",\"itemListElement\":[{\"@type\":\"ListItem\",\"position\":1,\"name\":\"Hem\",\"item\":\"https:\\\/\\\/kalmarslott.se\\\/de\\\/\"},{\"@type\":\"ListItem\",\"position\":2,\"name\":\"Se &#038; g\u00f6ra\",\"item\":\"https:\\\/\\\/kalmarslott.se\\\/de\\\/se-gora\\\/\"},{\"@type\":\"ListItem\",\"position\":3,\"name\":\"Jul p\u00e5 Kalmar Slott\"}]},{\"@type\":\"WebSite\",\"@id\":\"https:\\\/\\\/kalmarslott.se\\\/de\\\/#website\",\"url\":\"https:\\\/\\\/kalmarslott.se\\\/de\\\/\",\"name\":\"Kalmar Slott\",\"description\":\"Ett riktigt slott\",\"potentialAction\":[{\"@type\":\"SearchAction\",\"target\":{\"@type\":\"EntryPoint\",\"urlTemplate\":\"https:\\\/\\\/kalmarslott.se\\\/de\\\/?s={search_term_string}\"},\"query-input\":{\"@type\":\"PropertyValueSpecification\",\"valueRequired\":true,\"valueName\":\"search_term_string\"}}],\"inLanguage\":\"de\"}]}<\/script>\n<!-- \/ Yoast SEO plugin. -->","yoast_head_json":{"title":"Jul p\u00e5 Kalmar Slott - Kalmar Slott","robots":{"index":"index","follow":"follow","max-snippet":"max-snippet:-1","max-image-preview":"max-image-preview:large","max-video-preview":"max-video-preview:-1"},"canonical":"https:\/\/kalmarslott.se\/de\/se-gora\/jul\/","og_locale":"de_DE","og_type":"article","og_title":"Jul p\u00e5 Kalmar Slott - Kalmar Slott","og_description":"P\u00e5 Kalmar Slott kommer julens traditioner till liv. Slottet bjuder in till juliga aktiviteter, konserter, utst\u00e4llningar och guidningar. Sj\u00e4lvklart \u00e5terkommer \u00e4ven den popul\u00e4ra julm\u00e4ssan. P\u00e5 Kalmar slott finns n\u00e5got juligt att g\u00f6ra hela december och jullovet. Vi har\u00a0\u00f6ppet hela jullovet med aktiviteter f\u00f6r hela familjen. Varmt v\u00e4lkomna! Det \u00e4r mycket som h\u00e4nder under december. Se [&hellip;]","og_url":"https:\/\/kalmarslott.se\/de\/se-gora\/jul\/","og_site_name":"Kalmar Slott","article_modified_time":"2025-11-24T10:34:28+00:00","og_image":[{"width":600,"height":500,"url":"https:\/\/kalmarslott.se\/wp-content\/uploads\/2024\/11\/jul-puff-start.jpg","type":"image\/jpeg"}],"twitter_card":"summary_large_image","twitter_misc":{"Gesch\u00e4tzte Lesezeit":"3\u00a0Minuten"},"schema":{"@context":"https:\/\/schema.org","@graph":[{"@type":"WebPage","@id":"https:\/\/kalmarslott.se\/de\/se-gora\/jul\/","url":"https:\/\/kalmarslott.se\/de\/se-gora\/jul\/","name":"Jul p\u00e5 Kalmar Slott - Kalmar Slott","isPartOf":{"@id":"https:\/\/kalmarslott.se\/de\/#website"},"primaryImageOfPage":{"@id":"https:\/\/kalmarslott.se\/de\/se-gora\/jul\/#primaryimage"},"image":{"@id":"https:\/\/kalmarslott.se\/de\/se-gora\/jul\/#primaryimage"},"thumbnailUrl":"https:\/\/kalmarslott.se\/wp-content\/uploads\/2024\/11\/jul-puff-start.jpg","datePublished":"2022-10-06T07:06:27+00:00","dateModified":"2025-11-24T10:34:28+00:00","breadcrumb":{"@id":"https:\/\/kalmarslott.se\/de\/se-gora\/jul\/#breadcrumb"},"inLanguage":"de","potentialAction":[{"@type":"ReadAction","target":["https:\/\/kalmarslott.se\/de\/se-gora\/jul\/"]}]},{"@type":"ImageObject","inLanguage":"de","@id":"https:\/\/kalmarslott.se\/de\/se-gora\/jul\/#primaryimage","url":"https:\/\/kalmarslott.se\/wp-content\/uploads\/2024\/11\/jul-puff-start.jpg","contentUrl":"https:\/\/kalmarslott.se\/wp-content\/uploads\/2024\/11\/jul-puff-start.jpg","width":600,"height":500,"caption":"Sn\u00f6 och lampor p\u00e5 Kalmar Slotts inneg\u00e5rd"},{"@type":"BreadcrumbList","@id":"https:\/\/kalmarslott.se\/de\/se-gora\/jul\/#breadcrumb","itemListElement":[{"@type":"ListItem","position":1,"name":"Hem","item":"https:\/\/kalmarslott.se\/de\/"},{"@type":"ListItem","position":2,"name":"Se &#038; g\u00f6ra","item":"https:\/\/kalmarslott.se\/de\/se-gora\/"},{"@type":"ListItem","position":3,"name":"Jul p\u00e5 Kalmar Slott"}]},{"@type":"WebSite","@id":"https:\/\/kalmarslott.se\/de\/#website","url":"https:\/\/kalmarslott.se\/de\/","name":"Kalmar Slott","description":"Ett riktigt slott","potentialAction":[{"@type":"SearchAction","target":{"@type":"EntryPoint","urlTemplate":"https:\/\/kalmarslott.se\/de\/?s={search_term_string}"},"query-input":{"@type":"PropertyValueSpecification","valueRequired":true,"valueName":"search_term_string"}}],"inLanguage":"de"}]}},"_links":{"self":[{"href":"https:\/\/kalmarslott.se\/de\/wp-json\/wp\/v2\/pages\/4898","targetHints":{"allow":["GET"]}}],"collection":[{"href":"https:\/\/kalmarslott.se\/de\/wp-json\/wp\/v2\/pages"}],"about":[{"href":"https:\/\/kalmarslott.se\/de\/wp-json\/wp\/v2\/types\/page"}],"author":[{"embeddable":true,"href":"https:\/\/kalmarslott.se\/de\/wp-json\/wp\/v2\/users\/1"}],"replies":[{"embeddable":true,"href":"https:\/\/kalmarslott.se\/de\/wp-json\/wp\/v2\/comments?post=4898"}],"version-history":[{"count":74,"href":"https:\/\/kalmarslott.se\/de\/wp-json\/wp\/v2\/pages\/4898\/revisions"}],"predecessor-version":[{"id":12743,"href":"https:\/\/kalmarslott.se\/de\/wp-json\/wp\/v2\/pages\/4898\/revisions\/12743"}],"up":[{"embeddable":true,"href":"https:\/\/kalmarslott.se\/de\/wp-json\/wp\/v2\/pages\/449"}],"wp:featuredmedia":[{"embeddable":true,"href":"https:\/\/kalmarslott.se\/de\/wp-json\/wp\/v2\/media\/9889"}],"wp:attachment":[{"href":"https:\/\/kalmarslott.se\/de\/wp-json\/wp\/v2\/media?parent=4898"}],"curies":[{"name":"wp","href":"https:\/\/api.w.org\/{rel}","templated":true}]}}