{"id":470,"date":"2022-06-10T23:39:43","date_gmt":"2022-06-10T21:39:43","guid":{"rendered":"https:\/\/kalmarslott.se\/?page_id=470"},"modified":"2026-02-04T09:55:04","modified_gmt":"2026-02-04T07:55:04","slug":"om-oss","status":"publish","type":"page","link":"https:\/\/kalmarslott.se\/de\/besok-restaurang\/om-oss\/","title":{"rendered":"Om oss"},"content":{"rendered":"<h2>Nutida matlagning med inspiration och respekt f\u00f6r platsens historik<\/h2>\n<p><span style=\"font-weight: 400;\">Fr\u00e5n och med 2020 tog vi fr\u00e5n restaurang Postgatan \u00f6ver driften av Slottsrestaurangen. H\u00e4r st\u00e5r vi f\u00f6r en enkel och inkluderande gastronomi som grundar sig p\u00e5 v\u00e5ra k\u00e4rnv\u00e4rden:<\/span><span style=\"font-weight: 400;\"><br \/>\n<\/span><span style=\"font-weight: 400;\">\u2022 Nordiska smaker med lokal f\u00f6rankring<\/span><span style=\"font-weight: 400;\"><br \/>\n<\/span><span style=\"font-weight: 400;\">\u2022 S\u00e4songsanpassad matgl\u00e4dje f\u00f6r alla<\/span><span style=\"font-weight: 400;\"><br \/>\n<\/span><span style=\"font-weight: 400;\">\u2022 H\u00e5llbar kvalitet\u00a0<\/span><\/p>\n<p><span style=\"font-weight: 400;\">Vi hoppas att alla ska k\u00e4nna sig v\u00e4lkomna &#8211; och tveka inte att ta kontakt med oss!<\/span><\/p>\n<p><i><span style=\"font-weight: 400;\">Jesper med personal<\/span><\/i><\/p>\n<h2><span style=\"font-weight: 400;\">Restaurang Postgatan<\/span><\/h2>\n<p><span style=\"font-weight: 400;\">Restaurang Postgatan i Kalmar som \u00f6ppnade v\u00e5ren 2015 \u00e4r en gastronomisk fritidsg\u00e5rd som vuxit och utvecklats genom \u00e5ren. H\u00e4r l\u00e4gger vi ribban h\u00f6gt fast med glimten i \u00f6gat och v\u00e4lkomnar alla till en restaurangupplevelse ut\u00f6ver det vanliga.<\/span><span style=\"font-weight: 400;\"><br \/>\n<\/span><span style=\"font-weight: 400;\">F\u00f6r mer information se\u00a0<\/span><a href=\"https:\/\/postgatan.nu\/\"><span style=\"font-weight: 400;\">postgatan.nu<\/span><\/a><span style=\"font-weight: 400;\">.<\/span><\/p>\n<p><b>K\u00f6ksm\u00e4stare<\/b><span style=\"font-weight: 400;\"><br \/>\n<\/span><a href=\"mailto:jesper@postgatan.nu\"><span style=\"font-weight: 400;\">jesper@postgatan.nu<\/span><\/a><\/p>\n<p>&nbsp;<\/p>\n<p><img loading=\"lazy\" decoding=\"async\" class=\"aligncenter wp-image-620 size-large\" src=\"https:\/\/kalmarslott.se\/wp-content\/uploads\/2022\/06\/restaurangjesperlagarmat-1-1024x683.jpg\" alt=\"Restaurang Jesper lagar mat\" width=\"1024\" height=\"683\" srcset=\"https:\/\/kalmarslott.se\/wp-content\/uploads\/2022\/06\/restaurangjesperlagarmat-1-1024x683.jpg 1024w, https:\/\/kalmarslott.se\/wp-content\/uploads\/2022\/06\/restaurangjesperlagarmat-1-300x200.jpg 300w, https:\/\/kalmarslott.se\/wp-content\/uploads\/2022\/06\/restaurangjesperlagarmat-1-768x512.jpg 768w, https:\/\/kalmarslott.se\/wp-content\/uploads\/2022\/06\/restaurangjesperlagarmat-1-1536x1024.jpg 1536w, https:\/\/kalmarslott.se\/wp-content\/uploads\/2022\/06\/restaurangjesperlagarmat-1-600x400.jpg 600w\" sizes=\"auto, (max-width: 1024px) 100vw, 1024px\" \/><\/p>\n","protected":false},"excerpt":{"rendered":"<p>Nutida matlagning med inspiration och respekt f\u00f6r platsens historik Fr\u00e5n och med 2020 tog vi fr\u00e5n restaurang Postgatan \u00f6ver driften av Slottsrestaurangen. H\u00e4r st\u00e5r vi f\u00f6r en enkel och inkluderande gastronomi som grundar sig p\u00e5 v\u00e5ra k\u00e4rnv\u00e4rden: \u2022 Nordiska smaker med lokal f\u00f6rankring \u2022 S\u00e4songsanpassad matgl\u00e4dje f\u00f6r alla \u2022 H\u00e5llbar kvalitet\u00a0 Vi hoppas att alla [&hellip;]<\/p>\n","protected":false},"author":1,"featured_media":619,"parent":458,"menu_order":0,"comment_status":"closed","ping_status":"closed","template":"","meta":{"_acf_changed":false,"footnotes":""},"class_list":["post-470","page","type-page","status-publish","has-post-thumbnail","hentry"],"acf":[],"yoast_head":"<!-- This site is optimized with the Yoast SEO plugin v27.3 - https:\/\/yoast.com\/product\/yoast-seo-wordpress\/ -->\n<title>Om oss - Kalmar Slott<\/title>\n<meta name=\"robots\" content=\"index, follow, max-snippet:-1, max-image-preview:large, max-video-preview:-1\" \/>\n<link rel=\"canonical\" href=\"https:\/\/kalmarslott.se\/de\/besok-restaurang\/om-oss\/\" \/>\n<meta property=\"og:locale\" content=\"de_DE\" \/>\n<meta property=\"og:type\" content=\"article\" \/>\n<meta property=\"og:title\" content=\"Om oss - Kalmar Slott\" \/>\n<meta property=\"og:description\" content=\"Nutida matlagning med inspiration och respekt f\u00f6r platsens historik Fr\u00e5n och med 2020 tog vi fr\u00e5n restaurang Postgatan \u00f6ver driften av Slottsrestaurangen. H\u00e4r st\u00e5r vi f\u00f6r en enkel och inkluderande gastronomi som grundar sig p\u00e5 v\u00e5ra k\u00e4rnv\u00e4rden: \u2022 Nordiska smaker med lokal f\u00f6rankring \u2022 S\u00e4songsanpassad matgl\u00e4dje f\u00f6r alla \u2022 H\u00e5llbar kvalitet\u00a0 Vi hoppas att alla [&hellip;]\" \/>\n<meta property=\"og:url\" content=\"https:\/\/kalmarslott.se\/de\/besok-restaurang\/om-oss\/\" \/>\n<meta property=\"og:site_name\" content=\"Kalmar Slott\" \/>\n<meta property=\"article:modified_time\" content=\"2026-02-04T07:55:04+00:00\" \/>\n<meta property=\"og:image\" content=\"https:\/\/kalmarslott.se\/wp-content\/uploads\/2022\/06\/restaurangjesperlagarmat-scaled.jpg\" \/>\n\t<meta property=\"og:image:width\" content=\"2560\" \/>\n\t<meta property=\"og:image:height\" content=\"1707\" \/>\n\t<meta property=\"og:image:type\" content=\"image\/jpeg\" \/>\n<meta name=\"twitter:card\" content=\"summary_large_image\" \/>\n<meta name=\"twitter:label1\" content=\"Gesch\u00e4tzte Lesezeit\" \/>\n\t<meta name=\"twitter:data1\" content=\"1\u00a0Minute\" \/>\n<script type=\"application\/ld+json\" class=\"yoast-schema-graph\">{\"@context\":\"https:\\\/\\\/schema.org\",\"@graph\":[{\"@type\":\"WebPage\",\"@id\":\"https:\\\/\\\/kalmarslott.se\\\/de\\\/besok-restaurang\\\/om-oss\\\/\",\"url\":\"https:\\\/\\\/kalmarslott.se\\\/de\\\/besok-restaurang\\\/om-oss\\\/\",\"name\":\"Om oss - Kalmar Slott\",\"isPartOf\":{\"@id\":\"https:\\\/\\\/kalmarslott.se\\\/de\\\/#website\"},\"primaryImageOfPage\":{\"@id\":\"https:\\\/\\\/kalmarslott.se\\\/de\\\/besok-restaurang\\\/om-oss\\\/#primaryimage\"},\"image\":{\"@id\":\"https:\\\/\\\/kalmarslott.se\\\/de\\\/besok-restaurang\\\/om-oss\\\/#primaryimage\"},\"thumbnailUrl\":\"https:\\\/\\\/kalmarslott.se\\\/wp-content\\\/uploads\\\/2022\\\/06\\\/restaurangjesperlagarmat-scaled.jpg\",\"datePublished\":\"2022-06-10T21:39:43+00:00\",\"dateModified\":\"2026-02-04T07:55:04+00:00\",\"breadcrumb\":{\"@id\":\"https:\\\/\\\/kalmarslott.se\\\/de\\\/besok-restaurang\\\/om-oss\\\/#breadcrumb\"},\"inLanguage\":\"de\",\"potentialAction\":[{\"@type\":\"ReadAction\",\"target\":[\"https:\\\/\\\/kalmarslott.se\\\/de\\\/besok-restaurang\\\/om-oss\\\/\"]}]},{\"@type\":\"ImageObject\",\"inLanguage\":\"de\",\"@id\":\"https:\\\/\\\/kalmarslott.se\\\/de\\\/besok-restaurang\\\/om-oss\\\/#primaryimage\",\"url\":\"https:\\\/\\\/kalmarslott.se\\\/wp-content\\\/uploads\\\/2022\\\/06\\\/restaurangjesperlagarmat-scaled.jpg\",\"contentUrl\":\"https:\\\/\\\/kalmarslott.se\\\/wp-content\\\/uploads\\\/2022\\\/06\\\/restaurangjesperlagarmat-scaled.jpg\",\"width\":2560,\"height\":1707,\"caption\":\"Restaurang Jesper lagar mat\"},{\"@type\":\"BreadcrumbList\",\"@id\":\"https:\\\/\\\/kalmarslott.se\\\/de\\\/besok-restaurang\\\/om-oss\\\/#breadcrumb\",\"itemListElement\":[{\"@type\":\"ListItem\",\"position\":1,\"name\":\"Hem\",\"item\":\"https:\\\/\\\/kalmarslott.se\\\/de\\\/\"},{\"@type\":\"ListItem\",\"position\":2,\"name\":\"Restaurang\",\"item\":\"https:\\\/\\\/kalmarslott.se\\\/de\\\/besok-restaurang\\\/\"},{\"@type\":\"ListItem\",\"position\":3,\"name\":\"Om oss\"}]},{\"@type\":\"WebSite\",\"@id\":\"https:\\\/\\\/kalmarslott.se\\\/de\\\/#website\",\"url\":\"https:\\\/\\\/kalmarslott.se\\\/de\\\/\",\"name\":\"Kalmar Slott\",\"description\":\"Ett riktigt slott\",\"potentialAction\":[{\"@type\":\"SearchAction\",\"target\":{\"@type\":\"EntryPoint\",\"urlTemplate\":\"https:\\\/\\\/kalmarslott.se\\\/de\\\/?s={search_term_string}\"},\"query-input\":{\"@type\":\"PropertyValueSpecification\",\"valueRequired\":true,\"valueName\":\"search_term_string\"}}],\"inLanguage\":\"de\"}]}<\/script>\n<!-- \/ Yoast SEO plugin. -->","yoast_head_json":{"title":"Om oss - Kalmar Slott","robots":{"index":"index","follow":"follow","max-snippet":"max-snippet:-1","max-image-preview":"max-image-preview:large","max-video-preview":"max-video-preview:-1"},"canonical":"https:\/\/kalmarslott.se\/de\/besok-restaurang\/om-oss\/","og_locale":"de_DE","og_type":"article","og_title":"Om oss - Kalmar Slott","og_description":"Nutida matlagning med inspiration och respekt f\u00f6r platsens historik Fr\u00e5n och med 2020 tog vi fr\u00e5n restaurang Postgatan \u00f6ver driften av Slottsrestaurangen. H\u00e4r st\u00e5r vi f\u00f6r en enkel och inkluderande gastronomi som grundar sig p\u00e5 v\u00e5ra k\u00e4rnv\u00e4rden: \u2022 Nordiska smaker med lokal f\u00f6rankring \u2022 S\u00e4songsanpassad matgl\u00e4dje f\u00f6r alla \u2022 H\u00e5llbar kvalitet\u00a0 Vi hoppas att alla [&hellip;]","og_url":"https:\/\/kalmarslott.se\/de\/besok-restaurang\/om-oss\/","og_site_name":"Kalmar Slott","article_modified_time":"2026-02-04T07:55:04+00:00","og_image":[{"width":2560,"height":1707,"url":"https:\/\/kalmarslott.se\/wp-content\/uploads\/2022\/06\/restaurangjesperlagarmat-scaled.jpg","type":"image\/jpeg"}],"twitter_card":"summary_large_image","twitter_misc":{"Gesch\u00e4tzte Lesezeit":"1\u00a0Minute"},"schema":{"@context":"https:\/\/schema.org","@graph":[{"@type":"WebPage","@id":"https:\/\/kalmarslott.se\/de\/besok-restaurang\/om-oss\/","url":"https:\/\/kalmarslott.se\/de\/besok-restaurang\/om-oss\/","name":"Om oss - Kalmar Slott","isPartOf":{"@id":"https:\/\/kalmarslott.se\/de\/#website"},"primaryImageOfPage":{"@id":"https:\/\/kalmarslott.se\/de\/besok-restaurang\/om-oss\/#primaryimage"},"image":{"@id":"https:\/\/kalmarslott.se\/de\/besok-restaurang\/om-oss\/#primaryimage"},"thumbnailUrl":"https:\/\/kalmarslott.se\/wp-content\/uploads\/2022\/06\/restaurangjesperlagarmat-scaled.jpg","datePublished":"2022-06-10T21:39:43+00:00","dateModified":"2026-02-04T07:55:04+00:00","breadcrumb":{"@id":"https:\/\/kalmarslott.se\/de\/besok-restaurang\/om-oss\/#breadcrumb"},"inLanguage":"de","potentialAction":[{"@type":"ReadAction","target":["https:\/\/kalmarslott.se\/de\/besok-restaurang\/om-oss\/"]}]},{"@type":"ImageObject","inLanguage":"de","@id":"https:\/\/kalmarslott.se\/de\/besok-restaurang\/om-oss\/#primaryimage","url":"https:\/\/kalmarslott.se\/wp-content\/uploads\/2022\/06\/restaurangjesperlagarmat-scaled.jpg","contentUrl":"https:\/\/kalmarslott.se\/wp-content\/uploads\/2022\/06\/restaurangjesperlagarmat-scaled.jpg","width":2560,"height":1707,"caption":"Restaurang Jesper lagar mat"},{"@type":"BreadcrumbList","@id":"https:\/\/kalmarslott.se\/de\/besok-restaurang\/om-oss\/#breadcrumb","itemListElement":[{"@type":"ListItem","position":1,"name":"Hem","item":"https:\/\/kalmarslott.se\/de\/"},{"@type":"ListItem","position":2,"name":"Restaurang","item":"https:\/\/kalmarslott.se\/de\/besok-restaurang\/"},{"@type":"ListItem","position":3,"name":"Om oss"}]},{"@type":"WebSite","@id":"https:\/\/kalmarslott.se\/de\/#website","url":"https:\/\/kalmarslott.se\/de\/","name":"Kalmar Slott","description":"Ett riktigt slott","potentialAction":[{"@type":"SearchAction","target":{"@type":"EntryPoint","urlTemplate":"https:\/\/kalmarslott.se\/de\/?s={search_term_string}"},"query-input":{"@type":"PropertyValueSpecification","valueRequired":true,"valueName":"search_term_string"}}],"inLanguage":"de"}]}},"_links":{"self":[{"href":"https:\/\/kalmarslott.se\/de\/wp-json\/wp\/v2\/pages\/470","targetHints":{"allow":["GET"]}}],"collection":[{"href":"https:\/\/kalmarslott.se\/de\/wp-json\/wp\/v2\/pages"}],"about":[{"href":"https:\/\/kalmarslott.se\/de\/wp-json\/wp\/v2\/types\/page"}],"author":[{"embeddable":true,"href":"https:\/\/kalmarslott.se\/de\/wp-json\/wp\/v2\/users\/1"}],"replies":[{"embeddable":true,"href":"https:\/\/kalmarslott.se\/de\/wp-json\/wp\/v2\/comments?post=470"}],"version-history":[{"count":13,"href":"https:\/\/kalmarslott.se\/de\/wp-json\/wp\/v2\/pages\/470\/revisions"}],"predecessor-version":[{"id":13194,"href":"https:\/\/kalmarslott.se\/de\/wp-json\/wp\/v2\/pages\/470\/revisions\/13194"}],"up":[{"embeddable":true,"href":"https:\/\/kalmarslott.se\/de\/wp-json\/wp\/v2\/pages\/458"}],"wp:featuredmedia":[{"embeddable":true,"href":"https:\/\/kalmarslott.se\/de\/wp-json\/wp\/v2\/media\/619"}],"wp:attachment":[{"href":"https:\/\/kalmarslott.se\/de\/wp-json\/wp\/v2\/media?parent=470"}],"curies":[{"name":"wp","href":"https:\/\/api.w.org\/{rel}","templated":true}]}}