{"id":468,"date":"2022-06-10T23:39:26","date_gmt":"2022-06-10T21:39:26","guid":{"rendered":"https:\/\/kalmarslott.se\/?page_id=468"},"modified":"2023-08-28T11:06:41","modified_gmt":"2023-08-28T09:06:41","slug":"konferens","status":"publish","type":"page","link":"https:\/\/kalmarslott.se\/de\/besok-restaurang\/konferens\/","title":{"rendered":"Konferens"},"content":{"rendered":"<h2><span style=\"font-weight: 400;\">Avnjut lunch, fika och middag i Slottsrestaurangen i samband med er konferens<\/span><\/h2>\n<p><span style=\"font-weight: 400;\">N\u00e4r ni v\u00e4ljer att <\/span><a href=\"https:\/\/kalmarslott.se\/boka\/konferens\"><span style=\"font-weight: 400;\">boka konferens<\/span><\/a><span style=\"font-weight: 400;\">\u00a0<\/span><span style=\"font-weight: 400;\">p\u00e5 Kalmar Slott st\u00e5r vi f\u00f6r mat och dryck. Dagen kanske b\u00f6rjar med en rykande kopp kaffe fr\u00e5n Balcks rosteri, detta finns tillsammans med f\u00e4rsk frukt och vatten tillg\u00e4ngligt under hela dagen. F\u00f6rmiddagsfika med sm\u00f6rg\u00e5s p\u00e5 Slottets r\u00e5gbr\u00f6d avnjuts i G\u00e4stabudssalen d\u00e4r ocks\u00e5 lunchen serveras med sallad och br\u00f6d samt hembakad kaka. P\u00e5 eftermiddagen bjuds ni p\u00e5 n\u00e5got s\u00f6tt eller friskt till kaffet.<\/span><\/p>\n<p><span style=\"font-weight: 400;\">Vi anpassar tider och inneh\u00e5ll efter era \u00f6nskem\u00e5l och vill ni avsluta med middag eller ta med en picknick uppe p\u00e5 slottsvallen s\u00e5 ordnar vi det ocks\u00e5.<\/span><\/p>\n<p><span style=\"font-weight: 400;\">F\u00f6r fr\u00e5gor g\u00e4llande Konferensmenyer kontakta:\u00a0<\/span><a href=\"mailto:slottsrestaurangen@postgatan.nu\"><span style=\"font-weight: 400;\">slottsrestaurangen@postgatan.nu<\/span><\/a><\/p>\n<p><span style=\"font-weight: 400;\">F\u00f6r fr\u00e5gor om uppl\u00e4gg eller en offert utifr\u00e5n era konferensbehov, kontakta: 010-357 05 35 eller <\/span><a href=\"mailto:caroline.sjoberg@kalmar.com\"><span style=\"font-weight: 400;\">caroline.sjoberg@kalmar.com<\/span><\/a><span style=\"font-weight: 400;\">.<\/span><\/p>\n<p><img loading=\"lazy\" decoding=\"async\" class=\"alignnone wp-image-628 size-large\" src=\"https:\/\/kalmarslott.se\/wp-content\/uploads\/2022\/06\/restaurangkonferensmandrickerkaffe-1024x682.jpg\" alt=\"\" width=\"1024\" height=\"682\" srcset=\"https:\/\/kalmarslott.se\/wp-content\/uploads\/2022\/06\/restaurangkonferensmandrickerkaffe-1024x682.jpg 1024w, https:\/\/kalmarslott.se\/wp-content\/uploads\/2022\/06\/restaurangkonferensmandrickerkaffe-300x200.jpg 300w, https:\/\/kalmarslott.se\/wp-content\/uploads\/2022\/06\/restaurangkonferensmandrickerkaffe-768x512.jpg 768w, https:\/\/kalmarslott.se\/wp-content\/uploads\/2022\/06\/restaurangkonferensmandrickerkaffe-1536x1024.jpg 1536w, https:\/\/kalmarslott.se\/wp-content\/uploads\/2022\/06\/restaurangkonferensmandrickerkaffe-600x400.jpg 600w, https:\/\/kalmarslott.se\/wp-content\/uploads\/2022\/06\/restaurangkonferensmandrickerkaffe.jpg 2000w\" sizes=\"auto, (max-width: 1024px) 100vw, 1024px\" \/><\/p>\n<p><img loading=\"lazy\" decoding=\"async\" class=\"alignnone wp-image-627 size-large\" src=\"https:\/\/kalmarslott.se\/wp-content\/uploads\/2022\/06\/restaurangkonferensfrukost-1024x682.jpg\" alt=\"\" width=\"1024\" height=\"682\" srcset=\"https:\/\/kalmarslott.se\/wp-content\/uploads\/2022\/06\/restaurangkonferensfrukost-1024x682.jpg 1024w, https:\/\/kalmarslott.se\/wp-content\/uploads\/2022\/06\/restaurangkonferensfrukost-300x200.jpg 300w, https:\/\/kalmarslott.se\/wp-content\/uploads\/2022\/06\/restaurangkonferensfrukost-768x512.jpg 768w, https:\/\/kalmarslott.se\/wp-content\/uploads\/2022\/06\/restaurangkonferensfrukost-1536x1024.jpg 1536w, https:\/\/kalmarslott.se\/wp-content\/uploads\/2022\/06\/restaurangkonferensfrukost-600x400.jpg 600w, https:\/\/kalmarslott.se\/wp-content\/uploads\/2022\/06\/restaurangkonferensfrukost.jpg 2000w\" sizes=\"auto, (max-width: 1024px) 100vw, 1024px\" \/><\/p>\n","protected":false},"excerpt":{"rendered":"<p>Avnjut lunch, fika och middag i Slottsrestaurangen i samband med er konferens N\u00e4r ni v\u00e4ljer att boka konferens\u00a0p\u00e5 Kalmar Slott st\u00e5r vi f\u00f6r mat och dryck. Dagen kanske b\u00f6rjar med en rykande kopp kaffe fr\u00e5n Balcks rosteri, detta finns tillsammans med f\u00e4rsk frukt och vatten tillg\u00e4ngligt under hela dagen. F\u00f6rmiddagsfika med sm\u00f6rg\u00e5s p\u00e5 Slottets r\u00e5gbr\u00f6d [&hellip;]<\/p>\n","protected":false},"author":1,"featured_media":628,"parent":458,"menu_order":0,"comment_status":"closed","ping_status":"closed","template":"","meta":{"_acf_changed":false,"footnotes":""},"class_list":["post-468","page","type-page","status-publish","has-post-thumbnail","hentry"],"acf":[],"yoast_head":"<!-- This site is optimized with the Yoast SEO plugin v27.3 - https:\/\/yoast.com\/product\/yoast-seo-wordpress\/ -->\n<title>Konferens - Kalmar Slott<\/title>\n<meta name=\"robots\" content=\"index, follow, max-snippet:-1, max-image-preview:large, max-video-preview:-1\" \/>\n<link rel=\"canonical\" href=\"https:\/\/kalmarslott.se\/de\/besok-restaurang\/konferens\/\" \/>\n<meta property=\"og:locale\" content=\"de_DE\" \/>\n<meta property=\"og:type\" content=\"article\" \/>\n<meta property=\"og:title\" content=\"Konferens - Kalmar Slott\" \/>\n<meta property=\"og:description\" content=\"Avnjut lunch, fika och middag i Slottsrestaurangen i samband med er konferens N\u00e4r ni v\u00e4ljer att boka konferens\u00a0p\u00e5 Kalmar Slott st\u00e5r vi f\u00f6r mat och dryck. Dagen kanske b\u00f6rjar med en rykande kopp kaffe fr\u00e5n Balcks rosteri, detta finns tillsammans med f\u00e4rsk frukt och vatten tillg\u00e4ngligt under hela dagen. F\u00f6rmiddagsfika med sm\u00f6rg\u00e5s p\u00e5 Slottets r\u00e5gbr\u00f6d [&hellip;]\" \/>\n<meta property=\"og:url\" content=\"https:\/\/kalmarslott.se\/de\/besok-restaurang\/konferens\/\" \/>\n<meta property=\"og:site_name\" content=\"Kalmar Slott\" \/>\n<meta property=\"article:modified_time\" content=\"2023-08-28T09:06:41+00:00\" \/>\n<meta property=\"og:image\" content=\"https:\/\/kalmarslott.se\/wp-content\/uploads\/2022\/06\/restaurangkonferensmandrickerkaffe.jpg\" \/>\n\t<meta property=\"og:image:width\" content=\"2000\" \/>\n\t<meta property=\"og:image:height\" content=\"1333\" \/>\n\t<meta property=\"og:image:type\" content=\"image\/jpeg\" \/>\n<meta name=\"twitter:card\" content=\"summary_large_image\" \/>\n<meta name=\"twitter:label1\" content=\"Gesch\u00e4tzte Lesezeit\" \/>\n\t<meta name=\"twitter:data1\" content=\"2\u00a0Minuten\" \/>\n<script type=\"application\/ld+json\" class=\"yoast-schema-graph\">{\"@context\":\"https:\\\/\\\/schema.org\",\"@graph\":[{\"@type\":\"WebPage\",\"@id\":\"https:\\\/\\\/kalmarslott.se\\\/de\\\/besok-restaurang\\\/konferens\\\/\",\"url\":\"https:\\\/\\\/kalmarslott.se\\\/de\\\/besok-restaurang\\\/konferens\\\/\",\"name\":\"Konferens - Kalmar Slott\",\"isPartOf\":{\"@id\":\"https:\\\/\\\/kalmarslott.se\\\/de\\\/#website\"},\"primaryImageOfPage\":{\"@id\":\"https:\\\/\\\/kalmarslott.se\\\/de\\\/besok-restaurang\\\/konferens\\\/#primaryimage\"},\"image\":{\"@id\":\"https:\\\/\\\/kalmarslott.se\\\/de\\\/besok-restaurang\\\/konferens\\\/#primaryimage\"},\"thumbnailUrl\":\"https:\\\/\\\/kalmarslott.se\\\/wp-content\\\/uploads\\\/2022\\\/06\\\/restaurangkonferensmandrickerkaffe.jpg\",\"datePublished\":\"2022-06-10T21:39:26+00:00\",\"dateModified\":\"2023-08-28T09:06:41+00:00\",\"breadcrumb\":{\"@id\":\"https:\\\/\\\/kalmarslott.se\\\/de\\\/besok-restaurang\\\/konferens\\\/#breadcrumb\"},\"inLanguage\":\"de\",\"potentialAction\":[{\"@type\":\"ReadAction\",\"target\":[\"https:\\\/\\\/kalmarslott.se\\\/de\\\/besok-restaurang\\\/konferens\\\/\"]}]},{\"@type\":\"ImageObject\",\"inLanguage\":\"de\",\"@id\":\"https:\\\/\\\/kalmarslott.se\\\/de\\\/besok-restaurang\\\/konferens\\\/#primaryimage\",\"url\":\"https:\\\/\\\/kalmarslott.se\\\/wp-content\\\/uploads\\\/2022\\\/06\\\/restaurangkonferensmandrickerkaffe.jpg\",\"contentUrl\":\"https:\\\/\\\/kalmarslott.se\\\/wp-content\\\/uploads\\\/2022\\\/06\\\/restaurangkonferensmandrickerkaffe.jpg\",\"width\":2000,\"height\":1333,\"caption\":\"Restaurang konferens Kalmar slott\"},{\"@type\":\"BreadcrumbList\",\"@id\":\"https:\\\/\\\/kalmarslott.se\\\/de\\\/besok-restaurang\\\/konferens\\\/#breadcrumb\",\"itemListElement\":[{\"@type\":\"ListItem\",\"position\":1,\"name\":\"Hem\",\"item\":\"https:\\\/\\\/kalmarslott.se\\\/de\\\/\"},{\"@type\":\"ListItem\",\"position\":2,\"name\":\"Restaurang\",\"item\":\"https:\\\/\\\/kalmarslott.se\\\/de\\\/besok-restaurang\\\/\"},{\"@type\":\"ListItem\",\"position\":3,\"name\":\"Konferens\"}]},{\"@type\":\"WebSite\",\"@id\":\"https:\\\/\\\/kalmarslott.se\\\/de\\\/#website\",\"url\":\"https:\\\/\\\/kalmarslott.se\\\/de\\\/\",\"name\":\"Kalmar Slott\",\"description\":\"Ett riktigt slott\",\"potentialAction\":[{\"@type\":\"SearchAction\",\"target\":{\"@type\":\"EntryPoint\",\"urlTemplate\":\"https:\\\/\\\/kalmarslott.se\\\/de\\\/?s={search_term_string}\"},\"query-input\":{\"@type\":\"PropertyValueSpecification\",\"valueRequired\":true,\"valueName\":\"search_term_string\"}}],\"inLanguage\":\"de\"}]}<\/script>\n<!-- \/ Yoast SEO plugin. -->","yoast_head_json":{"title":"Konferens - Kalmar Slott","robots":{"index":"index","follow":"follow","max-snippet":"max-snippet:-1","max-image-preview":"max-image-preview:large","max-video-preview":"max-video-preview:-1"},"canonical":"https:\/\/kalmarslott.se\/de\/besok-restaurang\/konferens\/","og_locale":"de_DE","og_type":"article","og_title":"Konferens - Kalmar Slott","og_description":"Avnjut lunch, fika och middag i Slottsrestaurangen i samband med er konferens N\u00e4r ni v\u00e4ljer att boka konferens\u00a0p\u00e5 Kalmar Slott st\u00e5r vi f\u00f6r mat och dryck. Dagen kanske b\u00f6rjar med en rykande kopp kaffe fr\u00e5n Balcks rosteri, detta finns tillsammans med f\u00e4rsk frukt och vatten tillg\u00e4ngligt under hela dagen. F\u00f6rmiddagsfika med sm\u00f6rg\u00e5s p\u00e5 Slottets r\u00e5gbr\u00f6d [&hellip;]","og_url":"https:\/\/kalmarslott.se\/de\/besok-restaurang\/konferens\/","og_site_name":"Kalmar Slott","article_modified_time":"2023-08-28T09:06:41+00:00","og_image":[{"width":2000,"height":1333,"url":"https:\/\/kalmarslott.se\/wp-content\/uploads\/2022\/06\/restaurangkonferensmandrickerkaffe.jpg","type":"image\/jpeg"}],"twitter_card":"summary_large_image","twitter_misc":{"Gesch\u00e4tzte Lesezeit":"2\u00a0Minuten"},"schema":{"@context":"https:\/\/schema.org","@graph":[{"@type":"WebPage","@id":"https:\/\/kalmarslott.se\/de\/besok-restaurang\/konferens\/","url":"https:\/\/kalmarslott.se\/de\/besok-restaurang\/konferens\/","name":"Konferens - Kalmar Slott","isPartOf":{"@id":"https:\/\/kalmarslott.se\/de\/#website"},"primaryImageOfPage":{"@id":"https:\/\/kalmarslott.se\/de\/besok-restaurang\/konferens\/#primaryimage"},"image":{"@id":"https:\/\/kalmarslott.se\/de\/besok-restaurang\/konferens\/#primaryimage"},"thumbnailUrl":"https:\/\/kalmarslott.se\/wp-content\/uploads\/2022\/06\/restaurangkonferensmandrickerkaffe.jpg","datePublished":"2022-06-10T21:39:26+00:00","dateModified":"2023-08-28T09:06:41+00:00","breadcrumb":{"@id":"https:\/\/kalmarslott.se\/de\/besok-restaurang\/konferens\/#breadcrumb"},"inLanguage":"de","potentialAction":[{"@type":"ReadAction","target":["https:\/\/kalmarslott.se\/de\/besok-restaurang\/konferens\/"]}]},{"@type":"ImageObject","inLanguage":"de","@id":"https:\/\/kalmarslott.se\/de\/besok-restaurang\/konferens\/#primaryimage","url":"https:\/\/kalmarslott.se\/wp-content\/uploads\/2022\/06\/restaurangkonferensmandrickerkaffe.jpg","contentUrl":"https:\/\/kalmarslott.se\/wp-content\/uploads\/2022\/06\/restaurangkonferensmandrickerkaffe.jpg","width":2000,"height":1333,"caption":"Restaurang konferens Kalmar slott"},{"@type":"BreadcrumbList","@id":"https:\/\/kalmarslott.se\/de\/besok-restaurang\/konferens\/#breadcrumb","itemListElement":[{"@type":"ListItem","position":1,"name":"Hem","item":"https:\/\/kalmarslott.se\/de\/"},{"@type":"ListItem","position":2,"name":"Restaurang","item":"https:\/\/kalmarslott.se\/de\/besok-restaurang\/"},{"@type":"ListItem","position":3,"name":"Konferens"}]},{"@type":"WebSite","@id":"https:\/\/kalmarslott.se\/de\/#website","url":"https:\/\/kalmarslott.se\/de\/","name":"Kalmar Slott","description":"Ett riktigt slott","potentialAction":[{"@type":"SearchAction","target":{"@type":"EntryPoint","urlTemplate":"https:\/\/kalmarslott.se\/de\/?s={search_term_string}"},"query-input":{"@type":"PropertyValueSpecification","valueRequired":true,"valueName":"search_term_string"}}],"inLanguage":"de"}]}},"_links":{"self":[{"href":"https:\/\/kalmarslott.se\/de\/wp-json\/wp\/v2\/pages\/468","targetHints":{"allow":["GET"]}}],"collection":[{"href":"https:\/\/kalmarslott.se\/de\/wp-json\/wp\/v2\/pages"}],"about":[{"href":"https:\/\/kalmarslott.se\/de\/wp-json\/wp\/v2\/types\/page"}],"author":[{"embeddable":true,"href":"https:\/\/kalmarslott.se\/de\/wp-json\/wp\/v2\/users\/1"}],"replies":[{"embeddable":true,"href":"https:\/\/kalmarslott.se\/de\/wp-json\/wp\/v2\/comments?post=468"}],"version-history":[{"count":16,"href":"https:\/\/kalmarslott.se\/de\/wp-json\/wp\/v2\/pages\/468\/revisions"}],"predecessor-version":[{"id":7132,"href":"https:\/\/kalmarslott.se\/de\/wp-json\/wp\/v2\/pages\/468\/revisions\/7132"}],"up":[{"embeddable":true,"href":"https:\/\/kalmarslott.se\/de\/wp-json\/wp\/v2\/pages\/458"}],"wp:featuredmedia":[{"embeddable":true,"href":"https:\/\/kalmarslott.se\/de\/wp-json\/wp\/v2\/media\/628"}],"wp:attachment":[{"href":"https:\/\/kalmarslott.se\/de\/wp-json\/wp\/v2\/media?parent=468"}],"curies":[{"name":"wp","href":"https:\/\/api.w.org\/{rel}","templated":true}]}}