{"id":3746,"date":"2022-06-29T10:57:59","date_gmt":"2022-06-29T08:57:59","guid":{"rendered":"https:\/\/kalmarslott.se\/?page_id=3746"},"modified":"2024-06-11T08:50:12","modified_gmt":"2024-06-11T06:50:12","slug":"gruppenbuchungen","status":"publish","type":"page","link":"https:\/\/kalmarslott.se\/de\/buchung\/gruppenbuchungen\/","title":{"rendered":"Gruppenbuchungen"},"content":{"rendered":"<p><strong>Wir bieten haupts\u00e4chlich F\u00fchrungen auf Schwedisch und Englisch an.<\/strong><\/p>\n<p>Das Schloss ist immer f\u00fcr Gruppenbuchungen ge\u00f6ffnet.<\/p>\n<p><strong>F\u00fchrung buchen:<\/strong> +46 10-357 05 41 oder <a href=\"mailto:bokning@kalmar.com\">bokning@kalmar.com<\/a><\/p>\n","protected":false},"excerpt":{"rendered":"<p>Wir bieten haupts\u00e4chlich F\u00fchrungen auf Schwedisch und Englisch an. Das Schloss ist immer f\u00fcr Gruppenbuchungen ge\u00f6ffnet. F\u00fchrung buchen: +46 10-357 05 41 oder bokning@kalmar.com<\/p>\n","protected":false},"author":2,"featured_media":2679,"parent":2603,"menu_order":0,"comment_status":"closed","ping_status":"closed","template":"","meta":{"_acf_changed":false,"footnotes":""},"class_list":["post-3746","page","type-page","status-publish","has-post-thumbnail","hentry"],"acf":[],"yoast_head":"<!-- This site is optimized with the Yoast SEO plugin v27.3 - https:\/\/yoast.com\/product\/yoast-seo-wordpress\/ -->\n<title>Gruppenbuchungen - Kalmar Slott<\/title>\n<meta name=\"robots\" content=\"index, follow, max-snippet:-1, max-image-preview:large, max-video-preview:-1\" \/>\n<link rel=\"canonical\" href=\"https:\/\/kalmarslott.se\/de\/buchung\/gruppenbuchungen\/\" \/>\n<meta property=\"og:locale\" content=\"de_DE\" \/>\n<meta property=\"og:type\" content=\"article\" \/>\n<meta property=\"og:title\" content=\"Gruppenbuchungen - Kalmar Slott\" \/>\n<meta property=\"og:description\" content=\"Wir bieten haupts\u00e4chlich F\u00fchrungen auf Schwedisch und Englisch an. Das Schloss ist immer f\u00fcr Gruppenbuchungen ge\u00f6ffnet. F\u00fchrung buchen: +46 10-357 05 41 oder bokning@kalmar.com\" \/>\n<meta property=\"og:url\" content=\"https:\/\/kalmarslott.se\/de\/buchung\/gruppenbuchungen\/\" \/>\n<meta property=\"og:site_name\" content=\"Kalmar Slott\" \/>\n<meta property=\"article:modified_time\" content=\"2024-06-11T06:50:12+00:00\" \/>\n<meta property=\"og:image\" content=\"https:\/\/kalmarslott.se\/wp-content\/uploads\/2022\/06\/31-scaled.jpg\" \/>\n\t<meta property=\"og:image:width\" content=\"2560\" \/>\n\t<meta property=\"og:image:height\" content=\"1707\" \/>\n\t<meta property=\"og:image:type\" content=\"image\/jpeg\" \/>\n<meta name=\"twitter:card\" content=\"summary_large_image\" \/>\n<meta name=\"twitter:label1\" content=\"Gesch\u00e4tzte Lesezeit\" \/>\n\t<meta name=\"twitter:data1\" content=\"1\u00a0Minute\" \/>\n<script type=\"application\/ld+json\" class=\"yoast-schema-graph\">{\"@context\":\"https:\\\/\\\/schema.org\",\"@graph\":[{\"@type\":\"WebPage\",\"@id\":\"https:\\\/\\\/kalmarslott.se\\\/de\\\/buchung\\\/gruppenbuchungen\\\/\",\"url\":\"https:\\\/\\\/kalmarslott.se\\\/de\\\/buchung\\\/gruppenbuchungen\\\/\",\"name\":\"Gruppenbuchungen - Kalmar Slott\",\"isPartOf\":{\"@id\":\"https:\\\/\\\/kalmarslott.se\\\/de\\\/#website\"},\"primaryImageOfPage\":{\"@id\":\"https:\\\/\\\/kalmarslott.se\\\/de\\\/buchung\\\/gruppenbuchungen\\\/#primaryimage\"},\"image\":{\"@id\":\"https:\\\/\\\/kalmarslott.se\\\/de\\\/buchung\\\/gruppenbuchungen\\\/#primaryimage\"},\"thumbnailUrl\":\"https:\\\/\\\/kalmarslott.se\\\/wp-content\\\/uploads\\\/2022\\\/06\\\/31-scaled.jpg\",\"datePublished\":\"2022-06-29T08:57:59+00:00\",\"dateModified\":\"2024-06-11T06:50:12+00:00\",\"breadcrumb\":{\"@id\":\"https:\\\/\\\/kalmarslott.se\\\/de\\\/buchung\\\/gruppenbuchungen\\\/#breadcrumb\"},\"inLanguage\":\"de\",\"potentialAction\":[{\"@type\":\"ReadAction\",\"target\":[\"https:\\\/\\\/kalmarslott.se\\\/de\\\/buchung\\\/gruppenbuchungen\\\/\"]}]},{\"@type\":\"ImageObject\",\"inLanguage\":\"de\",\"@id\":\"https:\\\/\\\/kalmarslott.se\\\/de\\\/buchung\\\/gruppenbuchungen\\\/#primaryimage\",\"url\":\"https:\\\/\\\/kalmarslott.se\\\/wp-content\\\/uploads\\\/2022\\\/06\\\/31-scaled.jpg\",\"contentUrl\":\"https:\\\/\\\/kalmarslott.se\\\/wp-content\\\/uploads\\\/2022\\\/06\\\/31-scaled.jpg\",\"width\":2560,\"height\":1707,\"caption\":\"Kalmar Slott\"},{\"@type\":\"BreadcrumbList\",\"@id\":\"https:\\\/\\\/kalmarslott.se\\\/de\\\/buchung\\\/gruppenbuchungen\\\/#breadcrumb\",\"itemListElement\":[{\"@type\":\"ListItem\",\"position\":1,\"name\":\"Hem\",\"item\":\"https:\\\/\\\/kalmarslott.se\\\/de\\\/\"},{\"@type\":\"ListItem\",\"position\":2,\"name\":\"Buchung\",\"item\":\"https:\\\/\\\/kalmarslott.se\\\/de\\\/buchung\\\/\"},{\"@type\":\"ListItem\",\"position\":3,\"name\":\"Gruppenbuchungen\"}]},{\"@type\":\"WebSite\",\"@id\":\"https:\\\/\\\/kalmarslott.se\\\/de\\\/#website\",\"url\":\"https:\\\/\\\/kalmarslott.se\\\/de\\\/\",\"name\":\"Kalmar Slott\",\"description\":\"Ett riktigt slott\",\"potentialAction\":[{\"@type\":\"SearchAction\",\"target\":{\"@type\":\"EntryPoint\",\"urlTemplate\":\"https:\\\/\\\/kalmarslott.se\\\/de\\\/?s={search_term_string}\"},\"query-input\":{\"@type\":\"PropertyValueSpecification\",\"valueRequired\":true,\"valueName\":\"search_term_string\"}}],\"inLanguage\":\"de\"}]}<\/script>\n<!-- \/ Yoast SEO plugin. -->","yoast_head_json":{"title":"Gruppenbuchungen - Kalmar Slott","robots":{"index":"index","follow":"follow","max-snippet":"max-snippet:-1","max-image-preview":"max-image-preview:large","max-video-preview":"max-video-preview:-1"},"canonical":"https:\/\/kalmarslott.se\/de\/buchung\/gruppenbuchungen\/","og_locale":"de_DE","og_type":"article","og_title":"Gruppenbuchungen - Kalmar Slott","og_description":"Wir bieten haupts\u00e4chlich F\u00fchrungen auf Schwedisch und Englisch an. Das Schloss ist immer f\u00fcr Gruppenbuchungen ge\u00f6ffnet. F\u00fchrung buchen: +46 10-357 05 41 oder bokning@kalmar.com","og_url":"https:\/\/kalmarslott.se\/de\/buchung\/gruppenbuchungen\/","og_site_name":"Kalmar Slott","article_modified_time":"2024-06-11T06:50:12+00:00","og_image":[{"width":2560,"height":1707,"url":"https:\/\/kalmarslott.se\/wp-content\/uploads\/2022\/06\/31-scaled.jpg","type":"image\/jpeg"}],"twitter_card":"summary_large_image","twitter_misc":{"Gesch\u00e4tzte Lesezeit":"1\u00a0Minute"},"schema":{"@context":"https:\/\/schema.org","@graph":[{"@type":"WebPage","@id":"https:\/\/kalmarslott.se\/de\/buchung\/gruppenbuchungen\/","url":"https:\/\/kalmarslott.se\/de\/buchung\/gruppenbuchungen\/","name":"Gruppenbuchungen - Kalmar Slott","isPartOf":{"@id":"https:\/\/kalmarslott.se\/de\/#website"},"primaryImageOfPage":{"@id":"https:\/\/kalmarslott.se\/de\/buchung\/gruppenbuchungen\/#primaryimage"},"image":{"@id":"https:\/\/kalmarslott.se\/de\/buchung\/gruppenbuchungen\/#primaryimage"},"thumbnailUrl":"https:\/\/kalmarslott.se\/wp-content\/uploads\/2022\/06\/31-scaled.jpg","datePublished":"2022-06-29T08:57:59+00:00","dateModified":"2024-06-11T06:50:12+00:00","breadcrumb":{"@id":"https:\/\/kalmarslott.se\/de\/buchung\/gruppenbuchungen\/#breadcrumb"},"inLanguage":"de","potentialAction":[{"@type":"ReadAction","target":["https:\/\/kalmarslott.se\/de\/buchung\/gruppenbuchungen\/"]}]},{"@type":"ImageObject","inLanguage":"de","@id":"https:\/\/kalmarslott.se\/de\/buchung\/gruppenbuchungen\/#primaryimage","url":"https:\/\/kalmarslott.se\/wp-content\/uploads\/2022\/06\/31-scaled.jpg","contentUrl":"https:\/\/kalmarslott.se\/wp-content\/uploads\/2022\/06\/31-scaled.jpg","width":2560,"height":1707,"caption":"Kalmar Slott"},{"@type":"BreadcrumbList","@id":"https:\/\/kalmarslott.se\/de\/buchung\/gruppenbuchungen\/#breadcrumb","itemListElement":[{"@type":"ListItem","position":1,"name":"Hem","item":"https:\/\/kalmarslott.se\/de\/"},{"@type":"ListItem","position":2,"name":"Buchung","item":"https:\/\/kalmarslott.se\/de\/buchung\/"},{"@type":"ListItem","position":3,"name":"Gruppenbuchungen"}]},{"@type":"WebSite","@id":"https:\/\/kalmarslott.se\/de\/#website","url":"https:\/\/kalmarslott.se\/de\/","name":"Kalmar Slott","description":"Ett riktigt slott","potentialAction":[{"@type":"SearchAction","target":{"@type":"EntryPoint","urlTemplate":"https:\/\/kalmarslott.se\/de\/?s={search_term_string}"},"query-input":{"@type":"PropertyValueSpecification","valueRequired":true,"valueName":"search_term_string"}}],"inLanguage":"de"}]}},"_links":{"self":[{"href":"https:\/\/kalmarslott.se\/de\/wp-json\/wp\/v2\/pages\/3746","targetHints":{"allow":["GET"]}}],"collection":[{"href":"https:\/\/kalmarslott.se\/de\/wp-json\/wp\/v2\/pages"}],"about":[{"href":"https:\/\/kalmarslott.se\/de\/wp-json\/wp\/v2\/types\/page"}],"author":[{"embeddable":true,"href":"https:\/\/kalmarslott.se\/de\/wp-json\/wp\/v2\/users\/2"}],"replies":[{"embeddable":true,"href":"https:\/\/kalmarslott.se\/de\/wp-json\/wp\/v2\/comments?post=3746"}],"version-history":[{"count":4,"href":"https:\/\/kalmarslott.se\/de\/wp-json\/wp\/v2\/pages\/3746\/revisions"}],"predecessor-version":[{"id":8805,"href":"https:\/\/kalmarslott.se\/de\/wp-json\/wp\/v2\/pages\/3746\/revisions\/8805"}],"up":[{"embeddable":true,"href":"https:\/\/kalmarslott.se\/de\/wp-json\/wp\/v2\/pages\/2603"}],"wp:featuredmedia":[{"embeddable":true,"href":"https:\/\/kalmarslott.se\/de\/wp-json\/wp\/v2\/media\/2679"}],"wp:attachment":[{"href":"https:\/\/kalmarslott.se\/de\/wp-json\/wp\/v2\/media?parent=3746"}],"curies":[{"name":"wp","href":"https:\/\/api.w.org\/{rel}","templated":true}]}}