{"id":3396,"date":"2022-06-10T23:38:40","date_gmt":"2022-06-10T21:38:40","guid":{"rendered":"https:\/\/kalmarslott.se\/?page_id=3396"},"modified":"2022-06-29T10:22:43","modified_gmt":"2022-06-29T08:22:43","slug":"schlosscafe","status":"publish","type":"page","link":"https:\/\/kalmarslott.se\/de\/cafe-restaurant\/schlosscafe\/","title":{"rendered":"Schlosscaf\u00e9"},"content":{"rendered":"<h2>G\u00f6nnen Sie sich eine majest\u00e4tische Kaffeepause.<\/h2>\n<p>In unserem wundersch\u00f6nen Schlosscaf\u00e9 werden warmes Mittagessen, herrliches Geb\u00e4ck und hausgemachtes Brot angeboten. Um diese Jahreszeit brauchen Sie auch keine Eintrittskarte ins Schloss zu l\u00f6sen, um das Caf\u00e9 zu besuchen. Wenn Sie nach dem Kaffee Lust auf eine Tour durch das Schloss bekommen, k\u00f6nnen Sie ein Ticket im Schlossladen kaufen.<\/p>\n<h3>Haben Sie Fragen?<\/h3>\n<p>Rufen Sie <a href=\"tel:+4648010282\">+46(0) 480-102 82<\/a> an oder mailen Sie an\u00a0<a href=\"mailto:slottsrestaurangen@postgatan.nu\">slottsrestaurangen@postgatan.nu<\/a>, wenn Sie Fragen zu unserem Caf\u00e9 oder Restaurant haben.<\/p>\n","protected":false},"excerpt":{"rendered":"<p>G\u00f6nnen Sie sich eine majest\u00e4tische Kaffeepause. In unserem wundersch\u00f6nen Schlosscaf\u00e9 werden warmes Mittagessen, herrliches Geb\u00e4ck und hausgemachtes Brot angeboten. Um diese Jahreszeit brauchen Sie auch keine Eintrittskarte ins Schloss zu l\u00f6sen, um das Caf\u00e9 zu besuchen. Wenn Sie nach dem Kaffee Lust auf eine Tour durch das Schloss bekommen, k\u00f6nnen Sie ein Ticket im Schlossladen [&hellip;]<\/p>\n","protected":false},"author":2,"featured_media":1578,"parent":2335,"menu_order":0,"comment_status":"closed","ping_status":"closed","template":"","meta":{"_acf_changed":false,"footnotes":""},"class_list":["post-3396","page","type-page","status-publish","has-post-thumbnail","hentry"],"acf":[],"yoast_head":"<!-- This site is optimized with the Yoast SEO plugin v27.3 - https:\/\/yoast.com\/product\/yoast-seo-wordpress\/ -->\n<title>Schlosscaf\u00e9 - Kalmar Slott<\/title>\n<meta name=\"robots\" content=\"index, follow, max-snippet:-1, max-image-preview:large, max-video-preview:-1\" \/>\n<link rel=\"canonical\" href=\"https:\/\/kalmarslott.se\/de\/cafe-restaurant\/schlosscafe\/\" \/>\n<meta property=\"og:locale\" content=\"de_DE\" \/>\n<meta property=\"og:type\" content=\"article\" \/>\n<meta property=\"og:title\" content=\"Schlosscaf\u00e9 - Kalmar Slott\" \/>\n<meta property=\"og:description\" content=\"G\u00f6nnen Sie sich eine majest\u00e4tische Kaffeepause. In unserem wundersch\u00f6nen Schlosscaf\u00e9 werden warmes Mittagessen, herrliches Geb\u00e4ck und hausgemachtes Brot angeboten. Um diese Jahreszeit brauchen Sie auch keine Eintrittskarte ins Schloss zu l\u00f6sen, um das Caf\u00e9 zu besuchen. Wenn Sie nach dem Kaffee Lust auf eine Tour durch das Schloss bekommen, k\u00f6nnen Sie ein Ticket im Schlossladen [&hellip;]\" \/>\n<meta property=\"og:url\" content=\"https:\/\/kalmarslott.se\/de\/cafe-restaurant\/schlosscafe\/\" \/>\n<meta property=\"og:site_name\" content=\"Kalmar Slott\" \/>\n<meta property=\"article:modified_time\" content=\"2022-06-29T08:22:43+00:00\" \/>\n<meta property=\"og:image\" content=\"https:\/\/kalmarslott.se\/wp-content\/uploads\/2022\/06\/restaurangmatcafekvinnataruppmuggar-scaled.jpg\" \/>\n\t<meta property=\"og:image:width\" content=\"2560\" \/>\n\t<meta property=\"og:image:height\" content=\"1707\" \/>\n\t<meta property=\"og:image:type\" content=\"image\/jpeg\" \/>\n<meta name=\"twitter:card\" content=\"summary_large_image\" \/>\n<meta name=\"twitter:label1\" content=\"Gesch\u00e4tzte Lesezeit\" \/>\n\t<meta name=\"twitter:data1\" content=\"1\u00a0Minute\" \/>\n<script type=\"application\/ld+json\" class=\"yoast-schema-graph\">{\"@context\":\"https:\\\/\\\/schema.org\",\"@graph\":[{\"@type\":\"WebPage\",\"@id\":\"https:\\\/\\\/kalmarslott.se\\\/de\\\/cafe-restaurant\\\/schlosscafe\\\/\",\"url\":\"https:\\\/\\\/kalmarslott.se\\\/de\\\/cafe-restaurant\\\/schlosscafe\\\/\",\"name\":\"Schlosscaf\u00e9 - Kalmar Slott\",\"isPartOf\":{\"@id\":\"https:\\\/\\\/kalmarslott.se\\\/de\\\/#website\"},\"primaryImageOfPage\":{\"@id\":\"https:\\\/\\\/kalmarslott.se\\\/de\\\/cafe-restaurant\\\/schlosscafe\\\/#primaryimage\"},\"image\":{\"@id\":\"https:\\\/\\\/kalmarslott.se\\\/de\\\/cafe-restaurant\\\/schlosscafe\\\/#primaryimage\"},\"thumbnailUrl\":\"https:\\\/\\\/kalmarslott.se\\\/wp-content\\\/uploads\\\/2022\\\/06\\\/restaurangmatcafekvinnataruppmuggar-scaled.jpg\",\"datePublished\":\"2022-06-10T21:38:40+00:00\",\"dateModified\":\"2022-06-29T08:22:43+00:00\",\"breadcrumb\":{\"@id\":\"https:\\\/\\\/kalmarslott.se\\\/de\\\/cafe-restaurant\\\/schlosscafe\\\/#breadcrumb\"},\"inLanguage\":\"de\",\"potentialAction\":[{\"@type\":\"ReadAction\",\"target\":[\"https:\\\/\\\/kalmarslott.se\\\/de\\\/cafe-restaurant\\\/schlosscafe\\\/\"]}]},{\"@type\":\"ImageObject\",\"inLanguage\":\"de\",\"@id\":\"https:\\\/\\\/kalmarslott.se\\\/de\\\/cafe-restaurant\\\/schlosscafe\\\/#primaryimage\",\"url\":\"https:\\\/\\\/kalmarslott.se\\\/wp-content\\\/uploads\\\/2022\\\/06\\\/restaurangmatcafekvinnataruppmuggar-scaled.jpg\",\"contentUrl\":\"https:\\\/\\\/kalmarslott.se\\\/wp-content\\\/uploads\\\/2022\\\/06\\\/restaurangmatcafekvinnataruppmuggar-scaled.jpg\",\"width\":2560,\"height\":1707},{\"@type\":\"BreadcrumbList\",\"@id\":\"https:\\\/\\\/kalmarslott.se\\\/de\\\/cafe-restaurant\\\/schlosscafe\\\/#breadcrumb\",\"itemListElement\":[{\"@type\":\"ListItem\",\"position\":1,\"name\":\"Hem\",\"item\":\"https:\\\/\\\/kalmarslott.se\\\/de\\\/\"},{\"@type\":\"ListItem\",\"position\":2,\"name\":\"Caf\u00e9 &#038; Restaurant\",\"item\":\"https:\\\/\\\/kalmarslott.se\\\/de\\\/cafe-restaurant\\\/\"},{\"@type\":\"ListItem\",\"position\":3,\"name\":\"Schlosscaf\u00e9\"}]},{\"@type\":\"WebSite\",\"@id\":\"https:\\\/\\\/kalmarslott.se\\\/de\\\/#website\",\"url\":\"https:\\\/\\\/kalmarslott.se\\\/de\\\/\",\"name\":\"Kalmar Slott\",\"description\":\"Ett riktigt slott\",\"potentialAction\":[{\"@type\":\"SearchAction\",\"target\":{\"@type\":\"EntryPoint\",\"urlTemplate\":\"https:\\\/\\\/kalmarslott.se\\\/de\\\/?s={search_term_string}\"},\"query-input\":{\"@type\":\"PropertyValueSpecification\",\"valueRequired\":true,\"valueName\":\"search_term_string\"}}],\"inLanguage\":\"de\"}]}<\/script>\n<!-- \/ Yoast SEO plugin. -->","yoast_head_json":{"title":"Schlosscaf\u00e9 - Kalmar Slott","robots":{"index":"index","follow":"follow","max-snippet":"max-snippet:-1","max-image-preview":"max-image-preview:large","max-video-preview":"max-video-preview:-1"},"canonical":"https:\/\/kalmarslott.se\/de\/cafe-restaurant\/schlosscafe\/","og_locale":"de_DE","og_type":"article","og_title":"Schlosscaf\u00e9 - Kalmar Slott","og_description":"G\u00f6nnen Sie sich eine majest\u00e4tische Kaffeepause. In unserem wundersch\u00f6nen Schlosscaf\u00e9 werden warmes Mittagessen, herrliches Geb\u00e4ck und hausgemachtes Brot angeboten. Um diese Jahreszeit brauchen Sie auch keine Eintrittskarte ins Schloss zu l\u00f6sen, um das Caf\u00e9 zu besuchen. Wenn Sie nach dem Kaffee Lust auf eine Tour durch das Schloss bekommen, k\u00f6nnen Sie ein Ticket im Schlossladen [&hellip;]","og_url":"https:\/\/kalmarslott.se\/de\/cafe-restaurant\/schlosscafe\/","og_site_name":"Kalmar Slott","article_modified_time":"2022-06-29T08:22:43+00:00","og_image":[{"width":2560,"height":1707,"url":"https:\/\/kalmarslott.se\/wp-content\/uploads\/2022\/06\/restaurangmatcafekvinnataruppmuggar-scaled.jpg","type":"image\/jpeg"}],"twitter_card":"summary_large_image","twitter_misc":{"Gesch\u00e4tzte Lesezeit":"1\u00a0Minute"},"schema":{"@context":"https:\/\/schema.org","@graph":[{"@type":"WebPage","@id":"https:\/\/kalmarslott.se\/de\/cafe-restaurant\/schlosscafe\/","url":"https:\/\/kalmarslott.se\/de\/cafe-restaurant\/schlosscafe\/","name":"Schlosscaf\u00e9 - Kalmar Slott","isPartOf":{"@id":"https:\/\/kalmarslott.se\/de\/#website"},"primaryImageOfPage":{"@id":"https:\/\/kalmarslott.se\/de\/cafe-restaurant\/schlosscafe\/#primaryimage"},"image":{"@id":"https:\/\/kalmarslott.se\/de\/cafe-restaurant\/schlosscafe\/#primaryimage"},"thumbnailUrl":"https:\/\/kalmarslott.se\/wp-content\/uploads\/2022\/06\/restaurangmatcafekvinnataruppmuggar-scaled.jpg","datePublished":"2022-06-10T21:38:40+00:00","dateModified":"2022-06-29T08:22:43+00:00","breadcrumb":{"@id":"https:\/\/kalmarslott.se\/de\/cafe-restaurant\/schlosscafe\/#breadcrumb"},"inLanguage":"de","potentialAction":[{"@type":"ReadAction","target":["https:\/\/kalmarslott.se\/de\/cafe-restaurant\/schlosscafe\/"]}]},{"@type":"ImageObject","inLanguage":"de","@id":"https:\/\/kalmarslott.se\/de\/cafe-restaurant\/schlosscafe\/#primaryimage","url":"https:\/\/kalmarslott.se\/wp-content\/uploads\/2022\/06\/restaurangmatcafekvinnataruppmuggar-scaled.jpg","contentUrl":"https:\/\/kalmarslott.se\/wp-content\/uploads\/2022\/06\/restaurangmatcafekvinnataruppmuggar-scaled.jpg","width":2560,"height":1707},{"@type":"BreadcrumbList","@id":"https:\/\/kalmarslott.se\/de\/cafe-restaurant\/schlosscafe\/#breadcrumb","itemListElement":[{"@type":"ListItem","position":1,"name":"Hem","item":"https:\/\/kalmarslott.se\/de\/"},{"@type":"ListItem","position":2,"name":"Caf\u00e9 &#038; Restaurant","item":"https:\/\/kalmarslott.se\/de\/cafe-restaurant\/"},{"@type":"ListItem","position":3,"name":"Schlosscaf\u00e9"}]},{"@type":"WebSite","@id":"https:\/\/kalmarslott.se\/de\/#website","url":"https:\/\/kalmarslott.se\/de\/","name":"Kalmar Slott","description":"Ett riktigt slott","potentialAction":[{"@type":"SearchAction","target":{"@type":"EntryPoint","urlTemplate":"https:\/\/kalmarslott.se\/de\/?s={search_term_string}"},"query-input":{"@type":"PropertyValueSpecification","valueRequired":true,"valueName":"search_term_string"}}],"inLanguage":"de"}]}},"_links":{"self":[{"href":"https:\/\/kalmarslott.se\/de\/wp-json\/wp\/v2\/pages\/3396","targetHints":{"allow":["GET"]}}],"collection":[{"href":"https:\/\/kalmarslott.se\/de\/wp-json\/wp\/v2\/pages"}],"about":[{"href":"https:\/\/kalmarslott.se\/de\/wp-json\/wp\/v2\/types\/page"}],"author":[{"embeddable":true,"href":"https:\/\/kalmarslott.se\/de\/wp-json\/wp\/v2\/users\/2"}],"replies":[{"embeddable":true,"href":"https:\/\/kalmarslott.se\/de\/wp-json\/wp\/v2\/comments?post=3396"}],"version-history":[{"count":1,"href":"https:\/\/kalmarslott.se\/de\/wp-json\/wp\/v2\/pages\/3396\/revisions"}],"predecessor-version":[{"id":3398,"href":"https:\/\/kalmarslott.se\/de\/wp-json\/wp\/v2\/pages\/3396\/revisions\/3398"}],"up":[{"embeddable":true,"href":"https:\/\/kalmarslott.se\/de\/wp-json\/wp\/v2\/pages\/2335"}],"wp:featuredmedia":[{"embeddable":true,"href":"https:\/\/kalmarslott.se\/de\/wp-json\/wp\/v2\/media\/1578"}],"wp:attachment":[{"href":"https:\/\/kalmarslott.se\/de\/wp-json\/wp\/v2\/media?parent=3396"}],"curies":[{"name":"wp","href":"https:\/\/api.w.org\/{rel}","templated":true}]}}