{"id":3247,"date":"2022-06-28T15:24:26","date_gmt":"2022-06-28T13:24:26","guid":{"rendered":"https:\/\/kalmarslott.se\/?page_id=3247"},"modified":"2026-05-13T13:50:24","modified_gmt":"2026-05-13T11:50:24","slug":"forkopt-entre","status":"publish","type":"page","link":"https:\/\/kalmarslott.se\/de\/infor-besoket\/entrepriser\/forkopt-entre\/","title":{"rendered":"F\u00f6rk\u00f6p av entr\u00e9"},"content":{"rendered":"<h2 style=\"text-align: center;\"><span data-teams=\"true\">F\u00f6rk\u00f6psentr\u00e9 till sommaren<\/span><\/h2>\n<h3 style=\"text-align: center;\"><span data-teams=\"true\">22 juni &#8211; 9 augusti <\/span><span data-teams=\"true\">2026<\/span><\/h3>\n<p>F\u00f6r dig som vill planera ditt bes\u00f6k och g\u00e5 f\u00f6re i k\u00f6n finns f\u00f6rk\u00f6p av entr\u00e9biljetter till sommaren 2026. Biljetten \u00e4r inte l\u00e5st vid ett specifikt datum, men endast giltig vid ett tillf\u00e4lle under perioden 22 juni &#8211; 9 augusti. Med en f\u00f6rk\u00f6pt entr\u00e9 g\u00e5r du f\u00f6re i entr\u00e9k\u00f6n till Kalmar slott mellan kl 10.00-12.00, efter kl 12.00 f\u00e5r man st\u00e5 i vanlig k\u00f6. Priserna inkluderar en serviceavgift om 15 kr\/biljett.<\/p>\n<p>F\u00f6r dig som ist\u00e4llet \u00e4r spontan \u00e4r det sj\u00e4lvklart m\u00f6jligt att k\u00f6pa entr\u00e9 \u00e4ven p\u00e5 plats.<\/p>\n<h4 style=\"text-align: center;\"><a href=\"https:\/\/nortic.se\/ticket\/event\/79669\">K\u00f6p entr\u00e9biljetter<\/a><\/h4>\n<h2>Biljettk\u00f6p<\/h2>\n<p>K\u00f6p din entr\u00e9 online via <a href=\"https:\/\/nortic.se\/ticket\/event\/79669\">Nortic<\/a>.<br \/>\nK\u00f6pt entr\u00e9 \u00e5terk\u00f6ps ej.<br \/>\nPriserna inkluderar en serviceavgift om 15 kr\/biljett.<\/p>\n<h3>Entr\u00e9priser vid f\u00f6rk\u00f6p<\/h3>\n<p>Entr\u00e9 vuxen 205 kr<br \/>\nEntr\u00e9 pension\u00e4r 190 kr<br \/>\nEntr\u00e9 student 185 kr<br \/>\nEntr\u00e9 barn\/ungdom 4-19 \u00e5r 150 kr<br \/>\nBarn under 4 \u00e5r &#8211; gratis<\/p>\n<h3>Familjepriser vid f\u00f6rk\u00f6p<\/h3>\n<p>Entr\u00e9 familj (2 vuxna+2 barn) 625 kr<br \/>\nEntr\u00e9 familj (2 vuxna+3 barn) 745 kr<br \/>\nEntr\u00e9 familj (2 vuxna+4 barn) 865 kr<\/p>\n","protected":false},"excerpt":{"rendered":"<p>F\u00f6rk\u00f6psentr\u00e9 till sommaren 22 juni &#8211; 9 augusti 2026 F\u00f6r dig som vill planera ditt bes\u00f6k och g\u00e5 f\u00f6re i k\u00f6n finns f\u00f6rk\u00f6p av entr\u00e9biljetter till sommaren 2026. Biljetten \u00e4r inte l\u00e5st vid ett specifikt datum, men endast giltig vid ett tillf\u00e4lle under perioden 22 juni &#8211; 9 augusti. Med en f\u00f6rk\u00f6pt entr\u00e9 g\u00e5r du [&hellip;]<\/p>\n","protected":false},"author":2,"featured_media":11425,"parent":437,"menu_order":0,"comment_status":"closed","ping_status":"closed","template":"","meta":{"_acf_changed":false,"footnotes":""},"class_list":["post-3247","page","type-page","status-publish","has-post-thumbnail","hentry"],"acf":[],"yoast_head":"<!-- This site is optimized with the Yoast SEO plugin v27.5 - https:\/\/yoast.com\/product\/yoast-seo-wordpress\/ -->\n<title>F\u00f6rk\u00f6p av entr\u00e9 - Kalmar Slott<\/title>\n<meta name=\"robots\" content=\"index, follow, max-snippet:-1, max-image-preview:large, max-video-preview:-1\" \/>\n<link rel=\"canonical\" href=\"https:\/\/kalmarslott.se\/de\/infor-besoket\/entrepriser\/forkopt-entre\/\" \/>\n<meta property=\"og:locale\" content=\"de_DE\" \/>\n<meta property=\"og:type\" content=\"article\" \/>\n<meta property=\"og:title\" content=\"F\u00f6rk\u00f6p av entr\u00e9 - Kalmar Slott\" \/>\n<meta property=\"og:description\" content=\"F\u00f6rk\u00f6psentr\u00e9 till sommaren 22 juni &#8211; 9 augusti 2026 F\u00f6r dig som vill planera ditt bes\u00f6k och g\u00e5 f\u00f6re i k\u00f6n finns f\u00f6rk\u00f6p av entr\u00e9biljetter till sommaren 2026. Biljetten \u00e4r inte l\u00e5st vid ett specifikt datum, men endast giltig vid ett tillf\u00e4lle under perioden 22 juni &#8211; 9 augusti. Med en f\u00f6rk\u00f6pt entr\u00e9 g\u00e5r du [&hellip;]\" \/>\n<meta property=\"og:url\" content=\"https:\/\/kalmarslott.se\/de\/infor-besoket\/entrepriser\/forkopt-entre\/\" \/>\n<meta property=\"og:site_name\" content=\"Kalmar Slott\" \/>\n<meta property=\"article:modified_time\" content=\"2026-05-13T11:50:24+00:00\" \/>\n<meta property=\"og:image\" content=\"https:\/\/kalmarslott.se\/wp-content\/uploads\/2025\/06\/kalmarslottbarnensslott-49-scaled.jpg\" \/>\n\t<meta property=\"og:image:width\" content=\"2560\" \/>\n\t<meta property=\"og:image:height\" content=\"1707\" \/>\n\t<meta property=\"og:image:type\" content=\"image\/jpeg\" \/>\n<meta name=\"twitter:card\" content=\"summary_large_image\" \/>\n<meta name=\"twitter:label1\" content=\"Gesch\u00e4tzte Lesezeit\" \/>\n\t<meta name=\"twitter:data1\" content=\"2\u00a0Minuten\" \/>\n<script type=\"application\/ld+json\" class=\"yoast-schema-graph\">{\"@context\":\"https:\\\/\\\/schema.org\",\"@graph\":[{\"@type\":\"WebPage\",\"@id\":\"https:\\\/\\\/kalmarslott.se\\\/de\\\/infor-besoket\\\/entrepriser\\\/forkopt-entre\\\/\",\"url\":\"https:\\\/\\\/kalmarslott.se\\\/de\\\/infor-besoket\\\/entrepriser\\\/forkopt-entre\\\/\",\"name\":\"F\u00f6rk\u00f6p av entr\u00e9 - Kalmar Slott\",\"isPartOf\":{\"@id\":\"https:\\\/\\\/kalmarslott.se\\\/de\\\/#website\"},\"primaryImageOfPage\":{\"@id\":\"https:\\\/\\\/kalmarslott.se\\\/de\\\/infor-besoket\\\/entrepriser\\\/forkopt-entre\\\/#primaryimage\"},\"image\":{\"@id\":\"https:\\\/\\\/kalmarslott.se\\\/de\\\/infor-besoket\\\/entrepriser\\\/forkopt-entre\\\/#primaryimage\"},\"thumbnailUrl\":\"https:\\\/\\\/kalmarslott.se\\\/wp-content\\\/uploads\\\/2025\\\/06\\\/kalmarslottbarnensslott-49-scaled.jpg\",\"datePublished\":\"2022-06-28T13:24:26+00:00\",\"dateModified\":\"2026-05-13T11:50:24+00:00\",\"breadcrumb\":{\"@id\":\"https:\\\/\\\/kalmarslott.se\\\/de\\\/infor-besoket\\\/entrepriser\\\/forkopt-entre\\\/#breadcrumb\"},\"inLanguage\":\"de\",\"potentialAction\":[{\"@type\":\"ReadAction\",\"target\":[\"https:\\\/\\\/kalmarslott.se\\\/de\\\/infor-besoket\\\/entrepriser\\\/forkopt-entre\\\/\"]}]},{\"@type\":\"ImageObject\",\"inLanguage\":\"de\",\"@id\":\"https:\\\/\\\/kalmarslott.se\\\/de\\\/infor-besoket\\\/entrepriser\\\/forkopt-entre\\\/#primaryimage\",\"url\":\"https:\\\/\\\/kalmarslott.se\\\/wp-content\\\/uploads\\\/2025\\\/06\\\/kalmarslottbarnensslott-49-scaled.jpg\",\"contentUrl\":\"https:\\\/\\\/kalmarslott.se\\\/wp-content\\\/uploads\\\/2025\\\/06\\\/kalmarslottbarnensslott-49-scaled.jpg\",\"width\":2560,\"height\":1707},{\"@type\":\"BreadcrumbList\",\"@id\":\"https:\\\/\\\/kalmarslott.se\\\/de\\\/infor-besoket\\\/entrepriser\\\/forkopt-entre\\\/#breadcrumb\",\"itemListElement\":[{\"@type\":\"ListItem\",\"position\":1,\"name\":\"Hem\",\"item\":\"https:\\\/\\\/kalmarslott.se\\\/de\\\/\"},{\"@type\":\"ListItem\",\"position\":2,\"name\":\"Inf\u00f6r bes\u00f6ket\",\"item\":\"https:\\\/\\\/kalmarslott.se\\\/de\\\/infor-besoket\\\/\"},{\"@type\":\"ListItem\",\"position\":3,\"name\":\"Entr\u00e9priser\",\"item\":\"https:\\\/\\\/kalmarslott.se\\\/de\\\/infor-besoket\\\/entrepriser\\\/\"},{\"@type\":\"ListItem\",\"position\":4,\"name\":\"F\u00f6rk\u00f6p av entr\u00e9\"}]},{\"@type\":\"WebSite\",\"@id\":\"https:\\\/\\\/kalmarslott.se\\\/de\\\/#website\",\"url\":\"https:\\\/\\\/kalmarslott.se\\\/de\\\/\",\"name\":\"Kalmar Slott\",\"description\":\"Ett riktigt slott\",\"potentialAction\":[{\"@type\":\"SearchAction\",\"target\":{\"@type\":\"EntryPoint\",\"urlTemplate\":\"https:\\\/\\\/kalmarslott.se\\\/de\\\/?s={search_term_string}\"},\"query-input\":{\"@type\":\"PropertyValueSpecification\",\"valueRequired\":true,\"valueName\":\"search_term_string\"}}],\"inLanguage\":\"de\"}]}<\/script>\n<!-- \/ Yoast SEO plugin. -->","yoast_head_json":{"title":"F\u00f6rk\u00f6p av entr\u00e9 - Kalmar Slott","robots":{"index":"index","follow":"follow","max-snippet":"max-snippet:-1","max-image-preview":"max-image-preview:large","max-video-preview":"max-video-preview:-1"},"canonical":"https:\/\/kalmarslott.se\/de\/infor-besoket\/entrepriser\/forkopt-entre\/","og_locale":"de_DE","og_type":"article","og_title":"F\u00f6rk\u00f6p av entr\u00e9 - Kalmar Slott","og_description":"F\u00f6rk\u00f6psentr\u00e9 till sommaren 22 juni &#8211; 9 augusti 2026 F\u00f6r dig som vill planera ditt bes\u00f6k och g\u00e5 f\u00f6re i k\u00f6n finns f\u00f6rk\u00f6p av entr\u00e9biljetter till sommaren 2026. Biljetten \u00e4r inte l\u00e5st vid ett specifikt datum, men endast giltig vid ett tillf\u00e4lle under perioden 22 juni &#8211; 9 augusti. Med en f\u00f6rk\u00f6pt entr\u00e9 g\u00e5r du [&hellip;]","og_url":"https:\/\/kalmarslott.se\/de\/infor-besoket\/entrepriser\/forkopt-entre\/","og_site_name":"Kalmar Slott","article_modified_time":"2026-05-13T11:50:24+00:00","og_image":[{"width":2560,"height":1707,"url":"https:\/\/kalmarslott.se\/wp-content\/uploads\/2025\/06\/kalmarslottbarnensslott-49-scaled.jpg","type":"image\/jpeg"}],"twitter_card":"summary_large_image","twitter_misc":{"Gesch\u00e4tzte Lesezeit":"2\u00a0Minuten"},"schema":{"@context":"https:\/\/schema.org","@graph":[{"@type":"WebPage","@id":"https:\/\/kalmarslott.se\/de\/infor-besoket\/entrepriser\/forkopt-entre\/","url":"https:\/\/kalmarslott.se\/de\/infor-besoket\/entrepriser\/forkopt-entre\/","name":"F\u00f6rk\u00f6p av entr\u00e9 - Kalmar Slott","isPartOf":{"@id":"https:\/\/kalmarslott.se\/de\/#website"},"primaryImageOfPage":{"@id":"https:\/\/kalmarslott.se\/de\/infor-besoket\/entrepriser\/forkopt-entre\/#primaryimage"},"image":{"@id":"https:\/\/kalmarslott.se\/de\/infor-besoket\/entrepriser\/forkopt-entre\/#primaryimage"},"thumbnailUrl":"https:\/\/kalmarslott.se\/wp-content\/uploads\/2025\/06\/kalmarslottbarnensslott-49-scaled.jpg","datePublished":"2022-06-28T13:24:26+00:00","dateModified":"2026-05-13T11:50:24+00:00","breadcrumb":{"@id":"https:\/\/kalmarslott.se\/de\/infor-besoket\/entrepriser\/forkopt-entre\/#breadcrumb"},"inLanguage":"de","potentialAction":[{"@type":"ReadAction","target":["https:\/\/kalmarslott.se\/de\/infor-besoket\/entrepriser\/forkopt-entre\/"]}]},{"@type":"ImageObject","inLanguage":"de","@id":"https:\/\/kalmarslott.se\/de\/infor-besoket\/entrepriser\/forkopt-entre\/#primaryimage","url":"https:\/\/kalmarslott.se\/wp-content\/uploads\/2025\/06\/kalmarslottbarnensslott-49-scaled.jpg","contentUrl":"https:\/\/kalmarslott.se\/wp-content\/uploads\/2025\/06\/kalmarslottbarnensslott-49-scaled.jpg","width":2560,"height":1707},{"@type":"BreadcrumbList","@id":"https:\/\/kalmarslott.se\/de\/infor-besoket\/entrepriser\/forkopt-entre\/#breadcrumb","itemListElement":[{"@type":"ListItem","position":1,"name":"Hem","item":"https:\/\/kalmarslott.se\/de\/"},{"@type":"ListItem","position":2,"name":"Inf\u00f6r bes\u00f6ket","item":"https:\/\/kalmarslott.se\/de\/infor-besoket\/"},{"@type":"ListItem","position":3,"name":"Entr\u00e9priser","item":"https:\/\/kalmarslott.se\/de\/infor-besoket\/entrepriser\/"},{"@type":"ListItem","position":4,"name":"F\u00f6rk\u00f6p av entr\u00e9"}]},{"@type":"WebSite","@id":"https:\/\/kalmarslott.se\/de\/#website","url":"https:\/\/kalmarslott.se\/de\/","name":"Kalmar Slott","description":"Ett riktigt slott","potentialAction":[{"@type":"SearchAction","target":{"@type":"EntryPoint","urlTemplate":"https:\/\/kalmarslott.se\/de\/?s={search_term_string}"},"query-input":{"@type":"PropertyValueSpecification","valueRequired":true,"valueName":"search_term_string"}}],"inLanguage":"de"}]}},"_links":{"self":[{"href":"https:\/\/kalmarslott.se\/de\/wp-json\/wp\/v2\/pages\/3247","targetHints":{"allow":["GET"]}}],"collection":[{"href":"https:\/\/kalmarslott.se\/de\/wp-json\/wp\/v2\/pages"}],"about":[{"href":"https:\/\/kalmarslott.se\/de\/wp-json\/wp\/v2\/types\/page"}],"author":[{"embeddable":true,"href":"https:\/\/kalmarslott.se\/de\/wp-json\/wp\/v2\/users\/2"}],"replies":[{"embeddable":true,"href":"https:\/\/kalmarslott.se\/de\/wp-json\/wp\/v2\/comments?post=3247"}],"version-history":[{"count":32,"href":"https:\/\/kalmarslott.se\/de\/wp-json\/wp\/v2\/pages\/3247\/revisions"}],"predecessor-version":[{"id":13691,"href":"https:\/\/kalmarslott.se\/de\/wp-json\/wp\/v2\/pages\/3247\/revisions\/13691"}],"up":[{"embeddable":true,"href":"https:\/\/kalmarslott.se\/de\/wp-json\/wp\/v2\/pages\/437"}],"wp:featuredmedia":[{"embeddable":true,"href":"https:\/\/kalmarslott.se\/de\/wp-json\/wp\/v2\/media\/11425"}],"wp:attachment":[{"href":"https:\/\/kalmarslott.se\/de\/wp-json\/wp\/v2\/media?parent=3247"}],"curies":[{"name":"wp","href":"https:\/\/api.w.org\/{rel}","templated":true}]}}