{"id":2744,"date":"2022-06-23T13:09:28","date_gmt":"2022-06-23T11:09:28","guid":{"rendered":"https:\/\/kalmarslott.se\/?page_id=2744"},"modified":"2026-03-11T13:00:27","modified_gmt":"2026-03-11T11:00:27","slug":"barn","status":"publish","type":"page","link":"https:\/\/kalmarslott.se\/de\/se-gora\/barn\/","title":{"rendered":"Barn"},"content":{"rendered":"<p>Kalmar Slott \u00e4r fyllt med sp\u00e4nnande aktiviteter och historiska upplevelser f\u00f6r barn. V\u00e4lkommen att bes\u00f6ka oss \u00e5ret runt!<\/p>\n<h2>Sommaren p\u00e5 slottet<\/h2>\n<p>Under sommaren f\u00f6rvandlas slottets utemilj\u00f6er till Barnens Slott! H\u00e4r kan du se teatrar, utf\u00f6ra utmaningar, bli dubbad och m\u00f6ta riddaren i en duell. L\u00e4s mer om <a href=\"https:\/\/kalmarslott.se\/se-gora\/barnens-slott\/\">Barnens Slott<\/a>.<\/p>\n<p><img loading=\"lazy\" decoding=\"async\" class=\"aligncenter wp-image-11587 size-large\" src=\"https:\/\/kalmarslott.se\/wp-content\/uploads\/2025\/06\/aretsommarfotograf-ludvig-gropp-20-1024x683.jpg\" alt=\"Riddarkamp p\u00e5 Barnens Slott\" width=\"1024\" height=\"683\" srcset=\"https:\/\/kalmarslott.se\/wp-content\/uploads\/2025\/06\/aretsommarfotograf-ludvig-gropp-20-1024x683.jpg 1024w, https:\/\/kalmarslott.se\/wp-content\/uploads\/2025\/06\/aretsommarfotograf-ludvig-gropp-20-300x200.jpg 300w, https:\/\/kalmarslott.se\/wp-content\/uploads\/2025\/06\/aretsommarfotograf-ludvig-gropp-20-768x512.jpg 768w, https:\/\/kalmarslott.se\/wp-content\/uploads\/2025\/06\/aretsommarfotograf-ludvig-gropp-20-1536x1024.jpg 1536w, https:\/\/kalmarslott.se\/wp-content\/uploads\/2025\/06\/aretsommarfotograf-ludvig-gropp-20-2048x1365.jpg 2048w, https:\/\/kalmarslott.se\/wp-content\/uploads\/2025\/06\/aretsommarfotograf-ludvig-gropp-20-600x400.jpg 600w\" sizes=\"auto, (max-width: 1024px) 100vw, 1024px\" \/><\/p>\n<p>&nbsp;<\/p>\n<h2>Aktiviteter inne p\u00e5 slottet<\/h2>\n<p>Inne p\u00e5 slottet har vi massor av roliga aktiviteter som ing\u00e5r i entr\u00e9priset och \u00e4r tillg\u00e4ngliga under h\u00f6st, vinter och v\u00e5r.<\/p>\n<ul>\n<li><a href=\"https:\/\/kalmarslott.se\/se-gora\/barn\/petits-aventyr\/\">Petits \u00e4ventyr<\/a><\/li>\n<li><a href=\"https:\/\/kalmarslott.se\/se-gora\/barn\/bildbingo\/\">Bildbingo<\/a><\/li>\n<li><a href=\"https:\/\/kalmarslott.se\/barnens-sondag\/\">Barnens S\u00f6ndag<\/a><\/li>\n<\/ul>\n<h2>Tillg\u00e4nglighet<\/h2>\n<p>Barnvagnar f\u00e5r tyv\u00e4rr inte medtagas in p\u00e5 slottet, men kan l\u00e4mnas p\u00e5 inre borgg\u00e5rden. Hiss finns f\u00f6r den som bes\u00f6ker oss med till exempel rullstol, notera dock att inte hela slottet \u00e4r tillg\u00e4nglighetsanpassat. Sk\u00f6tbord finns i tre toaletter runt om p\u00e5 slottet.<br \/>\n<a href=\"https:\/\/kalmarslott.se\/infor-besoket\/tillganglighet\/\">L\u00e4s mer om tillg\u00e4nglighet.<\/a><\/p>\n<h2><img loading=\"lazy\" decoding=\"async\" class=\"aligncenter size-large wp-image-8667\" src=\"https:\/\/kalmarslott.se\/wp-content\/uploads\/2024\/05\/48-1024x683.jpg\" alt=\"Fika med barn p\u00e5 Kalmar Slott\" width=\"1024\" height=\"683\" srcset=\"https:\/\/kalmarslott.se\/wp-content\/uploads\/2024\/05\/48-1024x683.jpg 1024w, https:\/\/kalmarslott.se\/wp-content\/uploads\/2024\/05\/48-300x200.jpg 300w, https:\/\/kalmarslott.se\/wp-content\/uploads\/2024\/05\/48-768x512.jpg 768w, https:\/\/kalmarslott.se\/wp-content\/uploads\/2024\/05\/48-1536x1024.jpg 1536w, https:\/\/kalmarslott.se\/wp-content\/uploads\/2024\/05\/48-2048x1365.jpg 2048w, https:\/\/kalmarslott.se\/wp-content\/uploads\/2024\/05\/48-600x400.jpg 600w\" sizes=\"auto, (max-width: 1024px) 100vw, 1024px\" \/><\/h2>\n<h2>Fika &amp; Mat<\/h2>\n<p>I Slottsrestaurangen finns ett noga utvalt sortiment av fika och mat som passar sm\u00e5 slottsbes\u00f6kare. Njut av en glass, l\u00e4sk eller bulle. \u00c4r ni sugna p\u00e5 n\u00e5got att \u00e4ta finns barnportion av dagens lunch till rabatterat pris samt korv med br\u00f6d eller v\u00e5r popul\u00e4ra ugnspannkaka.<br \/>\n<a href=\"https:\/\/kalmarslott.se\/besok-restaurang\/\">L\u00e4s mer om Slottsrestaurangen.<\/a><\/p>\n<p>\u00d6nskar ni ta med egen mats\u00e4ck vid ert bes\u00f6k g\u00e5r det bra att sl\u00e5 sig ned p\u00e5 en filt p\u00e5 vallen eller p\u00e5 yttre borgg\u00e5rden vid de anvisade picknickborden.<\/p>\n<p><img loading=\"lazy\" decoding=\"async\" class=\"aligncenter size-large wp-image-4763\" src=\"https:\/\/kalmarslott.se\/wp-content\/uploads\/2022\/09\/62-1024x683.jpg\" alt=\"Det finns inga sp\u00f6ken\" width=\"1024\" height=\"683\" srcset=\"https:\/\/kalmarslott.se\/wp-content\/uploads\/2022\/09\/62-1024x683.jpg 1024w, https:\/\/kalmarslott.se\/wp-content\/uploads\/2022\/09\/62-300x200.jpg 300w, https:\/\/kalmarslott.se\/wp-content\/uploads\/2022\/09\/62-768x512.jpg 768w, https:\/\/kalmarslott.se\/wp-content\/uploads\/2022\/09\/62-1536x1024.jpg 1536w, https:\/\/kalmarslott.se\/wp-content\/uploads\/2022\/09\/62-2048x1365.jpg 2048w, https:\/\/kalmarslott.se\/wp-content\/uploads\/2022\/09\/62-600x400.jpg 600w\" sizes=\"auto, (max-width: 1024px) 100vw, 1024px\" \/><\/p>\n<h2>Loven p\u00e5 Kalmar Slott<\/h2>\n<p>Under h\u00f6stlov, sportlov och p\u00e5sklov arrangeras popul\u00e4ra barnguidningar och andra aktiviteter f\u00f6r barnen, bland annat guidningen Det finns inga sp\u00f6ken. Under julen kan man bland annat f\u00f6lja med slottets hustomtar i Gyllenluvas julg\u00e5ta, eller bes\u00f6ka v\u00e5rt popul\u00e4ra julpyssel.<\/p>\n<p><img loading=\"lazy\" decoding=\"async\" class=\"aligncenter size-large wp-image-676\" src=\"https:\/\/kalmarslott.se\/wp-content\/uploads\/2022\/06\/segorabarnbildbingotvabarnmedbildbingo-1024x683.jpg\" alt=\"\" width=\"1024\" height=\"683\" srcset=\"https:\/\/kalmarslott.se\/wp-content\/uploads\/2022\/06\/segorabarnbildbingotvabarnmedbildbingo-1024x683.jpg 1024w, https:\/\/kalmarslott.se\/wp-content\/uploads\/2022\/06\/segorabarnbildbingotvabarnmedbildbingo-300x200.jpg 300w, https:\/\/kalmarslott.se\/wp-content\/uploads\/2022\/06\/segorabarnbildbingotvabarnmedbildbingo-768x512.jpg 768w, https:\/\/kalmarslott.se\/wp-content\/uploads\/2022\/06\/segorabarnbildbingotvabarnmedbildbingo-1536x1025.jpg 1536w, https:\/\/kalmarslott.se\/wp-content\/uploads\/2022\/06\/segorabarnbildbingotvabarnmedbildbingo-2048x1366.jpg 2048w, https:\/\/kalmarslott.se\/wp-content\/uploads\/2022\/06\/segorabarnbildbingotvabarnmedbildbingo-600x400.jpg 600w\" sizes=\"auto, (max-width: 1024px) 100vw, 1024px\" \/><\/p>\n<p>&nbsp;<\/p>\n","protected":false},"excerpt":{"rendered":"<p>Kalmar Slott \u00e4r fyllt med sp\u00e4nnande aktiviteter och historiska upplevelser f\u00f6r barn. V\u00e4lkommen att bes\u00f6ka oss \u00e5ret runt! Sommaren p\u00e5 slottet Under sommaren f\u00f6rvandlas slottets utemilj\u00f6er till Barnens Slott! H\u00e4r kan du se teatrar, utf\u00f6ra utmaningar, bli dubbad och m\u00f6ta riddaren i en duell. L\u00e4s mer om Barnens Slott. &nbsp; Aktiviteter inne p\u00e5 slottet Inne [&hellip;]<\/p>\n","protected":false},"author":2,"featured_media":9380,"parent":449,"menu_order":0,"comment_status":"closed","ping_status":"closed","template":"","meta":{"_acf_changed":false,"footnotes":""},"class_list":["post-2744","page","type-page","status-publish","has-post-thumbnail","hentry"],"acf":[],"yoast_head":"<!-- This site is optimized with the Yoast SEO plugin v27.5 - https:\/\/yoast.com\/product\/yoast-seo-wordpress\/ -->\n<title>Barn - familjeaktiviteter - Kalmar Slott<\/title>\n<meta name=\"robots\" content=\"index, follow, max-snippet:-1, max-image-preview:large, max-video-preview:-1\" \/>\n<link rel=\"canonical\" href=\"https:\/\/kalmarslott.se\/de\/se-gora\/barn\/\" \/>\n<meta property=\"og:locale\" content=\"de_DE\" \/>\n<meta property=\"og:type\" content=\"article\" \/>\n<meta property=\"og:title\" content=\"Barn - familjeaktiviteter - Kalmar Slott\" \/>\n<meta property=\"og:description\" content=\"Kalmar Slott \u00e4r fyllt med sp\u00e4nnande aktiviteter och historiska upplevelser f\u00f6r barn. V\u00e4lkommen att bes\u00f6ka oss \u00e5ret runt! Sommaren p\u00e5 slottet Under sommaren f\u00f6rvandlas slottets utemilj\u00f6er till Barnens Slott! H\u00e4r kan du se teatrar, utf\u00f6ra utmaningar, bli dubbad och m\u00f6ta riddaren i en duell. L\u00e4s mer om Barnens Slott. &nbsp; Aktiviteter inne p\u00e5 slottet Inne [&hellip;]\" \/>\n<meta property=\"og:url\" content=\"https:\/\/kalmarslott.se\/de\/se-gora\/barn\/\" \/>\n<meta property=\"og:site_name\" content=\"Kalmar Slott\" \/>\n<meta property=\"article:modified_time\" content=\"2026-03-11T11:00:27+00:00\" \/>\n<meta property=\"og:image\" content=\"https:\/\/kalmarslott.se\/wp-content\/uploads\/2024\/10\/20240628humlesolksbarnensslott1692.jpg\" \/>\n\t<meta property=\"og:image:width\" content=\"1333\" \/>\n\t<meta property=\"og:image:height\" content=\"2000\" \/>\n\t<meta property=\"og:image:type\" content=\"image\/jpeg\" \/>\n<meta name=\"twitter:card\" content=\"summary_large_image\" \/>\n<meta name=\"twitter:label1\" content=\"Gesch\u00e4tzte Lesezeit\" \/>\n\t<meta name=\"twitter:data1\" content=\"3\u00a0Minuten\" \/>\n<script type=\"application\/ld+json\" class=\"yoast-schema-graph\">{\"@context\":\"https:\\\/\\\/schema.org\",\"@graph\":[{\"@type\":\"WebPage\",\"@id\":\"https:\\\/\\\/kalmarslott.se\\\/de\\\/se-gora\\\/barn\\\/\",\"url\":\"https:\\\/\\\/kalmarslott.se\\\/de\\\/se-gora\\\/barn\\\/\",\"name\":\"Barn - familjeaktiviteter - Kalmar Slott\",\"isPartOf\":{\"@id\":\"https:\\\/\\\/kalmarslott.se\\\/de\\\/#website\"},\"primaryImageOfPage\":{\"@id\":\"https:\\\/\\\/kalmarslott.se\\\/de\\\/se-gora\\\/barn\\\/#primaryimage\"},\"image\":{\"@id\":\"https:\\\/\\\/kalmarslott.se\\\/de\\\/se-gora\\\/barn\\\/#primaryimage\"},\"thumbnailUrl\":\"https:\\\/\\\/kalmarslott.se\\\/wp-content\\\/uploads\\\/2024\\\/10\\\/20240628humlesolksbarnensslott1692.jpg\",\"datePublished\":\"2022-06-23T11:09:28+00:00\",\"dateModified\":\"2026-03-11T11:00:27+00:00\",\"breadcrumb\":{\"@id\":\"https:\\\/\\\/kalmarslott.se\\\/de\\\/se-gora\\\/barn\\\/#breadcrumb\"},\"inLanguage\":\"de\",\"potentialAction\":[{\"@type\":\"ReadAction\",\"target\":[\"https:\\\/\\\/kalmarslott.se\\\/de\\\/se-gora\\\/barn\\\/\"]}]},{\"@type\":\"ImageObject\",\"inLanguage\":\"de\",\"@id\":\"https:\\\/\\\/kalmarslott.se\\\/de\\\/se-gora\\\/barn\\\/#primaryimage\",\"url\":\"https:\\\/\\\/kalmarslott.se\\\/wp-content\\\/uploads\\\/2024\\\/10\\\/20240628humlesolksbarnensslott1692.jpg\",\"contentUrl\":\"https:\\\/\\\/kalmarslott.se\\\/wp-content\\\/uploads\\\/2024\\\/10\\\/20240628humlesolksbarnensslott1692.jpg\",\"width\":1333,\"height\":2000,\"caption\":\"ADAM HUMLESOL\"},{\"@type\":\"BreadcrumbList\",\"@id\":\"https:\\\/\\\/kalmarslott.se\\\/de\\\/se-gora\\\/barn\\\/#breadcrumb\",\"itemListElement\":[{\"@type\":\"ListItem\",\"position\":1,\"name\":\"Hem\",\"item\":\"https:\\\/\\\/kalmarslott.se\\\/de\\\/\"},{\"@type\":\"ListItem\",\"position\":2,\"name\":\"Se &#038; g\u00f6ra\",\"item\":\"https:\\\/\\\/kalmarslott.se\\\/de\\\/se-gora\\\/\"},{\"@type\":\"ListItem\",\"position\":3,\"name\":\"Barn\"}]},{\"@type\":\"WebSite\",\"@id\":\"https:\\\/\\\/kalmarslott.se\\\/de\\\/#website\",\"url\":\"https:\\\/\\\/kalmarslott.se\\\/de\\\/\",\"name\":\"Kalmar Slott\",\"description\":\"Ett riktigt slott\",\"potentialAction\":[{\"@type\":\"SearchAction\",\"target\":{\"@type\":\"EntryPoint\",\"urlTemplate\":\"https:\\\/\\\/kalmarslott.se\\\/de\\\/?s={search_term_string}\"},\"query-input\":{\"@type\":\"PropertyValueSpecification\",\"valueRequired\":true,\"valueName\":\"search_term_string\"}}],\"inLanguage\":\"de\"}]}<\/script>\n<!-- \/ Yoast SEO plugin. -->","yoast_head_json":{"title":"Barn - familjeaktiviteter - Kalmar Slott","robots":{"index":"index","follow":"follow","max-snippet":"max-snippet:-1","max-image-preview":"max-image-preview:large","max-video-preview":"max-video-preview:-1"},"canonical":"https:\/\/kalmarslott.se\/de\/se-gora\/barn\/","og_locale":"de_DE","og_type":"article","og_title":"Barn - familjeaktiviteter - Kalmar Slott","og_description":"Kalmar Slott \u00e4r fyllt med sp\u00e4nnande aktiviteter och historiska upplevelser f\u00f6r barn. V\u00e4lkommen att bes\u00f6ka oss \u00e5ret runt! Sommaren p\u00e5 slottet Under sommaren f\u00f6rvandlas slottets utemilj\u00f6er till Barnens Slott! H\u00e4r kan du se teatrar, utf\u00f6ra utmaningar, bli dubbad och m\u00f6ta riddaren i en duell. L\u00e4s mer om Barnens Slott. &nbsp; Aktiviteter inne p\u00e5 slottet Inne [&hellip;]","og_url":"https:\/\/kalmarslott.se\/de\/se-gora\/barn\/","og_site_name":"Kalmar Slott","article_modified_time":"2026-03-11T11:00:27+00:00","og_image":[{"width":1333,"height":2000,"url":"https:\/\/kalmarslott.se\/wp-content\/uploads\/2024\/10\/20240628humlesolksbarnensslott1692.jpg","type":"image\/jpeg"}],"twitter_card":"summary_large_image","twitter_misc":{"Gesch\u00e4tzte Lesezeit":"3\u00a0Minuten"},"schema":{"@context":"https:\/\/schema.org","@graph":[{"@type":"WebPage","@id":"https:\/\/kalmarslott.se\/de\/se-gora\/barn\/","url":"https:\/\/kalmarslott.se\/de\/se-gora\/barn\/","name":"Barn - familjeaktiviteter - Kalmar Slott","isPartOf":{"@id":"https:\/\/kalmarslott.se\/de\/#website"},"primaryImageOfPage":{"@id":"https:\/\/kalmarslott.se\/de\/se-gora\/barn\/#primaryimage"},"image":{"@id":"https:\/\/kalmarslott.se\/de\/se-gora\/barn\/#primaryimage"},"thumbnailUrl":"https:\/\/kalmarslott.se\/wp-content\/uploads\/2024\/10\/20240628humlesolksbarnensslott1692.jpg","datePublished":"2022-06-23T11:09:28+00:00","dateModified":"2026-03-11T11:00:27+00:00","breadcrumb":{"@id":"https:\/\/kalmarslott.se\/de\/se-gora\/barn\/#breadcrumb"},"inLanguage":"de","potentialAction":[{"@type":"ReadAction","target":["https:\/\/kalmarslott.se\/de\/se-gora\/barn\/"]}]},{"@type":"ImageObject","inLanguage":"de","@id":"https:\/\/kalmarslott.se\/de\/se-gora\/barn\/#primaryimage","url":"https:\/\/kalmarslott.se\/wp-content\/uploads\/2024\/10\/20240628humlesolksbarnensslott1692.jpg","contentUrl":"https:\/\/kalmarslott.se\/wp-content\/uploads\/2024\/10\/20240628humlesolksbarnensslott1692.jpg","width":1333,"height":2000,"caption":"ADAM HUMLESOL"},{"@type":"BreadcrumbList","@id":"https:\/\/kalmarslott.se\/de\/se-gora\/barn\/#breadcrumb","itemListElement":[{"@type":"ListItem","position":1,"name":"Hem","item":"https:\/\/kalmarslott.se\/de\/"},{"@type":"ListItem","position":2,"name":"Se &#038; g\u00f6ra","item":"https:\/\/kalmarslott.se\/de\/se-gora\/"},{"@type":"ListItem","position":3,"name":"Barn"}]},{"@type":"WebSite","@id":"https:\/\/kalmarslott.se\/de\/#website","url":"https:\/\/kalmarslott.se\/de\/","name":"Kalmar Slott","description":"Ett riktigt slott","potentialAction":[{"@type":"SearchAction","target":{"@type":"EntryPoint","urlTemplate":"https:\/\/kalmarslott.se\/de\/?s={search_term_string}"},"query-input":{"@type":"PropertyValueSpecification","valueRequired":true,"valueName":"search_term_string"}}],"inLanguage":"de"}]}},"_links":{"self":[{"href":"https:\/\/kalmarslott.se\/de\/wp-json\/wp\/v2\/pages\/2744","targetHints":{"allow":["GET"]}}],"collection":[{"href":"https:\/\/kalmarslott.se\/de\/wp-json\/wp\/v2\/pages"}],"about":[{"href":"https:\/\/kalmarslott.se\/de\/wp-json\/wp\/v2\/types\/page"}],"author":[{"embeddable":true,"href":"https:\/\/kalmarslott.se\/de\/wp-json\/wp\/v2\/users\/2"}],"replies":[{"embeddable":true,"href":"https:\/\/kalmarslott.se\/de\/wp-json\/wp\/v2\/comments?post=2744"}],"version-history":[{"count":48,"href":"https:\/\/kalmarslott.se\/de\/wp-json\/wp\/v2\/pages\/2744\/revisions"}],"predecessor-version":[{"id":13347,"href":"https:\/\/kalmarslott.se\/de\/wp-json\/wp\/v2\/pages\/2744\/revisions\/13347"}],"up":[{"embeddable":true,"href":"https:\/\/kalmarslott.se\/de\/wp-json\/wp\/v2\/pages\/449"}],"wp:featuredmedia":[{"embeddable":true,"href":"https:\/\/kalmarslott.se\/de\/wp-json\/wp\/v2\/media\/9380"}],"wp:attachment":[{"href":"https:\/\/kalmarslott.se\/de\/wp-json\/wp\/v2\/media?parent=2744"}],"curies":[{"name":"wp","href":"https:\/\/api.w.org\/{rel}","templated":true}]}}