{"id":2603,"date":"2022-06-11T00:02:25","date_gmt":"2022-06-10T22:02:25","guid":{"rendered":"https:\/\/kalmarslott.se\/?page_id=2603"},"modified":"2024-06-11T08:51:58","modified_gmt":"2024-06-11T06:51:58","slug":"buchung","status":"publish","type":"page","link":"https:\/\/kalmarslott.se\/de\/buchung\/","title":{"rendered":"Buchung"},"content":{"rendered":"<p><strong>Das Schloss wird immer f\u00fcr Gruppenbuchungen ge\u00f6ffnet. <\/strong><\/p>\n<p><strong>Konferenz buchen:<\/strong> +46 10-357 05 35 oder <a href=\"mailto:caroline.sjoberg@kalmar.com\">caroline.sjoberg@kalmar.com<\/a><br \/>\n<strong>F\u00fchrung buchen:<\/strong> +46 10-357 05 41 oder <a href=\"mailto:bokning@kalmar.com\">bokning@kalmar.com<\/a><\/p>\n<p>&nbsp;<\/p>\n","protected":false},"excerpt":{"rendered":"<p>Das Schloss wird immer f\u00fcr Gruppenbuchungen ge\u00f6ffnet. Konferenz buchen: +46 10-357 05 35 oder caroline.sjoberg@kalmar.com F\u00fchrung buchen: +46 10-357 05 41 oder bokning@kalmar.com &nbsp;<\/p>\n","protected":false},"author":1,"featured_media":1790,"parent":0,"menu_order":0,"comment_status":"closed","ping_status":"closed","template":"","meta":{"_acf_changed":false,"footnotes":""},"class_list":["post-2603","page","type-page","status-publish","has-post-thumbnail","hentry"],"acf":[],"yoast_head":"<!-- This site is optimized with the Yoast SEO plugin v27.3 - https:\/\/yoast.com\/product\/yoast-seo-wordpress\/ -->\n<title>Buchung - Kalmar Slott<\/title>\n<meta name=\"robots\" content=\"index, follow, max-snippet:-1, max-image-preview:large, max-video-preview:-1\" \/>\n<link rel=\"canonical\" href=\"https:\/\/kalmarslott.se\/de\/buchung\/\" \/>\n<meta property=\"og:locale\" content=\"de_DE\" \/>\n<meta property=\"og:type\" content=\"article\" \/>\n<meta property=\"og:title\" content=\"Buchung - Kalmar Slott\" \/>\n<meta property=\"og:description\" content=\"Das Schloss wird immer f\u00fcr Gruppenbuchungen ge\u00f6ffnet. Konferenz buchen: +46 10-357 05 35 oder caroline.sjoberg@kalmar.com F\u00fchrung buchen: +46 10-357 05 41 oder bokning@kalmar.com &nbsp;\" \/>\n<meta property=\"og:url\" content=\"https:\/\/kalmarslott.se\/de\/buchung\/\" \/>\n<meta property=\"og:site_name\" content=\"Kalmar Slott\" \/>\n<meta property=\"article:modified_time\" content=\"2024-06-11T06:51:58+00:00\" \/>\n<meta property=\"og:image\" content=\"https:\/\/kalmarslott.se\/wp-content\/uploads\/2022\/06\/bokaguidningarguideframforgrupp.jpg\" \/>\n\t<meta property=\"og:image:width\" content=\"1024\" \/>\n\t<meta property=\"og:image:height\" content=\"683\" \/>\n\t<meta property=\"og:image:type\" content=\"image\/jpeg\" \/>\n<meta name=\"twitter:card\" content=\"summary_large_image\" \/>\n<meta name=\"twitter:label1\" content=\"Gesch\u00e4tzte Lesezeit\" \/>\n\t<meta name=\"twitter:data1\" content=\"1\u00a0Minute\" \/>\n<script type=\"application\/ld+json\" class=\"yoast-schema-graph\">{\"@context\":\"https:\\\/\\\/schema.org\",\"@graph\":[{\"@type\":\"WebPage\",\"@id\":\"https:\\\/\\\/kalmarslott.se\\\/de\\\/buchung\\\/\",\"url\":\"https:\\\/\\\/kalmarslott.se\\\/de\\\/buchung\\\/\",\"name\":\"Buchung - Kalmar Slott\",\"isPartOf\":{\"@id\":\"https:\\\/\\\/kalmarslott.se\\\/de\\\/#website\"},\"primaryImageOfPage\":{\"@id\":\"https:\\\/\\\/kalmarslott.se\\\/de\\\/buchung\\\/#primaryimage\"},\"image\":{\"@id\":\"https:\\\/\\\/kalmarslott.se\\\/de\\\/buchung\\\/#primaryimage\"},\"thumbnailUrl\":\"https:\\\/\\\/kalmarslott.se\\\/wp-content\\\/uploads\\\/2022\\\/06\\\/bokaguidningarguideframforgrupp.jpg\",\"datePublished\":\"2022-06-10T22:02:25+00:00\",\"dateModified\":\"2024-06-11T06:51:58+00:00\",\"breadcrumb\":{\"@id\":\"https:\\\/\\\/kalmarslott.se\\\/de\\\/buchung\\\/#breadcrumb\"},\"inLanguage\":\"de\",\"potentialAction\":[{\"@type\":\"ReadAction\",\"target\":[\"https:\\\/\\\/kalmarslott.se\\\/de\\\/buchung\\\/\"]}]},{\"@type\":\"ImageObject\",\"inLanguage\":\"de\",\"@id\":\"https:\\\/\\\/kalmarslott.se\\\/de\\\/buchung\\\/#primaryimage\",\"url\":\"https:\\\/\\\/kalmarslott.se\\\/wp-content\\\/uploads\\\/2022\\\/06\\\/bokaguidningarguideframforgrupp.jpg\",\"contentUrl\":\"https:\\\/\\\/kalmarslott.se\\\/wp-content\\\/uploads\\\/2022\\\/06\\\/bokaguidningarguideframforgrupp.jpg\",\"width\":8256,\"height\":5504},{\"@type\":\"BreadcrumbList\",\"@id\":\"https:\\\/\\\/kalmarslott.se\\\/de\\\/buchung\\\/#breadcrumb\",\"itemListElement\":[{\"@type\":\"ListItem\",\"position\":1,\"name\":\"Hem\",\"item\":\"https:\\\/\\\/kalmarslott.se\\\/de\\\/\"},{\"@type\":\"ListItem\",\"position\":2,\"name\":\"Buchung\"}]},{\"@type\":\"WebSite\",\"@id\":\"https:\\\/\\\/kalmarslott.se\\\/de\\\/#website\",\"url\":\"https:\\\/\\\/kalmarslott.se\\\/de\\\/\",\"name\":\"Kalmar Slott\",\"description\":\"Ett riktigt slott\",\"potentialAction\":[{\"@type\":\"SearchAction\",\"target\":{\"@type\":\"EntryPoint\",\"urlTemplate\":\"https:\\\/\\\/kalmarslott.se\\\/de\\\/?s={search_term_string}\"},\"query-input\":{\"@type\":\"PropertyValueSpecification\",\"valueRequired\":true,\"valueName\":\"search_term_string\"}}],\"inLanguage\":\"de\"}]}<\/script>\n<!-- \/ Yoast SEO plugin. -->","yoast_head_json":{"title":"Buchung - Kalmar Slott","robots":{"index":"index","follow":"follow","max-snippet":"max-snippet:-1","max-image-preview":"max-image-preview:large","max-video-preview":"max-video-preview:-1"},"canonical":"https:\/\/kalmarslott.se\/de\/buchung\/","og_locale":"de_DE","og_type":"article","og_title":"Buchung - Kalmar Slott","og_description":"Das Schloss wird immer f\u00fcr Gruppenbuchungen ge\u00f6ffnet. Konferenz buchen: +46 10-357 05 35 oder caroline.sjoberg@kalmar.com F\u00fchrung buchen: +46 10-357 05 41 oder bokning@kalmar.com &nbsp;","og_url":"https:\/\/kalmarslott.se\/de\/buchung\/","og_site_name":"Kalmar Slott","article_modified_time":"2024-06-11T06:51:58+00:00","og_image":[{"url":"https:\/\/kalmarslott.se\/wp-content\/uploads\/2022\/06\/bokaguidningarguideframforgrupp.jpg","width":1024,"height":683,"type":"image\/jpeg"}],"twitter_card":"summary_large_image","twitter_misc":{"Gesch\u00e4tzte Lesezeit":"1\u00a0Minute"},"schema":{"@context":"https:\/\/schema.org","@graph":[{"@type":"WebPage","@id":"https:\/\/kalmarslott.se\/de\/buchung\/","url":"https:\/\/kalmarslott.se\/de\/buchung\/","name":"Buchung - Kalmar Slott","isPartOf":{"@id":"https:\/\/kalmarslott.se\/de\/#website"},"primaryImageOfPage":{"@id":"https:\/\/kalmarslott.se\/de\/buchung\/#primaryimage"},"image":{"@id":"https:\/\/kalmarslott.se\/de\/buchung\/#primaryimage"},"thumbnailUrl":"https:\/\/kalmarslott.se\/wp-content\/uploads\/2022\/06\/bokaguidningarguideframforgrupp.jpg","datePublished":"2022-06-10T22:02:25+00:00","dateModified":"2024-06-11T06:51:58+00:00","breadcrumb":{"@id":"https:\/\/kalmarslott.se\/de\/buchung\/#breadcrumb"},"inLanguage":"de","potentialAction":[{"@type":"ReadAction","target":["https:\/\/kalmarslott.se\/de\/buchung\/"]}]},{"@type":"ImageObject","inLanguage":"de","@id":"https:\/\/kalmarslott.se\/de\/buchung\/#primaryimage","url":"https:\/\/kalmarslott.se\/wp-content\/uploads\/2022\/06\/bokaguidningarguideframforgrupp.jpg","contentUrl":"https:\/\/kalmarslott.se\/wp-content\/uploads\/2022\/06\/bokaguidningarguideframforgrupp.jpg","width":8256,"height":5504},{"@type":"BreadcrumbList","@id":"https:\/\/kalmarslott.se\/de\/buchung\/#breadcrumb","itemListElement":[{"@type":"ListItem","position":1,"name":"Hem","item":"https:\/\/kalmarslott.se\/de\/"},{"@type":"ListItem","position":2,"name":"Buchung"}]},{"@type":"WebSite","@id":"https:\/\/kalmarslott.se\/de\/#website","url":"https:\/\/kalmarslott.se\/de\/","name":"Kalmar Slott","description":"Ett riktigt slott","potentialAction":[{"@type":"SearchAction","target":{"@type":"EntryPoint","urlTemplate":"https:\/\/kalmarslott.se\/de\/?s={search_term_string}"},"query-input":{"@type":"PropertyValueSpecification","valueRequired":true,"valueName":"search_term_string"}}],"inLanguage":"de"}]}},"_links":{"self":[{"href":"https:\/\/kalmarslott.se\/de\/wp-json\/wp\/v2\/pages\/2603","targetHints":{"allow":["GET"]}}],"collection":[{"href":"https:\/\/kalmarslott.se\/de\/wp-json\/wp\/v2\/pages"}],"about":[{"href":"https:\/\/kalmarslott.se\/de\/wp-json\/wp\/v2\/types\/page"}],"author":[{"embeddable":true,"href":"https:\/\/kalmarslott.se\/de\/wp-json\/wp\/v2\/users\/1"}],"replies":[{"embeddable":true,"href":"https:\/\/kalmarslott.se\/de\/wp-json\/wp\/v2\/comments?post=2603"}],"version-history":[{"count":14,"href":"https:\/\/kalmarslott.se\/de\/wp-json\/wp\/v2\/pages\/2603\/revisions"}],"predecessor-version":[{"id":8807,"href":"https:\/\/kalmarslott.se\/de\/wp-json\/wp\/v2\/pages\/2603\/revisions\/8807"}],"wp:featuredmedia":[{"embeddable":true,"href":"https:\/\/kalmarslott.se\/de\/wp-json\/wp\/v2\/media\/1790"}],"wp:attachment":[{"href":"https:\/\/kalmarslott.se\/de\/wp-json\/wp\/v2\/media?parent=2603"}],"curies":[{"name":"wp","href":"https:\/\/api.w.org\/{rel}","templated":true}]}}