{"id":2578,"date":"2022-06-22T14:19:18","date_gmt":"2022-06-22T12:19:18","guid":{"rendered":"https:\/\/kalmarslott.se\/?page_id=2578"},"modified":"2022-06-22T14:19:37","modified_gmt":"2022-06-22T12:19:37","slug":"barrierefreiheit","status":"publish","type":"page","link":"https:\/\/kalmarslott.se\/de\/besuche-planen\/barrierefreiheit\/","title":{"rendered":"Barrierefreiheit"},"content":{"rendered":"<p><strong>Wir arbeiten st\u00e4ndig daran, unser Schloss f\u00fcr Menschen mit Behinderungen leichter zug\u00e4nglich zu machen. Auf unserer Homepage informieren wir laufend \u00fcber durchgef\u00fchrte Verbesserungen. Nachstehend werden Hilfsmittel und eventuelle Barrieren aufgef\u00fchrt. Bitte wenden Sie sich jederzeit an uns, wenn Sie Fragen zu Ihrem Besuch im Schloss haben.<\/strong><\/p>\n<h2>Behindertenparkpl\u00e4tze<\/h2>\n<p>Am Ende der Schlossallee befinden sich Behindertenparkpl\u00e4tze. Der Abstand zum Schlossgel\u00e4nde betr\u00e4gt ca. 100 m. Unter \u201eParkm\u00f6glichkeiten\u201d k\u00f6nnen Sie die Lage der Parkpl\u00e4tze sehen.<br \/>\nAllgemeines<br \/>\nNicht alle \u00f6ffentlichen Bereiche des Kalmarer Schlosses sind mit dem Rollstuhl zug\u00e4nglich. Im Behindertenausweis vermerkte Begleitpersonen haben immer freien Eintritt zum Schloss. Hunde d\u00fcrfen sich nicht in den R\u00e4umlichkeiten des Schlosses aufhalten, ausgenommen sind F\u00fchrhunde. Tragbare Klapphocker k\u00f6nnen am Shop\/Eingang ausgeliehen werden. Bitte wenden Sie sich an das Personal, wenn Sie Hilfe ben\u00f6tigen. Eine Behindertentoilette befindet sich auf dem \u00e4u\u00dferen Schlosshof (November bis M\u00e4rz geschlossen).<\/p>\n<h2>Kinderwagen<\/h2>\n<p>Wegen der sensiblen historischen Substanz und aus Evakuierungsgr\u00fcnden ist es nicht gestattet, Kinderwagen mit ins Innere des Schlosses zu nehmen. Kinderwagen k\u00f6nnen auf dem Schlosshof an der Treppe zum Shop abgestellt werden. Das Schloss haftet nicht f\u00fcr abgestellte Kinderwagen.<\/p>\n<h2>Aufzug<\/h2>\n<p>Durch die Installation eines Aufzugs wurden der Gr\u00fcne Saal, die Schlosskirche, die Burgstube, der Sture-Saal und der Goldene Saal f\u00fcr mobilit\u00e4tseingeschr\u00e4nkte Besucher zug\u00e4nglich gemacht. Die Aufzugsma\u00dfe: T\u00fcr\u00f6ffnung 90 cm, Fl\u00e4che 145&#215;167 cm. An der Aufzugst\u00fcr auf dem inneren Schlosshof besteht die M\u00f6glichkeit, Personal zwecks Hilfe herbeizurufen. Die anderen Bereiche des Schlosses sind nicht f\u00fcr mobilit\u00e4tseingeschr\u00e4nkte Besucher ausgelegt.<\/p>\n<h2>Wissenswertes \u00fcber unsere Treppen<\/h2>\n<p>Die \u00f6ffentlichen Bereiche des Kalmarer Schlosses sind auf mehrere Etagen verteilt. Wo kein Aufzug vorhanden ist (siehe oben, welche R\u00e4umlichkeiten mit dem Aufzug erreichbar sind), m\u00fcssen die Treppen benutzt werden. Vom Shop\/Eingang hinunter zu den Besuchertoiletten sind es 6 Treppenstufen mit zwei Abs\u00e4tzen. Vom Shop\/Eingang \u00fcber die K\u00f6niginnentreppe zu den Paradezimmern und zum Ausstellungsbereich sind es 24 Treppenstufen mit drei Abs\u00e4tzen, auf denen man sich ausruhen kann. Vom Shop\/Eingang zur Dauerausstellung in der Statthalterwohnung sind es 8 Treppenstufen mit einem Absatz.<\/p>\n<h2>H\u00f6ranlage<\/h2>\n<p>F\u00fcr H\u00f6rger\u00e4tetr\u00e4ger verwenden wir im Gr\u00fcnen Saal (unserem Veranstaltungs- und Konzertsaal) eine herk\u00f6mmliche Induktionsschleife.<\/p>\n","protected":false},"excerpt":{"rendered":"<p>Wir arbeiten st\u00e4ndig daran, unser Schloss f\u00fcr Menschen mit Behinderungen leichter zug\u00e4nglich zu machen. Auf unserer Homepage informieren wir laufend \u00fcber durchgef\u00fchrte Verbesserungen. Nachstehend werden Hilfsmittel und eventuelle Barrieren aufgef\u00fchrt. Bitte wenden Sie sich jederzeit an uns, wenn Sie Fragen zu Ihrem Besuch im Schloss haben. Behindertenparkpl\u00e4tze Am Ende der Schlossallee befinden sich Behindertenparkpl\u00e4tze. Der [&hellip;]<\/p>\n","protected":false},"author":1,"featured_media":0,"parent":2568,"menu_order":0,"comment_status":"closed","ping_status":"closed","template":"","meta":{"_acf_changed":false,"footnotes":""},"class_list":["post-2578","page","type-page","status-publish","hentry"],"acf":[],"yoast_head":"<!-- This site is optimized with the Yoast SEO plugin v27.3 - https:\/\/yoast.com\/product\/yoast-seo-wordpress\/ -->\n<title>Barrierefreiheit - Kalmar Slott<\/title>\n<meta name=\"robots\" content=\"index, follow, max-snippet:-1, max-image-preview:large, max-video-preview:-1\" \/>\n<link rel=\"canonical\" href=\"https:\/\/kalmarslott.se\/de\/besuche-planen\/barrierefreiheit\/\" \/>\n<meta property=\"og:locale\" content=\"de_DE\" \/>\n<meta property=\"og:type\" content=\"article\" \/>\n<meta property=\"og:title\" content=\"Barrierefreiheit - Kalmar Slott\" \/>\n<meta property=\"og:description\" content=\"Wir arbeiten st\u00e4ndig daran, unser Schloss f\u00fcr Menschen mit Behinderungen leichter zug\u00e4nglich zu machen. Auf unserer Homepage informieren wir laufend \u00fcber durchgef\u00fchrte Verbesserungen. Nachstehend werden Hilfsmittel und eventuelle Barrieren aufgef\u00fchrt. Bitte wenden Sie sich jederzeit an uns, wenn Sie Fragen zu Ihrem Besuch im Schloss haben. Behindertenparkpl\u00e4tze Am Ende der Schlossallee befinden sich Behindertenparkpl\u00e4tze. Der [&hellip;]\" \/>\n<meta property=\"og:url\" content=\"https:\/\/kalmarslott.se\/de\/besuche-planen\/barrierefreiheit\/\" \/>\n<meta property=\"og:site_name\" content=\"Kalmar Slott\" \/>\n<meta property=\"article:modified_time\" content=\"2022-06-22T12:19:37+00:00\" \/>\n<meta name=\"twitter:card\" content=\"summary_large_image\" \/>\n<meta name=\"twitter:label1\" content=\"Gesch\u00e4tzte Lesezeit\" \/>\n\t<meta name=\"twitter:data1\" content=\"2\u00a0Minuten\" \/>\n<script type=\"application\/ld+json\" class=\"yoast-schema-graph\">{\"@context\":\"https:\\\/\\\/schema.org\",\"@graph\":[{\"@type\":\"WebPage\",\"@id\":\"https:\\\/\\\/kalmarslott.se\\\/de\\\/besuche-planen\\\/barrierefreiheit\\\/\",\"url\":\"https:\\\/\\\/kalmarslott.se\\\/de\\\/besuche-planen\\\/barrierefreiheit\\\/\",\"name\":\"Barrierefreiheit - Kalmar Slott\",\"isPartOf\":{\"@id\":\"https:\\\/\\\/kalmarslott.se\\\/de\\\/#website\"},\"datePublished\":\"2022-06-22T12:19:18+00:00\",\"dateModified\":\"2022-06-22T12:19:37+00:00\",\"breadcrumb\":{\"@id\":\"https:\\\/\\\/kalmarslott.se\\\/de\\\/besuche-planen\\\/barrierefreiheit\\\/#breadcrumb\"},\"inLanguage\":\"de\",\"potentialAction\":[{\"@type\":\"ReadAction\",\"target\":[\"https:\\\/\\\/kalmarslott.se\\\/de\\\/besuche-planen\\\/barrierefreiheit\\\/\"]}]},{\"@type\":\"BreadcrumbList\",\"@id\":\"https:\\\/\\\/kalmarslott.se\\\/de\\\/besuche-planen\\\/barrierefreiheit\\\/#breadcrumb\",\"itemListElement\":[{\"@type\":\"ListItem\",\"position\":1,\"name\":\"Hem\",\"item\":\"https:\\\/\\\/kalmarslott.se\\\/de\\\/\"},{\"@type\":\"ListItem\",\"position\":2,\"name\":\"Besuche planen\",\"item\":\"https:\\\/\\\/kalmarslott.se\\\/de\\\/besuche-planen\\\/\"},{\"@type\":\"ListItem\",\"position\":3,\"name\":\"Barrierefreiheit\"}]},{\"@type\":\"WebSite\",\"@id\":\"https:\\\/\\\/kalmarslott.se\\\/de\\\/#website\",\"url\":\"https:\\\/\\\/kalmarslott.se\\\/de\\\/\",\"name\":\"Kalmar Slott\",\"description\":\"Ett riktigt slott\",\"potentialAction\":[{\"@type\":\"SearchAction\",\"target\":{\"@type\":\"EntryPoint\",\"urlTemplate\":\"https:\\\/\\\/kalmarslott.se\\\/de\\\/?s={search_term_string}\"},\"query-input\":{\"@type\":\"PropertyValueSpecification\",\"valueRequired\":true,\"valueName\":\"search_term_string\"}}],\"inLanguage\":\"de\"}]}<\/script>\n<!-- \/ Yoast SEO plugin. -->","yoast_head_json":{"title":"Barrierefreiheit - Kalmar Slott","robots":{"index":"index","follow":"follow","max-snippet":"max-snippet:-1","max-image-preview":"max-image-preview:large","max-video-preview":"max-video-preview:-1"},"canonical":"https:\/\/kalmarslott.se\/de\/besuche-planen\/barrierefreiheit\/","og_locale":"de_DE","og_type":"article","og_title":"Barrierefreiheit - Kalmar Slott","og_description":"Wir arbeiten st\u00e4ndig daran, unser Schloss f\u00fcr Menschen mit Behinderungen leichter zug\u00e4nglich zu machen. Auf unserer Homepage informieren wir laufend \u00fcber durchgef\u00fchrte Verbesserungen. Nachstehend werden Hilfsmittel und eventuelle Barrieren aufgef\u00fchrt. Bitte wenden Sie sich jederzeit an uns, wenn Sie Fragen zu Ihrem Besuch im Schloss haben. Behindertenparkpl\u00e4tze Am Ende der Schlossallee befinden sich Behindertenparkpl\u00e4tze. Der [&hellip;]","og_url":"https:\/\/kalmarslott.se\/de\/besuche-planen\/barrierefreiheit\/","og_site_name":"Kalmar Slott","article_modified_time":"2022-06-22T12:19:37+00:00","twitter_card":"summary_large_image","twitter_misc":{"Gesch\u00e4tzte Lesezeit":"2\u00a0Minuten"},"schema":{"@context":"https:\/\/schema.org","@graph":[{"@type":"WebPage","@id":"https:\/\/kalmarslott.se\/de\/besuche-planen\/barrierefreiheit\/","url":"https:\/\/kalmarslott.se\/de\/besuche-planen\/barrierefreiheit\/","name":"Barrierefreiheit - Kalmar Slott","isPartOf":{"@id":"https:\/\/kalmarslott.se\/de\/#website"},"datePublished":"2022-06-22T12:19:18+00:00","dateModified":"2022-06-22T12:19:37+00:00","breadcrumb":{"@id":"https:\/\/kalmarslott.se\/de\/besuche-planen\/barrierefreiheit\/#breadcrumb"},"inLanguage":"de","potentialAction":[{"@type":"ReadAction","target":["https:\/\/kalmarslott.se\/de\/besuche-planen\/barrierefreiheit\/"]}]},{"@type":"BreadcrumbList","@id":"https:\/\/kalmarslott.se\/de\/besuche-planen\/barrierefreiheit\/#breadcrumb","itemListElement":[{"@type":"ListItem","position":1,"name":"Hem","item":"https:\/\/kalmarslott.se\/de\/"},{"@type":"ListItem","position":2,"name":"Besuche planen","item":"https:\/\/kalmarslott.se\/de\/besuche-planen\/"},{"@type":"ListItem","position":3,"name":"Barrierefreiheit"}]},{"@type":"WebSite","@id":"https:\/\/kalmarslott.se\/de\/#website","url":"https:\/\/kalmarslott.se\/de\/","name":"Kalmar Slott","description":"Ett riktigt slott","potentialAction":[{"@type":"SearchAction","target":{"@type":"EntryPoint","urlTemplate":"https:\/\/kalmarslott.se\/de\/?s={search_term_string}"},"query-input":{"@type":"PropertyValueSpecification","valueRequired":true,"valueName":"search_term_string"}}],"inLanguage":"de"}]}},"_links":{"self":[{"href":"https:\/\/kalmarslott.se\/de\/wp-json\/wp\/v2\/pages\/2578","targetHints":{"allow":["GET"]}}],"collection":[{"href":"https:\/\/kalmarslott.se\/de\/wp-json\/wp\/v2\/pages"}],"about":[{"href":"https:\/\/kalmarslott.se\/de\/wp-json\/wp\/v2\/types\/page"}],"author":[{"embeddable":true,"href":"https:\/\/kalmarslott.se\/de\/wp-json\/wp\/v2\/users\/1"}],"replies":[{"embeddable":true,"href":"https:\/\/kalmarslott.se\/de\/wp-json\/wp\/v2\/comments?post=2578"}],"version-history":[{"count":1,"href":"https:\/\/kalmarslott.se\/de\/wp-json\/wp\/v2\/pages\/2578\/revisions"}],"predecessor-version":[{"id":2579,"href":"https:\/\/kalmarslott.se\/de\/wp-json\/wp\/v2\/pages\/2578\/revisions\/2579"}],"up":[{"embeddable":true,"href":"https:\/\/kalmarslott.se\/de\/wp-json\/wp\/v2\/pages\/2568"}],"wp:attachment":[{"href":"https:\/\/kalmarslott.se\/de\/wp-json\/wp\/v2\/media?parent=2578"}],"curies":[{"name":"wp","href":"https:\/\/api.w.org\/{rel}","templated":true}]}}