{"id":2500,"date":"2022-06-20T10:08:38","date_gmt":"2022-06-20T08:08:38","guid":{"rendered":"https:\/\/kalmarslott.se\/?page_id=2500"},"modified":"2025-03-10T15:24:31","modified_gmt":"2025-03-10T13:24:31","slug":"kinder","status":"publish","type":"page","link":"https:\/\/kalmarslott.se\/de\/erkunden\/kinder\/","title":{"rendered":"Kinder"},"content":{"rendered":"<h2>K\u00f6niglicher Spa\u00df im Schloss f\u00fcr Kinder!<\/h2>\n<p><b>Im Sommer verwandelt sich das Kalmarer Schloss in eine Hochburg f\u00fcr Kinder. Hier d\u00fcrfen die jungen Besucher den Schwarzen Ritter herausfordern und sich im Schlosssaal zum Ritter schlagen oder zur Prinzessin ernennen lassen. Auch eine Schatzsuche steht auf dem Programm, und nat\u00fcrlich wandelt auf dem Schlosshof eine leibhaftige Prinzessin. Die Aktivit\u00e4ten wenden sich an Kinder verschiedenen Alters. Das Abenteuer beginnt, sobald sie den Schlosshof betreten.<\/b><\/p>\n<p>Das Schloss Kalmar ist das ganze Jahr \u00fcber f\u00fcr Kinder ge\u00f6ffnet, aber im Sommer (23. Juni bis 10. August 2025) findet das Kinderschloss mit zus\u00e4tzlichen Aktivit\u00e4ten f\u00fcr Kinder statt.<\/p>\n<p><img loading=\"lazy\" decoding=\"async\" class=\"aligncenter size-large wp-image-2892\" src=\"https:\/\/kalmarslott.se\/wp-content\/uploads\/2022\/06\/exploreforchildrenthechildrenscastleduellikamparringen-1024x683.jpg\" alt=\"The Childrens Castle\" width=\"1024\" height=\"683\" srcset=\"https:\/\/kalmarslott.se\/wp-content\/uploads\/2022\/06\/exploreforchildrenthechildrenscastleduellikamparringen-1024x683.jpg 1024w, https:\/\/kalmarslott.se\/wp-content\/uploads\/2022\/06\/exploreforchildrenthechildrenscastleduellikamparringen-300x200.jpg 300w, https:\/\/kalmarslott.se\/wp-content\/uploads\/2022\/06\/exploreforchildrenthechildrenscastleduellikamparringen-768x512.jpg 768w\" sizes=\"auto, (max-width: 1024px) 100vw, 1024px\" \/><\/p>\n<h2><span style=\"font-weight: 400;\">Schlosskamp<\/span><\/h2>\n<p><span style=\"font-weight: 400;\">Im Schlosskampf kannst du richtige Gro\u00dftaten vollbringen! Es geht los, sobald du den Burghof betrittst und den Waffenrock \u00fcberstreifst. Pl\u00f6tzlich bist du im 16. Jahrhundert und musst das Schloss gegen Feinde verteidigen.<\/span><\/p>\n<p><span style=\"font-weight: 400;\">Viele verschiedene Aufgaben warten auf dich. Du musst einen Drachen besiegen, den Schatz finden, der tief im Labyrinth verborgen ist, und eine verzweifelte Flucht durch das Plumpsklo von Gustav Wasa unternehmen. Am Ende des Abenteuers wirst du zum Ritter, Herzog oder zur Prinzessin ernannt. Bei der feierlichen Zeremonie tr\u00e4gst du ein pr\u00e4chtiges Kost\u00fcm.<\/span><\/p>\n<p><span style=\"font-weight: 400;\">F\u00fcr Kinder, die den Schwarzen Ritter zum Duell herausfordern und am Ritterschlag teilnehmen m\u00f6chten, gilt eine Altersgrenze von 7 Jahren. J\u00fcngere Kinder sind zu den anderen Herausforderungen willkommen.<\/span><\/p>\n<p><span style=\"font-weight: 400;\">Eltern und Begleiter tragen die Aufsichtspflicht f\u00fcr Minderj\u00e4hrige!<\/span><\/p>\n<h2><span style=\"font-weight: 400;\">Die Burgstube<\/span><\/h2>\n<p><span style=\"font-weight: 400;\">Bastelst und werkelst du gern? Hier gibt es f\u00fcr Kinder jeden Alters viel zu tun. Die Schlossmagd zeigt dir, wie man einen Prinzessinnenstab bastelt,\u00a0 einen Feenhut faltet und dekoriert oder ein Ritterschwert bemalt. An der Malwand kannst du dich mit Farben austoben. Dein Bild wird Teil eines gro\u00dfen Kunstwerks, zusammen mit den Malereien der anderen Besucher.<\/span><\/p>\n<p><span style=\"font-weight: 400;\">In der Burgstube findest du auch einen Shop f\u00fcr Kinder. Hier gibt es Puzzles, Spielzeug und andere sch\u00f6ne Dinge zu kaufen. Wenn die Kinderaktivit\u00e4ten beendet sind, bekommt man Teile des Sortiments auch im Schlossshop.<\/span><\/p>\n<p><span style=\"font-weight: 400;\">Das Angebot der Wasa-Werkstatt richtet sich an Kinder ab 3 Jahren.<\/span><\/p>\n<h2><img loading=\"lazy\" decoding=\"async\" class=\"aligncenter size-large wp-image-2869\" src=\"https:\/\/kalmarslott.se\/wp-content\/uploads\/2022\/06\/exploreforchildrenbarnframforkalmarslott-1024x683.jpg\" alt=\"For Children\" width=\"1024\" height=\"683\" srcset=\"https:\/\/kalmarslott.se\/wp-content\/uploads\/2022\/06\/exploreforchildrenbarnframforkalmarslott-1024x683.jpg 1024w, https:\/\/kalmarslott.se\/wp-content\/uploads\/2022\/06\/exploreforchildrenbarnframforkalmarslott-300x200.jpg 300w, https:\/\/kalmarslott.se\/wp-content\/uploads\/2022\/06\/exploreforchildrenbarnframforkalmarslott-768x512.jpg 768w\" sizes=\"auto, (max-width: 1024px) 100vw, 1024px\" \/><\/h2>\n<h2><span style=\"font-weight: 400;\">Historische Kleiderklammer<\/span><\/h2>\n<p><span style=\"font-weight: 400;\">Hier k\u00f6nnen die Kinder Ritterr\u00fcstungen und sch\u00f6ne Kleider anprobieren. Im R\u00fcstzelt darf man Kleidung und Ausr\u00fcstung testen, die zu einem echten Ritter geh\u00f6rt. In der Kleiderkammer der Burgstube warten Prinzessinnenkleider, Prinzenkleidung und andere historische Kost\u00fcme auf die Besucher.<\/span><\/p>\n<h2><span style=\"font-weight: 400;\">Lust auf Eis oder eine kleine St\u00e4rkung?<\/span><\/h2>\n<p><span style=\"font-weight: 400;\">In unserem Caf\u00e9 werden leckere Sandwiches, Erfrischungsgetr\u00e4nke, warme Mittagsgerichte, hausgemachtes Eis, Kaffee und Kuchen angeboten. Das Caf\u00e9 hat dieselben \u00d6ffnungszeiten wie das Schloss. Abends bietet das Restaurant ein Verkostungsmen\u00fc f\u00fcr Genie\u00dfer an. Lesen Sie mehr unter\u00a0<\/span><span style=\"font-weight: 400;\">Caf\u00e9<\/span><span style=\"font-weight: 400;\">.<\/span><\/p>\n","protected":false},"excerpt":{"rendered":"<p>K\u00f6niglicher Spa\u00df im Schloss f\u00fcr Kinder! Im Sommer verwandelt sich das Kalmarer Schloss in eine Hochburg f\u00fcr Kinder. Hier d\u00fcrfen die jungen Besucher den Schwarzen Ritter herausfordern und sich im Schlosssaal zum Ritter schlagen oder zur Prinzessin ernennen lassen. Auch eine Schatzsuche steht auf dem Programm, und nat\u00fcrlich wandelt auf dem Schlosshof eine leibhaftige Prinzessin. [&hellip;]<\/p>\n","protected":false},"author":1,"featured_media":8861,"parent":2485,"menu_order":0,"comment_status":"closed","ping_status":"closed","template":"","meta":{"_acf_changed":false,"footnotes":""},"class_list":["post-2500","page","type-page","status-publish","has-post-thumbnail","hentry"],"acf":[],"yoast_head":"<!-- This site is optimized with the Yoast SEO plugin v27.3 - https:\/\/yoast.com\/product\/yoast-seo-wordpress\/ -->\n<title>Kinder - Kalmar Slott<\/title>\n<meta name=\"robots\" content=\"index, follow, max-snippet:-1, max-image-preview:large, max-video-preview:-1\" \/>\n<link rel=\"canonical\" href=\"https:\/\/kalmarslott.se\/de\/erkunden\/kinder\/\" \/>\n<meta property=\"og:locale\" content=\"de_DE\" \/>\n<meta property=\"og:type\" content=\"article\" \/>\n<meta property=\"og:title\" content=\"Kinder - Kalmar Slott\" \/>\n<meta property=\"og:description\" content=\"K\u00f6niglicher Spa\u00df im Schloss f\u00fcr Kinder! Im Sommer verwandelt sich das Kalmarer Schloss in eine Hochburg f\u00fcr Kinder. Hier d\u00fcrfen die jungen Besucher den Schwarzen Ritter herausfordern und sich im Schlosssaal zum Ritter schlagen oder zur Prinzessin ernennen lassen. Auch eine Schatzsuche steht auf dem Programm, und nat\u00fcrlich wandelt auf dem Schlosshof eine leibhaftige Prinzessin. [&hellip;]\" \/>\n<meta property=\"og:url\" content=\"https:\/\/kalmarslott.se\/de\/erkunden\/kinder\/\" \/>\n<meta property=\"og:site_name\" content=\"Kalmar Slott\" \/>\n<meta property=\"article:modified_time\" content=\"2025-03-10T13:24:31+00:00\" \/>\n<meta property=\"og:image\" content=\"https:\/\/kalmarslott.se\/wp-content\/uploads\/2022\/06\/segorabarnensslott-scaled.jpg\" \/>\n\t<meta property=\"og:image:width\" content=\"2560\" \/>\n\t<meta property=\"og:image:height\" content=\"1707\" \/>\n\t<meta property=\"og:image:type\" content=\"image\/jpeg\" \/>\n<meta name=\"twitter:card\" content=\"summary_large_image\" \/>\n<meta name=\"twitter:label1\" content=\"Gesch\u00e4tzte Lesezeit\" \/>\n\t<meta name=\"twitter:data1\" content=\"3\u00a0Minuten\" \/>\n<script type=\"application\/ld+json\" class=\"yoast-schema-graph\">{\"@context\":\"https:\\\/\\\/schema.org\",\"@graph\":[{\"@type\":\"WebPage\",\"@id\":\"https:\\\/\\\/kalmarslott.se\\\/de\\\/erkunden\\\/kinder\\\/\",\"url\":\"https:\\\/\\\/kalmarslott.se\\\/de\\\/erkunden\\\/kinder\\\/\",\"name\":\"Kinder - Kalmar Slott\",\"isPartOf\":{\"@id\":\"https:\\\/\\\/kalmarslott.se\\\/de\\\/#website\"},\"primaryImageOfPage\":{\"@id\":\"https:\\\/\\\/kalmarslott.se\\\/de\\\/erkunden\\\/kinder\\\/#primaryimage\"},\"image\":{\"@id\":\"https:\\\/\\\/kalmarslott.se\\\/de\\\/erkunden\\\/kinder\\\/#primaryimage\"},\"thumbnailUrl\":\"https:\\\/\\\/kalmarslott.se\\\/wp-content\\\/uploads\\\/2024\\\/06\\\/2020602humlesolkalmarslottvasalekar0138-scaled.jpg\",\"datePublished\":\"2022-06-20T08:08:38+00:00\",\"dateModified\":\"2025-03-10T13:24:31+00:00\",\"breadcrumb\":{\"@id\":\"https:\\\/\\\/kalmarslott.se\\\/de\\\/erkunden\\\/kinder\\\/#breadcrumb\"},\"inLanguage\":\"de\",\"potentialAction\":[{\"@type\":\"ReadAction\",\"target\":[\"https:\\\/\\\/kalmarslott.se\\\/de\\\/erkunden\\\/kinder\\\/\"]}]},{\"@type\":\"ImageObject\",\"inLanguage\":\"de\",\"@id\":\"https:\\\/\\\/kalmarslott.se\\\/de\\\/erkunden\\\/kinder\\\/#primaryimage\",\"url\":\"https:\\\/\\\/kalmarslott.se\\\/wp-content\\\/uploads\\\/2024\\\/06\\\/2020602humlesolkalmarslottvasalekar0138-scaled.jpg\",\"contentUrl\":\"https:\\\/\\\/kalmarslott.se\\\/wp-content\\\/uploads\\\/2024\\\/06\\\/2020602humlesolkalmarslottvasalekar0138-scaled.jpg\",\"width\":1707,\"height\":2560,\"caption\":\"Adam Humlesol\"},{\"@type\":\"BreadcrumbList\",\"@id\":\"https:\\\/\\\/kalmarslott.se\\\/de\\\/erkunden\\\/kinder\\\/#breadcrumb\",\"itemListElement\":[{\"@type\":\"ListItem\",\"position\":1,\"name\":\"Hem\",\"item\":\"https:\\\/\\\/kalmarslott.se\\\/de\\\/\"},{\"@type\":\"ListItem\",\"position\":2,\"name\":\"Erkunden\",\"item\":\"https:\\\/\\\/kalmarslott.se\\\/de\\\/erkunden\\\/\"},{\"@type\":\"ListItem\",\"position\":3,\"name\":\"Kinder\"}]},{\"@type\":\"WebSite\",\"@id\":\"https:\\\/\\\/kalmarslott.se\\\/de\\\/#website\",\"url\":\"https:\\\/\\\/kalmarslott.se\\\/de\\\/\",\"name\":\"Kalmar Slott\",\"description\":\"Ett riktigt slott\",\"potentialAction\":[{\"@type\":\"SearchAction\",\"target\":{\"@type\":\"EntryPoint\",\"urlTemplate\":\"https:\\\/\\\/kalmarslott.se\\\/de\\\/?s={search_term_string}\"},\"query-input\":{\"@type\":\"PropertyValueSpecification\",\"valueRequired\":true,\"valueName\":\"search_term_string\"}}],\"inLanguage\":\"de\"}]}<\/script>\n<!-- \/ Yoast SEO plugin. -->","yoast_head_json":{"title":"Kinder - Kalmar Slott","robots":{"index":"index","follow":"follow","max-snippet":"max-snippet:-1","max-image-preview":"max-image-preview:large","max-video-preview":"max-video-preview:-1"},"canonical":"https:\/\/kalmarslott.se\/de\/erkunden\/kinder\/","og_locale":"de_DE","og_type":"article","og_title":"Kinder - Kalmar Slott","og_description":"K\u00f6niglicher Spa\u00df im Schloss f\u00fcr Kinder! Im Sommer verwandelt sich das Kalmarer Schloss in eine Hochburg f\u00fcr Kinder. Hier d\u00fcrfen die jungen Besucher den Schwarzen Ritter herausfordern und sich im Schlosssaal zum Ritter schlagen oder zur Prinzessin ernennen lassen. Auch eine Schatzsuche steht auf dem Programm, und nat\u00fcrlich wandelt auf dem Schlosshof eine leibhaftige Prinzessin. [&hellip;]","og_url":"https:\/\/kalmarslott.se\/de\/erkunden\/kinder\/","og_site_name":"Kalmar Slott","article_modified_time":"2025-03-10T13:24:31+00:00","og_image":[{"width":2560,"height":1707,"url":"https:\/\/kalmarslott.se\/wp-content\/uploads\/2022\/06\/segorabarnensslott-scaled.jpg","type":"image\/jpeg"}],"twitter_card":"summary_large_image","twitter_misc":{"Gesch\u00e4tzte Lesezeit":"3\u00a0Minuten"},"schema":{"@context":"https:\/\/schema.org","@graph":[{"@type":"WebPage","@id":"https:\/\/kalmarslott.se\/de\/erkunden\/kinder\/","url":"https:\/\/kalmarslott.se\/de\/erkunden\/kinder\/","name":"Kinder - Kalmar Slott","isPartOf":{"@id":"https:\/\/kalmarslott.se\/de\/#website"},"primaryImageOfPage":{"@id":"https:\/\/kalmarslott.se\/de\/erkunden\/kinder\/#primaryimage"},"image":{"@id":"https:\/\/kalmarslott.se\/de\/erkunden\/kinder\/#primaryimage"},"thumbnailUrl":"https:\/\/kalmarslott.se\/wp-content\/uploads\/2024\/06\/2020602humlesolkalmarslottvasalekar0138-scaled.jpg","datePublished":"2022-06-20T08:08:38+00:00","dateModified":"2025-03-10T13:24:31+00:00","breadcrumb":{"@id":"https:\/\/kalmarslott.se\/de\/erkunden\/kinder\/#breadcrumb"},"inLanguage":"de","potentialAction":[{"@type":"ReadAction","target":["https:\/\/kalmarslott.se\/de\/erkunden\/kinder\/"]}]},{"@type":"ImageObject","inLanguage":"de","@id":"https:\/\/kalmarslott.se\/de\/erkunden\/kinder\/#primaryimage","url":"https:\/\/kalmarslott.se\/wp-content\/uploads\/2024\/06\/2020602humlesolkalmarslottvasalekar0138-scaled.jpg","contentUrl":"https:\/\/kalmarslott.se\/wp-content\/uploads\/2024\/06\/2020602humlesolkalmarslottvasalekar0138-scaled.jpg","width":1707,"height":2560,"caption":"Adam Humlesol"},{"@type":"BreadcrumbList","@id":"https:\/\/kalmarslott.se\/de\/erkunden\/kinder\/#breadcrumb","itemListElement":[{"@type":"ListItem","position":1,"name":"Hem","item":"https:\/\/kalmarslott.se\/de\/"},{"@type":"ListItem","position":2,"name":"Erkunden","item":"https:\/\/kalmarslott.se\/de\/erkunden\/"},{"@type":"ListItem","position":3,"name":"Kinder"}]},{"@type":"WebSite","@id":"https:\/\/kalmarslott.se\/de\/#website","url":"https:\/\/kalmarslott.se\/de\/","name":"Kalmar Slott","description":"Ett riktigt slott","potentialAction":[{"@type":"SearchAction","target":{"@type":"EntryPoint","urlTemplate":"https:\/\/kalmarslott.se\/de\/?s={search_term_string}"},"query-input":{"@type":"PropertyValueSpecification","valueRequired":true,"valueName":"search_term_string"}}],"inLanguage":"de"}]}},"_links":{"self":[{"href":"https:\/\/kalmarslott.se\/de\/wp-json\/wp\/v2\/pages\/2500","targetHints":{"allow":["GET"]}}],"collection":[{"href":"https:\/\/kalmarslott.se\/de\/wp-json\/wp\/v2\/pages"}],"about":[{"href":"https:\/\/kalmarslott.se\/de\/wp-json\/wp\/v2\/types\/page"}],"author":[{"embeddable":true,"href":"https:\/\/kalmarslott.se\/de\/wp-json\/wp\/v2\/users\/1"}],"replies":[{"embeddable":true,"href":"https:\/\/kalmarslott.se\/de\/wp-json\/wp\/v2\/comments?post=2500"}],"version-history":[{"count":7,"href":"https:\/\/kalmarslott.se\/de\/wp-json\/wp\/v2\/pages\/2500\/revisions"}],"predecessor-version":[{"id":10781,"href":"https:\/\/kalmarslott.se\/de\/wp-json\/wp\/v2\/pages\/2500\/revisions\/10781"}],"up":[{"embeddable":true,"href":"https:\/\/kalmarslott.se\/de\/wp-json\/wp\/v2\/pages\/2485"}],"wp:featuredmedia":[{"embeddable":true,"href":"https:\/\/kalmarslott.se\/de\/wp-json\/wp\/v2\/media\/8861"}],"wp:attachment":[{"href":"https:\/\/kalmarslott.se\/de\/wp-json\/wp\/v2\/media?parent=2500"}],"curies":[{"name":"wp","href":"https:\/\/api.w.org\/{rel}","templated":true}]}}