{"id":2490,"date":"2022-06-10T23:35:16","date_gmt":"2022-06-10T21:35:16","guid":{"rendered":"https:\/\/kalmarslott.se\/?page_id=2490"},"modified":"2022-06-22T09:16:33","modified_gmt":"2022-06-22T07:16:33","slug":"restaurant","status":"publish","type":"page","link":"https:\/\/kalmarslott.se\/de\/erkunden\/restaurant\/","title":{"rendered":"Restaurant"},"content":{"rendered":"<h2><b>G\u00f6nnen Sie sich eine majest\u00e4tische Kaffeepause.<\/b><\/h2>\n<h3><span style=\"font-weight: 400;\">G\u00f6nnen Sie sich eine majest\u00e4tische Kaffeepause<\/span><\/h3>\n<p><span style=\"font-weight: 400;\">In unserem wundersch\u00f6nen Schlosscaf\u00e9 werden warmes Mittagessen, herrliches Geb\u00e4ck und hausgemachtes Brot angeboten. Um diese Jahreszeit brauchen Sie auch keine Eintrittskarte ins Schloss zu l\u00f6sen, um das Caf\u00e9 zu besuchen. Wenn Sie nach dem Kaffee Lust auf eine Tour durch das Schloss bekommen, k\u00f6nnen Sie ein Ticket im Schlossladen kaufen.<\/span><\/p>\n<h2>Haben Sie Fragen? <span style=\"font-weight: 400;\"><br \/>\n<\/span><\/h2>\n<p><span style=\"font-weight: 400;\">Rufen Sie +46(0) 480-102 82 an oder mailen Sie an\u00a0<a href=\"mailto:slottsrestaurangen@postgatan.nu\">slottsrestaurangen@postgatan.nu<\/a>, wenn Sie Fragen zu unserem Caf\u00e9 oder Restaurant haben.<\/span><\/p>\n<p><img loading=\"lazy\" decoding=\"async\" class=\"alignnone size-large wp-image-1554\" src=\"https:\/\/kalmarslott.se\/wp-content\/uploads\/2022\/06\/restaurangcafe-1024x683.jpg\" alt=\"\" width=\"1024\" height=\"683\" srcset=\"https:\/\/kalmarslott.se\/wp-content\/uploads\/2022\/06\/restaurangcafe-1024x683.jpg 1024w, https:\/\/kalmarslott.se\/wp-content\/uploads\/2022\/06\/restaurangcafe-300x200.jpg 300w, https:\/\/kalmarslott.se\/wp-content\/uploads\/2022\/06\/restaurangcafe-768x512.jpg 768w, https:\/\/kalmarslott.se\/wp-content\/uploads\/2022\/06\/restaurangcafe-1536x1024.jpg 1536w, https:\/\/kalmarslott.se\/wp-content\/uploads\/2022\/06\/restaurangcafe-600x400.jpg 600w\" sizes=\"auto, (max-width: 1024px) 100vw, 1024px\" \/><\/p>\n","protected":false},"excerpt":{"rendered":"<p>G\u00f6nnen Sie sich eine majest\u00e4tische Kaffeepause. G\u00f6nnen Sie sich eine majest\u00e4tische Kaffeepause In unserem wundersch\u00f6nen Schlosscaf\u00e9 werden warmes Mittagessen, herrliches Geb\u00e4ck und hausgemachtes Brot angeboten. Um diese Jahreszeit brauchen Sie auch keine Eintrittskarte ins Schloss zu l\u00f6sen, um das Caf\u00e9 zu besuchen. Wenn Sie nach dem Kaffee Lust auf eine Tour durch das Schloss bekommen, [&hellip;]<\/p>\n","protected":false},"author":1,"featured_media":0,"parent":2485,"menu_order":0,"comment_status":"closed","ping_status":"closed","template":"","meta":{"_acf_changed":false,"footnotes":""},"class_list":["post-2490","page","type-page","status-publish","hentry"],"acf":[],"yoast_head":"<!-- This site is optimized with the Yoast SEO plugin v27.3 - https:\/\/yoast.com\/product\/yoast-seo-wordpress\/ -->\n<title>Restaurant - Kalmar Slott<\/title>\n<meta name=\"robots\" content=\"index, follow, max-snippet:-1, max-image-preview:large, max-video-preview:-1\" \/>\n<link rel=\"canonical\" href=\"https:\/\/kalmarslott.se\/de\/erkunden\/restaurant\/\" \/>\n<meta property=\"og:locale\" content=\"de_DE\" \/>\n<meta property=\"og:type\" content=\"article\" \/>\n<meta property=\"og:title\" content=\"Restaurant - Kalmar Slott\" \/>\n<meta property=\"og:description\" content=\"G\u00f6nnen Sie sich eine majest\u00e4tische Kaffeepause. G\u00f6nnen Sie sich eine majest\u00e4tische Kaffeepause In unserem wundersch\u00f6nen Schlosscaf\u00e9 werden warmes Mittagessen, herrliches Geb\u00e4ck und hausgemachtes Brot angeboten. Um diese Jahreszeit brauchen Sie auch keine Eintrittskarte ins Schloss zu l\u00f6sen, um das Caf\u00e9 zu besuchen. Wenn Sie nach dem Kaffee Lust auf eine Tour durch das Schloss bekommen, [&hellip;]\" \/>\n<meta property=\"og:url\" content=\"https:\/\/kalmarslott.se\/de\/erkunden\/restaurant\/\" \/>\n<meta property=\"og:site_name\" content=\"Kalmar Slott\" \/>\n<meta property=\"article:modified_time\" content=\"2022-06-22T07:16:33+00:00\" \/>\n<meta property=\"og:image\" content=\"https:\/\/kalmarslott.se\/wp-content\/uploads\/2022\/06\/restaurangcafe-1024x683.jpg\" \/>\n<meta name=\"twitter:card\" content=\"summary_large_image\" \/>\n<meta name=\"twitter:label1\" content=\"Gesch\u00e4tzte Lesezeit\" \/>\n\t<meta name=\"twitter:data1\" content=\"1\u00a0Minute\" \/>\n<script type=\"application\/ld+json\" class=\"yoast-schema-graph\">{\"@context\":\"https:\\\/\\\/schema.org\",\"@graph\":[{\"@type\":\"WebPage\",\"@id\":\"https:\\\/\\\/kalmarslott.se\\\/de\\\/erkunden\\\/restaurant\\\/\",\"url\":\"https:\\\/\\\/kalmarslott.se\\\/de\\\/erkunden\\\/restaurant\\\/\",\"name\":\"Restaurant - Kalmar Slott\",\"isPartOf\":{\"@id\":\"https:\\\/\\\/kalmarslott.se\\\/de\\\/#website\"},\"primaryImageOfPage\":{\"@id\":\"https:\\\/\\\/kalmarslott.se\\\/de\\\/erkunden\\\/restaurant\\\/#primaryimage\"},\"image\":{\"@id\":\"https:\\\/\\\/kalmarslott.se\\\/de\\\/erkunden\\\/restaurant\\\/#primaryimage\"},\"thumbnailUrl\":\"https:\\\/\\\/kalmarslott.se\\\/wp-content\\\/uploads\\\/2022\\\/06\\\/restaurangcafe-1024x683.jpg\",\"datePublished\":\"2022-06-10T21:35:16+00:00\",\"dateModified\":\"2022-06-22T07:16:33+00:00\",\"breadcrumb\":{\"@id\":\"https:\\\/\\\/kalmarslott.se\\\/de\\\/erkunden\\\/restaurant\\\/#breadcrumb\"},\"inLanguage\":\"de\",\"potentialAction\":[{\"@type\":\"ReadAction\",\"target\":[\"https:\\\/\\\/kalmarslott.se\\\/de\\\/erkunden\\\/restaurant\\\/\"]}]},{\"@type\":\"ImageObject\",\"inLanguage\":\"de\",\"@id\":\"https:\\\/\\\/kalmarslott.se\\\/de\\\/erkunden\\\/restaurant\\\/#primaryimage\",\"url\":\"https:\\\/\\\/kalmarslott.se\\\/wp-content\\\/uploads\\\/2022\\\/06\\\/restaurangcafe-1024x683.jpg\",\"contentUrl\":\"https:\\\/\\\/kalmarslott.se\\\/wp-content\\\/uploads\\\/2022\\\/06\\\/restaurangcafe-1024x683.jpg\"},{\"@type\":\"BreadcrumbList\",\"@id\":\"https:\\\/\\\/kalmarslott.se\\\/de\\\/erkunden\\\/restaurant\\\/#breadcrumb\",\"itemListElement\":[{\"@type\":\"ListItem\",\"position\":1,\"name\":\"Hem\",\"item\":\"https:\\\/\\\/kalmarslott.se\\\/de\\\/\"},{\"@type\":\"ListItem\",\"position\":2,\"name\":\"Erkunden\",\"item\":\"https:\\\/\\\/kalmarslott.se\\\/de\\\/erkunden\\\/\"},{\"@type\":\"ListItem\",\"position\":3,\"name\":\"Restaurant\"}]},{\"@type\":\"WebSite\",\"@id\":\"https:\\\/\\\/kalmarslott.se\\\/de\\\/#website\",\"url\":\"https:\\\/\\\/kalmarslott.se\\\/de\\\/\",\"name\":\"Kalmar Slott\",\"description\":\"Ett riktigt slott\",\"potentialAction\":[{\"@type\":\"SearchAction\",\"target\":{\"@type\":\"EntryPoint\",\"urlTemplate\":\"https:\\\/\\\/kalmarslott.se\\\/de\\\/?s={search_term_string}\"},\"query-input\":{\"@type\":\"PropertyValueSpecification\",\"valueRequired\":true,\"valueName\":\"search_term_string\"}}],\"inLanguage\":\"de\"}]}<\/script>\n<!-- \/ Yoast SEO plugin. -->","yoast_head_json":{"title":"Restaurant - Kalmar Slott","robots":{"index":"index","follow":"follow","max-snippet":"max-snippet:-1","max-image-preview":"max-image-preview:large","max-video-preview":"max-video-preview:-1"},"canonical":"https:\/\/kalmarslott.se\/de\/erkunden\/restaurant\/","og_locale":"de_DE","og_type":"article","og_title":"Restaurant - Kalmar Slott","og_description":"G\u00f6nnen Sie sich eine majest\u00e4tische Kaffeepause. G\u00f6nnen Sie sich eine majest\u00e4tische Kaffeepause In unserem wundersch\u00f6nen Schlosscaf\u00e9 werden warmes Mittagessen, herrliches Geb\u00e4ck und hausgemachtes Brot angeboten. Um diese Jahreszeit brauchen Sie auch keine Eintrittskarte ins Schloss zu l\u00f6sen, um das Caf\u00e9 zu besuchen. Wenn Sie nach dem Kaffee Lust auf eine Tour durch das Schloss bekommen, [&hellip;]","og_url":"https:\/\/kalmarslott.se\/de\/erkunden\/restaurant\/","og_site_name":"Kalmar Slott","article_modified_time":"2022-06-22T07:16:33+00:00","og_image":[{"url":"https:\/\/kalmarslott.se\/wp-content\/uploads\/2022\/06\/restaurangcafe-1024x683.jpg","type":"","width":"","height":""}],"twitter_card":"summary_large_image","twitter_misc":{"Gesch\u00e4tzte Lesezeit":"1\u00a0Minute"},"schema":{"@context":"https:\/\/schema.org","@graph":[{"@type":"WebPage","@id":"https:\/\/kalmarslott.se\/de\/erkunden\/restaurant\/","url":"https:\/\/kalmarslott.se\/de\/erkunden\/restaurant\/","name":"Restaurant - Kalmar Slott","isPartOf":{"@id":"https:\/\/kalmarslott.se\/de\/#website"},"primaryImageOfPage":{"@id":"https:\/\/kalmarslott.se\/de\/erkunden\/restaurant\/#primaryimage"},"image":{"@id":"https:\/\/kalmarslott.se\/de\/erkunden\/restaurant\/#primaryimage"},"thumbnailUrl":"https:\/\/kalmarslott.se\/wp-content\/uploads\/2022\/06\/restaurangcafe-1024x683.jpg","datePublished":"2022-06-10T21:35:16+00:00","dateModified":"2022-06-22T07:16:33+00:00","breadcrumb":{"@id":"https:\/\/kalmarslott.se\/de\/erkunden\/restaurant\/#breadcrumb"},"inLanguage":"de","potentialAction":[{"@type":"ReadAction","target":["https:\/\/kalmarslott.se\/de\/erkunden\/restaurant\/"]}]},{"@type":"ImageObject","inLanguage":"de","@id":"https:\/\/kalmarslott.se\/de\/erkunden\/restaurant\/#primaryimage","url":"https:\/\/kalmarslott.se\/wp-content\/uploads\/2022\/06\/restaurangcafe-1024x683.jpg","contentUrl":"https:\/\/kalmarslott.se\/wp-content\/uploads\/2022\/06\/restaurangcafe-1024x683.jpg"},{"@type":"BreadcrumbList","@id":"https:\/\/kalmarslott.se\/de\/erkunden\/restaurant\/#breadcrumb","itemListElement":[{"@type":"ListItem","position":1,"name":"Hem","item":"https:\/\/kalmarslott.se\/de\/"},{"@type":"ListItem","position":2,"name":"Erkunden","item":"https:\/\/kalmarslott.se\/de\/erkunden\/"},{"@type":"ListItem","position":3,"name":"Restaurant"}]},{"@type":"WebSite","@id":"https:\/\/kalmarslott.se\/de\/#website","url":"https:\/\/kalmarslott.se\/de\/","name":"Kalmar Slott","description":"Ett riktigt slott","potentialAction":[{"@type":"SearchAction","target":{"@type":"EntryPoint","urlTemplate":"https:\/\/kalmarslott.se\/de\/?s={search_term_string}"},"query-input":{"@type":"PropertyValueSpecification","valueRequired":true,"valueName":"search_term_string"}}],"inLanguage":"de"}]}},"_links":{"self":[{"href":"https:\/\/kalmarslott.se\/de\/wp-json\/wp\/v2\/pages\/2490","targetHints":{"allow":["GET"]}}],"collection":[{"href":"https:\/\/kalmarslott.se\/de\/wp-json\/wp\/v2\/pages"}],"about":[{"href":"https:\/\/kalmarslott.se\/de\/wp-json\/wp\/v2\/types\/page"}],"author":[{"embeddable":true,"href":"https:\/\/kalmarslott.se\/de\/wp-json\/wp\/v2\/users\/1"}],"replies":[{"embeddable":true,"href":"https:\/\/kalmarslott.se\/de\/wp-json\/wp\/v2\/comments?post=2490"}],"version-history":[{"count":3,"href":"https:\/\/kalmarslott.se\/de\/wp-json\/wp\/v2\/pages\/2490\/revisions"}],"predecessor-version":[{"id":2493,"href":"https:\/\/kalmarslott.se\/de\/wp-json\/wp\/v2\/pages\/2490\/revisions\/2493"}],"up":[{"embeddable":true,"href":"https:\/\/kalmarslott.se\/de\/wp-json\/wp\/v2\/pages\/2485"}],"wp:attachment":[{"href":"https:\/\/kalmarslott.se\/de\/wp-json\/wp\/v2\/media?parent=2490"}],"curies":[{"name":"wp","href":"https:\/\/api.w.org\/{rel}","templated":true}]}}