{"id":2479,"date":"2022-06-17T10:37:51","date_gmt":"2022-06-17T08:37:51","guid":{"rendered":"https:\/\/kalmarslott.se\/?page_id=2479"},"modified":"2022-06-22T08:36:35","modified_gmt":"2022-06-22T06:36:35","slug":"die-geschichte-des-kalmarer-schlosses","status":"publish","type":"page","link":"https:\/\/kalmarslott.se\/de\/schloss-kalmar\/die-geschichte-des-kalmarer-schlosses\/","title":{"rendered":"Die Geschichte des Kalmarer Schlosses"},"content":{"rendered":"<p><b>Um 1180 wurde ein Verteidigungsturm an der Stelle gebaut, wo heute das Schloss steht. Man errichtete den Turm zum Schutz vor Seer\u00e4ubern und anderen Feinden. Anfang des 13. Jahrhunderts war Kalmar als Stadt etabliert.<\/b><\/p>\n<p><span style=\"font-weight: 400;\">Ende des 13. Jahrhunderts lie\u00df der schwedische K\u00f6nig Magnus Ladul\u00e5s eine Burganlage mit Ringmauer und Turm rund um den alten Verteidigungsturm bauen. Im Westen steht der Kure-Turm, der fr\u00fcher als Haupteingang diente. Die Burg galt damals als Schwedens modernste Festung. Lange Zeit war das Schloss eine starke Verteidigungsanlage, vor allem durch den strategischen Standort. Die Grenze zu D\u00e4nemark verlief damals s\u00fcdlich von Kalmar. Schonen, Blekinge und Halland waren bis 1658 in d\u00e4nischer Hand.<\/span><\/p>\n<h2><span style=\"font-weight: 400;\">Die Kalmarer Union<\/span><\/h2>\n<p><span style=\"font-weight: 400;\">Das wohl wichtigste politische Ereignis im mittelalterlichen Kalmar war die Bildung der Kalmarer Union zwischen Schweden, Norwegen und D\u00e4nemark im Jahre 1397. Urheberin war die d\u00e4nische K\u00f6nigin Margarete. Die Union vereinte die L\u00e4nder unter einem gemeinsamen Regenten und durch eine gemeinsame Au\u00dfenpolitik, sie sollte ein Gegengewicht zur deutschen Hanse darstellen. Unter Gustav Wasa als K\u00f6nig von Schweden wurde die Union 1523 formell beendet.<\/span><\/p>\n<h2><span style=\"font-weight: 400;\">Die Wasa-K\u00f6nige<\/span><\/h2>\n<p><span style=\"font-weight: 400;\">W\u00e4hrend der Regentschaft der Wasa-K\u00f6nige Gustav I., Erik XIV. und Johann III. erhielt das Schloss sein jetziges Aussehen. Im 16. Jahrhundert wurde die mittelalterliche Burg in einen Renaissancepalast nach kontinentalem Vorbild verwandelt. Erik XIV. und Johann III. beauftragten K\u00fcnstler und Handwerker aus Europa damit, dem Schloss eine f\u00fcr die damalige Zeit moderne Architektur und Ausschm\u00fcckung zu verleihen. Im K\u00f6nigsgemach findet man eines der \u00e4ltesten erhalten gebliebenen Bilder vom Schloss als Intarsie. Es befindet sich an der T\u00fcr, die zum stillen \u00d6rtchen und einem Geheimgang f\u00fchrt, durch den man in andere Bereiche des Schlosses fliehen konnte. Der Goldene Saal ist mit einer einzigartigen vergoldeten Kassettendecke verziert.<\/span><\/p>\n<h2><span style=\"font-weight: 400;\">Der Kalmarkrieg<\/span><\/h2>\n<p><span style=\"font-weight: 400;\">W\u00e4hrend des Kalmarkrieges musste Kommandant Christer Some, dessen Gesicht die Treppe zum Ostfl\u00fcgel als Relief verziert, das Schloss am 3. August 1611 nach schweren Gefechten an die D\u00e4nen \u00fcbergeben. Es verblieb bis 1613 in d\u00e4nischer Gewalt. Nach dem Frieden von Roskilde 1658 war das Kalmarer Schloss kein Grenzschutz gegen D\u00e4nemark mehr, es verlor seine strategische Lage und damit auch seine Rolle als Verteidigungsburg. Die k\u00f6niglichen Besuche wurden immer seltener, und die stattlichen S\u00e4le wurden f\u00fcr andere Zwecke genutzt, zum Beispiel als Gef\u00e4ngnis und Staatsbrennerei.<\/span><\/p>\n<h2><span style=\"font-weight: 400;\">Ein lebendiges Schloss<\/span><\/h2>\n<p><span style=\"font-weight: 400;\">Das Kalmarer Schloss ist ein Symbol f\u00fcr die Stadt Kalmar. Es beherbergt eine Geschichte voller Gro\u00dfmachtpolitik, Hofintrigen, Erst\u00fcrmungen und blutiger Kriege. Heute ist das Schloss ein allgemein beliebter und in h\u00f6chstem Ma\u00dfe lebendiger Ort.<\/span><\/p>\n<p><img loading=\"lazy\" decoding=\"async\" class=\"alignnone size-large wp-image-1688\" src=\"https:\/\/kalmarslott.se\/wp-content\/uploads\/2022\/06\/historykalmarcastleprinsessavinkar-1024x683.jpg\" alt=\"History Kalmar Castle Prinsess\" width=\"1024\" height=\"683\" srcset=\"https:\/\/kalmarslott.se\/wp-content\/uploads\/2022\/06\/historykalmarcastleprinsessavinkar-1024x683.jpg 1024w, https:\/\/kalmarslott.se\/wp-content\/uploads\/2022\/06\/historykalmarcastleprinsessavinkar-300x200.jpg 300w, https:\/\/kalmarslott.se\/wp-content\/uploads\/2022\/06\/historykalmarcastleprinsessavinkar-768x512.jpg 768w, https:\/\/kalmarslott.se\/wp-content\/uploads\/2022\/06\/historykalmarcastleprinsessavinkar-1536x1024.jpg 1536w, https:\/\/kalmarslott.se\/wp-content\/uploads\/2022\/06\/historykalmarcastleprinsessavinkar-2048x1365.jpg 2048w, https:\/\/kalmarslott.se\/wp-content\/uploads\/2022\/06\/historykalmarcastleprinsessavinkar-600x400.jpg 600w\" sizes=\"auto, (max-width: 1024px) 100vw, 1024px\" \/><\/p>\n","protected":false},"excerpt":{"rendered":"<p>Um 1180 wurde ein Verteidigungsturm an der Stelle gebaut, wo heute das Schloss steht. Man errichtete den Turm zum Schutz vor Seer\u00e4ubern und anderen Feinden. Anfang des 13. Jahrhunderts war Kalmar als Stadt etabliert. Ende des 13. Jahrhunderts lie\u00df der schwedische K\u00f6nig Magnus Ladul\u00e5s eine Burganlage mit Ringmauer und Turm rund um den alten Verteidigungsturm [&hellip;]<\/p>\n","protected":false},"author":1,"featured_media":1548,"parent":2474,"menu_order":0,"comment_status":"closed","ping_status":"closed","template":"","meta":{"_acf_changed":false,"footnotes":""},"class_list":["post-2479","page","type-page","status-publish","has-post-thumbnail","hentry"],"acf":[],"yoast_head":"<!-- This site is optimized with the Yoast SEO plugin v27.3 - https:\/\/yoast.com\/product\/yoast-seo-wordpress\/ -->\n<title>Die Geschichte des Kalmarer Schlosses - Kalmar Slott<\/title>\n<meta name=\"robots\" content=\"index, follow, max-snippet:-1, max-image-preview:large, max-video-preview:-1\" \/>\n<link rel=\"canonical\" href=\"https:\/\/kalmarslott.se\/de\/schloss-kalmar\/die-geschichte-des-kalmarer-schlosses\/\" \/>\n<meta property=\"og:locale\" content=\"de_DE\" \/>\n<meta property=\"og:type\" content=\"article\" \/>\n<meta property=\"og:title\" content=\"Die Geschichte des Kalmarer Schlosses - Kalmar Slott\" \/>\n<meta property=\"og:description\" content=\"Um 1180 wurde ein Verteidigungsturm an der Stelle gebaut, wo heute das Schloss steht. Man errichtete den Turm zum Schutz vor Seer\u00e4ubern und anderen Feinden. Anfang des 13. Jahrhunderts war Kalmar als Stadt etabliert. Ende des 13. Jahrhunderts lie\u00df der schwedische K\u00f6nig Magnus Ladul\u00e5s eine Burganlage mit Ringmauer und Turm rund um den alten Verteidigungsturm [&hellip;]\" \/>\n<meta property=\"og:url\" content=\"https:\/\/kalmarslott.se\/de\/schloss-kalmar\/die-geschichte-des-kalmarer-schlosses\/\" \/>\n<meta property=\"og:site_name\" content=\"Kalmar Slott\" \/>\n<meta property=\"article:modified_time\" content=\"2022-06-22T06:36:35+00:00\" \/>\n<meta property=\"og:image\" content=\"https:\/\/kalmarslott.se\/wp-content\/uploads\/2022\/06\/historykalmarcastleprinsessavinkar-1024x683.jpg\" \/>\n<meta name=\"twitter:card\" content=\"summary_large_image\" \/>\n<meta name=\"twitter:label1\" content=\"Gesch\u00e4tzte Lesezeit\" \/>\n\t<meta name=\"twitter:data1\" content=\"3\u00a0Minuten\" \/>\n<script type=\"application\/ld+json\" class=\"yoast-schema-graph\">{\"@context\":\"https:\\\/\\\/schema.org\",\"@graph\":[{\"@type\":\"WebPage\",\"@id\":\"https:\\\/\\\/kalmarslott.se\\\/de\\\/schloss-kalmar\\\/die-geschichte-des-kalmarer-schlosses\\\/\",\"url\":\"https:\\\/\\\/kalmarslott.se\\\/de\\\/schloss-kalmar\\\/die-geschichte-des-kalmarer-schlosses\\\/\",\"name\":\"Die Geschichte des Kalmarer Schlosses - Kalmar Slott\",\"isPartOf\":{\"@id\":\"https:\\\/\\\/kalmarslott.se\\\/de\\\/#website\"},\"primaryImageOfPage\":{\"@id\":\"https:\\\/\\\/kalmarslott.se\\\/de\\\/schloss-kalmar\\\/die-geschichte-des-kalmarer-schlosses\\\/#primaryimage\"},\"image\":{\"@id\":\"https:\\\/\\\/kalmarslott.se\\\/de\\\/schloss-kalmar\\\/die-geschichte-des-kalmarer-schlosses\\\/#primaryimage\"},\"thumbnailUrl\":\"https:\\\/\\\/kalmarslott.se\\\/wp-content\\\/uploads\\\/2022\\\/06\\\/historiaslottetshistoriakalmarslottinreborggarden.png\",\"datePublished\":\"2022-06-17T08:37:51+00:00\",\"dateModified\":\"2022-06-22T06:36:35+00:00\",\"breadcrumb\":{\"@id\":\"https:\\\/\\\/kalmarslott.se\\\/de\\\/schloss-kalmar\\\/die-geschichte-des-kalmarer-schlosses\\\/#breadcrumb\"},\"inLanguage\":\"de\",\"potentialAction\":[{\"@type\":\"ReadAction\",\"target\":[\"https:\\\/\\\/kalmarslott.se\\\/de\\\/schloss-kalmar\\\/die-geschichte-des-kalmarer-schlosses\\\/\"]}]},{\"@type\":\"ImageObject\",\"inLanguage\":\"de\",\"@id\":\"https:\\\/\\\/kalmarslott.se\\\/de\\\/schloss-kalmar\\\/die-geschichte-des-kalmarer-schlosses\\\/#primaryimage\",\"url\":\"https:\\\/\\\/kalmarslott.se\\\/wp-content\\\/uploads\\\/2022\\\/06\\\/historiaslottetshistoriakalmarslottinreborggarden.png\",\"contentUrl\":\"https:\\\/\\\/kalmarslott.se\\\/wp-content\\\/uploads\\\/2022\\\/06\\\/historiaslottetshistoriakalmarslottinreborggarden.png\",\"width\":1798,\"height\":942},{\"@type\":\"BreadcrumbList\",\"@id\":\"https:\\\/\\\/kalmarslott.se\\\/de\\\/schloss-kalmar\\\/die-geschichte-des-kalmarer-schlosses\\\/#breadcrumb\",\"itemListElement\":[{\"@type\":\"ListItem\",\"position\":1,\"name\":\"Hem\",\"item\":\"https:\\\/\\\/kalmarslott.se\\\/de\\\/\"},{\"@type\":\"ListItem\",\"position\":2,\"name\":\"Schloss Kalmar\",\"item\":\"https:\\\/\\\/kalmarslott.se\\\/de\\\/schloss-kalmar\\\/\"},{\"@type\":\"ListItem\",\"position\":3,\"name\":\"Die Geschichte des Kalmarer Schlosses\"}]},{\"@type\":\"WebSite\",\"@id\":\"https:\\\/\\\/kalmarslott.se\\\/de\\\/#website\",\"url\":\"https:\\\/\\\/kalmarslott.se\\\/de\\\/\",\"name\":\"Kalmar Slott\",\"description\":\"Ett riktigt slott\",\"potentialAction\":[{\"@type\":\"SearchAction\",\"target\":{\"@type\":\"EntryPoint\",\"urlTemplate\":\"https:\\\/\\\/kalmarslott.se\\\/de\\\/?s={search_term_string}\"},\"query-input\":{\"@type\":\"PropertyValueSpecification\",\"valueRequired\":true,\"valueName\":\"search_term_string\"}}],\"inLanguage\":\"de\"}]}<\/script>\n<!-- \/ Yoast SEO plugin. -->","yoast_head_json":{"title":"Die Geschichte des Kalmarer Schlosses - Kalmar Slott","robots":{"index":"index","follow":"follow","max-snippet":"max-snippet:-1","max-image-preview":"max-image-preview:large","max-video-preview":"max-video-preview:-1"},"canonical":"https:\/\/kalmarslott.se\/de\/schloss-kalmar\/die-geschichte-des-kalmarer-schlosses\/","og_locale":"de_DE","og_type":"article","og_title":"Die Geschichte des Kalmarer Schlosses - Kalmar Slott","og_description":"Um 1180 wurde ein Verteidigungsturm an der Stelle gebaut, wo heute das Schloss steht. Man errichtete den Turm zum Schutz vor Seer\u00e4ubern und anderen Feinden. Anfang des 13. Jahrhunderts war Kalmar als Stadt etabliert. Ende des 13. Jahrhunderts lie\u00df der schwedische K\u00f6nig Magnus Ladul\u00e5s eine Burganlage mit Ringmauer und Turm rund um den alten Verteidigungsturm [&hellip;]","og_url":"https:\/\/kalmarslott.se\/de\/schloss-kalmar\/die-geschichte-des-kalmarer-schlosses\/","og_site_name":"Kalmar Slott","article_modified_time":"2022-06-22T06:36:35+00:00","og_image":[{"url":"https:\/\/kalmarslott.se\/wp-content\/uploads\/2022\/06\/historykalmarcastleprinsessavinkar-1024x683.jpg","type":"","width":"","height":""}],"twitter_card":"summary_large_image","twitter_misc":{"Gesch\u00e4tzte Lesezeit":"3\u00a0Minuten"},"schema":{"@context":"https:\/\/schema.org","@graph":[{"@type":"WebPage","@id":"https:\/\/kalmarslott.se\/de\/schloss-kalmar\/die-geschichte-des-kalmarer-schlosses\/","url":"https:\/\/kalmarslott.se\/de\/schloss-kalmar\/die-geschichte-des-kalmarer-schlosses\/","name":"Die Geschichte des Kalmarer Schlosses - Kalmar Slott","isPartOf":{"@id":"https:\/\/kalmarslott.se\/de\/#website"},"primaryImageOfPage":{"@id":"https:\/\/kalmarslott.se\/de\/schloss-kalmar\/die-geschichte-des-kalmarer-schlosses\/#primaryimage"},"image":{"@id":"https:\/\/kalmarslott.se\/de\/schloss-kalmar\/die-geschichte-des-kalmarer-schlosses\/#primaryimage"},"thumbnailUrl":"https:\/\/kalmarslott.se\/wp-content\/uploads\/2022\/06\/historiaslottetshistoriakalmarslottinreborggarden.png","datePublished":"2022-06-17T08:37:51+00:00","dateModified":"2022-06-22T06:36:35+00:00","breadcrumb":{"@id":"https:\/\/kalmarslott.se\/de\/schloss-kalmar\/die-geschichte-des-kalmarer-schlosses\/#breadcrumb"},"inLanguage":"de","potentialAction":[{"@type":"ReadAction","target":["https:\/\/kalmarslott.se\/de\/schloss-kalmar\/die-geschichte-des-kalmarer-schlosses\/"]}]},{"@type":"ImageObject","inLanguage":"de","@id":"https:\/\/kalmarslott.se\/de\/schloss-kalmar\/die-geschichte-des-kalmarer-schlosses\/#primaryimage","url":"https:\/\/kalmarslott.se\/wp-content\/uploads\/2022\/06\/historiaslottetshistoriakalmarslottinreborggarden.png","contentUrl":"https:\/\/kalmarslott.se\/wp-content\/uploads\/2022\/06\/historiaslottetshistoriakalmarslottinreborggarden.png","width":1798,"height":942},{"@type":"BreadcrumbList","@id":"https:\/\/kalmarslott.se\/de\/schloss-kalmar\/die-geschichte-des-kalmarer-schlosses\/#breadcrumb","itemListElement":[{"@type":"ListItem","position":1,"name":"Hem","item":"https:\/\/kalmarslott.se\/de\/"},{"@type":"ListItem","position":2,"name":"Schloss Kalmar","item":"https:\/\/kalmarslott.se\/de\/schloss-kalmar\/"},{"@type":"ListItem","position":3,"name":"Die Geschichte des Kalmarer Schlosses"}]},{"@type":"WebSite","@id":"https:\/\/kalmarslott.se\/de\/#website","url":"https:\/\/kalmarslott.se\/de\/","name":"Kalmar Slott","description":"Ett riktigt slott","potentialAction":[{"@type":"SearchAction","target":{"@type":"EntryPoint","urlTemplate":"https:\/\/kalmarslott.se\/de\/?s={search_term_string}"},"query-input":{"@type":"PropertyValueSpecification","valueRequired":true,"valueName":"search_term_string"}}],"inLanguage":"de"}]}},"_links":{"self":[{"href":"https:\/\/kalmarslott.se\/de\/wp-json\/wp\/v2\/pages\/2479","targetHints":{"allow":["GET"]}}],"collection":[{"href":"https:\/\/kalmarslott.se\/de\/wp-json\/wp\/v2\/pages"}],"about":[{"href":"https:\/\/kalmarslott.se\/de\/wp-json\/wp\/v2\/types\/page"}],"author":[{"embeddable":true,"href":"https:\/\/kalmarslott.se\/de\/wp-json\/wp\/v2\/users\/1"}],"replies":[{"embeddable":true,"href":"https:\/\/kalmarslott.se\/de\/wp-json\/wp\/v2\/comments?post=2479"}],"version-history":[{"count":2,"href":"https:\/\/kalmarslott.se\/de\/wp-json\/wp\/v2\/pages\/2479\/revisions"}],"predecessor-version":[{"id":2481,"href":"https:\/\/kalmarslott.se\/de\/wp-json\/wp\/v2\/pages\/2479\/revisions\/2481"}],"up":[{"embeddable":true,"href":"https:\/\/kalmarslott.se\/de\/wp-json\/wp\/v2\/pages\/2474"}],"wp:featuredmedia":[{"embeddable":true,"href":"https:\/\/kalmarslott.se\/de\/wp-json\/wp\/v2\/media\/1548"}],"wp:attachment":[{"href":"https:\/\/kalmarslott.se\/de\/wp-json\/wp\/v2\/media?parent=2479"}],"curies":[{"name":"wp","href":"https:\/\/api.w.org\/{rel}","templated":true}]}}