{"id":2474,"date":"2022-06-11T00:02:36","date_gmt":"2022-06-10T22:02:36","guid":{"rendered":"https:\/\/kalmarslott.se\/?page_id=2474"},"modified":"2022-10-19T14:47:04","modified_gmt":"2022-10-19T12:47:04","slug":"schloss-kalmar","status":"publish","type":"page","link":"https:\/\/kalmarslott.se\/de\/schloss-kalmar\/","title":{"rendered":"Schloss Kalmar"},"content":{"rendered":"<p><b>Die Geschichte des Kalmarer Schlosses reicht bis ins 12. Jahrhundert zur\u00fcck. Hier wurde 1397 die Kalmarer Union unterzeichnet, und schon zur Zeit der Wasa-K\u00f6nige im 16. Jahrhundert erhielt das Schloss sein jetziges Aussehen.<\/b><\/p>\n<p><span style=\"font-weight: 400;\">An Kalmars unmodernster Sehensw\u00fcrdigkeit wurde seit 1592 nichts mehr ver\u00e4ndert. Trotzdem gibt es hier viel zu entdecken! Wir laden Sie zu gruseligen Gespensterwanderungen und F\u00fchrungen durch die Kerker ein. Besuchen Sie auch unsere Dauerausstellungen, die von der Kalmarer Union, dem Kalmarkrieg und der der Zeit der Wasa-K\u00f6nige im Schloss erz\u00e4hlen. Ganzj\u00e4hrig finden auch viele Veranstaltungen im Schloss statt, zu denen Sie herzlich eingeladen sind.<\/span><\/p>\n<p><span style=\"font-weight: 400;\">Wussten Sie, dass\u2026<\/span><\/p>\n<p><span style=\"font-weight: 400;\">\u2026die urspr\u00fcngliche Turmburg 1180 errichtet wurde?<\/span><span style=\"font-weight: 400;\"><br \/>\n<\/span><span style=\"font-weight: 400;\">\u2026das Schloss Kalmar heute das am besten erhaltene Renaissanceschloss des Nordens ist?<\/span><span style=\"font-weight: 400;\"><br \/>\n<\/span><span style=\"font-weight: 400;\">\u2026es Johann III. war, der das Kalmarer Schloss im 16. Jahrhundert in einen pr\u00e4chtigen Renaissancepalast verwandelte?<\/span><\/p>\n<p><img loading=\"lazy\" decoding=\"async\" class=\"alignnone size-large wp-image-1750\" src=\"https:\/\/kalmarslott.se\/wp-content\/uploads\/2022\/06\/segora-1024x667.jpg\" alt=\"\" width=\"1024\" height=\"667\" srcset=\"https:\/\/kalmarslott.se\/wp-content\/uploads\/2022\/06\/segora-1024x667.jpg 1024w, https:\/\/kalmarslott.se\/wp-content\/uploads\/2022\/06\/segora-300x195.jpg 300w, https:\/\/kalmarslott.se\/wp-content\/uploads\/2022\/06\/segora-768x500.jpg 768w, https:\/\/kalmarslott.se\/wp-content\/uploads\/2022\/06\/segora.jpg 1500w\" sizes=\"auto, (max-width: 1024px) 100vw, 1024px\" \/><\/p>\n","protected":false},"excerpt":{"rendered":"<p>Die Geschichte des Kalmarer Schlosses reicht bis ins 12. Jahrhundert zur\u00fcck. Hier wurde 1397 die Kalmarer Union unterzeichnet, und schon zur Zeit der Wasa-K\u00f6nige im 16. Jahrhundert erhielt das Schloss sein jetziges Aussehen. An Kalmars unmodernster Sehensw\u00fcrdigkeit wurde seit 1592 nichts mehr ver\u00e4ndert. Trotzdem gibt es hier viel zu entdecken! Wir laden Sie zu gruseligen [&hellip;]<\/p>\n","protected":false},"author":1,"featured_media":1788,"parent":0,"menu_order":0,"comment_status":"closed","ping_status":"closed","template":"","meta":{"_acf_changed":false,"footnotes":""},"class_list":["post-2474","page","type-page","status-publish","has-post-thumbnail","hentry"],"acf":[],"yoast_head":"<!-- This site is optimized with the Yoast SEO plugin v27.3 - https:\/\/yoast.com\/product\/yoast-seo-wordpress\/ -->\n<title>Schloss Kalmar - Kalmar Slott<\/title>\n<meta name=\"robots\" content=\"index, follow, max-snippet:-1, max-image-preview:large, max-video-preview:-1\" \/>\n<link rel=\"canonical\" href=\"https:\/\/kalmarslott.se\/de\/schloss-kalmar\/\" \/>\n<meta property=\"og:locale\" content=\"de_DE\" \/>\n<meta property=\"og:type\" content=\"article\" \/>\n<meta property=\"og:title\" content=\"Schloss Kalmar - Kalmar Slott\" \/>\n<meta property=\"og:description\" content=\"Die Geschichte des Kalmarer Schlosses reicht bis ins 12. Jahrhundert zur\u00fcck. Hier wurde 1397 die Kalmarer Union unterzeichnet, und schon zur Zeit der Wasa-K\u00f6nige im 16. Jahrhundert erhielt das Schloss sein jetziges Aussehen. An Kalmars unmodernster Sehensw\u00fcrdigkeit wurde seit 1592 nichts mehr ver\u00e4ndert. Trotzdem gibt es hier viel zu entdecken! Wir laden Sie zu gruseligen [&hellip;]\" \/>\n<meta property=\"og:url\" content=\"https:\/\/kalmarslott.se\/de\/schloss-kalmar\/\" \/>\n<meta property=\"og:site_name\" content=\"Kalmar Slott\" \/>\n<meta property=\"article:modified_time\" content=\"2022-10-19T12:47:04+00:00\" \/>\n<meta property=\"og:image\" content=\"https:\/\/kalmarslott.se\/wp-content\/uploads\/2022\/06\/historiainrebarggarden.jpg\" \/>\n\t<meta property=\"og:image:width\" content=\"1500\" \/>\n\t<meta property=\"og:image:height\" content=\"1000\" \/>\n\t<meta property=\"og:image:type\" content=\"image\/jpeg\" \/>\n<meta name=\"twitter:card\" content=\"summary_large_image\" \/>\n<meta name=\"twitter:label1\" content=\"Gesch\u00e4tzte Lesezeit\" \/>\n\t<meta name=\"twitter:data1\" content=\"1\u00a0Minute\" \/>\n<script type=\"application\/ld+json\" class=\"yoast-schema-graph\">{\"@context\":\"https:\\\/\\\/schema.org\",\"@graph\":[{\"@type\":\"WebPage\",\"@id\":\"https:\\\/\\\/kalmarslott.se\\\/de\\\/schloss-kalmar\\\/\",\"url\":\"https:\\\/\\\/kalmarslott.se\\\/de\\\/schloss-kalmar\\\/\",\"name\":\"Schloss Kalmar - Kalmar Slott\",\"isPartOf\":{\"@id\":\"https:\\\/\\\/kalmarslott.se\\\/de\\\/#website\"},\"primaryImageOfPage\":{\"@id\":\"https:\\\/\\\/kalmarslott.se\\\/de\\\/schloss-kalmar\\\/#primaryimage\"},\"image\":{\"@id\":\"https:\\\/\\\/kalmarslott.se\\\/de\\\/schloss-kalmar\\\/#primaryimage\"},\"thumbnailUrl\":\"https:\\\/\\\/kalmarslott.se\\\/wp-content\\\/uploads\\\/2022\\\/06\\\/historiainrebarggarden.jpg\",\"datePublished\":\"2022-06-10T22:02:36+00:00\",\"dateModified\":\"2022-10-19T12:47:04+00:00\",\"breadcrumb\":{\"@id\":\"https:\\\/\\\/kalmarslott.se\\\/de\\\/schloss-kalmar\\\/#breadcrumb\"},\"inLanguage\":\"de\",\"potentialAction\":[{\"@type\":\"ReadAction\",\"target\":[\"https:\\\/\\\/kalmarslott.se\\\/de\\\/schloss-kalmar\\\/\"]}]},{\"@type\":\"ImageObject\",\"inLanguage\":\"de\",\"@id\":\"https:\\\/\\\/kalmarslott.se\\\/de\\\/schloss-kalmar\\\/#primaryimage\",\"url\":\"https:\\\/\\\/kalmarslott.se\\\/wp-content\\\/uploads\\\/2022\\\/06\\\/historiainrebarggarden.jpg\",\"contentUrl\":\"https:\\\/\\\/kalmarslott.se\\\/wp-content\\\/uploads\\\/2022\\\/06\\\/historiainrebarggarden.jpg\",\"width\":1500,\"height\":1000},{\"@type\":\"BreadcrumbList\",\"@id\":\"https:\\\/\\\/kalmarslott.se\\\/de\\\/schloss-kalmar\\\/#breadcrumb\",\"itemListElement\":[{\"@type\":\"ListItem\",\"position\":1,\"name\":\"Hem\",\"item\":\"https:\\\/\\\/kalmarslott.se\\\/de\\\/\"},{\"@type\":\"ListItem\",\"position\":2,\"name\":\"Schloss Kalmar\"}]},{\"@type\":\"WebSite\",\"@id\":\"https:\\\/\\\/kalmarslott.se\\\/de\\\/#website\",\"url\":\"https:\\\/\\\/kalmarslott.se\\\/de\\\/\",\"name\":\"Kalmar Slott\",\"description\":\"Ett riktigt slott\",\"potentialAction\":[{\"@type\":\"SearchAction\",\"target\":{\"@type\":\"EntryPoint\",\"urlTemplate\":\"https:\\\/\\\/kalmarslott.se\\\/de\\\/?s={search_term_string}\"},\"query-input\":{\"@type\":\"PropertyValueSpecification\",\"valueRequired\":true,\"valueName\":\"search_term_string\"}}],\"inLanguage\":\"de\"}]}<\/script>\n<!-- \/ Yoast SEO plugin. -->","yoast_head_json":{"title":"Schloss Kalmar - Kalmar Slott","robots":{"index":"index","follow":"follow","max-snippet":"max-snippet:-1","max-image-preview":"max-image-preview:large","max-video-preview":"max-video-preview:-1"},"canonical":"https:\/\/kalmarslott.se\/de\/schloss-kalmar\/","og_locale":"de_DE","og_type":"article","og_title":"Schloss Kalmar - Kalmar Slott","og_description":"Die Geschichte des Kalmarer Schlosses reicht bis ins 12. Jahrhundert zur\u00fcck. Hier wurde 1397 die Kalmarer Union unterzeichnet, und schon zur Zeit der Wasa-K\u00f6nige im 16. Jahrhundert erhielt das Schloss sein jetziges Aussehen. An Kalmars unmodernster Sehensw\u00fcrdigkeit wurde seit 1592 nichts mehr ver\u00e4ndert. Trotzdem gibt es hier viel zu entdecken! Wir laden Sie zu gruseligen [&hellip;]","og_url":"https:\/\/kalmarslott.se\/de\/schloss-kalmar\/","og_site_name":"Kalmar Slott","article_modified_time":"2022-10-19T12:47:04+00:00","og_image":[{"width":1500,"height":1000,"url":"https:\/\/kalmarslott.se\/wp-content\/uploads\/2022\/06\/historiainrebarggarden.jpg","type":"image\/jpeg"}],"twitter_card":"summary_large_image","twitter_misc":{"Gesch\u00e4tzte Lesezeit":"1\u00a0Minute"},"schema":{"@context":"https:\/\/schema.org","@graph":[{"@type":"WebPage","@id":"https:\/\/kalmarslott.se\/de\/schloss-kalmar\/","url":"https:\/\/kalmarslott.se\/de\/schloss-kalmar\/","name":"Schloss Kalmar - Kalmar Slott","isPartOf":{"@id":"https:\/\/kalmarslott.se\/de\/#website"},"primaryImageOfPage":{"@id":"https:\/\/kalmarslott.se\/de\/schloss-kalmar\/#primaryimage"},"image":{"@id":"https:\/\/kalmarslott.se\/de\/schloss-kalmar\/#primaryimage"},"thumbnailUrl":"https:\/\/kalmarslott.se\/wp-content\/uploads\/2022\/06\/historiainrebarggarden.jpg","datePublished":"2022-06-10T22:02:36+00:00","dateModified":"2022-10-19T12:47:04+00:00","breadcrumb":{"@id":"https:\/\/kalmarslott.se\/de\/schloss-kalmar\/#breadcrumb"},"inLanguage":"de","potentialAction":[{"@type":"ReadAction","target":["https:\/\/kalmarslott.se\/de\/schloss-kalmar\/"]}]},{"@type":"ImageObject","inLanguage":"de","@id":"https:\/\/kalmarslott.se\/de\/schloss-kalmar\/#primaryimage","url":"https:\/\/kalmarslott.se\/wp-content\/uploads\/2022\/06\/historiainrebarggarden.jpg","contentUrl":"https:\/\/kalmarslott.se\/wp-content\/uploads\/2022\/06\/historiainrebarggarden.jpg","width":1500,"height":1000},{"@type":"BreadcrumbList","@id":"https:\/\/kalmarslott.se\/de\/schloss-kalmar\/#breadcrumb","itemListElement":[{"@type":"ListItem","position":1,"name":"Hem","item":"https:\/\/kalmarslott.se\/de\/"},{"@type":"ListItem","position":2,"name":"Schloss Kalmar"}]},{"@type":"WebSite","@id":"https:\/\/kalmarslott.se\/de\/#website","url":"https:\/\/kalmarslott.se\/de\/","name":"Kalmar Slott","description":"Ett riktigt slott","potentialAction":[{"@type":"SearchAction","target":{"@type":"EntryPoint","urlTemplate":"https:\/\/kalmarslott.se\/de\/?s={search_term_string}"},"query-input":{"@type":"PropertyValueSpecification","valueRequired":true,"valueName":"search_term_string"}}],"inLanguage":"de"}]}},"_links":{"self":[{"href":"https:\/\/kalmarslott.se\/de\/wp-json\/wp\/v2\/pages\/2474","targetHints":{"allow":["GET"]}}],"collection":[{"href":"https:\/\/kalmarslott.se\/de\/wp-json\/wp\/v2\/pages"}],"about":[{"href":"https:\/\/kalmarslott.se\/de\/wp-json\/wp\/v2\/types\/page"}],"author":[{"embeddable":true,"href":"https:\/\/kalmarslott.se\/de\/wp-json\/wp\/v2\/users\/1"}],"replies":[{"embeddable":true,"href":"https:\/\/kalmarslott.se\/de\/wp-json\/wp\/v2\/comments?post=2474"}],"version-history":[{"count":5,"href":"https:\/\/kalmarslott.se\/de\/wp-json\/wp\/v2\/pages\/2474\/revisions"}],"predecessor-version":[{"id":5018,"href":"https:\/\/kalmarslott.se\/de\/wp-json\/wp\/v2\/pages\/2474\/revisions\/5018"}],"wp:featuredmedia":[{"embeddable":true,"href":"https:\/\/kalmarslott.se\/de\/wp-json\/wp\/v2\/media\/1788"}],"wp:attachment":[{"href":"https:\/\/kalmarslott.se\/de\/wp-json\/wp\/v2\/media?parent=2474"}],"curies":[{"name":"wp","href":"https:\/\/api.w.org\/{rel}","templated":true}]}}