{"id":2348,"date":"2022-06-10T23:38:56","date_gmt":"2022-06-10T21:38:56","guid":{"rendered":"https:\/\/kalmarslott.se\/?page_id=2348"},"modified":"2023-04-24T11:52:55","modified_gmt":"2023-04-24T09:52:55","slug":"feiern-hochzeiten","status":"publish","type":"page","link":"https:\/\/kalmarslott.se\/de\/cafe-restaurant\/feiern-hochzeiten\/","title":{"rendered":"Feiern &#038; Hochzeiten"},"content":{"rendered":"<p><b>Unser Festsaal ist ganzj\u00e4hrig f\u00fcr Hochzeiten, Festessen, Konferenzen und Feiern ge\u00f6ffnet. Die R\u00e4umlichkeiten k\u00f6nnen flexibel genutzt werden und bieten Platz f\u00fcr insgesamt 240 Personen.<\/b><\/p>\n<h2><span style=\"font-weight: 400;\">Tr\u00e4umen Sie von einer k\u00f6niglichen Hochzeit in einem richtigen Schloss?<\/span><\/h2>\n<p><span style=\"font-weight: 400;\">Im Kalmarer Schloss finden Sie eine der beliebtesten Hochzeitskirchen von Schweden. Nach der Trauung in der Schlosskirche bitten wir Sie in unserem wundersch\u00f6nen Restaurant zu Tisch. Gern gestalten wir ein Abendessen nach Ihren W\u00fcnschen. Auch Unterhaltung, eine F\u00fchrung durch das Schloss oder eine andere Umrahmung organisieren wir gern f\u00fcr Sie. Charlotta Begic ist ausgebildete Hochzeitskoordinatorin und hat langj\u00e4hrige Erfahrung mit der Planung und Durchf\u00fchrung von Hochzeiten und anderen Feiern.<\/span><\/p>\n<p><span style=\"font-weight: 400;\">Hochzeitsessen im Schloss werden bei Caroline Sj\u00f6berg bestellt, telefonisch unter +46 10-357 05 35 oder per Mail an <\/span><a href=\"mailto:kalmarslott@kalmar.com\"><span style=\"font-weight: 400;\">kalmarslott@kalmar.com<\/span><\/a><span style=\"font-weight: 400;\">. Die Buchung der Schlosskirche erfolgt bei der Schwedischen Kirche in Kalmar unter +46 (0)480-421400.<\/span><\/p>\n<h2><span style=\"font-weight: 400;\">Konferenzen<\/span><\/h2>\n<p><span style=\"font-weight: 400;\">Begegnungen in einem historischen Ambiente sind inspirierend und lehrreich. Wir verf\u00fcgen \u00fcber moderne Konferenzausr\u00fcstung und R\u00e4umlichkeiten f\u00fcr bis zu 240 Personen. Eine Sitzung oder Tagung im Kalmarer Schloss kann ganz nach Ihren W\u00fcnschen gestaltet werden. Wir \u00fcbernehmen alle praktischen Dinge f\u00fcr Sie und sind erfahren darin, wichtige Treffen mit dem gewissen Extra zu umrahmen.<\/span><\/p>\n<p><span style=\"font-weight: 400;\">Bitte wenden Sie sich an Caroline Sj\u00f6berg, Telefon +46 10-357 05 35 oder <\/span><a href=\"mailto:kalmarslott@kalmar.com\"><span style=\"font-weight: 400;\">kalmarslott@kalmar.com<\/span><\/a><span style=\"font-weight: 400;\">, damit wir Ihnen bei der Vorbereitung Ihrer n\u00e4chsten Tagung behilflich sein k\u00f6nnen.<\/span><\/p>\n<h2><span style=\"font-weight: 400;\">Abendessen<\/span><\/h2>\n<p><span style=\"font-weight: 400;\">Wenn Sie eine Sonderveranstaltung f\u00fcr Ihr Unternehmen oder f\u00fcr eine gr\u00f6\u00dfere Gesellschaft planen, nimmt Caroline Sj\u00f6berg Ihre Buchung gern telefonisch unter +46 10-357 05 35 oder per Mail an <\/span><a href=\"mailto:kalmarslott@kalmar.com\"><span style=\"font-weight: 400;\">kalmarslott@kalmar.com<\/span><\/a><span style=\"font-weight: 400;\">\u00a0entgegen.<\/span><\/p>\n<p><img loading=\"lazy\" decoding=\"async\" class=\"alignnone size-large wp-image-1702\" src=\"https:\/\/kalmarslott.se\/wp-content\/uploads\/2022\/06\/restaurangpartiesweddingsamiralitetskallaren-1024x682.jpg\" alt=\"\" width=\"1024\" height=\"682\" srcset=\"https:\/\/kalmarslott.se\/wp-content\/uploads\/2022\/06\/restaurangpartiesweddingsamiralitetskallaren-1024x682.jpg 1024w, https:\/\/kalmarslott.se\/wp-content\/uploads\/2022\/06\/restaurangpartiesweddingsamiralitetskallaren-300x200.jpg 300w, https:\/\/kalmarslott.se\/wp-content\/uploads\/2022\/06\/restaurangpartiesweddingsamiralitetskallaren-768x512.jpg 768w, https:\/\/kalmarslott.se\/wp-content\/uploads\/2022\/06\/restaurangpartiesweddingsamiralitetskallaren-1536x1024.jpg 1536w, https:\/\/kalmarslott.se\/wp-content\/uploads\/2022\/06\/restaurangpartiesweddingsamiralitetskallaren-600x400.jpg 600w, https:\/\/kalmarslott.se\/wp-content\/uploads\/2022\/06\/restaurangpartiesweddingsamiralitetskallaren.jpg 2000w\" sizes=\"auto, (max-width: 1024px) 100vw, 1024px\" \/><\/p>\n","protected":false},"excerpt":{"rendered":"<p>Unser Festsaal ist ganzj\u00e4hrig f\u00fcr Hochzeiten, Festessen, Konferenzen und Feiern ge\u00f6ffnet. Die R\u00e4umlichkeiten k\u00f6nnen flexibel genutzt werden und bieten Platz f\u00fcr insgesamt 240 Personen. Tr\u00e4umen Sie von einer k\u00f6niglichen Hochzeit in einem richtigen Schloss? Im Kalmarer Schloss finden Sie eine der beliebtesten Hochzeitskirchen von Schweden. Nach der Trauung in der Schlosskirche bitten wir Sie in [&hellip;]<\/p>\n","protected":false},"author":1,"featured_media":13198,"parent":2335,"menu_order":0,"comment_status":"closed","ping_status":"closed","template":"","meta":{"_acf_changed":false,"footnotes":""},"class_list":["post-2348","page","type-page","status-publish","has-post-thumbnail","hentry"],"acf":[],"yoast_head":"<!-- This site is optimized with the Yoast SEO plugin v27.3 - https:\/\/yoast.com\/product\/yoast-seo-wordpress\/ -->\n<title>Feiern &amp; Hochzeiten - Kalmar Slott<\/title>\n<meta name=\"robots\" content=\"index, follow, max-snippet:-1, max-image-preview:large, max-video-preview:-1\" \/>\n<link rel=\"canonical\" href=\"https:\/\/kalmarslott.se\/de\/cafe-restaurant\/feiern-hochzeiten\/\" \/>\n<meta property=\"og:locale\" content=\"de_DE\" \/>\n<meta property=\"og:type\" content=\"article\" \/>\n<meta property=\"og:title\" content=\"Feiern &amp; Hochzeiten - Kalmar Slott\" \/>\n<meta property=\"og:description\" content=\"Unser Festsaal ist ganzj\u00e4hrig f\u00fcr Hochzeiten, Festessen, Konferenzen und Feiern ge\u00f6ffnet. Die R\u00e4umlichkeiten k\u00f6nnen flexibel genutzt werden und bieten Platz f\u00fcr insgesamt 240 Personen. Tr\u00e4umen Sie von einer k\u00f6niglichen Hochzeit in einem richtigen Schloss? Im Kalmarer Schloss finden Sie eine der beliebtesten Hochzeitskirchen von Schweden. Nach der Trauung in der Schlosskirche bitten wir Sie in [&hellip;]\" \/>\n<meta property=\"og:url\" content=\"https:\/\/kalmarslott.se\/de\/cafe-restaurant\/feiern-hochzeiten\/\" \/>\n<meta property=\"og:site_name\" content=\"Kalmar Slott\" \/>\n<meta property=\"article:modified_time\" content=\"2023-04-24T09:52:55+00:00\" \/>\n<meta property=\"og:image\" content=\"https:\/\/kalmarslott.se\/wp-content\/uploads\/2022\/06\/restaurangbrollopsfestjuliaochjesper.jpg\" \/>\n\t<meta property=\"og:image:width\" content=\"2000\" \/>\n\t<meta property=\"og:image:height\" content=\"1333\" \/>\n\t<meta property=\"og:image:type\" content=\"image\/jpeg\" \/>\n<meta name=\"twitter:card\" content=\"summary_large_image\" \/>\n<meta name=\"twitter:label1\" content=\"Gesch\u00e4tzte Lesezeit\" \/>\n\t<meta name=\"twitter:data1\" content=\"2\u00a0Minuten\" \/>\n<script type=\"application\/ld+json\" class=\"yoast-schema-graph\">{\"@context\":\"https:\\\/\\\/schema.org\",\"@graph\":[{\"@type\":\"WebPage\",\"@id\":\"https:\\\/\\\/kalmarslott.se\\\/de\\\/cafe-restaurant\\\/feiern-hochzeiten\\\/\",\"url\":\"https:\\\/\\\/kalmarslott.se\\\/de\\\/cafe-restaurant\\\/feiern-hochzeiten\\\/\",\"name\":\"Feiern & Hochzeiten - Kalmar Slott\",\"isPartOf\":{\"@id\":\"https:\\\/\\\/kalmarslott.se\\\/de\\\/#website\"},\"primaryImageOfPage\":{\"@id\":\"https:\\\/\\\/kalmarslott.se\\\/de\\\/cafe-restaurant\\\/feiern-hochzeiten\\\/#primaryimage\"},\"image\":{\"@id\":\"https:\\\/\\\/kalmarslott.se\\\/de\\\/cafe-restaurant\\\/feiern-hochzeiten\\\/#primaryimage\"},\"thumbnailUrl\":\"https:\\\/\\\/kalmarslott.se\\\/wp-content\\\/uploads\\\/2026\\\/02\\\/20211112humlesolkskonferens1706-scaled.jpg\",\"datePublished\":\"2022-06-10T21:38:56+00:00\",\"dateModified\":\"2023-04-24T09:52:55+00:00\",\"breadcrumb\":{\"@id\":\"https:\\\/\\\/kalmarslott.se\\\/de\\\/cafe-restaurant\\\/feiern-hochzeiten\\\/#breadcrumb\"},\"inLanguage\":\"de\",\"potentialAction\":[{\"@type\":\"ReadAction\",\"target\":[\"https:\\\/\\\/kalmarslott.se\\\/de\\\/cafe-restaurant\\\/feiern-hochzeiten\\\/\"]}]},{\"@type\":\"ImageObject\",\"inLanguage\":\"de\",\"@id\":\"https:\\\/\\\/kalmarslott.se\\\/de\\\/cafe-restaurant\\\/feiern-hochzeiten\\\/#primaryimage\",\"url\":\"https:\\\/\\\/kalmarslott.se\\\/wp-content\\\/uploads\\\/2026\\\/02\\\/20211112humlesolkskonferens1706-scaled.jpg\",\"contentUrl\":\"https:\\\/\\\/kalmarslott.se\\\/wp-content\\\/uploads\\\/2026\\\/02\\\/20211112humlesolkskonferens1706-scaled.jpg\",\"width\":2560,\"height\":1707,\"caption\":\"Adam Humlesol\"},{\"@type\":\"BreadcrumbList\",\"@id\":\"https:\\\/\\\/kalmarslott.se\\\/de\\\/cafe-restaurant\\\/feiern-hochzeiten\\\/#breadcrumb\",\"itemListElement\":[{\"@type\":\"ListItem\",\"position\":1,\"name\":\"Hem\",\"item\":\"https:\\\/\\\/kalmarslott.se\\\/de\\\/\"},{\"@type\":\"ListItem\",\"position\":2,\"name\":\"Caf\u00e9 &#038; Restaurant\",\"item\":\"https:\\\/\\\/kalmarslott.se\\\/de\\\/cafe-restaurant\\\/\"},{\"@type\":\"ListItem\",\"position\":3,\"name\":\"Feiern &#038; Hochzeiten\"}]},{\"@type\":\"WebSite\",\"@id\":\"https:\\\/\\\/kalmarslott.se\\\/de\\\/#website\",\"url\":\"https:\\\/\\\/kalmarslott.se\\\/de\\\/\",\"name\":\"Kalmar Slott\",\"description\":\"Ett riktigt slott\",\"potentialAction\":[{\"@type\":\"SearchAction\",\"target\":{\"@type\":\"EntryPoint\",\"urlTemplate\":\"https:\\\/\\\/kalmarslott.se\\\/de\\\/?s={search_term_string}\"},\"query-input\":{\"@type\":\"PropertyValueSpecification\",\"valueRequired\":true,\"valueName\":\"search_term_string\"}}],\"inLanguage\":\"de\"}]}<\/script>\n<!-- \/ Yoast SEO plugin. -->","yoast_head_json":{"title":"Feiern & Hochzeiten - Kalmar Slott","robots":{"index":"index","follow":"follow","max-snippet":"max-snippet:-1","max-image-preview":"max-image-preview:large","max-video-preview":"max-video-preview:-1"},"canonical":"https:\/\/kalmarslott.se\/de\/cafe-restaurant\/feiern-hochzeiten\/","og_locale":"de_DE","og_type":"article","og_title":"Feiern & Hochzeiten - Kalmar Slott","og_description":"Unser Festsaal ist ganzj\u00e4hrig f\u00fcr Hochzeiten, Festessen, Konferenzen und Feiern ge\u00f6ffnet. Die R\u00e4umlichkeiten k\u00f6nnen flexibel genutzt werden und bieten Platz f\u00fcr insgesamt 240 Personen. Tr\u00e4umen Sie von einer k\u00f6niglichen Hochzeit in einem richtigen Schloss? Im Kalmarer Schloss finden Sie eine der beliebtesten Hochzeitskirchen von Schweden. Nach der Trauung in der Schlosskirche bitten wir Sie in [&hellip;]","og_url":"https:\/\/kalmarslott.se\/de\/cafe-restaurant\/feiern-hochzeiten\/","og_site_name":"Kalmar Slott","article_modified_time":"2023-04-24T09:52:55+00:00","og_image":[{"width":2000,"height":1333,"url":"https:\/\/kalmarslott.se\/wp-content\/uploads\/2022\/06\/restaurangbrollopsfestjuliaochjesper.jpg","type":"image\/jpeg"}],"twitter_card":"summary_large_image","twitter_misc":{"Gesch\u00e4tzte Lesezeit":"2\u00a0Minuten"},"schema":{"@context":"https:\/\/schema.org","@graph":[{"@type":"WebPage","@id":"https:\/\/kalmarslott.se\/de\/cafe-restaurant\/feiern-hochzeiten\/","url":"https:\/\/kalmarslott.se\/de\/cafe-restaurant\/feiern-hochzeiten\/","name":"Feiern & Hochzeiten - Kalmar Slott","isPartOf":{"@id":"https:\/\/kalmarslott.se\/de\/#website"},"primaryImageOfPage":{"@id":"https:\/\/kalmarslott.se\/de\/cafe-restaurant\/feiern-hochzeiten\/#primaryimage"},"image":{"@id":"https:\/\/kalmarslott.se\/de\/cafe-restaurant\/feiern-hochzeiten\/#primaryimage"},"thumbnailUrl":"https:\/\/kalmarslott.se\/wp-content\/uploads\/2026\/02\/20211112humlesolkskonferens1706-scaled.jpg","datePublished":"2022-06-10T21:38:56+00:00","dateModified":"2023-04-24T09:52:55+00:00","breadcrumb":{"@id":"https:\/\/kalmarslott.se\/de\/cafe-restaurant\/feiern-hochzeiten\/#breadcrumb"},"inLanguage":"de","potentialAction":[{"@type":"ReadAction","target":["https:\/\/kalmarslott.se\/de\/cafe-restaurant\/feiern-hochzeiten\/"]}]},{"@type":"ImageObject","inLanguage":"de","@id":"https:\/\/kalmarslott.se\/de\/cafe-restaurant\/feiern-hochzeiten\/#primaryimage","url":"https:\/\/kalmarslott.se\/wp-content\/uploads\/2026\/02\/20211112humlesolkskonferens1706-scaled.jpg","contentUrl":"https:\/\/kalmarslott.se\/wp-content\/uploads\/2026\/02\/20211112humlesolkskonferens1706-scaled.jpg","width":2560,"height":1707,"caption":"Adam Humlesol"},{"@type":"BreadcrumbList","@id":"https:\/\/kalmarslott.se\/de\/cafe-restaurant\/feiern-hochzeiten\/#breadcrumb","itemListElement":[{"@type":"ListItem","position":1,"name":"Hem","item":"https:\/\/kalmarslott.se\/de\/"},{"@type":"ListItem","position":2,"name":"Caf\u00e9 &#038; Restaurant","item":"https:\/\/kalmarslott.se\/de\/cafe-restaurant\/"},{"@type":"ListItem","position":3,"name":"Feiern &#038; Hochzeiten"}]},{"@type":"WebSite","@id":"https:\/\/kalmarslott.se\/de\/#website","url":"https:\/\/kalmarslott.se\/de\/","name":"Kalmar Slott","description":"Ett riktigt slott","potentialAction":[{"@type":"SearchAction","target":{"@type":"EntryPoint","urlTemplate":"https:\/\/kalmarslott.se\/de\/?s={search_term_string}"},"query-input":{"@type":"PropertyValueSpecification","valueRequired":true,"valueName":"search_term_string"}}],"inLanguage":"de"}]}},"_links":{"self":[{"href":"https:\/\/kalmarslott.se\/de\/wp-json\/wp\/v2\/pages\/2348","targetHints":{"allow":["GET"]}}],"collection":[{"href":"https:\/\/kalmarslott.se\/de\/wp-json\/wp\/v2\/pages"}],"about":[{"href":"https:\/\/kalmarslott.se\/de\/wp-json\/wp\/v2\/types\/page"}],"author":[{"embeddable":true,"href":"https:\/\/kalmarslott.se\/de\/wp-json\/wp\/v2\/users\/1"}],"replies":[{"embeddable":true,"href":"https:\/\/kalmarslott.se\/de\/wp-json\/wp\/v2\/comments?post=2348"}],"version-history":[{"count":5,"href":"https:\/\/kalmarslott.se\/de\/wp-json\/wp\/v2\/pages\/2348\/revisions"}],"predecessor-version":[{"id":6534,"href":"https:\/\/kalmarslott.se\/de\/wp-json\/wp\/v2\/pages\/2348\/revisions\/6534"}],"up":[{"embeddable":true,"href":"https:\/\/kalmarslott.se\/de\/wp-json\/wp\/v2\/pages\/2335"}],"wp:featuredmedia":[{"embeddable":true,"href":"https:\/\/kalmarslott.se\/de\/wp-json\/wp\/v2\/media\/13198"}],"wp:attachment":[{"href":"https:\/\/kalmarslott.se\/de\/wp-json\/wp\/v2\/media?parent=2348"}],"curies":[{"name":"wp","href":"https:\/\/api.w.org\/{rel}","templated":true}]}}