{"id":2335,"date":"2022-06-10T23:36:37","date_gmt":"2022-06-10T21:36:37","guid":{"rendered":"https:\/\/kalmarslott.se\/?page_id=2335"},"modified":"2023-03-14T15:41:18","modified_gmt":"2023-03-14T13:41:18","slug":"cafe-restaurant","status":"publish","type":"page","link":"https:\/\/kalmarslott.se\/de\/cafe-restaurant\/","title":{"rendered":"Caf\u00e9 &#038; Restaurant"},"content":{"rendered":"<h2><span style=\"font-weight: 400;\">K\u00f6niglich speisen im Kalmarer Schloss.<\/span><\/h2>\n<p><span style=\"font-weight: 400;\">Im Schlossrestaurant zu Kalmar bekommen Sie erlesene Mahlzeiten, Leckeres f\u00fcr den kleinen Hunger zwischendurch, richtigen Kaffee und k\u00f6stliche Desserts. Speisen Sie k\u00f6niglich im Schloss Kalmar!<\/span><\/p>\n<h2>Haben Sie Fragen? <span style=\"font-weight: 400;\"><br \/>\n<\/span><\/h2>\n<p><span style=\"font-weight: 400;\">Rufen Sie <a href=\"tel:+4648010282\">+46(0) 480-102 82<\/a> an oder mailen Sie an\u00a0<a href=\"mailto:slottsrestaurangen@postgatan.nu\">slottsrestaurangen@postgatan.nu<\/a>, wenn Sie Fragen zu unserem Caf\u00e9 oder Restaurant haben.<\/span><\/p>\n<p><img loading=\"lazy\" decoding=\"async\" class=\"alignnone wp-image-1696 size-large\" src=\"https:\/\/kalmarslott.se\/wp-content\/uploads\/2022\/06\/restaurantamiralitetskallaren-1024x682.jpg\" alt=\"Restaurant Amiralitetskallaren\" width=\"1024\" height=\"682\" srcset=\"https:\/\/kalmarslott.se\/wp-content\/uploads\/2022\/06\/restaurantamiralitetskallaren-1024x682.jpg 1024w, https:\/\/kalmarslott.se\/wp-content\/uploads\/2022\/06\/restaurantamiralitetskallaren-300x200.jpg 300w, https:\/\/kalmarslott.se\/wp-content\/uploads\/2022\/06\/restaurantamiralitetskallaren-768x512.jpg 768w, https:\/\/kalmarslott.se\/wp-content\/uploads\/2022\/06\/restaurantamiralitetskallaren-1536x1024.jpg 1536w, https:\/\/kalmarslott.se\/wp-content\/uploads\/2022\/06\/restaurantamiralitetskallaren-600x400.jpg 600w, https:\/\/kalmarslott.se\/wp-content\/uploads\/2022\/06\/restaurantamiralitetskallaren.jpg 2000w\" sizes=\"auto, (max-width: 1024px) 100vw, 1024px\" \/><\/p>\n","protected":false},"excerpt":{"rendered":"<p>K\u00f6niglich speisen im Kalmarer Schloss. Im Schlossrestaurant zu Kalmar bekommen Sie erlesene Mahlzeiten, Leckeres f\u00fcr den kleinen Hunger zwischendurch, richtigen Kaffee und k\u00f6stliche Desserts. Speisen Sie k\u00f6niglich im Schloss Kalmar! Haben Sie Fragen? Rufen Sie +46(0) 480-102 82 an oder mailen Sie an\u00a0slottsrestaurangen@postgatan.nu, wenn Sie Fragen zu unserem Caf\u00e9 oder Restaurant haben.<\/p>\n","protected":false},"author":1,"featured_media":1554,"parent":0,"menu_order":0,"comment_status":"closed","ping_status":"closed","template":"","meta":{"_acf_changed":false,"footnotes":""},"class_list":["post-2335","page","type-page","status-publish","has-post-thumbnail","hentry"],"acf":[],"yoast_head":"<!-- This site is optimized with the Yoast SEO plugin v27.3 - https:\/\/yoast.com\/product\/yoast-seo-wordpress\/ -->\n<title>Caf\u00e9 &amp; Restaurant - Kalmar Slott<\/title>\n<meta name=\"robots\" content=\"index, follow, max-snippet:-1, max-image-preview:large, max-video-preview:-1\" \/>\n<link rel=\"canonical\" href=\"https:\/\/kalmarslott.se\/de\/cafe-restaurant\/\" \/>\n<meta property=\"og:locale\" content=\"de_DE\" \/>\n<meta property=\"og:type\" content=\"article\" \/>\n<meta property=\"og:title\" content=\"Caf\u00e9 &amp; Restaurant - Kalmar Slott\" \/>\n<meta property=\"og:description\" content=\"K\u00f6niglich speisen im Kalmarer Schloss. Im Schlossrestaurant zu Kalmar bekommen Sie erlesene Mahlzeiten, Leckeres f\u00fcr den kleinen Hunger zwischendurch, richtigen Kaffee und k\u00f6stliche Desserts. Speisen Sie k\u00f6niglich im Schloss Kalmar! Haben Sie Fragen? Rufen Sie +46(0) 480-102 82 an oder mailen Sie an\u00a0slottsrestaurangen@postgatan.nu, wenn Sie Fragen zu unserem Caf\u00e9 oder Restaurant haben.\" \/>\n<meta property=\"og:url\" content=\"https:\/\/kalmarslott.se\/de\/cafe-restaurant\/\" \/>\n<meta property=\"og:site_name\" content=\"Kalmar Slott\" \/>\n<meta property=\"article:modified_time\" content=\"2023-03-14T13:41:18+00:00\" \/>\n<meta property=\"og:image\" content=\"https:\/\/kalmarslott.se\/wp-content\/uploads\/2022\/06\/restaurangcafe-scaled.jpg\" \/>\n\t<meta property=\"og:image:width\" content=\"2560\" \/>\n\t<meta property=\"og:image:height\" content=\"1707\" \/>\n\t<meta property=\"og:image:type\" content=\"image\/jpeg\" \/>\n<meta name=\"twitter:card\" content=\"summary_large_image\" \/>\n<meta name=\"twitter:label1\" content=\"Gesch\u00e4tzte Lesezeit\" \/>\n\t<meta name=\"twitter:data1\" content=\"1\u00a0Minute\" \/>\n<script type=\"application\/ld+json\" class=\"yoast-schema-graph\">{\"@context\":\"https:\\\/\\\/schema.org\",\"@graph\":[{\"@type\":\"WebPage\",\"@id\":\"https:\\\/\\\/kalmarslott.se\\\/de\\\/cafe-restaurant\\\/\",\"url\":\"https:\\\/\\\/kalmarslott.se\\\/de\\\/cafe-restaurant\\\/\",\"name\":\"Caf\u00e9 & Restaurant - Kalmar Slott\",\"isPartOf\":{\"@id\":\"https:\\\/\\\/kalmarslott.se\\\/de\\\/#website\"},\"primaryImageOfPage\":{\"@id\":\"https:\\\/\\\/kalmarslott.se\\\/de\\\/cafe-restaurant\\\/#primaryimage\"},\"image\":{\"@id\":\"https:\\\/\\\/kalmarslott.se\\\/de\\\/cafe-restaurant\\\/#primaryimage\"},\"thumbnailUrl\":\"https:\\\/\\\/kalmarslott.se\\\/wp-content\\\/uploads\\\/2022\\\/06\\\/restaurangcafe-scaled.jpg\",\"datePublished\":\"2022-06-10T21:36:37+00:00\",\"dateModified\":\"2023-03-14T13:41:18+00:00\",\"breadcrumb\":{\"@id\":\"https:\\\/\\\/kalmarslott.se\\\/de\\\/cafe-restaurant\\\/#breadcrumb\"},\"inLanguage\":\"de\",\"potentialAction\":[{\"@type\":\"ReadAction\",\"target\":[\"https:\\\/\\\/kalmarslott.se\\\/de\\\/cafe-restaurant\\\/\"]}]},{\"@type\":\"ImageObject\",\"inLanguage\":\"de\",\"@id\":\"https:\\\/\\\/kalmarslott.se\\\/de\\\/cafe-restaurant\\\/#primaryimage\",\"url\":\"https:\\\/\\\/kalmarslott.se\\\/wp-content\\\/uploads\\\/2022\\\/06\\\/restaurangcafe-scaled.jpg\",\"contentUrl\":\"https:\\\/\\\/kalmarslott.se\\\/wp-content\\\/uploads\\\/2022\\\/06\\\/restaurangcafe-scaled.jpg\",\"width\":2560,\"height\":1707},{\"@type\":\"BreadcrumbList\",\"@id\":\"https:\\\/\\\/kalmarslott.se\\\/de\\\/cafe-restaurant\\\/#breadcrumb\",\"itemListElement\":[{\"@type\":\"ListItem\",\"position\":1,\"name\":\"Hem\",\"item\":\"https:\\\/\\\/kalmarslott.se\\\/de\\\/\"},{\"@type\":\"ListItem\",\"position\":2,\"name\":\"Caf\u00e9 &#038; Restaurant\"}]},{\"@type\":\"WebSite\",\"@id\":\"https:\\\/\\\/kalmarslott.se\\\/de\\\/#website\",\"url\":\"https:\\\/\\\/kalmarslott.se\\\/de\\\/\",\"name\":\"Kalmar Slott\",\"description\":\"Ett riktigt slott\",\"potentialAction\":[{\"@type\":\"SearchAction\",\"target\":{\"@type\":\"EntryPoint\",\"urlTemplate\":\"https:\\\/\\\/kalmarslott.se\\\/de\\\/?s={search_term_string}\"},\"query-input\":{\"@type\":\"PropertyValueSpecification\",\"valueRequired\":true,\"valueName\":\"search_term_string\"}}],\"inLanguage\":\"de\"}]}<\/script>\n<!-- \/ Yoast SEO plugin. -->","yoast_head_json":{"title":"Caf\u00e9 & Restaurant - Kalmar Slott","robots":{"index":"index","follow":"follow","max-snippet":"max-snippet:-1","max-image-preview":"max-image-preview:large","max-video-preview":"max-video-preview:-1"},"canonical":"https:\/\/kalmarslott.se\/de\/cafe-restaurant\/","og_locale":"de_DE","og_type":"article","og_title":"Caf\u00e9 & Restaurant - Kalmar Slott","og_description":"K\u00f6niglich speisen im Kalmarer Schloss. Im Schlossrestaurant zu Kalmar bekommen Sie erlesene Mahlzeiten, Leckeres f\u00fcr den kleinen Hunger zwischendurch, richtigen Kaffee und k\u00f6stliche Desserts. Speisen Sie k\u00f6niglich im Schloss Kalmar! Haben Sie Fragen? Rufen Sie +46(0) 480-102 82 an oder mailen Sie an\u00a0slottsrestaurangen@postgatan.nu, wenn Sie Fragen zu unserem Caf\u00e9 oder Restaurant haben.","og_url":"https:\/\/kalmarslott.se\/de\/cafe-restaurant\/","og_site_name":"Kalmar Slott","article_modified_time":"2023-03-14T13:41:18+00:00","og_image":[{"width":2560,"height":1707,"url":"https:\/\/kalmarslott.se\/wp-content\/uploads\/2022\/06\/restaurangcafe-scaled.jpg","type":"image\/jpeg"}],"twitter_card":"summary_large_image","twitter_misc":{"Gesch\u00e4tzte Lesezeit":"1\u00a0Minute"},"schema":{"@context":"https:\/\/schema.org","@graph":[{"@type":"WebPage","@id":"https:\/\/kalmarslott.se\/de\/cafe-restaurant\/","url":"https:\/\/kalmarslott.se\/de\/cafe-restaurant\/","name":"Caf\u00e9 & Restaurant - Kalmar Slott","isPartOf":{"@id":"https:\/\/kalmarslott.se\/de\/#website"},"primaryImageOfPage":{"@id":"https:\/\/kalmarslott.se\/de\/cafe-restaurant\/#primaryimage"},"image":{"@id":"https:\/\/kalmarslott.se\/de\/cafe-restaurant\/#primaryimage"},"thumbnailUrl":"https:\/\/kalmarslott.se\/wp-content\/uploads\/2022\/06\/restaurangcafe-scaled.jpg","datePublished":"2022-06-10T21:36:37+00:00","dateModified":"2023-03-14T13:41:18+00:00","breadcrumb":{"@id":"https:\/\/kalmarslott.se\/de\/cafe-restaurant\/#breadcrumb"},"inLanguage":"de","potentialAction":[{"@type":"ReadAction","target":["https:\/\/kalmarslott.se\/de\/cafe-restaurant\/"]}]},{"@type":"ImageObject","inLanguage":"de","@id":"https:\/\/kalmarslott.se\/de\/cafe-restaurant\/#primaryimage","url":"https:\/\/kalmarslott.se\/wp-content\/uploads\/2022\/06\/restaurangcafe-scaled.jpg","contentUrl":"https:\/\/kalmarslott.se\/wp-content\/uploads\/2022\/06\/restaurangcafe-scaled.jpg","width":2560,"height":1707},{"@type":"BreadcrumbList","@id":"https:\/\/kalmarslott.se\/de\/cafe-restaurant\/#breadcrumb","itemListElement":[{"@type":"ListItem","position":1,"name":"Hem","item":"https:\/\/kalmarslott.se\/de\/"},{"@type":"ListItem","position":2,"name":"Caf\u00e9 &#038; Restaurant"}]},{"@type":"WebSite","@id":"https:\/\/kalmarslott.se\/de\/#website","url":"https:\/\/kalmarslott.se\/de\/","name":"Kalmar Slott","description":"Ett riktigt slott","potentialAction":[{"@type":"SearchAction","target":{"@type":"EntryPoint","urlTemplate":"https:\/\/kalmarslott.se\/de\/?s={search_term_string}"},"query-input":{"@type":"PropertyValueSpecification","valueRequired":true,"valueName":"search_term_string"}}],"inLanguage":"de"}]}},"_links":{"self":[{"href":"https:\/\/kalmarslott.se\/de\/wp-json\/wp\/v2\/pages\/2335","targetHints":{"allow":["GET"]}}],"collection":[{"href":"https:\/\/kalmarslott.se\/de\/wp-json\/wp\/v2\/pages"}],"about":[{"href":"https:\/\/kalmarslott.se\/de\/wp-json\/wp\/v2\/types\/page"}],"author":[{"embeddable":true,"href":"https:\/\/kalmarslott.se\/de\/wp-json\/wp\/v2\/users\/1"}],"replies":[{"embeddable":true,"href":"https:\/\/kalmarslott.se\/de\/wp-json\/wp\/v2\/comments?post=2335"}],"version-history":[{"count":5,"href":"https:\/\/kalmarslott.se\/de\/wp-json\/wp\/v2\/pages\/2335\/revisions"}],"predecessor-version":[{"id":6145,"href":"https:\/\/kalmarslott.se\/de\/wp-json\/wp\/v2\/pages\/2335\/revisions\/6145"}],"wp:featuredmedia":[{"embeddable":true,"href":"https:\/\/kalmarslott.se\/de\/wp-json\/wp\/v2\/media\/1554"}],"wp:attachment":[{"href":"https:\/\/kalmarslott.se\/de\/wp-json\/wp\/v2\/media?parent=2335"}],"curies":[{"name":"wp","href":"https:\/\/api.w.org\/{rel}","templated":true}]}}