{"id":13435,"date":"2026-04-01T14:45:13","date_gmt":"2026-04-01T12:45:13","guid":{"rendered":"https:\/\/kalmarslott.se\/?page_id=13435"},"modified":"2026-04-01T15:58:13","modified_gmt":"2026-04-01T13:58:13","slug":"konferens-modern-guru","status":"publish","type":"page","link":"https:\/\/kalmarslott.se\/de\/konferens-modern-guru\/","title":{"rendered":"Kreativ workshop om AI"},"content":{"rendered":"<div>\n<p><strong>Vill ni g\u00f6ra n\u00e5got kreativt p\u00e5 n\u00e4sta konferens? Kalmar Slott erbjuder en workshop i anslutning till utst\u00e4llningen <a href=\"https:\/\/kalmarslott.se\/utstallningar\/modern-guru-and-the-path-to-artificial-happiness\/\">Modern Guru and the Path to Artificial Happiness<\/a>. Efter bes\u00f6k och guidning i utst\u00e4llningen reflekterar ni tillsammans kring hur AI och teknikutveckling p\u00e5verkar oss. Aktiviteten kan utg\u00e5 fr\u00e5n, eller l\u00e4gga grunden till, ert f\u00f6retags AI-policy.<\/strong><\/p>\n<p>Delta i en kreativ workshop och l\u00e5t dig inspireras av den prisbel\u00f6nta utst\u00e4llningen\u00a0Modern Guru and the Artificial Path to Happiness, skapad av den australiensiska konst- och teknikstudion ENESS. I denna f\u00e4rgstarka och interaktiva milj\u00f6 m\u00f6ts f\u00e4rg, ljus och artificiell intelligens i ett digitalt landskap som b\u00e5de fascinerar och v\u00e4cker nyfikenhet. Genom m\u00f6ten med talande stenar, f\u00e4rgsprakande milj\u00f6er och den g\u00e5tfulla Moderna Gurun bjuds ni in att reflektera \u00f6ver er egen roll i en alltmer f\u00f6r\u00e4nderlig och digital v\u00e4rld.<\/p>\n<h3>Workshopens inneh\u00e5ll<\/h3>\n<ul>\n<li>Enskild presentation av utst\u00e4llningen Modern Guru and the Artificial Path to Happiness f\u00f6r er grupp.<\/li>\n<li>Workshop-material f\u00f6r vidare reflektion och diskussion om utst\u00e4llningens tema.<\/li>\n<li>Konferenspaket med hyra av konferenslokal enligt era \u00f6nskem\u00e5l.<\/li>\n<li>Entr\u00e9 till slottet f\u00f6r er grupp.<\/li>\n<\/ul>\n<h3>Workshopens uppl\u00e4gg<\/h3>\n<\/div>\n<div>\n<p class=\"x_MsoNormal\">Tillsammans med en guide inleder ni med en 15 minuters presentation vilket ger er nycklar till utst\u00e4llningens centrala teman och ber\u00e4ttelser. H\u00e4r utforskas fr\u00e5gor om v\u00e5r samtid:<br \/>\n&#8211; Hur p\u00e5verkar AI och sociala medier v\u00e5ra liv?<br \/>\n&#8211; Hur f\u00f6r\u00e4ndras v\u00e5r arbetssituation och kreativitet?<br \/>\n&#8211; Vad betyder v\u00e5r syn p\u00e5 lycka i en allt mer digital v\u00e4rld?<\/p>\n<\/div>\n<div>\n<p class=\"x_MsoNormal\">Efter rundvandringen forts\u00e4tter arbetet i n\u00e5gon av v\u00e5ra konferenssalar, d\u00e4r ni tillsammans f\u00f6rdjupar er i fr\u00e5gest\u00e4llningar kopplade till konstverken. Workshopens syfte \u00e4r att skapa utrymme f\u00f6r samtal, reflektion och nya perspektiv p\u00e5 hur teknikutvecklingen \u2013 och anv\u00e4ndningen av AI \u2013 p\u00e5verkar b\u00e5de individer och organisationer. Samtalen kan mycket v\u00e4l ligga till grund f\u00f6r f\u00f6retagets AI-policy.<\/p>\n<\/div>\n<div>\n<p class=\"x_MsoNormal\">V\u00e4lkommen att ta del av en upplevelse som kombinerar kultur, teknik och som v\u00e4cker fr\u00e5gor samt bjuder in till nya perspektiv. Perfekt f\u00f6r grupper som vill inspireras och arbeta kreativt tillsammans!<\/p>\n<h3>Boka<\/h3>\n<\/div>\n<p>Kontakta oss f\u00f6r en offert utifr\u00e5n era behov, 010-357 05 35 eller <a href=\"mailto:kalmarslott@kalmar.com\">caroline.sjoberg@kalmar.com<\/a>.<\/p>\n","protected":false},"excerpt":{"rendered":"<p>Vill ni g\u00f6ra n\u00e5got kreativt p\u00e5 n\u00e4sta konferens? Kalmar Slott erbjuder en workshop i anslutning till utst\u00e4llningen Modern Guru and the Path to Artificial Happiness. Efter bes\u00f6k och guidning i utst\u00e4llningen reflekterar ni tillsammans kring hur AI och teknikutveckling p\u00e5verkar oss. Aktiviteten kan utg\u00e5 fr\u00e5n, eller l\u00e4gga grunden till, ert f\u00f6retags AI-policy. Delta i en [&hellip;]<\/p>\n","protected":false},"author":9,"featured_media":13437,"parent":0,"menu_order":0,"comment_status":"closed","ping_status":"closed","template":"","meta":{"_acf_changed":false,"footnotes":""},"class_list":["post-13435","page","type-page","status-publish","has-post-thumbnail","hentry"],"acf":[],"yoast_head":"<!-- This site is optimized with the Yoast SEO plugin v27.3 - https:\/\/yoast.com\/product\/yoast-seo-wordpress\/ -->\n<title>Kreativ workshop om AI - Kalmar Slott<\/title>\n<meta name=\"robots\" content=\"index, follow, max-snippet:-1, max-image-preview:large, max-video-preview:-1\" \/>\n<link rel=\"canonical\" href=\"https:\/\/kalmarslott.se\/de\/konferens-modern-guru\/\" \/>\n<meta property=\"og:locale\" content=\"de_DE\" \/>\n<meta property=\"og:type\" content=\"article\" \/>\n<meta property=\"og:title\" content=\"Kreativ workshop om AI - Kalmar Slott\" \/>\n<meta property=\"og:description\" content=\"Vill ni g\u00f6ra n\u00e5got kreativt p\u00e5 n\u00e4sta konferens? Kalmar Slott erbjuder en workshop i anslutning till utst\u00e4llningen Modern Guru and the Path to Artificial Happiness. Efter bes\u00f6k och guidning i utst\u00e4llningen reflekterar ni tillsammans kring hur AI och teknikutveckling p\u00e5verkar oss. Aktiviteten kan utg\u00e5 fr\u00e5n, eller l\u00e4gga grunden till, ert f\u00f6retags AI-policy. Delta i en [&hellip;]\" \/>\n<meta property=\"og:url\" content=\"https:\/\/kalmarslott.se\/de\/konferens-modern-guru\/\" \/>\n<meta property=\"og:site_name\" content=\"Kalmar Slott\" \/>\n<meta property=\"article:modified_time\" content=\"2026-04-01T13:58:13+00:00\" \/>\n<meta property=\"og:image\" content=\"https:\/\/kalmarslott.se\/wp-content\/uploads\/2026\/04\/20260325kalmarslottutstaellningartificialhappiness0431.jpg\" \/>\n\t<meta property=\"og:image:width\" content=\"1333\" \/>\n\t<meta property=\"og:image:height\" content=\"2000\" \/>\n\t<meta property=\"og:image:type\" content=\"image\/jpeg\" \/>\n<meta name=\"twitter:card\" content=\"summary_large_image\" \/>\n<meta name=\"twitter:label1\" content=\"Gesch\u00e4tzte Lesezeit\" \/>\n\t<meta name=\"twitter:data1\" content=\"2\u00a0Minuten\" \/>\n<script type=\"application\/ld+json\" class=\"yoast-schema-graph\">{\"@context\":\"https:\\\/\\\/schema.org\",\"@graph\":[{\"@type\":\"WebPage\",\"@id\":\"https:\\\/\\\/kalmarslott.se\\\/de\\\/konferens-modern-guru\\\/\",\"url\":\"https:\\\/\\\/kalmarslott.se\\\/de\\\/konferens-modern-guru\\\/\",\"name\":\"Kreativ workshop om AI - Kalmar Slott\",\"isPartOf\":{\"@id\":\"https:\\\/\\\/kalmarslott.se\\\/de\\\/#website\"},\"primaryImageOfPage\":{\"@id\":\"https:\\\/\\\/kalmarslott.se\\\/de\\\/konferens-modern-guru\\\/#primaryimage\"},\"image\":{\"@id\":\"https:\\\/\\\/kalmarslott.se\\\/de\\\/konferens-modern-guru\\\/#primaryimage\"},\"thumbnailUrl\":\"https:\\\/\\\/kalmarslott.se\\\/wp-content\\\/uploads\\\/2026\\\/04\\\/20260325kalmarslottutstaellningartificialhappiness0431.jpg\",\"datePublished\":\"2026-04-01T12:45:13+00:00\",\"dateModified\":\"2026-04-01T13:58:13+00:00\",\"breadcrumb\":{\"@id\":\"https:\\\/\\\/kalmarslott.se\\\/de\\\/konferens-modern-guru\\\/#breadcrumb\"},\"inLanguage\":\"de\",\"potentialAction\":[{\"@type\":\"ReadAction\",\"target\":[\"https:\\\/\\\/kalmarslott.se\\\/de\\\/konferens-modern-guru\\\/\"]}]},{\"@type\":\"ImageObject\",\"inLanguage\":\"de\",\"@id\":\"https:\\\/\\\/kalmarslott.se\\\/de\\\/konferens-modern-guru\\\/#primaryimage\",\"url\":\"https:\\\/\\\/kalmarslott.se\\\/wp-content\\\/uploads\\\/2026\\\/04\\\/20260325kalmarslottutstaellningartificialhappiness0431.jpg\",\"contentUrl\":\"https:\\\/\\\/kalmarslott.se\\\/wp-content\\\/uploads\\\/2026\\\/04\\\/20260325kalmarslottutstaellningartificialhappiness0431.jpg\",\"width\":1333,\"height\":2000,\"caption\":\"ADAM HUMLESOL\"},{\"@type\":\"BreadcrumbList\",\"@id\":\"https:\\\/\\\/kalmarslott.se\\\/de\\\/konferens-modern-guru\\\/#breadcrumb\",\"itemListElement\":[{\"@type\":\"ListItem\",\"position\":1,\"name\":\"Hem\",\"item\":\"https:\\\/\\\/kalmarslott.se\\\/de\\\/\"},{\"@type\":\"ListItem\",\"position\":2,\"name\":\"Kreativ workshop om AI\"}]},{\"@type\":\"WebSite\",\"@id\":\"https:\\\/\\\/kalmarslott.se\\\/de\\\/#website\",\"url\":\"https:\\\/\\\/kalmarslott.se\\\/de\\\/\",\"name\":\"Kalmar Slott\",\"description\":\"Ett riktigt slott\",\"potentialAction\":[{\"@type\":\"SearchAction\",\"target\":{\"@type\":\"EntryPoint\",\"urlTemplate\":\"https:\\\/\\\/kalmarslott.se\\\/de\\\/?s={search_term_string}\"},\"query-input\":{\"@type\":\"PropertyValueSpecification\",\"valueRequired\":true,\"valueName\":\"search_term_string\"}}],\"inLanguage\":\"de\"}]}<\/script>\n<!-- \/ Yoast SEO plugin. -->","yoast_head_json":{"title":"Kreativ workshop om AI - Kalmar Slott","robots":{"index":"index","follow":"follow","max-snippet":"max-snippet:-1","max-image-preview":"max-image-preview:large","max-video-preview":"max-video-preview:-1"},"canonical":"https:\/\/kalmarslott.se\/de\/konferens-modern-guru\/","og_locale":"de_DE","og_type":"article","og_title":"Kreativ workshop om AI - Kalmar Slott","og_description":"Vill ni g\u00f6ra n\u00e5got kreativt p\u00e5 n\u00e4sta konferens? Kalmar Slott erbjuder en workshop i anslutning till utst\u00e4llningen Modern Guru and the Path to Artificial Happiness. Efter bes\u00f6k och guidning i utst\u00e4llningen reflekterar ni tillsammans kring hur AI och teknikutveckling p\u00e5verkar oss. Aktiviteten kan utg\u00e5 fr\u00e5n, eller l\u00e4gga grunden till, ert f\u00f6retags AI-policy. Delta i en [&hellip;]","og_url":"https:\/\/kalmarslott.se\/de\/konferens-modern-guru\/","og_site_name":"Kalmar Slott","article_modified_time":"2026-04-01T13:58:13+00:00","og_image":[{"width":1333,"height":2000,"url":"https:\/\/kalmarslott.se\/wp-content\/uploads\/2026\/04\/20260325kalmarslottutstaellningartificialhappiness0431.jpg","type":"image\/jpeg"}],"twitter_card":"summary_large_image","twitter_misc":{"Gesch\u00e4tzte Lesezeit":"2\u00a0Minuten"},"schema":{"@context":"https:\/\/schema.org","@graph":[{"@type":"WebPage","@id":"https:\/\/kalmarslott.se\/de\/konferens-modern-guru\/","url":"https:\/\/kalmarslott.se\/de\/konferens-modern-guru\/","name":"Kreativ workshop om AI - Kalmar Slott","isPartOf":{"@id":"https:\/\/kalmarslott.se\/de\/#website"},"primaryImageOfPage":{"@id":"https:\/\/kalmarslott.se\/de\/konferens-modern-guru\/#primaryimage"},"image":{"@id":"https:\/\/kalmarslott.se\/de\/konferens-modern-guru\/#primaryimage"},"thumbnailUrl":"https:\/\/kalmarslott.se\/wp-content\/uploads\/2026\/04\/20260325kalmarslottutstaellningartificialhappiness0431.jpg","datePublished":"2026-04-01T12:45:13+00:00","dateModified":"2026-04-01T13:58:13+00:00","breadcrumb":{"@id":"https:\/\/kalmarslott.se\/de\/konferens-modern-guru\/#breadcrumb"},"inLanguage":"de","potentialAction":[{"@type":"ReadAction","target":["https:\/\/kalmarslott.se\/de\/konferens-modern-guru\/"]}]},{"@type":"ImageObject","inLanguage":"de","@id":"https:\/\/kalmarslott.se\/de\/konferens-modern-guru\/#primaryimage","url":"https:\/\/kalmarslott.se\/wp-content\/uploads\/2026\/04\/20260325kalmarslottutstaellningartificialhappiness0431.jpg","contentUrl":"https:\/\/kalmarslott.se\/wp-content\/uploads\/2026\/04\/20260325kalmarslottutstaellningartificialhappiness0431.jpg","width":1333,"height":2000,"caption":"ADAM HUMLESOL"},{"@type":"BreadcrumbList","@id":"https:\/\/kalmarslott.se\/de\/konferens-modern-guru\/#breadcrumb","itemListElement":[{"@type":"ListItem","position":1,"name":"Hem","item":"https:\/\/kalmarslott.se\/de\/"},{"@type":"ListItem","position":2,"name":"Kreativ workshop om AI"}]},{"@type":"WebSite","@id":"https:\/\/kalmarslott.se\/de\/#website","url":"https:\/\/kalmarslott.se\/de\/","name":"Kalmar Slott","description":"Ett riktigt slott","potentialAction":[{"@type":"SearchAction","target":{"@type":"EntryPoint","urlTemplate":"https:\/\/kalmarslott.se\/de\/?s={search_term_string}"},"query-input":{"@type":"PropertyValueSpecification","valueRequired":true,"valueName":"search_term_string"}}],"inLanguage":"de"}]}},"_links":{"self":[{"href":"https:\/\/kalmarslott.se\/de\/wp-json\/wp\/v2\/pages\/13435","targetHints":{"allow":["GET"]}}],"collection":[{"href":"https:\/\/kalmarslott.se\/de\/wp-json\/wp\/v2\/pages"}],"about":[{"href":"https:\/\/kalmarslott.se\/de\/wp-json\/wp\/v2\/types\/page"}],"author":[{"embeddable":true,"href":"https:\/\/kalmarslott.se\/de\/wp-json\/wp\/v2\/users\/9"}],"replies":[{"embeddable":true,"href":"https:\/\/kalmarslott.se\/de\/wp-json\/wp\/v2\/comments?post=13435"}],"version-history":[{"count":7,"href":"https:\/\/kalmarslott.se\/de\/wp-json\/wp\/v2\/pages\/13435\/revisions"}],"predecessor-version":[{"id":13447,"href":"https:\/\/kalmarslott.se\/de\/wp-json\/wp\/v2\/pages\/13435\/revisions\/13447"}],"wp:featuredmedia":[{"embeddable":true,"href":"https:\/\/kalmarslott.se\/de\/wp-json\/wp\/v2\/media\/13437"}],"wp:attachment":[{"href":"https:\/\/kalmarslott.se\/de\/wp-json\/wp\/v2\/media?parent=13435"}],"curies":[{"name":"wp","href":"https:\/\/api.w.org\/{rel}","templated":true}]}}