{"id":1265,"date":"2022-06-20T10:50:50","date_gmt":"2022-06-20T08:50:50","guid":{"rendered":"https:\/\/kalmarslott.se\/?page_id=1265"},"modified":"2023-06-14T09:43:16","modified_gmt":"2023-06-14T07:43:16","slug":"slottskampen","status":"publish","type":"page","link":"https:\/\/kalmarslott.se\/de\/se-gora\/barnens-slott\/slottskampen\/","title":{"rendered":"Slottskampen"},"content":{"rendered":"<p><span style=\"font-weight: 400;\">I Slottskampen har du chansen att utf\u00f6ra riktiga stord\u00e5d! \u00c4ventyret b\u00f6rjar redan n\u00e4r du stiger in p\u00e5 borgg\u00e5rden och kl\u00e4r p\u00e5 dig manteln. Pl\u00f6tsligt befinner du dig i b\u00f6rjan av 1500-talet och ska f\u00f6rsvara Kalmar Slott fr\u00e5n fienden.<\/span><\/p>\n<p><span style=\"font-weight: 400;\">D\u00e4refter f\u00f6ljer den ena utmaningen efter den andra. Vad s\u00e4gs t.ex. om att f\u00f6rs\u00f6ka besegra en drake, studera stj\u00e4rnorna hos Astro eller tr\u00e4na tillsammans med Svarte Riddaren? I slutet av \u00e4ventyret dubbas du till riddare, hertig eller prinsessa i en h\u00f6gtidlig ceremoni, ikl\u00e4dd den vackraste av dr\u00e4kter. F\u00f6r\u00e4ldrar och annat patrask f\u00e5r f\u00f6lja med, men stannar f\u00f6rst\u00e5s utanf\u00f6r skranket.<\/span><\/p>\n<h2><span style=\"font-weight: 400;\">\u00c5ldersgr\u00e4ns<\/span><\/h2>\n<p><span style=\"font-weight: 400;\">F\u00f6r barn fr\u00e5n 7 \u00e5r.<\/span><\/p>\n<h2><span style=\"font-weight: 400;\">Tid<\/span><\/h2>\n<p><span style=\"font-weight: 400;\">Slottskampen best\u00e5r av 10 utmaningar och p\u00e5g\u00e5r fram till kl. 17. Sista tiden f\u00f6r anm\u00e4lan till Slottskampen kl. 15.45.\u00a0<\/span><\/p>\n<p>&nbsp;<\/p>\n<p><img loading=\"lazy\" decoding=\"async\" class=\"alignnone wp-image-663 size-large\" src=\"https:\/\/kalmarslott.se\/wp-content\/uploads\/2022\/06\/slottskampenduellikamparringen-1024x683.jpg\" alt=\"\" width=\"1024\" height=\"683\" srcset=\"https:\/\/kalmarslott.se\/wp-content\/uploads\/2022\/06\/slottskampenduellikamparringen-1024x683.jpg 1024w, https:\/\/kalmarslott.se\/wp-content\/uploads\/2022\/06\/slottskampenduellikamparringen-300x200.jpg 300w, https:\/\/kalmarslott.se\/wp-content\/uploads\/2022\/06\/slottskampenduellikamparringen-768x512.jpg 768w, https:\/\/kalmarslott.se\/wp-content\/uploads\/2022\/06\/slottskampenduellikamparringen-1536x1024.jpg 1536w, https:\/\/kalmarslott.se\/wp-content\/uploads\/2022\/06\/slottskampenduellikamparringen-2048x1365.jpg 2048w, https:\/\/kalmarslott.se\/wp-content\/uploads\/2022\/06\/slottskampenduellikamparringen-600x400.jpg 600w\" sizes=\"auto, (max-width: 1024px) 100vw, 1024px\" \/><\/p>\n<p>&nbsp;<\/p>\n","protected":false},"excerpt":{"rendered":"<p>I Slottskampen har du chansen att utf\u00f6ra riktiga stord\u00e5d! \u00c4ventyret b\u00f6rjar redan n\u00e4r du stiger in p\u00e5 borgg\u00e5rden och kl\u00e4r p\u00e5 dig manteln. Pl\u00f6tsligt befinner du dig i b\u00f6rjan av 1500-talet och ska f\u00f6rsvara Kalmar Slott fr\u00e5n fienden. D\u00e4refter f\u00f6ljer den ena utmaningen efter den andra. Vad s\u00e4gs t.ex. om att f\u00f6rs\u00f6ka besegra en drake, [&hellip;]<\/p>\n","protected":false},"author":1,"featured_media":663,"parent":1222,"menu_order":0,"comment_status":"closed","ping_status":"closed","template":"","meta":{"_acf_changed":false,"footnotes":""},"class_list":["post-1265","page","type-page","status-publish","has-post-thumbnail","hentry"],"acf":[],"yoast_head":"<!-- This site is optimized with the Yoast SEO plugin v27.3 - https:\/\/yoast.com\/product\/yoast-seo-wordpress\/ -->\n<title>Slottskampen - Kalmar Slott<\/title>\n<meta name=\"robots\" content=\"index, follow, max-snippet:-1, max-image-preview:large, max-video-preview:-1\" \/>\n<link rel=\"canonical\" href=\"https:\/\/kalmarslott.se\/de\/se-gora\/barnens-slott\/slottskampen\/\" \/>\n<meta property=\"og:locale\" content=\"de_DE\" \/>\n<meta property=\"og:type\" content=\"article\" \/>\n<meta property=\"og:title\" content=\"Slottskampen - Kalmar Slott\" \/>\n<meta property=\"og:description\" content=\"I Slottskampen har du chansen att utf\u00f6ra riktiga stord\u00e5d! \u00c4ventyret b\u00f6rjar redan n\u00e4r du stiger in p\u00e5 borgg\u00e5rden och kl\u00e4r p\u00e5 dig manteln. Pl\u00f6tsligt befinner du dig i b\u00f6rjan av 1500-talet och ska f\u00f6rsvara Kalmar Slott fr\u00e5n fienden. D\u00e4refter f\u00f6ljer den ena utmaningen efter den andra. Vad s\u00e4gs t.ex. om att f\u00f6rs\u00f6ka besegra en drake, [&hellip;]\" \/>\n<meta property=\"og:url\" content=\"https:\/\/kalmarslott.se\/de\/se-gora\/barnens-slott\/slottskampen\/\" \/>\n<meta property=\"og:site_name\" content=\"Kalmar Slott\" \/>\n<meta property=\"article:modified_time\" content=\"2023-06-14T07:43:16+00:00\" \/>\n<meta property=\"og:image\" content=\"https:\/\/kalmarslott.se\/wp-content\/uploads\/2022\/06\/slottskampenduellikamparringen-scaled.jpg\" \/>\n\t<meta property=\"og:image:width\" content=\"2560\" \/>\n\t<meta property=\"og:image:height\" content=\"1707\" \/>\n\t<meta property=\"og:image:type\" content=\"image\/jpeg\" \/>\n<meta name=\"twitter:card\" content=\"summary_large_image\" \/>\n<meta name=\"twitter:label1\" content=\"Gesch\u00e4tzte Lesezeit\" \/>\n\t<meta name=\"twitter:data1\" content=\"1\u00a0Minute\" \/>\n<script type=\"application\/ld+json\" class=\"yoast-schema-graph\">{\"@context\":\"https:\\\/\\\/schema.org\",\"@graph\":[{\"@type\":\"WebPage\",\"@id\":\"https:\\\/\\\/kalmarslott.se\\\/de\\\/se-gora\\\/barnens-slott\\\/slottskampen\\\/\",\"url\":\"https:\\\/\\\/kalmarslott.se\\\/de\\\/se-gora\\\/barnens-slott\\\/slottskampen\\\/\",\"name\":\"Slottskampen - Kalmar Slott\",\"isPartOf\":{\"@id\":\"https:\\\/\\\/kalmarslott.se\\\/de\\\/#website\"},\"primaryImageOfPage\":{\"@id\":\"https:\\\/\\\/kalmarslott.se\\\/de\\\/se-gora\\\/barnens-slott\\\/slottskampen\\\/#primaryimage\"},\"image\":{\"@id\":\"https:\\\/\\\/kalmarslott.se\\\/de\\\/se-gora\\\/barnens-slott\\\/slottskampen\\\/#primaryimage\"},\"thumbnailUrl\":\"https:\\\/\\\/kalmarslott.se\\\/wp-content\\\/uploads\\\/2022\\\/06\\\/slottskampenduellikamparringen-scaled.jpg\",\"datePublished\":\"2022-06-20T08:50:50+00:00\",\"dateModified\":\"2023-06-14T07:43:16+00:00\",\"breadcrumb\":{\"@id\":\"https:\\\/\\\/kalmarslott.se\\\/de\\\/se-gora\\\/barnens-slott\\\/slottskampen\\\/#breadcrumb\"},\"inLanguage\":\"de\",\"potentialAction\":[{\"@type\":\"ReadAction\",\"target\":[\"https:\\\/\\\/kalmarslott.se\\\/de\\\/se-gora\\\/barnens-slott\\\/slottskampen\\\/\"]}]},{\"@type\":\"ImageObject\",\"inLanguage\":\"de\",\"@id\":\"https:\\\/\\\/kalmarslott.se\\\/de\\\/se-gora\\\/barnens-slott\\\/slottskampen\\\/#primaryimage\",\"url\":\"https:\\\/\\\/kalmarslott.se\\\/wp-content\\\/uploads\\\/2022\\\/06\\\/slottskampenduellikamparringen-scaled.jpg\",\"contentUrl\":\"https:\\\/\\\/kalmarslott.se\\\/wp-content\\\/uploads\\\/2022\\\/06\\\/slottskampenduellikamparringen-scaled.jpg\",\"width\":2560,\"height\":1707,\"caption\":\"Se & g\u00f6ra Kalmar slott - Slottskampen Duell\"},{\"@type\":\"BreadcrumbList\",\"@id\":\"https:\\\/\\\/kalmarslott.se\\\/de\\\/se-gora\\\/barnens-slott\\\/slottskampen\\\/#breadcrumb\",\"itemListElement\":[{\"@type\":\"ListItem\",\"position\":1,\"name\":\"Hem\",\"item\":\"https:\\\/\\\/kalmarslott.se\\\/de\\\/\"},{\"@type\":\"ListItem\",\"position\":2,\"name\":\"Se &#038; g\u00f6ra\",\"item\":\"https:\\\/\\\/kalmarslott.se\\\/de\\\/se-gora\\\/\"},{\"@type\":\"ListItem\",\"position\":3,\"name\":\"Barnens Slott\",\"item\":\"https:\\\/\\\/kalmarslott.se\\\/de\\\/se-gora\\\/barnens-slott\\\/\"},{\"@type\":\"ListItem\",\"position\":4,\"name\":\"Slottskampen\"}]},{\"@type\":\"WebSite\",\"@id\":\"https:\\\/\\\/kalmarslott.se\\\/de\\\/#website\",\"url\":\"https:\\\/\\\/kalmarslott.se\\\/de\\\/\",\"name\":\"Kalmar Slott\",\"description\":\"Ett riktigt slott\",\"potentialAction\":[{\"@type\":\"SearchAction\",\"target\":{\"@type\":\"EntryPoint\",\"urlTemplate\":\"https:\\\/\\\/kalmarslott.se\\\/de\\\/?s={search_term_string}\"},\"query-input\":{\"@type\":\"PropertyValueSpecification\",\"valueRequired\":true,\"valueName\":\"search_term_string\"}}],\"inLanguage\":\"de\"}]}<\/script>\n<!-- \/ Yoast SEO plugin. -->","yoast_head_json":{"title":"Slottskampen - Kalmar Slott","robots":{"index":"index","follow":"follow","max-snippet":"max-snippet:-1","max-image-preview":"max-image-preview:large","max-video-preview":"max-video-preview:-1"},"canonical":"https:\/\/kalmarslott.se\/de\/se-gora\/barnens-slott\/slottskampen\/","og_locale":"de_DE","og_type":"article","og_title":"Slottskampen - Kalmar Slott","og_description":"I Slottskampen har du chansen att utf\u00f6ra riktiga stord\u00e5d! \u00c4ventyret b\u00f6rjar redan n\u00e4r du stiger in p\u00e5 borgg\u00e5rden och kl\u00e4r p\u00e5 dig manteln. Pl\u00f6tsligt befinner du dig i b\u00f6rjan av 1500-talet och ska f\u00f6rsvara Kalmar Slott fr\u00e5n fienden. D\u00e4refter f\u00f6ljer den ena utmaningen efter den andra. Vad s\u00e4gs t.ex. om att f\u00f6rs\u00f6ka besegra en drake, [&hellip;]","og_url":"https:\/\/kalmarslott.se\/de\/se-gora\/barnens-slott\/slottskampen\/","og_site_name":"Kalmar Slott","article_modified_time":"2023-06-14T07:43:16+00:00","og_image":[{"width":2560,"height":1707,"url":"https:\/\/kalmarslott.se\/wp-content\/uploads\/2022\/06\/slottskampenduellikamparringen-scaled.jpg","type":"image\/jpeg"}],"twitter_card":"summary_large_image","twitter_misc":{"Gesch\u00e4tzte Lesezeit":"1\u00a0Minute"},"schema":{"@context":"https:\/\/schema.org","@graph":[{"@type":"WebPage","@id":"https:\/\/kalmarslott.se\/de\/se-gora\/barnens-slott\/slottskampen\/","url":"https:\/\/kalmarslott.se\/de\/se-gora\/barnens-slott\/slottskampen\/","name":"Slottskampen - Kalmar Slott","isPartOf":{"@id":"https:\/\/kalmarslott.se\/de\/#website"},"primaryImageOfPage":{"@id":"https:\/\/kalmarslott.se\/de\/se-gora\/barnens-slott\/slottskampen\/#primaryimage"},"image":{"@id":"https:\/\/kalmarslott.se\/de\/se-gora\/barnens-slott\/slottskampen\/#primaryimage"},"thumbnailUrl":"https:\/\/kalmarslott.se\/wp-content\/uploads\/2022\/06\/slottskampenduellikamparringen-scaled.jpg","datePublished":"2022-06-20T08:50:50+00:00","dateModified":"2023-06-14T07:43:16+00:00","breadcrumb":{"@id":"https:\/\/kalmarslott.se\/de\/se-gora\/barnens-slott\/slottskampen\/#breadcrumb"},"inLanguage":"de","potentialAction":[{"@type":"ReadAction","target":["https:\/\/kalmarslott.se\/de\/se-gora\/barnens-slott\/slottskampen\/"]}]},{"@type":"ImageObject","inLanguage":"de","@id":"https:\/\/kalmarslott.se\/de\/se-gora\/barnens-slott\/slottskampen\/#primaryimage","url":"https:\/\/kalmarslott.se\/wp-content\/uploads\/2022\/06\/slottskampenduellikamparringen-scaled.jpg","contentUrl":"https:\/\/kalmarslott.se\/wp-content\/uploads\/2022\/06\/slottskampenduellikamparringen-scaled.jpg","width":2560,"height":1707,"caption":"Se & g\u00f6ra Kalmar slott - Slottskampen Duell"},{"@type":"BreadcrumbList","@id":"https:\/\/kalmarslott.se\/de\/se-gora\/barnens-slott\/slottskampen\/#breadcrumb","itemListElement":[{"@type":"ListItem","position":1,"name":"Hem","item":"https:\/\/kalmarslott.se\/de\/"},{"@type":"ListItem","position":2,"name":"Se &#038; g\u00f6ra","item":"https:\/\/kalmarslott.se\/de\/se-gora\/"},{"@type":"ListItem","position":3,"name":"Barnens Slott","item":"https:\/\/kalmarslott.se\/de\/se-gora\/barnens-slott\/"},{"@type":"ListItem","position":4,"name":"Slottskampen"}]},{"@type":"WebSite","@id":"https:\/\/kalmarslott.se\/de\/#website","url":"https:\/\/kalmarslott.se\/de\/","name":"Kalmar Slott","description":"Ett riktigt slott","potentialAction":[{"@type":"SearchAction","target":{"@type":"EntryPoint","urlTemplate":"https:\/\/kalmarslott.se\/de\/?s={search_term_string}"},"query-input":{"@type":"PropertyValueSpecification","valueRequired":true,"valueName":"search_term_string"}}],"inLanguage":"de"}]}},"_links":{"self":[{"href":"https:\/\/kalmarslott.se\/de\/wp-json\/wp\/v2\/pages\/1265","targetHints":{"allow":["GET"]}}],"collection":[{"href":"https:\/\/kalmarslott.se\/de\/wp-json\/wp\/v2\/pages"}],"about":[{"href":"https:\/\/kalmarslott.se\/de\/wp-json\/wp\/v2\/types\/page"}],"author":[{"embeddable":true,"href":"https:\/\/kalmarslott.se\/de\/wp-json\/wp\/v2\/users\/1"}],"replies":[{"embeddable":true,"href":"https:\/\/kalmarslott.se\/de\/wp-json\/wp\/v2\/comments?post=1265"}],"version-history":[{"count":4,"href":"https:\/\/kalmarslott.se\/de\/wp-json\/wp\/v2\/pages\/1265\/revisions"}],"predecessor-version":[{"id":6835,"href":"https:\/\/kalmarslott.se\/de\/wp-json\/wp\/v2\/pages\/1265\/revisions\/6835"}],"up":[{"embeddable":true,"href":"https:\/\/kalmarslott.se\/de\/wp-json\/wp\/v2\/pages\/1222"}],"wp:featuredmedia":[{"embeddable":true,"href":"https:\/\/kalmarslott.se\/de\/wp-json\/wp\/v2\/media\/663"}],"wp:attachment":[{"href":"https:\/\/kalmarslott.se\/de\/wp-json\/wp\/v2\/media?parent=1265"}],"curies":[{"name":"wp","href":"https:\/\/api.w.org\/{rel}","templated":true}]}}