{"id":9740,"date":"2023-10-11T08:35:51","date_gmt":"2023-10-11T06:35:51","guid":{"rendered":"https:\/\/kalmarslott.se\/?page_id=9740"},"modified":"2024-10-09T16:16:47","modified_gmt":"2024-10-09T14:16:47","slug":"fest-og-middag","status":"publish","type":"page","link":"https:\/\/kalmarslott.se\/da\/fest-og-middag\/","title":{"rendered":"Fest og middag"},"content":{"rendered":"<p><strong>Vores festsal er tilg\u00e6ngelig \u00e5ret rundt til bryllupper, middage, konferencer og fester. Vores lokaler er meget fleksible, og vi kan rumme op til 240 personer.<\/strong><\/p>\n<p>Dr\u00f8mmer du om at holde et kongeligt bryllup p\u00e5 et rigtigt slot?<\/p>\n<p>Kalmar Slottskirke er et af de mest popul\u00e6re bryllupssteder i Sverige. Efter ceremonien byder vi p\u00e5 vores borde p\u00e5 vores smukke restaurant. Vi laver menuen efter dine \u00f8nsker. Vi s\u00f8rger gerne for underholdning, en guidet tur gennem slottet eller passer p\u00e5 andre behov og \u00f8nsker, du m\u00e5tte have.<\/p>\n<p>For at bestille en bryllupsmiddag bedes du kontakte os. For at booke Slotskirken kontakt venligst Den Svenske Kirke i Kalmar.<\/p>\n<h2>Konference<\/h2>\n<p>At m\u00f8des i et historisk milj\u00f8 er b\u00e5de inspirerende og l\u00e6rerigt. Vi tilbyder moderne konferenceudstyr og lokaler, der kan rumme op til 240 personer. Et m\u00f8de eller konference p\u00e5 Kalmar Slot kan tilrettel\u00e6gges helt efter dine \u00f8nsker og behov. Vi vil hj\u00e6lpe med alt, hvad vi kan, og vi er vant til at tilf\u00f8je guldkant til vigtige m\u00f8der og arrangementer.<\/p>\n<h2>Aftensmad<\/h2>\n<p>Er du en virksomhed eller en st\u00f8rre fest, som gerne vil have et s\u00e6rligt arrangement til dit arrangement, s\u00e5 kontakt os venligst for at lave en reservation!<\/p>\n<p><img loading=\"lazy\" decoding=\"async\" class=\"alignleft wp-image-9749 size-large\" src=\"https:\/\/kalmarslott.se\/wp-content\/uploads\/2024\/10\/slottsrestaurangen-28-1024x683.jpg\" alt=\"\" width=\"1024\" height=\"683\" srcset=\"https:\/\/kalmarslott.se\/wp-content\/uploads\/2024\/10\/slottsrestaurangen-28-1024x683.jpg 1024w, https:\/\/kalmarslott.se\/wp-content\/uploads\/2024\/10\/slottsrestaurangen-28-300x200.jpg 300w, https:\/\/kalmarslott.se\/wp-content\/uploads\/2024\/10\/slottsrestaurangen-28-768x512.jpg 768w, https:\/\/kalmarslott.se\/wp-content\/uploads\/2024\/10\/slottsrestaurangen-28-1536x1024.jpg 1536w, https:\/\/kalmarslott.se\/wp-content\/uploads\/2024\/10\/slottsrestaurangen-28-2048x1365.jpg 2048w, https:\/\/kalmarslott.se\/wp-content\/uploads\/2024\/10\/slottsrestaurangen-28-600x400.jpg 600w\" sizes=\"auto, (max-width: 1024px) 100vw, 1024px\" \/><\/p>\n<figure id=\"attachment_9741\" aria-describedby=\"caption-attachment-9741\" style=\"width: 1024px\" class=\"wp-caption alignleft\"><img loading=\"lazy\" decoding=\"async\" class=\"wp-image-9741 size-large\" src=\"https:\/\/kalmarslott.se\/wp-content\/uploads\/2024\/10\/20211112humlesolkskonferens1719-1024x683.jpg\" alt=\"\" width=\"1024\" height=\"683\" srcset=\"https:\/\/kalmarslott.se\/wp-content\/uploads\/2024\/10\/20211112humlesolkskonferens1719-1024x683.jpg 1024w, https:\/\/kalmarslott.se\/wp-content\/uploads\/2024\/10\/20211112humlesolkskonferens1719-300x200.jpg 300w, https:\/\/kalmarslott.se\/wp-content\/uploads\/2024\/10\/20211112humlesolkskonferens1719-768x512.jpg 768w, https:\/\/kalmarslott.se\/wp-content\/uploads\/2024\/10\/20211112humlesolkskonferens1719-1536x1024.jpg 1536w, https:\/\/kalmarslott.se\/wp-content\/uploads\/2024\/10\/20211112humlesolkskonferens1719-2048x1365.jpg 2048w, https:\/\/kalmarslott.se\/wp-content\/uploads\/2024\/10\/20211112humlesolkskonferens1719-600x400.jpg 600w\" sizes=\"auto, (max-width: 1024px) 100vw, 1024px\" \/><figcaption id=\"caption-attachment-9741\" class=\"wp-caption-text\">Adam Humlesol<\/figcaption><\/figure>\n","protected":false},"excerpt":{"rendered":"<p>Vores festsal er tilg\u00e6ngelig \u00e5ret rundt til bryllupper, middage, konferencer og fester. Vores lokaler er meget fleksible, og vi kan rumme op til 240 personer. Dr\u00f8mmer du om at holde et kongeligt bryllup p\u00e5 et rigtigt slot? Kalmar Slottskirke er et af de mest popul\u00e6re bryllupssteder i Sverige. Efter ceremonien byder vi p\u00e5 vores borde [&hellip;]<\/p>\n","protected":false},"author":5,"featured_media":9741,"parent":0,"menu_order":0,"comment_status":"closed","ping_status":"closed","template":"","meta":{"_acf_changed":false,"footnotes":""},"class_list":["post-9740","page","type-page","status-publish","has-post-thumbnail","hentry"],"acf":[],"yoast_head":"<!-- This site is optimized with the Yoast SEO plugin v27.3 - https:\/\/yoast.com\/product\/yoast-seo-wordpress\/ -->\n<title>Fest og middag - Kalmar Slott<\/title>\n<meta name=\"robots\" content=\"index, follow, max-snippet:-1, max-image-preview:large, max-video-preview:-1\" \/>\n<link rel=\"canonical\" href=\"https:\/\/kalmarslott.se\/da\/fest-og-middag\/\" \/>\n<meta property=\"og:locale\" content=\"da_DK\" \/>\n<meta property=\"og:type\" content=\"article\" \/>\n<meta property=\"og:title\" content=\"Fest og middag - Kalmar Slott\" \/>\n<meta property=\"og:description\" content=\"Vores festsal er tilg\u00e6ngelig \u00e5ret rundt til bryllupper, middage, konferencer og fester. Vores lokaler er meget fleksible, og vi kan rumme op til 240 personer. Dr\u00f8mmer du om at holde et kongeligt bryllup p\u00e5 et rigtigt slot? Kalmar Slottskirke er et af de mest popul\u00e6re bryllupssteder i Sverige. Efter ceremonien byder vi p\u00e5 vores borde [&hellip;]\" \/>\n<meta property=\"og:url\" content=\"https:\/\/kalmarslott.se\/da\/fest-og-middag\/\" \/>\n<meta property=\"og:site_name\" content=\"Kalmar Slott\" \/>\n<meta property=\"article:modified_time\" content=\"2024-10-09T14:16:47+00:00\" \/>\n<meta property=\"og:image\" content=\"https:\/\/kalmarslott.se\/wp-content\/uploads\/2024\/10\/20211112humlesolkskonferens1719-scaled.jpg\" \/>\n\t<meta property=\"og:image:width\" content=\"2560\" \/>\n\t<meta property=\"og:image:height\" content=\"1707\" \/>\n\t<meta property=\"og:image:type\" content=\"image\/jpeg\" \/>\n<meta name=\"twitter:card\" content=\"summary_large_image\" \/>\n<meta name=\"twitter:label1\" content=\"Estimeret l\u00e6setid\" \/>\n\t<meta name=\"twitter:data1\" content=\"2 minutter\" \/>\n<script type=\"application\/ld+json\" class=\"yoast-schema-graph\">{\"@context\":\"https:\\\/\\\/schema.org\",\"@graph\":[{\"@type\":\"WebPage\",\"@id\":\"https:\\\/\\\/kalmarslott.se\\\/da\\\/fest-og-middag\\\/\",\"url\":\"https:\\\/\\\/kalmarslott.se\\\/da\\\/fest-og-middag\\\/\",\"name\":\"Fest og middag - Kalmar Slott\",\"isPartOf\":{\"@id\":\"https:\\\/\\\/kalmarslott.se\\\/da\\\/#website\"},\"primaryImageOfPage\":{\"@id\":\"https:\\\/\\\/kalmarslott.se\\\/da\\\/fest-og-middag\\\/#primaryimage\"},\"image\":{\"@id\":\"https:\\\/\\\/kalmarslott.se\\\/da\\\/fest-og-middag\\\/#primaryimage\"},\"thumbnailUrl\":\"https:\\\/\\\/kalmarslott.se\\\/wp-content\\\/uploads\\\/2024\\\/10\\\/20211112humlesolkskonferens1719-scaled.jpg\",\"datePublished\":\"2023-10-11T06:35:51+00:00\",\"dateModified\":\"2024-10-09T14:16:47+00:00\",\"breadcrumb\":{\"@id\":\"https:\\\/\\\/kalmarslott.se\\\/da\\\/fest-og-middag\\\/#breadcrumb\"},\"inLanguage\":\"da-DK\",\"potentialAction\":[{\"@type\":\"ReadAction\",\"target\":[\"https:\\\/\\\/kalmarslott.se\\\/da\\\/fest-og-middag\\\/\"]}]},{\"@type\":\"ImageObject\",\"inLanguage\":\"da-DK\",\"@id\":\"https:\\\/\\\/kalmarslott.se\\\/da\\\/fest-og-middag\\\/#primaryimage\",\"url\":\"https:\\\/\\\/kalmarslott.se\\\/wp-content\\\/uploads\\\/2024\\\/10\\\/20211112humlesolkskonferens1719-scaled.jpg\",\"contentUrl\":\"https:\\\/\\\/kalmarslott.se\\\/wp-content\\\/uploads\\\/2024\\\/10\\\/20211112humlesolkskonferens1719-scaled.jpg\",\"width\":2560,\"height\":1707,\"caption\":\"Adam Humlesol\"},{\"@type\":\"BreadcrumbList\",\"@id\":\"https:\\\/\\\/kalmarslott.se\\\/da\\\/fest-og-middag\\\/#breadcrumb\",\"itemListElement\":[{\"@type\":\"ListItem\",\"position\":1,\"name\":\"Hem\",\"item\":\"https:\\\/\\\/kalmarslott.se\\\/da\\\/\"},{\"@type\":\"ListItem\",\"position\":2,\"name\":\"Fest og middag\"}]},{\"@type\":\"WebSite\",\"@id\":\"https:\\\/\\\/kalmarslott.se\\\/da\\\/#website\",\"url\":\"https:\\\/\\\/kalmarslott.se\\\/da\\\/\",\"name\":\"Kalmar Slott\",\"description\":\"Ett riktigt slott\",\"potentialAction\":[{\"@type\":\"SearchAction\",\"target\":{\"@type\":\"EntryPoint\",\"urlTemplate\":\"https:\\\/\\\/kalmarslott.se\\\/da\\\/?s={search_term_string}\"},\"query-input\":{\"@type\":\"PropertyValueSpecification\",\"valueRequired\":true,\"valueName\":\"search_term_string\"}}],\"inLanguage\":\"da-DK\"}]}<\/script>\n<!-- \/ Yoast SEO plugin. -->","yoast_head_json":{"title":"Fest og middag - Kalmar Slott","robots":{"index":"index","follow":"follow","max-snippet":"max-snippet:-1","max-image-preview":"max-image-preview:large","max-video-preview":"max-video-preview:-1"},"canonical":"https:\/\/kalmarslott.se\/da\/fest-og-middag\/","og_locale":"da_DK","og_type":"article","og_title":"Fest og middag - Kalmar Slott","og_description":"Vores festsal er tilg\u00e6ngelig \u00e5ret rundt til bryllupper, middage, konferencer og fester. Vores lokaler er meget fleksible, og vi kan rumme op til 240 personer. Dr\u00f8mmer du om at holde et kongeligt bryllup p\u00e5 et rigtigt slot? Kalmar Slottskirke er et af de mest popul\u00e6re bryllupssteder i Sverige. Efter ceremonien byder vi p\u00e5 vores borde [&hellip;]","og_url":"https:\/\/kalmarslott.se\/da\/fest-og-middag\/","og_site_name":"Kalmar Slott","article_modified_time":"2024-10-09T14:16:47+00:00","og_image":[{"width":2560,"height":1707,"url":"https:\/\/kalmarslott.se\/wp-content\/uploads\/2024\/10\/20211112humlesolkskonferens1719-scaled.jpg","type":"image\/jpeg"}],"twitter_card":"summary_large_image","twitter_misc":{"Estimeret l\u00e6setid":"2 minutter"},"schema":{"@context":"https:\/\/schema.org","@graph":[{"@type":"WebPage","@id":"https:\/\/kalmarslott.se\/da\/fest-og-middag\/","url":"https:\/\/kalmarslott.se\/da\/fest-og-middag\/","name":"Fest og middag - Kalmar Slott","isPartOf":{"@id":"https:\/\/kalmarslott.se\/da\/#website"},"primaryImageOfPage":{"@id":"https:\/\/kalmarslott.se\/da\/fest-og-middag\/#primaryimage"},"image":{"@id":"https:\/\/kalmarslott.se\/da\/fest-og-middag\/#primaryimage"},"thumbnailUrl":"https:\/\/kalmarslott.se\/wp-content\/uploads\/2024\/10\/20211112humlesolkskonferens1719-scaled.jpg","datePublished":"2023-10-11T06:35:51+00:00","dateModified":"2024-10-09T14:16:47+00:00","breadcrumb":{"@id":"https:\/\/kalmarslott.se\/da\/fest-og-middag\/#breadcrumb"},"inLanguage":"da-DK","potentialAction":[{"@type":"ReadAction","target":["https:\/\/kalmarslott.se\/da\/fest-og-middag\/"]}]},{"@type":"ImageObject","inLanguage":"da-DK","@id":"https:\/\/kalmarslott.se\/da\/fest-og-middag\/#primaryimage","url":"https:\/\/kalmarslott.se\/wp-content\/uploads\/2024\/10\/20211112humlesolkskonferens1719-scaled.jpg","contentUrl":"https:\/\/kalmarslott.se\/wp-content\/uploads\/2024\/10\/20211112humlesolkskonferens1719-scaled.jpg","width":2560,"height":1707,"caption":"Adam Humlesol"},{"@type":"BreadcrumbList","@id":"https:\/\/kalmarslott.se\/da\/fest-og-middag\/#breadcrumb","itemListElement":[{"@type":"ListItem","position":1,"name":"Hem","item":"https:\/\/kalmarslott.se\/da\/"},{"@type":"ListItem","position":2,"name":"Fest og middag"}]},{"@type":"WebSite","@id":"https:\/\/kalmarslott.se\/da\/#website","url":"https:\/\/kalmarslott.se\/da\/","name":"Kalmar Slott","description":"Ett riktigt slott","potentialAction":[{"@type":"SearchAction","target":{"@type":"EntryPoint","urlTemplate":"https:\/\/kalmarslott.se\/da\/?s={search_term_string}"},"query-input":{"@type":"PropertyValueSpecification","valueRequired":true,"valueName":"search_term_string"}}],"inLanguage":"da-DK"}]}},"_links":{"self":[{"href":"https:\/\/kalmarslott.se\/da\/wp-json\/wp\/v2\/pages\/9740","targetHints":{"allow":["GET"]}}],"collection":[{"href":"https:\/\/kalmarslott.se\/da\/wp-json\/wp\/v2\/pages"}],"about":[{"href":"https:\/\/kalmarslott.se\/da\/wp-json\/wp\/v2\/types\/page"}],"author":[{"embeddable":true,"href":"https:\/\/kalmarslott.se\/da\/wp-json\/wp\/v2\/users\/5"}],"replies":[{"embeddable":true,"href":"https:\/\/kalmarslott.se\/da\/wp-json\/wp\/v2\/comments?post=9740"}],"version-history":[{"count":1,"href":"https:\/\/kalmarslott.se\/da\/wp-json\/wp\/v2\/pages\/9740\/revisions"}],"predecessor-version":[{"id":9753,"href":"https:\/\/kalmarslott.se\/da\/wp-json\/wp\/v2\/pages\/9740\/revisions\/9753"}],"wp:featuredmedia":[{"embeddable":true,"href":"https:\/\/kalmarslott.se\/da\/wp-json\/wp\/v2\/media\/9741"}],"wp:attachment":[{"href":"https:\/\/kalmarslott.se\/da\/wp-json\/wp\/v2\/media?parent=9740"}],"curies":[{"name":"wp","href":"https:\/\/api.w.org\/{rel}","templated":true}]}}