{"id":9731,"date":"2022-06-10T23:39:11","date_gmt":"2022-06-10T21:39:11","guid":{"rendered":"https:\/\/kalmarslott.se\/restaurant\/dining\/"},"modified":"2024-10-09T16:18:41","modified_gmt":"2024-10-09T14:18:41","slug":"spisning","status":"publish","type":"page","link":"https:\/\/kalmarslott.se\/da\/restaurant\/spisning\/","title":{"rendered":"Spisning"},"content":{"rendered":"<p><strong>Kalmar Slotsrestaurant tilbyder uds\u00f8gte m\u00e5ltider og l\u00e6kre desserter. Sm\u00e5 grupper er lige s\u00e5 velkomne som store virksomheder. Vores restaurant g\u00f8r altid alt for at sikre, at du f\u00e5r en uforglemmelig aften p\u00e5 slottet.<\/strong><\/p>\n<p>I slotsv\u00e6rternes spisesal inviteres der til kulinariske oplevelser, der er et 800 \u00e5r gammelt slot v\u00e6rdigt. Menuen er varieret og skifter alt efter \u00e5rstid, produkter og inspiration. Her kan du nyde de bedste r\u00e5varer, regionale delikatesser og unikke smagsoplevelser. Restauranten str\u00e6ber efter at overraske dig med noget nyt, hver gang du bes\u00f8ger.<\/p>\n<p>En middag i spisestuen begynder med et hyggeligt samv\u00e6r og en pr\u00e6sentation af aftenens menu. Kurserne serveres derefter med de tilh\u00f8rende drikkevarer. Du kan v\u00e6lge mellem en lille eller stor smagsmenu. Ved forudbestilling bedes du fort\u00e6lle os, om der skal tages hensyn til eventuelle intolerancer.<\/p>\n<h2>Bog<\/h2>\n<p>Borde kan bestilles p\u00e5 e-mail p\u00e5 <a href=\"mailto:slottsrestaurangen@postgatan.nu\">slottsrestaurangen@postgatan.nu<\/a> eller p\u00e5 telefon p\u00e5 +46(0) 480-10282.<br \/>\nSend venligst forudbestillinger til konference til <a href=\"mailto:kalmarslott@kalmar.com\">kalmarslott@kalmar.com<\/a>.<\/p>\n<p><img loading=\"lazy\" decoding=\"async\" class=\"alignnone wp-image-1699 size-large\" src=\"https:\/\/kalmarslott.se\/wp-content\/uploads\/2022\/06\/restaurantdiningtable-1024x683.jpg\" alt=\"\" width=\"1024\" height=\"683\" srcset=\"https:\/\/kalmarslott.se\/wp-content\/uploads\/2022\/06\/restaurantdiningtable-1024x683.jpg 1024w, https:\/\/kalmarslott.se\/wp-content\/uploads\/2022\/06\/restaurantdiningtable-300x200.jpg 300w, https:\/\/kalmarslott.se\/wp-content\/uploads\/2022\/06\/restaurantdiningtable-768x512.jpg 768w, https:\/\/kalmarslott.se\/wp-content\/uploads\/2022\/06\/restaurantdiningtable-1536x1024.jpg 1536w, https:\/\/kalmarslott.se\/wp-content\/uploads\/2022\/06\/restaurantdiningtable-600x400.jpg 600w\" sizes=\"auto, (max-width: 1024px) 100vw, 1024px\" \/><\/p>\n","protected":false},"excerpt":{"rendered":"<p>Kalmar Slotsrestaurant tilbyder uds\u00f8gte m\u00e5ltider og l\u00e6kre desserter. Sm\u00e5 grupper er lige s\u00e5 velkomne som store virksomheder. Vores restaurant g\u00f8r altid alt for at sikre, at du f\u00e5r en uforglemmelig aften p\u00e5 slottet. I slotsv\u00e6rternes spisesal inviteres der til kulinariske oplevelser, der er et 800 \u00e5r gammelt slot v\u00e6rdigt. Menuen er varieret og skifter alt [&hellip;]<\/p>\n","protected":false},"author":1,"featured_media":9733,"parent":9594,"menu_order":0,"comment_status":"closed","ping_status":"closed","template":"","meta":{"_acf_changed":false,"footnotes":""},"class_list":["post-9731","page","type-page","status-publish","has-post-thumbnail","hentry"],"acf":[],"yoast_head":"<!-- This site is optimized with the Yoast SEO plugin v27.3 - https:\/\/yoast.com\/product\/yoast-seo-wordpress\/ -->\n<title>Spisning - Kalmar Slott<\/title>\n<meta name=\"robots\" content=\"index, follow, max-snippet:-1, max-image-preview:large, max-video-preview:-1\" \/>\n<link rel=\"canonical\" href=\"https:\/\/kalmarslott.se\/da\/restaurant\/spisning\/\" \/>\n<meta property=\"og:locale\" content=\"da_DK\" \/>\n<meta property=\"og:type\" content=\"article\" \/>\n<meta property=\"og:title\" content=\"Spisning - Kalmar Slott\" \/>\n<meta property=\"og:description\" content=\"Kalmar Slotsrestaurant tilbyder uds\u00f8gte m\u00e5ltider og l\u00e6kre desserter. Sm\u00e5 grupper er lige s\u00e5 velkomne som store virksomheder. Vores restaurant g\u00f8r altid alt for at sikre, at du f\u00e5r en uforglemmelig aften p\u00e5 slottet. I slotsv\u00e6rternes spisesal inviteres der til kulinariske oplevelser, der er et 800 \u00e5r gammelt slot v\u00e6rdigt. Menuen er varieret og skifter alt [&hellip;]\" \/>\n<meta property=\"og:url\" content=\"https:\/\/kalmarslott.se\/da\/restaurant\/spisning\/\" \/>\n<meta property=\"og:site_name\" content=\"Kalmar Slott\" \/>\n<meta property=\"article:modified_time\" content=\"2024-10-09T14:18:41+00:00\" \/>\n<meta property=\"og:image\" content=\"https:\/\/kalmarslott.se\/wp-content\/uploads\/2022\/06\/restaurantdiningtable-scaled.jpg\" \/>\n\t<meta property=\"og:image:width\" content=\"2560\" \/>\n\t<meta property=\"og:image:height\" content=\"1707\" \/>\n\t<meta property=\"og:image:type\" content=\"image\/jpeg\" \/>\n<meta name=\"twitter:card\" content=\"summary_large_image\" \/>\n<meta name=\"twitter:label1\" content=\"Estimeret l\u00e6setid\" \/>\n\t<meta name=\"twitter:data1\" content=\"2 minutter\" \/>\n<script type=\"application\/ld+json\" class=\"yoast-schema-graph\">{\"@context\":\"https:\\\/\\\/schema.org\",\"@graph\":[{\"@type\":\"WebPage\",\"@id\":\"https:\\\/\\\/kalmarslott.se\\\/da\\\/restaurant\\\/spisning\\\/\",\"url\":\"https:\\\/\\\/kalmarslott.se\\\/da\\\/restaurant\\\/spisning\\\/\",\"name\":\"Spisning - Kalmar Slott\",\"isPartOf\":{\"@id\":\"https:\\\/\\\/kalmarslott.se\\\/da\\\/#website\"},\"primaryImageOfPage\":{\"@id\":\"https:\\\/\\\/kalmarslott.se\\\/da\\\/restaurant\\\/spisning\\\/#primaryimage\"},\"image\":{\"@id\":\"https:\\\/\\\/kalmarslott.se\\\/da\\\/restaurant\\\/spisning\\\/#primaryimage\"},\"thumbnailUrl\":\"https:\\\/\\\/kalmarslott.se\\\/wp-content\\\/uploads\\\/2022\\\/06\\\/restaurantdiningtable-scaled.jpg\",\"datePublished\":\"2022-06-10T21:39:11+00:00\",\"dateModified\":\"2024-10-09T14:18:41+00:00\",\"breadcrumb\":{\"@id\":\"https:\\\/\\\/kalmarslott.se\\\/da\\\/restaurant\\\/spisning\\\/#breadcrumb\"},\"inLanguage\":\"da-DK\",\"potentialAction\":[{\"@type\":\"ReadAction\",\"target\":[\"https:\\\/\\\/kalmarslott.se\\\/da\\\/restaurant\\\/spisning\\\/\"]}]},{\"@type\":\"ImageObject\",\"inLanguage\":\"da-DK\",\"@id\":\"https:\\\/\\\/kalmarslott.se\\\/da\\\/restaurant\\\/spisning\\\/#primaryimage\",\"url\":\"https:\\\/\\\/kalmarslott.se\\\/wp-content\\\/uploads\\\/2022\\\/06\\\/restaurantdiningtable-scaled.jpg\",\"contentUrl\":\"https:\\\/\\\/kalmarslott.se\\\/wp-content\\\/uploads\\\/2022\\\/06\\\/restaurantdiningtable-scaled.jpg\",\"width\":2560,\"height\":1707},{\"@type\":\"BreadcrumbList\",\"@id\":\"https:\\\/\\\/kalmarslott.se\\\/da\\\/restaurant\\\/spisning\\\/#breadcrumb\",\"itemListElement\":[{\"@type\":\"ListItem\",\"position\":1,\"name\":\"Hem\",\"item\":\"https:\\\/\\\/kalmarslott.se\\\/da\\\/\"},{\"@type\":\"ListItem\",\"position\":2,\"name\":\"Restaurant\",\"item\":\"https:\\\/\\\/kalmarslott.se\\\/da\\\/restaurant\\\/\"},{\"@type\":\"ListItem\",\"position\":3,\"name\":\"Spisning\"}]},{\"@type\":\"WebSite\",\"@id\":\"https:\\\/\\\/kalmarslott.se\\\/da\\\/#website\",\"url\":\"https:\\\/\\\/kalmarslott.se\\\/da\\\/\",\"name\":\"Kalmar Slott\",\"description\":\"Ett riktigt slott\",\"potentialAction\":[{\"@type\":\"SearchAction\",\"target\":{\"@type\":\"EntryPoint\",\"urlTemplate\":\"https:\\\/\\\/kalmarslott.se\\\/da\\\/?s={search_term_string}\"},\"query-input\":{\"@type\":\"PropertyValueSpecification\",\"valueRequired\":true,\"valueName\":\"search_term_string\"}}],\"inLanguage\":\"da-DK\"}]}<\/script>\n<!-- \/ Yoast SEO plugin. -->","yoast_head_json":{"title":"Spisning - Kalmar Slott","robots":{"index":"index","follow":"follow","max-snippet":"max-snippet:-1","max-image-preview":"max-image-preview:large","max-video-preview":"max-video-preview:-1"},"canonical":"https:\/\/kalmarslott.se\/da\/restaurant\/spisning\/","og_locale":"da_DK","og_type":"article","og_title":"Spisning - Kalmar Slott","og_description":"Kalmar Slotsrestaurant tilbyder uds\u00f8gte m\u00e5ltider og l\u00e6kre desserter. Sm\u00e5 grupper er lige s\u00e5 velkomne som store virksomheder. Vores restaurant g\u00f8r altid alt for at sikre, at du f\u00e5r en uforglemmelig aften p\u00e5 slottet. I slotsv\u00e6rternes spisesal inviteres der til kulinariske oplevelser, der er et 800 \u00e5r gammelt slot v\u00e6rdigt. Menuen er varieret og skifter alt [&hellip;]","og_url":"https:\/\/kalmarslott.se\/da\/restaurant\/spisning\/","og_site_name":"Kalmar Slott","article_modified_time":"2024-10-09T14:18:41+00:00","og_image":[{"width":2560,"height":1707,"url":"https:\/\/kalmarslott.se\/wp-content\/uploads\/2022\/06\/restaurantdiningtable-scaled.jpg","type":"image\/jpeg"}],"twitter_card":"summary_large_image","twitter_misc":{"Estimeret l\u00e6setid":"2 minutter"},"schema":{"@context":"https:\/\/schema.org","@graph":[{"@type":"WebPage","@id":"https:\/\/kalmarslott.se\/da\/restaurant\/spisning\/","url":"https:\/\/kalmarslott.se\/da\/restaurant\/spisning\/","name":"Spisning - Kalmar Slott","isPartOf":{"@id":"https:\/\/kalmarslott.se\/da\/#website"},"primaryImageOfPage":{"@id":"https:\/\/kalmarslott.se\/da\/restaurant\/spisning\/#primaryimage"},"image":{"@id":"https:\/\/kalmarslott.se\/da\/restaurant\/spisning\/#primaryimage"},"thumbnailUrl":"https:\/\/kalmarslott.se\/wp-content\/uploads\/2022\/06\/restaurantdiningtable-scaled.jpg","datePublished":"2022-06-10T21:39:11+00:00","dateModified":"2024-10-09T14:18:41+00:00","breadcrumb":{"@id":"https:\/\/kalmarslott.se\/da\/restaurant\/spisning\/#breadcrumb"},"inLanguage":"da-DK","potentialAction":[{"@type":"ReadAction","target":["https:\/\/kalmarslott.se\/da\/restaurant\/spisning\/"]}]},{"@type":"ImageObject","inLanguage":"da-DK","@id":"https:\/\/kalmarslott.se\/da\/restaurant\/spisning\/#primaryimage","url":"https:\/\/kalmarslott.se\/wp-content\/uploads\/2022\/06\/restaurantdiningtable-scaled.jpg","contentUrl":"https:\/\/kalmarslott.se\/wp-content\/uploads\/2022\/06\/restaurantdiningtable-scaled.jpg","width":2560,"height":1707},{"@type":"BreadcrumbList","@id":"https:\/\/kalmarslott.se\/da\/restaurant\/spisning\/#breadcrumb","itemListElement":[{"@type":"ListItem","position":1,"name":"Hem","item":"https:\/\/kalmarslott.se\/da\/"},{"@type":"ListItem","position":2,"name":"Restaurant","item":"https:\/\/kalmarslott.se\/da\/restaurant\/"},{"@type":"ListItem","position":3,"name":"Spisning"}]},{"@type":"WebSite","@id":"https:\/\/kalmarslott.se\/da\/#website","url":"https:\/\/kalmarslott.se\/da\/","name":"Kalmar Slott","description":"Ett riktigt slott","potentialAction":[{"@type":"SearchAction","target":{"@type":"EntryPoint","urlTemplate":"https:\/\/kalmarslott.se\/da\/?s={search_term_string}"},"query-input":{"@type":"PropertyValueSpecification","valueRequired":true,"valueName":"search_term_string"}}],"inLanguage":"da-DK"}]}},"_links":{"self":[{"href":"https:\/\/kalmarslott.se\/da\/wp-json\/wp\/v2\/pages\/9731","targetHints":{"allow":["GET"]}}],"collection":[{"href":"https:\/\/kalmarslott.se\/da\/wp-json\/wp\/v2\/pages"}],"about":[{"href":"https:\/\/kalmarslott.se\/da\/wp-json\/wp\/v2\/types\/page"}],"author":[{"embeddable":true,"href":"https:\/\/kalmarslott.se\/da\/wp-json\/wp\/v2\/users\/1"}],"replies":[{"embeddable":true,"href":"https:\/\/kalmarslott.se\/da\/wp-json\/wp\/v2\/comments?post=9731"}],"version-history":[{"count":3,"href":"https:\/\/kalmarslott.se\/da\/wp-json\/wp\/v2\/pages\/9731\/revisions"}],"predecessor-version":[{"id":9755,"href":"https:\/\/kalmarslott.se\/da\/wp-json\/wp\/v2\/pages\/9731\/revisions\/9755"}],"up":[{"embeddable":true,"href":"https:\/\/kalmarslott.se\/da\/wp-json\/wp\/v2\/pages\/9594"}],"wp:featuredmedia":[{"embeddable":true,"href":"https:\/\/kalmarslott.se\/da\/wp-json\/wp\/v2\/media\/9733"}],"wp:attachment":[{"href":"https:\/\/kalmarslott.se\/da\/wp-json\/wp\/v2\/media?parent=9731"}],"curies":[{"name":"wp","href":"https:\/\/api.w.org\/{rel}","templated":true}]}}