{"id":9718,"date":"2022-06-28T19:40:47","date_gmt":"2022-06-28T17:40:47","guid":{"rendered":"https:\/\/kalmarslott.se\/?page_id=9718"},"modified":"2024-10-09T12:12:13","modified_gmt":"2024-10-09T10:12:13","slug":"menu","status":"publish","type":"page","link":"https:\/\/kalmarslott.se\/da\/restaurant\/menu\/","title":{"rendered":"Menu"},"content":{"rendered":"<h2>F\u00e5 en kongelig god kaffe eller spis en velsmagende frokost i vores restaurant<\/h2>\n<p>Her kan du spise frokost, kaffe, f\u00e5 et glas bobler eller k\u00f8be is. \u00c5bent p\u00e5 samme dage som resten af \u200b\u200bslottet, se alle <a href=\"https:\/\/kalmarslott.se\/da\/besoeg\/aabningstider\/\">\u00e5bningstider.<\/a><\/p>\n<p>Her tror vi p\u00e5 at lave mad fra bunden og bruger s\u00e5 vidt muligt lokale eller nordiske r\u00e5varer. Caf\u00e9sortimentet er bagt af os og kaffen kommer fra det lokale rister Balck Coffee.<\/p>\n<p>For menuen, se <a href=\"https:\/\/kalmarslott.se\/besok-restaurang\/meny\/\">menuen p\u00e5 svensk<\/a>.<\/p>\n<h2>Har du sp\u00f8rgsm\u00e5l?<\/h2>\n<p>Ring p\u00e5 +46(0) 480-102 82 eller mail <a href=\"mailto:slottsrestaurangen@postgatan.nu\">slottsrestaurangen@postgatan.nu<\/a>, hvis du har sp\u00f8rgsm\u00e5l til vores caf\u00e9 eller restaurant.<\/p>\n","protected":false},"excerpt":{"rendered":"<p>F\u00e5 en kongelig god kaffe eller spis en velsmagende frokost i vores restaurant Her kan du spise frokost, kaffe, f\u00e5 et glas bobler eller k\u00f8be is. \u00c5bent p\u00e5 samme dage som resten af \u200b\u200bslottet, se alle \u00e5bningstider. Her tror vi p\u00e5 at lave mad fra bunden og bruger s\u00e5 vidt muligt lokale eller nordiske r\u00e5varer. [&hellip;]<\/p>\n","protected":false},"author":1,"featured_media":9720,"parent":9594,"menu_order":0,"comment_status":"closed","ping_status":"closed","template":"","meta":{"_acf_changed":false,"footnotes":""},"class_list":["post-9718","page","type-page","status-publish","has-post-thumbnail","hentry"],"acf":[],"yoast_head":"<!-- This site is optimized with the Yoast SEO plugin v27.5 - https:\/\/yoast.com\/product\/yoast-seo-wordpress\/ -->\n<title>Menu - Kalmar Slott<\/title>\n<meta name=\"robots\" content=\"index, follow, max-snippet:-1, max-image-preview:large, max-video-preview:-1\" \/>\n<link rel=\"canonical\" href=\"https:\/\/kalmarslott.se\/da\/restaurant\/menu\/\" \/>\n<meta property=\"og:locale\" content=\"da_DK\" \/>\n<meta property=\"og:type\" content=\"article\" \/>\n<meta property=\"og:title\" content=\"Menu - Kalmar Slott\" \/>\n<meta property=\"og:description\" content=\"F\u00e5 en kongelig god kaffe eller spis en velsmagende frokost i vores restaurant Her kan du spise frokost, kaffe, f\u00e5 et glas bobler eller k\u00f8be is. \u00c5bent p\u00e5 samme dage som resten af \u200b\u200bslottet, se alle \u00e5bningstider. Her tror vi p\u00e5 at lave mad fra bunden og bruger s\u00e5 vidt muligt lokale eller nordiske r\u00e5varer. [&hellip;]\" \/>\n<meta property=\"og:url\" content=\"https:\/\/kalmarslott.se\/da\/restaurant\/menu\/\" \/>\n<meta property=\"og:site_name\" content=\"Kalmar Slott\" \/>\n<meta property=\"article:modified_time\" content=\"2024-10-09T10:12:13+00:00\" \/>\n<meta property=\"og:image\" content=\"https:\/\/kalmarslott.se\/wp-content\/uploads\/2024\/10\/dscf6871-scaled.jpg\" \/>\n\t<meta property=\"og:image:width\" content=\"2560\" \/>\n\t<meta property=\"og:image:height\" content=\"1707\" \/>\n\t<meta property=\"og:image:type\" content=\"image\/jpeg\" \/>\n<meta name=\"twitter:card\" content=\"summary_large_image\" \/>\n<meta name=\"twitter:label1\" content=\"Estimeret l\u00e6setid\" \/>\n\t<meta name=\"twitter:data1\" content=\"1 minut\" \/>\n<script type=\"application\/ld+json\" class=\"yoast-schema-graph\">{\"@context\":\"https:\\\/\\\/schema.org\",\"@graph\":[{\"@type\":\"WebPage\",\"@id\":\"https:\\\/\\\/kalmarslott.se\\\/da\\\/restaurant\\\/menu\\\/\",\"url\":\"https:\\\/\\\/kalmarslott.se\\\/da\\\/restaurant\\\/menu\\\/\",\"name\":\"Menu - Kalmar Slott\",\"isPartOf\":{\"@id\":\"https:\\\/\\\/kalmarslott.se\\\/da\\\/#website\"},\"primaryImageOfPage\":{\"@id\":\"https:\\\/\\\/kalmarslott.se\\\/da\\\/restaurant\\\/menu\\\/#primaryimage\"},\"image\":{\"@id\":\"https:\\\/\\\/kalmarslott.se\\\/da\\\/restaurant\\\/menu\\\/#primaryimage\"},\"thumbnailUrl\":\"https:\\\/\\\/kalmarslott.se\\\/wp-content\\\/uploads\\\/2024\\\/10\\\/dscf6871-scaled.jpg\",\"datePublished\":\"2022-06-28T17:40:47+00:00\",\"dateModified\":\"2024-10-09T10:12:13+00:00\",\"breadcrumb\":{\"@id\":\"https:\\\/\\\/kalmarslott.se\\\/da\\\/restaurant\\\/menu\\\/#breadcrumb\"},\"inLanguage\":\"da-DK\",\"potentialAction\":[{\"@type\":\"ReadAction\",\"target\":[\"https:\\\/\\\/kalmarslott.se\\\/da\\\/restaurant\\\/menu\\\/\"]}]},{\"@type\":\"ImageObject\",\"inLanguage\":\"da-DK\",\"@id\":\"https:\\\/\\\/kalmarslott.se\\\/da\\\/restaurant\\\/menu\\\/#primaryimage\",\"url\":\"https:\\\/\\\/kalmarslott.se\\\/wp-content\\\/uploads\\\/2024\\\/10\\\/dscf6871-scaled.jpg\",\"contentUrl\":\"https:\\\/\\\/kalmarslott.se\\\/wp-content\\\/uploads\\\/2024\\\/10\\\/dscf6871-scaled.jpg\",\"width\":2560,\"height\":1707},{\"@type\":\"BreadcrumbList\",\"@id\":\"https:\\\/\\\/kalmarslott.se\\\/da\\\/restaurant\\\/menu\\\/#breadcrumb\",\"itemListElement\":[{\"@type\":\"ListItem\",\"position\":1,\"name\":\"Hem\",\"item\":\"https:\\\/\\\/kalmarslott.se\\\/da\\\/\"},{\"@type\":\"ListItem\",\"position\":2,\"name\":\"Restaurant\",\"item\":\"https:\\\/\\\/kalmarslott.se\\\/da\\\/restaurant\\\/\"},{\"@type\":\"ListItem\",\"position\":3,\"name\":\"Menu\"}]},{\"@type\":\"WebSite\",\"@id\":\"https:\\\/\\\/kalmarslott.se\\\/da\\\/#website\",\"url\":\"https:\\\/\\\/kalmarslott.se\\\/da\\\/\",\"name\":\"Kalmar Slott\",\"description\":\"Ett riktigt slott\",\"potentialAction\":[{\"@type\":\"SearchAction\",\"target\":{\"@type\":\"EntryPoint\",\"urlTemplate\":\"https:\\\/\\\/kalmarslott.se\\\/da\\\/?s={search_term_string}\"},\"query-input\":{\"@type\":\"PropertyValueSpecification\",\"valueRequired\":true,\"valueName\":\"search_term_string\"}}],\"inLanguage\":\"da-DK\"}]}<\/script>\n<!-- \/ Yoast SEO plugin. -->","yoast_head_json":{"title":"Menu - Kalmar Slott","robots":{"index":"index","follow":"follow","max-snippet":"max-snippet:-1","max-image-preview":"max-image-preview:large","max-video-preview":"max-video-preview:-1"},"canonical":"https:\/\/kalmarslott.se\/da\/restaurant\/menu\/","og_locale":"da_DK","og_type":"article","og_title":"Menu - Kalmar Slott","og_description":"F\u00e5 en kongelig god kaffe eller spis en velsmagende frokost i vores restaurant Her kan du spise frokost, kaffe, f\u00e5 et glas bobler eller k\u00f8be is. \u00c5bent p\u00e5 samme dage som resten af \u200b\u200bslottet, se alle \u00e5bningstider. Her tror vi p\u00e5 at lave mad fra bunden og bruger s\u00e5 vidt muligt lokale eller nordiske r\u00e5varer. [&hellip;]","og_url":"https:\/\/kalmarslott.se\/da\/restaurant\/menu\/","og_site_name":"Kalmar Slott","article_modified_time":"2024-10-09T10:12:13+00:00","og_image":[{"width":2560,"height":1707,"url":"https:\/\/kalmarslott.se\/wp-content\/uploads\/2024\/10\/dscf6871-scaled.jpg","type":"image\/jpeg"}],"twitter_card":"summary_large_image","twitter_misc":{"Estimeret l\u00e6setid":"1 minut"},"schema":{"@context":"https:\/\/schema.org","@graph":[{"@type":"WebPage","@id":"https:\/\/kalmarslott.se\/da\/restaurant\/menu\/","url":"https:\/\/kalmarslott.se\/da\/restaurant\/menu\/","name":"Menu - Kalmar Slott","isPartOf":{"@id":"https:\/\/kalmarslott.se\/da\/#website"},"primaryImageOfPage":{"@id":"https:\/\/kalmarslott.se\/da\/restaurant\/menu\/#primaryimage"},"image":{"@id":"https:\/\/kalmarslott.se\/da\/restaurant\/menu\/#primaryimage"},"thumbnailUrl":"https:\/\/kalmarslott.se\/wp-content\/uploads\/2024\/10\/dscf6871-scaled.jpg","datePublished":"2022-06-28T17:40:47+00:00","dateModified":"2024-10-09T10:12:13+00:00","breadcrumb":{"@id":"https:\/\/kalmarslott.se\/da\/restaurant\/menu\/#breadcrumb"},"inLanguage":"da-DK","potentialAction":[{"@type":"ReadAction","target":["https:\/\/kalmarslott.se\/da\/restaurant\/menu\/"]}]},{"@type":"ImageObject","inLanguage":"da-DK","@id":"https:\/\/kalmarslott.se\/da\/restaurant\/menu\/#primaryimage","url":"https:\/\/kalmarslott.se\/wp-content\/uploads\/2024\/10\/dscf6871-scaled.jpg","contentUrl":"https:\/\/kalmarslott.se\/wp-content\/uploads\/2024\/10\/dscf6871-scaled.jpg","width":2560,"height":1707},{"@type":"BreadcrumbList","@id":"https:\/\/kalmarslott.se\/da\/restaurant\/menu\/#breadcrumb","itemListElement":[{"@type":"ListItem","position":1,"name":"Hem","item":"https:\/\/kalmarslott.se\/da\/"},{"@type":"ListItem","position":2,"name":"Restaurant","item":"https:\/\/kalmarslott.se\/da\/restaurant\/"},{"@type":"ListItem","position":3,"name":"Menu"}]},{"@type":"WebSite","@id":"https:\/\/kalmarslott.se\/da\/#website","url":"https:\/\/kalmarslott.se\/da\/","name":"Kalmar Slott","description":"Ett riktigt slott","potentialAction":[{"@type":"SearchAction","target":{"@type":"EntryPoint","urlTemplate":"https:\/\/kalmarslott.se\/da\/?s={search_term_string}"},"query-input":{"@type":"PropertyValueSpecification","valueRequired":true,"valueName":"search_term_string"}}],"inLanguage":"da-DK"}]}},"_links":{"self":[{"href":"https:\/\/kalmarslott.se\/da\/wp-json\/wp\/v2\/pages\/9718","targetHints":{"allow":["GET"]}}],"collection":[{"href":"https:\/\/kalmarslott.se\/da\/wp-json\/wp\/v2\/pages"}],"about":[{"href":"https:\/\/kalmarslott.se\/da\/wp-json\/wp\/v2\/types\/page"}],"author":[{"embeddable":true,"href":"https:\/\/kalmarslott.se\/da\/wp-json\/wp\/v2\/users\/1"}],"replies":[{"embeddable":true,"href":"https:\/\/kalmarslott.se\/da\/wp-json\/wp\/v2\/comments?post=9718"}],"version-history":[{"count":1,"href":"https:\/\/kalmarslott.se\/da\/wp-json\/wp\/v2\/pages\/9718\/revisions"}],"predecessor-version":[{"id":9724,"href":"https:\/\/kalmarslott.se\/da\/wp-json\/wp\/v2\/pages\/9718\/revisions\/9724"}],"up":[{"embeddable":true,"href":"https:\/\/kalmarslott.se\/da\/wp-json\/wp\/v2\/pages\/9594"}],"wp:featuredmedia":[{"embeddable":true,"href":"https:\/\/kalmarslott.se\/da\/wp-json\/wp\/v2\/media\/9720"}],"wp:attachment":[{"href":"https:\/\/kalmarslott.se\/da\/wp-json\/wp\/v2\/media?parent=9718"}],"curies":[{"name":"wp","href":"https:\/\/api.w.org\/{rel}","templated":true}]}}