{"id":9664,"date":"2022-06-17T10:37:51","date_gmt":"2022-06-17T08:37:51","guid":{"rendered":"https:\/\/kalmarslott.se\/?page_id=9664"},"modified":"2026-04-10T13:12:47","modified_gmt":"2026-04-10T11:12:47","slug":"kalmar-slots-historie","status":"publish","type":"page","link":"https:\/\/kalmarslott.se\/da\/historie\/kalmar-slots-historie\/","title":{"rendered":"Kalmar Slots historie"},"content":{"rendered":"<h2>Oplev slottets historie<\/h2>\n<p>Siden de f\u00f8rste sten blev lagt for 800 \u00e5r siden, har slottet overlevet den dag i dag. Belejringer, kongelige bryllupper, hofintriger, ridderturneringer og kanonkugler. Slottet har set det hele. Tag del af dets fantastiske historie.<\/p>\n<h2>Oprindelsen<\/h2>\n<p>Omkring 1180 blev der bygget et forsvarst\u00e5r, et s\u00e5 kallet kastel, p\u00e5 stedet, hvor Kalmar Slot nu ligger. Hensigten var at beskytte omr\u00e5det, et travlt handelscentrum, mod angreb fra pirater og andre fjender. I begyndelsen af det 13. \u00e5rhundrede blev Kalmar etableret som en by.<\/p>\n<p>I sidste halvdel af det 13. \u00e5rhundrede, under kong Magnus 3.s regeringstid, blev der bygget yderligere t\u00e5rne og en ringmur. Det store firkantede Vagtt\u00e5rn indeholdt den oprindelige hovedindgang. Dengang var f\u00e6stningen den mest avancerede af sin art i Sverige.<\/p>\n<p>I en lang periode var det et st\u00e6rkt forsvarsanl\u00e6g, prim\u00e6rt p\u00e5 grund af dets strategisk vigtige placering. Den svensk-danske gr\u00e6nse l\u00e5 ikke langt mod syd. Regionerne Sk\u00e5ne, Blekinge og Halland var indtil 1658 danske omr\u00e5der.<\/p>\n<h2>Kalmar Unionen<\/h2>\n<p>Den mest betydningsfulde politiske begivenhed i Kalmar i middelalderen var formentlig dannelsen af Kalmarunionen i 1397, hvor Sverige, Norge og Danmark var medlemmer. Dronning Margrethe 1. var hjernen bag den union, der forenede landene, gennem en f\u00e6lles monark og f\u00e6lles udenrigspolitik. Unionen virkede ogs\u00e5 som modv\u00e6gt til det tyske hanseforbund. Da Gustav 1. (Vasa) blev konge af Sverige i 1523, blev unionen formelt opl\u00f8st.<\/p>\n<h2>Vasa-kongerne<\/h2>\n<p>Denne periode kan betragtes som Kalmar Slots guldalder. I Vasa-kongerne Gustav 1.s og hans \u00e6ldste s\u00f8nner Erik 14. og Johan 3.s tid blev det omdesignet til den struktur, vi ser den dag i dag. Den middelalderlige f\u00e6stning blev forvandlet til et ren\u00e6ssancepalads efter kontinentaleurop\u00e6isk mode. B\u00e5de Erik 14. og Johan 3. b\u00f8d kunstnere og h\u00e5ndverkere fra Europa her op for at modernisere og udsmykke slottet, s\u00e5 det passer til en monark i det 16. \u00e5rhundrede. I Kongens Kammer finder du et af de \u00e6ldste billeder af slottet, i intarsia, fra 1560\u2019erne. I Den Gyldne Sal bliver du m\u00f8dt af et storsl\u00e5et kassetteloft, et af de bedst bevarede eksempler fra 1500-tallet i Norden, der stort set har bevaret sine originale farver og maling.<\/p>\n<h2>Kalmarkrigen<\/h2>\n<p>Under Kalmarkrigen overgav statholder Krister Some slottet til danske styrker den 3. august 1611. Han blev stemplet som landsforr\u00e6der. Legenden fort\u00e6ller os, at det er hans ansigt indgraveret p\u00e5 den ene side den store trappe p\u00e5 borgg\u00e5rden. Danskerne holdt slottet indtil 1613, da det blev returneret til Sverige. Efter freden i Roskilde i 1658 blev den danske gr\u00e6nse flyttet sydp\u00e5 til sin nuv\u00e6rende placering ved \u00d8resund. Slottet mistede sin strategiske placering og havde ikke l\u00e6ngere en nationsgr\u00e6nse at bevogte. Det blev ikke l\u00e6ngere n\u00f8dvendigt med et st\u00e6rkt milit\u00e6rt forsvar. Kongelige bes\u00f8g blev mere og mere sj\u00e6ldne, og de store sale blev brugt til andre form\u00e5l, s\u00e5som til opbevaring af korn og destillering af alkohol i det 18. og 19. \u00e5rhundrede.<\/p>\n<h2>Et nationalklenodie<\/h2>\n<p>I midten af det 19. \u00e5rhundrede begyndte man med store restaureringsarbejder p\u00e5 slottet. Efter mere end et \u00e5rhundredes tilbagegang blev dets historiske betydning indset. Nationalromantikkens vinde gav anledning til flere restaureringsprojekter for de mange Vasa-slotte i Sverige. Kalmar var en af dem. Dette fortsatte i intervaller indtil midten af det 20. \u00e5rhundrede. I dag er store dele af det, der engang var beskadiget eller v\u00e6k, blevet restaureret.<\/p>\n<h2>Et levende slot<\/h2>\n<p>Kalmar Slot er et symbol for Kalmar. Dets historie byder p\u00e5 internationel politik, hofintriger, br\u00e6ndende belejringer og voldsomme kampe. I dag er slottet et levende og livligt sted, der byder g\u00e6ster fra n\u00e6r og fjern velkommen. Nu er det din tur til at bes\u00f8ge kalmar Slot. Kom og skriv det seneste kapitel i dets 800 \u00e5rs historie.<\/p>\n<p><img loading=\"lazy\" decoding=\"async\" class=\"alignleft wp-image-9670 size-large\" src=\"https:\/\/kalmarslott.se\/wp-content\/uploads\/2024\/10\/ext-int-kalmar-slott-2017-155-1024x683.jpg\" alt=\"\" width=\"1024\" height=\"683\" srcset=\"https:\/\/kalmarslott.se\/wp-content\/uploads\/2024\/10\/ext-int-kalmar-slott-2017-155-1024x683.jpg 1024w, https:\/\/kalmarslott.se\/wp-content\/uploads\/2024\/10\/ext-int-kalmar-slott-2017-155-300x200.jpg 300w, https:\/\/kalmarslott.se\/wp-content\/uploads\/2024\/10\/ext-int-kalmar-slott-2017-155-768x512.jpg 768w, https:\/\/kalmarslott.se\/wp-content\/uploads\/2024\/10\/ext-int-kalmar-slott-2017-155-600x400.jpg 600w, https:\/\/kalmarslott.se\/wp-content\/uploads\/2024\/10\/ext-int-kalmar-slott-2017-155.jpg 1500w\" sizes=\"auto, (max-width: 1024px) 100vw, 1024px\" \/><\/p>\n","protected":false},"excerpt":{"rendered":"<p>Oplev slottets historie Siden de f\u00f8rste sten blev lagt for 800 \u00e5r siden, har slottet overlevet den dag i dag. Belejringer, kongelige bryllupper, hofintriger, ridderturneringer og kanonkugler. Slottet har set det hele. Tag del af dets fantastiske historie. Oprindelsen Omkring 1180 blev der bygget et forsvarst\u00e5r, et s\u00e5 kallet kastel, p\u00e5 stedet, hvor Kalmar Slot [&hellip;]<\/p>\n","protected":false},"author":1,"featured_media":9666,"parent":9657,"menu_order":0,"comment_status":"closed","ping_status":"closed","template":"","meta":{"_acf_changed":false,"footnotes":""},"class_list":["post-9664","page","type-page","status-publish","has-post-thumbnail","hentry"],"acf":[],"yoast_head":"<!-- This site is optimized with the Yoast SEO plugin v27.5 - https:\/\/yoast.com\/product\/yoast-seo-wordpress\/ -->\n<title>Kalmar Slots historie - Kalmar Slott<\/title>\n<meta name=\"robots\" content=\"index, follow, max-snippet:-1, max-image-preview:large, max-video-preview:-1\" \/>\n<link rel=\"canonical\" href=\"https:\/\/kalmarslott.se\/da\/historie\/kalmar-slots-historie\/\" \/>\n<meta property=\"og:locale\" content=\"da_DK\" \/>\n<meta property=\"og:type\" content=\"article\" \/>\n<meta property=\"og:title\" content=\"Kalmar Slots historie - Kalmar Slott\" \/>\n<meta property=\"og:description\" content=\"Oplev slottets historie Siden de f\u00f8rste sten blev lagt for 800 \u00e5r siden, har slottet overlevet den dag i dag. Belejringer, kongelige bryllupper, hofintriger, ridderturneringer og kanonkugler. Slottet har set det hele. Tag del af dets fantastiske historie. Oprindelsen Omkring 1180 blev der bygget et forsvarst\u00e5r, et s\u00e5 kallet kastel, p\u00e5 stedet, hvor Kalmar Slot [&hellip;]\" \/>\n<meta property=\"og:url\" content=\"https:\/\/kalmarslott.se\/da\/historie\/kalmar-slots-historie\/\" \/>\n<meta property=\"og:site_name\" content=\"Kalmar Slott\" \/>\n<meta property=\"article:modified_time\" content=\"2026-04-10T11:12:47+00:00\" \/>\n<meta property=\"og:image\" content=\"https:\/\/kalmarslott.se\/wp-content\/uploads\/2024\/10\/ext-int-kalmar-slott-2017-92.jpg\" \/>\n\t<meta property=\"og:image:width\" content=\"1500\" \/>\n\t<meta property=\"og:image:height\" content=\"1124\" \/>\n\t<meta property=\"og:image:type\" content=\"image\/jpeg\" \/>\n<meta name=\"twitter:card\" content=\"summary_large_image\" \/>\n<meta name=\"twitter:label1\" content=\"Estimeret l\u00e6setid\" \/>\n\t<meta name=\"twitter:data1\" content=\"4 minutter\" \/>\n<script type=\"application\/ld+json\" class=\"yoast-schema-graph\">{\"@context\":\"https:\\\/\\\/schema.org\",\"@graph\":[{\"@type\":\"WebPage\",\"@id\":\"https:\\\/\\\/kalmarslott.se\\\/da\\\/historie\\\/kalmar-slots-historie\\\/\",\"url\":\"https:\\\/\\\/kalmarslott.se\\\/da\\\/historie\\\/kalmar-slots-historie\\\/\",\"name\":\"Kalmar Slots historie - Kalmar Slott\",\"isPartOf\":{\"@id\":\"https:\\\/\\\/kalmarslott.se\\\/da\\\/#website\"},\"primaryImageOfPage\":{\"@id\":\"https:\\\/\\\/kalmarslott.se\\\/da\\\/historie\\\/kalmar-slots-historie\\\/#primaryimage\"},\"image\":{\"@id\":\"https:\\\/\\\/kalmarslott.se\\\/da\\\/historie\\\/kalmar-slots-historie\\\/#primaryimage\"},\"thumbnailUrl\":\"https:\\\/\\\/kalmarslott.se\\\/wp-content\\\/uploads\\\/2024\\\/10\\\/ext-int-kalmar-slott-2017-92.jpg\",\"datePublished\":\"2022-06-17T08:37:51+00:00\",\"dateModified\":\"2026-04-10T11:12:47+00:00\",\"breadcrumb\":{\"@id\":\"https:\\\/\\\/kalmarslott.se\\\/da\\\/historie\\\/kalmar-slots-historie\\\/#breadcrumb\"},\"inLanguage\":\"da-DK\",\"potentialAction\":[{\"@type\":\"ReadAction\",\"target\":[\"https:\\\/\\\/kalmarslott.se\\\/da\\\/historie\\\/kalmar-slots-historie\\\/\"]}]},{\"@type\":\"ImageObject\",\"inLanguage\":\"da-DK\",\"@id\":\"https:\\\/\\\/kalmarslott.se\\\/da\\\/historie\\\/kalmar-slots-historie\\\/#primaryimage\",\"url\":\"https:\\\/\\\/kalmarslott.se\\\/wp-content\\\/uploads\\\/2024\\\/10\\\/ext-int-kalmar-slott-2017-92.jpg\",\"contentUrl\":\"https:\\\/\\\/kalmarslott.se\\\/wp-content\\\/uploads\\\/2024\\\/10\\\/ext-int-kalmar-slott-2017-92.jpg\",\"width\":1500,\"height\":1124},{\"@type\":\"BreadcrumbList\",\"@id\":\"https:\\\/\\\/kalmarslott.se\\\/da\\\/historie\\\/kalmar-slots-historie\\\/#breadcrumb\",\"itemListElement\":[{\"@type\":\"ListItem\",\"position\":1,\"name\":\"Hem\",\"item\":\"https:\\\/\\\/kalmarslott.se\\\/da\\\/\"},{\"@type\":\"ListItem\",\"position\":2,\"name\":\"Historie\",\"item\":\"https:\\\/\\\/kalmarslott.se\\\/da\\\/historie\\\/\"},{\"@type\":\"ListItem\",\"position\":3,\"name\":\"Kalmar Slots historie\"}]},{\"@type\":\"WebSite\",\"@id\":\"https:\\\/\\\/kalmarslott.se\\\/da\\\/#website\",\"url\":\"https:\\\/\\\/kalmarslott.se\\\/da\\\/\",\"name\":\"Kalmar Slott\",\"description\":\"Ett riktigt slott\",\"potentialAction\":[{\"@type\":\"SearchAction\",\"target\":{\"@type\":\"EntryPoint\",\"urlTemplate\":\"https:\\\/\\\/kalmarslott.se\\\/da\\\/?s={search_term_string}\"},\"query-input\":{\"@type\":\"PropertyValueSpecification\",\"valueRequired\":true,\"valueName\":\"search_term_string\"}}],\"inLanguage\":\"da-DK\"}]}<\/script>\n<!-- \/ Yoast SEO plugin. -->","yoast_head_json":{"title":"Kalmar Slots historie - Kalmar Slott","robots":{"index":"index","follow":"follow","max-snippet":"max-snippet:-1","max-image-preview":"max-image-preview:large","max-video-preview":"max-video-preview:-1"},"canonical":"https:\/\/kalmarslott.se\/da\/historie\/kalmar-slots-historie\/","og_locale":"da_DK","og_type":"article","og_title":"Kalmar Slots historie - Kalmar Slott","og_description":"Oplev slottets historie Siden de f\u00f8rste sten blev lagt for 800 \u00e5r siden, har slottet overlevet den dag i dag. Belejringer, kongelige bryllupper, hofintriger, ridderturneringer og kanonkugler. Slottet har set det hele. Tag del af dets fantastiske historie. Oprindelsen Omkring 1180 blev der bygget et forsvarst\u00e5r, et s\u00e5 kallet kastel, p\u00e5 stedet, hvor Kalmar Slot [&hellip;]","og_url":"https:\/\/kalmarslott.se\/da\/historie\/kalmar-slots-historie\/","og_site_name":"Kalmar Slott","article_modified_time":"2026-04-10T11:12:47+00:00","og_image":[{"width":1500,"height":1124,"url":"https:\/\/kalmarslott.se\/wp-content\/uploads\/2024\/10\/ext-int-kalmar-slott-2017-92.jpg","type":"image\/jpeg"}],"twitter_card":"summary_large_image","twitter_misc":{"Estimeret l\u00e6setid":"4 minutter"},"schema":{"@context":"https:\/\/schema.org","@graph":[{"@type":"WebPage","@id":"https:\/\/kalmarslott.se\/da\/historie\/kalmar-slots-historie\/","url":"https:\/\/kalmarslott.se\/da\/historie\/kalmar-slots-historie\/","name":"Kalmar Slots historie - Kalmar Slott","isPartOf":{"@id":"https:\/\/kalmarslott.se\/da\/#website"},"primaryImageOfPage":{"@id":"https:\/\/kalmarslott.se\/da\/historie\/kalmar-slots-historie\/#primaryimage"},"image":{"@id":"https:\/\/kalmarslott.se\/da\/historie\/kalmar-slots-historie\/#primaryimage"},"thumbnailUrl":"https:\/\/kalmarslott.se\/wp-content\/uploads\/2024\/10\/ext-int-kalmar-slott-2017-92.jpg","datePublished":"2022-06-17T08:37:51+00:00","dateModified":"2026-04-10T11:12:47+00:00","breadcrumb":{"@id":"https:\/\/kalmarslott.se\/da\/historie\/kalmar-slots-historie\/#breadcrumb"},"inLanguage":"da-DK","potentialAction":[{"@type":"ReadAction","target":["https:\/\/kalmarslott.se\/da\/historie\/kalmar-slots-historie\/"]}]},{"@type":"ImageObject","inLanguage":"da-DK","@id":"https:\/\/kalmarslott.se\/da\/historie\/kalmar-slots-historie\/#primaryimage","url":"https:\/\/kalmarslott.se\/wp-content\/uploads\/2024\/10\/ext-int-kalmar-slott-2017-92.jpg","contentUrl":"https:\/\/kalmarslott.se\/wp-content\/uploads\/2024\/10\/ext-int-kalmar-slott-2017-92.jpg","width":1500,"height":1124},{"@type":"BreadcrumbList","@id":"https:\/\/kalmarslott.se\/da\/historie\/kalmar-slots-historie\/#breadcrumb","itemListElement":[{"@type":"ListItem","position":1,"name":"Hem","item":"https:\/\/kalmarslott.se\/da\/"},{"@type":"ListItem","position":2,"name":"Historie","item":"https:\/\/kalmarslott.se\/da\/historie\/"},{"@type":"ListItem","position":3,"name":"Kalmar Slots historie"}]},{"@type":"WebSite","@id":"https:\/\/kalmarslott.se\/da\/#website","url":"https:\/\/kalmarslott.se\/da\/","name":"Kalmar Slott","description":"Ett riktigt slott","potentialAction":[{"@type":"SearchAction","target":{"@type":"EntryPoint","urlTemplate":"https:\/\/kalmarslott.se\/da\/?s={search_term_string}"},"query-input":{"@type":"PropertyValueSpecification","valueRequired":true,"valueName":"search_term_string"}}],"inLanguage":"da-DK"}]}},"_links":{"self":[{"href":"https:\/\/kalmarslott.se\/da\/wp-json\/wp\/v2\/pages\/9664","targetHints":{"allow":["GET"]}}],"collection":[{"href":"https:\/\/kalmarslott.se\/da\/wp-json\/wp\/v2\/pages"}],"about":[{"href":"https:\/\/kalmarslott.se\/da\/wp-json\/wp\/v2\/types\/page"}],"author":[{"embeddable":true,"href":"https:\/\/kalmarslott.se\/da\/wp-json\/wp\/v2\/users\/1"}],"replies":[{"embeddable":true,"href":"https:\/\/kalmarslott.se\/da\/wp-json\/wp\/v2\/comments?post=9664"}],"version-history":[{"count":3,"href":"https:\/\/kalmarslott.se\/da\/wp-json\/wp\/v2\/pages\/9664\/revisions"}],"predecessor-version":[{"id":13498,"href":"https:\/\/kalmarslott.se\/da\/wp-json\/wp\/v2\/pages\/9664\/revisions\/13498"}],"up":[{"embeddable":true,"href":"https:\/\/kalmarslott.se\/da\/wp-json\/wp\/v2\/pages\/9657"}],"wp:featuredmedia":[{"embeddable":true,"href":"https:\/\/kalmarslott.se\/da\/wp-json\/wp\/v2\/media\/9666"}],"wp:attachment":[{"href":"https:\/\/kalmarslott.se\/da\/wp-json\/wp\/v2\/media?parent=9664"}],"curies":[{"name":"wp","href":"https:\/\/api.w.org\/{rel}","templated":true}]}}