{"id":9594,"date":"2022-06-10T23:36:37","date_gmt":"2022-06-10T21:36:37","guid":{"rendered":"https:\/\/kalmarslott.se\/?page_id=9594"},"modified":"2024-10-08T16:16:36","modified_gmt":"2024-10-08T14:16:36","slug":"restaurant","status":"publish","type":"page","link":"https:\/\/kalmarslott.se\/da\/restaurant\/","title":{"rendered":"Restaurant"},"content":{"rendered":"<h2>Velkommen til Slotsrestauranten<\/h2>\n<p>P\u00e5 Slotsrestauranten serveres fantastisk mad og uds\u00f8gte desserter. Vi laver vores borde til b\u00e5de sm\u00e5 og store selskaber og vores restaurant vil altid g\u00f8re sit bedste for at g\u00f8re din aften p\u00e5 slottet magisk.<\/p>\n<p>I Slotsrestauranten byder vi p\u00e5 en kulinarisk oplevelse, der er et 800 \u00e5r gammelt slot v\u00e6rdigt. Vi s\u00f8rger for, at vores menu er i overensstemmelse med inspiration, s\u00e6son og tilg\u00e6ngelige r\u00e5varer. Her vil du opleve den bedste mad, lokale delikatesser og unikke smage. Restauranten vil altid fors\u00f8ge at tilbyde noget nyt og sp\u00e6ndende til hvert bes\u00f8g.<\/p>\n<p>En middag kan starte kl. 18 med lidt mingling og pr\u00e6sentation af aftenens menu. Herefter serveres de forskellige retter i r\u00e6kkef\u00f8lge, med tilh\u00f8rende drikkevarer. Du v\u00e6lger selv om du vil have en lille eller en stor menu. N\u00e5r du foretager din reservation, bedes du informere os, hvis nogen af \u200b\u200bjer har allergier, som vi b\u00f8r tage i betragtning.<\/p>\n<h2>Forbehold<\/h2>\n<p>Bordbestilling foretages ved henvendelse p\u00e5 telefon: +46480-102 82 eller e-mail: <a href=\"mailto:slottsrestaurangen@postgatan.nu\">slottsrestaurangen@postgatan.nu<\/a><\/p>\n<p>Virksomheder og virksomheder skal kontakte <a href=\"mailto:kalmarslott@kalmar.com\">kalmarslott@kalmar.com<\/a><\/p>\n","protected":false},"excerpt":{"rendered":"<p>Velkommen til Slotsrestauranten P\u00e5 Slotsrestauranten serveres fantastisk mad og uds\u00f8gte desserter. Vi laver vores borde til b\u00e5de sm\u00e5 og store selskaber og vores restaurant vil altid g\u00f8re sit bedste for at g\u00f8re din aften p\u00e5 slottet magisk. I Slotsrestauranten byder vi p\u00e5 en kulinarisk oplevelse, der er et 800 \u00e5r gammelt slot v\u00e6rdigt. Vi s\u00f8rger [&hellip;]<\/p>\n","protected":false},"author":1,"featured_media":9604,"parent":0,"menu_order":0,"comment_status":"closed","ping_status":"closed","template":"","meta":{"_acf_changed":false,"footnotes":""},"class_list":["post-9594","page","type-page","status-publish","has-post-thumbnail","hentry"],"acf":[],"yoast_head":"<!-- This site is optimized with the Yoast SEO plugin v27.3 - https:\/\/yoast.com\/product\/yoast-seo-wordpress\/ -->\n<title>Restaurant - Kalmar Slott<\/title>\n<meta name=\"robots\" content=\"index, follow, max-snippet:-1, max-image-preview:large, max-video-preview:-1\" \/>\n<link rel=\"canonical\" href=\"https:\/\/kalmarslott.se\/da\/restaurant\/\" \/>\n<meta property=\"og:locale\" content=\"da_DK\" \/>\n<meta property=\"og:type\" content=\"article\" \/>\n<meta property=\"og:title\" content=\"Restaurant - Kalmar Slott\" \/>\n<meta property=\"og:description\" content=\"Velkommen til Slotsrestauranten P\u00e5 Slotsrestauranten serveres fantastisk mad og uds\u00f8gte desserter. Vi laver vores borde til b\u00e5de sm\u00e5 og store selskaber og vores restaurant vil altid g\u00f8re sit bedste for at g\u00f8re din aften p\u00e5 slottet magisk. I Slotsrestauranten byder vi p\u00e5 en kulinarisk oplevelse, der er et 800 \u00e5r gammelt slot v\u00e6rdigt. Vi s\u00f8rger [&hellip;]\" \/>\n<meta property=\"og:url\" content=\"https:\/\/kalmarslott.se\/da\/restaurant\/\" \/>\n<meta property=\"og:site_name\" content=\"Kalmar Slott\" \/>\n<meta property=\"article:modified_time\" content=\"2024-10-08T14:16:36+00:00\" \/>\n<meta property=\"og:image\" content=\"https:\/\/kalmarslott.se\/wp-content\/uploads\/2024\/10\/dscf6815-2-scaled.jpg\" \/>\n\t<meta property=\"og:image:width\" content=\"2560\" \/>\n\t<meta property=\"og:image:height\" content=\"1707\" \/>\n\t<meta property=\"og:image:type\" content=\"image\/jpeg\" \/>\n<meta name=\"twitter:card\" content=\"summary_large_image\" \/>\n<meta name=\"twitter:label1\" content=\"Estimeret l\u00e6setid\" \/>\n\t<meta name=\"twitter:data1\" content=\"2 minutter\" \/>\n<script type=\"application\/ld+json\" class=\"yoast-schema-graph\">{\"@context\":\"https:\\\/\\\/schema.org\",\"@graph\":[{\"@type\":\"WebPage\",\"@id\":\"https:\\\/\\\/kalmarslott.se\\\/da\\\/restaurant\\\/\",\"url\":\"https:\\\/\\\/kalmarslott.se\\\/da\\\/restaurant\\\/\",\"name\":\"Restaurant - Kalmar Slott\",\"isPartOf\":{\"@id\":\"https:\\\/\\\/kalmarslott.se\\\/da\\\/#website\"},\"primaryImageOfPage\":{\"@id\":\"https:\\\/\\\/kalmarslott.se\\\/da\\\/restaurant\\\/#primaryimage\"},\"image\":{\"@id\":\"https:\\\/\\\/kalmarslott.se\\\/da\\\/restaurant\\\/#primaryimage\"},\"thumbnailUrl\":\"https:\\\/\\\/kalmarslott.se\\\/wp-content\\\/uploads\\\/2024\\\/10\\\/dscf6815-2-scaled.jpg\",\"datePublished\":\"2022-06-10T21:36:37+00:00\",\"dateModified\":\"2024-10-08T14:16:36+00:00\",\"breadcrumb\":{\"@id\":\"https:\\\/\\\/kalmarslott.se\\\/da\\\/restaurant\\\/#breadcrumb\"},\"inLanguage\":\"da-DK\",\"potentialAction\":[{\"@type\":\"ReadAction\",\"target\":[\"https:\\\/\\\/kalmarslott.se\\\/da\\\/restaurant\\\/\"]}]},{\"@type\":\"ImageObject\",\"inLanguage\":\"da-DK\",\"@id\":\"https:\\\/\\\/kalmarslott.se\\\/da\\\/restaurant\\\/#primaryimage\",\"url\":\"https:\\\/\\\/kalmarslott.se\\\/wp-content\\\/uploads\\\/2024\\\/10\\\/dscf6815-2-scaled.jpg\",\"contentUrl\":\"https:\\\/\\\/kalmarslott.se\\\/wp-content\\\/uploads\\\/2024\\\/10\\\/dscf6815-2-scaled.jpg\",\"width\":2560,\"height\":1707},{\"@type\":\"BreadcrumbList\",\"@id\":\"https:\\\/\\\/kalmarslott.se\\\/da\\\/restaurant\\\/#breadcrumb\",\"itemListElement\":[{\"@type\":\"ListItem\",\"position\":1,\"name\":\"Hem\",\"item\":\"https:\\\/\\\/kalmarslott.se\\\/da\\\/\"},{\"@type\":\"ListItem\",\"position\":2,\"name\":\"Restaurant\"}]},{\"@type\":\"WebSite\",\"@id\":\"https:\\\/\\\/kalmarslott.se\\\/da\\\/#website\",\"url\":\"https:\\\/\\\/kalmarslott.se\\\/da\\\/\",\"name\":\"Kalmar Slott\",\"description\":\"Ett riktigt slott\",\"potentialAction\":[{\"@type\":\"SearchAction\",\"target\":{\"@type\":\"EntryPoint\",\"urlTemplate\":\"https:\\\/\\\/kalmarslott.se\\\/da\\\/?s={search_term_string}\"},\"query-input\":{\"@type\":\"PropertyValueSpecification\",\"valueRequired\":true,\"valueName\":\"search_term_string\"}}],\"inLanguage\":\"da-DK\"}]}<\/script>\n<!-- \/ Yoast SEO plugin. -->","yoast_head_json":{"title":"Restaurant - Kalmar Slott","robots":{"index":"index","follow":"follow","max-snippet":"max-snippet:-1","max-image-preview":"max-image-preview:large","max-video-preview":"max-video-preview:-1"},"canonical":"https:\/\/kalmarslott.se\/da\/restaurant\/","og_locale":"da_DK","og_type":"article","og_title":"Restaurant - Kalmar Slott","og_description":"Velkommen til Slotsrestauranten P\u00e5 Slotsrestauranten serveres fantastisk mad og uds\u00f8gte desserter. Vi laver vores borde til b\u00e5de sm\u00e5 og store selskaber og vores restaurant vil altid g\u00f8re sit bedste for at g\u00f8re din aften p\u00e5 slottet magisk. I Slotsrestauranten byder vi p\u00e5 en kulinarisk oplevelse, der er et 800 \u00e5r gammelt slot v\u00e6rdigt. Vi s\u00f8rger [&hellip;]","og_url":"https:\/\/kalmarslott.se\/da\/restaurant\/","og_site_name":"Kalmar Slott","article_modified_time":"2024-10-08T14:16:36+00:00","og_image":[{"width":2560,"height":1707,"url":"https:\/\/kalmarslott.se\/wp-content\/uploads\/2024\/10\/dscf6815-2-scaled.jpg","type":"image\/jpeg"}],"twitter_card":"summary_large_image","twitter_misc":{"Estimeret l\u00e6setid":"2 minutter"},"schema":{"@context":"https:\/\/schema.org","@graph":[{"@type":"WebPage","@id":"https:\/\/kalmarslott.se\/da\/restaurant\/","url":"https:\/\/kalmarslott.se\/da\/restaurant\/","name":"Restaurant - Kalmar Slott","isPartOf":{"@id":"https:\/\/kalmarslott.se\/da\/#website"},"primaryImageOfPage":{"@id":"https:\/\/kalmarslott.se\/da\/restaurant\/#primaryimage"},"image":{"@id":"https:\/\/kalmarslott.se\/da\/restaurant\/#primaryimage"},"thumbnailUrl":"https:\/\/kalmarslott.se\/wp-content\/uploads\/2024\/10\/dscf6815-2-scaled.jpg","datePublished":"2022-06-10T21:36:37+00:00","dateModified":"2024-10-08T14:16:36+00:00","breadcrumb":{"@id":"https:\/\/kalmarslott.se\/da\/restaurant\/#breadcrumb"},"inLanguage":"da-DK","potentialAction":[{"@type":"ReadAction","target":["https:\/\/kalmarslott.se\/da\/restaurant\/"]}]},{"@type":"ImageObject","inLanguage":"da-DK","@id":"https:\/\/kalmarslott.se\/da\/restaurant\/#primaryimage","url":"https:\/\/kalmarslott.se\/wp-content\/uploads\/2024\/10\/dscf6815-2-scaled.jpg","contentUrl":"https:\/\/kalmarslott.se\/wp-content\/uploads\/2024\/10\/dscf6815-2-scaled.jpg","width":2560,"height":1707},{"@type":"BreadcrumbList","@id":"https:\/\/kalmarslott.se\/da\/restaurant\/#breadcrumb","itemListElement":[{"@type":"ListItem","position":1,"name":"Hem","item":"https:\/\/kalmarslott.se\/da\/"},{"@type":"ListItem","position":2,"name":"Restaurant"}]},{"@type":"WebSite","@id":"https:\/\/kalmarslott.se\/da\/#website","url":"https:\/\/kalmarslott.se\/da\/","name":"Kalmar Slott","description":"Ett riktigt slott","potentialAction":[{"@type":"SearchAction","target":{"@type":"EntryPoint","urlTemplate":"https:\/\/kalmarslott.se\/da\/?s={search_term_string}"},"query-input":{"@type":"PropertyValueSpecification","valueRequired":true,"valueName":"search_term_string"}}],"inLanguage":"da-DK"}]}},"_links":{"self":[{"href":"https:\/\/kalmarslott.se\/da\/wp-json\/wp\/v2\/pages\/9594","targetHints":{"allow":["GET"]}}],"collection":[{"href":"https:\/\/kalmarslott.se\/da\/wp-json\/wp\/v2\/pages"}],"about":[{"href":"https:\/\/kalmarslott.se\/da\/wp-json\/wp\/v2\/types\/page"}],"author":[{"embeddable":true,"href":"https:\/\/kalmarslott.se\/da\/wp-json\/wp\/v2\/users\/1"}],"replies":[{"embeddable":true,"href":"https:\/\/kalmarslott.se\/da\/wp-json\/wp\/v2\/comments?post=9594"}],"version-history":[{"count":2,"href":"https:\/\/kalmarslott.se\/da\/wp-json\/wp\/v2\/pages\/9594\/revisions"}],"predecessor-version":[{"id":9611,"href":"https:\/\/kalmarslott.se\/da\/wp-json\/wp\/v2\/pages\/9594\/revisions\/9611"}],"wp:featuredmedia":[{"embeddable":true,"href":"https:\/\/kalmarslott.se\/da\/wp-json\/wp\/v2\/media\/9604"}],"wp:attachment":[{"href":"https:\/\/kalmarslott.se\/da\/wp-json\/wp\/v2\/media?parent=9594"}],"curies":[{"name":"wp","href":"https:\/\/api.w.org\/{rel}","templated":true}]}}