{"id":9578,"date":"2022-06-11T00:02:25","date_gmt":"2022-06-10T22:02:25","guid":{"rendered":"https:\/\/kalmarslott.se\/?page_id=9578"},"modified":"2026-03-13T16:06:27","modified_gmt":"2026-03-13T14:06:27","slug":"book","status":"publish","type":"page","link":"https:\/\/kalmarslott.se\/da\/book\/","title":{"rendered":"Book"},"content":{"rendered":"<p>Er I en gruppe, der gerne vil bes\u00f8ge slottet? P\u00e5 Kalmar Slot kan du booke alt fra dine egne guidede ture, konferencer, m\u00f8der til koncerter og borgerlige vielser. Eller hvorfor ikke holde dit kickoff eller middag hos os?<\/p>\n<p>Vi hj\u00e6lper gerne med at sammens\u00e6tte et arrangement, der passer til dig. Du kan finde mere information via menuen.<\/p>\n<p>Kontakt os, hvis du har sp\u00f8rgsm\u00e5l eller vil vide mere om, hvordan vi kan s\u00e6tte prikken over i\u2019et p\u00e5 dit arrangement.<\/p>\n<div style=\"width: 1920px;\" class=\"wp-video\"><video class=\"wp-video-shortcode\" id=\"video-9578-1\" width=\"1920\" height=\"1080\" preload=\"metadata\" controls=\"controls\"><source type=\"video\/mp4\" src=\"https:\/\/kalmarslott.se\/wp-content\/uploads\/2024\/10\/kalmarslottkonferens30sekmaster.mp4?_=1\" \/><a href=\"https:\/\/kalmarslott.se\/wp-content\/uploads\/2024\/10\/kalmarslottkonferens30sekmaster.mp4\">https:\/\/kalmarslott.se\/wp-content\/uploads\/2024\/10\/kalmarslottkonferens30sekmaster.mp4<\/a><\/video><\/div>\n","protected":false},"excerpt":{"rendered":"<p>Er I en gruppe, der gerne vil bes\u00f8ge slottet? P\u00e5 Kalmar Slot kan du booke alt fra dine egne guidede ture, konferencer, m\u00f8der til koncerter og borgerlige vielser. Eller hvorfor ikke holde dit kickoff eller middag hos os? Vi hj\u00e6lper gerne med at sammens\u00e6tte et arrangement, der passer til dig. Du kan finde mere information [&hellip;]<\/p>\n","protected":false},"author":1,"featured_media":9580,"parent":0,"menu_order":0,"comment_status":"closed","ping_status":"closed","template":"","meta":{"_acf_changed":false,"footnotes":""},"class_list":["post-9578","page","type-page","status-publish","has-post-thumbnail","hentry"],"acf":[],"yoast_head":"<!-- This site is optimized with the Yoast SEO plugin v27.5 - https:\/\/yoast.com\/product\/yoast-seo-wordpress\/ -->\n<title>Book - Kalmar Slott<\/title>\n<meta name=\"robots\" content=\"index, follow, max-snippet:-1, max-image-preview:large, max-video-preview:-1\" \/>\n<link rel=\"canonical\" href=\"https:\/\/kalmarslott.se\/da\/book\/\" \/>\n<meta property=\"og:locale\" content=\"da_DK\" \/>\n<meta property=\"og:type\" content=\"article\" \/>\n<meta property=\"og:title\" content=\"Book - Kalmar Slott\" \/>\n<meta property=\"og:description\" content=\"Er I en gruppe, der gerne vil bes\u00f8ge slottet? P\u00e5 Kalmar Slot kan du booke alt fra dine egne guidede ture, konferencer, m\u00f8der til koncerter og borgerlige vielser. Eller hvorfor ikke holde dit kickoff eller middag hos os? Vi hj\u00e6lper gerne med at sammens\u00e6tte et arrangement, der passer til dig. Du kan finde mere information [&hellip;]\" \/>\n<meta property=\"og:url\" content=\"https:\/\/kalmarslott.se\/da\/book\/\" \/>\n<meta property=\"og:site_name\" content=\"Kalmar Slott\" \/>\n<meta property=\"article:modified_time\" content=\"2026-03-13T14:06:27+00:00\" \/>\n<meta property=\"og:image\" content=\"https:\/\/kalmarslott.se\/wp-content\/uploads\/2024\/10\/20211112humlesolkskonferens1519-scaled.jpg\" \/>\n\t<meta property=\"og:image:width\" content=\"2560\" \/>\n\t<meta property=\"og:image:height\" content=\"1707\" \/>\n\t<meta property=\"og:image:type\" content=\"image\/jpeg\" \/>\n<meta name=\"twitter:card\" content=\"summary_large_image\" \/>\n<meta name=\"twitter:label1\" content=\"Estimeret l\u00e6setid\" \/>\n\t<meta name=\"twitter:data1\" content=\"1 minut\" \/>\n<script type=\"application\/ld+json\" class=\"yoast-schema-graph\">{\"@context\":\"https:\\\/\\\/schema.org\",\"@graph\":[{\"@type\":\"WebPage\",\"@id\":\"https:\\\/\\\/kalmarslott.se\\\/da\\\/book\\\/\",\"url\":\"https:\\\/\\\/kalmarslott.se\\\/da\\\/book\\\/\",\"name\":\"Book - Kalmar Slott\",\"isPartOf\":{\"@id\":\"https:\\\/\\\/kalmarslott.se\\\/da\\\/#website\"},\"primaryImageOfPage\":{\"@id\":\"https:\\\/\\\/kalmarslott.se\\\/da\\\/book\\\/#primaryimage\"},\"image\":{\"@id\":\"https:\\\/\\\/kalmarslott.se\\\/da\\\/book\\\/#primaryimage\"},\"thumbnailUrl\":\"https:\\\/\\\/kalmarslott.se\\\/wp-content\\\/uploads\\\/2024\\\/10\\\/20211112humlesolkskonferens1519-scaled.jpg\",\"datePublished\":\"2022-06-10T22:02:25+00:00\",\"dateModified\":\"2026-03-13T14:06:27+00:00\",\"breadcrumb\":{\"@id\":\"https:\\\/\\\/kalmarslott.se\\\/da\\\/book\\\/#breadcrumb\"},\"inLanguage\":\"da-DK\",\"potentialAction\":[{\"@type\":\"ReadAction\",\"target\":[\"https:\\\/\\\/kalmarslott.se\\\/da\\\/book\\\/\"]}]},{\"@type\":\"ImageObject\",\"inLanguage\":\"da-DK\",\"@id\":\"https:\\\/\\\/kalmarslott.se\\\/da\\\/book\\\/#primaryimage\",\"url\":\"https:\\\/\\\/kalmarslott.se\\\/wp-content\\\/uploads\\\/2024\\\/10\\\/20211112humlesolkskonferens1519-scaled.jpg\",\"contentUrl\":\"https:\\\/\\\/kalmarslott.se\\\/wp-content\\\/uploads\\\/2024\\\/10\\\/20211112humlesolkskonferens1519-scaled.jpg\",\"width\":2560,\"height\":1707,\"caption\":\"Adam Humlesol\"},{\"@type\":\"BreadcrumbList\",\"@id\":\"https:\\\/\\\/kalmarslott.se\\\/da\\\/book\\\/#breadcrumb\",\"itemListElement\":[{\"@type\":\"ListItem\",\"position\":1,\"name\":\"Hem\",\"item\":\"https:\\\/\\\/kalmarslott.se\\\/da\\\/\"},{\"@type\":\"ListItem\",\"position\":2,\"name\":\"Book\"}]},{\"@type\":\"WebSite\",\"@id\":\"https:\\\/\\\/kalmarslott.se\\\/da\\\/#website\",\"url\":\"https:\\\/\\\/kalmarslott.se\\\/da\\\/\",\"name\":\"Kalmar Slott\",\"description\":\"Ett riktigt slott\",\"potentialAction\":[{\"@type\":\"SearchAction\",\"target\":{\"@type\":\"EntryPoint\",\"urlTemplate\":\"https:\\\/\\\/kalmarslott.se\\\/da\\\/?s={search_term_string}\"},\"query-input\":{\"@type\":\"PropertyValueSpecification\",\"valueRequired\":true,\"valueName\":\"search_term_string\"}}],\"inLanguage\":\"da-DK\"}]}<\/script>\n<!-- \/ Yoast SEO plugin. -->","yoast_head_json":{"title":"Book - Kalmar Slott","robots":{"index":"index","follow":"follow","max-snippet":"max-snippet:-1","max-image-preview":"max-image-preview:large","max-video-preview":"max-video-preview:-1"},"canonical":"https:\/\/kalmarslott.se\/da\/book\/","og_locale":"da_DK","og_type":"article","og_title":"Book - Kalmar Slott","og_description":"Er I en gruppe, der gerne vil bes\u00f8ge slottet? P\u00e5 Kalmar Slot kan du booke alt fra dine egne guidede ture, konferencer, m\u00f8der til koncerter og borgerlige vielser. Eller hvorfor ikke holde dit kickoff eller middag hos os? Vi hj\u00e6lper gerne med at sammens\u00e6tte et arrangement, der passer til dig. Du kan finde mere information [&hellip;]","og_url":"https:\/\/kalmarslott.se\/da\/book\/","og_site_name":"Kalmar Slott","article_modified_time":"2026-03-13T14:06:27+00:00","og_image":[{"width":2560,"height":1707,"url":"https:\/\/kalmarslott.se\/wp-content\/uploads\/2024\/10\/20211112humlesolkskonferens1519-scaled.jpg","type":"image\/jpeg"}],"twitter_card":"summary_large_image","twitter_misc":{"Estimeret l\u00e6setid":"1 minut"},"schema":{"@context":"https:\/\/schema.org","@graph":[{"@type":"WebPage","@id":"https:\/\/kalmarslott.se\/da\/book\/","url":"https:\/\/kalmarslott.se\/da\/book\/","name":"Book - Kalmar Slott","isPartOf":{"@id":"https:\/\/kalmarslott.se\/da\/#website"},"primaryImageOfPage":{"@id":"https:\/\/kalmarslott.se\/da\/book\/#primaryimage"},"image":{"@id":"https:\/\/kalmarslott.se\/da\/book\/#primaryimage"},"thumbnailUrl":"https:\/\/kalmarslott.se\/wp-content\/uploads\/2024\/10\/20211112humlesolkskonferens1519-scaled.jpg","datePublished":"2022-06-10T22:02:25+00:00","dateModified":"2026-03-13T14:06:27+00:00","breadcrumb":{"@id":"https:\/\/kalmarslott.se\/da\/book\/#breadcrumb"},"inLanguage":"da-DK","potentialAction":[{"@type":"ReadAction","target":["https:\/\/kalmarslott.se\/da\/book\/"]}]},{"@type":"ImageObject","inLanguage":"da-DK","@id":"https:\/\/kalmarslott.se\/da\/book\/#primaryimage","url":"https:\/\/kalmarslott.se\/wp-content\/uploads\/2024\/10\/20211112humlesolkskonferens1519-scaled.jpg","contentUrl":"https:\/\/kalmarslott.se\/wp-content\/uploads\/2024\/10\/20211112humlesolkskonferens1519-scaled.jpg","width":2560,"height":1707,"caption":"Adam Humlesol"},{"@type":"BreadcrumbList","@id":"https:\/\/kalmarslott.se\/da\/book\/#breadcrumb","itemListElement":[{"@type":"ListItem","position":1,"name":"Hem","item":"https:\/\/kalmarslott.se\/da\/"},{"@type":"ListItem","position":2,"name":"Book"}]},{"@type":"WebSite","@id":"https:\/\/kalmarslott.se\/da\/#website","url":"https:\/\/kalmarslott.se\/da\/","name":"Kalmar Slott","description":"Ett riktigt slott","potentialAction":[{"@type":"SearchAction","target":{"@type":"EntryPoint","urlTemplate":"https:\/\/kalmarslott.se\/da\/?s={search_term_string}"},"query-input":{"@type":"PropertyValueSpecification","valueRequired":true,"valueName":"search_term_string"}}],"inLanguage":"da-DK"}]}},"_links":{"self":[{"href":"https:\/\/kalmarslott.se\/da\/wp-json\/wp\/v2\/pages\/9578","targetHints":{"allow":["GET"]}}],"collection":[{"href":"https:\/\/kalmarslott.se\/da\/wp-json\/wp\/v2\/pages"}],"about":[{"href":"https:\/\/kalmarslott.se\/da\/wp-json\/wp\/v2\/types\/page"}],"author":[{"embeddable":true,"href":"https:\/\/kalmarslott.se\/da\/wp-json\/wp\/v2\/users\/1"}],"replies":[{"embeddable":true,"href":"https:\/\/kalmarslott.se\/da\/wp-json\/wp\/v2\/comments?post=9578"}],"version-history":[{"count":2,"href":"https:\/\/kalmarslott.se\/da\/wp-json\/wp\/v2\/pages\/9578\/revisions"}],"predecessor-version":[{"id":13368,"href":"https:\/\/kalmarslott.se\/da\/wp-json\/wp\/v2\/pages\/9578\/revisions\/13368"}],"wp:featuredmedia":[{"embeddable":true,"href":"https:\/\/kalmarslott.se\/da\/wp-json\/wp\/v2\/media\/9580"}],"wp:attachment":[{"href":"https:\/\/kalmarslott.se\/da\/wp-json\/wp\/v2\/media?parent=9578"}],"curies":[{"name":"wp","href":"https:\/\/api.w.org\/{rel}","templated":true}]}}