{"id":9562,"date":"2022-06-17T13:25:41","date_gmt":"2022-06-17T11:25:41","guid":{"rendered":"https:\/\/kalmarslott.se\/?page_id=9562"},"modified":"2024-10-08T15:21:26","modified_gmt":"2024-10-08T13:21:26","slug":"konference","status":"publish","type":"page","link":"https:\/\/kalmarslott.se\/da\/book\/konference\/","title":{"rendered":"Konference"},"content":{"rendered":"<h2>Lad os s\u00e6tte guldkant p\u00e5 jeres dag<\/h2>\n<p>Flere vigtige m\u00f8der har fundet sted p\u00e5 kalmar Slot siden 1397. Helt siden kalmarunionen blev underskrevet p\u00e5 Kalmar Slot har m\u00f8der her v\u00e6ret vigtige for at bidrage til f\u00e6llesskab og samarbejde. At m\u00f8des i en historisk milj\u00f8 er b\u00e5de inspirerende og l\u00e6rende.<\/p>\n<p>Det sagnomspundne Kalmar slots historie str\u00e6kker sig 800 \u00e5r tilbage i tiden. I lang tid var Kalmar Slot en betydelsesfuld forsvarsanl\u00e6ggning, som s\u00e5gar kalledes rigets n\u00f8gle p\u00e5 grund af sin strategiske beliggenhed. Det var her Kalmarunionen blev undertegnet i 1397 og siden da har flere konger regeret her fra slottet. Meget er sket p\u00e5 slottet siden den gang og i dag er Kalmar Slot mere en bare et slot. Lad os forgylde jeres n\u00e6ste event eller konference. Afslut dagen med en kongelig kop kaffe i vores slotsrestaurant eller f\u00e5 en rundvisning gennem slottets historiske sale.<\/p>\n<p>Vi justerer tider og indehold efter jeres \u00f8nsker og vil I afslutte m\u00f8det med en middag, rundvisning eller en teambuilding, s\u00e5 ordner vi ogs\u00e5 det.<\/p>\n<h3>Rejs milj\u00f8venligt<\/h3>\n<p>Tag toget til Kalmar! Fra K\u00f8benhavn \u2013 Kalmar tager det 3.45 timer uden skift!<\/p>\n<h3>Pris eksempel<\/h3>\n<p>Konferencepris for en heldag inklusive kaffe, frukost og entr\u00e9 til slottet \u2013 895 SEK\/person.<\/p>\n<h2>Kontakt mig for mere information!<\/h2>\n<p><strong>Caroline Sj\u00f6berg<\/strong><\/p>\n<p>+4610-357 05 35<br \/>\n<a href=\"mailto:kalmarslott@kalmar.com\">caroline.sjoberg@kalmar.com<\/a><\/p>\n","protected":false},"excerpt":{"rendered":"<p>Lad os s\u00e6tte guldkant p\u00e5 jeres dag Flere vigtige m\u00f8der har fundet sted p\u00e5 kalmar Slot siden 1397. Helt siden kalmarunionen blev underskrevet p\u00e5 Kalmar Slot har m\u00f8der her v\u00e6ret vigtige for at bidrage til f\u00e6llesskab og samarbejde. At m\u00f8des i en historisk milj\u00f8 er b\u00e5de inspirerende og l\u00e6rende. Det sagnomspundne Kalmar slots historie str\u00e6kker [&hellip;]<\/p>\n","protected":false},"author":1,"featured_media":9564,"parent":9578,"menu_order":0,"comment_status":"closed","ping_status":"closed","template":"","meta":{"_acf_changed":false,"footnotes":""},"class_list":["post-9562","page","type-page","status-publish","has-post-thumbnail","hentry"],"acf":[],"yoast_head":"<!-- This site is optimized with the Yoast SEO plugin v27.5 - https:\/\/yoast.com\/product\/yoast-seo-wordpress\/ -->\n<title>Konference - Kalmar Slott<\/title>\n<meta name=\"robots\" content=\"index, follow, max-snippet:-1, max-image-preview:large, max-video-preview:-1\" \/>\n<link rel=\"canonical\" href=\"https:\/\/kalmarslott.se\/da\/book\/konference\/\" \/>\n<meta property=\"og:locale\" content=\"da_DK\" \/>\n<meta property=\"og:type\" content=\"article\" \/>\n<meta property=\"og:title\" content=\"Konference - Kalmar Slott\" \/>\n<meta property=\"og:description\" content=\"Lad os s\u00e6tte guldkant p\u00e5 jeres dag Flere vigtige m\u00f8der har fundet sted p\u00e5 kalmar Slot siden 1397. Helt siden kalmarunionen blev underskrevet p\u00e5 Kalmar Slot har m\u00f8der her v\u00e6ret vigtige for at bidrage til f\u00e6llesskab og samarbejde. At m\u00f8des i en historisk milj\u00f8 er b\u00e5de inspirerende og l\u00e6rende. Det sagnomspundne Kalmar slots historie str\u00e6kker [&hellip;]\" \/>\n<meta property=\"og:url\" content=\"https:\/\/kalmarslott.se\/da\/book\/konference\/\" \/>\n<meta property=\"og:site_name\" content=\"Kalmar Slott\" \/>\n<meta property=\"article:modified_time\" content=\"2024-10-08T13:21:26+00:00\" \/>\n<meta property=\"og:image\" content=\"https:\/\/kalmarslott.se\/wp-content\/uploads\/2024\/10\/20211112humlesolkskonferens0505-scaled.jpg\" \/>\n\t<meta property=\"og:image:width\" content=\"2560\" \/>\n\t<meta property=\"og:image:height\" content=\"1707\" \/>\n\t<meta property=\"og:image:type\" content=\"image\/jpeg\" \/>\n<meta name=\"twitter:card\" content=\"summary_large_image\" \/>\n<meta name=\"twitter:label1\" content=\"Estimeret l\u00e6setid\" \/>\n\t<meta name=\"twitter:data1\" content=\"2 minutter\" \/>\n<script type=\"application\/ld+json\" class=\"yoast-schema-graph\">{\"@context\":\"https:\\\/\\\/schema.org\",\"@graph\":[{\"@type\":\"WebPage\",\"@id\":\"https:\\\/\\\/kalmarslott.se\\\/da\\\/book\\\/konference\\\/\",\"url\":\"https:\\\/\\\/kalmarslott.se\\\/da\\\/book\\\/konference\\\/\",\"name\":\"Konference - Kalmar Slott\",\"isPartOf\":{\"@id\":\"https:\\\/\\\/kalmarslott.se\\\/da\\\/#website\"},\"primaryImageOfPage\":{\"@id\":\"https:\\\/\\\/kalmarslott.se\\\/da\\\/book\\\/konference\\\/#primaryimage\"},\"image\":{\"@id\":\"https:\\\/\\\/kalmarslott.se\\\/da\\\/book\\\/konference\\\/#primaryimage\"},\"thumbnailUrl\":\"https:\\\/\\\/kalmarslott.se\\\/wp-content\\\/uploads\\\/2024\\\/10\\\/20211112humlesolkskonferens0505-scaled.jpg\",\"datePublished\":\"2022-06-17T11:25:41+00:00\",\"dateModified\":\"2024-10-08T13:21:26+00:00\",\"breadcrumb\":{\"@id\":\"https:\\\/\\\/kalmarslott.se\\\/da\\\/book\\\/konference\\\/#breadcrumb\"},\"inLanguage\":\"da-DK\",\"potentialAction\":[{\"@type\":\"ReadAction\",\"target\":[\"https:\\\/\\\/kalmarslott.se\\\/da\\\/book\\\/konference\\\/\"]}]},{\"@type\":\"ImageObject\",\"inLanguage\":\"da-DK\",\"@id\":\"https:\\\/\\\/kalmarslott.se\\\/da\\\/book\\\/konference\\\/#primaryimage\",\"url\":\"https:\\\/\\\/kalmarslott.se\\\/wp-content\\\/uploads\\\/2024\\\/10\\\/20211112humlesolkskonferens0505-scaled.jpg\",\"contentUrl\":\"https:\\\/\\\/kalmarslott.se\\\/wp-content\\\/uploads\\\/2024\\\/10\\\/20211112humlesolkskonferens0505-scaled.jpg\",\"width\":2560,\"height\":1707,\"caption\":\"Adam Humlesol\"},{\"@type\":\"BreadcrumbList\",\"@id\":\"https:\\\/\\\/kalmarslott.se\\\/da\\\/book\\\/konference\\\/#breadcrumb\",\"itemListElement\":[{\"@type\":\"ListItem\",\"position\":1,\"name\":\"Hem\",\"item\":\"https:\\\/\\\/kalmarslott.se\\\/da\\\/\"},{\"@type\":\"ListItem\",\"position\":2,\"name\":\"Konference\"}]},{\"@type\":\"WebSite\",\"@id\":\"https:\\\/\\\/kalmarslott.se\\\/da\\\/#website\",\"url\":\"https:\\\/\\\/kalmarslott.se\\\/da\\\/\",\"name\":\"Kalmar Slott\",\"description\":\"Ett riktigt slott\",\"potentialAction\":[{\"@type\":\"SearchAction\",\"target\":{\"@type\":\"EntryPoint\",\"urlTemplate\":\"https:\\\/\\\/kalmarslott.se\\\/da\\\/?s={search_term_string}\"},\"query-input\":{\"@type\":\"PropertyValueSpecification\",\"valueRequired\":true,\"valueName\":\"search_term_string\"}}],\"inLanguage\":\"da-DK\"}]}<\/script>\n<!-- \/ Yoast SEO plugin. -->","yoast_head_json":{"title":"Konference - Kalmar Slott","robots":{"index":"index","follow":"follow","max-snippet":"max-snippet:-1","max-image-preview":"max-image-preview:large","max-video-preview":"max-video-preview:-1"},"canonical":"https:\/\/kalmarslott.se\/da\/book\/konference\/","og_locale":"da_DK","og_type":"article","og_title":"Konference - Kalmar Slott","og_description":"Lad os s\u00e6tte guldkant p\u00e5 jeres dag Flere vigtige m\u00f8der har fundet sted p\u00e5 kalmar Slot siden 1397. Helt siden kalmarunionen blev underskrevet p\u00e5 Kalmar Slot har m\u00f8der her v\u00e6ret vigtige for at bidrage til f\u00e6llesskab og samarbejde. At m\u00f8des i en historisk milj\u00f8 er b\u00e5de inspirerende og l\u00e6rende. Det sagnomspundne Kalmar slots historie str\u00e6kker [&hellip;]","og_url":"https:\/\/kalmarslott.se\/da\/book\/konference\/","og_site_name":"Kalmar Slott","article_modified_time":"2024-10-08T13:21:26+00:00","og_image":[{"width":2560,"height":1707,"url":"https:\/\/kalmarslott.se\/wp-content\/uploads\/2024\/10\/20211112humlesolkskonferens0505-scaled.jpg","type":"image\/jpeg"}],"twitter_card":"summary_large_image","twitter_misc":{"Estimeret l\u00e6setid":"2 minutter"},"schema":{"@context":"https:\/\/schema.org","@graph":[{"@type":"WebPage","@id":"https:\/\/kalmarslott.se\/da\/book\/konference\/","url":"https:\/\/kalmarslott.se\/da\/book\/konference\/","name":"Konference - Kalmar Slott","isPartOf":{"@id":"https:\/\/kalmarslott.se\/da\/#website"},"primaryImageOfPage":{"@id":"https:\/\/kalmarslott.se\/da\/book\/konference\/#primaryimage"},"image":{"@id":"https:\/\/kalmarslott.se\/da\/book\/konference\/#primaryimage"},"thumbnailUrl":"https:\/\/kalmarslott.se\/wp-content\/uploads\/2024\/10\/20211112humlesolkskonferens0505-scaled.jpg","datePublished":"2022-06-17T11:25:41+00:00","dateModified":"2024-10-08T13:21:26+00:00","breadcrumb":{"@id":"https:\/\/kalmarslott.se\/da\/book\/konference\/#breadcrumb"},"inLanguage":"da-DK","potentialAction":[{"@type":"ReadAction","target":["https:\/\/kalmarslott.se\/da\/book\/konference\/"]}]},{"@type":"ImageObject","inLanguage":"da-DK","@id":"https:\/\/kalmarslott.se\/da\/book\/konference\/#primaryimage","url":"https:\/\/kalmarslott.se\/wp-content\/uploads\/2024\/10\/20211112humlesolkskonferens0505-scaled.jpg","contentUrl":"https:\/\/kalmarslott.se\/wp-content\/uploads\/2024\/10\/20211112humlesolkskonferens0505-scaled.jpg","width":2560,"height":1707,"caption":"Adam Humlesol"},{"@type":"BreadcrumbList","@id":"https:\/\/kalmarslott.se\/da\/book\/konference\/#breadcrumb","itemListElement":[{"@type":"ListItem","position":1,"name":"Hem","item":"https:\/\/kalmarslott.se\/da\/"},{"@type":"ListItem","position":2,"name":"Konference"}]},{"@type":"WebSite","@id":"https:\/\/kalmarslott.se\/da\/#website","url":"https:\/\/kalmarslott.se\/da\/","name":"Kalmar Slott","description":"Ett riktigt slott","potentialAction":[{"@type":"SearchAction","target":{"@type":"EntryPoint","urlTemplate":"https:\/\/kalmarslott.se\/da\/?s={search_term_string}"},"query-input":{"@type":"PropertyValueSpecification","valueRequired":true,"valueName":"search_term_string"}}],"inLanguage":"da-DK"}]}},"_links":{"self":[{"href":"https:\/\/kalmarslott.se\/da\/wp-json\/wp\/v2\/pages\/9562","targetHints":{"allow":["GET"]}}],"collection":[{"href":"https:\/\/kalmarslott.se\/da\/wp-json\/wp\/v2\/pages"}],"about":[{"href":"https:\/\/kalmarslott.se\/da\/wp-json\/wp\/v2\/types\/page"}],"author":[{"embeddable":true,"href":"https:\/\/kalmarslott.se\/da\/wp-json\/wp\/v2\/users\/1"}],"replies":[{"embeddable":true,"href":"https:\/\/kalmarslott.se\/da\/wp-json\/wp\/v2\/comments?post=9562"}],"version-history":[{"count":2,"href":"https:\/\/kalmarslott.se\/da\/wp-json\/wp\/v2\/pages\/9562\/revisions"}],"predecessor-version":[{"id":9577,"href":"https:\/\/kalmarslott.se\/da\/wp-json\/wp\/v2\/pages\/9562\/revisions\/9577"}],"up":[{"embeddable":true,"href":"https:\/\/kalmarslott.se\/da\/wp-json\/wp\/v2\/pages\/9578"}],"wp:featuredmedia":[{"embeddable":true,"href":"https:\/\/kalmarslott.se\/da\/wp-json\/wp\/v2\/media\/9564"}],"wp:attachment":[{"href":"https:\/\/kalmarslott.se\/da\/wp-json\/wp\/v2\/media?parent=9562"}],"curies":[{"name":"wp","href":"https:\/\/api.w.org\/{rel}","templated":true}]}}