{"id":9539,"date":"2022-06-20T10:08:38","date_gmt":"2022-06-20T08:08:38","guid":{"rendered":"https:\/\/kalmarslott.se\/?page_id=9539"},"modified":"2024-10-09T12:26:46","modified_gmt":"2024-10-09T10:26:46","slug":"boernenes-slot","status":"publish","type":"page","link":"https:\/\/kalmarslott.se\/da\/se-goere\/boernenes-slot\/","title":{"rendered":"B\u00f8rnenes slot"},"content":{"rendered":"<h2>Mor dig kongeligt p\u00e5 B\u00f8rnenes slot!<\/h2>\n<p>Om sommeren forvandles Kalmar Slot til b\u00f8rnenes eget slot og bliver fuldt med riddere, prinsesser og g\u00f8jlere. Her kan b\u00f8rn pr\u00f8ve slotskampens 10 forskellige udfordringer, g\u00e5 rundtur i slottet med prinsessen eler f\u00f8lge med p\u00e5 skattejagt.<\/p>\n<p>B\u00f8rnenes slot er \u00e5bent hver dag fra den 23 juni til den 10 august 2025.<\/p>\n<h3>S\u00e5 er det tid for eventyr!<\/h3>\n<p>P\u00e5 den indre borgg\u00e5rd m\u00f8der de bes\u00f8gende kong Erik XVI sammen med hofmusikeren oh herolden. Vasaprinsesserne Sofia og Cecilia tager b\u00f8rnene og deres for\u00e6ldrer med p\u00e5 en sp\u00e6ndende rundtur i slottet. P\u00e5 borgg\u00e5rden og den ydre borgg\u00e5rd findes historiske milj\u00f8er at lege i, alle opbyggede onkring forskellige eventyr og udfordringer i slotskampen. Her f\u00e5r b\u00f8rnene bland andet udfordre den sorte ridder p\u00e5 duel, sl\u00e5s mod dragen med lanse og tr\u00e6kke sv\u00e6rdet af stenen.<\/p>\n<p><img loading=\"lazy\" decoding=\"async\" class=\"alignleft wp-image-9541 size-large\" src=\"https:\/\/kalmarslott.se\/wp-content\/uploads\/2024\/10\/aretsommarfotograf-ludvig-gropp-20-1024x683.jpg\" alt=\"\" width=\"1024\" height=\"683\" srcset=\"https:\/\/kalmarslott.se\/wp-content\/uploads\/2024\/10\/aretsommarfotograf-ludvig-gropp-20-1024x683.jpg 1024w, https:\/\/kalmarslott.se\/wp-content\/uploads\/2024\/10\/aretsommarfotograf-ludvig-gropp-20-300x200.jpg 300w, https:\/\/kalmarslott.se\/wp-content\/uploads\/2024\/10\/aretsommarfotograf-ludvig-gropp-20-768x512.jpg 768w, https:\/\/kalmarslott.se\/wp-content\/uploads\/2024\/10\/aretsommarfotograf-ludvig-gropp-20-1536x1024.jpg 1536w, https:\/\/kalmarslott.se\/wp-content\/uploads\/2024\/10\/aretsommarfotograf-ludvig-gropp-20-2048x1365.jpg 2048w, https:\/\/kalmarslott.se\/wp-content\/uploads\/2024\/10\/aretsommarfotograf-ludvig-gropp-20-600x400.jpg 600w\" sizes=\"auto, (max-width: 1024px) 100vw, 1024px\" \/><\/p>\n<h3>Kongelig garderobe, b\u00f8rnev\u00e6rksted og legeskib<\/h3>\n<p>Nede i borgstugen findes der et b\u00f8rnev\u00e6rksted for maleri, tegning og papirklip. Det er ogs\u00e5 her hele den kongelige garderobe findes. Efter at have gjort alle udfordringer i slotskampen, kan b\u00f8rnene kl\u00e6de sig ud i smukke ren\u00e6ssancedrakter. Derefter bliver de h\u00f8jtideligt dubbede i Sturesalen af prinsessen mens de \u00f8vrige i familien er publikum.<\/p>\n<h3>Det mytiske torn<\/h3>\n<p>Velkommen ind i alkymisten Atros torn med eget laboratorium, fyldt med sp\u00e6ndende ting, b\u00f8ger og eksperimenter. B\u00f8rnene kan deltage i Astros store udfordning fra kongen; at fremstille store m\u00e6ngder guld!<\/p>\n<h3>Udfordring for de yngre b\u00f8rn<\/h3>\n<p>En hemmelig mission er udfordringen for b\u00f8rn mellen 3-6 \u00e5r. Fem udfordringer skal l\u00f8ses p\u00e5 den indre og den ydre borgg\u00e5rd. Afslutningen sker sammen med g\u00f8jleren i en sp\u00e6ndende skattejagt. Hvor leder skattekortet hen og hvem er det egentlig som har sendt b\u00f8rnene ud p\u00e5 denne mission?<\/p>\n<p><img loading=\"lazy\" decoding=\"async\" class=\"alignleft wp-image-9545 size-large\" src=\"https:\/\/kalmarslott.se\/wp-content\/uploads\/2024\/10\/aretsommarfotograf-ludvig-gropp-12-1024x683.jpg\" alt=\"\" width=\"1024\" height=\"683\" srcset=\"https:\/\/kalmarslott.se\/wp-content\/uploads\/2024\/10\/aretsommarfotograf-ludvig-gropp-12-1024x683.jpg 1024w, https:\/\/kalmarslott.se\/wp-content\/uploads\/2024\/10\/aretsommarfotograf-ludvig-gropp-12-300x200.jpg 300w, https:\/\/kalmarslott.se\/wp-content\/uploads\/2024\/10\/aretsommarfotograf-ludvig-gropp-12-768x512.jpg 768w, https:\/\/kalmarslott.se\/wp-content\/uploads\/2024\/10\/aretsommarfotograf-ludvig-gropp-12-1536x1024.jpg 1536w, https:\/\/kalmarslott.se\/wp-content\/uploads\/2024\/10\/aretsommarfotograf-ludvig-gropp-12-2048x1365.jpg 2048w, https:\/\/kalmarslott.se\/wp-content\/uploads\/2024\/10\/aretsommarfotograf-ludvig-gropp-12-600x400.jpg 600w\" sizes=\"auto, (max-width: 1024px) 100vw, 1024px\" \/><\/p>\n<p>&nbsp;<\/p>\n","protected":false},"excerpt":{"rendered":"<p>Mor dig kongeligt p\u00e5 B\u00f8rnenes slot! Om sommeren forvandles Kalmar Slot til b\u00f8rnenes eget slot og bliver fuldt med riddere, prinsesser og g\u00f8jlere. Her kan b\u00f8rn pr\u00f8ve slotskampens 10 forskellige udfordringer, g\u00e5 rundtur i slottet med prinsessen eler f\u00f8lge med p\u00e5 skattejagt. B\u00f8rnenes slot er \u00e5bent hver dag fra den 23 juni til den 10 [&hellip;]<\/p>\n","protected":false},"author":5,"featured_media":9534,"parent":9518,"menu_order":0,"comment_status":"closed","ping_status":"closed","template":"","meta":{"_acf_changed":false,"footnotes":""},"class_list":["post-9539","page","type-page","status-publish","has-post-thumbnail","hentry"],"acf":[],"yoast_head":"<!-- This site is optimized with the Yoast SEO plugin v27.3 - https:\/\/yoast.com\/product\/yoast-seo-wordpress\/ -->\n<title>B\u00f8rnenes slot - Kalmar Slott<\/title>\n<meta name=\"robots\" content=\"index, follow, max-snippet:-1, max-image-preview:large, max-video-preview:-1\" \/>\n<link rel=\"canonical\" href=\"https:\/\/kalmarslott.se\/da\/se-goere\/boernenes-slot\/\" \/>\n<meta property=\"og:locale\" content=\"da_DK\" \/>\n<meta property=\"og:type\" content=\"article\" \/>\n<meta property=\"og:title\" content=\"B\u00f8rnenes slot - Kalmar Slott\" \/>\n<meta property=\"og:description\" content=\"Mor dig kongeligt p\u00e5 B\u00f8rnenes slot! Om sommeren forvandles Kalmar Slot til b\u00f8rnenes eget slot og bliver fuldt med riddere, prinsesser og g\u00f8jlere. Her kan b\u00f8rn pr\u00f8ve slotskampens 10 forskellige udfordringer, g\u00e5 rundtur i slottet med prinsessen eler f\u00f8lge med p\u00e5 skattejagt. B\u00f8rnenes slot er \u00e5bent hver dag fra den 23 juni til den 10 [&hellip;]\" \/>\n<meta property=\"og:url\" content=\"https:\/\/kalmarslott.se\/da\/se-goere\/boernenes-slot\/\" \/>\n<meta property=\"og:site_name\" content=\"Kalmar Slott\" \/>\n<meta property=\"article:modified_time\" content=\"2024-10-09T10:26:46+00:00\" \/>\n<meta property=\"og:image\" content=\"https:\/\/kalmarslott.se\/wp-content\/uploads\/2024\/10\/aretsommarfotograf-ludvig-gropp-8-scaled.jpg\" \/>\n\t<meta property=\"og:image:width\" content=\"1707\" \/>\n\t<meta property=\"og:image:height\" content=\"2560\" \/>\n\t<meta property=\"og:image:type\" content=\"image\/jpeg\" \/>\n<meta name=\"twitter:card\" content=\"summary_large_image\" \/>\n<meta name=\"twitter:label1\" content=\"Estimeret l\u00e6setid\" \/>\n\t<meta name=\"twitter:data1\" content=\"3 minutter\" \/>\n<script type=\"application\/ld+json\" class=\"yoast-schema-graph\">{\"@context\":\"https:\\\/\\\/schema.org\",\"@graph\":[{\"@type\":\"WebPage\",\"@id\":\"https:\\\/\\\/kalmarslott.se\\\/da\\\/se-goere\\\/boernenes-slot\\\/\",\"url\":\"https:\\\/\\\/kalmarslott.se\\\/da\\\/se-goere\\\/boernenes-slot\\\/\",\"name\":\"B\u00f8rnenes slot - Kalmar Slott\",\"isPartOf\":{\"@id\":\"https:\\\/\\\/kalmarslott.se\\\/da\\\/#website\"},\"primaryImageOfPage\":{\"@id\":\"https:\\\/\\\/kalmarslott.se\\\/da\\\/se-goere\\\/boernenes-slot\\\/#primaryimage\"},\"image\":{\"@id\":\"https:\\\/\\\/kalmarslott.se\\\/da\\\/se-goere\\\/boernenes-slot\\\/#primaryimage\"},\"thumbnailUrl\":\"https:\\\/\\\/kalmarslott.se\\\/wp-content\\\/uploads\\\/2024\\\/10\\\/aretsommarfotograf-ludvig-gropp-8-scaled.jpg\",\"datePublished\":\"2022-06-20T08:08:38+00:00\",\"dateModified\":\"2024-10-09T10:26:46+00:00\",\"breadcrumb\":{\"@id\":\"https:\\\/\\\/kalmarslott.se\\\/da\\\/se-goere\\\/boernenes-slot\\\/#breadcrumb\"},\"inLanguage\":\"da-DK\",\"potentialAction\":[{\"@type\":\"ReadAction\",\"target\":[\"https:\\\/\\\/kalmarslott.se\\\/da\\\/se-goere\\\/boernenes-slot\\\/\"]}]},{\"@type\":\"ImageObject\",\"inLanguage\":\"da-DK\",\"@id\":\"https:\\\/\\\/kalmarslott.se\\\/da\\\/se-goere\\\/boernenes-slot\\\/#primaryimage\",\"url\":\"https:\\\/\\\/kalmarslott.se\\\/wp-content\\\/uploads\\\/2024\\\/10\\\/aretsommarfotograf-ludvig-gropp-8-scaled.jpg\",\"contentUrl\":\"https:\\\/\\\/kalmarslott.se\\\/wp-content\\\/uploads\\\/2024\\\/10\\\/aretsommarfotograf-ludvig-gropp-8-scaled.jpg\",\"width\":1707,\"height\":2560},{\"@type\":\"BreadcrumbList\",\"@id\":\"https:\\\/\\\/kalmarslott.se\\\/da\\\/se-goere\\\/boernenes-slot\\\/#breadcrumb\",\"itemListElement\":[{\"@type\":\"ListItem\",\"position\":1,\"name\":\"Hem\",\"item\":\"https:\\\/\\\/kalmarslott.se\\\/da\\\/\"},{\"@type\":\"ListItem\",\"position\":2,\"name\":\"Se &#038; g\u00f8re\",\"item\":\"https:\\\/\\\/kalmarslott.se\\\/da\\\/se-goere\\\/\"},{\"@type\":\"ListItem\",\"position\":3,\"name\":\"B\u00f8rnenes slot\"}]},{\"@type\":\"WebSite\",\"@id\":\"https:\\\/\\\/kalmarslott.se\\\/da\\\/#website\",\"url\":\"https:\\\/\\\/kalmarslott.se\\\/da\\\/\",\"name\":\"Kalmar Slott\",\"description\":\"Ett riktigt slott\",\"potentialAction\":[{\"@type\":\"SearchAction\",\"target\":{\"@type\":\"EntryPoint\",\"urlTemplate\":\"https:\\\/\\\/kalmarslott.se\\\/da\\\/?s={search_term_string}\"},\"query-input\":{\"@type\":\"PropertyValueSpecification\",\"valueRequired\":true,\"valueName\":\"search_term_string\"}}],\"inLanguage\":\"da-DK\"}]}<\/script>\n<!-- \/ Yoast SEO plugin. -->","yoast_head_json":{"title":"B\u00f8rnenes slot - Kalmar Slott","robots":{"index":"index","follow":"follow","max-snippet":"max-snippet:-1","max-image-preview":"max-image-preview:large","max-video-preview":"max-video-preview:-1"},"canonical":"https:\/\/kalmarslott.se\/da\/se-goere\/boernenes-slot\/","og_locale":"da_DK","og_type":"article","og_title":"B\u00f8rnenes slot - Kalmar Slott","og_description":"Mor dig kongeligt p\u00e5 B\u00f8rnenes slot! Om sommeren forvandles Kalmar Slot til b\u00f8rnenes eget slot og bliver fuldt med riddere, prinsesser og g\u00f8jlere. Her kan b\u00f8rn pr\u00f8ve slotskampens 10 forskellige udfordringer, g\u00e5 rundtur i slottet med prinsessen eler f\u00f8lge med p\u00e5 skattejagt. B\u00f8rnenes slot er \u00e5bent hver dag fra den 23 juni til den 10 [&hellip;]","og_url":"https:\/\/kalmarslott.se\/da\/se-goere\/boernenes-slot\/","og_site_name":"Kalmar Slott","article_modified_time":"2024-10-09T10:26:46+00:00","og_image":[{"width":1707,"height":2560,"url":"https:\/\/kalmarslott.se\/wp-content\/uploads\/2024\/10\/aretsommarfotograf-ludvig-gropp-8-scaled.jpg","type":"image\/jpeg"}],"twitter_card":"summary_large_image","twitter_misc":{"Estimeret l\u00e6setid":"3 minutter"},"schema":{"@context":"https:\/\/schema.org","@graph":[{"@type":"WebPage","@id":"https:\/\/kalmarslott.se\/da\/se-goere\/boernenes-slot\/","url":"https:\/\/kalmarslott.se\/da\/se-goere\/boernenes-slot\/","name":"B\u00f8rnenes slot - Kalmar Slott","isPartOf":{"@id":"https:\/\/kalmarslott.se\/da\/#website"},"primaryImageOfPage":{"@id":"https:\/\/kalmarslott.se\/da\/se-goere\/boernenes-slot\/#primaryimage"},"image":{"@id":"https:\/\/kalmarslott.se\/da\/se-goere\/boernenes-slot\/#primaryimage"},"thumbnailUrl":"https:\/\/kalmarslott.se\/wp-content\/uploads\/2024\/10\/aretsommarfotograf-ludvig-gropp-8-scaled.jpg","datePublished":"2022-06-20T08:08:38+00:00","dateModified":"2024-10-09T10:26:46+00:00","breadcrumb":{"@id":"https:\/\/kalmarslott.se\/da\/se-goere\/boernenes-slot\/#breadcrumb"},"inLanguage":"da-DK","potentialAction":[{"@type":"ReadAction","target":["https:\/\/kalmarslott.se\/da\/se-goere\/boernenes-slot\/"]}]},{"@type":"ImageObject","inLanguage":"da-DK","@id":"https:\/\/kalmarslott.se\/da\/se-goere\/boernenes-slot\/#primaryimage","url":"https:\/\/kalmarslott.se\/wp-content\/uploads\/2024\/10\/aretsommarfotograf-ludvig-gropp-8-scaled.jpg","contentUrl":"https:\/\/kalmarslott.se\/wp-content\/uploads\/2024\/10\/aretsommarfotograf-ludvig-gropp-8-scaled.jpg","width":1707,"height":2560},{"@type":"BreadcrumbList","@id":"https:\/\/kalmarslott.se\/da\/se-goere\/boernenes-slot\/#breadcrumb","itemListElement":[{"@type":"ListItem","position":1,"name":"Hem","item":"https:\/\/kalmarslott.se\/da\/"},{"@type":"ListItem","position":2,"name":"Se &#038; g\u00f8re","item":"https:\/\/kalmarslott.se\/da\/se-goere\/"},{"@type":"ListItem","position":3,"name":"B\u00f8rnenes slot"}]},{"@type":"WebSite","@id":"https:\/\/kalmarslott.se\/da\/#website","url":"https:\/\/kalmarslott.se\/da\/","name":"Kalmar Slott","description":"Ett riktigt slott","potentialAction":[{"@type":"SearchAction","target":{"@type":"EntryPoint","urlTemplate":"https:\/\/kalmarslott.se\/da\/?s={search_term_string}"},"query-input":{"@type":"PropertyValueSpecification","valueRequired":true,"valueName":"search_term_string"}}],"inLanguage":"da-DK"}]}},"_links":{"self":[{"href":"https:\/\/kalmarslott.se\/da\/wp-json\/wp\/v2\/pages\/9539","targetHints":{"allow":["GET"]}}],"collection":[{"href":"https:\/\/kalmarslott.se\/da\/wp-json\/wp\/v2\/pages"}],"about":[{"href":"https:\/\/kalmarslott.se\/da\/wp-json\/wp\/v2\/types\/page"}],"author":[{"embeddable":true,"href":"https:\/\/kalmarslott.se\/da\/wp-json\/wp\/v2\/users\/5"}],"replies":[{"embeddable":true,"href":"https:\/\/kalmarslott.se\/da\/wp-json\/wp\/v2\/comments?post=9539"}],"version-history":[{"count":2,"href":"https:\/\/kalmarslott.se\/da\/wp-json\/wp\/v2\/pages\/9539\/revisions"}],"predecessor-version":[{"id":9730,"href":"https:\/\/kalmarslott.se\/da\/wp-json\/wp\/v2\/pages\/9539\/revisions\/9730"}],"up":[{"embeddable":true,"href":"https:\/\/kalmarslott.se\/da\/wp-json\/wp\/v2\/pages\/9518"}],"wp:featuredmedia":[{"embeddable":true,"href":"https:\/\/kalmarslott.se\/da\/wp-json\/wp\/v2\/media\/9534"}],"wp:attachment":[{"href":"https:\/\/kalmarslott.se\/da\/wp-json\/wp\/v2\/media?parent=9539"}],"curies":[{"name":"wp","href":"https:\/\/api.w.org\/{rel}","templated":true}]}}