{"id":9525,"date":"2022-06-23T13:09:28","date_gmt":"2022-06-23T11:09:28","guid":{"rendered":"https:\/\/kalmarslott.se\/?page_id=9525"},"modified":"2025-11-03T10:47:22","modified_gmt":"2025-11-03T08:47:22","slug":"for-boern","status":"publish","type":"page","link":"https:\/\/kalmarslott.se\/da\/se-goere\/for-boern\/","title":{"rendered":"For b\u00f8rn"},"content":{"rendered":"<p><strong>Kalmar Slot er fyldt med sp\u00e6ndende aktiviteter og oplevelser for b\u00f8rn<\/strong><\/p>\n<h2>Billedbingo<\/h2>\n<p>G\u00e5 p\u00e5 opdagelse slottets forskellige sale. De yngre b\u00f8rn kan deltage i slottets billedebingo. Deres udfordring er at finde forem\u00e5lene i de forskellige sale som billederne p\u00e5 bingokortet viser.<\/p>\n<p>Nyhed! Nu kan \u00e6ldre b\u00f8rn gemmenf\u00f8re billedbingoet som en nummerjagt for at finde koden til skattekisten.<\/p>\n<h2><span class=\"TextRun SCXW70898126 BCX9\" lang=\"DA-DK\" xml:lang=\"DA-DK\" data-contrast=\"auto\"><span class=\"NormalTextRun SCXW70898126 BCX9\">Slotskoden<\/span><\/span><\/h2>\n<p><span class=\"TextRun SCXW70898126 BCX9\" lang=\"DA-DK\" xml:lang=\"DA-DK\" data-contrast=\"auto\"><span class=\"NormalTextRun SCXW70898126 BCX9\">Slotskoden er en sp\u00e6ndende sifferjagt gen<\/span><span class=\"NormalTextRun SCXW70898126 BCX9\">n<\/span><span class=\"NormalTextRun SCXW70898126 BCX9\">em slottets sale, trapper og kroge, i\u00a0<\/span><span class=\"NormalTextRun SCXW70898126 BCX9\">k\u00f8levandet af historiske sk\u00e6bner og eventyr. Find ud af koden for at kunde \u00e5bne l\u00e5set til skattekisten.<\/span><\/span><span class=\"LineBreakBlob BlobObject DragDrop SCXW70898126 BCX9\"><span class=\"SCXW70898126 BCX9\">\u00a0<\/span><\/span><\/p>\n<p><span class=\"TextRun SCXW70898126 BCX9\" lang=\"DA-DK\" xml:lang=\"DA-DK\" data-contrast=\"auto\"><span class=\"NormalTextRun SCXW70898126 BCX9\">Passer fra 7 \u00e5r.<\/span><\/span><\/p>\n<h2>B\u00f8rnenes slot<\/h2>\n<p>Om sommeren forvandles Kalmar Slot til b\u00f8rnenes eget slot og bliver fuldt med riddere, prinsesser og g\u00f8jlere. Her kan b\u00f8rn pr\u00f8ve slotskampens 10 forskellige udfordringer, g\u00e5 rundtur i slottet med prinsessen eler f\u00f8lge med p\u00e5 skattejagt. B\u00f8rnenes slot er \u00e5bent hver dag fra den 22 juni til den 9 august 2026.<\/p>\n<div class=\"QcsUad BDJ8fb sMVRZe hCXDsb wneUed\">\n<div class=\"usGWQd\">\n<div class=\"KkbLmb\">\n<div class=\"lRu31\" dir=\"ltr\"><span class=\"HwtZe\" lang=\"da\"><span class=\"HwtZe\" lang=\"da\"><span class=\"jCAhz ChMk0b\"><span class=\"ryNqvb\">L\u00e6s mere om <\/span><\/span><\/span><\/span><a href=\"https:\/\/kalmarslott.se\/da\/se-goere\/boernenes-slot\/\">B\u00f8rnenes slot<\/a>.<\/div>\n<\/div>\n<div dir=\"ltr\"><img loading=\"lazy\" decoding=\"async\" class=\"alignleft wp-image-9534 size-large\" src=\"https:\/\/kalmarslott.se\/wp-content\/uploads\/2024\/10\/aretsommarfotograf-ludvig-gropp-8-683x1024.jpg\" alt=\"\" width=\"683\" height=\"1024\" srcset=\"https:\/\/kalmarslott.se\/wp-content\/uploads\/2024\/10\/aretsommarfotograf-ludvig-gropp-8-683x1024.jpg 683w, https:\/\/kalmarslott.se\/wp-content\/uploads\/2024\/10\/aretsommarfotograf-ludvig-gropp-8-200x300.jpg 200w, https:\/\/kalmarslott.se\/wp-content\/uploads\/2024\/10\/aretsommarfotograf-ludvig-gropp-8-768x1152.jpg 768w, https:\/\/kalmarslott.se\/wp-content\/uploads\/2024\/10\/aretsommarfotograf-ludvig-gropp-8-1024x1536.jpg 1024w, https:\/\/kalmarslott.se\/wp-content\/uploads\/2024\/10\/aretsommarfotograf-ludvig-gropp-8-1365x2048.jpg 1365w, https:\/\/kalmarslott.se\/wp-content\/uploads\/2024\/10\/aretsommarfotograf-ludvig-gropp-8-scaled.jpg 1707w\" sizes=\"auto, (max-width: 683px) 100vw, 683px\" \/><\/div>\n<\/div>\n<\/div>\n","protected":false},"excerpt":{"rendered":"<p>Kalmar Slot er fyldt med sp\u00e6ndende aktiviteter og oplevelser for b\u00f8rn Billedbingo G\u00e5 p\u00e5 opdagelse slottets forskellige sale. De yngre b\u00f8rn kan deltage i slottets billedebingo. Deres udfordring er at finde forem\u00e5lene i de forskellige sale som billederne p\u00e5 bingokortet viser. Nyhed! Nu kan \u00e6ldre b\u00f8rn gemmenf\u00f8re billedbingoet som en nummerjagt for at finde koden [&hellip;]<\/p>\n","protected":false},"author":1,"featured_media":9530,"parent":9518,"menu_order":0,"comment_status":"closed","ping_status":"closed","template":"","meta":{"_acf_changed":false,"footnotes":""},"class_list":["post-9525","page","type-page","status-publish","has-post-thumbnail","hentry"],"acf":[],"yoast_head":"<!-- This site is optimized with the Yoast SEO plugin v27.3 - https:\/\/yoast.com\/product\/yoast-seo-wordpress\/ -->\n<title>For b\u00f8rn - Kalmar Slott<\/title>\n<meta name=\"robots\" content=\"index, follow, max-snippet:-1, max-image-preview:large, max-video-preview:-1\" \/>\n<link rel=\"canonical\" href=\"https:\/\/kalmarslott.se\/da\/se-goere\/for-boern\/\" \/>\n<meta property=\"og:locale\" content=\"da_DK\" \/>\n<meta property=\"og:type\" content=\"article\" \/>\n<meta property=\"og:title\" content=\"For b\u00f8rn - Kalmar Slott\" \/>\n<meta property=\"og:description\" content=\"Kalmar Slot er fyldt med sp\u00e6ndende aktiviteter og oplevelser for b\u00f8rn Billedbingo G\u00e5 p\u00e5 opdagelse slottets forskellige sale. De yngre b\u00f8rn kan deltage i slottets billedebingo. Deres udfordring er at finde forem\u00e5lene i de forskellige sale som billederne p\u00e5 bingokortet viser. Nyhed! Nu kan \u00e6ldre b\u00f8rn gemmenf\u00f8re billedbingoet som en nummerjagt for at finde koden [&hellip;]\" \/>\n<meta property=\"og:url\" content=\"https:\/\/kalmarslott.se\/da\/se-goere\/for-boern\/\" \/>\n<meta property=\"og:site_name\" content=\"Kalmar Slott\" \/>\n<meta property=\"article:modified_time\" content=\"2025-11-03T08:47:22+00:00\" \/>\n<meta property=\"og:image\" content=\"https:\/\/kalmarslott.se\/wp-content\/uploads\/2024\/10\/20240628humlesolksbarnensslott1692-1-scaled.jpg\" \/>\n\t<meta property=\"og:image:width\" content=\"1707\" \/>\n\t<meta property=\"og:image:height\" content=\"2560\" \/>\n\t<meta property=\"og:image:type\" content=\"image\/jpeg\" \/>\n<meta name=\"twitter:card\" content=\"summary_large_image\" \/>\n<meta name=\"twitter:label1\" content=\"Estimeret l\u00e6setid\" \/>\n\t<meta name=\"twitter:data1\" content=\"2 minutter\" \/>\n<script type=\"application\/ld+json\" class=\"yoast-schema-graph\">{\"@context\":\"https:\\\/\\\/schema.org\",\"@graph\":[{\"@type\":\"WebPage\",\"@id\":\"https:\\\/\\\/kalmarslott.se\\\/da\\\/se-goere\\\/for-boern\\\/\",\"url\":\"https:\\\/\\\/kalmarslott.se\\\/da\\\/se-goere\\\/for-boern\\\/\",\"name\":\"For b\u00f8rn - Kalmar Slott\",\"isPartOf\":{\"@id\":\"https:\\\/\\\/kalmarslott.se\\\/da\\\/#website\"},\"primaryImageOfPage\":{\"@id\":\"https:\\\/\\\/kalmarslott.se\\\/da\\\/se-goere\\\/for-boern\\\/#primaryimage\"},\"image\":{\"@id\":\"https:\\\/\\\/kalmarslott.se\\\/da\\\/se-goere\\\/for-boern\\\/#primaryimage\"},\"thumbnailUrl\":\"https:\\\/\\\/kalmarslott.se\\\/wp-content\\\/uploads\\\/2024\\\/10\\\/20240628humlesolksbarnensslott1692-1-scaled.jpg\",\"datePublished\":\"2022-06-23T11:09:28+00:00\",\"dateModified\":\"2025-11-03T08:47:22+00:00\",\"breadcrumb\":{\"@id\":\"https:\\\/\\\/kalmarslott.se\\\/da\\\/se-goere\\\/for-boern\\\/#breadcrumb\"},\"inLanguage\":\"da-DK\",\"potentialAction\":[{\"@type\":\"ReadAction\",\"target\":[\"https:\\\/\\\/kalmarslott.se\\\/da\\\/se-goere\\\/for-boern\\\/\"]}]},{\"@type\":\"ImageObject\",\"inLanguage\":\"da-DK\",\"@id\":\"https:\\\/\\\/kalmarslott.se\\\/da\\\/se-goere\\\/for-boern\\\/#primaryimage\",\"url\":\"https:\\\/\\\/kalmarslott.se\\\/wp-content\\\/uploads\\\/2024\\\/10\\\/20240628humlesolksbarnensslott1692-1-scaled.jpg\",\"contentUrl\":\"https:\\\/\\\/kalmarslott.se\\\/wp-content\\\/uploads\\\/2024\\\/10\\\/20240628humlesolksbarnensslott1692-1-scaled.jpg\",\"width\":1707,\"height\":2560,\"caption\":\"ADAM HUMLESOL\"},{\"@type\":\"BreadcrumbList\",\"@id\":\"https:\\\/\\\/kalmarslott.se\\\/da\\\/se-goere\\\/for-boern\\\/#breadcrumb\",\"itemListElement\":[{\"@type\":\"ListItem\",\"position\":1,\"name\":\"Hem\",\"item\":\"https:\\\/\\\/kalmarslott.se\\\/da\\\/\"},{\"@type\":\"ListItem\",\"position\":2,\"name\":\"Se &#038; g\u00f8re\",\"item\":\"https:\\\/\\\/kalmarslott.se\\\/da\\\/se-goere\\\/\"},{\"@type\":\"ListItem\",\"position\":3,\"name\":\"For b\u00f8rn\"}]},{\"@type\":\"WebSite\",\"@id\":\"https:\\\/\\\/kalmarslott.se\\\/da\\\/#website\",\"url\":\"https:\\\/\\\/kalmarslott.se\\\/da\\\/\",\"name\":\"Kalmar Slott\",\"description\":\"Ett riktigt slott\",\"potentialAction\":[{\"@type\":\"SearchAction\",\"target\":{\"@type\":\"EntryPoint\",\"urlTemplate\":\"https:\\\/\\\/kalmarslott.se\\\/da\\\/?s={search_term_string}\"},\"query-input\":{\"@type\":\"PropertyValueSpecification\",\"valueRequired\":true,\"valueName\":\"search_term_string\"}}],\"inLanguage\":\"da-DK\"}]}<\/script>\n<!-- \/ Yoast SEO plugin. -->","yoast_head_json":{"title":"For b\u00f8rn - Kalmar Slott","robots":{"index":"index","follow":"follow","max-snippet":"max-snippet:-1","max-image-preview":"max-image-preview:large","max-video-preview":"max-video-preview:-1"},"canonical":"https:\/\/kalmarslott.se\/da\/se-goere\/for-boern\/","og_locale":"da_DK","og_type":"article","og_title":"For b\u00f8rn - Kalmar Slott","og_description":"Kalmar Slot er fyldt med sp\u00e6ndende aktiviteter og oplevelser for b\u00f8rn Billedbingo G\u00e5 p\u00e5 opdagelse slottets forskellige sale. De yngre b\u00f8rn kan deltage i slottets billedebingo. Deres udfordring er at finde forem\u00e5lene i de forskellige sale som billederne p\u00e5 bingokortet viser. Nyhed! Nu kan \u00e6ldre b\u00f8rn gemmenf\u00f8re billedbingoet som en nummerjagt for at finde koden [&hellip;]","og_url":"https:\/\/kalmarslott.se\/da\/se-goere\/for-boern\/","og_site_name":"Kalmar Slott","article_modified_time":"2025-11-03T08:47:22+00:00","og_image":[{"width":1707,"height":2560,"url":"https:\/\/kalmarslott.se\/wp-content\/uploads\/2024\/10\/20240628humlesolksbarnensslott1692-1-scaled.jpg","type":"image\/jpeg"}],"twitter_card":"summary_large_image","twitter_misc":{"Estimeret l\u00e6setid":"2 minutter"},"schema":{"@context":"https:\/\/schema.org","@graph":[{"@type":"WebPage","@id":"https:\/\/kalmarslott.se\/da\/se-goere\/for-boern\/","url":"https:\/\/kalmarslott.se\/da\/se-goere\/for-boern\/","name":"For b\u00f8rn - Kalmar Slott","isPartOf":{"@id":"https:\/\/kalmarslott.se\/da\/#website"},"primaryImageOfPage":{"@id":"https:\/\/kalmarslott.se\/da\/se-goere\/for-boern\/#primaryimage"},"image":{"@id":"https:\/\/kalmarslott.se\/da\/se-goere\/for-boern\/#primaryimage"},"thumbnailUrl":"https:\/\/kalmarslott.se\/wp-content\/uploads\/2024\/10\/20240628humlesolksbarnensslott1692-1-scaled.jpg","datePublished":"2022-06-23T11:09:28+00:00","dateModified":"2025-11-03T08:47:22+00:00","breadcrumb":{"@id":"https:\/\/kalmarslott.se\/da\/se-goere\/for-boern\/#breadcrumb"},"inLanguage":"da-DK","potentialAction":[{"@type":"ReadAction","target":["https:\/\/kalmarslott.se\/da\/se-goere\/for-boern\/"]}]},{"@type":"ImageObject","inLanguage":"da-DK","@id":"https:\/\/kalmarslott.se\/da\/se-goere\/for-boern\/#primaryimage","url":"https:\/\/kalmarslott.se\/wp-content\/uploads\/2024\/10\/20240628humlesolksbarnensslott1692-1-scaled.jpg","contentUrl":"https:\/\/kalmarslott.se\/wp-content\/uploads\/2024\/10\/20240628humlesolksbarnensslott1692-1-scaled.jpg","width":1707,"height":2560,"caption":"ADAM HUMLESOL"},{"@type":"BreadcrumbList","@id":"https:\/\/kalmarslott.se\/da\/se-goere\/for-boern\/#breadcrumb","itemListElement":[{"@type":"ListItem","position":1,"name":"Hem","item":"https:\/\/kalmarslott.se\/da\/"},{"@type":"ListItem","position":2,"name":"Se &#038; g\u00f8re","item":"https:\/\/kalmarslott.se\/da\/se-goere\/"},{"@type":"ListItem","position":3,"name":"For b\u00f8rn"}]},{"@type":"WebSite","@id":"https:\/\/kalmarslott.se\/da\/#website","url":"https:\/\/kalmarslott.se\/da\/","name":"Kalmar Slott","description":"Ett riktigt slott","potentialAction":[{"@type":"SearchAction","target":{"@type":"EntryPoint","urlTemplate":"https:\/\/kalmarslott.se\/da\/?s={search_term_string}"},"query-input":{"@type":"PropertyValueSpecification","valueRequired":true,"valueName":"search_term_string"}}],"inLanguage":"da-DK"}]}},"_links":{"self":[{"href":"https:\/\/kalmarslott.se\/da\/wp-json\/wp\/v2\/pages\/9525","targetHints":{"allow":["GET"]}}],"collection":[{"href":"https:\/\/kalmarslott.se\/da\/wp-json\/wp\/v2\/pages"}],"about":[{"href":"https:\/\/kalmarslott.se\/da\/wp-json\/wp\/v2\/types\/page"}],"author":[{"embeddable":true,"href":"https:\/\/kalmarslott.se\/da\/wp-json\/wp\/v2\/users\/1"}],"replies":[{"embeddable":true,"href":"https:\/\/kalmarslott.se\/da\/wp-json\/wp\/v2\/comments?post=9525"}],"version-history":[{"count":7,"href":"https:\/\/kalmarslott.se\/da\/wp-json\/wp\/v2\/pages\/9525\/revisions"}],"predecessor-version":[{"id":12580,"href":"https:\/\/kalmarslott.se\/da\/wp-json\/wp\/v2\/pages\/9525\/revisions\/12580"}],"up":[{"embeddable":true,"href":"https:\/\/kalmarslott.se\/da\/wp-json\/wp\/v2\/pages\/9518"}],"wp:featuredmedia":[{"embeddable":true,"href":"https:\/\/kalmarslott.se\/da\/wp-json\/wp\/v2\/media\/9530"}],"wp:attachment":[{"href":"https:\/\/kalmarslott.se\/da\/wp-json\/wp\/v2\/media?parent=9525"}],"curies":[{"name":"wp","href":"https:\/\/api.w.org\/{rel}","templated":true}]}}