{"id":9518,"date":"2022-06-10T23:33:58","date_gmt":"2022-06-10T21:33:58","guid":{"rendered":"https:\/\/kalmarslott.se\/?page_id=9518"},"modified":"2026-04-10T13:13:29","modified_gmt":"2026-04-10T11:13:29","slug":"se-goere","status":"publish","type":"page","link":"https:\/\/kalmarslott.se\/da\/se-goere\/","title":{"rendered":"Se &#038; g\u00f8re"},"content":{"rendered":"<h2>Kalmars mest gammeldags syn, der er v\u00e6rd at se, har stort set v\u00e6ret u\u00e6ndret siden 1592.<\/h2>\n<p>Men der er stadig masser at opdage! Deltag i vores rundvisninger, oplev de kongelige gemakker, bes\u00f8g fangehullet, tag p\u00e5 en sp\u00f8gelsestur, eller bare slentre langs voldene og nyd den smukke udsigt. Du kan ogs\u00e5 bes\u00f8ge vores faste udstillinger, der fort\u00e6ller historierne om Kalmarunionen, Kalmarkrigen eller Vasa-kongenes guldalder. Eller hvorfor ikke deltage i et af de mange arrangementer, der finder sted i l\u00f8bet af \u00e5ret?<\/p>\n","protected":false},"excerpt":{"rendered":"<p>Kalmars mest gammeldags syn, der er v\u00e6rd at se, har stort set v\u00e6ret u\u00e6ndret siden 1592. Men der er stadig masser at opdage! Deltag i vores rundvisninger, oplev de kongelige gemakker, bes\u00f8g fangehullet, tag p\u00e5 en sp\u00f8gelsestur, eller bare slentre langs voldene og nyd den smukke udsigt. Du kan ogs\u00e5 bes\u00f8ge vores faste udstillinger, der [&hellip;]<\/p>\n","protected":false},"author":5,"featured_media":9520,"parent":0,"menu_order":0,"comment_status":"closed","ping_status":"closed","template":"","meta":{"_acf_changed":false,"footnotes":""},"class_list":["post-9518","page","type-page","status-publish","has-post-thumbnail","hentry"],"acf":[],"yoast_head":"<!-- This site is optimized with the Yoast SEO plugin v27.3 - https:\/\/yoast.com\/product\/yoast-seo-wordpress\/ -->\n<title>Se &amp; g\u00f8re - Kalmar Slott<\/title>\n<meta name=\"robots\" content=\"index, follow, max-snippet:-1, max-image-preview:large, max-video-preview:-1\" \/>\n<link rel=\"canonical\" href=\"https:\/\/kalmarslott.se\/da\/se-goere\/\" \/>\n<meta property=\"og:locale\" content=\"da_DK\" \/>\n<meta property=\"og:type\" content=\"article\" \/>\n<meta property=\"og:title\" content=\"Se &amp; g\u00f8re - Kalmar Slott\" \/>\n<meta property=\"og:description\" content=\"Kalmars mest gammeldags syn, der er v\u00e6rd at se, har stort set v\u00e6ret u\u00e6ndret siden 1592. Men der er stadig masser at opdage! Deltag i vores rundvisninger, oplev de kongelige gemakker, bes\u00f8g fangehullet, tag p\u00e5 en sp\u00f8gelsestur, eller bare slentre langs voldene og nyd den smukke udsigt. Du kan ogs\u00e5 bes\u00f8ge vores faste udstillinger, der [&hellip;]\" \/>\n<meta property=\"og:url\" content=\"https:\/\/kalmarslott.se\/da\/se-goere\/\" \/>\n<meta property=\"og:site_name\" content=\"Kalmar Slott\" \/>\n<meta property=\"article:modified_time\" content=\"2026-04-10T11:13:29+00:00\" \/>\n<meta property=\"og:image\" content=\"https:\/\/kalmarslott.se\/wp-content\/uploads\/2024\/10\/ext-int-kalmar-slott-2017-184.jpg\" \/>\n\t<meta property=\"og:image:width\" content=\"1500\" \/>\n\t<meta property=\"og:image:height\" content=\"977\" \/>\n\t<meta property=\"og:image:type\" content=\"image\/jpeg\" \/>\n<meta name=\"twitter:card\" content=\"summary_large_image\" \/>\n<meta name=\"twitter:label1\" content=\"Estimeret l\u00e6setid\" \/>\n\t<meta name=\"twitter:data1\" content=\"1 minut\" \/>\n<script type=\"application\/ld+json\" class=\"yoast-schema-graph\">{\"@context\":\"https:\\\/\\\/schema.org\",\"@graph\":[{\"@type\":\"WebPage\",\"@id\":\"https:\\\/\\\/kalmarslott.se\\\/da\\\/se-goere\\\/\",\"url\":\"https:\\\/\\\/kalmarslott.se\\\/da\\\/se-goere\\\/\",\"name\":\"Se & g\u00f8re - Kalmar Slott\",\"isPartOf\":{\"@id\":\"https:\\\/\\\/kalmarslott.se\\\/da\\\/#website\"},\"primaryImageOfPage\":{\"@id\":\"https:\\\/\\\/kalmarslott.se\\\/da\\\/se-goere\\\/#primaryimage\"},\"image\":{\"@id\":\"https:\\\/\\\/kalmarslott.se\\\/da\\\/se-goere\\\/#primaryimage\"},\"thumbnailUrl\":\"https:\\\/\\\/kalmarslott.se\\\/wp-content\\\/uploads\\\/2024\\\/10\\\/ext-int-kalmar-slott-2017-184.jpg\",\"datePublished\":\"2022-06-10T21:33:58+00:00\",\"dateModified\":\"2026-04-10T11:13:29+00:00\",\"breadcrumb\":{\"@id\":\"https:\\\/\\\/kalmarslott.se\\\/da\\\/se-goere\\\/#breadcrumb\"},\"inLanguage\":\"da-DK\",\"potentialAction\":[{\"@type\":\"ReadAction\",\"target\":[\"https:\\\/\\\/kalmarslott.se\\\/da\\\/se-goere\\\/\"]}]},{\"@type\":\"ImageObject\",\"inLanguage\":\"da-DK\",\"@id\":\"https:\\\/\\\/kalmarslott.se\\\/da\\\/se-goere\\\/#primaryimage\",\"url\":\"https:\\\/\\\/kalmarslott.se\\\/wp-content\\\/uploads\\\/2024\\\/10\\\/ext-int-kalmar-slott-2017-184.jpg\",\"contentUrl\":\"https:\\\/\\\/kalmarslott.se\\\/wp-content\\\/uploads\\\/2024\\\/10\\\/ext-int-kalmar-slott-2017-184.jpg\",\"width\":1500,\"height\":977},{\"@type\":\"BreadcrumbList\",\"@id\":\"https:\\\/\\\/kalmarslott.se\\\/da\\\/se-goere\\\/#breadcrumb\",\"itemListElement\":[{\"@type\":\"ListItem\",\"position\":1,\"name\":\"Hem\",\"item\":\"https:\\\/\\\/kalmarslott.se\\\/da\\\/\"},{\"@type\":\"ListItem\",\"position\":2,\"name\":\"Se &#038; g\u00f8re\"}]},{\"@type\":\"WebSite\",\"@id\":\"https:\\\/\\\/kalmarslott.se\\\/da\\\/#website\",\"url\":\"https:\\\/\\\/kalmarslott.se\\\/da\\\/\",\"name\":\"Kalmar Slott\",\"description\":\"Ett riktigt slott\",\"potentialAction\":[{\"@type\":\"SearchAction\",\"target\":{\"@type\":\"EntryPoint\",\"urlTemplate\":\"https:\\\/\\\/kalmarslott.se\\\/da\\\/?s={search_term_string}\"},\"query-input\":{\"@type\":\"PropertyValueSpecification\",\"valueRequired\":true,\"valueName\":\"search_term_string\"}}],\"inLanguage\":\"da-DK\"}]}<\/script>\n<!-- \/ Yoast SEO plugin. -->","yoast_head_json":{"title":"Se & g\u00f8re - Kalmar Slott","robots":{"index":"index","follow":"follow","max-snippet":"max-snippet:-1","max-image-preview":"max-image-preview:large","max-video-preview":"max-video-preview:-1"},"canonical":"https:\/\/kalmarslott.se\/da\/se-goere\/","og_locale":"da_DK","og_type":"article","og_title":"Se & g\u00f8re - Kalmar Slott","og_description":"Kalmars mest gammeldags syn, der er v\u00e6rd at se, har stort set v\u00e6ret u\u00e6ndret siden 1592. Men der er stadig masser at opdage! Deltag i vores rundvisninger, oplev de kongelige gemakker, bes\u00f8g fangehullet, tag p\u00e5 en sp\u00f8gelsestur, eller bare slentre langs voldene og nyd den smukke udsigt. Du kan ogs\u00e5 bes\u00f8ge vores faste udstillinger, der [&hellip;]","og_url":"https:\/\/kalmarslott.se\/da\/se-goere\/","og_site_name":"Kalmar Slott","article_modified_time":"2026-04-10T11:13:29+00:00","og_image":[{"width":1500,"height":977,"url":"https:\/\/kalmarslott.se\/wp-content\/uploads\/2024\/10\/ext-int-kalmar-slott-2017-184.jpg","type":"image\/jpeg"}],"twitter_card":"summary_large_image","twitter_misc":{"Estimeret l\u00e6setid":"1 minut"},"schema":{"@context":"https:\/\/schema.org","@graph":[{"@type":"WebPage","@id":"https:\/\/kalmarslott.se\/da\/se-goere\/","url":"https:\/\/kalmarslott.se\/da\/se-goere\/","name":"Se & g\u00f8re - Kalmar Slott","isPartOf":{"@id":"https:\/\/kalmarslott.se\/da\/#website"},"primaryImageOfPage":{"@id":"https:\/\/kalmarslott.se\/da\/se-goere\/#primaryimage"},"image":{"@id":"https:\/\/kalmarslott.se\/da\/se-goere\/#primaryimage"},"thumbnailUrl":"https:\/\/kalmarslott.se\/wp-content\/uploads\/2024\/10\/ext-int-kalmar-slott-2017-184.jpg","datePublished":"2022-06-10T21:33:58+00:00","dateModified":"2026-04-10T11:13:29+00:00","breadcrumb":{"@id":"https:\/\/kalmarslott.se\/da\/se-goere\/#breadcrumb"},"inLanguage":"da-DK","potentialAction":[{"@type":"ReadAction","target":["https:\/\/kalmarslott.se\/da\/se-goere\/"]}]},{"@type":"ImageObject","inLanguage":"da-DK","@id":"https:\/\/kalmarslott.se\/da\/se-goere\/#primaryimage","url":"https:\/\/kalmarslott.se\/wp-content\/uploads\/2024\/10\/ext-int-kalmar-slott-2017-184.jpg","contentUrl":"https:\/\/kalmarslott.se\/wp-content\/uploads\/2024\/10\/ext-int-kalmar-slott-2017-184.jpg","width":1500,"height":977},{"@type":"BreadcrumbList","@id":"https:\/\/kalmarslott.se\/da\/se-goere\/#breadcrumb","itemListElement":[{"@type":"ListItem","position":1,"name":"Hem","item":"https:\/\/kalmarslott.se\/da\/"},{"@type":"ListItem","position":2,"name":"Se &#038; g\u00f8re"}]},{"@type":"WebSite","@id":"https:\/\/kalmarslott.se\/da\/#website","url":"https:\/\/kalmarslott.se\/da\/","name":"Kalmar Slott","description":"Ett riktigt slott","potentialAction":[{"@type":"SearchAction","target":{"@type":"EntryPoint","urlTemplate":"https:\/\/kalmarslott.se\/da\/?s={search_term_string}"},"query-input":{"@type":"PropertyValueSpecification","valueRequired":true,"valueName":"search_term_string"}}],"inLanguage":"da-DK"}]}},"_links":{"self":[{"href":"https:\/\/kalmarslott.se\/da\/wp-json\/wp\/v2\/pages\/9518","targetHints":{"allow":["GET"]}}],"collection":[{"href":"https:\/\/kalmarslott.se\/da\/wp-json\/wp\/v2\/pages"}],"about":[{"href":"https:\/\/kalmarslott.se\/da\/wp-json\/wp\/v2\/types\/page"}],"author":[{"embeddable":true,"href":"https:\/\/kalmarslott.se\/da\/wp-json\/wp\/v2\/users\/5"}],"replies":[{"embeddable":true,"href":"https:\/\/kalmarslott.se\/da\/wp-json\/wp\/v2\/comments?post=9518"}],"version-history":[{"count":2,"href":"https:\/\/kalmarslott.se\/da\/wp-json\/wp\/v2\/pages\/9518\/revisions"}],"predecessor-version":[{"id":13499,"href":"https:\/\/kalmarslott.se\/da\/wp-json\/wp\/v2\/pages\/9518\/revisions\/13499"}],"wp:featuredmedia":[{"embeddable":true,"href":"https:\/\/kalmarslott.se\/da\/wp-json\/wp\/v2\/media\/9520"}],"wp:attachment":[{"href":"https:\/\/kalmarslott.se\/da\/wp-json\/wp\/v2\/media?parent=9518"}],"curies":[{"name":"wp","href":"https:\/\/api.w.org\/{rel}","templated":true}]}}