{"id":9511,"date":"2022-06-16T13:46:44","date_gmt":"2022-06-16T11:46:44","guid":{"rendered":"https:\/\/kalmarslott.se\/?page_id=9511"},"modified":"2024-10-09T16:21:20","modified_gmt":"2024-10-09T14:21:20","slug":"saesonkort","status":"publish","type":"page","link":"https:\/\/kalmarslott.se\/da\/besoeg\/billetpriser\/saesonkort\/","title":{"rendered":"S\u00e6sonkort"},"content":{"rendered":"<h2>K\u00f8b et \u00e5rskort og f\u00e5 fri entr\u00e9 til slottet under et helt \u00e5r!<\/h2>\n<p>Med et \u00e5rskort til Kalmar Slot kan du opleve sp\u00e6ndende udstillinger, guideturer med forskellige temaer, barneventyr og masser af andre aktiviteter \u00e5ret rundt. \u00c5rskortet ger dig fri entr\u00e9 til slottet under et \u00e5rs tid og en anledning at komma tillbaka precis s\u00e5 ofta du vill. Dette g\u00e6lder ogs\u00e5 for sommarens store \u00e4ventyr; Barnens Slott. \u00c5rskortet er desuden en perfekt gave til alle \u00e5ldrar!<\/p>\n<h2>Pris<\/h2>\n<table class=\"table-prices\">\n<tbody>\n<tr>\n<td>Voksen<\/td>\n<td>450 kr<\/td>\n<\/tr>\n<tr>\n<td>Pensionist\/studerende<\/td>\n<td>350 kr<\/td>\n<\/tr>\n<tr>\n<td>B\u00f8rn\/unge under 20 \u00e5r<\/td>\n<td>300 kr<\/td>\n<\/tr>\n<\/tbody>\n<\/table>\n<p>Kortet er personligt og du k\u00f8ber det ved indgangen til slottet eller i Kalmar Turistcenter.<\/p>\n<h2>Information<\/h2>\n<p>\u00c5rskortet giver gratis adgang til Kalmar Slot i et \u00e5r fra k\u00f8bsdatoen. Kortet er personligt og er ikke gyldigt til arrangementer arrangeret af en ekstern arrang\u00f8r eller n\u00e5r billetbestilling er p\u00e5kr\u00e6vet.<\/p>\n","protected":false},"excerpt":{"rendered":"<p>K\u00f8b et \u00e5rskort og f\u00e5 fri entr\u00e9 til slottet under et helt \u00e5r! Med et \u00e5rskort til Kalmar Slot kan du opleve sp\u00e6ndende udstillinger, guideturer med forskellige temaer, barneventyr og masser af andre aktiviteter \u00e5ret rundt. \u00c5rskortet ger dig fri entr\u00e9 til slottet under et \u00e5rs tid og en anledning at komma tillbaka precis s\u00e5 [&hellip;]<\/p>\n","protected":false},"author":5,"featured_media":9513,"parent":9444,"menu_order":0,"comment_status":"closed","ping_status":"closed","template":"","meta":{"_acf_changed":false,"footnotes":""},"class_list":["post-9511","page","type-page","status-publish","has-post-thumbnail","hentry"],"acf":[],"yoast_head":"<!-- This site is optimized with the Yoast SEO plugin v27.3 - https:\/\/yoast.com\/product\/yoast-seo-wordpress\/ -->\n<title>S\u00e6sonkort - Kalmar Slott<\/title>\n<meta name=\"robots\" content=\"index, follow, max-snippet:-1, max-image-preview:large, max-video-preview:-1\" \/>\n<link rel=\"canonical\" href=\"https:\/\/kalmarslott.se\/da\/besoeg\/billetpriser\/saesonkort\/\" \/>\n<meta property=\"og:locale\" content=\"da_DK\" \/>\n<meta property=\"og:type\" content=\"article\" \/>\n<meta property=\"og:title\" content=\"S\u00e6sonkort - Kalmar Slott\" \/>\n<meta property=\"og:description\" content=\"K\u00f8b et \u00e5rskort og f\u00e5 fri entr\u00e9 til slottet under et helt \u00e5r! Med et \u00e5rskort til Kalmar Slot kan du opleve sp\u00e6ndende udstillinger, guideturer med forskellige temaer, barneventyr og masser af andre aktiviteter \u00e5ret rundt. \u00c5rskortet ger dig fri entr\u00e9 til slottet under et \u00e5rs tid og en anledning at komma tillbaka precis s\u00e5 [&hellip;]\" \/>\n<meta property=\"og:url\" content=\"https:\/\/kalmarslott.se\/da\/besoeg\/billetpriser\/saesonkort\/\" \/>\n<meta property=\"og:site_name\" content=\"Kalmar Slott\" \/>\n<meta property=\"article:modified_time\" content=\"2024-10-09T14:21:20+00:00\" \/>\n<meta property=\"og:image\" content=\"https:\/\/kalmarslott.se\/wp-content\/uploads\/2024\/10\/ext-int-kalmar-slott-2017-18.jpg\" \/>\n\t<meta property=\"og:image:width\" content=\"1500\" \/>\n\t<meta property=\"og:image:height\" content=\"1000\" \/>\n\t<meta property=\"og:image:type\" content=\"image\/jpeg\" \/>\n<meta name=\"twitter:card\" content=\"summary_large_image\" \/>\n<meta name=\"twitter:label1\" content=\"Estimeret l\u00e6setid\" \/>\n\t<meta name=\"twitter:data1\" content=\"1 minut\" \/>\n<script type=\"application\/ld+json\" class=\"yoast-schema-graph\">{\"@context\":\"https:\\\/\\\/schema.org\",\"@graph\":[{\"@type\":\"WebPage\",\"@id\":\"https:\\\/\\\/kalmarslott.se\\\/da\\\/besoeg\\\/billetpriser\\\/saesonkort\\\/\",\"url\":\"https:\\\/\\\/kalmarslott.se\\\/da\\\/besoeg\\\/billetpriser\\\/saesonkort\\\/\",\"name\":\"S\u00e6sonkort - Kalmar Slott\",\"isPartOf\":{\"@id\":\"https:\\\/\\\/kalmarslott.se\\\/da\\\/#website\"},\"primaryImageOfPage\":{\"@id\":\"https:\\\/\\\/kalmarslott.se\\\/da\\\/besoeg\\\/billetpriser\\\/saesonkort\\\/#primaryimage\"},\"image\":{\"@id\":\"https:\\\/\\\/kalmarslott.se\\\/da\\\/besoeg\\\/billetpriser\\\/saesonkort\\\/#primaryimage\"},\"thumbnailUrl\":\"https:\\\/\\\/kalmarslott.se\\\/wp-content\\\/uploads\\\/2024\\\/10\\\/ext-int-kalmar-slott-2017-18.jpg\",\"datePublished\":\"2022-06-16T11:46:44+00:00\",\"dateModified\":\"2024-10-09T14:21:20+00:00\",\"breadcrumb\":{\"@id\":\"https:\\\/\\\/kalmarslott.se\\\/da\\\/besoeg\\\/billetpriser\\\/saesonkort\\\/#breadcrumb\"},\"inLanguage\":\"da-DK\",\"potentialAction\":[{\"@type\":\"ReadAction\",\"target\":[\"https:\\\/\\\/kalmarslott.se\\\/da\\\/besoeg\\\/billetpriser\\\/saesonkort\\\/\"]}]},{\"@type\":\"ImageObject\",\"inLanguage\":\"da-DK\",\"@id\":\"https:\\\/\\\/kalmarslott.se\\\/da\\\/besoeg\\\/billetpriser\\\/saesonkort\\\/#primaryimage\",\"url\":\"https:\\\/\\\/kalmarslott.se\\\/wp-content\\\/uploads\\\/2024\\\/10\\\/ext-int-kalmar-slott-2017-18.jpg\",\"contentUrl\":\"https:\\\/\\\/kalmarslott.se\\\/wp-content\\\/uploads\\\/2024\\\/10\\\/ext-int-kalmar-slott-2017-18.jpg\",\"width\":1500,\"height\":1000},{\"@type\":\"BreadcrumbList\",\"@id\":\"https:\\\/\\\/kalmarslott.se\\\/da\\\/besoeg\\\/billetpriser\\\/saesonkort\\\/#breadcrumb\",\"itemListElement\":[{\"@type\":\"ListItem\",\"position\":1,\"name\":\"Hem\",\"item\":\"https:\\\/\\\/kalmarslott.se\\\/da\\\/\"},{\"@type\":\"ListItem\",\"position\":2,\"name\":\"Bes\u00f8g\",\"item\":\"https:\\\/\\\/kalmarslott.se\\\/da\\\/besoeg\\\/\"},{\"@type\":\"ListItem\",\"position\":3,\"name\":\"Billetpriser\",\"item\":\"https:\\\/\\\/kalmarslott.se\\\/da\\\/besoeg\\\/billetpriser\\\/\"},{\"@type\":\"ListItem\",\"position\":4,\"name\":\"S\u00e6sonkort\"}]},{\"@type\":\"WebSite\",\"@id\":\"https:\\\/\\\/kalmarslott.se\\\/da\\\/#website\",\"url\":\"https:\\\/\\\/kalmarslott.se\\\/da\\\/\",\"name\":\"Kalmar Slott\",\"description\":\"Ett riktigt slott\",\"potentialAction\":[{\"@type\":\"SearchAction\",\"target\":{\"@type\":\"EntryPoint\",\"urlTemplate\":\"https:\\\/\\\/kalmarslott.se\\\/da\\\/?s={search_term_string}\"},\"query-input\":{\"@type\":\"PropertyValueSpecification\",\"valueRequired\":true,\"valueName\":\"search_term_string\"}}],\"inLanguage\":\"da-DK\"}]}<\/script>\n<!-- \/ Yoast SEO plugin. -->","yoast_head_json":{"title":"S\u00e6sonkort - Kalmar Slott","robots":{"index":"index","follow":"follow","max-snippet":"max-snippet:-1","max-image-preview":"max-image-preview:large","max-video-preview":"max-video-preview:-1"},"canonical":"https:\/\/kalmarslott.se\/da\/besoeg\/billetpriser\/saesonkort\/","og_locale":"da_DK","og_type":"article","og_title":"S\u00e6sonkort - Kalmar Slott","og_description":"K\u00f8b et \u00e5rskort og f\u00e5 fri entr\u00e9 til slottet under et helt \u00e5r! Med et \u00e5rskort til Kalmar Slot kan du opleve sp\u00e6ndende udstillinger, guideturer med forskellige temaer, barneventyr og masser af andre aktiviteter \u00e5ret rundt. \u00c5rskortet ger dig fri entr\u00e9 til slottet under et \u00e5rs tid og en anledning at komma tillbaka precis s\u00e5 [&hellip;]","og_url":"https:\/\/kalmarslott.se\/da\/besoeg\/billetpriser\/saesonkort\/","og_site_name":"Kalmar Slott","article_modified_time":"2024-10-09T14:21:20+00:00","og_image":[{"width":1500,"height":1000,"url":"https:\/\/kalmarslott.se\/wp-content\/uploads\/2024\/10\/ext-int-kalmar-slott-2017-18.jpg","type":"image\/jpeg"}],"twitter_card":"summary_large_image","twitter_misc":{"Estimeret l\u00e6setid":"1 minut"},"schema":{"@context":"https:\/\/schema.org","@graph":[{"@type":"WebPage","@id":"https:\/\/kalmarslott.se\/da\/besoeg\/billetpriser\/saesonkort\/","url":"https:\/\/kalmarslott.se\/da\/besoeg\/billetpriser\/saesonkort\/","name":"S\u00e6sonkort - Kalmar Slott","isPartOf":{"@id":"https:\/\/kalmarslott.se\/da\/#website"},"primaryImageOfPage":{"@id":"https:\/\/kalmarslott.se\/da\/besoeg\/billetpriser\/saesonkort\/#primaryimage"},"image":{"@id":"https:\/\/kalmarslott.se\/da\/besoeg\/billetpriser\/saesonkort\/#primaryimage"},"thumbnailUrl":"https:\/\/kalmarslott.se\/wp-content\/uploads\/2024\/10\/ext-int-kalmar-slott-2017-18.jpg","datePublished":"2022-06-16T11:46:44+00:00","dateModified":"2024-10-09T14:21:20+00:00","breadcrumb":{"@id":"https:\/\/kalmarslott.se\/da\/besoeg\/billetpriser\/saesonkort\/#breadcrumb"},"inLanguage":"da-DK","potentialAction":[{"@type":"ReadAction","target":["https:\/\/kalmarslott.se\/da\/besoeg\/billetpriser\/saesonkort\/"]}]},{"@type":"ImageObject","inLanguage":"da-DK","@id":"https:\/\/kalmarslott.se\/da\/besoeg\/billetpriser\/saesonkort\/#primaryimage","url":"https:\/\/kalmarslott.se\/wp-content\/uploads\/2024\/10\/ext-int-kalmar-slott-2017-18.jpg","contentUrl":"https:\/\/kalmarslott.se\/wp-content\/uploads\/2024\/10\/ext-int-kalmar-slott-2017-18.jpg","width":1500,"height":1000},{"@type":"BreadcrumbList","@id":"https:\/\/kalmarslott.se\/da\/besoeg\/billetpriser\/saesonkort\/#breadcrumb","itemListElement":[{"@type":"ListItem","position":1,"name":"Hem","item":"https:\/\/kalmarslott.se\/da\/"},{"@type":"ListItem","position":2,"name":"Bes\u00f8g","item":"https:\/\/kalmarslott.se\/da\/besoeg\/"},{"@type":"ListItem","position":3,"name":"Billetpriser","item":"https:\/\/kalmarslott.se\/da\/besoeg\/billetpriser\/"},{"@type":"ListItem","position":4,"name":"S\u00e6sonkort"}]},{"@type":"WebSite","@id":"https:\/\/kalmarslott.se\/da\/#website","url":"https:\/\/kalmarslott.se\/da\/","name":"Kalmar Slott","description":"Ett riktigt slott","potentialAction":[{"@type":"SearchAction","target":{"@type":"EntryPoint","urlTemplate":"https:\/\/kalmarslott.se\/da\/?s={search_term_string}"},"query-input":{"@type":"PropertyValueSpecification","valueRequired":true,"valueName":"search_term_string"}}],"inLanguage":"da-DK"}]}},"_links":{"self":[{"href":"https:\/\/kalmarslott.se\/da\/wp-json\/wp\/v2\/pages\/9511","targetHints":{"allow":["GET"]}}],"collection":[{"href":"https:\/\/kalmarslott.se\/da\/wp-json\/wp\/v2\/pages"}],"about":[{"href":"https:\/\/kalmarslott.se\/da\/wp-json\/wp\/v2\/types\/page"}],"author":[{"embeddable":true,"href":"https:\/\/kalmarslott.se\/da\/wp-json\/wp\/v2\/users\/5"}],"replies":[{"embeddable":true,"href":"https:\/\/kalmarslott.se\/da\/wp-json\/wp\/v2\/comments?post=9511"}],"version-history":[{"count":3,"href":"https:\/\/kalmarslott.se\/da\/wp-json\/wp\/v2\/pages\/9511\/revisions"}],"predecessor-version":[{"id":9757,"href":"https:\/\/kalmarslott.se\/da\/wp-json\/wp\/v2\/pages\/9511\/revisions\/9757"}],"up":[{"embeddable":true,"href":"https:\/\/kalmarslott.se\/da\/wp-json\/wp\/v2\/pages\/9444"}],"wp:featuredmedia":[{"embeddable":true,"href":"https:\/\/kalmarslott.se\/da\/wp-json\/wp\/v2\/media\/9513"}],"wp:attachment":[{"href":"https:\/\/kalmarslott.se\/da\/wp-json\/wp\/v2\/media?parent=9511"}],"curies":[{"name":"wp","href":"https:\/\/api.w.org\/{rel}","templated":true}]}}