{"id":9487,"date":"2022-06-11T14:06:01","date_gmt":"2022-06-11T12:06:01","guid":{"rendered":"https:\/\/kalmarslott.se\/?page_id=9487"},"modified":"2024-10-08T13:18:31","modified_gmt":"2024-10-08T11:18:31","slug":"tilgaengelighed","status":"publish","type":"page","link":"https:\/\/kalmarslott.se\/da\/besoeg\/tilgaengelighed\/","title":{"rendered":"Tilg\u00e6ngelighed"},"content":{"rendered":"<p><strong>Vi p\u00e5 Kalmar Slot arbejder kontinuerligt for at forbedre tilg\u00e6ngligheden for personer med handicap.<\/strong><\/p>\n<p><strong>Vi informerer l\u00f8bende om de forbedringer som g\u00f8res. Her under kan du finde en liste over de hj\u00e6lpemidler og eventuelle hindringer der findes. T\u00f8v ikke at kontakte os p\u00e5 Kalmar Slot hvis du har sp\u00f8rgsm\u00e5l til dit bes\u00f8g.<\/strong><\/p>\n<h2>Handicapparkering<\/h2>\n<p>Handicapparkering findes i enden af slottsall\u00e9en. Afstanden til slotsomr\u00e5det er ca 100 meter. Se under<a href=\"https:\/\/kalmarslott.se\/da\/besoeg\/find-her-hen\/\"> parkering<\/a>\u00a0hvor pladserna er.<\/p>\n<h2>Generelt<\/h2>\n<p>Alle \u00e5bne dele p\u00e5 Kalmar Slot er desv\u00e6rre ikke tilg\u00e6ngelige for bes\u00f8gende med visse handicap. Sidder du i rullestol betaler du halv pris pga. Begr\u00e6nset fremkomelighed. Ledsagere og assistenter har altid gratis entr\u00e9 til slottet. Ingen hunde er tilladt indend\u00f8rs, undtagen lederhunde. Klapstole findes til udl\u00e5ning ved siden af udstillingslokalet. En handicapanpasset toilet findes i den ydre slotsmur. Kontakt personalet hvis I beh\u00f8ver hj\u00e6lp med at finde det.<\/p>\n<h2>Barnevogn<\/h2>\n<p>P\u00e5 grund af slottets kulturhistoriske milj\u00f8 og p\u00e5 grund af evakuering er det ikke tilladt at tage barnevogne med indend\u00f8rs. Barnevogne parkeres p\u00e5 borgg\u00e5rden ved Dronningetrappen. Slottet ansvarer ikke for barnevognene. Det er muligt at l\u00e5ne en b\u00e6resele i slottets butik, mod at du afleverer din legitimation som depositum.<\/p>\n<h2>Bes\u00f8gene med handicap<\/h2>\n<p>Tilg\u00e6ngeligheden p\u00e5 kalmar Slot er med projektet \u201dV\u00e6rdig entr\u00e9\u201d udvidet s\u00e5dan at man med en elevator kan n\u00e5 den gr\u00f8nne sal, slotskirken, borgstugen, Sturesalen og den gyllende sal. Elevatorens m\u00e5l er: D\u00f8r\u00e5bningen er 90 cm, elevatorens golv er 145&#215;167 cm. Ved elevatord\u00f8rren p\u00e5 borgg\u00e5rden findes mulighed at p\u00e5kalde personalet for at f\u00e5 hj\u00e6lp.<\/p>\n<p>I Kalmar Slotsrestaurant (g\u00e6stebudssalen og Admiralitetsk\u00e6lleren) er der ogs\u00e5 en elevator. P\u00e5kald hj\u00e6lp fra restaurantpersonalet, s\u00e5 \u00e5bner de d\u00f8rren som er til venstre om restaurantens indgang.<\/p>\n<p>De \u00f8vrige dele af slottet er endnu ikke er tilg\u00e6ngelige for personer i rullestol. Det er dog tilladt at, hvis g\u00e6sten har mulighed, at tage sig ud af rullestolen og med hj\u00e6lp af sin ledsager lyfte rullestolen videre ind i n\u00e6ste sal for at bes\u00f8ge slottets paradesale og den forbrandte sal. Ledsageren skal f\u00e5 information af slottets personale hvordan ekavuering kan g\u00f8res.<\/p>\n<h2>Trapper<\/h2>\n<p>Kalmar slots \u00e5bne dele har flere etager. Der elevator ikke findes m\u00e5 bes\u00f8gere g\u00e5 i trapper. Fra borgg\u00e5rden til entr\u00e9\/butik er der syv trappetrin.\u00a0 Fra entr\u00e9\/butik til toiletterne er der seks trappetrin fordelt p\u00e5 to afsatser. Fra entr\u00e9\/butik via dronningens trappe op til slottets paradeetage er der firetyve trappetrin fordelt i tre afsatser. Der er mulighed at vile. Fra entr\u00e9\/butik til vores permanente udstilling er der \u00e5tte trappetrin med en afsats.<\/p>\n<h2>H\u00f8reslinge<\/h2>\n<p>For dem der beh\u00f8ver h\u00f8reapparat, benytter vi i den gr\u00f8nne sal (vores konsert og konfenrencesal) af eb traditionel h\u00f8reslinge.<\/p>\n<h2>Rygning<\/h2>\n<p>Det er ikke tilladt at ryge inne p\u00e5 slottet. Heller ikke udend\u00f8res p\u00e5 slotsholmen.<\/p>\n","protected":false},"excerpt":{"rendered":"<p>Vi p\u00e5 Kalmar Slot arbejder kontinuerligt for at forbedre tilg\u00e6ngligheden for personer med handicap. Vi informerer l\u00f8bende om de forbedringer som g\u00f8res. Her under kan du finde en liste over de hj\u00e6lpemidler og eventuelle hindringer der findes. T\u00f8v ikke at kontakte os p\u00e5 Kalmar Slot hvis du har sp\u00f8rgsm\u00e5l til dit bes\u00f8g. Handicapparkering Handicapparkering findes [&hellip;]<\/p>\n","protected":false},"author":5,"featured_media":9488,"parent":9451,"menu_order":0,"comment_status":"closed","ping_status":"closed","template":"","meta":{"_acf_changed":false,"footnotes":""},"class_list":["post-9487","page","type-page","status-publish","has-post-thumbnail","hentry"],"acf":[],"yoast_head":"<!-- This site is optimized with the Yoast SEO plugin v27.3 - https:\/\/yoast.com\/product\/yoast-seo-wordpress\/ -->\n<title>Tilg\u00e6ngelighed - Kalmar Slott<\/title>\n<meta name=\"robots\" content=\"index, follow, max-snippet:-1, max-image-preview:large, max-video-preview:-1\" \/>\n<link rel=\"canonical\" href=\"https:\/\/kalmarslott.se\/da\/besoeg\/tilgaengelighed\/\" \/>\n<meta property=\"og:locale\" content=\"da_DK\" \/>\n<meta property=\"og:type\" content=\"article\" \/>\n<meta property=\"og:title\" content=\"Tilg\u00e6ngelighed - Kalmar Slott\" \/>\n<meta property=\"og:description\" content=\"Vi p\u00e5 Kalmar Slot arbejder kontinuerligt for at forbedre tilg\u00e6ngligheden for personer med handicap. Vi informerer l\u00f8bende om de forbedringer som g\u00f8res. Her under kan du finde en liste over de hj\u00e6lpemidler og eventuelle hindringer der findes. T\u00f8v ikke at kontakte os p\u00e5 Kalmar Slot hvis du har sp\u00f8rgsm\u00e5l til dit bes\u00f8g. Handicapparkering Handicapparkering findes [&hellip;]\" \/>\n<meta property=\"og:url\" content=\"https:\/\/kalmarslott.se\/da\/besoeg\/tilgaengelighed\/\" \/>\n<meta property=\"og:site_name\" content=\"Kalmar Slott\" \/>\n<meta property=\"article:modified_time\" content=\"2024-10-08T11:18:31+00:00\" \/>\n<meta property=\"og:image\" content=\"https:\/\/kalmarslott.se\/wp-content\/uploads\/2024\/10\/ext-int-kalmar-slott-2017-20.jpg\" \/>\n\t<meta property=\"og:image:width\" content=\"1500\" \/>\n\t<meta property=\"og:image:height\" content=\"1000\" \/>\n\t<meta property=\"og:image:type\" content=\"image\/jpeg\" \/>\n<meta name=\"twitter:card\" content=\"summary_large_image\" \/>\n<meta name=\"twitter:label1\" content=\"Estimeret l\u00e6setid\" \/>\n\t<meta name=\"twitter:data1\" content=\"3 minutter\" \/>\n<script type=\"application\/ld+json\" class=\"yoast-schema-graph\">{\"@context\":\"https:\\\/\\\/schema.org\",\"@graph\":[{\"@type\":\"WebPage\",\"@id\":\"https:\\\/\\\/kalmarslott.se\\\/da\\\/besoeg\\\/tilgaengelighed\\\/\",\"url\":\"https:\\\/\\\/kalmarslott.se\\\/da\\\/besoeg\\\/tilgaengelighed\\\/\",\"name\":\"Tilg\u00e6ngelighed - Kalmar Slott\",\"isPartOf\":{\"@id\":\"https:\\\/\\\/kalmarslott.se\\\/da\\\/#website\"},\"primaryImageOfPage\":{\"@id\":\"https:\\\/\\\/kalmarslott.se\\\/da\\\/besoeg\\\/tilgaengelighed\\\/#primaryimage\"},\"image\":{\"@id\":\"https:\\\/\\\/kalmarslott.se\\\/da\\\/besoeg\\\/tilgaengelighed\\\/#primaryimage\"},\"thumbnailUrl\":\"https:\\\/\\\/kalmarslott.se\\\/wp-content\\\/uploads\\\/2024\\\/10\\\/ext-int-kalmar-slott-2017-20.jpg\",\"datePublished\":\"2022-06-11T12:06:01+00:00\",\"dateModified\":\"2024-10-08T11:18:31+00:00\",\"breadcrumb\":{\"@id\":\"https:\\\/\\\/kalmarslott.se\\\/da\\\/besoeg\\\/tilgaengelighed\\\/#breadcrumb\"},\"inLanguage\":\"da-DK\",\"potentialAction\":[{\"@type\":\"ReadAction\",\"target\":[\"https:\\\/\\\/kalmarslott.se\\\/da\\\/besoeg\\\/tilgaengelighed\\\/\"]}]},{\"@type\":\"ImageObject\",\"inLanguage\":\"da-DK\",\"@id\":\"https:\\\/\\\/kalmarslott.se\\\/da\\\/besoeg\\\/tilgaengelighed\\\/#primaryimage\",\"url\":\"https:\\\/\\\/kalmarslott.se\\\/wp-content\\\/uploads\\\/2024\\\/10\\\/ext-int-kalmar-slott-2017-20.jpg\",\"contentUrl\":\"https:\\\/\\\/kalmarslott.se\\\/wp-content\\\/uploads\\\/2024\\\/10\\\/ext-int-kalmar-slott-2017-20.jpg\",\"width\":1500,\"height\":1000},{\"@type\":\"BreadcrumbList\",\"@id\":\"https:\\\/\\\/kalmarslott.se\\\/da\\\/besoeg\\\/tilgaengelighed\\\/#breadcrumb\",\"itemListElement\":[{\"@type\":\"ListItem\",\"position\":1,\"name\":\"Hem\",\"item\":\"https:\\\/\\\/kalmarslott.se\\\/da\\\/\"},{\"@type\":\"ListItem\",\"position\":2,\"name\":\"Bes\u00f8g\",\"item\":\"https:\\\/\\\/kalmarslott.se\\\/da\\\/besoeg\\\/\"},{\"@type\":\"ListItem\",\"position\":3,\"name\":\"Tilg\u00e6ngelighed\"}]},{\"@type\":\"WebSite\",\"@id\":\"https:\\\/\\\/kalmarslott.se\\\/da\\\/#website\",\"url\":\"https:\\\/\\\/kalmarslott.se\\\/da\\\/\",\"name\":\"Kalmar Slott\",\"description\":\"Ett riktigt slott\",\"potentialAction\":[{\"@type\":\"SearchAction\",\"target\":{\"@type\":\"EntryPoint\",\"urlTemplate\":\"https:\\\/\\\/kalmarslott.se\\\/da\\\/?s={search_term_string}\"},\"query-input\":{\"@type\":\"PropertyValueSpecification\",\"valueRequired\":true,\"valueName\":\"search_term_string\"}}],\"inLanguage\":\"da-DK\"}]}<\/script>\n<!-- \/ Yoast SEO plugin. -->","yoast_head_json":{"title":"Tilg\u00e6ngelighed - Kalmar Slott","robots":{"index":"index","follow":"follow","max-snippet":"max-snippet:-1","max-image-preview":"max-image-preview:large","max-video-preview":"max-video-preview:-1"},"canonical":"https:\/\/kalmarslott.se\/da\/besoeg\/tilgaengelighed\/","og_locale":"da_DK","og_type":"article","og_title":"Tilg\u00e6ngelighed - Kalmar Slott","og_description":"Vi p\u00e5 Kalmar Slot arbejder kontinuerligt for at forbedre tilg\u00e6ngligheden for personer med handicap. Vi informerer l\u00f8bende om de forbedringer som g\u00f8res. Her under kan du finde en liste over de hj\u00e6lpemidler og eventuelle hindringer der findes. T\u00f8v ikke at kontakte os p\u00e5 Kalmar Slot hvis du har sp\u00f8rgsm\u00e5l til dit bes\u00f8g. Handicapparkering Handicapparkering findes [&hellip;]","og_url":"https:\/\/kalmarslott.se\/da\/besoeg\/tilgaengelighed\/","og_site_name":"Kalmar Slott","article_modified_time":"2024-10-08T11:18:31+00:00","og_image":[{"width":1500,"height":1000,"url":"https:\/\/kalmarslott.se\/wp-content\/uploads\/2024\/10\/ext-int-kalmar-slott-2017-20.jpg","type":"image\/jpeg"}],"twitter_card":"summary_large_image","twitter_misc":{"Estimeret l\u00e6setid":"3 minutter"},"schema":{"@context":"https:\/\/schema.org","@graph":[{"@type":"WebPage","@id":"https:\/\/kalmarslott.se\/da\/besoeg\/tilgaengelighed\/","url":"https:\/\/kalmarslott.se\/da\/besoeg\/tilgaengelighed\/","name":"Tilg\u00e6ngelighed - Kalmar Slott","isPartOf":{"@id":"https:\/\/kalmarslott.se\/da\/#website"},"primaryImageOfPage":{"@id":"https:\/\/kalmarslott.se\/da\/besoeg\/tilgaengelighed\/#primaryimage"},"image":{"@id":"https:\/\/kalmarslott.se\/da\/besoeg\/tilgaengelighed\/#primaryimage"},"thumbnailUrl":"https:\/\/kalmarslott.se\/wp-content\/uploads\/2024\/10\/ext-int-kalmar-slott-2017-20.jpg","datePublished":"2022-06-11T12:06:01+00:00","dateModified":"2024-10-08T11:18:31+00:00","breadcrumb":{"@id":"https:\/\/kalmarslott.se\/da\/besoeg\/tilgaengelighed\/#breadcrumb"},"inLanguage":"da-DK","potentialAction":[{"@type":"ReadAction","target":["https:\/\/kalmarslott.se\/da\/besoeg\/tilgaengelighed\/"]}]},{"@type":"ImageObject","inLanguage":"da-DK","@id":"https:\/\/kalmarslott.se\/da\/besoeg\/tilgaengelighed\/#primaryimage","url":"https:\/\/kalmarslott.se\/wp-content\/uploads\/2024\/10\/ext-int-kalmar-slott-2017-20.jpg","contentUrl":"https:\/\/kalmarslott.se\/wp-content\/uploads\/2024\/10\/ext-int-kalmar-slott-2017-20.jpg","width":1500,"height":1000},{"@type":"BreadcrumbList","@id":"https:\/\/kalmarslott.se\/da\/besoeg\/tilgaengelighed\/#breadcrumb","itemListElement":[{"@type":"ListItem","position":1,"name":"Hem","item":"https:\/\/kalmarslott.se\/da\/"},{"@type":"ListItem","position":2,"name":"Bes\u00f8g","item":"https:\/\/kalmarslott.se\/da\/besoeg\/"},{"@type":"ListItem","position":3,"name":"Tilg\u00e6ngelighed"}]},{"@type":"WebSite","@id":"https:\/\/kalmarslott.se\/da\/#website","url":"https:\/\/kalmarslott.se\/da\/","name":"Kalmar Slott","description":"Ett riktigt slott","potentialAction":[{"@type":"SearchAction","target":{"@type":"EntryPoint","urlTemplate":"https:\/\/kalmarslott.se\/da\/?s={search_term_string}"},"query-input":{"@type":"PropertyValueSpecification","valueRequired":true,"valueName":"search_term_string"}}],"inLanguage":"da-DK"}]}},"_links":{"self":[{"href":"https:\/\/kalmarslott.se\/da\/wp-json\/wp\/v2\/pages\/9487","targetHints":{"allow":["GET"]}}],"collection":[{"href":"https:\/\/kalmarslott.se\/da\/wp-json\/wp\/v2\/pages"}],"about":[{"href":"https:\/\/kalmarslott.se\/da\/wp-json\/wp\/v2\/types\/page"}],"author":[{"embeddable":true,"href":"https:\/\/kalmarslott.se\/da\/wp-json\/wp\/v2\/users\/5"}],"replies":[{"embeddable":true,"href":"https:\/\/kalmarslott.se\/da\/wp-json\/wp\/v2\/comments?post=9487"}],"version-history":[{"count":2,"href":"https:\/\/kalmarslott.se\/da\/wp-json\/wp\/v2\/pages\/9487\/revisions"}],"predecessor-version":[{"id":9494,"href":"https:\/\/kalmarslott.se\/da\/wp-json\/wp\/v2\/pages\/9487\/revisions\/9494"}],"up":[{"embeddable":true,"href":"https:\/\/kalmarslott.se\/da\/wp-json\/wp\/v2\/pages\/9451"}],"wp:featuredmedia":[{"embeddable":true,"href":"https:\/\/kalmarslott.se\/da\/wp-json\/wp\/v2\/media\/9488"}],"wp:attachment":[{"href":"https:\/\/kalmarslott.se\/da\/wp-json\/wp\/v2\/media?parent=9487"}],"curies":[{"name":"wp","href":"https:\/\/api.w.org\/{rel}","templated":true}]}}